{"id":2117,"date":"2024-12-30T05:53:09","date_gmt":"2024-12-30T05:53:09","guid":{"rendered":"https:\/\/fmp-components.com\/?page_id=8"},"modified":"2024-12-30T06:19:10","modified_gmt":"2024-12-30T06:19:10","slug":"rotary-tiller-gearboxes-replacement-of-comer-code-tlz21j","status":"publish","type":"product","link":"https:\/\/fmp-components.com\/fi\/product\/rotary-tiller-gearboxes-replacement-of-comer-code-tlz21j\/","title":{"rendered":"Py\u00f6rivien maanmuokkauskoneiden vaihteistot \u2013 Comer-koodin TLZ21J vaihto"},"content":{"rendered":"<p><img loading=\"lazy\" decoding=\"async\" class=\"size-full wp-image-2132 aligncenter\" src=\"https:\/\/fmp-components.com\/wp-content\/uploads\/2024\/12\/rotary-tiller-gearbox-TLZ-21J1.webp\" alt=\"jyrsinvaihteisto-TLZ-21J\" width=\"674\" height=\"314\" title=\"\" srcset=\"https:\/\/fmp-components.com\/wp-content\/uploads\/2024\/12\/rotary-tiller-gearbox-TLZ-21J1.webp 674w, https:\/\/fmp-components.com\/wp-content\/uploads\/2024\/12\/rotary-tiller-gearbox-TLZ-21J1-480x224.webp 480w\" sizes=\"(min-width: 0px) and (max-width: 480px) 480px, (min-width: 481px) 674px, 100vw\" \/><\/p>\n<h2>Py\u00f6riv\u00e4n maanmuokkaimen vaihdelaatikon TLZ-21J tekniset tiedot<\/h2>\n<p><img loading=\"lazy\" decoding=\"async\" class=\"alignnone size-full wp-image-2127\" src=\"https:\/\/fmp-components.com\/wp-content\/uploads\/2024\/12\/rotary-tiller-gearbox-TLZ-21J-detail.webp\" alt=\"jyrsin-vaihteisto-TLZ-21J-tiedot\" width=\"936\" height=\"565\" title=\"\" srcset=\"https:\/\/fmp-components.com\/wp-content\/uploads\/2024\/12\/rotary-tiller-gearbox-TLZ-21J-detail.webp 936w, https:\/\/fmp-components.com\/wp-content\/uploads\/2024\/12\/rotary-tiller-gearbox-TLZ-21J-detail-480x290.webp 480w\" sizes=\"(min-width: 0px) and (max-width: 480px) 480px, (min-width: 481px) 936px, 100vw\" \/><\/p>\n<table style=\"width: 101.556%; height: 310px;\" border=\"1\" cellspacing=\"0\" cellpadding=\"0\">\n<tbody>\n<tr>\n<td style=\"width: 58.0851%;\"><strong>min\u00e4<\/strong><\/td>\n<td style=\"width: 41.7021%;\">1.46<\/td>\n<\/tr>\n<tr>\n<td style=\"width: 58.0851%;\"><strong>N<sub>1<\/sub>[rpm]<\/strong><\/td>\n<td style=\"width: 41.7021%;\">540<\/td>\n<\/tr>\n<tr>\n<td style=\"width: 58.0851%;\"><strong>P<sub>1<\/sub>[kW]<\/strong><\/td>\n<td style=\"width: 41.7021%;\">29.4<\/td>\n<\/tr>\n<tr>\n<td style=\"width: 58.0851%;\"><strong>M<sub>2<\/sub>[Nm]<\/strong><\/td>\n<td style=\"width: 41.7021%;\">736<\/td>\n<\/tr>\n<tr>\n<td style=\"width: 58.0851%;\"><strong>Akseli X\u00a0 \u00a0 \u00a0 \u00a0 \u00a0 \u00a0 \u00a0 \u00a0 \u00a0 \u00a0 \u00a0 \u00a0 \u00a0 \u00a0 \u00a0 \u00a0 \u00a0 \u00a0 \u00a0 \u00a0 \u00a0 \u00a0 \u00a0 \u00a0 \u00a0 \u00a0 \u00a0 \u00a0 \u00a0 \u00a0 \u00a0 \u00a0 \u00a0 \u00a0 \u00a0 \u00a0 \u00a0 \u00a0 \u00a0 \u00a0 <img loading=\"lazy\" decoding=\"async\" class=\"alignnone size-full wp-image-2126\" src=\"https:\/\/fmp-components.com\/wp-content\/uploads\/2024\/12\/shaft-x-1.webp\" alt=\"akseli-x \" width=\"81\" height=\"78\" title=\"\" srcset=\"https:\/\/fmp-components.com\/wp-content\/uploads\/2024\/12\/shaft-x-1.webp 81w, https:\/\/fmp-components.com\/wp-content\/uploads\/2024\/12\/shaft-x-1-12x12.webp 12w\" sizes=\"(max-width: 81px) 100vw, 81px\" \/><\/strong><\/td>\n<td style=\"width: 41.7021%;\">1\u201d 3\/8 Z6<\/td>\n<\/tr>\n<tr>\n<td style=\"width: 58.0851%;\"><strong>Akseli Z\u00a0 \u00a0 \u00a0 \u00a0 \u00a0 \u00a0 \u00a0 \u00a0 \u00a0 \u00a0 \u00a0 \u00a0 \u00a0 \u00a0 \u00a0 \u00a0 \u00a0 \u00a0 \u00a0 \u00a0 \u00a0 \u00a0 \u00a0 \u00a0 \u00a0 \u00a0 \u00a0 \u00a0 \u00a0 \u00a0 \u00a0 \u00a0 \u00a0 \u00a0 \u00a0 \u00a0 \u00a0 \u00a0 \u00a0 \u00a0 \u00a0 \u00a0<img loading=\"lazy\" decoding=\"async\" class=\"alignnone size-full wp-image-2125\" src=\"https:\/\/fmp-components.com\/wp-content\/uploads\/2024\/12\/shaft-1.webp\" alt=\"akseli\" width=\"64\" height=\"57\" title=\"\" srcset=\"https:\/\/fmp-components.com\/wp-content\/uploads\/2024\/12\/shaft-1.webp 64w, https:\/\/fmp-components.com\/wp-content\/uploads\/2024\/12\/shaft-1-13x12.webp 13w\" sizes=\"(max-width: 64px) 100vw, 64px\" \/><\/strong><\/td>\n<td style=\"width: 41.7021%;\">36*40<\/td>\n<\/tr>\n<tr>\n<td style=\"width: 58.0851%;\"><strong>Sy\u00f6tt\u00f6<\/strong><\/td>\n<td style=\"width: 41.7021%;\">X<\/td>\n<\/tr>\n<\/tbody>\n<\/table>\n<h2>Miten traktorin voimanottoakselilla toimiva py\u00f6riv\u00e4n maanmuokkaimen vaihteisto toimii?<\/h2>\n<p>Traktorin voimanottoakselilla toimivan jyr\u00e4n vaihteisto toimii siirt\u00e4m\u00e4ll\u00e4 mekaanista voimaa traktorin voimanottoakselilta jyr\u00e4n teriin, mik\u00e4 mahdollistaa tehokkaan maanmuokkauksen. Kun traktori on liikkeess\u00e4, voimanottoakseli py\u00f6rii ja siirt\u00e4\u00e4 py\u00f6rimisenergiaa vaihteistoon, joka sitten jakaa t\u00e4m\u00e4n voiman jyr\u00e4n terille. N\u00e4m\u00e4 ter\u00e4t, jotka on usein suunniteltu py\u00f6riviksi kiekoiksi tai piikeiksi, kaivautuvat maaper\u00e4\u00e4n ja rikkovat sen pienemmiksi hiukkasiksi paremman ilmastuksen ja kylv\u00f6alustan valmistelun saavuttamiseksi.<\/p>\n<p>Vaihteistolla on ratkaiseva rooli sen varmistamisessa, ett\u00e4 voimanottoakselin tuottama py\u00f6rimisnopeus ja v\u00e4\u00e4nt\u00f6momentti muunnetaan ja jaetaan asianmukaisesti jyr\u00e4n terille. Vaihteisto sis\u00e4lt\u00e4\u00e4 tyypillisesti sarjan hammaspy\u00f6ri\u00e4 ja akseleita, jotka on suunniteltu s\u00e4\u00e4t\u00e4m\u00e4\u00e4n nopeutta ja voimaa, mik\u00e4 tarjoaa optimaaliset olosuhteet eri maaper\u00e4tyypeille ja muokkaussyvyyksille. T\u00e4m\u00e4 mahdollistaa jyrsimen tehokkaan toiminnan erilaisissa maatalousolosuhteissa.<\/p>\n<p>Vaihteisto auttaa my\u00f6s yll\u00e4pit\u00e4m\u00e4\u00e4n tasaista py\u00f6rimisnopeutta, mik\u00e4 varmistaa tasaisen toiminnan ja est\u00e4\u00e4 jyr\u00e4n terien ylikuormituksen. Voimanottoakselin tuottama v\u00e4\u00e4nt\u00f6momentti v\u00e4littyy vaihteiston kautta, mik\u00e4 v\u00e4hent\u00e4\u00e4 sek\u00e4 voimanottoakselin ett\u00e4 itse jyr\u00e4n vaurioitumisriski\u00e4. T\u00e4m\u00e4n seurauksena vaihteisto auttaa pident\u00e4m\u00e4\u00e4n sek\u00e4 traktorin ett\u00e4 jyr\u00e4n k\u00e4ytt\u00f6ik\u00e4\u00e4.<\/p>\n<p>Voimansiirron lis\u00e4ksi vaihteisto on suunniteltu kest\u00e4m\u00e4\u00e4n jyrsinkoneiden k\u00e4yt\u00f6n aikana kohtaamia haastavia olosuhteita, kuten vastusta kovalle maaper\u00e4lle tai kiville. Korkealaatuiset materiaalit, kest\u00e4v\u00e4 rakenne ja asianmukainen voitelu varmistavat, ett\u00e4 vaihteisto kest\u00e4\u00e4 k\u00e4yt\u00f6n rasitukset vikaantumatta. S\u00e4\u00e4nn\u00f6llinen huolto, kuten \u00f6ljynvaihdot ja tarkastukset, on v\u00e4ltt\u00e4m\u00e4t\u00f6nt\u00e4 vaihteiston pit\u00e4miseksi optimaalisessa toimintakunnossa.<\/p>\n<p>Kaiken kaikkiaan traktorin voimanottoakselilla toimiva jyrsinvaihteisto on v\u00e4ltt\u00e4m\u00e4t\u00f6n traktorin moottorin tehon muuntamiseksi jyrsinterien py\u00f6ritt\u00e4miseen tarvittavaksi voimaksi. S\u00e4\u00e4telem\u00e4ll\u00e4 nopeutta, v\u00e4\u00e4nt\u00f6momenttia ja tehokkuutta se varmistaa, ett\u00e4 jyrsin toimii tehokkaasti ja minimoi kulumisen maksimoiden tuottavuuden pellolla.<\/p>\n<p><img loading=\"lazy\" decoding=\"async\" class=\"alignnone size-full wp-image-2128\" src=\"https:\/\/fmp-components.com\/wp-content\/uploads\/2024\/12\/Rotary-Tiller-Gearbox-47.webp\" alt=\"Rotary-Tiller-vaihteisto\" width=\"1024\" height=\"600\" title=\"\" srcset=\"https:\/\/fmp-components.com\/wp-content\/uploads\/2024\/12\/Rotary-Tiller-Gearbox-47.webp 1024w, https:\/\/fmp-components.com\/wp-content\/uploads\/2024\/12\/Rotary-Tiller-Gearbox-47-980x574.webp 980w, https:\/\/fmp-components.com\/wp-content\/uploads\/2024\/12\/Rotary-Tiller-Gearbox-47-480x281.webp 480w\" sizes=\"(min-width: 0px) and (max-width: 480px) 480px, (min-width: 481px) and (max-width: 980px) 980px, (min-width: 981px) 1024px, 100vw\" \/><\/p>\n<h2>Traktorin voimanottoakselin py\u00f6riv\u00e4n vaihteiston k\u00e4ytt\u00f6<\/h2>\n<p>Traktorin voimanottoakselilla toimiva jyrsinvaihteisto on nykyaikaisen maatalouden ratkaiseva osa, joka mahdollistaa tehokkaan maanmuokkauksen ja viljelyn. Sen ensisijainen k\u00e4ytt\u00f6kohde on jyrsin, jota k\u00e4ytet\u00e4\u00e4n maan muokkaamiseen ja m\u00f6yhent\u00e4miseen, mik\u00e4 tekee siit\u00e4 ihanteellisen erilaisiin viljelyteht\u00e4viin kylv\u00f6alustasta orgaanisen aineksen sekoittamiseen maaper\u00e4\u00e4n. Alla on lueteltu t\u00e4rkeimm\u00e4t alueet, joilla traktorin voimanottoakselilla toimivaa jyrsinvaihteistoa k\u00e4ytet\u00e4\u00e4n:<\/p>\n<ol>\n<li><strong>Maanmuokkaus ja kylv\u00f6alustan valmistelu<\/strong><br \/>\nYksi traktorin voimanottoakselilla varustetun jyr\u00e4n vaihteiston ensisijaisista k\u00e4ytt\u00f6tarkoituksista on maanmuokkaus. Siirt\u00e4m\u00e4ll\u00e4 voimaa traktorin voimanottoakselilta jyr\u00e4n terille vaihteisto mahdollistaa terien leikkaamisen ja tiivistyneen maaper\u00e4n murskaamisen. T\u00e4m\u00e4 prosessi auttaa valmistamaan maaper\u00e4\u00e4 kylv\u00f6\u00e4 varten varmistamalla asianmukaisen ilmastuksen ja murskaamalla maapaakkuja, mik\u00e4 helpottaa siementen it\u00e4mist\u00e4 ja juurtumista.<\/li>\n<li><strong>Rikkakasvien torjunta<\/strong><br \/>\nVoimanottoakselilla toimivilla vaihteistoilla varustettuja jyrsimi\u00e4 k\u00e4ytet\u00e4\u00e4n my\u00f6s laajalti rikkaruohojen torjuntaan. K\u00e4\u00e4nt\u00e4m\u00e4ll\u00e4 maaper\u00e4\u00e4 ja h\u00e4iritsem\u00e4ll\u00e4 rikkaruohojen juuristoa n\u00e4m\u00e4 jyrsimet auttavat poistamaan ei-toivottua kasvillisuutta ja est\u00e4m\u00e4\u00e4n sen uudelleenkasvua. Vaihteisto varmistaa, ett\u00e4 jyr\u00e4n ter\u00e4t toimivat oikealla nopeudella ja v\u00e4\u00e4nt\u00f6momentilla, jolloin rikkaruohot kitket\u00e4\u00e4n tehokkaasti juurineen vahingoittamatta ymp\u00e4r\u00f6iv\u00e4\u00e4 maaper\u00e4\u00e4.<\/li>\n<li><strong>Orgaanisen aineksen ja lannoitteiden lis\u00e4\u00e4minen<\/strong><br \/>\nToinen merkitt\u00e4v\u00e4 voimanottoakselik\u00e4ytt\u00f6isen jyr\u00e4n vaihteiston sovellus on orgaanisen aineksen (kuten kasvij\u00e4tteiden, kompostin tai lannan) lis\u00e4\u00e4minen maaper\u00e4\u00e4n. Jyr\u00e4n ter\u00e4t sekoittavat orgaanisen aineksen pintamaahan, mik\u00e4 parantaa maaper\u00e4n hedelm\u00e4llisyytt\u00e4 ja rakennetta. T\u00e4m\u00e4 prosessi auttaa my\u00f6s nopeuttamaan hajoamista, mik\u00e4 rikastuttaa maaper\u00e4\u00e4 v\u00e4ltt\u00e4m\u00e4tt\u00f6mill\u00e4 ravinteilla tuleville sadoille.<\/li>\n<li><strong>Kovan maan murskaus<\/strong><br \/>\nTiivistyneill\u00e4 alueilla voimanulosottoa k\u00e4ytt\u00e4v\u00e4 jyr\u00e4n vaihteisto voi olla korvaamaton apu kovien maakerrosten rikkomiseen. Kova maakerros on tihe\u00e4, l\u00e4p\u00e4isem\u00e4t\u00f6n kerros maanpinnan alla, joka rajoittaa juurien kasvua ja veden imeytymist\u00e4. Vaihteisto varmistaa, ett\u00e4 jyr\u00e4n terill\u00e4 on tarvittava teho n\u00e4iden kovien kerrosten l\u00e4pi murtautumiseen, mik\u00e4 helpottaa juurien tunkeutumista ja parantaa maaper\u00e4n vedenpid\u00e4tyskyky\u00e4.<\/li>\n<li><strong>Maanraivaus ja tontin valmistelu<\/strong><br \/>\nPerinteisen maanmuokkauksen lis\u00e4ksi voimanottoakselilla toimivaa jyrsint\u00e4 k\u00e4ytet\u00e4\u00e4n my\u00f6s maanraivauksessa ja maanmuokkauksessa maatalous- tai rakennusty\u00f6mailla. Jyrsimell\u00e4 voidaan raivata kasvillisuutta, rikkoa kivist\u00e4 tai ep\u00e4tasaista maastoa ja valmistella laajoja alueita istutusta tai rakentamista varten. Vaihteisto tarjoaa tarvittavan tehon jyrsinterien k\u00e4ytt\u00e4miseen suurilla nopeuksilla, mik\u00e4 mahdollistaa tehokkaan maanraivauksen my\u00f6s haastavissa olosuhteissa.<\/li>\n<\/ol>\n<p>Traktorin voimanottoakselilla toimiva jyrsin on v\u00e4ltt\u00e4m\u00e4t\u00f6n ty\u00f6kalu monenlaisissa maatalousteht\u00e4viss\u00e4. Se auttaa parantamaan maaper\u00e4n laatua, lis\u00e4\u00e4m\u00e4\u00e4n satoa ja lis\u00e4\u00e4m\u00e4\u00e4n toiminnan tehokkuutta varmistamalla optimaalisen voimansiirron erilaisissa teht\u00e4viss\u00e4, kuten maanmuokkauksessa, rikkaruohojen torjunnassa ja maanmuokkauksessa.<\/p>\n<p><img loading=\"lazy\" decoding=\"async\" class=\"alignnone size-full wp-image-2129\" src=\"https:\/\/fmp-components.com\/wp-content\/uploads\/2024\/12\/Rotary-Tiller-Gearbox-Applications.webp\" alt=\"Py\u00f6riv\u00e4n maanmuokkaimen vaihteistosovellukset\" width=\"1000\" height=\"720\" title=\"\" srcset=\"https:\/\/fmp-components.com\/wp-content\/uploads\/2024\/12\/Rotary-Tiller-Gearbox-Applications.webp 1000w, https:\/\/fmp-components.com\/wp-content\/uploads\/2024\/12\/Rotary-Tiller-Gearbox-Applications-980x706.webp 980w, https:\/\/fmp-components.com\/wp-content\/uploads\/2024\/12\/Rotary-Tiller-Gearbox-Applications-480x346.webp 480w\" sizes=\"(min-width: 0px) and (max-width: 480px) 480px, (min-width: 481px) and (max-width: 980px) 980px, (min-width: 981px) 1000px, 100vw\" \/><\/p>\n<h3>Tietoja FMP:st\u00e4<\/h3>\n<p>Italiassa p\u00e4\u00e4konttoriaan pit\u00e4v\u00e4 FMP on johtava valmistaja, joka tunnetaan asiantuntemuksestaan \u200b\u200bkorkean suorituskyvyn vaihteistojen suunnittelussa, kehitt\u00e4misess\u00e4 ja tuotannossa, keskittyen ensisijaisesti maatalouskonesektoriin. FMP tunnetaan sitoutumisestaan \u200b\u200btarkkuustekniikkaan, innovaatioihin ja vertaansa vailla olevaan luotettavuuteen, ja se on ansainnut vankan maineen toimittamalla ensiluokkaisia \u200b\u200btuotteita, jotka vastaavat sek\u00e4 maatalous- ett\u00e4 teollisuusmarkkinoiden dynaamisiin tarpeisiin. Laaja tuotevalikoimamme sis\u00e4lt\u00e4\u00e4 ruohonleikkureiden, nivelakseleiden ja muiden t\u00e4rkeiden komponenttien erikoisvaihteistoja, jotka kaikki on r\u00e4\u00e4t\u00e4l\u00f6ity tarjoamaan r\u00e4\u00e4t\u00e4l\u00f6ityj\u00e4 ratkaisuja laajaan valikoimaan sovelluksia.<\/p>\n<p>FMP:ll\u00e4 ymm\u00e4rr\u00e4mme, ett\u00e4 jokainen asiakas kohtaa erilaisia \u200b\u200bhaasteita ja vaatimuksia. Siksi olemme erikoistuneet r\u00e4\u00e4t\u00e4l\u00f6ityjen ratkaisujen tarjoamiseen, olipa kyseess\u00e4 sitten yksitt\u00e4iset komponentit tai kokonaiset, integroidut j\u00e4rjestelm\u00e4t. Teemme tiivist\u00e4 yhteisty\u00f6t\u00e4 asiakkaidemme kanssa varmistaaksemme, ett\u00e4 jokainen ratkaisu on paitsi tehokas my\u00f6s tuloksellinen, optimoiden suorituskyvyn ja arvon. Sitoutumisemme nopeisiin ja ammattimaisiin vastauksiin yhdistettyn\u00e4 asiantuntevaan ohjaukseen varmistaa, ett\u00e4 jokainen tiedustelu k\u00e4sitell\u00e4\u00e4n tarkasti ja huolellisesti.<\/p>\n<p>Priorisoimme selke\u00e4\u00e4 ja jatkuvaa viestint\u00e4\u00e4, erityisesti uusia tuotteita kehitett\u00e4ess\u00e4. Omistautunut tiimimme ty\u00f6skentelee suoraan asiakkaiden kanssa ymm\u00e4rt\u00e4\u00e4kseen heid\u00e4n erityistarpeitaan syv\u00e4llisesti ja tarjoaa k\u00e4yt\u00e4nn\u00f6nl\u00e4heisi\u00e4 n\u00e4kemyksi\u00e4, jotka johtavat optimaalisimpiin ratkaisuihin. Olipa kyse sitten huippuluokan tuotteiden suunnittelusta tai jatkuvien tilausten t\u00e4ytt\u00e4misest\u00e4, olemme vakaasti sitoutuneet toimittamaan korkealaatuisia, tarkasti suunniteltuja ratkaisuja nopeasti ja luotettavasti.<\/p>\n<p>FMP:n toiminnan ytimess\u00e4 on horjumaton keskittyminen laatuun. Noudatamme korkeimpia valmistusstandardeja ja k\u00e4yt\u00e4mme tiukkoja laadunvalvontamenettelyj\u00e4 varmistaaksemme, ett\u00e4 jokainen tuote paitsi t\u00e4ytt\u00e4\u00e4 my\u00f6s ylitt\u00e4\u00e4 alan odotukset. Omistautumisemme laatuun yhdistettyn\u00e4 ydinarvoihimme, kuten rehellisyyteen, yhteisty\u00f6h\u00f6n ja sinnikkyyteen, on auttanut meit\u00e4 luomaan vahvoja ja pitk\u00e4aikaisia \u200b\u200basiakassuhteita yli 30 maassa ymp\u00e4ri maailmaa.<\/p>\n<p>FMP on aina avoin globaalien kumppanuuksien edist\u00e4miselle ja on edelleen sitoutunut tarjoamaan asiantuntevaa neuvontaa ja r\u00e4\u00e4t\u00e4l\u00f6ityj\u00e4 ratkaisuja asiakkaidemme moninaisten tarpeiden t\u00e4ytt\u00e4miseksi. Emme tyydy pelk\u00e4st\u00e4\u00e4n tuotteiden toimittamiseen \u2013 pyrimme rakentamaan kest\u00e4vi\u00e4 ja merkityksellisi\u00e4 suhteita, jotka edist\u00e4v\u00e4t jokaisen projektin onnistumista. Etsitp\u00e4 sitten innovatiivisia ratkaisuja uuteen aloitteeseen tai jatkuvaa tukea olemassa olevalle j\u00e4rjestelm\u00e4lle, FMP on t\u00e4\u00e4ll\u00e4 vastaamassa teknisiin haasteisiisi ja varmistamassa jatkuvan menestyksesi.<\/p>\n<p><img loading=\"lazy\" decoding=\"async\" class=\"alignnone size-full wp-image-1861\" src=\"https:\/\/fmp-components.com\/wp-content\/uploads\/2024\/12\/Other-Agricultural-Gearboxes.webp\" sizes=\"(min-width: 0px) and (max-width: 480px) 480px, (min-width: 481px) and (max-width: 980px) 980px, (min-width: 981px) 1200px, 100vw\" srcset=\"https:\/\/fmp-components.com\/wp-content\/uploads\/2024\/12\/Other-Agricultural-Gearboxes.webp 1200w, https:\/\/fmp-components.com\/wp-content\/uploads\/2024\/12\/Other-Agricultural-Gearboxes-980x1143.webp 980w, https:\/\/fmp-components.com\/wp-content\/uploads\/2024\/12\/Other-Agricultural-Gearboxes-480x560.webp 480w\" alt=\"Altri-cambi-agricoli\" width=\"1200\" height=\"1400\" title=\"\"><\/p>\n<p>Tekij\u00e4: CX<\/p>","protected":false},"excerpt":{"rendered":"<p>Rotary Tiller Gearbox TLZ-21J Specifications i 1.46 N1[rpm] 540 P1[kW] 29.4 M2[Nm] 736 Shaft X\u00a0 \u00a0 \u00a0 \u00a0 \u00a0 \u00a0 \u00a0 \u00a0 \u00a0 \u00a0 \u00a0 \u00a0 \u00a0 \u00a0 \u00a0 \u00a0 \u00a0 \u00a0 \u00a0 \u00a0 \u00a0 \u00a0 \u00a0 \u00a0 \u00a0 \u00a0 \u00a0 \u00a0 \u00a0 \u00a0 \u00a0 \u00a0 \u00a0 \u00a0 \u00a0 \u00a0 \u00a0 \u00a0 \u00a0 \u00a0 1&#8221; [&hellip;]<\/p>","protected":false},"featured_media":2131,"comment_status":"open","ping_status":"closed","template":"","meta":{"_et_pb_use_builder":"","_et_pb_old_content":"","_et_gb_content_width":""},"product_brand":[],"product_cat":[53],"product_tag":[],"class_list":{"0":"post-2117","1":"product","2":"type-product","3":"status-publish","4":"has-post-thumbnail","6":"product_cat-rotary-tiller-gearbox","8":"first","9":"instock","10":"shipping-taxable","11":"product-type-simple"},"_links":{"self":[{"href":"https:\/\/fmp-components.com\/fi\/wp-json\/wp\/v2\/product\/2117","targetHints":{"allow":["GET"]}}],"collection":[{"href":"https:\/\/fmp-components.com\/fi\/wp-json\/wp\/v2\/product"}],"about":[{"href":"https:\/\/fmp-components.com\/fi\/wp-json\/wp\/v2\/types\/product"}],"replies":[{"embeddable":true,"href":"https:\/\/fmp-components.com\/fi\/wp-json\/wp\/v2\/comments?post=2117"}],"wp:featuredmedia":[{"embeddable":true,"href":"https:\/\/fmp-components.com\/fi\/wp-json\/wp\/v2\/media\/2131"}],"wp:attachment":[{"href":"https:\/\/fmp-components.com\/fi\/wp-json\/wp\/v2\/media?parent=2117"}],"wp:term":[{"taxonomy":"product_brand","embeddable":true,"href":"https:\/\/fmp-components.com\/fi\/wp-json\/wp\/v2\/product_brand?post=2117"},{"taxonomy":"product_cat","embeddable":true,"href":"https:\/\/fmp-components.com\/fi\/wp-json\/wp\/v2\/product_cat?post=2117"},{"taxonomy":"product_tag","embeddable":true,"href":"https:\/\/fmp-components.com\/fi\/wp-json\/wp\/v2\/product_tag?post=2117"}],"curies":[{"name":"wp","href":"https:\/\/api.w.org\/{rel}","templated":true}]}}