{"id":2111,"date":"2024-12-30T05:16:14","date_gmt":"2024-12-30T05:16:14","guid":{"rendered":"https:\/\/fmp-components.com\/?page_id=8"},"modified":"2024-12-30T05:23:39","modified_gmt":"2024-12-30T05:23:39","slug":"rotary-tillers-gearboxes-replacement-of-comer-code-tb-278c-11","status":"publish","type":"product","link":"https:\/\/fmp-components.com\/fi\/product\/rotary-tillers-gearboxes-replacement-of-comer-code-tb-278c-11\/","title":{"rendered":"Py\u00f6rivien jyrsien vaihteistot \u2013 Comer-koodin TB-278C 1:1 vaihto"},"content":{"rendered":"<p style=\"text-align: center;\"><span style=\"font-size: 18pt;\">Py\u00f6rivien jyrsien vaihteistot \u2013 Comer-koodin TB-278C 1:1 vaihto<\/span><\/p>\n<p>Py\u00f6rivien jyrsien vaihteisto \u2013 Comer-koodin TB-278C 1:1 korvaava vaihteisto on tehokas ja kest\u00e4v\u00e4 vaihteisto, joka on suunniteltu erityisesti py\u00f6r\u00f6jyrsimiin. Se tarjoaa tehokkaan ratkaisun maanmuokkaukseen ja maanmuokkaukseen. T\u00e4m\u00e4 vaihtovaihteisto on suunniteltu tarjoamaan luotettavaa voimansiirtoa traktorin voimanottoakselilta jyr\u00e4n terille, mik\u00e4 varmistaa sujuvan toiminnan my\u00f6s vaativissa maatalousymp\u00e4rist\u00f6iss\u00e4.<\/p>\n<p>TB-278C-vaihteiston t\u00e4rkeimpiin ominaisuuksiin kuuluu 1:1-v\u00e4lityssuhde, joka tarjoaa optimaalisen voimansiirron maanmuokkaust\u00f6iss\u00e4. Se on eritt\u00e4in tehokas erilaisilla maaperill\u00e4 kevyest\u00e4 raskaaseen maatalousk\u00e4ytt\u00f6\u00f6n. Kest\u00e4v\u00e4 rakenne varmistaa kulumiskest\u00e4vyyden, pident\u00e4\u00e4 vaihteiston k\u00e4ytt\u00f6ik\u00e4\u00e4 ja v\u00e4hent\u00e4\u00e4 yll\u00e4pitokustannuksia. Lis\u00e4ksi vaihteisto on suunniteltu helposti asennettavaksi, joten se korvaa suoraan Comer TB-278C -vaihteiston, mik\u00e4 minimoi seisokkiajat ja varmistaa jatkuvan tuottavuuden pellolla.<\/p>\n<p>TB-278C-vaihteisto on valmistettu tarkkuustekniikalla ja korkealaatuisista materiaaleista, mik\u00e4 tekee siit\u00e4 luotettavan valinnan sek\u00e4 pienille maatiloille ett\u00e4 suurille maatalousyrityksille. Sen rakenne mahdollistaa tehokkaan energiansiirron, mik\u00e4 maksimoi jyr\u00e4n suorituskyvyn ja parantaa polttoainetehokkuutta.<\/p>\n<p>T\u00e4m\u00e4 vaihdelaatikko on ihanteellinen maanviljelij\u00f6ille, jotka etsiv\u00e4t korkealaatuista ja kustannustehokasta ratkaisua jyrsimiens\u00e4 suorituskyvyn yll\u00e4pit\u00e4miseen. Olipa kyseess\u00e4 sitten kuluneen vaihdelaatikon vaihto tai vanhemman mallin p\u00e4ivitys, TB-278C varmistaa optimaalisen maanmuokkauksen suorituskyvyn ja lis\u00e4\u00e4ntyneen tuottavuuden. Vaihteisto t\u00e4ytt\u00e4\u00e4 my\u00f6s tiukat laadunvalvontastandardit, jotka t\u00e4ytt\u00e4v\u00e4t nykyaikaisen maatalouden korkeat vaatimukset.<\/p>\n<p>Py\u00f6rivien maanmuokkauskoneiden vaihteisto \u2013 Comer-koodin TB-278C 1:1 korvaava vaihdelaatikko tarjoaa kest\u00e4v\u00e4n, tehokkaan ja kustannustehokkaan ratkaisun jyr\u00e4koneisiin. T\u00e4m\u00e4 vaihteisto, joka keskittyy luotettavuuteen, tarkkuuteen ja suorituskykyyn, auttaa parantamaan toiminnan tehokkuutta ja pident\u00e4\u00e4 maatalouskoneidesi k\u00e4ytt\u00f6ik\u00e4\u00e4.<\/p>\n<table style=\"width: 100%;\" border=\"1\" width=\"100%\" cellspacing=\"0\" cellpadding=\"0\">\n<tbody>\n<tr>\n<th>Kuvaus<\/th>\n<td>Py\u00f6rivien \u00e4keiden vaihteistot, jyrsien vaihteistot \u2013 Comer-koodin TB-278C vaihto 1:1<\/td>\n<\/tr>\n<tr>\n<th>Hakemus<\/th>\n<td>Erilaiset (maatalous)sovellukset,<br \/>\nRuohonleikkurit,<br \/>\nSarjamylly<\/td>\n<\/tr>\n<tr>\n<th>Koostuu<\/th>\n<td>Vaihteisto<\/td>\n<\/tr>\n<tr>\n<th>Tilaa \u00f6ljy erikseen<\/th>\n<td>Tekniset tiedot<\/td>\n<\/tr>\n<tr>\n<th><\/th>\n<td>Kaikki tekniset tiedot vastaavat standardeja ISO 6335 ja ISO 281.<\/td>\n<\/tr>\n<tr>\n<th>Suurin tuloteho<\/th>\n<td>40,5 kW<\/td>\n<\/tr>\n<tr>\n<th>Suurin l\u00e4ht\u00f6momentti<\/th>\n<td>695 Nm<\/td>\n<\/tr>\n<tr>\n<th>Sis\u00e4lt\u00e4\u00e4 \u00f6ljy\u00e4<\/th>\n<td>Ei<\/td>\n<\/tr>\n<tr>\n<th>\u00d6ljyn enimm\u00e4istilavuus<\/th>\n<td>1,6 litraa<\/td>\n<\/tr>\n<tr>\n<th>\u00d6ljyn SAE-viskositeettiluokka<\/th>\n<td>80W-90<\/td>\n<\/tr>\n<tr>\n<th>Paino<\/th>\n<td>24 kg<\/td>\n<\/tr>\n<tr>\n<th>Vaihteistoj\u00e4rjestely<\/th>\n<td>5 &#8211; 6<\/td>\n<\/tr>\n<tr>\n<th>Suhde<\/th>\n<td>1 : 1<\/td>\n<\/tr>\n<tr>\n<th>Tuloakseli<\/th>\n<td>Z<\/td>\n<\/tr>\n<tr>\n<th>Akseli X<\/th>\n<td>C<\/td>\n<\/tr>\n<tr>\n<th>Akseli Z<\/th>\n<td>1 3\/8\u2033 (6) (A)<\/td>\n<\/tr>\n<\/tbody>\n<\/table>\n<h3>Py\u00f6rivien jyrsien vaihteistot \u2013 Comer-koodin TB-278C 1:1 vaihto<\/h3>\n<p>Py\u00f6rivien jyrsien vaihteisto \u2013 Comer-koodin TB-278C 1:1 korvaava vaihteisto on tehokas ja kest\u00e4v\u00e4 vaihteisto, joka on suunniteltu erityisesti py\u00f6r\u00f6jyrsimiin. Se tarjoaa tehokkaan ratkaisun maanmuokkaukseen ja maanmuokkaukseen. T\u00e4m\u00e4 vaihtovaihteisto on suunniteltu tarjoamaan luotettavaa voimansiirtoa traktorin voimanottoakselilta jyr\u00e4n terille, mik\u00e4 varmistaa sujuvan toiminnan my\u00f6s vaativissa maatalousymp\u00e4rist\u00f6iss\u00e4.<\/p>\n<p>TB-278C-vaihteiston t\u00e4rkeimpiin ominaisuuksiin kuuluu 1:1-v\u00e4lityssuhde, joka tarjoaa optimaalisen voimansiirron maanmuokkaust\u00f6iss\u00e4. Se on eritt\u00e4in tehokas erilaisilla maaperill\u00e4 kevyest\u00e4 raskaaseen maatalousk\u00e4ytt\u00f6\u00f6n. Kest\u00e4v\u00e4 rakenne varmistaa kulumiskest\u00e4vyyden, pident\u00e4\u00e4 vaihteiston k\u00e4ytt\u00f6ik\u00e4\u00e4 ja v\u00e4hent\u00e4\u00e4 yll\u00e4pitokustannuksia. Lis\u00e4ksi vaihteisto on suunniteltu helposti asennettavaksi, joten se korvaa suoraan Comer TB-278C -vaihteiston, mik\u00e4 minimoi seisokkiajat ja varmistaa jatkuvan tuottavuuden pellolla.<\/p>\n<p>TB-278C-vaihteisto on valmistettu tarkkuustekniikalla ja korkealaatuisista materiaaleista, mik\u00e4 tekee siit\u00e4 luotettavan valinnan sek\u00e4 pienille maatiloille ett\u00e4 suurille maatalousyrityksille. Sen rakenne mahdollistaa tehokkaan energiansiirron, mik\u00e4 maksimoi jyr\u00e4n suorituskyvyn ja parantaa polttoainetehokkuutta.<\/p>\n<p>T\u00e4m\u00e4 vaihdelaatikko on ihanteellinen maanviljelij\u00f6ille, jotka etsiv\u00e4t korkealaatuista ja kustannustehokasta ratkaisua jyrsimiens\u00e4 suorituskyvyn yll\u00e4pit\u00e4miseen. Olipa kyseess\u00e4 sitten kuluneen vaihdelaatikon vaihto tai vanhemman mallin p\u00e4ivitys, TB-278C varmistaa optimaalisen maanmuokkauksen suorituskyvyn ja lis\u00e4\u00e4ntyneen tuottavuuden. Vaihteisto t\u00e4ytt\u00e4\u00e4 my\u00f6s tiukat laadunvalvontastandardit, jotka t\u00e4ytt\u00e4v\u00e4t nykyaikaisen maatalouden korkeat vaatimukset.<\/p>\n<p>Yhteenvetona voidaan todeta, ett\u00e4 jyr\u00e4koneiden vaihteisto \u2013 Comer-koodin TB-278C 1:1 korvaava malli \u2013 tarjoaa kest\u00e4v\u00e4n, tehokkaan ja kustannustehokkaan ratkaisun jyr\u00e4koneisiin. T\u00e4m\u00e4 vaihteisto, joka keskittyy luotettavuuteen, tarkkuuteen ja suorituskykyyn, auttaa parantamaan toiminnan tehokkuutta ja pident\u00e4\u00e4 maatalouskoneidesi k\u00e4ytt\u00f6ik\u00e4\u00e4.<\/p>\n<p><img loading=\"lazy\" decoding=\"async\" class=\"alignnone size-full wp-image-2102\" src=\"https:\/\/fmp-components.com\/wp-content\/uploads\/2024\/12\/PTO-Shaft-for-Rotary-Tiller-Gearbox.webp\" alt=\"Voimanottoakseli-py\u00f6riv\u00e4lle-jyrsimelle-vaihteistolle\" width=\"1000\" height=\"600\" title=\"\" srcset=\"https:\/\/fmp-components.com\/wp-content\/uploads\/2024\/12\/PTO-Shaft-for-Rotary-Tiller-Gearbox.webp 1000w, https:\/\/fmp-components.com\/wp-content\/uploads\/2024\/12\/PTO-Shaft-for-Rotary-Tiller-Gearbox-980x588.webp 980w, https:\/\/fmp-components.com\/wp-content\/uploads\/2024\/12\/PTO-Shaft-for-Rotary-Tiller-Gearbox-480x288.webp 480w\" sizes=\"(min-width: 0px) and (max-width: 480px) 480px, (min-width: 481px) and (max-width: 980px) 980px, (min-width: 981px) 1000px, 100vw\" \/><\/p>\n<h2>Voimanottoakselit py\u00f6r\u00f6jyrsinvaihteistoihin<\/h2>\n<p>Py\u00f6rivien jyrsien vaihteistojen nivelakselit ovat elint\u00e4rkeit\u00e4 osia nykyaikaisessa maataloudessa. Ne muodostavat olennaisen linkin traktorin voimanottoj\u00e4rjestelm\u00e4n (PTO) ja py\u00f6r\u00f6jyr\u00e4n vaihteiston v\u00e4lille. N\u00e4m\u00e4 akselit on suunniteltu siirt\u00e4m\u00e4\u00e4n mekaanista voimaa traktorin moottorista maanmuokkausmekanismiin, jolloin jyr\u00e4n ter\u00e4t py\u00f6riv\u00e4t ja maanmuokkaus sujuu tehokkaasti. Helpottamalla voimansiirtoa nivelakselit varmistavat optimaalisen muokkauksen erilaisissa maataloussovelluksissa maanmuokkauksesta maanhoitoon.<\/p>\n<p>Kest\u00e4vyys ja luotettavuus ovat jyrsinvaihteistojen nivelakseleiden keskeisi\u00e4 ominaisuuksia. N\u00e4m\u00e4 lujasta ter\u00e4ksest\u00e4 tai muista kest\u00e4vist\u00e4 materiaaleista valmistetut akselit on rakennettu kest\u00e4m\u00e4\u00e4n raskaan maatalousty\u00f6n rasitukset. Olipa kyseess\u00e4 haastava maasto tai ankarat ymp\u00e4rist\u00f6olosuhteet, nivelakselit on suunniteltu tarjoamaan tasaista ja pitk\u00e4kestoista suorituskyky\u00e4, mik\u00e4 v\u00e4hent\u00e4\u00e4 usein tapahtuvan huollon tarvetta ja minimoi seisokkiajat kriittisten viljelykausien aikana.<\/p>\n<p>Toinen merkitt\u00e4v\u00e4 voimanottoakseleiden ominaisuus on niiden helppo kiinnitys ja irrotus. N\u00e4m\u00e4 akselit on suunniteltu kytkett\u00e4viksi nopeasti sek\u00e4 traktoriin ett\u00e4 ohjauspy\u00f6r\u00e4n vaihteistoon, mik\u00e4 varmistaa saumattoman integroinnin erilaisiin laitemalleihin. Pikakytkent\u00e4mekanismin ansiosta viljelij\u00e4t voivat helposti vaihtaa eri ty\u00f6koneiden v\u00e4lill\u00e4, mik\u00e4 parantaa toiminnan tehokkuutta ja lyhent\u00e4\u00e4 asennusaikaa teht\u00e4vi\u00e4 tai laitteita vaihdettaessa.<\/p>\n<p>Turvallisuus on my\u00f6s ensiarvoisen t\u00e4rke\u00e4\u00e4 jyrsinvaihteistojen nivelakseleissa. N\u00e4m\u00e4 akselit on varustettu suojuksilla, liukukytkimill\u00e4 ja muilla turvaominaisuuksilla, jotka on suunniteltu est\u00e4m\u00e4\u00e4n onnettomuuksia ja minimoimaan vaurioita k\u00e4yt\u00f6n aikana. Nivelakselit auttavat varmistamaan turvallisen ja varman yhteyden traktorin ja jyr\u00e4n v\u00e4lill\u00e4, mik\u00e4 v\u00e4hent\u00e4\u00e4 laitteiden vikaantumisen tai loukkaantumisen riski\u00e4 k\u00e4yt\u00f6n aikana, erityisesti suuren v\u00e4\u00e4nt\u00f6momentin olosuhteissa.<\/p>\n<p>Lopuksi, jyrsinvaihteistojen nivelakselit ovat eritt\u00e4in muokattavissa, ja niit\u00e4 on saatavilla useita eri pituuksia, kokoonpanoja ja malleja, jotka sopivat erilaisiin jyr\u00e4malleihin ja traktorityyppeihin. R\u00e4\u00e4t\u00e4l\u00f6inti varmistaa, ett\u00e4 nivelakseli sopii t\u00e4ydellisesti kunkin tilan erityistarpeisiin, maksimoiden jyrsint\u00e4tehokkuuden ja suorituskyvyn. Oikean nivelakselin avulla viljelij\u00e4t voivat parantaa tuottavuuttaan varmistaen tasaisen ja tehokkaan maanmuokkauksen optimaalisen sadon kasvun saavuttamiseksi.<\/p>\n<p><img loading=\"lazy\" decoding=\"async\" class=\"alignnone size-full wp-image-2088\" src=\"https:\/\/fmp-components.com\/wp-content\/uploads\/2024\/12\/Agricultural-Gearbox-and-PTO-Drive-Shaft1.webp\" alt=\"Maatalouden vaihteisto ja voimanottoakseli\" width=\"1200\" height=\"540\" title=\"\" srcset=\"https:\/\/fmp-components.com\/wp-content\/uploads\/2024\/12\/Agricultural-Gearbox-and-PTO-Drive-Shaft1.webp 1200w, https:\/\/fmp-components.com\/wp-content\/uploads\/2024\/12\/Agricultural-Gearbox-and-PTO-Drive-Shaft1-980x441.webp 980w, https:\/\/fmp-components.com\/wp-content\/uploads\/2024\/12\/Agricultural-Gearbox-and-PTO-Drive-Shaft1-480x216.webp 480w\" sizes=\"(min-width: 0px) and (max-width: 480px) 480px, (min-width: 481px) and (max-width: 980px) 980px, (min-width: 981px) 1200px, 100vw\" \/><\/p>\n<h3>Tietoja FMP:st\u00e4<\/h3>\n<p>Italiassa sijaitseva FMP on johtava valmistaja, joka tunnetaan asiantuntemuksestaan \u200b\u200bkorkean suorituskyvyn vaihteistojen suunnittelussa, kehitt\u00e4misess\u00e4 ja valmistuksessa, p\u00e4\u00e4asiassa maatalouskonesektorille. Tarkkuuteen, innovaatioihin ja vertaansa vailla olevaan luotettavuuteen perustuvan maineensa ansiosta FMP toimittaa jatkuvasti ensiluokkaisia \u200b\u200btuotteita, jotka vastaavat maatalous- ja teollisuusmarkkinoiden dynaamisiin vaatimuksiin. Laaja tuotevalikoimamme sis\u00e4lt\u00e4\u00e4 ruohonleikkureiden, nivelakseleiden ja muiden keskeisten komponenttien erikoisvaihteistoja, jotka kaikki on r\u00e4\u00e4t\u00e4l\u00f6ity tarjoamaan r\u00e4\u00e4t\u00e4l\u00f6ityj\u00e4 ratkaisuja laajaan valikoimaan sovelluksia.<\/p>\n<p>FMP:ll\u00e4 ymm\u00e4rr\u00e4mme, ett\u00e4 jokaisella asiakkaalla on ainutlaatuiset tarpeet. Siksi olemme erikoistuneet r\u00e4\u00e4t\u00e4l\u00f6ityjen ratkaisujen toimittamiseen, olipa kyse sitten yksitt\u00e4isist\u00e4 komponenteista tai t\u00e4ysin integroiduista j\u00e4rjestelmist\u00e4. Teemme tiivist\u00e4 yhteisty\u00f6t\u00e4 asiakkaidemme kanssa varmistaaksemme, ett\u00e4 jokainen ratkaisu on paitsi tehokas my\u00f6s tuloksellinen ja maksimaalinen vastine rahalle. Sitoutumisemme nopeisiin ja ammattimaisiin vastauksiin sek\u00e4 asiantuntevaan ohjaukseen takaavat, ett\u00e4 jokainen tiedustelu k\u00e4sitell\u00e4\u00e4n tarkasti ja yksityiskohtia my\u00f6ten.<\/p>\n<p>Priorisoimme avointa viestint\u00e4\u00e4 ja yhteisty\u00f6t\u00e4 koko tuotekehitysprosessin ajan. Tiimimme ty\u00f6skentelee asiakkaiden rinnalla ymm\u00e4rt\u00e4\u00e4kseen t\u00e4ysin heid\u00e4n erityistarpeensa ja tarjotakseen oivaltavia suosituksia, jotka johtavat optimaalisimpiin ratkaisuihin. Olipa kyseess\u00e4 uusien tuotteiden kehitt\u00e4minen tai jatkuvien tilausten t\u00e4ytt\u00e4minen, olemme sitoutuneet toimittamaan korkealaatuisia, tarkasti suunniteltuja ratkaisuja nopeasti ja luotettavasti.<\/p>\n<p>Laatu on kaiken toimintamme ytimess\u00e4. Noudatamme korkeimpia valmistusstandardeja ja k\u00e4yt\u00e4mme tiukkoja laadunvalvontaprosesseja varmistaaksemme, ett\u00e4 jokainen tuote ei ainoastaan \u200b\u200bvastaa alan odotuksia, vaan ylitt\u00e4\u00e4 ne. T\u00e4m\u00e4 horjumaton sitoutuminen laatuun yhdistettyn\u00e4 rehellisyyden, tiimity\u00f6n ja sinnikkyyden arvoihin on mahdollistanut vahvojen ja kest\u00e4vien asiakassuhteiden rakentamisen yli 30 maassa ymp\u00e4ri maailmaa.<\/p>\n<p>FMP on aina avoin globaalien kumppanuuksien kehitt\u00e4miselle, asiantuntevan neuvonnan tarjoamiselle ja r\u00e4\u00e4t\u00e4l\u00f6ityjen ratkaisujen tarjoamiselle asiakkaidemme moninaisten tarpeiden t\u00e4ytt\u00e4miseksi. Emme tyydy pelk\u00e4st\u00e4\u00e4n tuotteiden toimittamiseen \u2013 pyrimme vaalimaan pitk\u00e4aikaisia \u200b\u200b\u200b\u200bsuhteita, jotka edist\u00e4v\u00e4t jokaisen projektin onnistumista. Etsitp\u00e4 sitten innovatiivisia ratkaisuja uuteen aloitteeseen tai tarvitset jatkuvaa tukea olemassa oleville j\u00e4rjestelmille, FMP on omistautunut ratkaisemaan tekniset haasteesi ja auttamaan varmistamaan jatkuvan menestyksesi.<\/p>\n<p><img loading=\"lazy\" decoding=\"async\" class=\"alignnone size-full wp-image-1861\" src=\"https:\/\/fmp-components.com\/wp-content\/uploads\/2024\/12\/Other-Agricultural-Gearboxes.webp\" sizes=\"(min-width: 0px) and (max-width: 480px) 480px, (min-width: 481px) and (max-width: 980px) 980px, (min-width: 981px) 1200px, 100vw\" srcset=\"https:\/\/fmp-components.com\/wp-content\/uploads\/2024\/12\/Other-Agricultural-Gearboxes.webp 1200w, https:\/\/fmp-components.com\/wp-content\/uploads\/2024\/12\/Other-Agricultural-Gearboxes-980x1143.webp 980w, https:\/\/fmp-components.com\/wp-content\/uploads\/2024\/12\/Other-Agricultural-Gearboxes-480x560.webp 480w\" alt=\"Altri-cambi-agricoli\" width=\"1200\" height=\"1400\" title=\"\"><\/p>\n<p>Tekij\u00e4: CX<\/p>","protected":false},"excerpt":{"rendered":"<p>Rotary Tillers Gearboxes \u2013 Replacement of Comer Code TB-278C 1:1 The Rotary Tillers Gearbox \u2013 Replacement of Comer Code TB-278C 1:1 is a high-performance, durable gearbox designed specifically for use in rotary tillers, offering an efficient solution for soil preparation and land cultivation. This replacement gearbox is engineered to deliver reliable power transmission from the [&hellip;]<\/p>","protected":false},"featured_media":2112,"comment_status":"open","ping_status":"closed","template":"","meta":{"_et_pb_use_builder":"","_et_pb_old_content":"","_et_gb_content_width":""},"product_brand":[],"product_cat":[53],"product_tag":[],"class_list":{"0":"post-2111","1":"product","2":"type-product","3":"status-publish","4":"has-post-thumbnail","6":"product_cat-rotary-tiller-gearbox","8":"first","9":"instock","10":"shipping-taxable","11":"product-type-simple"},"_links":{"self":[{"href":"https:\/\/fmp-components.com\/fi\/wp-json\/wp\/v2\/product\/2111","targetHints":{"allow":["GET"]}}],"collection":[{"href":"https:\/\/fmp-components.com\/fi\/wp-json\/wp\/v2\/product"}],"about":[{"href":"https:\/\/fmp-components.com\/fi\/wp-json\/wp\/v2\/types\/product"}],"replies":[{"embeddable":true,"href":"https:\/\/fmp-components.com\/fi\/wp-json\/wp\/v2\/comments?post=2111"}],"wp:featuredmedia":[{"embeddable":true,"href":"https:\/\/fmp-components.com\/fi\/wp-json\/wp\/v2\/media\/2112"}],"wp:attachment":[{"href":"https:\/\/fmp-components.com\/fi\/wp-json\/wp\/v2\/media?parent=2111"}],"wp:term":[{"taxonomy":"product_brand","embeddable":true,"href":"https:\/\/fmp-components.com\/fi\/wp-json\/wp\/v2\/product_brand?post=2111"},{"taxonomy":"product_cat","embeddable":true,"href":"https:\/\/fmp-components.com\/fi\/wp-json\/wp\/v2\/product_cat?post=2111"},{"taxonomy":"product_tag","embeddable":true,"href":"https:\/\/fmp-components.com\/fi\/wp-json\/wp\/v2\/product_tag?post=2111"}],"curies":[{"name":"wp","href":"https:\/\/api.w.org\/{rel}","templated":true}]}}