{"id":2054,"date":"2024-12-30T01:51:43","date_gmt":"2024-12-30T01:51:43","guid":{"rendered":"https:\/\/fmp-components.com\/?page_id=8"},"modified":"2024-12-30T02:12:06","modified_gmt":"2024-12-30T02:12:06","slug":"pull-behind-mower-gearbox-trailing-mower-gearbox-fmp-gc325-for-lawn-mower","status":"publish","type":"product","link":"https:\/\/fmp-components.com\/fi\/product\/pull-behind-mower-gearbox-trailing-mower-gearbox-fmp-gc325-for-lawn-mower\/","title":{"rendered":"Vedett\u00e4v\u00e4n ruohonleikkurin vaihdelaatikko (Hinattavan ruohonleikkurin vaihdelaatikko) FMP-GC325 ruohonleikkuriin"},"content":{"rendered":"<p><img loading=\"lazy\" decoding=\"async\" class=\"size-full wp-image-2060 aligncenter\" src=\"https:\/\/fmp-components.com\/wp-content\/uploads\/2024\/12\/Lawn-Mower-Gearbox-12.webp\" alt=\"Ruohonleikkurin vaihdelaatikko\" width=\"500\" height=\"500\" title=\"\" srcset=\"https:\/\/fmp-components.com\/wp-content\/uploads\/2024\/12\/Lawn-Mower-Gearbox-12.webp 500w, https:\/\/fmp-components.com\/wp-content\/uploads\/2024\/12\/Lawn-Mower-Gearbox-12-480x480.webp 480w\" sizes=\"(min-width: 0px) and (max-width: 480px) 480px, (min-width: 481px) 500px, 100vw\" \/><\/p>\n<h2>Hinattavan ruohonleikkurin vaihteiston FMP-GC325 mitat\u00a0<img loading=\"lazy\" decoding=\"async\" class=\"alignnone size-full wp-image-2058\" src=\"https:\/\/fmp-components.com\/wp-content\/uploads\/2024\/12\/Trailing-Mower-Gearbox-FMP-GC325-Dimensions.webp\" alt=\"Hinattavan-leikkurin-vaihteiston-FMP-GC325-mitat\" width=\"1291\" height=\"812\" title=\"\" srcset=\"https:\/\/fmp-components.com\/wp-content\/uploads\/2024\/12\/Trailing-Mower-Gearbox-FMP-GC325-Dimensions.webp 1291w, https:\/\/fmp-components.com\/wp-content\/uploads\/2024\/12\/Trailing-Mower-Gearbox-FMP-GC325-Dimensions-1280x805.webp 1280w, https:\/\/fmp-components.com\/wp-content\/uploads\/2024\/12\/Trailing-Mower-Gearbox-FMP-GC325-Dimensions-980x616.webp 980w, https:\/\/fmp-components.com\/wp-content\/uploads\/2024\/12\/Trailing-Mower-Gearbox-FMP-GC325-Dimensions-480x302.webp 480w\" sizes=\"(min-width: 0px) and (max-width: 480px) 480px, (min-width: 481px) and (max-width: 980px) 980px, (min-width: 981px) and (max-width: 1280px) 1280px, (min-width: 1281px) 1291px, 100vw\" \/><\/h2>\n<h2>Hinattavan ruohonleikkurin vaihteiston FMP-GC325 akselin mitat<\/h2>\n<p><img loading=\"lazy\" decoding=\"async\" class=\"alignnone size-full wp-image-2057\" src=\"https:\/\/fmp-components.com\/wp-content\/uploads\/2024\/12\/Trailing-Mower-Gearbox-FMP-GC325-Shaft-Dimensions.webp\" alt=\"Hinattavan-leikkurin-vaihteiston-FMP-GC325-akselin-mitat\" width=\"1074\" height=\"348\" title=\"\" srcset=\"https:\/\/fmp-components.com\/wp-content\/uploads\/2024\/12\/Trailing-Mower-Gearbox-FMP-GC325-Shaft-Dimensions.webp 1074w, https:\/\/fmp-components.com\/wp-content\/uploads\/2024\/12\/Trailing-Mower-Gearbox-FMP-GC325-Shaft-Dimensions-980x318.webp 980w, https:\/\/fmp-components.com\/wp-content\/uploads\/2024\/12\/Trailing-Mower-Gearbox-FMP-GC325-Shaft-Dimensions-480x156.webp 480w\" sizes=\"(min-width: 0px) and (max-width: 480px) 480px, (min-width: 481px) and (max-width: 980px) 980px, (min-width: 981px) 1074px, 100vw\" \/><\/p>\n<h2>Hinattavan ruohonleikkurin vaihteiston FMP-GC325 tekniset tiedot<\/h2>\n<table style=\"width: 97.8567%; height: 138px;\" border=\"1\" cellspacing=\"0\" cellpadding=\"0\">\n<tbody>\n<tr>\n<td colspan=\"3\" rowspan=\"2\">min\u00e4<\/td>\n<td rowspan=\"2\">Sopii<\/td>\n<td>Kierroslukutulo<\/td>\n<td>Kierrosluku<\/td>\n<td>kW (nim.)<\/td>\n<td>L\u00e4ht\u00f6momentti<\/td>\n<td rowspan=\"2\">Hammastus<\/td>\n<\/tr>\n<tr>\n<td>kierrosta minuutissa<\/td>\n<td>kierrosta minuutissa<\/td>\n<td>hv<\/td>\n<td>Nm<\/td>\n<\/tr>\n<tr>\n<td colspan=\"2\">Nopeuden lis\u00e4ys<\/td>\n<td>1: 1<\/td>\n<td>Ruohonleikkuri yms.<\/td>\n<td>540<\/td>\n<td>540<\/td>\n<td>160<\/td>\n<td>1400<\/td>\n<td>Gleason Helical<br \/>\nHampaat<\/td>\n<\/tr>\n<tr>\n<td colspan=\"9\">Huomautus: Jos sinulla on erityisvaatimuksia, kerro siit\u00e4 minulle, hyv\u00e4ksymme my\u00f6s mittatilausty\u00f6n\u00e4 tehdyt tarjoukset.<\/td>\n<\/tr>\n<\/tbody>\n<\/table>\n<h2>Vedett\u00e4v\u00e4n ruohonleikkurin ter\u00e4palkki (hinattava ruohonleikkurin ter\u00e4palkki) FMP-GCYB Mitat<\/h2>\n<p><img loading=\"lazy\" decoding=\"async\" class=\"alignnone size-full wp-image-2053\" src=\"https:\/\/fmp-components.com\/wp-content\/uploads\/2024\/12\/Pull-behind-Mower-Cutter-Bar-Trailing-Mower-Cutter-Bar.webp\" alt=\"Vedett\u00e4v\u00e4-leikkuri-leikkuri-ter\u00e4palkki-hiottava-leikkuri-ter\u00e4palkki\" width=\"805\" height=\"1024\" title=\"\" srcset=\"https:\/\/fmp-components.com\/wp-content\/uploads\/2024\/12\/Pull-behind-Mower-Cutter-Bar-Trailing-Mower-Cutter-Bar.webp 805w, https:\/\/fmp-components.com\/wp-content\/uploads\/2024\/12\/Pull-behind-Mower-Cutter-Bar-Trailing-Mower-Cutter-Bar-480x611.webp 480w\" sizes=\"(min-width: 0px) and (max-width: 480px) 480px, (min-width: 481px) 805px, 100vw\" \/><\/p>\n<h2>Vedett\u00e4v\u00e4n ruohonleikkurin ter\u00e4palkki (hinattava ruohonleikkurin ter\u00e4palkki) FMP-GCYB:n tekniset tiedot<\/h2>\n<table style=\"width: 101.49%; height: 211px;\" border=\"1\" cellspacing=\"0\" cellpadding=\"0\">\n<tbody>\n<tr>\n<td style=\"width: 45.2514%;\">Mallinumero<\/td>\n<td style=\"width: 27.1881%;\">FMP-GCYB06<\/td>\n<td style=\"width: 27.1881%;\">FMP-GCYB07<\/td>\n<\/tr>\n<tr>\n<td style=\"width: 45.2514%;\">MOP (kw\/hv)<\/td>\n<td style=\"width: 27.1881%;\">52\/70<\/td>\n<td style=\"width: 27.1881%;\">66\/90<\/td>\n<\/tr>\n<tr>\n<td style=\"width: 45.2514%;\">Ty\u00f6leveys (m)<\/td>\n<td style=\"width: 27.1881%;\">2.5<\/td>\n<td style=\"width: 27.1881%;\">3.0<\/td>\n<\/tr>\n<tr>\n<td style=\"width: 45.2514%;\">leikkurin numero (n)<\/td>\n<td style=\"width: 27.1881%;\">6<\/td>\n<td style=\"width: 27.1881%;\">7<\/td>\n<\/tr>\n<tr>\n<td style=\"width: 45.2514%;\">Terien lukum\u00e4\u00e4r\u00e4 (n)<\/td>\n<td style=\"width: 27.1881%;\">12<\/td>\n<td style=\"width: 27.1881%;\">14<\/td>\n<\/tr>\n<tr>\n<td style=\"width: 45.2514%;\">Kierrosluku (r\/min)<\/td>\n<td style=\"width: 54.3762%;\" colspan=\"2\">3000<\/td>\n<\/tr>\n<tr>\n<td style=\"width: 45.2514%;\">Kierrosluku (r\/min)<\/td>\n<td style=\"width: 54.3762%;\" colspan=\"2\">3000<\/td>\n<\/tr>\n<tr>\n<td style=\"width: 99.6276%;\" colspan=\"3\">Huomautus: Jos sinulla on erityisvaatimuksia, kerro siit\u00e4 minulle, hyv\u00e4ksymme my\u00f6s mittatilausty\u00f6n\u00e4 tehdyt tarjoukset.<\/td>\n<\/tr>\n<\/tbody>\n<\/table>\n<h2>Vedett\u00e4v\u00e4n ruohonleikkurin vaihteiston ominaisuudet (hinattavan ruohonleikkurin vaihteisto)<\/h2>\n<p>Vedett\u00e4v\u00e4n ruohonleikkurin vaihteisto, joka tunnetaan my\u00f6s nimell\u00e4 per\u00e4ss\u00e4 kulkevan ruohonleikkurin vaihteisto, on olennainen osa maatalous- ja maisemointikoneissa. Se on suunniteltu siirt\u00e4m\u00e4\u00e4n tehokkaasti voimaa traktorin voimanottoakselilta (voimanottoakselilta) ruohonleikkurin leikkuumekanismiin varmistaen optimaalisen suorituskyvyn erilaisissa niitto- ja peltohoitoteht\u00e4viss\u00e4. Alla on esitetty vedett\u00e4v\u00e4n ruohonleikkurin vaihteiston t\u00e4rkeimm\u00e4t ominaisuudet:<\/p>\n<ol>\n<li>Kest\u00e4v\u00e4 rakenne:\n<ul>\n<li>Hinattavien ruohonleikkureiden vaihteistot on valmistettu kest\u00e4vist\u00e4 ja korkealaatuisista materiaaleista kest\u00e4m\u00e4\u00e4n ulkok\u00e4yt\u00f6n vaativat olosuhteet. Niiden tukeva rakenne varmistaa pitk\u00e4ik\u00e4isyyden my\u00f6s ep\u00e4tasaisessa maastossa ja ankarissa k\u00e4ytt\u00f6ymp\u00e4rist\u00f6iss\u00e4.<\/li>\n<\/ul>\n<\/li>\n<li>Tehokas voimansiirto:\n<ul>\n<li>N\u00e4m\u00e4 vaihteistot on suunniteltu siirt\u00e4m\u00e4\u00e4n tehokkaasti voimaa traktorin voimanottoakselilta leikkurin terille tai leikkuumekanismille. T\u00e4m\u00e4 varmistaa, ett\u00e4 leikkuri toimii tasaisesti ja tehoh\u00e4vikki on minimaalinen, mik\u00e4 takaa tasaisen leikkuutehon.<\/li>\n<\/ul>\n<\/li>\n<li>Sujuva toiminta:\n<ul>\n<li>Vedett\u00e4v\u00e4t ruohonleikkurin vaihteistot on suunniteltu minimoimaan t\u00e4rin\u00e4 ja tasaista vaihteiston toimintaa ajatellen, ja ne v\u00e4hent\u00e4v\u00e4t sek\u00e4 vaihteiston ett\u00e4 leikkurin kulumista. T\u00e4m\u00e4 parantaa leikkuutehoa, v\u00e4hent\u00e4\u00e4 huoltotarvetta ja tekee k\u00e4ytt\u00f6kokemuksesta mukavamman.<\/li>\n<\/ul>\n<\/li>\n<li>Monipuolisuus:\n<ul>\n<li>Vedett\u00e4vien ruohonleikkureiden vaihteistot ovat yhteensopivia monenlaisten niittolaitteiden, kuten py\u00f6r\u00f6leikkureiden, trimmerien ja ruohonleikkureiden, kanssa. Niiden monipuolisuus antaa k\u00e4ytt\u00e4jille mahdollisuuden mukauttaa vaihteistoa erilaisiin k\u00e4ytt\u00f6tarkoituksiin laidunten leikkaamisesta pensaiden raivaukseen ja laajojen alueiden hoitoon.<\/li>\n<\/ul>\n<\/li>\n<li>Helppo huolto:\n<ul>\n<li>Monissa per\u00e4ss\u00e4 vedett\u00e4vien ruohonleikkureiden vaihteistoissa on k\u00e4tevi\u00e4 huolto-ominaisuuksia, kuten \u00f6ljyn t\u00e4ytt\u00f6- ja tyhjennysruuvit, jotka helpottavat \u00f6ljynvaihtoa ja voitelua. S\u00e4\u00e4nn\u00f6llinen huolto yksinkertaistuu, mik\u00e4 varmistaa, ett\u00e4 vaihteisto pysyy optimaalisessa kunnossa pidemm\u00e4n k\u00e4ytt\u00f6i\u00e4n takaamiseksi.<\/li>\n<\/ul>\n<\/li>\n<\/ol>\n<p>Yhteenvetona voidaan todeta, ett\u00e4 vedett\u00e4v\u00e4n ruohonleikkurin vaihteisto on suunniteltu kest\u00e4vyytt\u00e4, tehokkuutta ja helppok\u00e4ytt\u00f6isyytt\u00e4 silm\u00e4ll\u00e4 pit\u00e4en, mik\u00e4 tekee siit\u00e4 olennaisen osan monenlaisissa niitto- ja maanhoitoteht\u00e4viss\u00e4. Olipa kyseess\u00e4 sitten maatalous, maisemointi tai tienvarsien niitto, sen luotettava suorituskyky ja k\u00e4ytt\u00e4j\u00e4yst\u00e4v\u00e4lliset ominaisuudet tekev\u00e4t siit\u00e4 arvokkaan ty\u00f6kalun tehokkaiden ja laadukkaiden tulosten saavuttamiseen.<\/p>\n<p><img loading=\"lazy\" decoding=\"async\" class=\"alignnone size-full wp-image-2062\" src=\"https:\/\/fmp-components.com\/wp-content\/uploads\/2024\/12\/Lawn-Mower-Gearbox-11.webp\" alt=\"Ruohonleikkurin vaihdelaatikko\" width=\"1256\" height=\"758\" title=\"\" srcset=\"https:\/\/fmp-components.com\/wp-content\/uploads\/2024\/12\/Lawn-Mower-Gearbox-11.webp 1256w, https:\/\/fmp-components.com\/wp-content\/uploads\/2024\/12\/Lawn-Mower-Gearbox-11-980x591.webp 980w, https:\/\/fmp-components.com\/wp-content\/uploads\/2024\/12\/Lawn-Mower-Gearbox-11-480x290.webp 480w\" sizes=\"(min-width: 0px) and (max-width: 480px) 480px, (min-width: 481px) and (max-width: 980px) 980px, (min-width: 981px) 1256px, 100vw\" \/><\/p>\n<h2>FMP-GC325-hinattavan ruohonleikkurin vaihteiston yleisi\u00e4 k\u00e4ytt\u00f6tarkoituksia<\/h2>\n<p>FMP-GC325-hihnojen vaihteisto on suunniteltu monenlaisiin maatalous- ja maisemointiteht\u00e4viin, ja se tarjoaa tehokkaan voimansiirron ja luotettavan suorituskyvyn. Alla on lueteltu joitakin FMP-GC325-vaihteiston yleisimpi\u00e4 k\u00e4ytt\u00f6tarkoituksia:<\/p>\n<ol>\n<li>Laidunten niitto:\n<ul>\n<li>FMP-GC325-vaihteistoa k\u00e4ytet\u00e4\u00e4n yleisesti laidunten niitossa, jossa se auttaa hallitsemaan laajoja nurmialueita. Se k\u00e4ytt\u00e4\u00e4 tehokkaasti py\u00f6r\u00f6leikkureita tai ruohonleikkureita tihe\u00e4n kasvillisuuden k\u00e4sittelyss\u00e4 ja terveen laidunmaan yll\u00e4pit\u00e4misess\u00e4.<\/li>\n<\/ul>\n<\/li>\n<li>Kent\u00e4n kunnossapito:\n<ul>\n<li>T\u00e4m\u00e4 vaihteisto sopii erinomaisesti peltojen hoitoon, mukaan lukien rikkaruohojen, ruohon ja aluskasvillisuuden leikkaaminen pelloilla, hedelm\u00e4tarhoilla ja viinitarhoilla. Sen monipuolisuus mahdollistaa sen yhdist\u00e4misen erilaisiin leikkuulaitteisiin, mik\u00e4 mukautuu erilaisten peltotyyppien erityistarpeisiin.<\/li>\n<\/ul>\n<\/li>\n<li>Tienvarren ruohonleikkuu:\n<ul>\n<li>Maaseudun ja teiden kunnossapidossa FMP-GC325-vaihteisto k\u00e4ytt\u00e4\u00e4 per\u00e4ss\u00e4 vedett\u00e4vi\u00e4 ruohonleikkureita, joita k\u00e4ytet\u00e4\u00e4n tienvarsien kasvillisuuden raivaamiseen varmistaen esteett\u00f6m\u00e4n n\u00e4kyvyyden ja turvalliset ajo-olosuhteet. Se leikkaa ruohoa, pensaita ja pieni\u00e4 puita tienvarsien, ojien ja pengerrysten varsilta.<\/li>\n<\/ul>\n<\/li>\n<li>Maanraivaus ja risunleikkaus:\n<ul>\n<li>FMP-GC325 on eritt\u00e4in tehokas maanraivauksessa, erityisesti k\u00e4ytettyn\u00e4 raskaiden py\u00f6r\u00f6leikkureiden tai risuniittoreiden kanssa. Se sopii erinomaisesti tihe\u00e4n kasvillisuuden, pensaiden ja umpeenkasvaneiden alueiden raivaamiseen ja maan valmisteluun maatalousk\u00e4ytt\u00f6\u00f6n tai rakentamiseen.<\/li>\n<\/ul>\n<\/li>\n<li>Suurten alueiden ja virkistysalueiden yll\u00e4pito:\n<ul>\n<li>FMP-GC325-vaihteistoa k\u00e4ytet\u00e4\u00e4n my\u00f6s suurten avointen alueiden, kuten puistojen, golfkenttien ja urheilukenttien, kunnossapitoon. Se voi k\u00e4ytt\u00e4\u00e4 leveit\u00e4 leikkuulaitteita varmistaen tehokkaan ja tasaisen ruohonleikkuun laajoilla alueilla.<\/li>\n<\/ul>\n<\/li>\n<\/ol>\n<p>Tarjoamalla luotettavaa ja monipuolista suorituskyky\u00e4, FMP-GC325-hihnojen vaihteisto tukee erilaisia \u200b\u200bk\u00e4ytt\u00f6tarkoituksia laidunten leikkaamisesta ja maan raivaamisesta laajojen alueiden hoitoon, mik\u00e4 tekee siit\u00e4 olennaisen osan maatalous- ja maisemointikoneissa.<\/p>\n<p><img loading=\"lazy\" decoding=\"async\" class=\"alignnone size-full wp-image-2061\" src=\"https:\/\/fmp-components.com\/wp-content\/uploads\/2024\/12\/Trailing-Mower-Gearbox-EP-GC325-Common-Applications.webp\" alt=\"Hinattavan-leikkurin-vaihteisto-FMP-GC325-yleisi\u00e4-sovelluksia\" width=\"980\" height=\"551\" title=\"\" srcset=\"https:\/\/fmp-components.com\/wp-content\/uploads\/2024\/12\/Trailing-Mower-Gearbox-EP-GC325-Common-Applications.webp 980w, https:\/\/fmp-components.com\/wp-content\/uploads\/2024\/12\/Trailing-Mower-Gearbox-EP-GC325-Common-Applications-480x270.webp 480w\" sizes=\"(min-width: 0px) and (max-width: 480px) 480px, (min-width: 481px) 980px, 100vw\" \/><\/p>\n<div class=\"flex max-w-full flex-col flex-grow\">\n<div class=\"min-h-8 text-message flex w-full flex-col items-end gap-2 whitespace-normal break-words text-start [.text-message+&amp;]:mt-5\" dir=\"auto\" data-message-author-role=\"assistant\" data-message-id=\"f0e5c835-c083-47c5-957f-0b86b6a1a5cd\" data-message-model-slug=\"gpt-4o\">\n<div class=\"flex w-full flex-col gap-1 empty:hidden first:pt-[3px]\">\n<div class=\"markdown prose w-full break-words dark:prose-invert light\">\n<h3>Tietoja FMP:st\u00e4<\/h3>\n<p>Italiassa p\u00e4\u00e4konttoriaan pit\u00e4v\u00e4 FMP on johtava valmistaja, joka tunnetaan asiantuntemuksestaan \u200b\u200bkorkean suorituskyvyn vaihteistojen suunnittelussa, kehitt\u00e4misess\u00e4 ja tuotannossa, palveleen p\u00e4\u00e4asiassa maatalouskonesektoria. Tarkkuudestaan, innovaatioistaan \u200b\u200bja horjumattomasta luotettavuudestaan \u200b\u200btunnettu FMP on luonut vahvan maineen toimittamalla ensiluokkaisia \u200b\u200btuotteita, jotka vastaavat maatalous- ja teollisuusteollisuuden jatkuvasti kehittyviin vaatimuksiin. Monipuolinen tuotevalikoimamme sis\u00e4lt\u00e4\u00e4 ruohonleikkureiden, nivelakseleiden ja muiden kriittisten komponenttien erikoisvaihteistoja, jotka kaikki on suunniteltu tarjoamaan r\u00e4\u00e4t\u00e4l\u00f6ityj\u00e4 ratkaisuja laajaan k\u00e4ytt\u00f6tarkoitukseen.<\/p>\n<p>FMP:ll\u00e4 ymm\u00e4rr\u00e4mme, ett\u00e4 jokaisella asiakkaalla on ainutlaatuiset tarpeet ja haasteet. Siksi olemme erikoistuneet r\u00e4\u00e4t\u00e4l\u00f6ityjen ratkaisujen tarjoamiseen \u2013 olipa kyse sitten yksitt\u00e4isist\u00e4 komponenteista tai t\u00e4ysin integroiduista j\u00e4rjestelmist\u00e4. K\u00e4yt\u00e4mme yhteisty\u00f6h\u00f6n perustuvaa l\u00e4hestymistapaa ja teemme tiivist\u00e4 yhteisty\u00f6t\u00e4 asiakkaidemme kanssa varmistaaksemme, ett\u00e4 jokainen ratkaisu on sek\u00e4 eritt\u00e4in tehokas ett\u00e4 tuloksellinen. Sitoutumisemme nopeisiin ja ammattimaisiin vastauksiin sek\u00e4 asiantuntevaan ohjaukseen varmistaa, ett\u00e4 jokaiseen tiedusteluun vastataan \u00e4\u00e4rimm\u00e4isen huolellisesti ja tarkasti.<\/p>\n<p>Painotamme avointa ja jatkuvaa viestint\u00e4\u00e4, erityisesti uusien tuotteiden kehitt\u00e4misess\u00e4. Omistautunut tiimimme ty\u00f6skentelee suoraan asiakkaiden kanssa ymm\u00e4rt\u00e4\u00e4kseen t\u00e4ysin heid\u00e4n tarpeensa ja tarjotakseen k\u00e4yt\u00e4nn\u00f6nl\u00e4heisi\u00e4 n\u00e4kemyksi\u00e4, jotka johtavat optimaalisiin ratkaisuihin. Olipa kyse innovatiivisten tuotteiden suunnittelusta tai olemassa olevien tilausten t\u00e4ytt\u00e4misest\u00e4, olemme sitoutuneet toimittamaan korkealaatuisia, tarkasti suunniteltuja ratkaisuja nopeasti ja luotettavasti.<\/p>\n<p>FMP:n toiminnan ytimess\u00e4 on tinkim\u00e4t\u00f6n keskittyminen laatuun. Noudatamme korkeimpia valmistusstandardeja ja toteutamme tiukkoja laadunvalvontatoimenpiteit\u00e4 varmistaaksemme, ett\u00e4 jokainen tuote t\u00e4ytt\u00e4\u00e4 tai ylitt\u00e4\u00e4 alan odotukset. Omistautumisemme laatuun yhdistettyn\u00e4 ydinarvoihimme, kuten rehellisyyteen, tiimity\u00f6h\u00f6n ja sinnikkyyteen, on mahdollistanut kest\u00e4vien ja luottamuksellisten asiakassuhteiden rakentamisen l\u00e4hes 30 maassa maailmanlaajuisesti.<\/p>\n<p>FMP on aina avoin globaalien kumppanuuksien edist\u00e4miselle ja on edelleen sitoutunut tarjoamaan asiantuntevaa neuvontaa ja r\u00e4\u00e4t\u00e4l\u00f6ityj\u00e4 ratkaisuja asiakkaidemme moninaisten tarpeiden t\u00e4ytt\u00e4miseksi. Emme tyydy pelk\u00e4st\u00e4\u00e4n tuotteiden toimittamiseen \u2013 pyrimme rakentamaan pitk\u00e4aikaisia \u200b\u200b\u200b\u200bsuhteita, jotka edist\u00e4v\u00e4t jokaisen projektin onnistumista. Tarvitsetpa sitten innovatiivisia ratkaisuja uuteen aloitteeseen tai jatkuvaa tukea olemassa olevalle j\u00e4rjestelm\u00e4lle, FMP on t\u00e4\u00e4ll\u00e4 vastaamassa teknisiin haasteisiisi ja auttamassa varmistamaan jatkuvan menestyksesi.<\/p>\n<p><img loading=\"lazy\" decoding=\"async\" class=\"alignnone size-full wp-image-1861\" src=\"https:\/\/fmp-components.com\/wp-content\/uploads\/2024\/12\/Other-Agricultural-Gearboxes.webp\" sizes=\"(min-width: 0px) and (max-width: 480px) 480px, (min-width: 481px) and (max-width: 980px) 980px, (min-width: 981px) 1200px, 100vw\" srcset=\"https:\/\/fmp-components.com\/wp-content\/uploads\/2024\/12\/Other-Agricultural-Gearboxes.webp 1200w, https:\/\/fmp-components.com\/wp-content\/uploads\/2024\/12\/Other-Agricultural-Gearboxes-980x1143.webp 980w, https:\/\/fmp-components.com\/wp-content\/uploads\/2024\/12\/Other-Agricultural-Gearboxes-480x560.webp 480w\" alt=\"Altri-cambi-agricoli\" width=\"1200\" height=\"1400\" title=\"\"><\/p>\n<p>Tekij\u00e4: CX<\/p>\n<\/div>\n<\/div>\n<\/div>\n<\/div>","protected":false},"excerpt":{"rendered":"<p>Dimensions of Trailing Mower Gearbox FMP-GC325\u00a0 Trailing Mower Gearbox FMP-GC325 Shaft Dimensions Trailing Mower Gearbox FMP-GC325 Technical Data i Suitable Rpm input Rpm output KW(Nom) Output torque Toothing r\/min r\/min hp N.m Speed increase 1: 1 Lawn Mower, etc 540 540 160 1400 Gleason Helical Teeth Remark: If you have any special require feel free [&hellip;]<\/p>","protected":false},"featured_media":2060,"comment_status":"open","ping_status":"closed","template":"","meta":{"_et_pb_use_builder":"","_et_pb_old_content":"","_et_gb_content_width":""},"product_brand":[],"product_cat":[52],"product_tag":[],"class_list":{"0":"post-2054","1":"product","2":"type-product","3":"status-publish","4":"has-post-thumbnail","6":"product_cat-lawn-mower-gearbox","8":"first","9":"instock","10":"shipping-taxable","11":"product-type-simple"},"_links":{"self":[{"href":"https:\/\/fmp-components.com\/fi\/wp-json\/wp\/v2\/product\/2054","targetHints":{"allow":["GET"]}}],"collection":[{"href":"https:\/\/fmp-components.com\/fi\/wp-json\/wp\/v2\/product"}],"about":[{"href":"https:\/\/fmp-components.com\/fi\/wp-json\/wp\/v2\/types\/product"}],"replies":[{"embeddable":true,"href":"https:\/\/fmp-components.com\/fi\/wp-json\/wp\/v2\/comments?post=2054"}],"wp:featuredmedia":[{"embeddable":true,"href":"https:\/\/fmp-components.com\/fi\/wp-json\/wp\/v2\/media\/2060"}],"wp:attachment":[{"href":"https:\/\/fmp-components.com\/fi\/wp-json\/wp\/v2\/media?parent=2054"}],"wp:term":[{"taxonomy":"product_brand","embeddable":true,"href":"https:\/\/fmp-components.com\/fi\/wp-json\/wp\/v2\/product_brand?post=2054"},{"taxonomy":"product_cat","embeddable":true,"href":"https:\/\/fmp-components.com\/fi\/wp-json\/wp\/v2\/product_cat?post=2054"},{"taxonomy":"product_tag","embeddable":true,"href":"https:\/\/fmp-components.com\/fi\/wp-json\/wp\/v2\/product_tag?post=2054"}],"curies":[{"name":"wp","href":"https:\/\/api.w.org\/{rel}","templated":true}]}}