{"id":2044,"date":"2024-12-30T01:19:46","date_gmt":"2024-12-30T01:19:46","guid":{"rendered":"https:\/\/fmp-components.com\/?page_id=8"},"modified":"2024-12-30T01:41:45","modified_gmt":"2024-12-30T01:41:45","slug":"pull-behind-mower-gearbox-trailing-mower-gearbox-fmp-gc281-replacement-of-comer-t-279d","status":"publish","type":"product","link":"https:\/\/fmp-components.com\/fi\/product\/pull-behind-mower-gearbox-trailing-mower-gearbox-fmp-gc281-replacement-of-comer-t-279d\/","title":{"rendered":"Vedett\u00e4v\u00e4n ruohonleikkurin vaihteisto (Hinattavan ruohonleikkurin vaihteisto) FMP-GC281, Comer T-279D:n vaihto"},"content":{"rendered":"<p><img loading=\"lazy\" decoding=\"async\" class=\"size-full wp-image-2049 aligncenter\" src=\"https:\/\/fmp-components.com\/wp-content\/uploads\/2024\/12\/Lawn-Mower-Gearbox-10.webp\" alt=\"Ruohonleikkurin vaihdelaatikko\" width=\"500\" height=\"500\" title=\"\" srcset=\"https:\/\/fmp-components.com\/wp-content\/uploads\/2024\/12\/Lawn-Mower-Gearbox-10.webp 500w, https:\/\/fmp-components.com\/wp-content\/uploads\/2024\/12\/Lawn-Mower-Gearbox-10-480x480.webp 480w\" sizes=\"(min-width: 0px) and (max-width: 480px) 480px, (min-width: 481px) 500px, 100vw\" \/><\/p>\n<h2>Comer T-279D:n vaihteiston vaihtoter\u00e4n mitat<\/h2>\n<p><img loading=\"lazy\" decoding=\"async\" class=\"alignnone size-full wp-image-2047\" src=\"https:\/\/fmp-components.com\/wp-content\/uploads\/2024\/12\/Trailing-Mower-Gearbox-Replacement-of-Comer-T-279D-Dimensions.webp\" alt=\"Hinattavan-leikkurin-vaihteiston-vaihto-Comer-T-279D-mitat\" width=\"1222\" height=\"807\" title=\"\" srcset=\"https:\/\/fmp-components.com\/wp-content\/uploads\/2024\/12\/Trailing-Mower-Gearbox-Replacement-of-Comer-T-279D-Dimensions.webp 1222w, https:\/\/fmp-components.com\/wp-content\/uploads\/2024\/12\/Trailing-Mower-Gearbox-Replacement-of-Comer-T-279D-Dimensions-980x647.webp 980w, https:\/\/fmp-components.com\/wp-content\/uploads\/2024\/12\/Trailing-Mower-Gearbox-Replacement-of-Comer-T-279D-Dimensions-480x317.webp 480w\" sizes=\"(min-width: 0px) and (max-width: 480px) 480px, (min-width: 481px) and (max-width: 980px) 980px, (min-width: 981px) 1222px, 100vw\" \/><\/p>\n<h2>Hinattavan ruohonleikkurin vaihteiston vaihto Comer T-279D:n akselin mitoille<\/h2>\n<p><img loading=\"lazy\" decoding=\"async\" class=\"alignnone size-full wp-image-2046\" src=\"https:\/\/fmp-components.com\/wp-content\/uploads\/2024\/12\/Trailing-Mower-Gearbox-Replacement-of-Comer-T-279D-Shaft-Dimensions.webp\" alt=\"Hinattavan-leikkurin-vaihteiston-vaihto-Comer-T-279D-akselin-mitat\" width=\"1138\" height=\"347\" title=\"\" srcset=\"https:\/\/fmp-components.com\/wp-content\/uploads\/2024\/12\/Trailing-Mower-Gearbox-Replacement-of-Comer-T-279D-Shaft-Dimensions.webp 1138w, https:\/\/fmp-components.com\/wp-content\/uploads\/2024\/12\/Trailing-Mower-Gearbox-Replacement-of-Comer-T-279D-Shaft-Dimensions-980x299.webp 980w, https:\/\/fmp-components.com\/wp-content\/uploads\/2024\/12\/Trailing-Mower-Gearbox-Replacement-of-Comer-T-279D-Shaft-Dimensions-480x146.webp 480w\" sizes=\"(min-width: 0px) and (max-width: 480px) 480px, (min-width: 481px) and (max-width: 980px) 980px, (min-width: 981px) 1138px, 100vw\" \/><\/p>\n<h2>Comer T-279D:n hinattavan ruohonleikkurin vaihteiston vaihto Tekniset tiedot<\/h2>\n<table style=\"width: 97.533%; height: 129px;\" border=\"1\" cellspacing=\"0\" cellpadding=\"0\">\n<tbody>\n<tr>\n<td colspan=\"3\" rowspan=\"2\">min\u00e4<\/td>\n<td rowspan=\"2\">Sopii<\/td>\n<td>Kierroslukutulo<\/td>\n<td>Kierrosluku<\/td>\n<td>kW (nim.)<\/td>\n<td>L\u00e4ht\u00f6momentti<\/td>\n<td rowspan=\"2\">Hammastus<\/td>\n<\/tr>\n<tr>\n<td>kierrosta minuutissa<\/td>\n<td>kierrosta minuutissa<\/td>\n<td>hv<\/td>\n<td>Nm<\/td>\n<\/tr>\n<tr>\n<td colspan=\"2\">Nopeuden lis\u00e4ys<\/td>\n<td>1: 1<\/td>\n<td>Ruohonleikkuri yms.<\/td>\n<td>540<\/td>\n<td>540<\/td>\n<td>85<\/td>\n<td>1400<\/td>\n<td>Gleason Helical<br \/>\nHampaat<\/td>\n<\/tr>\n<tr>\n<td colspan=\"9\">Huomautus: Jos sinulla on erityisvaatimuksia, kerro siit\u00e4 minulle, hyv\u00e4ksymme my\u00f6s mittatilausty\u00f6n\u00e4 tehdyt tarjoukset.<\/td>\n<\/tr>\n<\/tbody>\n<\/table>\n<h2>Vedett\u00e4v\u00e4n ruohonleikkurin ter\u00e4palkki (hinattava ruohonleikkurin ter\u00e4palkki) FMP-GT Mitat<\/h2>\n<p><img loading=\"lazy\" decoding=\"async\" class=\"alignnone size-full wp-image-2053\" src=\"https:\/\/fmp-components.com\/wp-content\/uploads\/2024\/12\/Pull-behind-Mower-Cutter-Bar-Trailing-Mower-Cutter-Bar.webp\" alt=\"Vedett\u00e4v\u00e4-leikkuri-leikkuri-ter\u00e4palkki-hiottava-leikkuri-ter\u00e4palkki\" width=\"805\" height=\"1024\" title=\"\" srcset=\"https:\/\/fmp-components.com\/wp-content\/uploads\/2024\/12\/Pull-behind-Mower-Cutter-Bar-Trailing-Mower-Cutter-Bar.webp 805w, https:\/\/fmp-components.com\/wp-content\/uploads\/2024\/12\/Pull-behind-Mower-Cutter-Bar-Trailing-Mower-Cutter-Bar-480x611.webp 480w\" sizes=\"(min-width: 0px) and (max-width: 480px) 480px, (min-width: 481px) 805px, 100vw\" \/><\/p>\n<p><img loading=\"lazy\" decoding=\"async\" class=\"alignnone size-full wp-image-2045\" src=\"https:\/\/fmp-components.com\/wp-content\/uploads\/2024\/12\/Pull-behind-Mower-Cutter-Bar-Trailing-Mower-Cutter-Bar-FMP-GT-Dimensions.webp\" alt=\"Vedett\u00e4v\u00e4n-leikkurin-ter\u00e4palkin-hiottavan-leikkurin-ter\u00e4palkin-FMP-GT-mitat\" width=\"1140\" height=\"822\" title=\"\" srcset=\"https:\/\/fmp-components.com\/wp-content\/uploads\/2024\/12\/Pull-behind-Mower-Cutter-Bar-Trailing-Mower-Cutter-Bar-FMP-GT-Dimensions.webp 1140w, https:\/\/fmp-components.com\/wp-content\/uploads\/2024\/12\/Pull-behind-Mower-Cutter-Bar-Trailing-Mower-Cutter-Bar-FMP-GT-Dimensions-980x707.webp 980w, https:\/\/fmp-components.com\/wp-content\/uploads\/2024\/12\/Pull-behind-Mower-Cutter-Bar-Trailing-Mower-Cutter-Bar-FMP-GT-Dimensions-480x346.webp 480w\" sizes=\"(min-width: 0px) and (max-width: 480px) 480px, (min-width: 481px) and (max-width: 980px) 980px, (min-width: 981px) 1140px, 100vw\" \/><\/p>\n<h2>Vedett\u00e4v\u00e4n leikkurin ter\u00e4palkin tiedot (hinattava leikkurin ter\u00e4palkki)<\/h2>\n<table style=\"width: 95.185%; height: 221px;\" border=\"1\" cellspacing=\"0\" cellpadding=\"0\">\n<tbody>\n<tr>\n<td style=\"width: 38.3655%;\">Mallinumero<\/td>\n<td style=\"width: 29.6254%;\">FMP-GT06<\/td>\n<td style=\"width: 31.7821%;\">FMP-GT07<\/td>\n<\/tr>\n<tr>\n<td style=\"width: 38.3655%;\">MOP (kw\/hv)<\/td>\n<td style=\"width: 29.6254%;\">52\/70<\/td>\n<td style=\"width: 31.7821%;\">66\/90<\/td>\n<\/tr>\n<tr>\n<td style=\"width: 38.3655%;\">Ty\u00f6leveys (m)<\/td>\n<td style=\"width: 29.6254%;\">2.5<\/td>\n<td style=\"width: 31.7821%;\">3.0<\/td>\n<\/tr>\n<tr>\n<td style=\"width: 38.3655%;\">leikkurin numero (n)<\/td>\n<td style=\"width: 29.6254%;\">6<\/td>\n<td style=\"width: 31.7821%;\">7<\/td>\n<\/tr>\n<tr>\n<td style=\"width: 38.3655%;\">Terien lukum\u00e4\u00e4r\u00e4 (n)<\/td>\n<td style=\"width: 29.6254%;\">12<\/td>\n<td style=\"width: 31.7821%;\">14<\/td>\n<\/tr>\n<tr>\n<td style=\"width: 38.3655%;\">Kierrosluku (r\/min)<\/td>\n<td style=\"width: 61.4075%;\" colspan=\"2\">3000<\/td>\n<\/tr>\n<tr>\n<td style=\"width: 38.3655%;\">Kierrosluku (r\/min)<\/td>\n<td style=\"width: 61.4075%;\" colspan=\"2\">3000<\/td>\n<\/tr>\n<tr>\n<td style=\"width: 99.773%;\" colspan=\"3\">Huomautus: Jos sinulla on erityisvaatimuksia, kerro siit\u00e4 minulle, hyv\u00e4ksymme my\u00f6s mittatilausty\u00f6n\u00e4 tehdyt tarjoukset.<\/td>\n<\/tr>\n<\/tbody>\n<\/table>\n<h2>T-279D-vedett\u00e4v\u00e4n ruohonleikkurin vaihteiston vaihtamisen edut<\/h2>\n<p>T-279D-ruohonleikkurin vaihteisto tarjoaa lukuisia etuja, mik\u00e4 tekee siit\u00e4 erinomaisen valinnan maatalous- ja maisemointialan k\u00e4ytt\u00e4jille. T\u00e4ss\u00e4 on joitakin T-279D-ruohonleikkurin vaihteiston t\u00e4rkeimmist\u00e4 eduista:<\/p>\n<ol>\n<li>Poikkeuksellinen kest\u00e4vyys:\n<ul>\n<li>T-279D-vaihteisto on rakennettu kest\u00e4m\u00e4\u00e4n ulkok\u00e4yt\u00f6n ankaria olosuhteita, ja sen korkealaatuiset materiaalit takaavat pitk\u00e4n k\u00e4ytt\u00f6i\u00e4n my\u00f6s ep\u00e4tasaisessa maastossa.<\/li>\n<li>Sen kest\u00e4v\u00e4 rakenne minimoi usein teht\u00e4vien korjausten tai osien vaihtotarpeen, mik\u00e4 tarjoaa merkitt\u00e4vi\u00e4 kustannuss\u00e4\u00e4st\u00f6j\u00e4 ja v\u00e4hent\u00e4\u00e4 seisokkiaikoja.<\/li>\n<\/ul>\n<\/li>\n<li>Tehokas voimansiirto:\n<ul>\n<li>T\u00e4m\u00e4 vaihteisto on suunniteltu siirt\u00e4m\u00e4\u00e4n tehokkaasti voimaa traktorin voimanottoakselilta (voimanottoakseli) leikkurin teriin tai leikkuumekanismiin varmistaen optimaalisen leikkuutehon.<\/li>\n<li>Tehokas voimansiirto takaa tasaisen toiminnan, mik\u00e4 mahdollistaa tarkan ja luotettavan ruohon ja kasvillisuuden leikkaamisen jopa haastavissa ymp\u00e4rist\u00f6iss\u00e4.<\/li>\n<\/ul>\n<\/li>\n<li>Monipuolisuus ja yhteensopivuus:\n<ul>\n<li>T-279D on yhteensopiva monenlaisten py\u00f6r\u00f6leikkureiden ja ruohonleikkureiden kanssa, mik\u00e4 tarjoaa monipuolisuutta k\u00e4ytt\u00e4jille, joilla on vaihtelevia tarpeita.<\/li>\n<li>K\u00e4ytitp\u00e4 sit\u00e4 sitten kevyeen nurmikonleikkuuseen tai raskaaseen kasvillisuuden leikkaamiseen, t\u00e4m\u00e4 vaihteisto mahdollistaa mukautumisen erilaisiin laitetyyppeihin ja tarjoaa joustavuutta monenlaisiin teht\u00e4viin.<\/li>\n<\/ul>\n<\/li>\n<li>Sujuva ja hiljainen toiminta:\n<ul>\n<li>Sujuvaan ja t\u00e4rin\u00e4tt\u00f6m\u00e4\u00e4n toimintaan suunniteltu T-279D-vaihteisto minimoi ei-toivotut t\u00e4rin\u00e4t, jotka voivat johtaa laitteiden kulumiseen.<\/li>\n<li>T\u00e4m\u00e4 tasainen suorituskyky parantaa leikkuun tarkkuutta, v\u00e4hent\u00e4\u00e4 k\u00e4ytt\u00e4j\u00e4n v\u00e4symist\u00e4 ja luo mukavamman ja nautinnollisemman leikkuukokemuksen.<\/li>\n<\/ul>\n<\/li>\n<li>Helppo huolto ja huollettavuus:\n<ul>\n<li>T-279D-vaihteisto on suunniteltu helppoa huoltoa varten, ja siin\u00e4 on k\u00e4yt\u00e4nn\u00f6llisi\u00e4 ominaisuuksia, kuten \u00f6ljyn t\u00e4ytt\u00f6- ja tyhjennystulpat, jotka yksinkertaistavat \u00f6ljynvaihtoja ja voiteluteht\u00e4vi\u00e4.<\/li>\n<li>T\u00e4m\u00e4 helppo huolto varmistaa, ett\u00e4 vaihdelaatikko pysyy huippukunnossa, mik\u00e4 pident\u00e4\u00e4 sen k\u00e4ytt\u00f6ik\u00e4\u00e4 ja minimoi seisokkiajat, jotta voit pit\u00e4\u00e4 laitteesi toiminnassa tehokkaasti.<\/li>\n<\/ul>\n<\/li>\n<\/ol>\n<p>Valitsemalla T-279D-vedett\u00e4v\u00e4n ruohonleikkurin vaihteiston k\u00e4ytt\u00e4j\u00e4t saavat k\u00e4ytt\u00f6\u00f6si kest\u00e4v\u00e4n, tehokkaan ja monipuolisen ratkaisun, joka tarjoaa sujuvan toiminnan ja helpon huollon. T\u00e4m\u00e4 vaihteisto on luotettava valinta niille, jotka haluavat parantaa ruohonleikkuu- ja maatalouslaitteidensa suorituskyky\u00e4 ja pitk\u00e4ik\u00e4isyytt\u00e4.<\/p>\n<p><img loading=\"lazy\" decoding=\"async\" class=\"alignnone size-full wp-image-2050\" src=\"https:\/\/fmp-components.com\/wp-content\/uploads\/2024\/12\/Agricultural-Gearbox-Manufacturers-14-scaled.webp\" alt=\"Maatalousvaihteistojen valmistajat\" width=\"2560\" height=\"1920\" title=\"\" srcset=\"https:\/\/fmp-components.com\/wp-content\/uploads\/2024\/12\/Agricultural-Gearbox-Manufacturers-14-scaled.webp 2560w, https:\/\/fmp-components.com\/wp-content\/uploads\/2024\/12\/Agricultural-Gearbox-Manufacturers-14-1280x960.webp 1280w, https:\/\/fmp-components.com\/wp-content\/uploads\/2024\/12\/Agricultural-Gearbox-Manufacturers-14-980x735.webp 980w, https:\/\/fmp-components.com\/wp-content\/uploads\/2024\/12\/Agricultural-Gearbox-Manufacturers-14-480x360.webp 480w\" sizes=\"(min-width: 0px) and (max-width: 480px) 480px, (min-width: 481px) and (max-width: 980px) 980px, (min-width: 981px) and (max-width: 1280px) 1280px, (min-width: 1281px) 2560px, 100vw\" \/><\/p>\n<h2>Comer T-279D -traktorin vaihteiston k\u00e4ytt\u00f6 maataloudessa<\/h2>\n<p>T-279D-niittokoneen vaihteistoa k\u00e4ytet\u00e4\u00e4n laajalti erilaisissa maataloussovelluksissa kest\u00e4vyytens\u00e4, tehokkuutensa ja monipuolisuutensa ansiosta. Alla on joitakin t\u00e4rkeimmist\u00e4 sovelluksista, joissa t\u00e4m\u00e4 vaihteisto loistaa:<\/p>\n<ol>\n<li>Laidunten niitto:\n<ul>\n<li>Yksi T-279D-vaihteiston ensisijaisista k\u00e4ytt\u00f6tarkoituksista on laidunten ja ruohoalueiden niitto. Sit\u00e4 k\u00e4ytet\u00e4\u00e4n yleisesti py\u00f6r\u00f6leikkureiden tai ruohonleikkureiden vet\u00e4miseen traktoreiden per\u00e4ss\u00e4 suurten ruohoalueiden tehokkaaseen k\u00e4sittelyyn.<\/li>\n<li>Vaihteiston kest\u00e4v\u00e4 rakenne ja tehokas voimansiirto takaavat tasaisen suorituskyvyn my\u00f6s vaativissa laidunleikkuuolosuhteissa.<\/li>\n<\/ul>\n<\/li>\n<li>Kent\u00e4n kunnossapito:\n<ul>\n<li>T-279D-vaihteisto on my\u00f6s v\u00e4ltt\u00e4m\u00e4t\u00f6n peltojen kunnossapidossa. Sit\u00e4 k\u00e4ytet\u00e4\u00e4n usein rikkaruohojen, aluskasvillisuuden ja ruohon leikkaamiseen pelloilla, hedelm\u00e4tarhoissa tai viinitarhoissa.<\/li>\n<li>Sen yhteensopivuus erilaisten leikkuulaitteiden kanssa tekee siit\u00e4 monipuolisen ty\u00f6kalun erilaisiin pellonhoitoteht\u00e4viin, jolloin viljelij\u00e4t voivat s\u00e4\u00e4t\u00e4\u00e4 vaihteistoa vastaamaan satojensa erityistarpeita.<\/li>\n<\/ul>\n<\/li>\n<li>Tienvarren ruohonleikkuu:\n<ul>\n<li>Maaseutualueilla s\u00e4\u00e4nn\u00f6llinen tienvarsien leikkaaminen on v\u00e4ltt\u00e4m\u00e4t\u00f6nt\u00e4 n\u00e4kyvyyden ja turvallisuuden yll\u00e4pit\u00e4miseksi moottoriteill\u00e4 ja maaseututeill\u00e4. T-279D-vaihteistoa k\u00e4ytet\u00e4\u00e4n usein hinattavissa ruohonleikkureissa n\u00e4iss\u00e4 sovelluksissa.<\/li>\n<li>Se hoitaa tehokkaasti ruohon, pensaiden ja muun kasvillisuuden leikkaamisen teiden, ojien ja pengerrysten varsilla varmistaen turvalliset ja esteett\u00f6m\u00e4t tiet kulkijoille.<\/li>\n<\/ul>\n<\/li>\n<li>Maanraivaus:\n<ul>\n<li>T-279D-vaihteisto on erinomainen ratkaisu maanraivaukseen, erityisesti tihe\u00e4n kasvillisuuden tai liikakasvuston omaavilla alueilla. Se yhdistet\u00e4\u00e4n tyypillisesti tehokkaisiin py\u00f6r\u00f6leikkureihin tai risutraktoreihin maan tehokkaaseen raivaukseen.<\/li>\n<li>Olipa kyse sitten maan viljelyyn valmistelusta tai umpeenkasvaneiden alueiden muuttamisesta k\u00e4ytt\u00f6kelpoiseksi maatalousmaaksi, T-279D-vaihteisto mahdollistaa nopean ja tehokkaan kasvillisuuden hallinnan.<\/li>\n<\/ul>\n<\/li>\n<li>Suurten tontien hoito:\n<ul>\n<li>T-279D-vaihteisto sopii erinomaisesti my\u00f6s suurten alueiden, kuten puistojen, urheilukenttien, golfkenttien ja virkistysalueiden, hoitoon.<\/li>\n<li>Se voi vet\u00e4\u00e4 leveit\u00e4 leikkuulaitteita tai useita py\u00f6r\u00f6leikkureita, mik\u00e4 mahdollistaa nopean ja tasaisen ruohonleikkuun ja varmistaa, ett\u00e4 laajoja alueita hoidetaan tehokkaasti ja minimaalisella vaivalla.<\/li>\n<\/ul>\n<\/li>\n<\/ol>\n<p>T-279D-niittokoneen vaihteisto on monipuolinen ja luotettava ratkaisu monenlaisiin maatalous- ja maisemointiteht\u00e4viin. Olipa kyseess\u00e4 sitten laidunten leikkaaminen, peltojen hoito, maan raivaus tai laajojen alueiden hallinta, t\u00e4m\u00e4 vaihteisto tarjoaa kest\u00e4vyytt\u00e4 ja tehoa tehokkaaseen k\u00e4ytt\u00f6\u00f6n erilaisissa ulko-olosuhteissa.<\/p>\n<table style=\"width: 96.2203%; height: 298px;\" border=\"1\" width=\"100%\" cellspacing=\"0\" cellpadding=\"0\">\n<tbody>\n<tr style=\"height: 298px;\">\n<td style=\"height: 298px; width: 49.9439%;\" width=\"110\"><img loading=\"lazy\" decoding=\"async\" class=\"alignnone size-full wp-image-2051\" src=\"https:\/\/fmp-components.com\/wp-content\/uploads\/2024\/12\/Trailing-Mower-Gearbox-Replacement-of-Comer-T-279D-Applications-2.webp\" alt=\"Hinattavan-leikkurin-vaihteiston-vaihto-Comer-T-279D-sovelluksissa-2\" width=\"782\" height=\"525\" title=\"\" srcset=\"https:\/\/fmp-components.com\/wp-content\/uploads\/2024\/12\/Trailing-Mower-Gearbox-Replacement-of-Comer-T-279D-Applications-2.webp 782w, https:\/\/fmp-components.com\/wp-content\/uploads\/2024\/12\/Trailing-Mower-Gearbox-Replacement-of-Comer-T-279D-Applications-2-480x322.webp 480w\" sizes=\"(min-width: 0px) and (max-width: 480px) 480px, (min-width: 481px) 782px, 100vw\" \/><\/td>\n<td style=\"height: 298px; width: 49.8316%;\" width=\"98\"><img loading=\"lazy\" decoding=\"async\" class=\"alignnone size-full wp-image-2052\" src=\"https:\/\/fmp-components.com\/wp-content\/uploads\/2024\/12\/Trailing-Mower-Gearbox-Replacement-of-Comer-T-279D-Applications-1.webp\" alt=\"Comer-T-279D-traktorin vaihteiston vaihto\" width=\"782\" height=\"525\" title=\"\" srcset=\"https:\/\/fmp-components.com\/wp-content\/uploads\/2024\/12\/Trailing-Mower-Gearbox-Replacement-of-Comer-T-279D-Applications-1.webp 782w, https:\/\/fmp-components.com\/wp-content\/uploads\/2024\/12\/Trailing-Mower-Gearbox-Replacement-of-Comer-T-279D-Applications-1-480x322.webp 480w\" sizes=\"(min-width: 0px) and (max-width: 480px) 480px, (min-width: 481px) 782px, 100vw\" \/><\/td>\n<\/tr>\n<\/tbody>\n<\/table>\n<h2>Comer T-279D -traktorin vaihdelaatikon huolto ja vaihto<\/h2>\n<p>Asianmukainen huolto on v\u00e4ltt\u00e4m\u00e4t\u00f6nt\u00e4 sen varmistamiseksi, ett\u00e4 Comer T-279D -traktorin vaihdelaatikko toimii optimaalisesti ja kest\u00e4\u00e4 vuosia. S\u00e4\u00e4nn\u00f6llisen huoltorutiinin noudattaminen voi auttaa est\u00e4m\u00e4\u00e4n odottamattomia vikoja ja pident\u00e4\u00e4 vaihdelaatikon k\u00e4ytt\u00f6ik\u00e4\u00e4. T\u00e4ss\u00e4 on joitakin t\u00e4rkeit\u00e4 T-279D-vaihteiston huoltovinkkej\u00e4:<\/p>\n<ol>\n<li>S\u00e4\u00e4nn\u00f6llinen voitelu:\n<ul>\n<li>Riitt\u00e4v\u00e4 voitelu on ratkaisevan t\u00e4rke\u00e4\u00e4 sujuvan toiminnan varmistamiseksi ja liiallisen kulumisen est\u00e4miseksi. Noudata aina valmistajan ohjeita k\u00e4ytett\u00e4v\u00e4n voiteluaineen tyypist\u00e4 ja suositelluista \u00f6ljynvaihtov\u00e4leist\u00e4.<\/li>\n<li>Varmista, ett\u00e4 vaihteisto on t\u00e4ytetty oikeaan tasoon asti oikealla voiteluaineella, sill\u00e4 riitt\u00e4m\u00e4t\u00f6n voitelu voi johtaa ylikuumenemiseen ja vaurioitumiseen.<\/li>\n<\/ul>\n<\/li>\n<li>Rutiinitarkastukset:\n<ul>\n<li>Tarkista vaihdelaatikko s\u00e4\u00e4nn\u00f6llisesti kulumisen tai vaurioiden varalta. Etsi vuotoja, l\u00f6ystyneit\u00e4 pultteja tai vaurioituneita tiivisteit\u00e4, jotka voivat vaikuttaa suorituskykyyn.<\/li>\n<li>Kiinnit\u00e4 huomiota kaikkiin ep\u00e4tavallisiin \u00e4\u00e4niin tai t\u00e4rin\u00e4\u00e4n k\u00e4yt\u00f6n aikana, sill\u00e4 ne voivat viitata sis\u00e4isiin ongelmiin. Korjaa mahdolliset ongelmat viipym\u00e4tt\u00e4 v\u00e4ltt\u00e4\u00e4ksesi lis\u00e4vahingot ja kalliit korjaukset.<\/li>\n<\/ul>\n<\/li>\n<li>Puhdistus ja roskien poisto:\n<ul>\n<li>Vaihteiston pit\u00e4minen puhtaana on v\u00e4ltt\u00e4m\u00e4t\u00f6nt\u00e4 sen moitteettoman toiminnan kannalta. Lika, roskat ja ruohonleikkuuj\u00e4tteet voivat kerty\u00e4 ja h\u00e4irit\u00e4 vaihdelaatikon toimintaa.<\/li>\n<li>Puhdista vaihteiston ulkopinta ja sit\u00e4 ymp\u00e4r\u00f6iv\u00e4 alue s\u00e4\u00e4nn\u00f6llisesti varmistaaksesi, ett\u00e4 se pysyy vapaana ep\u00e4puhtauksista, jotka voisivat vaikuttaa sen tehokkuuteen. Muista poistaa kaikki ruoho- ja likakertym\u00e4t jokaisen k\u00e4ytt\u00f6kerran j\u00e4lkeen.<\/li>\n<\/ul>\n<\/li>\n<li>Turvallisuus ennen kaikkea:\n<ul>\n<li>Aseta aina turvallisuus etusijalle T-279D-vaihteiston huollossa. Irrota traktorin voimanottoakseli (PTO) est\u00e4\u00e4ksesi sen vahingossa tapahtuvan k\u00e4ynnistymisen vaihteiston parissa ty\u00f6skennelless\u00e4si.<\/li>\n<li>K\u00e4yt\u00e4 asianmukaisia \u200b\u200bsuojavarusteita, mukaan lukien k\u00e4sineit\u00e4 ja silm\u00e4suojaimia, suojautuaksesi huoltot\u00f6iden aikana.<\/li>\n<\/ul>\n<\/li>\n<\/ol>\n<p>Noudattamalla n\u00e4it\u00e4 huoltok\u00e4yt\u00e4nt\u00f6j\u00e4 voit varmistaa, ett\u00e4 Comer T-279D -traktorisi vaihteisto pysyy huippukunnossa ja tarjoaa luotettavaa suorituskyky\u00e4 useiden kausien ajan. S\u00e4\u00e4nn\u00f6llinen huolto ei ainoastaan \u200b\u200bparanna sen tehokkuutta, vaan my\u00f6s minimoi seisokkiajat ja korjauskustannukset.<\/p>\n<table style=\"width: 96.2203%; height: 283px;\" border=\"1\" width=\"100%\" cellspacing=\"0\" cellpadding=\"0\">\n<tbody>\n<tr style=\"height: 283px;\">\n<td style=\"height: 283px; width: 49.8318%;\" width=\"110\"><img loading=\"lazy\" decoding=\"async\" class=\"alignnone size-full wp-image-2055\" src=\"https:\/\/fmp-components.com\/wp-content\/uploads\/2024\/12\/Agricultural-Gearbox-Manufacturers-12.webp\" alt=\"Maatalousvaihteistojen valmistajat\" width=\"980\" height=\"735\" title=\"\" srcset=\"https:\/\/fmp-components.com\/wp-content\/uploads\/2024\/12\/Agricultural-Gearbox-Manufacturers-12.webp 980w, https:\/\/fmp-components.com\/wp-content\/uploads\/2024\/12\/Agricultural-Gearbox-Manufacturers-12-480x360.webp 480w\" sizes=\"(min-width: 0px) and (max-width: 480px) 480px, (min-width: 481px) 980px, 100vw\" \/><\/td>\n<td style=\"height: 283px; width: 49.9438%;\" width=\"98\"><img loading=\"lazy\" decoding=\"async\" class=\"alignnone size-full wp-image-2056\" src=\"https:\/\/fmp-components.com\/wp-content\/uploads\/2024\/12\/Agricultural-Gearbox-Manufacturers-15-980x735-1.webp\" alt=\"Maatalousvaihteistojen valmistajat\" width=\"980\" height=\"735\" title=\"\" srcset=\"https:\/\/fmp-components.com\/wp-content\/uploads\/2024\/12\/Agricultural-Gearbox-Manufacturers-15-980x735-1.webp 980w, https:\/\/fmp-components.com\/wp-content\/uploads\/2024\/12\/Agricultural-Gearbox-Manufacturers-15-980x735-1-480x360.webp 480w\" sizes=\"(min-width: 0px) and (max-width: 480px) 480px, (min-width: 481px) 980px, 100vw\" \/><\/td>\n<\/tr>\n<\/tbody>\n<\/table>\n<p>&nbsp;<\/p>\n<h3>Tietoja FMP:st\u00e4<\/h3>\n<p>Italiassa p\u00e4\u00e4konttoriaan pit\u00e4v\u00e4 FMP on johtava valmistaja, joka tunnetaan asiantuntemuksestaan \u200b\u200bmaatalouskoneisiin r\u00e4\u00e4t\u00e4l\u00f6ityjen tehokkaiden vaihteistojen suunnittelussa, kehitt\u00e4misess\u00e4 ja valmistuksessa. Vahvalla sitoutumisella tarkkuustekniikkaan, innovaatioihin ja jatkuvaan luotettavuuteen tarjoamme laajan valikoiman vaihteistoja, mukaan lukien ruohonleikkureiden erikoisvaihteistot, sek\u00e4 kriittisi\u00e4 komponentteja, kuten nivelakseleita. Missiomme on tarjota r\u00e4\u00e4t\u00e4l\u00f6ityj\u00e4 ratkaisuja, jotka vastaavat sek\u00e4 maatalous- ett\u00e4 teollisuussektorin erityistarpeisiin, tarjoten kaikkea yksitt\u00e4isist\u00e4 komponenteista t\u00e4ysin integroituihin j\u00e4rjestelmiin.<\/p>\n<p>FMP:ll\u00e4 ymm\u00e4rr\u00e4mme, ett\u00e4 jokaisella asiakkaalla on ainutlaatuiset vaatimukset. Siksi olemme erikoistuneet tuotteidemme r\u00e4\u00e4t\u00e4l\u00f6intiin vastaamaan tarkasti n\u00e4it\u00e4 tarpeita. Etsitp\u00e4 sitten erikoisvaihteistoa tai kokonaisvaltaista j\u00e4rjestelm\u00e4\u00e4, teemme tiivist\u00e4 yhteisty\u00f6t\u00e4 asiakkaidemme kanssa kehitt\u00e4\u00e4ksemme tehokkaimmat ja toimivimmat ratkaisut. Omistautumisemme asiakastyytyv\u00e4isyyteen n\u00e4kyy nopeina ja ammattimaisina vastauksinamme sek\u00e4 asiantuntevana ohjauksenamme, varmistaen, ett\u00e4 jokainen tiedustelu k\u00e4sitell\u00e4\u00e4n korkeimmalla mahdollisella huolenpidolla ja tarkkuudella.<\/p>\n<p>Priorisoimme avointa ja jatkuvaa viestint\u00e4\u00e4 asiakkaidemme kanssa, erityisesti tuotekehityksess\u00e4. Tiimimme tekee tiivist\u00e4 yhteisty\u00f6t\u00e4 asiakkaiden kanssa ymm\u00e4rt\u00e4\u00e4kseen heid\u00e4n haasteitaan ja tarjotakseen oivaltavia ratkaisuja, jotka johtavat optimaalisiin tuloksiin. Olipa kyse sitten uusien tuotteiden luomisesta tai olemassa olevien tilausten t\u00e4ytt\u00e4misest\u00e4, olemme horjumatta sitoutuneet toimittamaan korkealaatuisia, tarkasti suunniteltuja ratkaisuja oikea-aikaisesti ja tehokkaasti.<\/p>\n<p>FMP:ll\u00e4 laatu on kaiken toimintamme ytimess\u00e4. Valmistusprosessimme perustuvat korkeisiin standardeihin, tarkkuuteen ja virheett\u00f6m\u00e4\u00e4n toimintaan. Tiukat laadunvalvontatoimenpiteet varmistavat, ett\u00e4 jokainen tuote t\u00e4ytt\u00e4\u00e4 tai ylitt\u00e4\u00e4 alan odotukset. T\u00e4m\u00e4 tinkim\u00e4t\u00f6n keskittyminen laatuun yhdistettyn\u00e4 ydinarvoihimme, kuten rehellisyyteen, tiimity\u00f6h\u00f6n ja sinnikkyyteen, on auttanut meit\u00e4 luomaan kest\u00e4vi\u00e4 kumppanuuksia asiakkaiden kanssa l\u00e4hes 30 maassa maailmanlaajuisesti.<\/p>\n<p>FMP on aina avoin globaalien kumppanuuksien edist\u00e4miselle ja sitoutunut tarjoamaan asiantuntevaa neuvontaa ja r\u00e4\u00e4t\u00e4l\u00f6ityj\u00e4 ratkaisuja. L\u00e4hestymistapamme ulottuu pelk\u00e4n tuotteiden toimittamisen edelle; olemme omistautuneet rakentamaan pitk\u00e4aikaisia \u200b\u200b\u200b\u200bsuhteita asiakkaidemme kanssa ja varmistamaan heid\u00e4n menestyksens\u00e4 jokaisessa projektissa. Tarvitsetpa sitten innovatiivisia ratkaisuja uuteen aloitteeseen tai jatkuvaa tukea olemassa olevalle j\u00e4rjestelm\u00e4lle, FMP on t\u00e4\u00e4ll\u00e4 auttamassa sinua teknisten haasteiden ratkaisemisessa ja varmistamassa jatkuvan menestyksesi.<\/p>\n<p><img loading=\"lazy\" decoding=\"async\" class=\"alignnone size-full wp-image-1861\" src=\"https:\/\/fmp-components.com\/wp-content\/uploads\/2024\/12\/Other-Agricultural-Gearboxes.webp\" sizes=\"(min-width: 0px) and (max-width: 480px) 480px, (min-width: 481px) and (max-width: 980px) 980px, (min-width: 981px) 1200px, 100vw\" srcset=\"https:\/\/fmp-components.com\/wp-content\/uploads\/2024\/12\/Other-Agricultural-Gearboxes.webp 1200w, https:\/\/fmp-components.com\/wp-content\/uploads\/2024\/12\/Other-Agricultural-Gearboxes-980x1143.webp 980w, https:\/\/fmp-components.com\/wp-content\/uploads\/2024\/12\/Other-Agricultural-Gearboxes-480x560.webp 480w\" alt=\"Altri-cambi-agricoli\" width=\"1200\" height=\"1400\" title=\"\"><\/p>\n<p>Tekij\u00e4: CX<\/p>","protected":false},"excerpt":{"rendered":"<p>Dimensions of Trailing Mower Gearbox Replacement of Comer T-279D Trailing Mower Gearbox Replacement of Comer T-279D Shaft\u00a0Dimensions Trailing Mower Gearbox Replacement of Comer T-279D\u00a0Technical Data i Suitable Rpm input Rpm output KW(Nom) Output torque Toothing r\/min r\/min hp N.m Speed increase 1: 1 Lawn mower, etc 540 540 85 1400 Gleason Helical Teeth Remark: If [&hellip;]<\/p>","protected":false},"featured_media":2049,"comment_status":"open","ping_status":"closed","template":"","meta":{"_et_pb_use_builder":"","_et_pb_old_content":"","_et_gb_content_width":""},"product_brand":[],"product_cat":[52],"product_tag":[],"class_list":{"0":"post-2044","1":"product","2":"type-product","3":"status-publish","4":"has-post-thumbnail","6":"product_cat-lawn-mower-gearbox","8":"first","9":"instock","10":"shipping-taxable","11":"product-type-simple"},"_links":{"self":[{"href":"https:\/\/fmp-components.com\/fi\/wp-json\/wp\/v2\/product\/2044","targetHints":{"allow":["GET"]}}],"collection":[{"href":"https:\/\/fmp-components.com\/fi\/wp-json\/wp\/v2\/product"}],"about":[{"href":"https:\/\/fmp-components.com\/fi\/wp-json\/wp\/v2\/types\/product"}],"replies":[{"embeddable":true,"href":"https:\/\/fmp-components.com\/fi\/wp-json\/wp\/v2\/comments?post=2044"}],"wp:featuredmedia":[{"embeddable":true,"href":"https:\/\/fmp-components.com\/fi\/wp-json\/wp\/v2\/media\/2049"}],"wp:attachment":[{"href":"https:\/\/fmp-components.com\/fi\/wp-json\/wp\/v2\/media?parent=2044"}],"wp:term":[{"taxonomy":"product_brand","embeddable":true,"href":"https:\/\/fmp-components.com\/fi\/wp-json\/wp\/v2\/product_brand?post=2044"},{"taxonomy":"product_cat","embeddable":true,"href":"https:\/\/fmp-components.com\/fi\/wp-json\/wp\/v2\/product_cat?post=2044"},{"taxonomy":"product_tag","embeddable":true,"href":"https:\/\/fmp-components.com\/fi\/wp-json\/wp\/v2\/product_tag?post=2044"}],"curies":[{"name":"wp","href":"https:\/\/api.w.org\/{rel}","templated":true}]}}