{"id":2039,"date":"2024-12-30T01:00:18","date_gmt":"2024-12-30T01:00:18","guid":{"rendered":"https:\/\/fmp-components.com\/?page_id=8"},"modified":"2024-12-30T01:08:49","modified_gmt":"2024-12-30T01:08:49","slug":"agricultural-lawn-mower-gearbox-fmp-140","status":"publish","type":"product","link":"https:\/\/fmp-components.com\/fi\/product\/agricultural-lawn-mower-gearbox-fmp-140\/","title":{"rendered":"Maatalouden ruohonleikkurin vaihdelaatikko FMP-140"},"content":{"rendered":"<h2>Maatalouden ruohonleikkurin vaihdelaatikko FMP-140 \u2013 Tuotteen esittely<\/h2>\n<p>FMP-140-maatalouden ruohonleikkurin vaihteisto on tehokas ja kest\u00e4v\u00e4 vaihteisto, joka on suunniteltu erityisesti ruohonleikkureille ja muille maatalouskoneille. FMP:n, johtavan tarkkuusvaihteistojen valmistajan, suunnittelema FMP-140 yhdist\u00e4\u00e4 luotettavuuden, tehokkuuden ja pitk\u00e4ik\u00e4isen suorituskyvyn vastaamaan sek\u00e4 kaupallisten ett\u00e4 asuinrakennusten ruohonleikkuusovellusten vaatimuksiin.<\/p>\n<p><strong>T\u00e4rkeimm\u00e4t ominaisuudet:<\/strong><\/p>\n<ol>\n<li><strong>Kest\u00e4v\u00e4 rakenne:<\/strong> FMP-140 on valmistettu korkealaatuisista materiaaleista kest\u00e4m\u00e4\u00e4n maatalousty\u00f6n ankaria olosuhteita. Sen kest\u00e4v\u00e4 rakenne varmistaa, ett\u00e4 se selviytyy raskaasta k\u00e4yt\u00f6st\u00e4 ja tarjoaa pitk\u00e4n k\u00e4ytt\u00f6i\u00e4n my\u00f6s vaativissa ymp\u00e4rist\u00f6iss\u00e4.<\/li>\n<li><strong>Korkea hy\u00f6tysuhde:<\/strong> T\u00e4m\u00e4 vaihteisto on suunniteltu maksimoimaan toiminnan tehokkuus varmistaen tasaisen voimansiirron ja minimoimalla energiah\u00e4vi\u00f6n. Se mahdollistaa ruohonleikkureiden optimaalisen suorituskyvyn ja tarjoaa tasaisen tehon leikkuuterille siisti\u00e4 ja tarkkaa leikkausta varten.<\/li>\n<li><strong>Kompakti ja kevyt:<\/strong> FMP-140-vaihteisto on kompakti ja kevyt, joten se on helppo asentaa ja integroida erilaisiin ruohonleikkurij\u00e4rjestelmiin. Pienest\u00e4 koostaan \u200b\u200bhuolimatta se ei tingi tehosta tai suorituskyvyst\u00e4.<\/li>\n<li><strong>Monipuolisuus:<\/strong> FMP-140 on eritt\u00e4in mukautuva ja sit\u00e4 voidaan k\u00e4ytt\u00e4\u00e4 erilaisissa maatalouskoneissa, kuten py\u00f6r\u00f6ruohonleikkureissa, raivaussahoissa ja muissa vastaavissa laitteissa. Sen monipuolisuus tekee siit\u00e4 luotettavan valinnan erilaisiin k\u00e4ytt\u00f6tarkoituksiin.<\/li>\n<li><strong>Helppo huolto:<\/strong> FMP-140-vaihteisto on suunniteltu helppok\u00e4ytt\u00f6iseksi huollettavaksi. Sen yksinkertainen mutta kest\u00e4v\u00e4 rakenne varmistaa, ett\u00e4 rutiinihuolto on helppoa, mik\u00e4 minimoi seisokkiajat ja pit\u00e4\u00e4 toiminnan sujuvana.<\/li>\n<li><strong>Mukautettavat vaihtoehdot:<\/strong> FMP tarjoaa r\u00e4\u00e4t\u00e4l\u00f6intivaihtoehtoja FMP-140-vaihteistolle, joiden avulla se voidaan r\u00e4\u00e4t\u00e4l\u00f6id\u00e4 vastaamaan asiakkaan erityistarpeita, mukaan lukien muutokset tulo- ja l\u00e4ht\u00f6akseleihin, laakerin halkaisijaan ja kiinnityskokoonpanoihin.<\/li>\n<\/ol>\n<p><strong>Sovellukset:<\/strong><\/p>\n<ul>\n<li>Maatalouden ruohonleikkurit<\/li>\n<li>Py\u00f6riv\u00e4t ruohonleikkurit<\/li>\n<li>Raivaussahat<\/li>\n<li>Nurmenhoitokoneet<\/li>\n<li>Muut tehokasta voimansiirtoa vaativat maatalouskoneet<\/li>\n<\/ul>\n<table style=\"width: 96.2203%; height: 596px;\" border=\"1\" width=\"100%\" cellspacing=\"0\" cellpadding=\"0\">\n<tbody>\n<tr>\n<td width=\"110\"><img loading=\"lazy\" decoding=\"async\" class=\"alignnone size-full wp-image-2040\" src=\"https:\/\/fmp-components.com\/wp-content\/uploads\/2024\/12\/FMP_agricultural-gearbox-HC-140-2.webp\" alt=\"FMP_maatalouden-vaihteisto-HC-140-2\" width=\"413\" height=\"553\" title=\"\" srcset=\"https:\/\/fmp-components.com\/wp-content\/uploads\/2024\/12\/FMP_agricultural-gearbox-HC-140-2.webp 413w, https:\/\/fmp-components.com\/wp-content\/uploads\/2024\/12\/FMP_agricultural-gearbox-HC-140-2-224x300.webp 224w, https:\/\/fmp-components.com\/wp-content\/uploads\/2024\/12\/FMP_agricultural-gearbox-HC-140-2-9x12.webp 9w\" sizes=\"(max-width: 413px) 100vw, 413px\" \/><\/td>\n<td width=\"98\"><img loading=\"lazy\" decoding=\"async\" class=\"alignnone size-full wp-image-2041\" src=\"https:\/\/fmp-components.com\/wp-content\/uploads\/2024\/12\/Lawn-Mower-Gearbox-9.webp\" alt=\"Ruohonleikkurin vaihdelaatikko\" width=\"500\" height=\"500\" title=\"\" srcset=\"https:\/\/fmp-components.com\/wp-content\/uploads\/2024\/12\/Lawn-Mower-Gearbox-9.webp 500w, https:\/\/fmp-components.com\/wp-content\/uploads\/2024\/12\/Lawn-Mower-Gearbox-9-480x480.webp 480w\" sizes=\"(min-width: 0px) and (max-width: 480px) 480px, (min-width: 481px) 500px, 100vw\" \/><\/td>\n<\/tr>\n<\/tbody>\n<\/table>\n<table style=\"width: 97.407%; height: 214px;\" border=\"1\">\n<tbody>\n<tr>\n<td style=\"width: 31.0059%;\"><strong>TUOTE<\/strong><\/td>\n<td style=\"width: 68.284%;\">FMP-140<\/td>\n<\/tr>\n<tr>\n<td style=\"width: 31.0059%;\"><strong>Suhde<\/strong><\/td>\n<td style=\"width: 68.284%;\">1:1.5\/1:1.93<\/td>\n<\/tr>\n<tr>\n<td style=\"width: 31.0059%;\"><strong>Hampaat<\/strong><\/td>\n<td style=\"width: 68.284%;\">21\/14 27\/14<\/td>\n<\/tr>\n<tr>\n<td style=\"width: 31.0059%;\"><strong>Moduuli<\/strong><\/td>\n<td style=\"width: 68.284%;\">\u00a05.7 \/5.64<\/td>\n<\/tr>\n<tr>\n<td style=\"width: 31.0059%;\"><strong>Teho (hv)<\/strong><\/td>\n<td style=\"width: 68.284%;\">60<\/td>\n<\/tr>\n<tr>\n<td style=\"width: 31.0059%;\"><strong>Nimellistulo<\/strong><\/td>\n<td style=\"width: 68.284%;\">540 rpm<\/td>\n<\/tr>\n<tr>\n<td style=\"width: 31.0059%;\"><strong>Tulon\/l\u00e4hd\u00f6n kuvaus<\/strong><\/td>\n<td style=\"width: 68.284%;\">1-3\/8 Z6 Kartio-ura<\/td>\n<\/tr>\n<tr>\n<td style=\"width: 31.0059%;\"><strong>Paino (NW)<\/strong><\/td>\n<td style=\"width: 68.284%;\">30 kg<\/td>\n<\/tr>\n<\/tbody>\n<\/table>\n<article class=\"w-full scroll-mb-[var(--thread-trailing-height,150px)] text-token-text-primary focus-visible:outline-2 focus-visible:outline-offset-[-4px]\" dir=\"auto\" data-testid=\"conversation-turn-11\" data-scroll-anchor=\"true\">\n<div class=\"m-auto text-base py-[18px] px-3 md:px-4 w-full md:px-5 lg:px-4 xl:px-5\">\n<div class=\"mx-auto flex flex-1 gap-4 text-base md:gap-5 lg:gap-6 md:max-w-3xl lg:max-w-[40rem] xl:max-w-[48rem]\">\n<div class=\"group\/conversation-turn relative flex w-full min-w-0 flex-col agent-turn\">\n<div class=\"flex-col gap-1 md:gap-3\">\n<div class=\"flex max-w-full flex-col flex-grow\">\n<div class=\"min-h-8 text-message flex w-full flex-col items-end gap-2 whitespace-normal break-words text-start [.text-message+&amp;]:mt-5\" dir=\"auto\" data-message-author-role=\"assistant\" data-message-id=\"34732349-e34e-4f41-bcf6-f51e6a4c4ca7\" data-message-model-slug=\"gpt-4o\">\n<div class=\"flex w-full flex-col gap-1 empty:hidden first:pt-[3px]\">\n<div class=\"markdown prose w-full break-words dark:prose-invert light\">\n<h2>Maatalouden ruohonleikkurin vaihdelaatikon FMP-140 edut<\/h2>\n<p>FMP-140-maatalouden ruohonleikkurin vaihdelaatikko on erityisesti suunniteltu parantamaan ruohonleikkureiden ja muiden maatalouskoneiden suorituskyky\u00e4, tehokkuutta ja kest\u00e4vyytt\u00e4. T\u00e4ss\u00e4 ovat FMP-140-vaihteiston t\u00e4rkeimm\u00e4t edut:<\/p>\n<ol>\n<li>Poikkeuksellinen kest\u00e4vyys ja pitk\u00e4ik\u00e4isyys:\n<ul>\n<li>FMP-140 on valmistettu korkealaatuisista materiaaleista ja tarkalla valmistuksella, mik\u00e4 varmistaa kest\u00e4v\u00e4n ja pitk\u00e4ik\u00e4isen vaihteiston, joka kest\u00e4\u00e4 raskaassa k\u00e4yt\u00f6ss\u00e4.<\/li>\n<li>Sen kest\u00e4v\u00e4 rakenne kest\u00e4\u00e4 ankarien maatalousymp\u00e4rist\u00f6jen rasitukset, mik\u00e4 v\u00e4hent\u00e4\u00e4 tarvetta usein tapahtuville korjauksille tai osien vaihdoille.<\/li>\n<\/ul>\n<\/li>\n<li>Parannettu toiminnan tehokkuus:\n<ul>\n<li>Vaihteisto on suunniteltu maksimaalista voimansiirtotehokkuutta varten, mik\u00e4 minimoi energiah\u00e4vi\u00f6n moottorin ja leikkuuterien v\u00e4lill\u00e4.<\/li>\n<li>T\u00e4m\u00e4 tehokkuus johtaa parempaan polttoainetalouteen, alhaisempiin k\u00e4ytt\u00f6kustannuksiin ja parempaan kokonaissuorituskykyyn, mik\u00e4 tekee siit\u00e4 kustannustehokkaan vaihtoehdon sek\u00e4 kaupallisiin ett\u00e4 asuink\u00e4ytt\u00f6\u00f6n.<\/li>\n<\/ul>\n<\/li>\n<li>Monipuolisuus eri sovelluksissa:\n<ul>\n<li>FMP-140-vaihteisto on yhteensopiva laajan valikoiman maatalous- ja nurmikonhoitokoneiden kanssa, mukaan lukien py\u00f6r\u00f6leikkurit, raivaussahat ja nurmikonhoitolaitteet.<\/li>\n<li>Sen monipuolinen rakenne mahdollistaa k\u00e4yt\u00f6n erilaisissa nurmikonleikkuu- ja maisemointikoneissa, mik\u00e4 tarjoaa joustavan ratkaisun erilaisiin k\u00e4ytt\u00f6tarpeisiin.<\/li>\n<\/ul>\n<\/li>\n<li>Kompakti ja kevyt:\n<ul>\n<li>Vankasta suorituskyvyst\u00e4\u00e4n huolimatta FMP-140 on suunniteltu kompaktiksi ja kevyeksi, mik\u00e4 helpottaa asentamista ja integrointia erilaisiin j\u00e4rjestelmiin.<\/li>\n<li>T\u00e4m\u00e4 v\u00e4hent\u00e4\u00e4 koneen kokonaispainoa, parantaa ohjattavuutta ja helpottaa k\u00e4sittely\u00e4 k\u00e4yt\u00f6n aikana.<\/li>\n<\/ul>\n<\/li>\n<li>V\u00e4h\u00e4inen huoltotarve ja helppo huolto:\n<ul>\n<li>FMP-140-vaihteisto on suunniteltu k\u00e4ytt\u00e4j\u00e4yst\u00e4v\u00e4llist\u00e4 huoltoa silm\u00e4ll\u00e4 pit\u00e4en, ja siin\u00e4 on helposti saavutettavat osat rutiinihuoltoa ja korjauksia varten.<\/li>\n<li>Sen yksinkertainen rakenne minimoi erikoisty\u00f6kalujen tai teknisen asiantuntemuksen tarpeen, mik\u00e4 auttaa v\u00e4hent\u00e4m\u00e4\u00e4n yll\u00e4pitokustannuksia ja seisokkiaikoja.<\/li>\n<\/ul>\n<\/li>\n<\/ol>\n<p>FMP-140-maatalouden ruohonleikkurin vaihteisto tarjoaa lukuisia etuja, joten se on ihanteellinen valinta kaikille, jotka etsiv\u00e4t luotettavaa, tehokasta ja kest\u00e4v\u00e4\u00e4 vaihteistoratkaisua ruohonleikkureihin ja maatalouskoneisiin. Monipuolisuuden, helpon huollon ja erinomaisen suorituskyvyn ansiosta vaativissa olosuhteissa FMP-140 on suunniteltu tarjoamaan erinomaista vastinetta rahalle ja pitk\u00e4aikaista luotettavuutta pellolla.<\/p>\n<p><img loading=\"lazy\" decoding=\"async\" class=\"alignnone  wp-image-1961\" src=\"https:\/\/fmp-components.com\/wp-content\/uploads\/2024\/12\/Lawn-Mower-Gearbox-1.webp\" alt=\"Ruohonleikkurin vaihdelaatikko\" width=\"928\" height=\"620\" title=\"\" srcset=\"https:\/\/fmp-components.com\/wp-content\/uploads\/2024\/12\/Lawn-Mower-Gearbox-1.webp 928w, https:\/\/fmp-components.com\/wp-content\/uploads\/2024\/12\/Lawn-Mower-Gearbox-1-480x321.webp 480w\" sizes=\"(min-width: 0px) and (max-width: 480px) 480px, (min-width: 481px) 928px, 100vw\" \/><\/p>\n<\/div>\n<\/div>\n<\/div>\n<\/div>\n<\/div>\n<\/div>\n<\/div>\n<\/div>\n<\/article>\n<h3>Miksi valita FMP-140-vaihteisto?<\/h3>\n<p>FMP-140 on suunniteltu tarjoamaan korkeaa suorituskyky\u00e4, luotettavuutta ja helppok\u00e4ytt\u00f6isyytt\u00e4. FMP:n sitoutuminen tarkkuustekniikkaan ja laatuun takaa FMP-140-vaihteiston, joka varmistaa ruohonleikkurisi tehokkaan ja tuloksellisen toiminnan my\u00f6s vaativissa olosuhteissa. Hoidatpa sitten suuria tiluksia, liikekiinteist\u00f6j\u00e4 tai peltoja, t\u00e4m\u00e4 vaihteisto tarjoaa luotettavuutta ja tehoa, joita tarvitaan erinomaisten leikkuutulosten saavuttamiseen.<\/p>\n<p>Jos haluat lis\u00e4tietoja tai tiedustella r\u00e4\u00e4t\u00e4l\u00f6idyist\u00e4 vaihtoehdoista, ota yhteytt\u00e4 FMP:hen jo t\u00e4n\u00e4\u00e4n. Olemme omistautuneet toimittamaan parhaat ratkaisut, jotka on r\u00e4\u00e4t\u00e4l\u00f6ity juuri sinun tarpeisiisi.<\/p>\n<h3>Tietoja FMP:st\u00e4<\/h3>\n<p>Italiassa sijaitseva FMP on tunnettu johtava korkean suorituskyvyn vaihteistojen suunnittelussa, kehitt\u00e4misess\u00e4 ja tuotannossa, ja sen p\u00e4\u00e4paino on maatalouskonesektorilla. FMP tunnetaan tarkkuustekniikan, innovaatioiden ja luotettavuuden asiantuntemuksestaan, ja se on ansainnut maineen korkealaatuisten tuotteiden toimittajana, jotka vastaavat maatalous- ja teollisuusteollisuuden kehittyviin vaatimuksiin. Monipuolinen tuotevalikoimamme sis\u00e4lt\u00e4\u00e4 ruohonleikkureiden erikoisvaihteistoja, nivelakseleita ja erilaisia \u200b\u200b\u200b\u200bt\u00e4rkeit\u00e4 komponentteja, jotka kaikki on suunniteltu tarjoamaan r\u00e4\u00e4t\u00e4l\u00f6ityj\u00e4 ratkaisuja laajaan k\u00e4ytt\u00f6tarkoitukseen.<\/p>\n<p>FMP:ll\u00e4 ymm\u00e4rr\u00e4mme, ett\u00e4 jokaisella asiakkaalla on omat erityistarpeensa. Siksi olemme erikoistuneet r\u00e4\u00e4t\u00e4l\u00f6ityjen ratkaisujen tarjoamiseen \u2013 olipa kyse sitten yksitt\u00e4isist\u00e4 komponenteista tai t\u00e4ysin integroiduista j\u00e4rjestelmist\u00e4. K\u00e4yt\u00e4mme yhteisty\u00f6h\u00f6n perustuvaa l\u00e4hestymistapaa ja teemme tiivist\u00e4 yhteisty\u00f6t\u00e4 asiakkaidemme kanssa varmistaaksemme, ett\u00e4 jokainen ratkaisu on sek\u00e4 tehokas ett\u00e4 tuloksellinen. Sitoutumisemme nopeisiin ja ammattimaisiin vastauksiin sek\u00e4 asiantuntevaan ohjaukseen varmistaa, ett\u00e4 jokainen tiedustelu k\u00e4sitell\u00e4\u00e4n tarkasti ja huolellisesti.<\/p>\n<p>Pid\u00e4mme eritt\u00e4in t\u00e4rke\u00e4n\u00e4 avointa ja jatkuvaa viestint\u00e4\u00e4, erityisesti tuotekehityksess\u00e4. Tiimimme ty\u00f6skentelee suoraan asiakkaiden kanssa ymm\u00e4rt\u00e4\u00e4kseen t\u00e4ysin heid\u00e4n erityishaasteensa ja tarjotakseen k\u00e4yt\u00e4nn\u00f6nl\u00e4heisi\u00e4 n\u00e4kemyksi\u00e4, jotka johtavat optimaalisiin ratkaisuihin. Olipa kyse sitten uusien tuotteiden kehitt\u00e4misest\u00e4 tai olemassa olevien tilausten t\u00e4ytt\u00e4misest\u00e4, sitoutumisemme korkealaatuisten ja tarkasti suunniteltujen ratkaisujen toimittamiseen on horjumaton.<\/p>\n<p>Laatu on kaiken FMP:ll\u00e4 tekem\u00e4mme kulmakivi. Noudatamme korkeimpia valmistusstandardeja ja k\u00e4yt\u00e4mme tiukkoja laadunvalvontaprosesseja varmistaaksemme, ett\u00e4 jokainen tuote t\u00e4ytt\u00e4\u00e4 tai ylitt\u00e4\u00e4 alan odotukset. Herkk\u00e4 sitoutumisemme laatuun yhdistettyn\u00e4 ydinarvoihimme, kuten rehellisyyteen, tiimity\u00f6h\u00f6n ja sinnikkyyteen, on auttanut meit\u00e4 luomaan pitk\u00e4aikaisia \u200b\u200basiakassuhteita l\u00e4hes 30 maassa ymp\u00e4ri maailmaa.<\/p>\n<p>FMP on aina avoin globaaleille kumppanuuksille ja on omistautunut tarjoamaan asiantuntevaa neuvontaa ja r\u00e4\u00e4t\u00e4l\u00f6ityj\u00e4 ratkaisuja asiakkaidemme moninaisten tarpeiden t\u00e4ytt\u00e4miseksi. Ylit\u00e4mme pelk\u00e4n tuotteiden toimittamisen \u2013 keskitymme kest\u00e4vien suhteiden rakentamiseen ja jokaisen projektin onnistumisen varmistamiseen. Etsitp\u00e4 sitten innovatiivisia ratkaisuja uuteen aloitteeseen tai tarvitset tukea olemassa olevalle j\u00e4rjestelm\u00e4lle, FMP on sitoutunut ratkaisemaan tekniset haasteesi ja auttamaan sinua saavuttamaan kest\u00e4v\u00e4\u00e4 menestyst\u00e4.<\/p>\n<p><img loading=\"lazy\" decoding=\"async\" class=\"alignnone size-full wp-image-1861\" src=\"https:\/\/fmp-components.com\/wp-content\/uploads\/2024\/12\/Other-Agricultural-Gearboxes.webp\" sizes=\"(min-width: 0px) and (max-width: 480px) 480px, (min-width: 481px) and (max-width: 980px) 980px, (min-width: 981px) 1200px, 100vw\" srcset=\"https:\/\/fmp-components.com\/wp-content\/uploads\/2024\/12\/Other-Agricultural-Gearboxes.webp 1200w, https:\/\/fmp-components.com\/wp-content\/uploads\/2024\/12\/Other-Agricultural-Gearboxes-980x1143.webp 980w, https:\/\/fmp-components.com\/wp-content\/uploads\/2024\/12\/Other-Agricultural-Gearboxes-480x560.webp 480w\" alt=\"Altri-cambi-agricoli\" width=\"1200\" height=\"1400\" title=\"\"><\/p>\n<p>Tekij\u00e4: CX<\/p>\n<p>&nbsp;<\/p>","protected":false},"excerpt":{"rendered":"<p>Agricultural Lawn Mower Gearbox FMP-140 \u2013 Product Introduction The FMP-140 Agricultural Lawn Mower Gearbox is a high-performance, durable gearbox designed specifically for lawn mowers and other agricultural machinery. Engineered by FMP, a leading manufacturer of precision gearboxes, the FMP-140 combines reliability, efficiency, and long-lasting performance to meet the demands of both commercial and residential mowing [&hellip;]<\/p>","protected":false},"featured_media":2041,"comment_status":"open","ping_status":"closed","template":"","meta":{"_et_pb_use_builder":"","_et_pb_old_content":"","_et_gb_content_width":""},"product_brand":[],"product_cat":[52],"product_tag":[],"class_list":{"0":"post-2039","1":"product","2":"type-product","3":"status-publish","4":"has-post-thumbnail","6":"product_cat-lawn-mower-gearbox","8":"first","9":"instock","10":"shipping-taxable","11":"product-type-simple"},"_links":{"self":[{"href":"https:\/\/fmp-components.com\/fi\/wp-json\/wp\/v2\/product\/2039","targetHints":{"allow":["GET"]}}],"collection":[{"href":"https:\/\/fmp-components.com\/fi\/wp-json\/wp\/v2\/product"}],"about":[{"href":"https:\/\/fmp-components.com\/fi\/wp-json\/wp\/v2\/types\/product"}],"replies":[{"embeddable":true,"href":"https:\/\/fmp-components.com\/fi\/wp-json\/wp\/v2\/comments?post=2039"}],"wp:featuredmedia":[{"embeddable":true,"href":"https:\/\/fmp-components.com\/fi\/wp-json\/wp\/v2\/media\/2041"}],"wp:attachment":[{"href":"https:\/\/fmp-components.com\/fi\/wp-json\/wp\/v2\/media?parent=2039"}],"wp:term":[{"taxonomy":"product_brand","embeddable":true,"href":"https:\/\/fmp-components.com\/fi\/wp-json\/wp\/v2\/product_brand?post=2039"},{"taxonomy":"product_cat","embeddable":true,"href":"https:\/\/fmp-components.com\/fi\/wp-json\/wp\/v2\/product_cat?post=2039"},{"taxonomy":"product_tag","embeddable":true,"href":"https:\/\/fmp-components.com\/fi\/wp-json\/wp\/v2\/product_tag?post=2039"}],"curies":[{"name":"wp","href":"https:\/\/api.w.org\/{rel}","templated":true}]}}