{"id":2035,"date":"2024-12-30T00:46:25","date_gmt":"2024-12-30T00:46:25","guid":{"rendered":"https:\/\/fmp-components.com\/?page_id=8"},"modified":"2024-12-30T00:57:51","modified_gmt":"2024-12-30T00:57:51","slug":"agricultural-lawn-mower-gearbox-fmp-55","status":"publish","type":"product","link":"https:\/\/fmp-components.com\/fi\/product\/agricultural-lawn-mower-gearbox-fmp-55\/","title":{"rendered":"Maatalouden ruohonleikkurin vaihdelaatikko FMP-55"},"content":{"rendered":"<h2>Maatalouden ruohonleikkurin vaihdelaatikon FMP-55 ominaisuudet<\/h2>\n<p>FMP-55-maatalouden ruohonleikkurin vaihteisto on suunniteltu tarjoamaan korkeaa suorituskyky\u00e4, kest\u00e4vyytt\u00e4 ja luotettavuutta, ja se on suunniteltu vastaamaan maatalouden ruohonleikkuussovellusten vaativiin vaatimuksiin. Raskaaseen k\u00e4ytt\u00f6\u00f6n suunniteltu FMP-55 varmistaa sujuvan toiminnan, pitk\u00e4n k\u00e4ytt\u00f6i\u00e4n ja tehokkaan voimansiirron. FMP-55:n t\u00e4rkeimpi\u00e4 ominaisuuksia ovat:<\/p>\n<ol>\n<li><strong>Raskas rakenne<\/strong><br \/>\nFMP-55 on valmistettu eritt\u00e4in lujista materiaaleista, joten se sopii vaativiin maatalousolosuhteisiin. Sen tukeva rakenne varmistaa erinomaisen kulumiskest\u00e4vyyden, iskunkeston ja \u00e4\u00e4rimm\u00e4isen k\u00e4ytt\u00f6rasituksen.<\/li>\n<li><strong>Suuri v\u00e4\u00e4nt\u00f6momentti<\/strong><br \/>\nT\u00e4m\u00e4 vaihteisto on suunniteltu k\u00e4sittelem\u00e4\u00e4n suurta v\u00e4\u00e4nt\u00f6momenttia, joten se sopii erinomaisesti raskaisiin leikkuuteht\u00e4viin, kuten tihe\u00e4n ruohon, paksun pensaikon ja ep\u00e4tasaisen maaston leikkaamiseen. FMP-55 varmistaa, ett\u00e4 teho siirtyy tehokkaasti moottorista terille.<\/li>\n<li><strong>Tarkkuustekniikka<\/strong><br \/>\nFMP-55-vaihteistossa on tarkkuuskoneistetut hammaspy\u00f6r\u00e4t, jotka varmistavat sujuvan voimansiirron ja minimoivat t\u00e4rin\u00e4n ja kulumisen. T\u00e4m\u00e4 tarkka suunnittelu parantaa vaihteiston yleist\u00e4 suorituskyky\u00e4, toiminnan tehokkuutta ja k\u00e4ytt\u00f6ik\u00e4\u00e4.<\/li>\n<li><strong>Tehokas voimansiirto<\/strong><br \/>\nMaksimaalisen tehokkuuden takaamiseksi suunniteltu FMP-55 v\u00e4hent\u00e4\u00e4 energiah\u00e4vi\u00f6t\u00e4 vaihteiston aikana. T\u00e4m\u00e4 parantaa polttoainetaloutta, v\u00e4hent\u00e4\u00e4 moottorin kuormitusta ja varmistaa optimaalisen suorituskyvyn pitkien ruohonleikkuujaksojen aikana.<\/li>\n<li><strong>Kompakti ja kevyt<\/strong><br \/>\nJ\u00e4m\u00e4k\u00e4st\u00e4 kest\u00e4vyydest\u00e4\u00e4n huolimatta FMP-55 on suunniteltu kompaktiksi ja kevyeksi. T\u00e4m\u00e4 v\u00e4hent\u00e4\u00e4 ruohonleikkurin kokonaispainoa, parantaa sen ohjattavuutta ja helpottaa asennusta ja k\u00e4ytt\u00f6\u00e4.<\/li>\n<li><strong>V\u00e4h\u00e4iset huoltovaatimukset<\/strong><br \/>\nFMP-55-vaihteisto vaatii vain v\u00e4h\u00e4n huoltoa itsevoitelevien komponenttiensa ja kest\u00e4vien tiivisteidens\u00e4 ansiosta. T\u00e4m\u00e4 v\u00e4hent\u00e4\u00e4 huoltov\u00e4li\u00e4 ja varmistaa jatkuvan toiminnan, mik\u00e4 alentaa kokonaisvaltaisia \u200b\u200byll\u00e4pitokustannuksia.<\/li>\n<\/ol>\n<p>FMP-55-maatalouden ruohonleikkurin vaihteisto on kest\u00e4v\u00e4, luotettava ja tehokas ratkaisu monenlaisiin niittoteht\u00e4viin. Se on suunniteltu k\u00e4sittelem\u00e4\u00e4n raskaita kuormia, v\u00e4hent\u00e4m\u00e4\u00e4n huoltoa ja tarjoamaan sujuvaa voimansiirtoa, ja se on ihanteellinen valinta maatalousalan ammattilaisille, jotka etsiv\u00e4t tehokkaita vaihteistoja, jotka kest\u00e4v\u00e4t vaativissa olosuhteissa.<\/p>\n<h2>Tekniset tiedot<\/h2>\n<table style=\"width: 96.2203%; height: 596px;\" border=\"1\" width=\"100%\" cellspacing=\"0\" cellpadding=\"0\">\n<tbody>\n<tr>\n<td width=\"110\"><img loading=\"lazy\" decoding=\"async\" class=\"alignnone size-full wp-image-2037\" src=\"https:\/\/fmp-components.com\/wp-content\/uploads\/2024\/12\/fmp_agricultural-gearbox-HC-55-2.webp\" alt=\"fmp_maatalouden-vaihteisto-HC-55\" width=\"400\" height=\"486\" title=\"\" srcset=\"https:\/\/fmp-components.com\/wp-content\/uploads\/2024\/12\/fmp_agricultural-gearbox-HC-55-2.webp 400w, https:\/\/fmp-components.com\/wp-content\/uploads\/2024\/12\/fmp_agricultural-gearbox-HC-55-2-247x300.webp 247w, https:\/\/fmp-components.com\/wp-content\/uploads\/2024\/12\/fmp_agricultural-gearbox-HC-55-2-10x12.webp 10w\" sizes=\"(max-width: 400px) 100vw, 400px\" \/><\/td>\n<td width=\"98\"><img loading=\"lazy\" decoding=\"async\" class=\"alignnone size-full wp-image-2036\" src=\"https:\/\/fmp-components.com\/wp-content\/uploads\/2024\/12\/Agricultural-Lawn-Mower-Gearbox-FMP-55.webp\" alt=\"Maatalouden ruohonleikkurin vaihdelaatikko FMP-55\" width=\"500\" height=\"500\" title=\"\" srcset=\"https:\/\/fmp-components.com\/wp-content\/uploads\/2024\/12\/Agricultural-Lawn-Mower-Gearbox-FMP-55.webp 500w, https:\/\/fmp-components.com\/wp-content\/uploads\/2024\/12\/Agricultural-Lawn-Mower-Gearbox-FMP-55-480x480.webp 480w\" sizes=\"(min-width: 0px) and (max-width: 480px) 480px, (min-width: 481px) 500px, 100vw\" \/><\/td>\n<\/tr>\n<\/tbody>\n<\/table>\n<table style=\"width: 100%;\" border=\"1\" width=\"100%\" cellspacing=\"0\" cellpadding=\"0\">\n<tbody>\n<tr>\n<th>Tuote<\/th>\n<td>FMP-55<\/td>\n<\/tr>\n<tr>\n<th>Suhde<\/th>\n<td>1:1.6<\/td>\n<\/tr>\n<tr>\n<th>Hampaat<\/th>\n<td>15\/24<\/td>\n<\/tr>\n<tr>\n<th>Moduuli<\/th>\n<td>6.0<\/td>\n<\/tr>\n<tr>\n<th>Teho (hv)<\/th>\n<td>50<\/td>\n<\/tr>\n<tr>\n<th>Nimellistulo<\/th>\n<td>540 rpm<\/td>\n<\/tr>\n<tr>\n<th>Tulon\/l\u00e4hd\u00f6n kuvaus<\/th>\n<td>1-3\/8 Z6, kartiopohjainen riitt\u00e4v\u00e4 ura-akseli<\/td>\n<\/tr>\n<tr>\n<th>Paino (NW)<\/th>\n<td>28,7 kg<\/td>\n<\/tr>\n<tr>\n<th>Materiaali<\/th>\n<td>\u2013 HT250 asumiseen<br \/>\n\u2013 20CrMnTi vaihdeakselille<br \/>\n\u2013 Alumiini levylle<\/td>\n<\/tr>\n<\/tbody>\n<\/table>\n<h3>Toimitamme my\u00f6s nivelakseleita<\/h3>\n<p>FMP, luotettava ja varma Kiinassa toimiva nivelakseleiden valmistaja ja tehdas, on sitoutunut toimittamaan korkealaatuisia nivelakseleita, jotka on suunniteltu optimaalista suorituskyky\u00e4 ja kest\u00e4vyytt\u00e4 varten. Tarjoamme laajan valikoiman nivelakseleita, joista jokainen on r\u00e4\u00e4t\u00e4l\u00f6ity vastaamaan maatalous- ja teollisuuskoneiden monipuolisiin tarpeisiin. Nivelakseleissamme on useita laakerihalkaisijavaihtoehtoja, mik\u00e4 varmistaa yhteensopivuuden erilaisten laitteiden ja sovellusten kanssa.<\/p>\n<p>Tarvitsetpa sitten nivelakselin maatalousvaihteistoosi, py\u00f6r\u00f6niittokoneeseesi tai muuhun maatalouskoneeseesi, FMP tarjoaa r\u00e4\u00e4t\u00e4l\u00f6ityj\u00e4 ratkaisuja juuri sinun tarpeisiisi. Tarkkuustekniikan asiantuntemuksemme ja vuosien kokemuksemme ansiosta takaamme luotettavien, kest\u00e4vien ja pitk\u00e4ik\u00e4isten tuotteiden toimivuuden.<\/p>\n<p>Tiimimme on omistautunut tarjoamaan nopeaa ja reagoivaa palvelua varmistaen, ett\u00e4 kyselyihisi vastataan asiantuntevalla neuvonnalla ja ratkaisuilla oikea-aikaisesti. Jos etsit tehokasta nivelakselia, joka kest\u00e4\u00e4 koneesi vaatimukset, \u00e4l\u00e4 ep\u00e4r\u00f6i ottaa meihin yhteytt\u00e4 jo t\u00e4n\u00e4\u00e4n. Anna FMP:n olla luotettava kumppanisi kaikissa nivelakselitarpeissasi!<\/p>\n<p><img loading=\"lazy\" decoding=\"async\" class=\"alignnone size-full wp-image-2010\" src=\"https:\/\/fmp-components.com\/wp-content\/uploads\/2024\/12\/Agricultural-Lawnmower-Gearbox-Precautions-for-Use1.webp\" alt=\"Ruohonleikkurin vaihdelaatikko\" width=\"1202\" height=\"665\" title=\"\" srcset=\"https:\/\/fmp-components.com\/wp-content\/uploads\/2024\/12\/Agricultural-Lawnmower-Gearbox-Precautions-for-Use1.webp 1202w, https:\/\/fmp-components.com\/wp-content\/uploads\/2024\/12\/Agricultural-Lawnmower-Gearbox-Precautions-for-Use1-980x542.webp 980w, https:\/\/fmp-components.com\/wp-content\/uploads\/2024\/12\/Agricultural-Lawnmower-Gearbox-Precautions-for-Use1-480x266.webp 480w\" sizes=\"(min-width: 0px) and (max-width: 480px) 480px, (min-width: 481px) and (max-width: 980px) 980px, (min-width: 981px) 1202px, 100vw\" \/><\/p>\n<h3>Tietoja FMP:st\u00e4<\/h3>\n<p>Italiassa p\u00e4\u00e4konttoriaan pit\u00e4v\u00e4 FMP on johtava valmistaja, joka tunnetaan asiantuntemuksestaan \u200b\u200bkorkean suorituskyvyn vaihteistojen suunnittelussa, kehitt\u00e4misess\u00e4 ja tuotannossa, p\u00e4\u00e4asiassa maatalouskonesektorille. FMP on keskittynyt vahvasti tarkkuustekniikkaan, innovaatioihin ja luotettavuuteen ja on rakentanut maineen toimittamalla huippulaatuisia tuotteita, jotka vastaavat maatalous- ja teollisuusteollisuuden kehittyviin tarpeisiin. Tuotevalikoimaamme kuuluu ruohonleikkureiden erikoisvaihteistoja, nivelakseleita ja erilaisia \u200b\u200bkeskeisi\u00e4 komponentteja, jotka kaikki on suunniteltu tarjoamaan r\u00e4\u00e4t\u00e4l\u00f6ityj\u00e4 ratkaisuja monenlaisiin sovelluksiin.<\/p>\n<p>FMP:ll\u00e4 ymm\u00e4rr\u00e4mme, ett\u00e4 jokaisella asiakkaalla on ainutlaatuiset vaatimukset. Siksi olemme erikoistuneet r\u00e4\u00e4t\u00e4l\u00f6ityjen ratkaisujen tarjoamiseen \u2013 olipa kyse sitten yksitt\u00e4isist\u00e4 komponenteista tai t\u00e4ysin integroiduista j\u00e4rjestelmist\u00e4. K\u00e4yt\u00e4mme yhteisty\u00f6h\u00f6n perustuvaa l\u00e4hestymistapaa ja teemme tiivist\u00e4 yhteisty\u00f6t\u00e4 asiakkaidemme kanssa varmistaaksemme, ett\u00e4 jokainen ratkaisu on paitsi tehokas my\u00f6s tuloksellinen. Sitoutumisemme nopeisiin ja ammattimaisiin vastauksiin sek\u00e4 asiantuntevaan ohjaukseen varmistaa, ett\u00e4 jokainen tiedustelu k\u00e4sitell\u00e4\u00e4n \u00e4\u00e4rimm\u00e4isen huolellisesti ja tarkasti.<\/p>\n<p>Painotamme vahvasti avointa ja jatkuvaa viestint\u00e4\u00e4, erityisesti tuotekehityksess\u00e4. Tiimimme ty\u00f6skentelee suoraan asiakkaiden kanssa ymm\u00e4rt\u00e4\u00e4kseen heid\u00e4n erityishaasteitaan ja tarjotakseen k\u00e4yt\u00e4nn\u00f6nl\u00e4heisi\u00e4 n\u00e4kemyksi\u00e4, jotka johtavat optimaalisiin ratkaisuihin. Olipa kyse sitten innovatiivisten tuotteiden suunnittelusta tai jatkuvien tilausten t\u00e4ytt\u00e4misest\u00e4, olemme sitoutuneet toimittamaan korkealaatuisia ja tarkasti suunniteltuja ratkaisuja ajallaan, joka kerta.<\/p>\n<p>Laatu on kaiken toimintamme ytimess\u00e4 FMP:ll\u00e4. Noudatamme korkeimpia valmistusstandardeja ja toteutamme tiukkoja laadunvalvontaprosesseja varmistaaksemme, ett\u00e4 jokainen tuote t\u00e4ytt\u00e4\u00e4 tai ylitt\u00e4\u00e4 alan odotukset. Sitoutumisemme laatuun yhdistettyn\u00e4 rehellisyyden, tiimity\u00f6n ja sinnikkyyden arvoihin on auttanut meit\u00e4 rakentamaan kest\u00e4vi\u00e4 asiakassuhteita l\u00e4hes 30 maassa ymp\u00e4ri maailmaa.<\/p>\n<p>FMP on aina avoin globaaleille kumppanuuksille ja sitoutunut tarjoamaan asiantuntevaa neuvontaa ja r\u00e4\u00e4t\u00e4l\u00f6ityj\u00e4 ratkaisuja asiakkaidemme moninaisten tarpeiden t\u00e4ytt\u00e4miseksi. Ylit\u00e4mme pelk\u00e4n tuotteiden toimittamisen \u2013 keskitymme pitk\u00e4aikaisten suhteiden vaalimiseen ja varmistamme jokaisen projektin onnistumisen. Etsitp\u00e4 sitten innovatiivisia ratkaisuja uuteen aloitteeseen tai tarvitset tukea olemassa olevalle j\u00e4rjestelm\u00e4lle, FMP on omistautunut ratkaisemaan tekniset haasteesi ja auttamaan sinua saavuttamaan jatkuvaa menestyst\u00e4.<\/p>\n<p><img loading=\"lazy\" decoding=\"async\" class=\"alignnone size-full wp-image-1861\" src=\"https:\/\/fmp-components.com\/wp-content\/uploads\/2024\/12\/Other-Agricultural-Gearboxes.webp\" sizes=\"(min-width: 0px) and (max-width: 480px) 480px, (min-width: 481px) and (max-width: 980px) 980px, (min-width: 981px) 1200px, 100vw\" srcset=\"https:\/\/fmp-components.com\/wp-content\/uploads\/2024\/12\/Other-Agricultural-Gearboxes.webp 1200w, https:\/\/fmp-components.com\/wp-content\/uploads\/2024\/12\/Other-Agricultural-Gearboxes-980x1143.webp 980w, https:\/\/fmp-components.com\/wp-content\/uploads\/2024\/12\/Other-Agricultural-Gearboxes-480x560.webp 480w\" alt=\"Altri-cambi-agricoli\" width=\"1200\" height=\"1400\" title=\"\"><\/p>\n<p>Tekij\u00e4: CX<\/p>","protected":false},"excerpt":{"rendered":"<p>Features of Agricultural Lawn Mower Gearbox FMP-55 The FMP-55 Agricultural Lawn Mower Gearbox is engineered for high performance, durability, and reliability, designed to meet the demanding requirements of agricultural lawn mowing applications. Built for heavy-duty use, the FMP-55 ensures smooth operation, long-lasting service, and efficient power transmission. Key features of the FMP-55 include: Heavy-Duty Construction [&hellip;]<\/p>","protected":false},"featured_media":2036,"comment_status":"open","ping_status":"closed","template":"","meta":{"_et_pb_use_builder":"","_et_pb_old_content":"","_et_gb_content_width":""},"product_brand":[],"product_cat":[52],"product_tag":[],"class_list":{"0":"post-2035","1":"product","2":"type-product","3":"status-publish","4":"has-post-thumbnail","6":"product_cat-lawn-mower-gearbox","8":"first","9":"instock","10":"shipping-taxable","11":"product-type-simple"},"_links":{"self":[{"href":"https:\/\/fmp-components.com\/fi\/wp-json\/wp\/v2\/product\/2035","targetHints":{"allow":["GET"]}}],"collection":[{"href":"https:\/\/fmp-components.com\/fi\/wp-json\/wp\/v2\/product"}],"about":[{"href":"https:\/\/fmp-components.com\/fi\/wp-json\/wp\/v2\/types\/product"}],"replies":[{"embeddable":true,"href":"https:\/\/fmp-components.com\/fi\/wp-json\/wp\/v2\/comments?post=2035"}],"wp:featuredmedia":[{"embeddable":true,"href":"https:\/\/fmp-components.com\/fi\/wp-json\/wp\/v2\/media\/2036"}],"wp:attachment":[{"href":"https:\/\/fmp-components.com\/fi\/wp-json\/wp\/v2\/media?parent=2035"}],"wp:term":[{"taxonomy":"product_brand","embeddable":true,"href":"https:\/\/fmp-components.com\/fi\/wp-json\/wp\/v2\/product_brand?post=2035"},{"taxonomy":"product_cat","embeddable":true,"href":"https:\/\/fmp-components.com\/fi\/wp-json\/wp\/v2\/product_cat?post=2035"},{"taxonomy":"product_tag","embeddable":true,"href":"https:\/\/fmp-components.com\/fi\/wp-json\/wp\/v2\/product_tag?post=2035"}],"curies":[{"name":"wp","href":"https:\/\/api.w.org\/{rel}","templated":true}]}}