{"id":2031,"date":"2024-12-27T01:51:37","date_gmt":"2024-12-27T01:51:37","guid":{"rendered":"https:\/\/fmp-components.com\/?page_id=8"},"modified":"2024-12-27T01:51:37","modified_gmt":"2024-12-27T01:51:37","slug":"agricultural-lawn-mower-gearbox-fmp-rc81","status":"publish","type":"product","link":"https:\/\/fmp-components.com\/fi\/product\/agricultural-lawn-mower-gearbox-fmp-rc81\/","title":{"rendered":"Maatalouden ruohonleikkurin vaihdelaatikko FMP-RC81"},"content":{"rendered":"<h2>Maatalouden ruohonleikkurin vaihdelaatikko FMP-RC81 Tekniset tiedot<\/h2>\n<table style=\"width: 96.2203%; height: 596px;\" border=\"1\" width=\"100%\" cellspacing=\"0\" cellpadding=\"0\">\n<tbody>\n<tr>\n<td width=\"110\"><img loading=\"lazy\" decoding=\"async\" class=\"alignnone size-full wp-image-2033\" src=\"https:\/\/fmp-components.com\/wp-content\/uploads\/2024\/12\/fmp_agricultural-gearbox-HC-RC81-2.webp\" alt=\"fmp_maatalouden-vaihteisto-HC-RC81-2\" width=\"399\" height=\"518\" title=\"\" srcset=\"https:\/\/fmp-components.com\/wp-content\/uploads\/2024\/12\/fmp_agricultural-gearbox-HC-RC81-2.webp 399w, https:\/\/fmp-components.com\/wp-content\/uploads\/2024\/12\/fmp_agricultural-gearbox-HC-RC81-2-231x300.webp 231w, https:\/\/fmp-components.com\/wp-content\/uploads\/2024\/12\/fmp_agricultural-gearbox-HC-RC81-2-9x12.webp 9w\" sizes=\"(max-width: 399px) 100vw, 399px\" \/><\/td>\n<td width=\"98\"><img loading=\"lazy\" decoding=\"async\" class=\"alignnone size-full wp-image-2034\" src=\"https:\/\/fmp-components.com\/wp-content\/uploads\/2024\/12\/fmp_agricultural-gearbox-HC-RC81.webp\" alt=\"fmp_maatalouden-vaihteisto-HC-RC81-2\" width=\"400\" height=\"400\" title=\"\" srcset=\"https:\/\/fmp-components.com\/wp-content\/uploads\/2024\/12\/fmp_agricultural-gearbox-HC-RC81.webp 400w, https:\/\/fmp-components.com\/wp-content\/uploads\/2024\/12\/fmp_agricultural-gearbox-HC-RC81-300x300.webp 300w, https:\/\/fmp-components.com\/wp-content\/uploads\/2024\/12\/fmp_agricultural-gearbox-HC-RC81-150x150.webp 150w, https:\/\/fmp-components.com\/wp-content\/uploads\/2024\/12\/fmp_agricultural-gearbox-HC-RC81-12x12.webp 12w, https:\/\/fmp-components.com\/wp-content\/uploads\/2024\/12\/fmp_agricultural-gearbox-HC-RC81-100x100.webp 100w\" sizes=\"(max-width: 400px) 100vw, 400px\" \/><\/td>\n<\/tr>\n<\/tbody>\n<\/table>\n<table style=\"width: 95.6387%; height: 235px;\" border=\"1\">\n<tbody>\n<tr>\n<td><strong>TUOTE<\/strong><\/td>\n<td>FMP-RC81<\/td>\n<\/tr>\n<tr>\n<td><strong>Suhde<\/strong><\/td>\n<td>1:1.93\/1:1.46<\/td>\n<\/tr>\n<tr>\n<td><strong>Hampaat<\/strong><\/td>\n<td>27\/14 19\/13<\/td>\n<\/tr>\n<tr>\n<td><strong>Moduuli<\/strong><\/td>\n<td>5.5 \/ 7.0<\/td>\n<\/tr>\n<tr>\n<td><strong>Teho (hv)<\/strong><\/td>\n<td>80<\/td>\n<\/tr>\n<tr>\n<td><strong>Nimellistulo<\/strong><\/td>\n<td>600 rpm<\/td>\n<\/tr>\n<tr>\n<td><strong>Tulon\/l\u00e4hd\u00f6n kuvaus<\/strong><\/td>\n<td>1-3\/8 Z6 Kartio-ura<\/td>\n<\/tr>\n<tr>\n<td><strong>Paino (NW)<\/strong><\/td>\n<td>28,7 kg<\/td>\n<\/tr>\n<\/tbody>\n<\/table>\n<h3>Maatalouden ruohonleikkurin vaihteiston FMP-RC81 ominaisuudet<\/h3>\n<p>FMP-RC81-maatalousruohonleikkurin vaihteisto on tehokas ja kest\u00e4v\u00e4 vaihteisto, joka on suunniteltu tarjoamaan poikkeuksellista luotettavuutta, tehokkuutta ja kest\u00e4vyytt\u00e4 vaativiin nurmikonleikkuut\u00f6ihin. Se on rakennettu kest\u00e4m\u00e4\u00e4n vaikeimmatkin olosuhteet ja tarjoamaan pitk\u00e4ik\u00e4ist\u00e4 palvelua. FMP-RC81:n t\u00e4rkeimpi\u00e4 ominaisuuksia ovat:<\/p>\n<ol>\n<li><strong>Kest\u00e4v\u00e4 muotoilu<\/strong><br \/>\nFMP-RC81 on valmistettu kest\u00e4vist\u00e4 ja lujista materiaaleista kest\u00e4m\u00e4\u00e4n maatalouden nurmikonleikkuusta aiheutuvaa rasitusta. Sen kest\u00e4v\u00e4 rakenne varmistaa erinomaisen suorituskyvyn haastavissa ymp\u00e4rist\u00f6iss\u00e4, niin tihe\u00e4ss\u00e4 ruohossa kuin ep\u00e4tasaisessa maastossakin.<\/li>\n<li><strong>Suuri v\u00e4\u00e4nt\u00f6momentti<\/strong><br \/>\nErinomaisen v\u00e4\u00e4nt\u00f6momentin k\u00e4sittelykyvyn ansiosta FMP-RC81 sopii erinomaisesti suuren kuormituksen sovelluksiin. Se varmistaa tehokkaan voimansiirron my\u00f6s vaativimmissa olosuhteissa, mink\u00e4 ansiosta leikkuri toimii parhaalla mahdollisella tavalla jopa tihe\u00e4ss\u00e4 ruohikossa tai kaltevalla maalla.<\/li>\n<li><strong>Tarkkuuskoneistetut hammaspy\u00f6r\u00e4t<\/strong><br \/>\nTarkkuussuunnitelluilla vaihteilla varustettu FMP-RC81 varmistaa sujuvan ja tehokkaan voimansiirron minimoimalla t\u00e4rin\u00e4n. T\u00e4m\u00e4 tarkkuus v\u00e4hent\u00e4\u00e4 kulumista, mik\u00e4 pident\u00e4\u00e4 k\u00e4ytt\u00f6ik\u00e4\u00e4 ja alentaa yll\u00e4pitokustannuksia.<\/li>\n<li><strong>Optimoitu energiatehokkuus<\/strong><br \/>\nFMP-RC81:ss\u00e4 on optimoitu vaihteistorakenne, joka minimoi tehoh\u00e4vi\u00f6n ja parantaa leikkurin kokonaistehokkuutta. T\u00e4m\u00e4 v\u00e4hent\u00e4\u00e4 moottorin kuormitusta, parantaa polttoainetaloutta ja varmistaa, ett\u00e4 tehoa k\u00e4ytet\u00e4\u00e4n tehokkaasti leikkuutehon saavuttamiseksi.<\/li>\n<li><strong>Kompakti ja kevyt<\/strong><br \/>\nRaskaasta kest\u00e4vyydest\u00e4\u00e4n huolimatta FMP-RC81 on suunniteltu kompaktiksi ja kevyeksi. T\u00e4m\u00e4 helpottaa integrointia erilaisiin ruohonleikkurij\u00e4rjestelmiin ilman ylim\u00e4\u00e4r\u00e4ist\u00e4 painoa, mik\u00e4 parantaa ohjattavuutta ja v\u00e4hent\u00e4\u00e4 laitteen rasitusta.<\/li>\n<li><strong>V\u00e4h\u00e4inen huoltotarve<\/strong><br \/>\nFMP-RC81-vaihteisto on suunniteltu vaatimaan mahdollisimman v\u00e4h\u00e4n huoltoa, ja sen itsevoitelevat komponentit v\u00e4hent\u00e4v\u00e4t tihe\u00e4n huollon tarvetta. T\u00e4m\u00e4 rakenne varmistaa jatkuvan toiminnan ja v\u00e4hent\u00e4\u00e4 seisokkiaikoja ja yll\u00e4pitokustannuksia.<\/li>\n<li><strong>Monipuolinen ja mukautuva<\/strong><br \/>\nFMP-RC81 on eritt\u00e4in monipuolinen ja yhteensopiva monenlaisten maataloudessa ja maisemoinnissa k\u00e4ytettyjen ruohonleikkureiden kanssa. Se voidaan r\u00e4\u00e4t\u00e4l\u00f6id\u00e4 vastaamaan erityisvaatimuksia, mik\u00e4 varmistaa optimaalisen suorituskyvyn eri leikkurikokoonpanoissa.<\/li>\n<\/ol>\n<p>FMP-RC81-maatalouden ruohonleikkurin vaihteisto yhdist\u00e4\u00e4 lujuuden, tehokkuuden ja luotettavuuden, mik\u00e4 tekee siit\u00e4 erinomaisen valinnan maatalouden ja teollisuuden ruohonleikkuut\u00f6ihin. Se on suunniteltu k\u00e4sittelem\u00e4\u00e4n raskaita kuormia, v\u00e4hent\u00e4m\u00e4\u00e4n huoltoa ja tarjoamaan sujuvaa voimansiirtoa, ja se on rakennettu maksimoimaan toiminnan tehokkuus ja minimoimaan seisokkiajat.<\/p>\n<p><img loading=\"lazy\" decoding=\"async\" class=\"alignnone size-full wp-image-1994\" src=\"https:\/\/fmp-components.com\/wp-content\/uploads\/2024\/12\/Lawn-Mower-Gearbox-7.webp\" alt=\"Ruohonleikkurin vaihdelaatikko\" width=\"1502\" height=\"805\" title=\"\" srcset=\"https:\/\/fmp-components.com\/wp-content\/uploads\/2024\/12\/Lawn-Mower-Gearbox-7.webp 1502w, https:\/\/fmp-components.com\/wp-content\/uploads\/2024\/12\/Lawn-Mower-Gearbox-7-1280x686.webp 1280w, https:\/\/fmp-components.com\/wp-content\/uploads\/2024\/12\/Lawn-Mower-Gearbox-7-980x525.webp 980w, https:\/\/fmp-components.com\/wp-content\/uploads\/2024\/12\/Lawn-Mower-Gearbox-7-480x257.webp 480w\" sizes=\"(min-width: 0px) and (max-width: 480px) 480px, (min-width: 481px) and (max-width: 980px) 980px, (min-width: 981px) and (max-width: 1280px) 1280px, (min-width: 1281px) 1502px, 100vw\" \/><\/p>\n<h3>Tietoja FMP:st\u00e4<\/h3>\n<p>Italiassa p\u00e4\u00e4konttoriaan pit\u00e4v\u00e4 FMP on johtava maatalouskoneiden tehokkaisiin vaihteistoihin erikoistunut valmistaja. Tarkkuudesta, innovaatioista ja luotettavuudesta tunnettu FMP tarjoaa laajan valikoiman vaihteistoja, kuten ruohonleikkureiden vaihteistoja ja olennaisia \u200b\u200bkomponentteja, kuten nivelakseleita. Missiomme on tarjota r\u00e4\u00e4t\u00e4l\u00f6ityj\u00e4 ratkaisuja, jotka vastaavat maatalous- ja teollisuussektorin erityistarpeisiin, olipa kyseess\u00e4 sitten yksitt\u00e4iset tuotteet tai integroidut j\u00e4rjestelm\u00e4t.<\/p>\n<p>Ymm\u00e4rr\u00e4mme, ett\u00e4 jokaisella asiakkaalla on ainutlaatuiset vaatimukset, mink\u00e4 vuoksi olemme erinomaisia \u200b\u200b\u200b\u200br\u00e4\u00e4t\u00e4l\u00f6im\u00e4\u00e4n tuotteemme n\u00e4ihin tarpeisiin. Tarvitsetpa sitten erikoisvaihteiston tai kokonaisen j\u00e4rjestelm\u00e4n, teemme tiivist\u00e4 yhteisty\u00f6t\u00e4 kanssasi toimittaaksemme tehokkaimmat ja toimivimmat ratkaisut. Nopeat ja ammattimaiset vastauksemme yhdistettyn\u00e4 asiantuntevaan neuvontaan varmistavat, ett\u00e4 jokainen tiedustelu k\u00e4sitell\u00e4\u00e4n huolellisesti ja tarkasti.<\/p>\n<p>FMP:ll\u00e4 priorisoimme avointa viestint\u00e4\u00e4 ja yhteisty\u00f6t\u00e4, erityisesti uusia tuotteita kehitett\u00e4ess\u00e4. Tiimimme ty\u00f6skentelee asiakkaiden rinnalla ymm\u00e4rt\u00e4\u00e4kseen heid\u00e4n haasteitaan ja tarjotakseen n\u00e4kemyksi\u00e4, jotka johtavat optimaalisiin ratkaisuihin. Olemme sitoutuneet toimittamaan korkealaatuisia, tarkasti suunniteltuja tuotteita ajallaan, olipa kyseess\u00e4 sitten uusi kehityshanke tai olemassa olevat tilaukset.<\/p>\n<p>Laatu on FMP:n toiminnan ytimess\u00e4. Valmistusprosessimme noudattavat korkeimpia standardeja, mik\u00e4 varmistaa tarkkuuden ja virheett\u00f6myysprosentin. Tiukka laadunvalvonta takaa, ett\u00e4 jokainen tuote t\u00e4ytt\u00e4\u00e4 tai ylitt\u00e4\u00e4 alan standardit. T\u00e4m\u00e4 sitoutuminen laatuun yhdistettyn\u00e4 ydinarvoihimme, kuten rehellisyyteen, tiimity\u00f6h\u00f6n ja sinnikkyyteen, on mahdollistanut vahvojen asiakassuhteiden rakentamisen l\u00e4hes 30 maassa.<\/p>\n<p>FMP on aina avoin globaaleille kumppanuuksille ja tarjoaa asiantuntevaa neuvontaa ja r\u00e4\u00e4t\u00e4l\u00f6ityj\u00e4 ratkaisuja. L\u00e4hestymistapamme menee pelk\u00e4n tuotteiden toimittamisen edelle; pyrimme rakentamaan pitk\u00e4aikaisia \u200b\u200b\u200b\u200bsuhteita, jotka edist\u00e4v\u00e4t molemminpuolista menestyst\u00e4. Tarvitsetpa sitten uusia ratkaisuja tai tukea olemassa oleville j\u00e4rjestelmille, FMP on omistautunut ratkaisemaan tekniset haasteesi ja varmistamaan jatkuvan menestyksen.<\/p>\n<p><img loading=\"lazy\" decoding=\"async\" class=\"alignnone size-full wp-image-1861\" src=\"https:\/\/fmp-components.com\/wp-content\/uploads\/2024\/12\/Other-Agricultural-Gearboxes.webp\" sizes=\"(min-width: 0px) and (max-width: 480px) 480px, (min-width: 481px) and (max-width: 980px) 980px, (min-width: 981px) 1200px, 100vw\" srcset=\"https:\/\/fmp-components.com\/wp-content\/uploads\/2024\/12\/Other-Agricultural-Gearboxes.webp 1200w, https:\/\/fmp-components.com\/wp-content\/uploads\/2024\/12\/Other-Agricultural-Gearboxes-980x1143.webp 980w, https:\/\/fmp-components.com\/wp-content\/uploads\/2024\/12\/Other-Agricultural-Gearboxes-480x560.webp 480w\" alt=\"Altri-cambi-agricoli\" width=\"1200\" height=\"1400\" title=\"\"><\/p>\n<p>Tekij\u00e4: CX<\/p>","protected":false},"excerpt":{"rendered":"<p>Agricultural Lawn Mower Gearbox FMP-RC81 Specification ITEM FMP-RC81 Ratio 1:1.93\/1:1.46 Teeth 27\/14 19\/13 Module 5.5 \/ 7.0 Power(HP) 80 Rated Input 600rpm Input\/Output Description 1-3\/8 Z6 Taper spline Weight(N.W) 28.7KG Features of Agricultural Lawn Mower Gearbox FMP-RC81 The FMP-RC81 Agricultural Lawn Mower Gearbox is a high-performance, heavy-duty gearbox designed to deliver exceptional reliability, efficiency, and [&hellip;]<\/p>","protected":false},"featured_media":2034,"comment_status":"open","ping_status":"closed","template":"","meta":{"_et_pb_use_builder":"","_et_pb_old_content":"","_et_gb_content_width":""},"product_brand":[],"product_cat":[52],"product_tag":[],"class_list":{"0":"post-2031","1":"product","2":"type-product","3":"status-publish","4":"has-post-thumbnail","6":"product_cat-lawn-mower-gearbox","8":"first","9":"instock","10":"shipping-taxable","11":"product-type-simple"},"_links":{"self":[{"href":"https:\/\/fmp-components.com\/fi\/wp-json\/wp\/v2\/product\/2031","targetHints":{"allow":["GET"]}}],"collection":[{"href":"https:\/\/fmp-components.com\/fi\/wp-json\/wp\/v2\/product"}],"about":[{"href":"https:\/\/fmp-components.com\/fi\/wp-json\/wp\/v2\/types\/product"}],"replies":[{"embeddable":true,"href":"https:\/\/fmp-components.com\/fi\/wp-json\/wp\/v2\/comments?post=2031"}],"wp:featuredmedia":[{"embeddable":true,"href":"https:\/\/fmp-components.com\/fi\/wp-json\/wp\/v2\/media\/2034"}],"wp:attachment":[{"href":"https:\/\/fmp-components.com\/fi\/wp-json\/wp\/v2\/media?parent=2031"}],"wp:term":[{"taxonomy":"product_brand","embeddable":true,"href":"https:\/\/fmp-components.com\/fi\/wp-json\/wp\/v2\/product_brand?post=2031"},{"taxonomy":"product_cat","embeddable":true,"href":"https:\/\/fmp-components.com\/fi\/wp-json\/wp\/v2\/product_cat?post=2031"},{"taxonomy":"product_tag","embeddable":true,"href":"https:\/\/fmp-components.com\/fi\/wp-json\/wp\/v2\/product_tag?post=2031"}],"curies":[{"name":"wp","href":"https:\/\/api.w.org\/{rel}","templated":true}]}}