{"id":2028,"date":"2024-12-27T01:47:24","date_gmt":"2024-12-27T01:47:24","guid":{"rendered":"https:\/\/fmp-components.com\/?page_id=8"},"modified":"2024-12-27T01:47:24","modified_gmt":"2024-12-27T01:47:24","slug":"agricultural-lawn-mower-gearbox-fmp-rc61","status":"publish","type":"product","link":"https:\/\/fmp-components.com\/fi\/product\/agricultural-lawn-mower-gearbox-fmp-rc61\/","title":{"rendered":"Maatalouden ruohonleikkurin vaihdelaatikko FMP-RC61"},"content":{"rendered":"<h2>Maatalouden ruohonleikkurin vaihdelaatikko FMP-RC61 Tekniset tiedot<\/h2>\n<table style=\"width: 96.2203%; height: 596px;\" border=\"1\" width=\"100%\" cellspacing=\"0\" cellpadding=\"0\">\n<tbody>\n<tr>\n<td width=\"110\"><img loading=\"lazy\" decoding=\"async\" class=\"alignnone size-full wp-image-2029\" src=\"https:\/\/fmp-components.com\/wp-content\/uploads\/2024\/12\/fmp_agricultural-gearbox-HC-RC61-2.webp\" alt=\"fmp_maatalouden-vaihteisto-HC-RC61-2\" width=\"470\" height=\"564\" title=\"\" srcset=\"https:\/\/fmp-components.com\/wp-content\/uploads\/2024\/12\/fmp_agricultural-gearbox-HC-RC61-2.webp 470w, https:\/\/fmp-components.com\/wp-content\/uploads\/2024\/12\/fmp_agricultural-gearbox-HC-RC61-2-250x300.webp 250w, https:\/\/fmp-components.com\/wp-content\/uploads\/2024\/12\/fmp_agricultural-gearbox-HC-RC61-2-10x12.webp 10w\" sizes=\"(max-width: 470px) 100vw, 470px\" \/><\/td>\n<td width=\"98\"><img loading=\"lazy\" decoding=\"async\" class=\"alignnone size-full wp-image-2030\" src=\"https:\/\/fmp-components.com\/wp-content\/uploads\/2024\/12\/fmp_agricultural-gearbox-HC-RC61.webp\" alt=\"fmp_maatalouden-vaihteisto-HC-RC61-2\" width=\"400\" height=\"400\" title=\"\" srcset=\"https:\/\/fmp-components.com\/wp-content\/uploads\/2024\/12\/fmp_agricultural-gearbox-HC-RC61.webp 400w, https:\/\/fmp-components.com\/wp-content\/uploads\/2024\/12\/fmp_agricultural-gearbox-HC-RC61-300x300.webp 300w, https:\/\/fmp-components.com\/wp-content\/uploads\/2024\/12\/fmp_agricultural-gearbox-HC-RC61-150x150.webp 150w, https:\/\/fmp-components.com\/wp-content\/uploads\/2024\/12\/fmp_agricultural-gearbox-HC-RC61-12x12.webp 12w, https:\/\/fmp-components.com\/wp-content\/uploads\/2024\/12\/fmp_agricultural-gearbox-HC-RC61-100x100.webp 100w\" sizes=\"(max-width: 400px) 100vw, 400px\" \/><\/td>\n<\/tr>\n<\/tbody>\n<\/table>\n<table style=\"width: 96.4817%; height: 184px;\" border=\"1\">\n<tbody>\n<tr style=\"height: 23px;\">\n<td style=\"width: 39.6789%; height: 23px;\"><strong>TUOTE<\/strong><\/td>\n<td style=\"width: 62.0413%; height: 23px;\">FMP-RC61<\/td>\n<\/tr>\n<tr style=\"height: 23px;\">\n<td style=\"width: 39.6789%; height: 23px;\"><strong>Suhde<\/strong><\/td>\n<td style=\"width: 62.0413%; height: 23px;\">1:1.46\/1:1.93<\/td>\n<\/tr>\n<tr style=\"height: 23px;\">\n<td style=\"width: 39.6789%; height: 23px;\"><strong>Hampaat<\/strong><\/td>\n<td style=\"width: 62.0413%; height: 23px;\">19\/13 27\/14<\/td>\n<\/tr>\n<tr style=\"height: 23px;\">\n<td style=\"width: 39.6789%; height: 23px;\"><strong>Moduuli<\/strong><\/td>\n<td style=\"width: 62.0413%; height: 23px;\">\u00a07.0\u00a0\/5.5<\/td>\n<\/tr>\n<tr style=\"height: 23px;\">\n<td style=\"width: 39.6789%; height: 23px;\"><strong>Teho (hv)<\/strong><\/td>\n<td style=\"width: 62.0413%; height: 23px;\">60<\/td>\n<\/tr>\n<tr style=\"height: 23px;\">\n<td style=\"width: 39.6789%; height: 23px;\"><strong>Nimellistulo<\/strong><\/td>\n<td style=\"width: 62.0413%; height: 23px;\">540 rpm<\/td>\n<\/tr>\n<tr style=\"height: 23px;\">\n<td style=\"width: 39.6789%; height: 23px;\"><strong>Tulon\/l\u00e4hd\u00f6n kuvaus<\/strong><\/td>\n<td style=\"width: 62.0413%; height: 23px;\">1-3\/8 Z6 Kartio-ura<\/td>\n<\/tr>\n<tr style=\"height: 23px;\">\n<td style=\"width: 39.6789%; height: 23px;\"><strong>Paino (NW)<\/strong><\/td>\n<td style=\"width: 62.0413%; height: 23px;\">36,5 kg<\/td>\n<\/tr>\n<\/tbody>\n<\/table>\n<h2>Maatalouden ruohonleikkurin vaihdelaatikon FMP-RC61 ominaisuudet<\/h2>\n<p>FMP-RC61-maatalousruohonleikkurin vaihteisto on suunniteltu tarjoamaan erinomaista suorituskyky\u00e4, kest\u00e4vyytt\u00e4 ja luotettavuutta vaativissa maatalousymp\u00e4rist\u00f6iss\u00e4. Se on suunniteltu raskaaseen k\u00e4ytt\u00f6\u00f6n ja tarjoaa erinomaisen tehokkuuden ja pitk\u00e4n k\u00e4ytt\u00f6i\u00e4n. FMP-RC61:n t\u00e4rkeimpi\u00e4 ominaisuuksia ovat:<\/p>\n<ol>\n<li><strong>Raskas rakenne<\/strong><br \/>\nFMP-RC61 on valmistettu eritt\u00e4in lujista materiaaleista kest\u00e4m\u00e4\u00e4n maatalouden nurmikonleikkuun liittyv\u00e4t tiukat vaatimukset. Sen kest\u00e4v\u00e4 rakenne varmistaa luotettavuuden my\u00f6s vaativissa ty\u00f6olosuhteissa.<\/li>\n<li><strong>Suuri v\u00e4\u00e4nt\u00f6momentti ja kuormituskapasiteetti<\/strong><br \/>\nSuurempia v\u00e4\u00e4nt\u00f6momentteja k\u00e4sittelev\u00e4 FMP-RC61-vaihteisto sopii erinomaisesti raskaisiin k\u00e4ytt\u00f6tarkoituksiin varmistaen tehokkaan voimansiirron leikkurin terille jopa tihe\u00e4ss\u00e4 ruohikossa ja vaikeassa maastossa.<\/li>\n<li><strong>Tarkkuusvaihteiden suunnittelu<\/strong><br \/>\nHienosti suunniteltujen vaihteiden ansiosta FMP-RC61 varmistaa tasaisen ja tasaisen voimansiirron. T\u00e4m\u00e4 tarkkuus v\u00e4hent\u00e4\u00e4 kulumista, minimoi t\u00e4rin\u00e4\u00e4 ja pident\u00e4\u00e4 vaihteiston k\u00e4ytt\u00f6ik\u00e4\u00e4.<\/li>\n<li><strong>Parannettu energiatehokkuus<\/strong><br \/>\nFMP-RC61 on suunniteltu maksimaaliseen tehokkuuteen, ja se minimoi energiah\u00e4vikin voimansiirron aikana. Tehokas rakenne parantaa polttoainetaloutta, v\u00e4hent\u00e4\u00e4 moottorin kuormitusta ja varmistaa optimaalisen leikkuutehon.<\/li>\n<li><strong>Kompakti ja tilaa s\u00e4\u00e4st\u00e4v\u00e4<\/strong><br \/>\nRaskaasta kest\u00e4vyydest\u00e4\u00e4n huolimatta FMP-RC61 on suunniteltu kompaktiksi ja tilaa s\u00e4\u00e4st\u00e4v\u00e4ksi rakenteeksi, joka mahdollistaa helpon integroinnin erilaisiin ruohonleikkurij\u00e4rjestelmiin suorituskyvyst\u00e4 tinkim\u00e4tt\u00e4.<\/li>\n<li><strong>V\u00e4h\u00e4iset huoltovaatimukset<\/strong><br \/>\nFMP-RC61 on suunniteltu minimaalista huoltoa vaativaksi, ja siin\u00e4 on itsevoitelevat komponentit ja kest\u00e4v\u00e4t tiivisteet, jotka v\u00e4hent\u00e4v\u00e4t tihe\u00e4n huollon tarvetta ja varmistavat jatkuvan toiminnan minimaalisilla seisokkiajoilla.<\/li>\n<li><strong>Monipuolinen yhteensopivuus<\/strong><br \/>\nFMP-RC61 on yhteensopiva monenlaisten maatalousruohonleikkureiden kanssa, mik\u00e4 tarjoaa monipuolisuutta erilaisiin k\u00e4ytt\u00f6tarkoituksiin. Se voidaan r\u00e4\u00e4t\u00e4l\u00f6id\u00e4 vastaamaan tiettyj\u00e4 konekokoonpanoja ja asiakkaan tarpeita.<\/li>\n<\/ol>\n<p>FMP-RC61-maatalouden ruohonleikkurin vaihteisto on tehokas, luotettava ja kest\u00e4v\u00e4 ratkaisu, joka on suunniteltu tuottamaan erinomaisia \u200b\u200btuloksia vaativissa maatalouden ja teollisuuden leikkuut\u00f6iss\u00e4. Sen innovatiiviset ominaisuudet takaavat optimaalisen tehokkuuden, pitk\u00e4n k\u00e4ytt\u00f6i\u00e4n ja alhaiset k\u00e4ytt\u00f6kustannukset.<\/p>\n<p><img loading=\"lazy\" decoding=\"async\" class=\"alignnone size-full wp-image-1994\" src=\"https:\/\/fmp-components.com\/wp-content\/uploads\/2024\/12\/Lawn-Mower-Gearbox-7.webp\" alt=\"Ruohonleikkurin vaihdelaatikko\" width=\"1502\" height=\"805\" title=\"\" srcset=\"https:\/\/fmp-components.com\/wp-content\/uploads\/2024\/12\/Lawn-Mower-Gearbox-7.webp 1502w, https:\/\/fmp-components.com\/wp-content\/uploads\/2024\/12\/Lawn-Mower-Gearbox-7-1280x686.webp 1280w, https:\/\/fmp-components.com\/wp-content\/uploads\/2024\/12\/Lawn-Mower-Gearbox-7-980x525.webp 980w, https:\/\/fmp-components.com\/wp-content\/uploads\/2024\/12\/Lawn-Mower-Gearbox-7-480x257.webp 480w\" sizes=\"(min-width: 0px) and (max-width: 480px) 480px, (min-width: 481px) and (max-width: 980px) 980px, (min-width: 981px) and (max-width: 1280px) 1280px, (min-width: 1281px) 1502px, 100vw\" \/><\/p>\n<h3>Tietoja FMP:st\u00e4<\/h3>\n<p>Italiassa toimiva FMP on merkitt\u00e4v\u00e4 valmistaja, joka tunnetaan maatalouskoneisiin r\u00e4\u00e4t\u00e4l\u00f6idyist\u00e4 tehokkaista vaihteistoistaan. Vahvan maineemme ansiosta olemme erikoistuneet tarkkuustekniikkaan, innovaatioihin ja luotettavuuteen, tarjoamme kattavan valikoiman vaihteistoja, mukaan lukien ruohonleikkureiden erikoisvaihteistot ja kriittiset komponentit, kuten nivelakselit. Tavoitteenamme on toimittaa r\u00e4\u00e4t\u00e4l\u00f6ityj\u00e4 ratkaisuja, jotka vastaavat t\u00e4ydellisesti maatalous- ja teollisuussektorien ainutlaatuisia vaatimuksia, olipa kyseess\u00e4 sitten erillistuotteet tai integroidut j\u00e4rjestelm\u00e4t.<\/p>\n<p>Ymm\u00e4rr\u00e4mme, ett\u00e4 jokaisen asiakkaan tarpeet ovat ainutlaatuiset, ja siksi olemme erikoistuneet r\u00e4\u00e4t\u00e4l\u00f6im\u00e4\u00e4n tuotteemme vastaamaan n\u00e4it\u00e4 erityisvaatimuksia. Etsitp\u00e4 sitten r\u00e4\u00e4t\u00e4l\u00f6ity\u00e4 vaihdelaatikkoa tai kokonaisvaltaista j\u00e4rjestelm\u00e4\u00e4, teemme tiivist\u00e4 yhteisty\u00f6t\u00e4 kanssasi kehitt\u00e4\u00e4ksemme tehokkaita ja toimivia ratkaisuja. Nopeat ja ammattimaiset vastauksemme sek\u00e4 asiantunteva ohjauksemme varmistavat, ett\u00e4 jokaista tiedustelua k\u00e4sitell\u00e4\u00e4n \u00e4\u00e4rimm\u00e4isen huolellisesti ja tarkasti.<\/p>\n<p>FMP:ll\u00e4 painotamme vahvasti l\u00e4pin\u00e4kyv\u00e4\u00e4 viestint\u00e4\u00e4 ja yhteisty\u00f6t\u00e4, erityisesti uusien tuotteiden suunnittelussa ja kehitt\u00e4misess\u00e4. Teemme tiivist\u00e4 yhteisty\u00f6t\u00e4 asiakkaidemme kanssa ymm\u00e4rt\u00e4\u00e4ksemme syv\u00e4llisesti heid\u00e4n haasteitaan ja tarjotaksemme n\u00e4kemyksi\u00e4, jotka johtavat optimaalisiin ja innovatiivisiin ratkaisuihin. Sitoutumisemme korkealaatuisten, tarkasti suunniteltujen tuotteiden toimittamiseen ajallaan ja asiakkaiden odotusten mukaisesti on keskeist\u00e4 kaikessa toiminnassamme.<\/p>\n<p>Laatu on FMP:n toiminnan kulmakivi. Valmistusprosessejamme ohjaavat korkeimmat standardit, mik\u00e4 takaa virheett\u00f6m\u00e4n toteutuksen ja virheiden nollatason. Tiukka laadunvalvonta varmistaa, ett\u00e4 jokainen tuote t\u00e4ytt\u00e4\u00e4 tai ylitt\u00e4\u00e4 alan standardit. T\u00e4m\u00e4 horjumaton omistautuminen laadulle yhdess\u00e4 ydinarvojemme, kuten rehellisyyden, tiimity\u00f6n ja sinnikkyyden, kanssa on auttanut meit\u00e4 rakentamaan kest\u00e4vi\u00e4 asiakassuhteita yli 30 maassa.<\/p>\n<p>FMP on aina avoin globaalien kumppanuuksien muodostamiselle, tarjoamalla asiantuntevaa konsultointia ja yksil\u00f6llisi\u00e4 ratkaisuja. L\u00e4hestymistapamme ei ole pelk\u00e4st\u00e4\u00e4n tuotteiden toimittamista, vaan pitk\u00e4aikaisten kumppanuuksien luomista, jotka johtavat yhteiseen menestykseen. Etsitp\u00e4 sitten innovatiivisia ratkaisuja tai jatkuvaa tukea olemassa oleville j\u00e4rjestelmille, FMP on sitoutunut ratkaisemaan tekniset haasteesi ja varmistamaan jatkuvan menestyksesi.<\/p>\n<p><img loading=\"lazy\" decoding=\"async\" class=\"alignnone size-full wp-image-1861\" src=\"https:\/\/fmp-components.com\/wp-content\/uploads\/2024\/12\/Other-Agricultural-Gearboxes.webp\" sizes=\"(min-width: 0px) and (max-width: 480px) 480px, (min-width: 481px) and (max-width: 980px) 980px, (min-width: 981px) 1200px, 100vw\" srcset=\"https:\/\/fmp-components.com\/wp-content\/uploads\/2024\/12\/Other-Agricultural-Gearboxes.webp 1200w, https:\/\/fmp-components.com\/wp-content\/uploads\/2024\/12\/Other-Agricultural-Gearboxes-980x1143.webp 980w, https:\/\/fmp-components.com\/wp-content\/uploads\/2024\/12\/Other-Agricultural-Gearboxes-480x560.webp 480w\" alt=\"Altri-cambi-agricoli\" width=\"1200\" height=\"1400\" title=\"\"><\/p>\n<p>Tekij\u00e4: CX<\/p>","protected":false},"excerpt":{"rendered":"<p>Agricultural Lawn Mower Gearbox FMP-RC61 Specification ITEM FMP-RC61 Ratio 1:1.46\/1:1.93 Teeth 19\/13 27\/14 Module \u00a07.0\u00a0\/5.5 Power(HP) 60 Rated Input 540rpm Input\/Output Description 1-3\/8 Z6 Taper spline Weight(N.W) 36.5KG Features of Agricultural Lawn Mower Gearbox FMP-RC61 The FMP-RC61 Agricultural Lawn Mower Gearbox is engineered to provide outstanding performance, durability, and reliability in demanding agricultural environments. Designed [&hellip;]<\/p>","protected":false},"featured_media":2030,"comment_status":"open","ping_status":"closed","template":"","meta":{"_et_pb_use_builder":"","_et_pb_old_content":"","_et_gb_content_width":""},"product_brand":[],"product_cat":[52],"product_tag":[],"class_list":{"0":"post-2028","1":"product","2":"type-product","3":"status-publish","4":"has-post-thumbnail","6":"product_cat-lawn-mower-gearbox","8":"first","9":"instock","10":"shipping-taxable","11":"product-type-simple"},"_links":{"self":[{"href":"https:\/\/fmp-components.com\/fi\/wp-json\/wp\/v2\/product\/2028","targetHints":{"allow":["GET"]}}],"collection":[{"href":"https:\/\/fmp-components.com\/fi\/wp-json\/wp\/v2\/product"}],"about":[{"href":"https:\/\/fmp-components.com\/fi\/wp-json\/wp\/v2\/types\/product"}],"replies":[{"embeddable":true,"href":"https:\/\/fmp-components.com\/fi\/wp-json\/wp\/v2\/comments?post=2028"}],"wp:featuredmedia":[{"embeddable":true,"href":"https:\/\/fmp-components.com\/fi\/wp-json\/wp\/v2\/media\/2030"}],"wp:attachment":[{"href":"https:\/\/fmp-components.com\/fi\/wp-json\/wp\/v2\/media?parent=2028"}],"wp:term":[{"taxonomy":"product_brand","embeddable":true,"href":"https:\/\/fmp-components.com\/fi\/wp-json\/wp\/v2\/product_brand?post=2028"},{"taxonomy":"product_cat","embeddable":true,"href":"https:\/\/fmp-components.com\/fi\/wp-json\/wp\/v2\/product_cat?post=2028"},{"taxonomy":"product_tag","embeddable":true,"href":"https:\/\/fmp-components.com\/fi\/wp-json\/wp\/v2\/product_tag?post=2028"}],"curies":[{"name":"wp","href":"https:\/\/api.w.org\/{rel}","templated":true}]}}