{"id":2021,"date":"2024-12-27T01:29:14","date_gmt":"2024-12-27T01:29:14","guid":{"rendered":"https:\/\/fmp-components.com\/?page_id=8"},"modified":"2024-12-27T01:42:20","modified_gmt":"2024-12-27T01:42:20","slug":"agricultural-lawn-mower-gearbox-fmp-rc51","status":"publish","type":"product","link":"https:\/\/fmp-components.com\/fi\/product\/agricultural-lawn-mower-gearbox-fmp-rc51\/","title":{"rendered":"Maatalouden ruohonleikkurin vaihdelaatikko FMP-RC51"},"content":{"rendered":"<h2>Tekniset tiedot<\/h2>\n<table style=\"width: 96.2203%; height: 596px;\" border=\"1\" width=\"100%\" cellspacing=\"0\" cellpadding=\"0\">\n<tbody>\n<tr>\n<td width=\"110\"><img loading=\"lazy\" decoding=\"async\" class=\"alignnone size-full wp-image-2025\" src=\"https:\/\/fmp-components.com\/wp-content\/uploads\/2024\/12\/fmp_agricultural-gearbox-HC-RC51-2.webp\" alt=\"fmp_maatalouden-vaihteisto-HC-RC51-2\" width=\"404\" height=\"547\" title=\"\" srcset=\"https:\/\/fmp-components.com\/wp-content\/uploads\/2024\/12\/fmp_agricultural-gearbox-HC-RC51-2.webp 404w, https:\/\/fmp-components.com\/wp-content\/uploads\/2024\/12\/fmp_agricultural-gearbox-HC-RC51-2-222x300.webp 222w, https:\/\/fmp-components.com\/wp-content\/uploads\/2024\/12\/fmp_agricultural-gearbox-HC-RC51-2-9x12.webp 9w\" sizes=\"(max-width: 404px) 100vw, 404px\" \/><\/td>\n<td width=\"98\"><img loading=\"lazy\" decoding=\"async\" class=\"alignnone size-full wp-image-2026\" src=\"https:\/\/fmp-components.com\/wp-content\/uploads\/2024\/12\/fmp_agricultural-gearbox-HC-RC51.webp\" alt=\"fmp_maatalouden-vaihteisto-HC-RC51-2\" width=\"400\" height=\"400\" title=\"\" srcset=\"https:\/\/fmp-components.com\/wp-content\/uploads\/2024\/12\/fmp_agricultural-gearbox-HC-RC51.webp 400w, https:\/\/fmp-components.com\/wp-content\/uploads\/2024\/12\/fmp_agricultural-gearbox-HC-RC51-300x300.webp 300w, https:\/\/fmp-components.com\/wp-content\/uploads\/2024\/12\/fmp_agricultural-gearbox-HC-RC51-150x150.webp 150w, https:\/\/fmp-components.com\/wp-content\/uploads\/2024\/12\/fmp_agricultural-gearbox-HC-RC51-12x12.webp 12w, https:\/\/fmp-components.com\/wp-content\/uploads\/2024\/12\/fmp_agricultural-gearbox-HC-RC51-100x100.webp 100w\" sizes=\"(max-width: 400px) 100vw, 400px\" \/><\/td>\n<\/tr>\n<\/tbody>\n<\/table>\n<p>&nbsp;<\/p>\n<table style=\"width: 100.19%; height: 241px;\" border=\"1\">\n<tbody>\n<tr>\n<td style=\"width: 36.3538%;\"><strong>TUOTE<\/strong><\/td>\n<td style=\"width: 62.9989%;\">FMP-rc51<\/td>\n<\/tr>\n<tr>\n<td style=\"width: 36.3538%;\"><strong>Suhde<\/strong><\/td>\n<td style=\"width: 62.9989%;\">1:1.47\/1:1.93<\/td>\n<\/tr>\n<tr>\n<td style=\"width: 36.3538%;\"><strong>Hampaat<\/strong><\/td>\n<td style=\"width: 62.9989%;\">22\/15 29\/15<\/td>\n<\/tr>\n<tr>\n<td style=\"width: 36.3538%;\"><strong>Moduuli<\/strong><\/td>\n<td style=\"width: 62.9989%;\">\u00a05.08 \/4.0<\/td>\n<\/tr>\n<tr>\n<td style=\"width: 36.3538%;\"><strong>Teho (hv)<\/strong><\/td>\n<td style=\"width: 62.9989%;\">30<\/td>\n<\/tr>\n<tr>\n<td style=\"width: 36.3538%;\"><strong>Nimellistulo<\/strong><\/td>\n<td style=\"width: 62.9989%;\">540 rpm<\/td>\n<\/tr>\n<tr>\n<td style=\"width: 36.3538%;\"><strong>Tulon\/l\u00e4hd\u00f6n kuvaus<\/strong><\/td>\n<td style=\"width: 62.9989%;\">\u00a0Spline\/Taper-spline<\/td>\n<\/tr>\n<tr>\n<td style=\"width: 36.3538%;\"><strong>Paino (NW)<\/strong><\/td>\n<td style=\"width: 62.9989%;\">29 kg<\/td>\n<\/tr>\n<\/tbody>\n<\/table>\n<h2>Maatalouden ruohonleikkurin vaihteiston FMP-RC51 ominaisuudet<\/h2>\n<p>FMP-RC51-maatalouden ruohonleikkurin vaihteisto on suunniteltu tarjoamaan korkeaa suorituskyky\u00e4, luotettavuutta ja kest\u00e4vyytt\u00e4, joten se on ihanteellinen ratkaisu nurmikonleikkuut\u00f6ihin. FMP-RC51:n t\u00e4rkeimpi\u00e4 ominaisuuksia ovat:<\/p>\n<ol>\n<li><strong>Kest\u00e4v\u00e4 muotoilu<\/strong><br \/>\nKorkealaatuisista materiaaleista valmistettu FMP-RC51-vaihteisto on poikkeuksellisen kest\u00e4v\u00e4 ja kest\u00e4v\u00e4, mik\u00e4 varmistaa, ett\u00e4 se kest\u00e4\u00e4 maatalousymp\u00e4rist\u00f6jen ankarat vaatimukset.<\/li>\n<li><strong>Tarkkuustekniikka<\/strong><br \/>\nFMP-RC51:n tarkkuusty\u00f6st\u00f6 varmistaa sujuvan toiminnan ja optimaalisen voimansiirron. T\u00e4m\u00e4 rakenne minimoi kulumisen, mik\u00e4 parantaa vaihteiston pitk\u00e4ik\u00e4isyytt\u00e4 ja tehokkuutta.<\/li>\n<li><strong>Suuri v\u00e4\u00e4nt\u00f6momentti<\/strong><br \/>\nSuuria v\u00e4\u00e4nt\u00f6momentteja kest\u00e4m\u00e4\u00e4n suunniteltu FMP-RC51 tarjoaa erinomaisen suorituskyvyn raskaissa niitto-olosuhteissa ja varmistaa luotettavan toiminnan my\u00f6s vaikeassa maastossa.<\/li>\n<li><strong>Tehokas voimansiirto<\/strong><br \/>\nTehokkaan vaihteistorakenteensa ansiosta FMP-RC51 minimoi energiah\u00e4vi\u00f6n ja maksimoi tehon. T\u00e4m\u00e4 mahdollistaa tasaisen toiminnan, v\u00e4hent\u00e4\u00e4 moottorin kuormitusta ja parantaa polttoainetehokkuutta.<\/li>\n<li><strong>Kompakti ja kevyt<\/strong><br \/>\nVaihteisto on suunniteltu kompaktiksi ja kevyeksi, joten se on helppo asentaa ja integroida erilaisiin ruohonleikkurij\u00e4rjestelmiin lis\u00e4\u00e4m\u00e4tt\u00e4 tarpeetonta painoa.<\/li>\n<li><strong>V\u00e4h\u00e4inen huoltotarve<\/strong><br \/>\nFMP-RC51-vaihteisto on suunniteltu v\u00e4h\u00e4ist\u00e4 huoltoa vaativaksi, ja siin\u00e4 on itsevoitelevat komponentit, jotka v\u00e4hent\u00e4v\u00e4t tihe\u00e4n huollon tarvetta, parantavat tuottavuutta ja minimoivat seisokkiajat.<\/li>\n<li><strong>Monipuolinen yhteensopivuus<\/strong><br \/>\nFMP-RC51 on yhteensopiva monenlaisten ruohonleikkureiden kanssa, joten se on monipuolinen vaihtoehto erilaisiin maatalousalan k\u00e4ytt\u00f6tarkoituksiin. Se voidaan helposti mukauttaa vastaamaan tiettyj\u00e4 konevaatimuksia.<\/li>\n<\/ol>\n<p>N\u00e4m\u00e4 ominaisuudet tekev\u00e4t FMP-RC51-maatalouden ruohonleikkurin vaihteistosta luotettavan, tehokkaan ja kest\u00e4v\u00e4n valinnan maatalouskoneisiin, tarjoten poikkeuksellisen suorituskyvyn ja pitk\u00e4n k\u00e4ytt\u00f6i\u00e4n nurmikonleikkuuteht\u00e4viss\u00e4.<\/p>\n<div class=\"flex-shrink-0 flex flex-col relative items-end\">\n<div>\n<div class=\"pt-0\">\n<div class=\"gizmo-bot-avatar flex h-8 w-8 items-center justify-center overflow-hidden rounded-full\">\n<div class=\"relative p-1 rounded-sm flex items-center justify-center bg-token-main-surface-primary text-token-text-primary h-8 w-8\"><img loading=\"lazy\" decoding=\"async\" class=\"alignnone size-full wp-image-1994\" src=\"https:\/\/fmp-components.com\/wp-content\/uploads\/2024\/12\/Lawn-Mower-Gearbox-7.webp\" alt=\"Ruohonleikkurin vaihdelaatikko\" width=\"1502\" height=\"805\" title=\"\" srcset=\"https:\/\/fmp-components.com\/wp-content\/uploads\/2024\/12\/Lawn-Mower-Gearbox-7.webp 1502w, https:\/\/fmp-components.com\/wp-content\/uploads\/2024\/12\/Lawn-Mower-Gearbox-7-1280x686.webp 1280w, https:\/\/fmp-components.com\/wp-content\/uploads\/2024\/12\/Lawn-Mower-Gearbox-7-980x525.webp 980w, https:\/\/fmp-components.com\/wp-content\/uploads\/2024\/12\/Lawn-Mower-Gearbox-7-480x257.webp 480w\" sizes=\"(min-width: 0px) and (max-width: 480px) 480px, (min-width: 481px) and (max-width: 980px) 980px, (min-width: 981px) and (max-width: 1280px) 1280px, (min-width: 1281px) 1502px, 100vw\" \/><\/div>\n<\/div>\n<\/div>\n<\/div>\n<\/div>\n<div class=\"group\/conversation-turn relative flex w-full min-w-0 flex-col agent-turn\">\n<div class=\"flex-col gap-1 md:gap-3\">\n<div class=\"flex max-w-full flex-col flex-grow\">\n<div class=\"min-h-8 text-message flex w-full flex-col items-end gap-2 whitespace-normal break-words text-start [.text-message+&amp;]:mt-5\" dir=\"auto\" data-message-author-role=\"assistant\" data-message-id=\"f83c79da-cb0c-4da0-823f-20067c852903\" data-message-model-slug=\"gpt-4o\">\n<div class=\"flex w-full flex-col gap-1 empty:hidden first:pt-[3px]\">\n<div class=\"markdown prose w-full break-words dark:prose-invert light\">\n<h3>Tietoja FMP:st\u00e4<\/h3>\n<p>Italiassa toimiva FMP on merkitt\u00e4v\u00e4 valmistaja, joka tunnetaan maatalouskoneisiin r\u00e4\u00e4t\u00e4l\u00f6idyist\u00e4 tehokkaista vaihteistoistaan. Vahvan maineemme ansiosta olemme erikoistuneet tarkkuustekniikkaan, innovaatioihin ja luotettavuuteen, tarjoamme kattavan valikoiman vaihteistoja, mukaan lukien ruohonleikkureiden erikoisvaihteistot ja kriittiset komponentit, kuten nivelakselit. Tavoitteenamme on toimittaa r\u00e4\u00e4t\u00e4l\u00f6ityj\u00e4 ratkaisuja, jotka vastaavat t\u00e4ydellisesti maatalous- ja teollisuussektorien ainutlaatuisia vaatimuksia, olipa kyseess\u00e4 sitten erillistuotteet tai integroidut j\u00e4rjestelm\u00e4t.<\/p>\n<p>Ymm\u00e4rr\u00e4mme, ett\u00e4 jokaisen asiakkaan tarpeet ovat ainutlaatuiset, ja siksi olemme erikoistuneet r\u00e4\u00e4t\u00e4l\u00f6im\u00e4\u00e4n tuotteemme vastaamaan n\u00e4it\u00e4 erityisvaatimuksia. Etsitp\u00e4 sitten r\u00e4\u00e4t\u00e4l\u00f6ity\u00e4 vaihdelaatikkoa tai kokonaisvaltaista j\u00e4rjestelm\u00e4\u00e4, teemme tiivist\u00e4 yhteisty\u00f6t\u00e4 kanssasi kehitt\u00e4\u00e4ksemme tehokkaita ja toimivia ratkaisuja. Nopeat ja ammattimaiset vastauksemme sek\u00e4 asiantunteva ohjauksemme varmistavat, ett\u00e4 jokaista tiedustelua k\u00e4sitell\u00e4\u00e4n \u00e4\u00e4rimm\u00e4isen huolellisesti ja tarkasti.<\/p>\n<p>FMP:ll\u00e4 painotamme vahvasti l\u00e4pin\u00e4kyv\u00e4\u00e4 viestint\u00e4\u00e4 ja yhteisty\u00f6t\u00e4, erityisesti uusien tuotteiden suunnittelussa ja kehitt\u00e4misess\u00e4. Teemme tiivist\u00e4 yhteisty\u00f6t\u00e4 asiakkaidemme kanssa ymm\u00e4rt\u00e4\u00e4ksemme syv\u00e4llisesti heid\u00e4n haasteitaan ja tarjotaksemme n\u00e4kemyksi\u00e4, jotka johtavat optimaalisiin ja innovatiivisiin ratkaisuihin. Sitoutumisemme korkealaatuisten, tarkasti suunniteltujen tuotteiden toimittamiseen ajallaan ja asiakkaiden odotusten mukaisesti on keskeist\u00e4 kaikessa toiminnassamme.<\/p>\n<p>Laatu on FMP:n toiminnan kulmakivi. Valmistusprosessejamme ohjaavat korkeimmat standardit, mik\u00e4 takaa virheett\u00f6m\u00e4n toteutuksen ja virheiden nollatason. Tiukka laadunvalvonta varmistaa, ett\u00e4 jokainen tuote t\u00e4ytt\u00e4\u00e4 tai ylitt\u00e4\u00e4 alan standardit. T\u00e4m\u00e4 horjumaton omistautuminen laadulle yhdess\u00e4 ydinarvojemme, kuten rehellisyyden, tiimity\u00f6n ja sinnikkyyden, kanssa on auttanut meit\u00e4 rakentamaan kest\u00e4vi\u00e4 asiakassuhteita yli 30 maassa.<\/p>\n<p>FMP on aina avoin globaalien kumppanuuksien muodostamiselle, tarjoamalla asiantuntevaa konsultointia ja yksil\u00f6llisi\u00e4 ratkaisuja. L\u00e4hestymistapamme ei ole pelk\u00e4st\u00e4\u00e4n tuotteiden toimittamista, vaan pitk\u00e4aikaisten kumppanuuksien luomista, jotka johtavat yhteiseen menestykseen. Etsitp\u00e4 sitten innovatiivisia ratkaisuja tai jatkuvaa tukea olemassa oleville j\u00e4rjestelmille, FMP on sitoutunut ratkaisemaan tekniset haasteesi ja varmistamaan jatkuvan menestyksesi.<\/p>\n<\/div>\n<\/div>\n<\/div>\n<\/div>\n<\/div>\n<\/div>\n<p><img loading=\"lazy\" decoding=\"async\" class=\"alignnone size-full wp-image-1861\" src=\"https:\/\/fmp-components.com\/wp-content\/uploads\/2024\/12\/Other-Agricultural-Gearboxes.webp\" sizes=\"(min-width: 0px) and (max-width: 480px) 480px, (min-width: 481px) and (max-width: 980px) 980px, (min-width: 981px) 1200px, 100vw\" srcset=\"https:\/\/fmp-components.com\/wp-content\/uploads\/2024\/12\/Other-Agricultural-Gearboxes.webp 1200w, https:\/\/fmp-components.com\/wp-content\/uploads\/2024\/12\/Other-Agricultural-Gearboxes-980x1143.webp 980w, https:\/\/fmp-components.com\/wp-content\/uploads\/2024\/12\/Other-Agricultural-Gearboxes-480x560.webp 480w\" alt=\"Altri-cambi-agricoli\" width=\"1200\" height=\"1400\" title=\"\"><\/p>\n<p>Tekij\u00e4: CX<\/p>","protected":false},"excerpt":{"rendered":"<p>Specification &nbsp; ITEM FMP-rc51 Ratio 1:1.47\/1:1.93 Teeth 22\/15 29\/15 Module \u00a05.08 \/4.0 Power(HP) 30 Rated Input 540rpm Input\/Output Description \u00a0Spline \/Taper spline Weight(N.W) 29KG Features of Agricultural Lawn Mower Gearbox FMP-RC51 The FMP-RC51 Agricultural Lawn Mower Gearbox is designed for high performance, reliability, and durability, making it the ideal solution for lawn mowing applications. Key [&hellip;]<\/p>","protected":false},"featured_media":2026,"comment_status":"open","ping_status":"closed","template":"","meta":{"_et_pb_use_builder":"","_et_pb_old_content":"","_et_gb_content_width":""},"product_brand":[],"product_cat":[52],"product_tag":[],"class_list":{"0":"post-2021","1":"product","2":"type-product","3":"status-publish","4":"has-post-thumbnail","6":"product_cat-lawn-mower-gearbox","8":"first","9":"instock","10":"shipping-taxable","11":"product-type-simple"},"_links":{"self":[{"href":"https:\/\/fmp-components.com\/fi\/wp-json\/wp\/v2\/product\/2021","targetHints":{"allow":["GET"]}}],"collection":[{"href":"https:\/\/fmp-components.com\/fi\/wp-json\/wp\/v2\/product"}],"about":[{"href":"https:\/\/fmp-components.com\/fi\/wp-json\/wp\/v2\/types\/product"}],"replies":[{"embeddable":true,"href":"https:\/\/fmp-components.com\/fi\/wp-json\/wp\/v2\/comments?post=2021"}],"wp:featuredmedia":[{"embeddable":true,"href":"https:\/\/fmp-components.com\/fi\/wp-json\/wp\/v2\/media\/2026"}],"wp:attachment":[{"href":"https:\/\/fmp-components.com\/fi\/wp-json\/wp\/v2\/media?parent=2021"}],"wp:term":[{"taxonomy":"product_brand","embeddable":true,"href":"https:\/\/fmp-components.com\/fi\/wp-json\/wp\/v2\/product_brand?post=2021"},{"taxonomy":"product_cat","embeddable":true,"href":"https:\/\/fmp-components.com\/fi\/wp-json\/wp\/v2\/product_cat?post=2021"},{"taxonomy":"product_tag","embeddable":true,"href":"https:\/\/fmp-components.com\/fi\/wp-json\/wp\/v2\/product_tag?post=2021"}],"curies":[{"name":"wp","href":"https:\/\/api.w.org\/{rel}","templated":true}]}}