{"id":2020,"date":"2024-12-27T01:24:26","date_gmt":"2024-12-27T01:24:26","guid":{"rendered":"https:\/\/fmp-components.com\/?page_id=8"},"modified":"2024-12-27T01:37:57","modified_gmt":"2024-12-27T01:37:57","slug":"agricultural-lawn-mower-gearbox-fmp-rc31-193-fmp-rc31-147","status":"publish","type":"product","link":"https:\/\/fmp-components.com\/fi\/product\/agricultural-lawn-mower-gearbox-fmp-rc31-193-fmp-rc31-147\/","title":{"rendered":"Maatalouden ruohonleikkurin vaihdelaatikko FMP-RC31-193 FMP-RC31-147"},"content":{"rendered":"<h2>Tekniset tiedot<\/h2>\n<table style=\"width: 96.2203%; height: 596px;\" border=\"1\" width=\"100%\" cellspacing=\"0\" cellpadding=\"0\">\n<tbody>\n<tr>\n<td width=\"110\">\u00a0<img loading=\"lazy\" decoding=\"async\" class=\"alignnone size-full wp-image-2024\" src=\"https:\/\/fmp-components.com\/wp-content\/uploads\/2024\/12\/fmp_agricultural-gearbox-HC-RC31-2.webp\" alt=\"fmp_maatalouden-vaihteisto-HC-RC31\" width=\"460\" height=\"559\" title=\"\" srcset=\"https:\/\/fmp-components.com\/wp-content\/uploads\/2024\/12\/fmp_agricultural-gearbox-HC-RC31-2.webp 460w, https:\/\/fmp-components.com\/wp-content\/uploads\/2024\/12\/fmp_agricultural-gearbox-HC-RC31-2-247x300.webp 247w, https:\/\/fmp-components.com\/wp-content\/uploads\/2024\/12\/fmp_agricultural-gearbox-HC-RC31-2-10x12.webp 10w\" sizes=\"(max-width: 460px) 100vw, 460px\" \/><\/td>\n<td width=\"98\"><img loading=\"lazy\" decoding=\"async\" class=\"alignnone size-full wp-image-2023\" src=\"https:\/\/fmp-components.com\/wp-content\/uploads\/2024\/12\/fmp_agricultural-gearbox-HC-RC31.webp\" alt=\"fmp_maatalouden-vaihteisto-HC-RC31\" width=\"400\" height=\"400\" title=\"\" srcset=\"https:\/\/fmp-components.com\/wp-content\/uploads\/2024\/12\/fmp_agricultural-gearbox-HC-RC31.webp 400w, https:\/\/fmp-components.com\/wp-content\/uploads\/2024\/12\/fmp_agricultural-gearbox-HC-RC31-300x300.webp 300w, https:\/\/fmp-components.com\/wp-content\/uploads\/2024\/12\/fmp_agricultural-gearbox-HC-RC31-150x150.webp 150w, https:\/\/fmp-components.com\/wp-content\/uploads\/2024\/12\/fmp_agricultural-gearbox-HC-RC31-12x12.webp 12w, https:\/\/fmp-components.com\/wp-content\/uploads\/2024\/12\/fmp_agricultural-gearbox-HC-RC31-100x100.webp 100w\" sizes=\"(max-width: 400px) 100vw, 400px\" \/><\/td>\n<\/tr>\n<\/tbody>\n<\/table>\n<p>&nbsp;<\/p>\n<table style=\"width: 99.0815%; height: 208px;\" border=\"1\" cellspacing=\"0\" cellpadding=\"0\">\n<tbody>\n<tr>\n<td><strong>TUOTE<\/strong><\/td>\n<td>Ruohonleikkurin vaihdelaatikko FMP-RC30-193<\/td>\n<\/tr>\n<tr>\n<td><strong>Suhde<\/strong><\/td>\n<td>1:1.93<\/td>\n<\/tr>\n<tr>\n<td><strong>Hampaat<\/strong><\/td>\n<td>15\/29<\/td>\n<\/tr>\n<tr>\n<td><strong>Moduuli<\/strong><\/td>\n<td>4.0<\/td>\n<\/tr>\n<tr>\n<td><strong>Teho (hv)<\/strong><\/td>\n<td>30<\/td>\n<\/tr>\n<tr>\n<td><strong>Nimellistulo<\/strong><\/td>\n<td>540 rpm<\/td>\n<\/tr>\n<tr>\n<td><strong>Tulon\/l\u00e4hd\u00f6n kuvaus<\/strong><\/td>\n<td>1-3\/8 Z6\u03c631.75 Optinen akseli<\/td>\n<\/tr>\n<tr>\n<td><strong>Paino (NW)<\/strong><\/td>\n<td>24,5 kg<\/td>\n<\/tr>\n<\/tbody>\n<\/table>\n<h2>Maatalouden ruohonleikkurin vaihdelaatikko FMP-RC31-193 ja FMP-RC31-147<\/h2>\n<p>FMP tarjoaa laajan valikoiman tehokkaita maatalousruohonleikkureiden vaihteistoja, jotka on suunniteltu vastaamaan erilaisten nurmikonhoitot\u00f6iden vaatimuksiin. Merkitt\u00e4vi\u00e4 mallejamme ovat FMP-RC31-193 ja FMP-RC31-147, jotka tarjoavat erinomaista luotettavuutta, kest\u00e4vyytt\u00e4 ja tehokkuutta. Molemmat mallit on suunniteltu tarjoamaan optimaalista suorituskyky\u00e4 erilaisille maatalous- ja teollisuuskoneille varmistaen sujuvan toiminnan ja korkean tuottavuuden.<\/p>\n<h3>FMP-RC31-193:n ja FMP-RC31-147:n t\u00e4rkeimm\u00e4t ominaisuudet:<\/h3>\n<ol>\n<li><strong>Korkea hy\u00f6tysuhde ja v\u00e4\u00e4nt\u00f6momentin siirto<\/strong>:\n<ul>\n<li>Molemmat vaihteistot on suunniteltu tuottamaan tehokasta v\u00e4\u00e4nt\u00f6\u00e4 ja korkeaa hy\u00f6tysuhdetta, mik\u00e4 varmistaa, ett\u00e4 ruohonleikkurisi tai maatalouskoneesi toimii huipputehokkaasti.<\/li>\n<\/ul>\n<\/li>\n<li><strong>Kest\u00e4vyys<\/strong>:\n<ul>\n<li>Korkealaatuisista materiaaleista ja edistyneell\u00e4 suunnittelulla valmistetut FMP-RC31-193 ja FMP-RC31-147 on rakennettu kest\u00e4m\u00e4\u00e4n ankaria ty\u00f6olosuhteita ja pitk\u00e4aikaista k\u00e4ytt\u00f6\u00e4 ja tarjoamaan pitk\u00e4n k\u00e4ytt\u00f6i\u00e4n.<\/li>\n<\/ul>\n<\/li>\n<li><strong>Tarkkuustekniikka<\/strong>:\n<ul>\n<li>N\u00e4m\u00e4 mallit on valmistettu tarkasti, jotta v\u00e4lys ja melu olisivat mahdollisimman v\u00e4h\u00e4isi\u00e4 ja ruohonleikkurisi tai muun maatalouskoneesi toiminta olisi sujuvaa.<\/li>\n<\/ul>\n<\/li>\n<li><strong>Monipuolisuus<\/strong>:\n<ul>\n<li>FMP-RC31-193- ja FMP-RC31-147-vaihteistot voidaan helposti integroida erilaisiin maatalouskoneisiin, mik\u00e4 tarjoaa joustavuutta asennuksessa ja k\u00e4yt\u00f6ss\u00e4. Molemmat mallit soveltuvat erilaisiin tehonotto- ja l\u00e4ht\u00f6vaatimuksiin.<\/li>\n<\/ul>\n<\/li>\n<li><strong>V\u00e4h\u00e4inen huoltotarve<\/strong>:\n<ul>\n<li>Molemmat vaihteistot on suunniteltu minimoimaan kulumisen, ja ne vaativat harvemmin huoltoa, mik\u00e4 v\u00e4hent\u00e4\u00e4 seisokkiaikoja ja parantaa toiminnan tehokkuutta.<\/li>\n<\/ul>\n<\/li>\n<li><strong>Hiljainen toiminta<\/strong>:\n<ul>\n<li>Edistyksellisen valmistuksen ja korkealaatuisten materiaalien ansiosta sek\u00e4 FMP-RC31-193- ett\u00e4 FMP-RC31-147-vaihteistot on suunniteltu hiljaiseen ja tasaiseen toimintaan, mik\u00e4 v\u00e4hent\u00e4\u00e4 melua k\u00e4yt\u00f6n aikana.<\/li>\n<\/ul>\n<\/li>\n<\/ol>\n<p><img loading=\"lazy\" decoding=\"async\" class=\"alignnone size-full wp-image-2009\" src=\"https:\/\/fmp-components.com\/wp-content\/uploads\/2024\/12\/Lawn-Mower-Gearbox-Suppliers-6.webp\" alt=\"Ruohonleikkurin vaihdelaatikko\" width=\"1000\" height=\"445\" title=\"\" srcset=\"https:\/\/fmp-components.com\/wp-content\/uploads\/2024\/12\/Lawn-Mower-Gearbox-Suppliers-6.webp 1000w, https:\/\/fmp-components.com\/wp-content\/uploads\/2024\/12\/Lawn-Mower-Gearbox-Suppliers-6-980x436.webp 980w, https:\/\/fmp-components.com\/wp-content\/uploads\/2024\/12\/Lawn-Mower-Gearbox-Suppliers-6-480x214.webp 480w\" sizes=\"(min-width: 0px) and (max-width: 480px) 480px, (min-width: 481px) and (max-width: 980px) 980px, (min-width: 981px) 1000px, 100vw\" \/><\/p>\n<h3>Sovellukset:<\/h3>\n<p>FMP-RC31-193 ja FMP-RC31-147 sopivat ihanteellisesti k\u00e4ytett\u00e4v\u00e4ksi:<\/p>\n<ul>\n<li><strong>Py\u00f6riv\u00e4t ruohonleikkurit<\/strong><\/li>\n<li><strong>Nurmikonhoitolaitteet<\/strong><\/li>\n<li><strong>Maatalouskoneet<\/strong><\/li>\n<li><strong>Py\u00f6riv\u00e4t leikkurit ja viiltimet<\/strong><\/li>\n<li><strong>Pellonleikkuuj\u00e4rjestelm\u00e4t<\/strong><\/li>\n<\/ul>\n<h3>Miksi valita FMP-RC31-193 ja FMP-RC31-147?<\/h3>\n<p>FMP:n vaihteistot on suunniteltu vastaamaan maatalouskoneiden erityistarpeisiin yhdist\u00e4m\u00e4ll\u00e4 lujuuden, tarkkuuden ja luotettavuuden. Tarvitsetpa sitten vaihtovaihteiston tai suunnittelet uutta j\u00e4rjestelm\u00e4\u00e4, n\u00e4m\u00e4 mallit tarjoavat tehokkaan ja kest\u00e4v\u00e4n ratkaisun maataloustarpeisiisi.<\/p>\n<p>FMP ymm\u00e4rt\u00e4\u00e4, ett\u00e4 jokainen sovellus on ainutlaatuinen. Siksi tarjoamme r\u00e4\u00e4t\u00e4l\u00f6intivaihtoehtoja tiettyjen toiminnallisten vaatimusten t\u00e4ytt\u00e4miseksi. Tarvitsetpa sitten r\u00e4\u00e4t\u00e4l\u00f6ity\u00e4 tehon tulo-\/l\u00e4ht\u00f6suhdetta tai erityisi\u00e4 kiinnityskokoonpanoja, voimme auttaa suunnittelemaan t\u00e4ydellisen ratkaisun tarpeisiisi.<\/p>\n<p>Lis\u00e4tietoja tai tarjouspyynt\u00f6\u00e4 varten ota rohkeasti yhteytt\u00e4 FMP-tiimiimme. Olemme sitoutuneet tarjoamaan korkealaatuisia vaihteistoja ja erinomaista palvelua kaikkiin maatalouskoneidesi tarpeisiin.<\/p>\n<p><img loading=\"lazy\" decoding=\"async\" class=\"alignnone size-full wp-image-1994\" src=\"https:\/\/fmp-components.com\/wp-content\/uploads\/2024\/12\/Lawn-Mower-Gearbox-7.webp\" alt=\"Ruohonleikkurin vaihdelaatikko\" width=\"1502\" height=\"805\" title=\"\" srcset=\"https:\/\/fmp-components.com\/wp-content\/uploads\/2024\/12\/Lawn-Mower-Gearbox-7.webp 1502w, https:\/\/fmp-components.com\/wp-content\/uploads\/2024\/12\/Lawn-Mower-Gearbox-7-1280x686.webp 1280w, https:\/\/fmp-components.com\/wp-content\/uploads\/2024\/12\/Lawn-Mower-Gearbox-7-980x525.webp 980w, https:\/\/fmp-components.com\/wp-content\/uploads\/2024\/12\/Lawn-Mower-Gearbox-7-480x257.webp 480w\" sizes=\"(min-width: 0px) and (max-width: 480px) 480px, (min-width: 481px) and (max-width: 980px) 980px, (min-width: 981px) and (max-width: 1280px) 1280px, (min-width: 1281px) 1502px, 100vw\" \/><\/p>\n<h3>Tietoja FMP:st\u00e4<\/h3>\n<p>Italiassa sijaitseva FMP on johtava valmistaja, joka tunnetaan asiantuntemuksestaan \u200b\u200bmaatalouskoneiden tehokkaiden vaihteistojen suunnittelussa, kehitt\u00e4misess\u00e4 ja valmistuksessa. Olemme sitoutuneet tarkkuustekniikkaan, innovaatioihin ja luotettavuuteen. Tuotevalikoimaamme kuuluvat ruohonleikkureiden vaihteistot ja keskeiset komponentit, kuten nivelakselit, joiden tarkoituksena on tarjota r\u00e4\u00e4t\u00e4l\u00f6ityj\u00e4 ratkaisuja maatalous- ja teollisuussektoreille. Olipa kyse sitten yksitt\u00e4isist\u00e4 komponenteista tai t\u00e4ysin integroiduista j\u00e4rjestelmist\u00e4, keskitymme asiakkaidemme ainutlaatuisten tarpeiden t\u00e4ytt\u00e4miseen.<\/p>\n<p>FMP:ll\u00e4 ymm\u00e4rr\u00e4mme, ett\u00e4 jokaisella asiakkaalla on erityistarpeita, mink\u00e4 vuoksi olemme erikoistuneet r\u00e4\u00e4t\u00e4l\u00f6ityjen ratkaisujen tarjoamiseen. Erikoisvaihteistoista kokonaisiin j\u00e4rjestelmiin, teemme tiivist\u00e4 yhteisty\u00f6t\u00e4 asiakkaidemme kanssa varmistaaksemme tehokkaimmat ja toimivimmat ratkaisut. Nopeat ja ammattimaiset vastauksemme yhdistettyn\u00e4 asiantuntevaan neuvontaan takaavat, ett\u00e4 jokainen tiedustelu k\u00e4sitell\u00e4\u00e4n huolellisesti ja tarkasti.<\/p>\n<p>Priorisoimme avointa ja jatkuvaa viestint\u00e4\u00e4 asiakkaidemme kanssa, erityisesti uusien tuotteiden kehitt\u00e4misess\u00e4. Tiimimme ty\u00f6skentelee suoraan asiakkaiden kanssa ymm\u00e4rt\u00e4\u00e4kseen t\u00e4ysin heid\u00e4n haasteensa ja tarjotakseen n\u00e4kemyksi\u00e4, jotka johtavat optimaalisiin ratkaisuihin. Olipa kyse sitten uusien tuotteiden suunnittelusta tai olemassa olevien tilausten t\u00e4ytt\u00e4misest\u00e4, olemme sitoutuneet toimittamaan korkealaatuisia, tarkasti suunniteltuja tuotteita ajallaan.<\/p>\n<p>Laatu on kaiken FMP:ll\u00e4 tekem\u00e4mme perusta. Valmistusprosessimme noudattavat korkeimpia tarkkuus- ja virheett\u00f6myyden standardeja. Toteutamme tiukkoja laadunvalvontamenettelyj\u00e4 varmistaaksemme, ett\u00e4 jokainen tuote t\u00e4ytt\u00e4\u00e4 tai ylitt\u00e4\u00e4 alan standardit. T\u00e4m\u00e4 sitoutuminen laatuun sek\u00e4 ydinarvomme, kuten rehellisyys, tiimity\u00f6 ja sinnikkyys, ovat mahdollistaneet vahvojen ja kest\u00e4vien asiakassuhteiden rakentamisen l\u00e4hes 30 maassa.<\/p>\n<p>FMP on aina avoin globaaleille kumppanuuksille ja sitoutunut tarjoamaan asiantuntevaa neuvontaa ja r\u00e4\u00e4t\u00e4l\u00f6ityj\u00e4 ratkaisuja. L\u00e4hestymistapamme menee pelk\u00e4n tuotteiden toimittamisen edelle \u2013 keskitymme pitk\u00e4aikaisten asiakassuhteiden vaalimiseen ja varmistamme heid\u00e4n menestyksens\u00e4 jokaisessa projektissa. Tarvitsetpa sitten innovatiivisia ratkaisuja uuteen projektiin tai tukea olemassa olevalle j\u00e4rjestelm\u00e4lle, FMP on omistautunut vastaamaan teknisiin haasteisiisi ja varmistamaan jatkuvan menestyksesi.<\/p>\n<p><img loading=\"lazy\" decoding=\"async\" class=\"alignnone size-full wp-image-1861\" src=\"https:\/\/fmp-components.com\/wp-content\/uploads\/2024\/12\/Other-Agricultural-Gearboxes.webp\" sizes=\"(min-width: 0px) and (max-width: 480px) 480px, (min-width: 481px) and (max-width: 980px) 980px, (min-width: 981px) 1200px, 100vw\" srcset=\"https:\/\/fmp-components.com\/wp-content\/uploads\/2024\/12\/Other-Agricultural-Gearboxes.webp 1200w, https:\/\/fmp-components.com\/wp-content\/uploads\/2024\/12\/Other-Agricultural-Gearboxes-980x1143.webp 980w, https:\/\/fmp-components.com\/wp-content\/uploads\/2024\/12\/Other-Agricultural-Gearboxes-480x560.webp 480w\" alt=\"Altri-cambi-agricoli\" width=\"1200\" height=\"1400\" title=\"\"><\/p>\n<p>Tekij\u00e4: CX<\/p>","protected":false},"excerpt":{"rendered":"<p>Specification \u00a0 &nbsp; ITEM Lawnmower Gearbox FMP-RC30-193 Ratio 1:1.93 Teeth 15\/29 Module 4.0 Power(HP) 30 Rated Input 540rpm Input\/Output Description 1-3\/8 Z6\u03c631.75 Optic axis Weight(N.W) 24.5KG Agricultural Lawn Mower Gearbox FMP-RC31-193 &amp; FMP-RC31-147 FMP offers a range of high-performance agricultural lawn mower gearboxes designed to meet the demands of various lawn maintenance applications. Among our [&hellip;]<\/p>","protected":false},"featured_media":2023,"comment_status":"open","ping_status":"closed","template":"","meta":{"_et_pb_use_builder":"","_et_pb_old_content":"","_et_gb_content_width":""},"product_brand":[],"product_cat":[52],"product_tag":[],"class_list":{"0":"post-2020","1":"product","2":"type-product","3":"status-publish","4":"has-post-thumbnail","6":"product_cat-lawn-mower-gearbox","8":"first","9":"instock","10":"shipping-taxable","11":"product-type-simple"},"_links":{"self":[{"href":"https:\/\/fmp-components.com\/fi\/wp-json\/wp\/v2\/product\/2020","targetHints":{"allow":["GET"]}}],"collection":[{"href":"https:\/\/fmp-components.com\/fi\/wp-json\/wp\/v2\/product"}],"about":[{"href":"https:\/\/fmp-components.com\/fi\/wp-json\/wp\/v2\/types\/product"}],"replies":[{"embeddable":true,"href":"https:\/\/fmp-components.com\/fi\/wp-json\/wp\/v2\/comments?post=2020"}],"wp:featuredmedia":[{"embeddable":true,"href":"https:\/\/fmp-components.com\/fi\/wp-json\/wp\/v2\/media\/2023"}],"wp:attachment":[{"href":"https:\/\/fmp-components.com\/fi\/wp-json\/wp\/v2\/media?parent=2020"}],"wp:term":[{"taxonomy":"product_brand","embeddable":true,"href":"https:\/\/fmp-components.com\/fi\/wp-json\/wp\/v2\/product_brand?post=2020"},{"taxonomy":"product_cat","embeddable":true,"href":"https:\/\/fmp-components.com\/fi\/wp-json\/wp\/v2\/product_cat?post=2020"},{"taxonomy":"product_tag","embeddable":true,"href":"https:\/\/fmp-components.com\/fi\/wp-json\/wp\/v2\/product_tag?post=2020"}],"curies":[{"name":"wp","href":"https:\/\/api.w.org\/{rel}","templated":true}]}}