{"id":2015,"date":"2024-12-27T01:18:55","date_gmt":"2024-12-27T01:18:55","guid":{"rendered":"https:\/\/fmp-components.com\/?page_id=8"},"modified":"2026-03-18T03:40:47","modified_gmt":"2026-03-18T03:40:47","slug":"agricultural-lawn-mower-gearbox-fmp-rc30-193","status":"publish","type":"product","link":"https:\/\/fmp-components.com\/fi\/product\/agricultural-lawn-mower-gearbox-fmp-rc30-193\/","title":{"rendered":"Maatalouden ruohonleikkurin vaihdelaatikko FMP-RC30-193"},"content":{"rendered":"<h2>Maatalouden ruohonleikkurin vaihdelaatikko FMP-RC30-193 Tekniset tiedot<\/h2>\n<table style=\"width: 96.2203%; height: 596px;\" border=\"1\" width=\"100%\" cellspacing=\"0\" cellpadding=\"0\">\n<tbody>\n<tr>\n<td width=\"110\">\u00a0<img loading=\"lazy\" decoding=\"async\" class=\"alignnone size-full wp-image-2017\" src=\"https:\/\/fmp-components.com\/wp-content\/uploads\/2024\/12\/fmp_agricultural-gearbox-HC-RC30-193-2.webp\" alt=\"fmp_maatalouden-vaihteisto-HC-RC30-193-2\" width=\"400\" height=\"537\" title=\"\" srcset=\"https:\/\/fmp-components.com\/wp-content\/uploads\/2024\/12\/fmp_agricultural-gearbox-HC-RC30-193-2.webp 400w, https:\/\/fmp-components.com\/wp-content\/uploads\/2024\/12\/fmp_agricultural-gearbox-HC-RC30-193-2-223x300.webp 223w, https:\/\/fmp-components.com\/wp-content\/uploads\/2024\/12\/fmp_agricultural-gearbox-HC-RC30-193-2-9x12.webp 9w\" sizes=\"(max-width: 400px) 100vw, 400px\" \/><\/td>\n<td width=\"98\"><img loading=\"lazy\" decoding=\"async\" class=\"alignnone size-full wp-image-2016\" src=\"https:\/\/fmp-components.com\/wp-content\/uploads\/2024\/12\/fmp_agricultural-gearbox-HC-RC30-193.webp\" alt=\"fmp_maatalouden-vaihteisto-HC-RC30-193\" width=\"400\" height=\"400\" title=\"\" srcset=\"https:\/\/fmp-components.com\/wp-content\/uploads\/2024\/12\/fmp_agricultural-gearbox-HC-RC30-193.webp 400w, https:\/\/fmp-components.com\/wp-content\/uploads\/2024\/12\/fmp_agricultural-gearbox-HC-RC30-193-300x300.webp 300w, https:\/\/fmp-components.com\/wp-content\/uploads\/2024\/12\/fmp_agricultural-gearbox-HC-RC30-193-150x150.webp 150w, https:\/\/fmp-components.com\/wp-content\/uploads\/2024\/12\/fmp_agricultural-gearbox-HC-RC30-193-12x12.webp 12w, https:\/\/fmp-components.com\/wp-content\/uploads\/2024\/12\/fmp_agricultural-gearbox-HC-RC30-193-100x100.webp 100w\" sizes=\"(max-width: 400px) 100vw, 400px\" \/><\/td>\n<\/tr>\n<\/tbody>\n<\/table>\n<table style=\"width: 98.1069%; height: 204px;\" border=\"1\" cellspacing=\"0\" cellpadding=\"0\">\n<tbody>\n<tr>\n<td><strong>TUOTE<\/strong><\/td>\n<td>Ruohonleikkurin vaihdelaatikko FMP-RC30-193<\/td>\n<\/tr>\n<tr>\n<td><strong>Suhde<\/strong><\/td>\n<td>1:1.93<\/td>\n<\/tr>\n<tr>\n<td><strong>Hampaat<\/strong><\/td>\n<td>15\/29<\/td>\n<\/tr>\n<tr>\n<td><strong>Moduuli<\/strong><\/td>\n<td>4.0<\/td>\n<\/tr>\n<tr>\n<td><strong>Teho (hv)<\/strong><\/td>\n<td>30<\/td>\n<\/tr>\n<tr>\n<td><strong>Nimellistulo<\/strong><\/td>\n<td>540 rpm<\/td>\n<\/tr>\n<tr>\n<td><strong>Tulon\/l\u00e4hd\u00f6n kuvaus<\/strong><\/td>\n<td>1-3\/8 Z6\u03c631.75 Optinen akseli<\/td>\n<\/tr>\n<tr>\n<td><strong>Paino (NW)<\/strong><\/td>\n<td>24,5 kg<\/td>\n<\/tr>\n<\/tbody>\n<\/table>\n<h2>Nivelakselit ja maatalousvaihteistot<\/h2>\n<p>Voimanottoakselit ja maatalouden vaihteistot ovat olennaisia \u200b\u200bkomponentteja, jotka toimivat yhdess\u00e4 mekaanisen voiman siirt\u00e4miseksi maataloustraktoreiden ja niihin kiinnitettyjen ty\u00f6koneiden v\u00e4lill\u00e4. N\u00e4ill\u00e4 j\u00e4rjestelmill\u00e4 on ratkaiseva rooli erilaisten maatalouskoneiden sujuvan toiminnan varmistamisessa, mink\u00e4 ansiosta traktorit voivat suorittaa tehokkaasti teht\u00e4vi\u00e4, kuten maanmuokkausta, niittoa ja raskaiden kuormien kuljettamista.<\/p>\n<p>Voimanottoakseli on t\u00e4rke\u00e4 linkki traktorin ja maatalouskoneiden v\u00e4lill\u00e4. Se muuntaa moottorin py\u00f6rimisenergian mekaaniseksi energiaksi, joka k\u00e4ytt\u00e4\u00e4 erilaisia \u200b\u200bmaatalousty\u00f6kaluja ja -koneita. Siirt\u00e4m\u00e4ll\u00e4 moottorin tehon muihin ty\u00f6koneisiin, kuten ruohonleikkureihin, paalaimiin ja auroihin, voimanottoakseli mahdollistaa traktorin useiden teht\u00e4vien suorittamisen helposti. Oikein toimiessaan voimanottoakseli parantaa traktorin monipuolisuutta ja k\u00e4ytt\u00f6tehokkuutta. Lis\u00e4ksi se auttaa v\u00e4hent\u00e4m\u00e4\u00e4n traktorin moottorin ja muiden j\u00e4rjestelmien kulumista varmistaen pitk\u00e4aikaisen suorituskyvyn.<\/p>\n<p>Nivelakselin keskeinen etu on sen kyky k\u00e4sitell\u00e4 raskaita kuormia vaarantamatta traktorin moottoria. Oikein k\u00e4ytettyn\u00e4 se minimoi sek\u00e4 traktorin ett\u00e4 kuljettajan vaurioitumisriskin. Kuten mik\u00e4 tahansa mekaaninen komponentti, my\u00f6s nivelakseli voi kuitenkin kulua ajan my\u00f6t\u00e4, varsinkin jos sit\u00e4 ei huolleta asianmukaisesti. S\u00e4\u00e4nn\u00f6llinen tarkastus, voitelu ja kuluneiden osien oikea-aikainen vaihto ovat v\u00e4ltt\u00e4m\u00e4tt\u00f6mi\u00e4, jotta voimanottoj\u00e4rjestelm\u00e4 toimii tehokkaasti ja turvallisesti.<\/p>\n<p>Maatalouden vaihteisto toimii yhdess\u00e4 voimanottoakselin kanssa siirt\u00e4en ja moduloiden mekaanista tehoa k\u00e4ytett\u00e4v\u00e4n laitteen erityisvaatimusten mukaan. Se varmistaa, ett\u00e4 oikea nopeus ja v\u00e4\u00e4nt\u00f6momentti k\u00e4ytet\u00e4\u00e4n teht\u00e4v\u00e4n mukaan. Maatalouden vaihteistoja on saatavana erilaisina kokoonpanoina, mukaan lukien kartiopy\u00f6r\u00e4vaihteistot, matovaihteistot ja planeettavaihteistot, jotka kaikki on suunniteltu vastaamaan tiettyihin k\u00e4ytt\u00f6tarpeisiin. Esimerkiksi ruohonleikkureiden vaihteistojen on tarjottava tasainen ja tehokas v\u00e4\u00e4nt\u00f6momentti k\u00e4ytett\u00e4ess\u00e4 alhaisilla nopeuksilla tarkan leikkauksen varmistamiseksi.<\/p>\n<p>Maatalousvaihteistoa valittaessa on t\u00e4rke\u00e4\u00e4 ottaa huomioon sellaiset tekij\u00e4t kuin kest\u00e4vyys, mekanismi ja materiaalien laatu. Kest\u00e4v\u00e4, eritt\u00e4in lujista materiaaleista valmistettu vaihteisto kest\u00e4\u00e4 useita vuosia, mik\u00e4 v\u00e4hent\u00e4\u00e4 vaihtotarvetta ja huoltokustannuksia. Korkealaatuiset vaihteistot on rakennettu kest\u00e4m\u00e4\u00e4n ankaria k\u00e4ytt\u00f6olosuhteita, kuten altistumista p\u00f6lylle, kosteudelle ja raskaille kuormille, mik\u00e4 tekee niist\u00e4 v\u00e4ltt\u00e4m\u00e4tt\u00f6m\u00e4n investoinnin pitk\u00e4aikaiseen maataloustoimintaan.<\/p>\n<p>Vaihteiston pitk\u00e4ik\u00e4isyys vaikuttaa suoraan maatalouskoneiden kokonaissuorituskykyyn ja kustannustehokkuuteen. Hyvin rakennettuun vaihteistoon investoiminen varmistaa, ett\u00e4 se toimii optimaalisesti koko elinkaarensa ajan, jolloin v\u00e4ltet\u00e4\u00e4n kalliit korjaukset tai vaihdot. T\u00e4m\u00e4 on erityisen t\u00e4rke\u00e4\u00e4 viljelij\u00f6ille, jotka ovat riippuvaisia \u200b\u200bkoneistaan \u200b\u200bp\u00e4ivitt\u00e4isess\u00e4 toiminnassa, sill\u00e4 odottamattomat seisokkiajat voivat johtaa merkitt\u00e4viin tuottavuuden menetyksiin.<\/p>\n<p>Yhteenvetona voidaan todeta, ett\u00e4 sek\u00e4 nivelakselit ett\u00e4 maatalousvaihteistot ovat kriittisi\u00e4 komponentteja maatalouskoneiden tehokkaan toiminnan kannalta. N\u00e4it\u00e4 tuotteita ostettaessa on t\u00e4rke\u00e4\u00e4 valita korkealaatuisia ja kest\u00e4vi\u00e4 vaihtoehtoja, jotka sopivat erityistarpeisiisi. Ota huomioon tekij\u00e4t, kuten materiaalin lujuus, huoltovaatimukset ja koneesi suorittamien teht\u00e4vien tyyppi. Valitsemalla oikeat komponentit voit varmistaa, ett\u00e4 traktorisi ja laitteesi toimivat sujuvasti, turvallisesti ja tehokkaasti monien vuosien ajan.<\/p>\n<table style=\"width: 100.747%; height: 471px;\" border=\"1\" cellspacing=\"0\" cellpadding=\"0\">\n<tbody>\n<tr style=\"height: 468px;\">\n<td style=\"width: 49.0831%; height: 468px;\" width=\"110\"><img loading=\"lazy\" decoding=\"async\" class=\"alignnone size-full wp-image-2018\" src=\"https:\/\/fmp-components.com\/wp-content\/uploads\/2024\/12\/PTO-Shafts-and-Agricultural-Gearboxes-1.webp\" alt=\"Nivelakselit-ja-maatalousvaihteistot\" width=\"600\" height=\"600\" title=\"\" srcset=\"https:\/\/fmp-components.com\/wp-content\/uploads\/2024\/12\/PTO-Shafts-and-Agricultural-Gearboxes-1.webp 600w, https:\/\/fmp-components.com\/wp-content\/uploads\/2024\/12\/PTO-Shafts-and-Agricultural-Gearboxes-1-480x480.webp 480w\" sizes=\"(min-width: 0px) and (max-width: 480px) 480px, (min-width: 481px) 600px, 100vw\" \/><\/td>\n<td style=\"width: 50.7012%; height: 468px;\" width=\"98\"><img loading=\"lazy\" decoding=\"async\" class=\"alignnone wp-image-2019\" src=\"https:\/\/fmp-components.com\/wp-content\/uploads\/2024\/12\/PTO-Shafts-and-Agricultural-Gearboxes.webp\" alt=\"Nivelakselit-ja-maatalousvaihteistot\" width=\"474\" height=\"474\" title=\"\"><\/td>\n<\/tr>\n<\/tbody>\n<\/table>\n<h3>Tietoja FMP:st\u00e4<\/h3>\n<p>Italiassa p\u00e4\u00e4konttoriaan pit\u00e4v\u00e4 FMP on johtava valmistaja, joka tunnetaan asiantuntemuksestaan \u200b\u200bmaatalouskoneiden tehokkaiden vaihteistojen suunnittelussa ja valmistuksessa. Tarkkuudestamme, innovaatioistamme ja luotettavuudestamme tunnettu yritys tarjoaa laajan valikoiman tuotteita, kuten ruohonleikkureiden vaihteistoja ja olennaisia \u200b\u200bkomponentteja, kuten nivelakseleita. Missiomme on tarjota r\u00e4\u00e4t\u00e4l\u00f6ityj\u00e4 ratkaisuja, jotka vastaavat maatalous- ja teollisuussektorin ainutlaatuisiin tarpeisiin, toimittamalla sek\u00e4 yksitt\u00e4isi\u00e4 tuotteita ett\u00e4 t\u00e4ysin integroituja j\u00e4rjestelmi\u00e4.<\/p>\n<p>FMP:ll\u00e4 ymm\u00e4rr\u00e4mme, ett\u00e4 jokaisella asiakkaalla on omat erityistarpeensa, mink\u00e4 vuoksi olemme erikoistuneet r\u00e4\u00e4t\u00e4l\u00f6im\u00e4\u00e4n tuotteemme niiden mukaisesti. Tarvitsetpa sitten erikoisvaihteiston tai kokonaisen j\u00e4rjestelm\u00e4n, teemme tiivist\u00e4 yhteisty\u00f6t\u00e4 kanssasi toimittaaksemme tehokkaimman ja toimivimman ratkaisun. Sitoutumisemme asiakastyytyv\u00e4isyyteen n\u00e4kyy nopeina ja ammattimaisina vastauksina sek\u00e4 asiantuntevana ohjauksena, mik\u00e4 varmistaa, ett\u00e4 jokainen tiedustelu k\u00e4sitell\u00e4\u00e4n huolellisesti ja tarkasti.<\/p>\n<p>Arvostamme avointa viestint\u00e4\u00e4 ja jatkuvaa yhteisty\u00f6t\u00e4 asiakkaidemme kanssa, erityisesti uusien tuotteiden kehitt\u00e4misess\u00e4. Tiimimme tekee tiivist\u00e4 yhteisty\u00f6t\u00e4 asiakkaiden kanssa ymm\u00e4rt\u00e4\u00e4kseen t\u00e4ysin heid\u00e4n haasteensa ja tarjotakseen n\u00e4kemyksi\u00e4, jotka johtavat optimaalisiin ratkaisuihin. Olipa kyseess\u00e4 uusien tuotteiden kehitt\u00e4minen tai olemassa olevien tilausten t\u00e4ytt\u00e4minen, olemme sitoutuneet toimittamaan korkealaatuisia, tarkasti suunniteltuja tuotteita ajallaan.<\/p>\n<p>Laatu on kaiken FMP:ll\u00e4 tekem\u00e4mme kulmakivi. Valmistusprosessimme noudattavat korkeimpia tarkkuus- ja t\u00e4sm\u00e4llisyysstandardeja varmistaen, ett\u00e4 jokainen tuote on virheet\u00f6n. Toteutamme tiukkoja laadunvalvontatoimenpiteit\u00e4 varmistaaksemme, ett\u00e4 kaikki tuotteemme t\u00e4ytt\u00e4v\u00e4t tai ylitt\u00e4v\u00e4t alan standardit. T\u00e4m\u00e4 horjumaton keskittyminen laatuun yhdistettyn\u00e4 ydinarvoihimme, kuten rehellisyyteen, tiimity\u00f6h\u00f6n ja sinnikkyyteen, on auttanut meit\u00e4 luomaan pitk\u00e4aikaisia \u200b\u200basiakassuhteita l\u00e4hes 30 maassa ymp\u00e4ri maailmaa.<\/p>\n<p>FMP on aina avoin globaalien kumppanuuksien luomiselle ja tarjoaa asiantuntevaa neuvontaa ja r\u00e4\u00e4t\u00e4l\u00f6ityj\u00e4 ratkaisuja. L\u00e4hestymistapamme menee pelk\u00e4n tuotteiden tarjoamisen edelle \u2013 pyrimme vaalimaan pitk\u00e4aikaisia \u200b\u200b\u200b\u200bsuhteita, jotka edist\u00e4v\u00e4t molemminpuolista menestyst\u00e4. Tarvitsetpa sitten uusia ratkaisuja tai tukea olemassa oleville j\u00e4rjestelmille, FMP on omistautunut ratkaisemaan tekniset haasteesi ja varmistamaan jatkuvan menestyksesi.<\/p>\n<p><img loading=\"lazy\" decoding=\"async\" class=\"alignnone size-full wp-image-1861\" src=\"https:\/\/fmp-components.com\/wp-content\/uploads\/2024\/12\/Other-Agricultural-Gearboxes.webp\" sizes=\"(min-width: 0px) and (max-width: 480px) 480px, (min-width: 481px) and (max-width: 980px) 980px, (min-width: 981px) 1200px, 100vw\" srcset=\"https:\/\/fmp-components.com\/wp-content\/uploads\/2024\/12\/Other-Agricultural-Gearboxes.webp 1200w, https:\/\/fmp-components.com\/wp-content\/uploads\/2024\/12\/Other-Agricultural-Gearboxes-980x1143.webp 980w, https:\/\/fmp-components.com\/wp-content\/uploads\/2024\/12\/Other-Agricultural-Gearboxes-480x560.webp 480w\" alt=\"Altri-cambi-agricoli\" width=\"1200\" height=\"1400\" title=\"\"><\/p>\n<p>Tekij\u00e4: CX<\/p>","protected":false},"excerpt":{"rendered":"<p>Agricultural Lawn Mower Gearbox FMP-RC30-193 Specification \u00a0 ITEM Lawnmower Gearbox FMP-RC30-193 Ratio 1:1.93 Teeth 15\/29 Module 4.0 Power(HP) 30 Rated Input 540rpm Input\/Output Description 1-3\/8 Z6\u03c631.75 Optic axis Weight(N.W) 24.5KG PTO Shafts and Agricultural Gearboxes PTO shafts and agricultural gearboxes are essential components that work in tandem to transfer mechanical power between farm tractors and [&hellip;]<\/p>","protected":false},"featured_media":2016,"comment_status":"open","ping_status":"closed","template":"","meta":{"_et_pb_use_builder":"","_et_pb_old_content":"","_et_gb_content_width":""},"product_brand":[],"product_cat":[52],"product_tag":[],"class_list":{"0":"post-2015","1":"product","2":"type-product","3":"status-publish","4":"has-post-thumbnail","6":"product_cat-lawn-mower-gearbox","8":"first","9":"instock","10":"shipping-taxable","11":"product-type-simple"},"_links":{"self":[{"href":"https:\/\/fmp-components.com\/fi\/wp-json\/wp\/v2\/product\/2015","targetHints":{"allow":["GET"]}}],"collection":[{"href":"https:\/\/fmp-components.com\/fi\/wp-json\/wp\/v2\/product"}],"about":[{"href":"https:\/\/fmp-components.com\/fi\/wp-json\/wp\/v2\/types\/product"}],"replies":[{"embeddable":true,"href":"https:\/\/fmp-components.com\/fi\/wp-json\/wp\/v2\/comments?post=2015"}],"wp:featuredmedia":[{"embeddable":true,"href":"https:\/\/fmp-components.com\/fi\/wp-json\/wp\/v2\/media\/2016"}],"wp:attachment":[{"href":"https:\/\/fmp-components.com\/fi\/wp-json\/wp\/v2\/media?parent=2015"}],"wp:term":[{"taxonomy":"product_brand","embeddable":true,"href":"https:\/\/fmp-components.com\/fi\/wp-json\/wp\/v2\/product_brand?post=2015"},{"taxonomy":"product_cat","embeddable":true,"href":"https:\/\/fmp-components.com\/fi\/wp-json\/wp\/v2\/product_cat?post=2015"},{"taxonomy":"product_tag","embeddable":true,"href":"https:\/\/fmp-components.com\/fi\/wp-json\/wp\/v2\/product_tag?post=2015"}],"curies":[{"name":"wp","href":"https:\/\/api.w.org\/{rel}","templated":true}]}}