{"id":2011,"date":"2024-12-27T01:08:17","date_gmt":"2024-12-27T01:08:17","guid":{"rendered":"https:\/\/fmp-components.com\/?page_id=8"},"modified":"2024-12-27T01:08:49","modified_gmt":"2024-12-27T01:08:49","slug":"agricultural-lawn-mower-gearbox-fmp-x30","status":"publish","type":"product","link":"https:\/\/fmp-components.com\/fi\/product\/agricultural-lawn-mower-gearbox-fmp-x30\/","title":{"rendered":"Maatalouden ruohonleikkurin vaihdelaatikko FMP-X30"},"content":{"rendered":"<h2>Maatalouden ruohonleikkurin vaihdelaatikko FMP-X30 Tekniset tiedot<\/h2>\n<table style=\"width: 96.2203%; height: 596px;\" border=\"1\" width=\"100%\" cellspacing=\"0\" cellpadding=\"0\">\n<tbody>\n<tr>\n<td width=\"110\"><img loading=\"lazy\" decoding=\"async\" class=\"alignnone size-full wp-image-2013\" src=\"https:\/\/fmp-components.com\/wp-content\/uploads\/2024\/12\/FMP_agricultural-gearbox-HC-X30-2.webp\" alt=\"FMP_maatalouden-vaihteisto-HC-X30-2\" width=\"500\" height=\"640\" title=\"\" srcset=\"https:\/\/fmp-components.com\/wp-content\/uploads\/2024\/12\/FMP_agricultural-gearbox-HC-X30-2.webp 500w, https:\/\/fmp-components.com\/wp-content\/uploads\/2024\/12\/FMP_agricultural-gearbox-HC-X30-2-480x614.webp 480w\" sizes=\"(min-width: 0px) and (max-width: 480px) 480px, (min-width: 481px) 500px, 100vw\" \/><\/td>\n<td width=\"98\"><img loading=\"lazy\" decoding=\"async\" class=\"alignnone size-full wp-image-2014\" src=\"https:\/\/fmp-components.com\/wp-content\/uploads\/2024\/12\/FMP_agricultural-gearbox-HC-X30.webp\" alt=\"FMP_maatalouden-vaihteisto-HC-X30\" width=\"400\" height=\"400\" title=\"\" srcset=\"https:\/\/fmp-components.com\/wp-content\/uploads\/2024\/12\/FMP_agricultural-gearbox-HC-X30.webp 400w, https:\/\/fmp-components.com\/wp-content\/uploads\/2024\/12\/FMP_agricultural-gearbox-HC-X30-300x300.webp 300w, https:\/\/fmp-components.com\/wp-content\/uploads\/2024\/12\/FMP_agricultural-gearbox-HC-X30-150x150.webp 150w, https:\/\/fmp-components.com\/wp-content\/uploads\/2024\/12\/FMP_agricultural-gearbox-HC-X30-12x12.webp 12w, https:\/\/fmp-components.com\/wp-content\/uploads\/2024\/12\/FMP_agricultural-gearbox-HC-X30-100x100.webp 100w\" sizes=\"(max-width: 400px) 100vw, 400px\" \/><\/td>\n<\/tr>\n<\/tbody>\n<\/table>\n<table style=\"width: 95.4348%; height: 240px;\" border=\"1\">\n<tbody>\n<tr>\n<td><strong>TUOTE<\/strong><\/td>\n<td><strong>FMP\u201301-609<\/strong><\/td>\n<td><strong>FMP\u201301-723<\/strong><\/td>\n<td><strong>FMP\u201301-611<\/strong><\/td>\n<\/tr>\n<tr>\n<td><strong>Suhde<\/strong><\/td>\n<td>1:1.47<\/td>\n<td>1:1.69<\/td>\n<td>1:1.93<\/td>\n<\/tr>\n<tr>\n<td><strong>Hampaat<\/strong><\/td>\n<td>15\/22<\/td>\n<td>13\/22<\/td>\n<td>15\/29<\/td>\n<\/tr>\n<tr>\n<td><strong>Moduuli<\/strong><\/td>\n<td>\u00a05.08<\/td>\n<td>5.0<\/td>\n<td>4.0<\/td>\n<\/tr>\n<tr>\n<td><strong>Teho (hv)<\/strong><\/td>\n<td>35<\/td>\n<td>35<\/td>\n<td>30<\/td>\n<\/tr>\n<tr>\n<td><strong>Nimellistulo<\/strong><\/td>\n<td>540 rpm<\/td>\n<td>540 rpm<\/td>\n<td>540 rpm<\/td>\n<\/tr>\n<tr>\n<td><strong>Tulon\/l\u00e4hd\u00f6n kuvaus<\/strong><\/td>\n<td colspan=\"3\">\u00a01 3\/8 Z6 Optinen akseli Kartiokanta Tasakiila-akseli<\/td>\n<\/tr>\n<tr>\n<td><strong>Paino (NW)<\/strong><\/td>\n<td colspan=\"3\">26,5 kg<\/td>\n<\/tr>\n<\/tbody>\n<\/table>\n<h3>R\u00e4\u00e4t\u00e4l\u00f6ity maatalouden vaihdelaatikkopalvelu<\/h3>\n<p>Tarjoamme laajan valikoiman ruohonleikkureiden vaihteistoja, ja voimme joustavasti valmistaa r\u00e4\u00e4t\u00e4l\u00f6ityj\u00e4 ratkaisuja juuri sinun tarpeisiisi. Olipa kyseess\u00e4 piirustus tai n\u00e4yte, voimme valmistaa tarpeisiisi r\u00e4\u00e4t\u00e4l\u00f6ityj\u00e4 vaihteistoja. Alla on joitakin EP-X30-maatalousruohonleikkureiden vaihteiston t\u00e4rkeimpi\u00e4 ominaisuuksia:<\/p>\n<ol>\n<li><strong>Suuri l\u00e4ht\u00f6momentti<\/strong> \u2013 Tarjoaa tehokasta suorituskyky\u00e4 vaativiin sovelluksiin.<\/li>\n<li><strong>Luotettava ja kest\u00e4v\u00e4<\/strong> \u2013 Suunniteltu turvallisuutta, luotettavuutta ja pitk\u00e4ik\u00e4isyytt\u00e4 silm\u00e4ll\u00e4 pit\u00e4en, mik\u00e4 takaa pitk\u00e4aikaisen toiminnan.<\/li>\n<li><strong>Vakaa vaihteisto ja hiljainen toiminta<\/strong> \u2013 Tasainen ja hiljainen toiminta tehokkaampaa ja mukavampaa ty\u00f6ymp\u00e4rist\u00f6\u00e4 varten.<\/li>\n<li><strong>Suuri kuormituskapasiteetti<\/strong> \u2013 Suunniteltu k\u00e4sittelem\u00e4\u00e4n raskaita kuormia helposti.<\/li>\n<li><strong>Modulaarinen suunnittelu<\/strong> \u2013 Helposti mukautettavissa erilaisiin sy\u00f6tt\u00f6tehol\u00e4hteisiin. Samaan vaihteistomalliin voidaan asentaa erityyppisi\u00e4 moottoreita, mik\u00e4 mahdollistaa helpot koneiden konfiguroinnit ja yhteenliit\u00e4nn\u00e4t.<\/li>\n<li><strong>Laaja l\u00e4hetysalue<\/strong> \u2013 Tarjoaa hienos\u00e4\u00e4detyn, laajan v\u00e4lityssuhdealueen, mik\u00e4 mahdollistaa tehon saavuttamisen eritt\u00e4in alhaisilla py\u00f6rimisnopeuksilla.<\/li>\n<li><strong>Joustava asennus<\/strong> \u2013 Voidaan asentaa useisiin eri asentoihin, mik\u00e4 tarjoaa enemm\u00e4n monipuolisuutta koneen suunnittelussa.<\/li>\n<li><strong>Korkea lujuus<\/strong> \u2013 Vaihteiston runko on valmistettu eritt\u00e4in lujasta valuraudasta, ja hammaspy\u00f6r\u00e4t ja akselit kaasuhiiletet\u00e4\u00e4n, sammutetaan ja tarkkuushiotaan, mik\u00e4 johtaa suureen kuormituksen kantokykyyn.<\/li>\n<li><strong>Pitk\u00e4 k\u00e4ytt\u00f6ik\u00e4<\/strong> \u2013 Oikein valituilla osilla ja huollolla vaihteiston p\u00e4\u00e4komponenttien (kulutusosia lukuun ottamatta) k\u00e4ytt\u00f6ik\u00e4 voi olla yli 20 000 tuntia.<\/li>\n<li><strong>Hiljainen k\u00e4ytt\u00f6<\/strong> \u2013 Kriittiset valmistus- ja testausprosessit varmistavat, ett\u00e4 vaihteisto toimii mahdollisimman meluisasti.<\/li>\n<li><strong>Rinnakkaisakseli-kartiopy\u00f6r\u00e4st\u00f6suunnittelu<\/strong> \u2013 Sis\u00e4lt\u00e4\u00e4 yhdensuuntaisen akselin ja viisteharjan py\u00f6r\u00e4kokoonpanon tehokasta nopeuden alentamista varten.<\/li>\n<\/ol>\n<p>FMP:ll\u00e4 olemme sitoutuneet tarjoamaan korkealaatuisia, r\u00e4\u00e4t\u00e4l\u00f6ityj\u00e4 vaihteistoja, jotka vastaavat maatalouskoneesi erityistarpeisiin. Tarvitsetpa sitten vakiomallia tai r\u00e4\u00e4t\u00e4l\u00f6ity\u00e4 ratkaisua, teemme tiivist\u00e4 yhteisty\u00f6t\u00e4 kanssasi parhaiden tulosten saavuttamiseksi.<\/p>\n<p><img loading=\"lazy\" decoding=\"async\" class=\"alignnone size-full wp-image-2009\" src=\"https:\/\/fmp-components.com\/wp-content\/uploads\/2024\/12\/Lawn-Mower-Gearbox-Suppliers-6.webp\" alt=\"Ruohonleikkurin vaihdelaatikko\" width=\"1000\" height=\"445\" title=\"\" srcset=\"https:\/\/fmp-components.com\/wp-content\/uploads\/2024\/12\/Lawn-Mower-Gearbox-Suppliers-6.webp 1000w, https:\/\/fmp-components.com\/wp-content\/uploads\/2024\/12\/Lawn-Mower-Gearbox-Suppliers-6-980x436.webp 980w, https:\/\/fmp-components.com\/wp-content\/uploads\/2024\/12\/Lawn-Mower-Gearbox-Suppliers-6-480x214.webp 480w\" sizes=\"(min-width: 0px) and (max-width: 480px) 480px, (min-width: 481px) and (max-width: 980px) 980px, (min-width: 981px) 1000px, 100vw\" \/><\/p>\n<h3>Tietoja FMP:st\u00e4<\/h3>\n<p>Italiassa p\u00e4\u00e4konttoriaan pit\u00e4v\u00e4 FMP on johtava valmistaja, joka tunnetaan asiantuntemuksestaan \u200b\u200bmaatalouskoneiden tehokkaiden vaihteistojen suunnittelussa ja valmistuksessa. Tarkkuudestamme, innovaatioistamme ja luotettavuudestamme tunnettuina tarjoamme laajan valikoiman tuotteita, kuten ruohonleikkureiden vaihteistoja ja keskeisi\u00e4 komponentteja, kuten nivelakseleita. Missiomme on toimittaa r\u00e4\u00e4t\u00e4l\u00f6ityj\u00e4 ratkaisuja, jotka vastaavat maatalous- ja teollisuussektorin ainutlaatuisiin tarpeisiin, tarjoten sek\u00e4 itsen\u00e4isi\u00e4 tuotteita ett\u00e4 t\u00e4ysin integroituja j\u00e4rjestelmi\u00e4.<\/p>\n<p>FMP:ll\u00e4 ymm\u00e4rr\u00e4mme, ett\u00e4 jokaisella asiakkaalla on omat erityistarpeensa, mink\u00e4 vuoksi olemme erikoistuneet tuotteidemme r\u00e4\u00e4t\u00e4l\u00f6intiin vastaamaan n\u00e4it\u00e4 erityistarpeita. Tarvitsetpa sitten erikoisvaihteiston tai kokonaisen j\u00e4rjestelm\u00e4n, teemme tiivist\u00e4 yhteisty\u00f6t\u00e4 kanssasi tarjotaksemme tehokkaimman ja toimivimman ratkaisun. Sitoutumisemme asiakastyytyv\u00e4isyyteen n\u00e4kyy nopeina ja ammattimaisina vastauksinamme sek\u00e4 asiantuntevana ohjauksenamme, mik\u00e4 varmistaa, ett\u00e4 jokainen tiedustelu k\u00e4sitell\u00e4\u00e4n tarkasti ja huolellisesti.<\/p>\n<p>Arvostamme avointa viestint\u00e4\u00e4 ja jatkuvaa yhteisty\u00f6t\u00e4 asiakkaidemme kanssa, erityisesti uusien tuotteiden kehitt\u00e4misess\u00e4. Tiimimme ty\u00f6skentelee k\u00e4si k\u00e4dess\u00e4 asiakkaiden kanssa ymm\u00e4rt\u00e4\u00e4kseen t\u00e4ysin heid\u00e4n haasteensa ja tarjotakseen n\u00e4kemyksi\u00e4, jotka johtavat optimaalisiin ratkaisuihin. Olipa kyseess\u00e4 uusien tuotteiden kehitt\u00e4minen tai olemassa olevien tilausten t\u00e4ytt\u00e4minen, olemme sitoutuneet toimittamaan korkealaatuisia, tarkasti suunniteltuja tuotteita ajallaan.<\/p>\n<p>Laatu on kaiken FMP:ll\u00e4 tekem\u00e4mme perusta. Valmistusprosessimme noudattavat korkeimpia tarkkuusstandardeja varmistaen, ett\u00e4 jokainen tuote on virheet\u00f6n. Toteutamme tiukkoja laadunvalvontatoimenpiteit\u00e4 varmistaaksemme, ett\u00e4 kaikki tuotteemme t\u00e4ytt\u00e4v\u00e4t tai ylitt\u00e4v\u00e4t alan standardit. T\u00e4m\u00e4 horjumaton keskittyminen laatuun yhdistettyn\u00e4 ydinarvoihimme, kuten rehellisyyteen, tiimity\u00f6h\u00f6n ja sinnikkyyteen, on mahdollistanut vahvojen ja pitk\u00e4aikaisten asiakassuhteiden rakentamisen l\u00e4hes 30 maassa maailmanlaajuisesti.<\/p>\n<p>FMP on aina avoin globaaleille kumppanuuksille ja tarjoaa asiantuntevaa neuvontaa ja r\u00e4\u00e4t\u00e4l\u00f6ityj\u00e4 ratkaisuja. L\u00e4hestymistapamme ulottuu pelk\u00e4n tuotteiden tarjoamisen pidemm\u00e4lle \u2013 pyrimme vaalimaan pitk\u00e4aikaisia \u200b\u200b\u200b\u200bsuhteita, jotka edist\u00e4v\u00e4t molemminpuolista menestyst\u00e4. Tarvitsetpa sitten uusia ratkaisuja tai tukea olemassa oleville j\u00e4rjestelmille, FMP on sitoutunut ratkaisemaan tekniset haasteesi ja varmistamaan jatkuvan menestyksesi.<\/p>\n<p><img loading=\"lazy\" decoding=\"async\" class=\"alignnone size-full wp-image-1861\" src=\"https:\/\/fmp-components.com\/wp-content\/uploads\/2024\/12\/Other-Agricultural-Gearboxes.webp\" sizes=\"(min-width: 0px) and (max-width: 480px) 480px, (min-width: 481px) and (max-width: 980px) 980px, (min-width: 981px) 1200px, 100vw\" srcset=\"https:\/\/fmp-components.com\/wp-content\/uploads\/2024\/12\/Other-Agricultural-Gearboxes.webp 1200w, https:\/\/fmp-components.com\/wp-content\/uploads\/2024\/12\/Other-Agricultural-Gearboxes-980x1143.webp 980w, https:\/\/fmp-components.com\/wp-content\/uploads\/2024\/12\/Other-Agricultural-Gearboxes-480x560.webp 480w\" alt=\"Altri-cambi-agricoli\" width=\"1200\" height=\"1400\" title=\"\"><\/p>\n<p>Tekij\u00e4: CX<\/p>\n<p>&nbsp;<\/p>","protected":false},"excerpt":{"rendered":"<p>Agricultural Lawn Mower Gearbox FMP-X30 Specification ITEM FMP&#8211;01-609 FMP&#8211;01-723 FMP&#8211;01-611 Ratio 1:1.47 1:1.69 1:1.93 Teeth 15\/22 13\/22 15\/29 Module \u00a05.08 5.0 4.0 Power(HP) 35 35 30 Rated Input 540rpm 540rpm 540rpm Input\/Output Description \u00a01 3\/8 Z6 Optic axis Cone base aequilate spline shaft Weight(N.W) 26.5KG Customized Agricultural Gearbox Service We offer a wide range of [&hellip;]<\/p>","protected":false},"featured_media":2014,"comment_status":"open","ping_status":"closed","template":"","meta":{"_et_pb_use_builder":"","_et_pb_old_content":"","_et_gb_content_width":""},"product_brand":[],"product_cat":[52],"product_tag":[],"class_list":{"0":"post-2011","1":"product","2":"type-product","3":"status-publish","4":"has-post-thumbnail","6":"product_cat-lawn-mower-gearbox","8":"first","9":"instock","10":"shipping-taxable","11":"product-type-simple"},"_links":{"self":[{"href":"https:\/\/fmp-components.com\/fi\/wp-json\/wp\/v2\/product\/2011","targetHints":{"allow":["GET"]}}],"collection":[{"href":"https:\/\/fmp-components.com\/fi\/wp-json\/wp\/v2\/product"}],"about":[{"href":"https:\/\/fmp-components.com\/fi\/wp-json\/wp\/v2\/types\/product"}],"replies":[{"embeddable":true,"href":"https:\/\/fmp-components.com\/fi\/wp-json\/wp\/v2\/comments?post=2011"}],"wp:featuredmedia":[{"embeddable":true,"href":"https:\/\/fmp-components.com\/fi\/wp-json\/wp\/v2\/media\/2014"}],"wp:attachment":[{"href":"https:\/\/fmp-components.com\/fi\/wp-json\/wp\/v2\/media?parent=2011"}],"wp:term":[{"taxonomy":"product_brand","embeddable":true,"href":"https:\/\/fmp-components.com\/fi\/wp-json\/wp\/v2\/product_brand?post=2011"},{"taxonomy":"product_cat","embeddable":true,"href":"https:\/\/fmp-components.com\/fi\/wp-json\/wp\/v2\/product_cat?post=2011"},{"taxonomy":"product_tag","embeddable":true,"href":"https:\/\/fmp-components.com\/fi\/wp-json\/wp\/v2\/product_tag?post=2011"}],"curies":[{"name":"wp","href":"https:\/\/api.w.org\/{rel}","templated":true}]}}