{"id":2006,"date":"2024-12-27T00:52:54","date_gmt":"2024-12-27T00:52:54","guid":{"rendered":"https:\/\/fmp-components.com\/?page_id=8"},"modified":"2024-12-27T01:06:40","modified_gmt":"2024-12-27T01:06:40","slug":"agricultural-lawn-mower-gearbox-fmp-gs4rc","status":"publish","type":"product","link":"https:\/\/fmp-components.com\/fi\/product\/agricultural-lawn-mower-gearbox-fmp-gs4rc\/","title":{"rendered":"Maatalouden ruohonleikkurin vaihdelaatikko FMP-GS4RC"},"content":{"rendered":"<h2>Maatalouden ruohonleikkurin vaihdelaatikon erittely<\/h2>\n<table style=\"width: 100%;\" border=\"1\" width=\"100%\" cellspacing=\"0\" cellpadding=\"0\">\n<tbody>\n<tr>\n<td width=\"110\"><img loading=\"lazy\" decoding=\"async\" class=\"wp-image-2007 alignleft\" src=\"https:\/\/fmp-components.com\/wp-content\/uploads\/2024\/12\/fmp_agricultural-gearbox-HC-GS4RC-2.webp\" alt=\"fmp_maatalouden-vaihteisto-HC-GS4RC-2\" width=\"363\" height=\"460\" title=\"\"><\/td>\n<td width=\"98\"><img loading=\"lazy\" decoding=\"async\" class=\"alignnone wp-image-2008\" src=\"https:\/\/fmp-components.com\/wp-content\/uploads\/2024\/12\/Lawn-Mower-Gearbox-8.webp\" alt=\"Ruohonleikkurin vaihdelaatikko\" width=\"420\" height=\"420\" title=\"\"><\/td>\n<\/tr>\n<\/tbody>\n<\/table>\n<table style=\"width: 96.588%; height: 225px;\" border=\"1\" cellspacing=\"0\" cellpadding=\"0\">\n<tbody>\n<tr>\n<td><strong>TUOTE<\/strong><\/td>\n<td>FMP-GS4RC<\/td>\n<\/tr>\n<tr>\n<td><strong>Suhde<\/strong><\/td>\n<td>1:1.46\/1:1.93<\/td>\n<\/tr>\n<tr>\n<td><strong>Hampaat<\/strong><\/td>\n<td>22\/15 23\/12<\/td>\n<\/tr>\n<tr>\n<td><strong>Moduuli<\/strong><\/td>\n<td>\u00a05.08 \/5.0<\/td>\n<\/tr>\n<tr>\n<td><strong>Teho (hv)<\/strong><\/td>\n<td>30<\/td>\n<\/tr>\n<tr>\n<td><strong>Nimellistulo<\/strong><\/td>\n<td>540 rpm<\/td>\n<\/tr>\n<tr>\n<td><strong>Tulon\/l\u00e4hd\u00f6n kuvaus<\/strong><\/td>\n<td>1-3\/8 Z6 Kartio-ura<\/td>\n<\/tr>\n<tr>\n<td><strong>Paino (NW)<\/strong><\/td>\n<td>19 kg<\/td>\n<\/tr>\n<\/tbody>\n<\/table>\n<h2>Maatalouden ruohonleikkurin vaihteiston materiaali<\/h2>\n<table style=\"width: 96.0662%; height: 133px;\" border=\"1\" cellspacing=\"0\" cellpadding=\"0\">\n<tbody>\n<tr>\n<td colspan=\"2\"><strong>Materiaali<\/strong><\/td>\n<\/tr>\n<tr>\n<td><strong>Asuminen\u00a0<\/strong><\/td>\n<td>QT450<\/td>\n<\/tr>\n<tr>\n<td><strong>Vaihdeakseli<\/strong><\/td>\n<td>20CrMnTi<\/td>\n<\/tr>\n<tr>\n<td><strong>Levy<\/strong><\/td>\n<td>Alumiini<\/td>\n<\/tr>\n<\/tbody>\n<\/table>\n<h2>Maatalouden ruohonleikkurin vaihdelaatikon sovellukset<\/h2>\n<p>FMP:ll\u00e4 olemme erikoistuneet toimittamaan tehokkaita vaihteistoja, jotka on suunniteltu vastaamaan maatalous- ja teollisuuskoneiden erityisvaatimuksiin. Vaihteistojamme k\u00e4ytet\u00e4\u00e4n monenlaisissa sovelluksissa, mik\u00e4 varmistaa tehokkuuden, kest\u00e4vyyden ja luotettavuuden eri sektoreilla. Alla on joitakin maatalousruohonleikkureiden vaihteistoidemme t\u00e4rkeimpi\u00e4 sovelluksia:<\/p>\n<h4>Py\u00f6riv\u00e4t viiltimet<\/h4>\n<p>Py\u00f6riv\u00e4t leikkuuter\u00e4t ovat v\u00e4ltt\u00e4m\u00e4tt\u00f6mi\u00e4 ylikasvaneen ruohon, pensaiden ja rikkaruohojen raivaamiseen maatalous- ja maaseutualueilla. Vaihteistomme on suunniteltu siirt\u00e4m\u00e4\u00e4n tehokkaasti voimaa traktorista leikkuuterille, mik\u00e4 mahdollistaa tasaisen ja tehokkaan leikkaamisen jopa tihe\u00e4ss\u00e4 kasvillisuudessa. Erinomaisen kest\u00e4vyytens\u00e4 ansiosta n\u00e4m\u00e4 vaihteistot varmistavat minimoimaan seisokkiajat ja maksimaalisen suorituskyvyn maanraivauksessa.<\/p>\n<h4>Py\u00f6riv\u00e4t leikkurit<\/h4>\n<p>Py\u00f6r\u00f6leikkureita k\u00e4ytet\u00e4\u00e4n laajalti maataloudessa ja maisemoinnissa peltojen, laidunten ja teiden varsien hoitoon leikkaamalla ruohoa, rikkaruohoja ja pieni\u00e4 pensaita. FMP-vaihteistot on suunniteltu tuottamaan oikea m\u00e4\u00e4r\u00e4 v\u00e4\u00e4nt\u00f6\u00e4 ja tehoa, mik\u00e4 varmistaa ter\u00e4n tasaisen py\u00f6rimisen ja optimaalisen leikkuutehon. Niiden kest\u00e4v\u00e4 rakenne auttaa v\u00e4hent\u00e4m\u00e4\u00e4n kulumista, mik\u00e4 tekee niist\u00e4 ihanteellisia raskaisiin leikkuuteht\u00e4viin.<\/p>\n<h4>Puuvillaleikkurit<\/h4>\n<p>Puuvillasilppureilla on ratkaiseva rooli rikkakasvien torjunnassa ja sadonhallinnassa puuvillapelloilla. Vaihteistomme tarjoavat tarkan voimansiirron, jota puuvillasilppurilaitteet tarvitsevat parhaalla mahdollisella tavalla, varmistaen, ett\u00e4 k\u00e4ytt\u00e4j\u00e4t voivat tehokkaasti hallita puuvillasatoa ja yll\u00e4pit\u00e4\u00e4 peltojen terveytt\u00e4. N\u00e4m\u00e4 vaihteistot on rakennettu kest\u00e4m\u00e4\u00e4n puuvillanviljelyss\u00e4 usein esiintyv\u00e4t vaativat ty\u00f6olosuhteet.<\/p>\n<h4>Puunleikkurit<\/h4>\n<p>Puunleikkureita k\u00e4ytet\u00e4\u00e4n mets\u00e4taloudessa ja maataloudessa puiden, pensaiden ja tihe\u00e4n lehvist\u00f6n raivaamiseen. FMP-ruohonleikkureiden vaihteistot tarjoavat leikkuumekanismien k\u00e4ytt\u00e4miseen tarvittavan suuren v\u00e4\u00e4nt\u00f6momentin, mink\u00e4 ansiosta k\u00e4ytt\u00e4j\u00e4t voivat k\u00e4sitell\u00e4 paksuja oksia ja runkoja helposti. Vaihteistomme on suunniteltu toimimaan suurilla kuormilla s\u00e4ilytt\u00e4en samalla tehokkuuden ja v\u00e4hent\u00e4en t\u00e4rin\u00e4\u00e4, mik\u00e4 parantaa k\u00e4ytt\u00e4j\u00e4n mukavuutta ja suorituskyky\u00e4.<\/p>\n<h4>Kentt\u00e4s\u00e4ili\u00f6t<\/h4>\n<p>Peltosiiloja k\u00e4ytet\u00e4\u00e4n yleisesti korjatun sadon ker\u00e4\u00e4miseen ja kuljetukseen. FMP-vaihteistot tarjoavat luotettavan voimansiirron, jota tarvitaan peltosiilojen tyhjennysmekanismien k\u00e4ytt\u00e4miseen, varmistaen sujuvan toiminnan sadonkorjuun aikana. K\u00e4ytettiinp\u00e4 niit\u00e4 sitten viljan, puuvillan tai muiden satojen korjuussa, n\u00e4m\u00e4 vaihteistot on rakennettu kest\u00e4m\u00e4\u00e4n maatalouden sadonkorjuun rasitukset, v\u00e4hent\u00e4m\u00e4\u00e4n seisokkiaikoja ja parantamaan kokonaistuottavuutta.<\/p>\n<h4>Ruohonleikkurit ja nurmikonhoitolaitteet<\/h4>\n<p>Yll\u00e4 mainittujen erikoissovellusten lis\u00e4ksi maatalousvaihteistoitamme k\u00e4ytet\u00e4\u00e4n laajalti my\u00f6s erilaisissa ruohonleikkureissa ja nurmikonhoitolaitteissa. N\u00e4ihin kuuluvat ruohonleikkurit, ammattik\u00e4ytt\u00f6\u00f6n tarkoitetut ruohonleikkurit ja teollisuusleikkurit, joissa vaihteistomme mahdollistavat tehokkaan ruohonleikkuun ja tasaisen tehonjaon terille.<\/p>\n<p>FMP-vaihteistot on suunniteltu toimimaan luotettavasti erilaisissa maatalouskonesovelluksissa. Py\u00f6rivist\u00e4 silppureista ja leikkureista puuvillasilppuriin ja peltos\u00e4ili\u00f6ihin, vaihteistomme tarjoavat tasaisen voimansiirron, kest\u00e4vyyden ja tarkkuuden. Olipa kyseess\u00e4 pienimuotoinen maatilatoiminta tai suuri teollisuusk\u00e4ytt\u00f6, FMP:n vaihteistot on rakennettu optimoimaan suorituskyky, v\u00e4hent\u00e4m\u00e4\u00e4n yll\u00e4pitokustannuksia ja varmistamaan maatalouskoneidesi pitk\u00e4ik\u00e4isyys.<\/p>\n<p><img loading=\"lazy\" decoding=\"async\" class=\"alignnone size-full wp-image-2009\" src=\"https:\/\/fmp-components.com\/wp-content\/uploads\/2024\/12\/Lawn-Mower-Gearbox-Suppliers-6.webp\" alt=\"\" width=\"1000\" height=\"445\" title=\"\" srcset=\"https:\/\/fmp-components.com\/wp-content\/uploads\/2024\/12\/Lawn-Mower-Gearbox-Suppliers-6.webp 1000w, https:\/\/fmp-components.com\/wp-content\/uploads\/2024\/12\/Lawn-Mower-Gearbox-Suppliers-6-980x436.webp 980w, https:\/\/fmp-components.com\/wp-content\/uploads\/2024\/12\/Lawn-Mower-Gearbox-Suppliers-6-480x214.webp 480w\" sizes=\"(min-width: 0px) and (max-width: 480px) 480px, (min-width: 481px) and (max-width: 980px) 980px, (min-width: 981px) 1000px, 100vw\" \/><\/p>\n<h2>Maatalouden ruohonleikkurin vaihdelaatikon nivelakseli<\/h2>\n<p>Voimanottoakseli (PTO) on kriittinen osa maatalouskoneissa. Se toimii linkkin\u00e4 traktorin moottorin ja erilaisten ty\u00f6koneiden vaihteistojen, kuten ruohonleikkureiden vaihteistojen, v\u00e4lill\u00e4. FMP:ll\u00e4 valmistamme korkealaatuisia voimanottoakseleita, jotka on erityisesti suunniteltu toimimaan saumattomasti ruohonleikkureiden vaihteistojen kanssa ja tarjoamaan luotettavaa suorituskyky\u00e4 erilaisissa maataloussovelluksissa.<\/p>\n<h3>Maatalouden ruohonleikkurin vaihdelaatikon nivelakselin t\u00e4rkeimm\u00e4t ominaisuudet ja edut<\/h3>\n<ol>\n<li><strong>Tehokas voimansiirto<\/strong><br \/>\nVoimanottoakselit on suunniteltu siirt\u00e4m\u00e4\u00e4n mekaanista voimaa tehokkaasti traktorin moottorista ruohonleikkurin vaihteistoon. T\u00e4m\u00e4 varmistaa, ett\u00e4 leikkurin ter\u00e4t toimivat optimaalisilla nopeuksilla ruohon ja kasvillisuuden tehokkaan leikkaamisen varmistamiseksi. Yll\u00e4pit\u00e4m\u00e4ll\u00e4 tasaista tehonvirtausta voimanottoakselit auttavat saavuttamaan puhtaamman ja tasaisemman leikkauksen, mik\u00e4 parantaa ruohonleikkurin kokonaistehokkuutta.<\/li>\n<li><strong>Kest\u00e4vyys ja luotettavuus<\/strong><br \/>\nFMP-nivelakselit on rakennettu kest\u00e4m\u00e4\u00e4n maatalousymp\u00e4rist\u00f6jen ankaria olosuhteita. N\u00e4m\u00e4 akselit on valmistettu eritt\u00e4in lujista materiaaleista ja tarkasti suunniteltu v\u00e4hent\u00e4m\u00e4\u00e4n kulumista. Ne takaavat pitk\u00e4n k\u00e4ytt\u00f6i\u00e4n my\u00f6s raskaissa kuormissa ja haastavissa pelto-olosuhteissa. Niiden kest\u00e4vyys v\u00e4hent\u00e4\u00e4 seisokkiaikoja ja usein teht\u00e4vien korjausten tarvetta, mik\u00e4 johtaa korkeampaan tuottavuuteen.<\/li>\n<li><strong>Mukautettava pituus ja kokoonpano<\/strong><br \/>\nFMP-nivelakseleita voidaan r\u00e4\u00e4t\u00e4l\u00f6id\u00e4 pituuden ja kokoonpanon suhteen vastaamaan erityisvaatimuksia. Tarvitsetpa sitten vakiopituuden tai r\u00e4\u00e4t\u00e4l\u00f6idyn kokoonpanon tietylle ruohonleikkurimallille, tarjoamme ratkaisuja, jotka on r\u00e4\u00e4t\u00e4l\u00f6ity vastaamaan laitteesi ainutlaatuisia vaatimuksia.<\/li>\n<li><strong>Turvallisuus ja helppo huolto<\/strong><br \/>\nNivelakseleissamme on turvaominaisuuksia, kuten suojuksia ja kilpi\u00e4, jotka minimoivat onnettomuusriskin k\u00e4yt\u00f6n aikana. Lis\u00e4ksi ne on suunniteltu helposti huollettaviksi, mik\u00e4 mahdollistaa kuluneiden osien nopean tarkastuksen ja vaihdon varmistaen j\u00e4rjestelm\u00e4n sujuvan ja turvallisen toiminnan.<\/li>\n<li><strong>Monipuolisuus maatalouskoneissa<\/strong><br \/>\nVaikka FMP-nivelakseleita on suunniteltu ruohonleikkureille, niit\u00e4 voidaan k\u00e4ytt\u00e4\u00e4 my\u00f6s monien muiden maatalouskoneiden, kuten py\u00f6r\u00f6leikkureiden, ruohonleikkureiden ja trimmereiden, kanssa. T\u00e4m\u00e4 monipuolisuus tekee niist\u00e4 arvokkaan ty\u00f6kalun maatiloille ja maisemointit\u00f6ihin, jotka vaativat luotettavaa voimansiirtoa erityyppisten laitteiden v\u00e4lill\u00e4.<\/li>\n<\/ol>\n<p><img loading=\"lazy\" decoding=\"async\" class=\"alignnone size-full wp-image-2010\" src=\"https:\/\/fmp-components.com\/wp-content\/uploads\/2024\/12\/Agricultural-Lawnmower-Gearbox-Precautions-for-Use1.webp\" alt=\"\" width=\"1202\" height=\"665\" title=\"\" srcset=\"https:\/\/fmp-components.com\/wp-content\/uploads\/2024\/12\/Agricultural-Lawnmower-Gearbox-Precautions-for-Use1.webp 1202w, https:\/\/fmp-components.com\/wp-content\/uploads\/2024\/12\/Agricultural-Lawnmower-Gearbox-Precautions-for-Use1-980x542.webp 980w, https:\/\/fmp-components.com\/wp-content\/uploads\/2024\/12\/Agricultural-Lawnmower-Gearbox-Precautions-for-Use1-480x266.webp 480w\" sizes=\"(min-width: 0px) and (max-width: 480px) 480px, (min-width: 481px) and (max-width: 980px) 980px, (min-width: 981px) 1202px, 100vw\" \/><\/p>\n<h3>PTO-akselin sovellukset maatalouden ruohonleikkurin vaihdelaatikossa<\/h3>\n<ul>\n<li><strong>Ruohonleikkurit ja raivaussahat:<\/strong> Voimanottoakselit yhdist\u00e4v\u00e4t traktorin moottorin leikkurin ter\u00e4\u00e4n, mik\u00e4 mahdollistaa ruohon, rikkaruohojen ja pienten pensaiden tehokkaan leikkaamisen.<\/li>\n<li><strong>Py\u00f6riv\u00e4t leikkurit:<\/strong> Voimanottoakseleita k\u00e4ytet\u00e4\u00e4n py\u00f6r\u00f6leikkureiden voimanl\u00e4hteen\u00e4, mik\u00e4 mahdollistaa niiden tehokkaan toiminnan vaativissa pelto-olosuhteissa.<\/li>\n<li><strong>Py\u00f6riv\u00e4t leikkurit ja rikkaruohonleikkurit:<\/strong> Voimanottoakselit auttavat py\u00f6rivien viiltopalojen raskaita teri\u00e4 k\u00e4ytt\u00e4m\u00e4\u00e4n, jolloin ne raivaavat tihe\u00e4\u00e4 kasvillisuutta ja rikkaruohoja maatalousalueilta.<\/li>\n<li><strong>Niittokoneet:<\/strong> Nivelakselit ovat v\u00e4ltt\u00e4m\u00e4tt\u00f6mi\u00e4 traktorin kytkemiseksi niittokoneisiin, mik\u00e4 varmistaa tehokkaan leikkaamisen ja suurten maatalousalueiden kunnossapidon.<\/li>\n<\/ul>\n<h3>Miksi valita FMP-nivelakselit maatalousruohonleikkurin vaihteistoon?<\/h3>\n<ul>\n<li><strong>Mukauttaminen<\/strong>FMP tarjoaa laajan valikoiman nivelakseleita eri pituisina, kokoonpanoina ja malleina erilaisiin tarpeisiin.<\/li>\n<li><strong>Luotettavuus<\/strong>Nivelakselimme on suunniteltu kest\u00e4m\u00e4\u00e4n vaativissa maatalousolosuhteissa ja minimoimaan seisokkiajat ja korjauskustannukset.<\/li>\n<li><strong>Turvallisuus<\/strong>Sis\u00e4\u00e4nrakennettujen turvaominaisuuksien ansiosta nivelakselimme auttavat v\u00e4hent\u00e4m\u00e4\u00e4n loukkaantumisriski\u00e4 k\u00e4yt\u00f6n aikana.<\/li>\n<li><strong>Tarkkuustekniikka<\/strong>Jokainen nivelakseli on valmistettu eritt\u00e4in tarkasti, mik\u00e4 varmistaa sujuvan voimansiirron ja v\u00e4hent\u00e4\u00e4 mekaanisten vikojen riski\u00e4.<\/li>\n<li><strong>Globaali tuki<\/strong>FMP:n tuotteisiin luottavat asiakkaat maailmanlaajuisesti, ja tarjoamme asiantuntevaa neuvontaa ja tukea varmistaaksemme, ett\u00e4 nivelakselimme t\u00e4ytt\u00e4v\u00e4t tarkat vaatimuksesi.<\/li>\n<\/ul>\n<p>FMP:n nivelakselit maatalousruohonleikkureiden vaihteistoihin ovat t\u00e4ydellinen valinta luotettavan voimansiirron ja optimaalisen suorituskyvyn varmistamiseksi erilaisissa maatalous- ja maisemointisovelluksissa. Kest\u00e4v\u00e4t ja helppok\u00e4ytt\u00f6isiksi ja turvallisiksi suunnitellut nivelakselimme auttavat sinua saamaan kaiken irti ruohonleikkurin vaihteistosta ja tarjoavat pitk\u00e4aikaista tehokkuutta ja luotettavuutta monenlaisissa maatalousteht\u00e4viss\u00e4.<\/p>\n<p><img loading=\"lazy\" decoding=\"async\" class=\"alignnone size-full wp-image-1906\" src=\"https:\/\/fmp-components.com\/wp-content\/uploads\/2024\/12\/Rotary-Mower-Gearbox17.webp\" alt=\"Py\u00f6riv\u00e4n ruohonleikkurin vaihdelaatikko\" width=\"1280\" height=\"463\" title=\"\" srcset=\"https:\/\/fmp-components.com\/wp-content\/uploads\/2024\/12\/Rotary-Mower-Gearbox17.webp 1280w, https:\/\/fmp-components.com\/wp-content\/uploads\/2024\/12\/Rotary-Mower-Gearbox17-980x354.webp 980w, https:\/\/fmp-components.com\/wp-content\/uploads\/2024\/12\/Rotary-Mower-Gearbox17-480x174.webp 480w\" sizes=\"(min-width: 0px) and (max-width: 480px) 480px, (min-width: 481px) and (max-width: 980px) 980px, (min-width: 981px) 1280px, 100vw\" \/><\/p>\n<h2>Tietoja FMP:st\u00e4<\/h2>\n<p>Italiassa p\u00e4\u00e4konttoriaan pit\u00e4v\u00e4 FMP on johtava valmistaja, joka tunnetaan maatalouskoneiden tehokkaiden vaihteistojen suunnittelusta ja valmistuksesta. Tarkkuuden, innovaatioiden ja luotettavuuden ansiosta tarjoamme laajan valikoiman tuotteita, kuten ruohonleikkureiden vaihteistoja ja kriittisi\u00e4 komponentteja, kuten nivelakseleita. Tavoitteenamme on tarjota r\u00e4\u00e4t\u00e4l\u00f6ityj\u00e4 ratkaisuja, jotka vastaavat maatalous- ja teollisuussektorin ainutlaatuisiin tarpeisiin, toimittamalla sek\u00e4 itsen\u00e4isi\u00e4 tuotteita ett\u00e4 t\u00e4ysin integroituja j\u00e4rjestelmi\u00e4.<\/p>\n<p>FMP:ll\u00e4 ymm\u00e4rr\u00e4mme, ett\u00e4 jokaisella asiakkaalla on omat erityisvaatimuksensa, mink\u00e4 vuoksi olemme erikoistuneet tuotteidemme r\u00e4\u00e4t\u00e4l\u00f6intiin yksil\u00f6llisten tarpeiden mukaan. Etsitp\u00e4 sitten erikoisvaihteistoa tai kokonaisvaltaista j\u00e4rjestelm\u00e4\u00e4, teemme tiivist\u00e4 yhteisty\u00f6t\u00e4 kanssasi toimittaaksemme tehokkaimman ja toimivimman ratkaisun. Sitoutumisemme asiakastyytyv\u00e4isyyteen n\u00e4kyy nopeissa ja ammattimaisissa vastauksissamme sek\u00e4 asiantuntevissa neuvoissamme, jotka varmistavat, ett\u00e4 jokainen tiedustelu k\u00e4sitell\u00e4\u00e4n tarkasti ja huolellisesti.<\/p>\n<p>Arvostamme avointa viestint\u00e4\u00e4 ja jatkuvaa yhteisty\u00f6t\u00e4 asiakkaidemme kanssa, erityisesti uusien tuotteiden kehitysvaiheessa. Tiimimme tekee tiivist\u00e4 yhteisty\u00f6t\u00e4 asiakkaiden kanssa ymm\u00e4rt\u00e4\u00e4kseen heid\u00e4n haasteitaan ja tarjotakseen arvokasta tietoa, joka johtaa optimaalisiin ratkaisuihin. Olipa kyseess\u00e4 uusien tuotteiden kehitt\u00e4minen tai olemassa olevien tilausten t\u00e4ytt\u00e4minen, olemme sitoutuneet toimittamaan korkealaatuisia, tarkasti suunniteltuja tuotteita ajallaan.<\/p>\n<p>Laatu on FMP:n toiminnan kulmakivi. Valmistusprosessimme perustuvat korkeiden standardien, tarkkuuden ja virheett\u00f6myyden periaatteille. Toteutamme tiukkoja laadunvalvontatoimenpiteit\u00e4 varmistaaksemme, ett\u00e4 jokainen tuote t\u00e4ytt\u00e4\u00e4 tai ylitt\u00e4\u00e4 alan standardit. T\u00e4m\u00e4 horjumaton keskittyminen laatuun yhdistettyn\u00e4 ydinarvoihimme, kuten rehellisyyteen, tiimity\u00f6h\u00f6n ja sinnikkyyteen, on auttanut meit\u00e4 rakentamaan kest\u00e4vi\u00e4 asiakassuhteita l\u00e4hes 30 maassa.<\/p>\n<p>FMP on aina avoin globaalien kumppanuuksien luomiselle ja tarjoaa asiantuntevaa neuvontaa ja r\u00e4\u00e4t\u00e4l\u00f6ityj\u00e4 ratkaisuja. L\u00e4hestymistapamme menee pelk\u00e4n tuotteiden toimittamisen edelle \u2013 pyrimme vaalimaan pitk\u00e4aikaisia \u200b\u200b\u200b\u200bsuhteita, jotka edist\u00e4v\u00e4t molemminpuolista menestyst\u00e4. Tarvitsetpa sitten uusia ratkaisuja tai tukea olemassa oleville j\u00e4rjestelmille, FMP on omistautunut ratkaisemaan tekniset haasteesi ja varmistamaan jatkuvan menestyksesi.<\/p>\n<p><img loading=\"lazy\" decoding=\"async\" class=\"alignnone size-full wp-image-1861\" src=\"https:\/\/fmp-components.com\/wp-content\/uploads\/2024\/12\/Other-Agricultural-Gearboxes.webp\" sizes=\"(min-width: 0px) and (max-width: 480px) 480px, (min-width: 481px) and (max-width: 980px) 980px, (min-width: 981px) 1200px, 100vw\" srcset=\"https:\/\/fmp-components.com\/wp-content\/uploads\/2024\/12\/Other-Agricultural-Gearboxes.webp 1200w, https:\/\/fmp-components.com\/wp-content\/uploads\/2024\/12\/Other-Agricultural-Gearboxes-980x1143.webp 980w, https:\/\/fmp-components.com\/wp-content\/uploads\/2024\/12\/Other-Agricultural-Gearboxes-480x560.webp 480w\" alt=\"Altri-cambi-agricoli\" width=\"1200\" height=\"1400\" title=\"\"><\/p>\n<p>Tekij\u00e4: CX<\/p>\n<p>&nbsp;<\/p>","protected":false},"excerpt":{"rendered":"<p>Agricultural Lawnmower Gearbox\u00a0Specification ITEM FMP-GS4RC Ratio 1:1.46\/1:1.93 Teeth 22\/15 23\/12 Module \u00a05.08 \/5.0 Power(HP) 30 Rated Input 540rpm Input\/Output Description 1-3\/8 Z6 Taper spline Weight(N.W) 19KG Agricultural Lawn Mower Gearbox Material Material Housing\u00a0 QT450 Gear shaft 20CrMnTi Plate Aluminum Agricultural Lawnmower Gearbox Applications At FMP, we specialize in providing high-performance gearboxes designed to meet the [&hellip;]<\/p>","protected":false},"featured_media":2008,"comment_status":"open","ping_status":"closed","template":"","meta":{"_et_pb_use_builder":"","_et_pb_old_content":"","_et_gb_content_width":""},"product_brand":[],"product_cat":[52],"product_tag":[],"class_list":{"0":"post-2006","1":"product","2":"type-product","3":"status-publish","4":"has-post-thumbnail","6":"product_cat-lawn-mower-gearbox","8":"first","9":"instock","10":"shipping-taxable","11":"product-type-simple"},"_links":{"self":[{"href":"https:\/\/fmp-components.com\/fi\/wp-json\/wp\/v2\/product\/2006","targetHints":{"allow":["GET"]}}],"collection":[{"href":"https:\/\/fmp-components.com\/fi\/wp-json\/wp\/v2\/product"}],"about":[{"href":"https:\/\/fmp-components.com\/fi\/wp-json\/wp\/v2\/types\/product"}],"replies":[{"embeddable":true,"href":"https:\/\/fmp-components.com\/fi\/wp-json\/wp\/v2\/comments?post=2006"}],"wp:featuredmedia":[{"embeddable":true,"href":"https:\/\/fmp-components.com\/fi\/wp-json\/wp\/v2\/media\/2008"}],"wp:attachment":[{"href":"https:\/\/fmp-components.com\/fi\/wp-json\/wp\/v2\/media?parent=2006"}],"wp:term":[{"taxonomy":"product_brand","embeddable":true,"href":"https:\/\/fmp-components.com\/fi\/wp-json\/wp\/v2\/product_brand?post=2006"},{"taxonomy":"product_cat","embeddable":true,"href":"https:\/\/fmp-components.com\/fi\/wp-json\/wp\/v2\/product_cat?post=2006"},{"taxonomy":"product_tag","embeddable":true,"href":"https:\/\/fmp-components.com\/fi\/wp-json\/wp\/v2\/product_tag?post=2006"}],"curies":[{"name":"wp","href":"https:\/\/api.w.org\/{rel}","templated":true}]}}