{"id":1999,"date":"2024-12-26T08:44:59","date_gmt":"2024-12-26T08:44:59","guid":{"rendered":"https:\/\/fmp-components.com\/?page_id=8"},"modified":"2024-12-27T00:36:22","modified_gmt":"2024-12-27T00:36:22","slug":"fmp-1zs-380-lawn-mower-gearbox","status":"publish","type":"product","link":"https:\/\/fmp-components.com\/fi\/product\/fmp-1zs-380-lawn-mower-gearbox\/","title":{"rendered":"FMP-1ZS-380 ruohonleikkurin vaihdelaatikko"},"content":{"rendered":"<p><img loading=\"lazy\" decoding=\"async\" class=\"size-full wp-image-2005 aligncenter\" src=\"https:\/\/fmp-components.com\/wp-content\/uploads\/2024\/12\/FMP_agricultural-gearbox-HC-1ZS-380.webp\" alt=\"FMP_maatalouden-vaihteisto-HC-1ZS-380\" width=\"400\" height=\"400\" title=\"\" srcset=\"https:\/\/fmp-components.com\/wp-content\/uploads\/2024\/12\/FMP_agricultural-gearbox-HC-1ZS-380.webp 400w, https:\/\/fmp-components.com\/wp-content\/uploads\/2024\/12\/FMP_agricultural-gearbox-HC-1ZS-380-300x300.webp 300w, https:\/\/fmp-components.com\/wp-content\/uploads\/2024\/12\/FMP_agricultural-gearbox-HC-1ZS-380-150x150.webp 150w, https:\/\/fmp-components.com\/wp-content\/uploads\/2024\/12\/FMP_agricultural-gearbox-HC-1ZS-380-12x12.webp 12w, https:\/\/fmp-components.com\/wp-content\/uploads\/2024\/12\/FMP_agricultural-gearbox-HC-1ZS-380-100x100.webp 100w\" sizes=\"(max-width: 400px) 100vw, 400px\" \/><\/p>\n<h2>FMP-1ZS-380 ruohonleikkurin vaihteiston tekniset tiedot<\/h2>\n<p><img loading=\"lazy\" decoding=\"async\" class=\"alignnone wp-image-2000\" src=\"https:\/\/fmp-components.com\/wp-content\/uploads\/2024\/12\/fmp_agricultural-gearbox-HC-1ZS-380-1.webp\" alt=\"fmp_maatalouden-vaihteisto-HC-1ZS-380-1\" width=\"806\" height=\"307\" title=\"\" srcset=\"https:\/\/fmp-components.com\/wp-content\/uploads\/2024\/12\/fmp_agricultural-gearbox-HC-1ZS-380-1.webp 806w, https:\/\/fmp-components.com\/wp-content\/uploads\/2024\/12\/fmp_agricultural-gearbox-HC-1ZS-380-1-480x183.webp 480w\" sizes=\"(min-width: 0px) and (max-width: 480px) 480px, (min-width: 481px) 806px, 100vw\" \/><\/p>\n<table style=\"width: 85.3964%; height: 238px;\" border=\"1\">\n<tbody>\n<tr>\n<td style=\"width: 37.4684%;\">TUOTE<\/td>\n<td style=\"width: 61.7722%;\">FMP-1ZS-380 ruohonleikkurin vaihdelaatikko<\/td>\n<\/tr>\n<tr>\n<td style=\"width: 37.4684%;\">Suhde<\/td>\n<td style=\"width: 61.7722%;\">1:1.24<\/td>\n<\/tr>\n<tr>\n<td style=\"width: 37.4684%;\">Hampaat<\/td>\n<td style=\"width: 61.7722%;\">21\/17\/17\/17<\/td>\n<\/tr>\n<tr>\n<td style=\"width: 37.4684%;\">Moduuli<\/td>\n<td style=\"width: 61.7722%;\">7.0<\/td>\n<\/tr>\n<tr>\n<td style=\"width: 37.4684%;\">Teho (hv)<\/td>\n<td style=\"width: 61.7722%;\">100<\/td>\n<\/tr>\n<tr>\n<td style=\"width: 37.4684%;\">Nimellistulo<\/td>\n<td style=\"width: 61.7722%;\">540 rpm<\/td>\n<\/tr>\n<tr>\n<td style=\"width: 37.4684%;\">Tulon\/l\u00e4hd\u00f6n kuvaus<\/td>\n<td style=\"width: 61.7722%;\">\u00a0Spline<\/td>\n<\/tr>\n<tr>\n<td style=\"width: 37.4684%;\">Paino (neulapaino)<\/td>\n<td style=\"width: 61.7722%;\">42,5 kg<\/td>\n<\/tr>\n<\/tbody>\n<\/table>\n<h3>FMP-1ZS-380 ruohonleikkurin vaihdelaatikon edut<\/h3>\n<ol>\n<li><strong>Korkea suorituskyky ja tehokkuus<\/strong><br \/>\nFMP-1ZS-380-ruohonleikkurin vaihteisto on suunniteltu optimaalista voimansiirtoa varten, mik\u00e4 varmistaa leikkurin huipputehokkuuden. Se tarjoaa luotettavan ja tasaisen suorituskyvyn, joten se sopii erilaisiin nurmikonhoitoteht\u00e4viin pienist\u00e4 asuinpuutarhoista suurempiin kaupallisiin leikkuuteht\u00e4viin.<\/li>\n<li><strong>Kest\u00e4vyys ja pitk\u00e4ik\u00e4isyys<\/strong><br \/>\nKorkealaatuisista materiaaleista ja tarkkuudella valmistettu FMP-1ZS-380 on suunniteltu kest\u00e4m\u00e4\u00e4n raskaan k\u00e4yt\u00f6n kulumista. Sen kest\u00e4v\u00e4 rakenne takaa kest\u00e4vyyden ja pitk\u00e4n k\u00e4ytt\u00f6i\u00e4n jopa haastavissa k\u00e4ytt\u00f6olosuhteissa.<\/li>\n<li><strong>Mukautusvaihtoehdot<\/strong><br \/>\nFMP tarjoaa r\u00e4\u00e4t\u00e4l\u00f6intimahdollisuuksia tiettyjen sovellusvaatimusten t\u00e4ytt\u00e4miseksi. Tarvitsetpa sitten s\u00e4\u00e4t\u00f6j\u00e4 v\u00e4lityssuhteisiin, kiinnityskokoonpanoihin tai muihin teknisiin ominaisuuksiin, FMP-1ZS-380 voidaan r\u00e4\u00e4t\u00e4l\u00f6id\u00e4 ainutlaatuisten tarpeidesi mukaan.<\/li>\n<li><strong>Helppo huolto<\/strong><br \/>\nVaihteisto on suunniteltu helposti huollettavaksi. Sen k\u00e4ytt\u00e4j\u00e4yst\u00e4v\u00e4llinen rakenne varmistaa nopean ja yksinkertaisen huollon, mik\u00e4 v\u00e4hent\u00e4\u00e4 seisokkiaikoja ja antaa k\u00e4ytt\u00e4jille mahdollisuuden yll\u00e4pit\u00e4\u00e4 optimaalista suorituskyky\u00e4 minimaalisella vaivalla.<\/li>\n<li><strong>Alhainen melu ja t\u00e4rin\u00e4<\/strong><br \/>\nFMP-1ZS-380 on suunniteltu melunvaimennusominaisuuksilla hiljaisemman toiminnan varmistamiseksi. T\u00e4m\u00e4 tekee siit\u00e4 ihanteellisen ymp\u00e4rist\u00f6ihin, joissa melutasot on pidett\u00e4v\u00e4 mahdollisimman alhaisina, mutta samalla on varmistettava tehokas voimansiirto leikkurin terille.<\/li>\n<li><strong>Kompakti ja kevyt muotoilu<\/strong><br \/>\nTehokkaasta suorituskyvyst\u00e4\u00e4n huolimatta FMP-1ZS-380 on kompakti ja kevyt. T\u00e4m\u00e4 varmistaa, ett\u00e4 se voidaan helposti integroida erilaisiin ruohonleikkurimalleihin lis\u00e4\u00e4m\u00e4tt\u00e4 tarpeetonta painoa, mik\u00e4 parantaa ohjattavuutta ja helppok\u00e4ytt\u00f6isyytt\u00e4.<\/li>\n<li><strong>Tarkkuustekniikka<\/strong><br \/>\nTiukkojen laatustandardien mukaisesti valmistetussa FMP-1ZS-380:ssa on tarkasti suunnitellut hammaspy\u00f6r\u00e4t, jotka v\u00e4hent\u00e4v\u00e4t v\u00e4lyst\u00e4 ja parantavat kokonaissuorituskyky\u00e4. T\u00e4m\u00e4 varmistaa tasaisemman toiminnan ja parantaa leikkuutulosten laatua.<\/li>\n<\/ol>\n<p>Yhteenvetona voidaan todeta, ett\u00e4 FMP-1ZS-380-ruohonleikkurin vaihteisto yhdist\u00e4\u00e4 korkean suorituskyvyn, kest\u00e4vyyden, helpon huollon ja r\u00e4\u00e4t\u00e4l\u00f6intimahdollisuudet, mik\u00e4 tekee siit\u00e4 erinomaisen valinnan sek\u00e4 asuin- ett\u00e4 kaupallisiin ruohonleikkuut\u00f6ihin.<\/p>\n<p><img loading=\"lazy\" decoding=\"async\" class=\"alignnone size-full wp-image-1994\" src=\"https:\/\/fmp-components.com\/wp-content\/uploads\/2024\/12\/Lawn-Mower-Gearbox-7.webp\" alt=\"Ruohonleikkurin vaihdelaatikko\" width=\"1502\" height=\"805\" title=\"\" srcset=\"https:\/\/fmp-components.com\/wp-content\/uploads\/2024\/12\/Lawn-Mower-Gearbox-7.webp 1502w, https:\/\/fmp-components.com\/wp-content\/uploads\/2024\/12\/Lawn-Mower-Gearbox-7-1280x686.webp 1280w, https:\/\/fmp-components.com\/wp-content\/uploads\/2024\/12\/Lawn-Mower-Gearbox-7-980x525.webp 980w, https:\/\/fmp-components.com\/wp-content\/uploads\/2024\/12\/Lawn-Mower-Gearbox-7-480x257.webp 480w\" sizes=\"(min-width: 0px) and (max-width: 480px) 480px, (min-width: 481px) and (max-width: 980px) 980px, (min-width: 981px) and (max-width: 1280px) 1280px, (min-width: 1281px) 1502px, 100vw\" \/><\/p>\n<h3>Tietoja FMP:st\u00e4<\/h3>\n<p>Italiassa p\u00e4\u00e4konttoriaan pit\u00e4v\u00e4 FMP on johtava maatalouskoneiden tehokkaisiin vaihteistoihin erikoistunut valmistaja. Tarkkuudesta, innovaatioista ja luotettavuudesta tunnettu FMP tarjoaa laajan valikoiman vaihteistoja, kuten ruohonleikkureiden vaihteistoja ja olennaisia \u200b\u200bkomponentteja, kuten nivelakseleita. Missiomme on tarjota r\u00e4\u00e4t\u00e4l\u00f6ityj\u00e4 ratkaisuja, jotka vastaavat maatalous- ja teollisuussektorin erityistarpeisiin, olipa kyseess\u00e4 sitten yksitt\u00e4iset tuotteet tai integroidut j\u00e4rjestelm\u00e4t.<\/p>\n<p>Ymm\u00e4rr\u00e4mme, ett\u00e4 jokaisella asiakkaalla on ainutlaatuiset vaatimukset, mink\u00e4 vuoksi olemme erinomaisia \u200b\u200b\u200b\u200br\u00e4\u00e4t\u00e4l\u00f6im\u00e4\u00e4n tuotteemme n\u00e4ihin tarpeisiin. Tarvitsetpa sitten erikoisvaihteiston tai kokonaisen j\u00e4rjestelm\u00e4n, teemme tiivist\u00e4 yhteisty\u00f6t\u00e4 kanssasi toimittaaksemme tehokkaimmat ja toimivimmat ratkaisut. Nopeat ja ammattimaiset vastauksemme yhdistettyn\u00e4 asiantuntevaan neuvontaan varmistavat, ett\u00e4 jokainen tiedustelu k\u00e4sitell\u00e4\u00e4n huolellisesti ja tarkasti.<\/p>\n<p>FMP:ll\u00e4 priorisoimme avointa viestint\u00e4\u00e4 ja yhteisty\u00f6t\u00e4, erityisesti uusia tuotteita kehitett\u00e4ess\u00e4. Tiimimme ty\u00f6skentelee asiakkaiden rinnalla ymm\u00e4rt\u00e4\u00e4kseen heid\u00e4n haasteitaan ja tarjotakseen n\u00e4kemyksi\u00e4, jotka johtavat optimaalisiin ratkaisuihin. Olemme sitoutuneet toimittamaan korkealaatuisia, tarkasti suunniteltuja tuotteita ajallaan, olipa kyseess\u00e4 sitten uusi kehityshanke tai olemassa olevat tilaukset.<\/p>\n<p>Laatu on FMP:n toiminnan ytimess\u00e4. Valmistusprosessimme noudattavat korkeimpia standardeja, mik\u00e4 varmistaa tarkkuuden ja virheett\u00f6myysprosentin. Tiukka laadunvalvonta takaa, ett\u00e4 jokainen tuote t\u00e4ytt\u00e4\u00e4 tai ylitt\u00e4\u00e4 alan standardit. T\u00e4m\u00e4 sitoutuminen laatuun yhdistettyn\u00e4 ydinarvoihimme, kuten rehellisyyteen, tiimity\u00f6h\u00f6n ja sinnikkyyteen, on mahdollistanut vahvojen asiakassuhteiden rakentamisen l\u00e4hes 30 maassa.<\/p>\n<p>FMP on aina avoin globaaleille kumppanuuksille ja tarjoaa asiantuntevaa neuvontaa ja r\u00e4\u00e4t\u00e4l\u00f6ityj\u00e4 ratkaisuja. L\u00e4hestymistapamme menee pelk\u00e4n tuotteiden toimittamisen edelle; pyrimme rakentamaan pitk\u00e4aikaisia \u200b\u200b\u200b\u200bsuhteita, jotka edist\u00e4v\u00e4t molemminpuolista menestyst\u00e4. Tarvitsetpa sitten uusia ratkaisuja tai tukea olemassa oleville j\u00e4rjestelmille, FMP on omistautunut ratkaisemaan tekniset haasteesi ja varmistamaan jatkuvan menestyksen.<\/p>\n<p><img loading=\"lazy\" decoding=\"async\" class=\"alignnone size-full wp-image-1861\" src=\"https:\/\/fmp-components.com\/wp-content\/uploads\/2024\/12\/Other-Agricultural-Gearboxes.webp\" sizes=\"(min-width: 0px) and (max-width: 480px) 480px, (min-width: 481px) and (max-width: 980px) 980px, (min-width: 981px) 1200px, 100vw\" srcset=\"https:\/\/fmp-components.com\/wp-content\/uploads\/2024\/12\/Other-Agricultural-Gearboxes.webp 1200w, https:\/\/fmp-components.com\/wp-content\/uploads\/2024\/12\/Other-Agricultural-Gearboxes-980x1143.webp 980w, https:\/\/fmp-components.com\/wp-content\/uploads\/2024\/12\/Other-Agricultural-Gearboxes-480x560.webp 480w\" alt=\"Altri-cambi-agricoli\" width=\"1200\" height=\"1400\" title=\"\"><\/p>\n<p>Tekij\u00e4: CX<\/p>","protected":false},"excerpt":{"rendered":"<p>FMP-1ZS-380 Lawn Mower Gearbox Specification ITEM FMP-1ZS-380 Lawn Mower Gearbox Ratio 1:1.24 Teeth 21\/17\/17\/17 Module 7.0 Power\uff08HP\uff09 100 Rated Input 540rpm Input\/Output description \u00a0Spline Weight\uff08N.W\uff09 42.5Kg Advantages of FMP-1ZS-380 Lawn Mower Gearbox High Performance &amp; Efficiency The FMP-1ZS-380 lawn mower gearbox is designed for optimal power transmission, ensuring that the mower operates at peak efficiency. [&hellip;]<\/p>","protected":false},"featured_media":2005,"comment_status":"open","ping_status":"closed","template":"","meta":{"_et_pb_use_builder":"","_et_pb_old_content":"","_et_gb_content_width":""},"product_brand":[],"product_cat":[52],"product_tag":[],"class_list":{"0":"post-1999","1":"product","2":"type-product","3":"status-publish","4":"has-post-thumbnail","6":"product_cat-lawn-mower-gearbox","8":"first","9":"instock","10":"shipping-taxable","11":"product-type-simple"},"_links":{"self":[{"href":"https:\/\/fmp-components.com\/fi\/wp-json\/wp\/v2\/product\/1999","targetHints":{"allow":["GET"]}}],"collection":[{"href":"https:\/\/fmp-components.com\/fi\/wp-json\/wp\/v2\/product"}],"about":[{"href":"https:\/\/fmp-components.com\/fi\/wp-json\/wp\/v2\/types\/product"}],"replies":[{"embeddable":true,"href":"https:\/\/fmp-components.com\/fi\/wp-json\/wp\/v2\/comments?post=1999"}],"wp:featuredmedia":[{"embeddable":true,"href":"https:\/\/fmp-components.com\/fi\/wp-json\/wp\/v2\/media\/2005"}],"wp:attachment":[{"href":"https:\/\/fmp-components.com\/fi\/wp-json\/wp\/v2\/media?parent=1999"}],"wp:term":[{"taxonomy":"product_brand","embeddable":true,"href":"https:\/\/fmp-components.com\/fi\/wp-json\/wp\/v2\/product_brand?post=1999"},{"taxonomy":"product_cat","embeddable":true,"href":"https:\/\/fmp-components.com\/fi\/wp-json\/wp\/v2\/product_cat?post=1999"},{"taxonomy":"product_tag","embeddable":true,"href":"https:\/\/fmp-components.com\/fi\/wp-json\/wp\/v2\/product_tag?post=1999"}],"curies":[{"name":"wp","href":"https:\/\/api.w.org\/{rel}","templated":true}]}}