{"id":1993,"date":"2024-12-26T08:39:30","date_gmt":"2024-12-26T08:39:30","guid":{"rendered":"https:\/\/fmp-components.com\/?page_id=8"},"modified":"2024-12-26T08:43:04","modified_gmt":"2024-12-26T08:43:04","slug":"agricultural-lawn-mower-gearbox-fmp-966109","status":"publish","type":"product","link":"https:\/\/fmp-components.com\/fi\/product\/agricultural-lawn-mower-gearbox-fmp-966109\/","title":{"rendered":"Maatalouden ruohonleikkurin vaihdelaatikko FMP-966109"},"content":{"rendered":"<h2>Maatalouden ruohonleikkurin vaihdelaatikko FMP-966109 Tekniset tiedot<\/h2>\n<p><img loading=\"lazy\" decoding=\"async\" class=\"size-full wp-image-1997 alignleft\" src=\"https:\/\/fmp-components.com\/wp-content\/uploads\/2024\/12\/fmp_agricultural-gearbox-HC-GS4RC-2-1.webp\" alt=\"fmp_maatalouden-vaihteisto-HC-GS4RC-2-1\" width=\"506\" height=\"640\" title=\"\" srcset=\"https:\/\/fmp-components.com\/wp-content\/uploads\/2024\/12\/fmp_agricultural-gearbox-HC-GS4RC-2-1.webp 506w, https:\/\/fmp-components.com\/wp-content\/uploads\/2024\/12\/fmp_agricultural-gearbox-HC-GS4RC-2-1-480x607.webp 480w\" sizes=\"(min-width: 0px) and (max-width: 480px) 480px, (min-width: 481px) 506px, 100vw\" \/><img loading=\"lazy\" decoding=\"async\" class=\"wp-image-1996 aligncenter\" src=\"https:\/\/fmp-components.com\/wp-content\/uploads\/2024\/12\/FMP_agricultural-gearbox-HC-966109.webp\" alt=\"FMP_maatalouden-vaihteisto-HC-966109\" width=\"383\" height=\"383\" title=\"\" srcset=\"https:\/\/fmp-components.com\/wp-content\/uploads\/2024\/12\/FMP_agricultural-gearbox-HC-966109.webp 400w, https:\/\/fmp-components.com\/wp-content\/uploads\/2024\/12\/FMP_agricultural-gearbox-HC-966109-300x300.webp 300w, https:\/\/fmp-components.com\/wp-content\/uploads\/2024\/12\/FMP_agricultural-gearbox-HC-966109-150x150.webp 150w, https:\/\/fmp-components.com\/wp-content\/uploads\/2024\/12\/FMP_agricultural-gearbox-HC-966109-12x12.webp 12w, https:\/\/fmp-components.com\/wp-content\/uploads\/2024\/12\/FMP_agricultural-gearbox-HC-966109-100x100.webp 100w\" sizes=\"(max-width: 383px) 100vw, 383px\" \/><\/p>\n<table style=\"width: 92.3941%; height: 221px;\" border=\"1\">\n<tbody>\n<tr>\n<td style=\"width: 31.5789%;\"><strong>TUOTE<\/strong><\/td>\n<td style=\"width: 67.7193%;\">FMP-966109<\/td>\n<\/tr>\n<tr>\n<td style=\"width: 31.5789%;\"><strong>Suhde<\/strong><\/td>\n<td style=\"width: 67.7193%;\">1:1.47\/1:1.93<\/td>\n<\/tr>\n<tr>\n<td style=\"width: 31.5789%;\"><strong>Hampaat<\/strong><\/td>\n<td style=\"width: 67.7193%;\">13\/19 14\/27<\/td>\n<\/tr>\n<tr>\n<td style=\"width: 31.5789%;\"><strong>Moduuli<\/strong><\/td>\n<td style=\"width: 67.7193%;\">\u00a07.0 \/5.5<\/td>\n<\/tr>\n<tr>\n<td style=\"width: 31.5789%;\"><strong>Teho (hv)<\/strong><\/td>\n<td style=\"width: 67.7193%;\">60<\/td>\n<\/tr>\n<tr>\n<td style=\"width: 31.5789%;\"><strong>Nimellistulo<\/strong><\/td>\n<td style=\"width: 67.7193%;\">540 rpm<\/td>\n<\/tr>\n<tr>\n<td style=\"width: 31.5789%;\"><strong>Tulon\/l\u00e4hd\u00f6n kuvaus<\/strong><\/td>\n<td style=\"width: 67.7193%;\">\u00a01 3\/8 Z6\/1 3\/4 Z20 Optinen akseli 1 Kartio-ura<\/td>\n<\/tr>\n<tr>\n<td style=\"width: 31.5789%;\"><strong>Paino (NW)<\/strong><\/td>\n<td style=\"width: 67.7193%;\">29 kg<\/td>\n<\/tr>\n<\/tbody>\n<\/table>\n<h2>Ruohonleikkurin vaihdelaatikon osien suunnittelu<\/h2>\n<p><img loading=\"lazy\" decoding=\"async\" class=\"alignnone size-full wp-image-1995\" src=\"https:\/\/fmp-components.com\/wp-content\/uploads\/2024\/12\/Lawn-Mower-Gearbox-Parts-Design.webp\" alt=\"Ruohonleikkurin vaihdelaatikko\" width=\"1000\" height=\"614\" title=\"\" srcset=\"https:\/\/fmp-components.com\/wp-content\/uploads\/2024\/12\/Lawn-Mower-Gearbox-Parts-Design.webp 1000w, https:\/\/fmp-components.com\/wp-content\/uploads\/2024\/12\/Lawn-Mower-Gearbox-Parts-Design-980x602.webp 980w, https:\/\/fmp-components.com\/wp-content\/uploads\/2024\/12\/Lawn-Mower-Gearbox-Parts-Design-480x295.webp 480w\" sizes=\"(min-width: 0px) and (max-width: 480px) 480px, (min-width: 481px) and (max-width: 980px) 980px, (min-width: 981px) 1000px, 100vw\" \/><\/p>\n<h3>Maatalouden ruohonleikkurin vaihteiston ominaisuudet<\/h3>\n<ol>\n<li><strong>Mukautettavat v\u00e4lityssuhteet<\/strong>Tarjoamme erilaisia \u200b\u200bv\u00e4lityssuhteita, jotka on r\u00e4\u00e4t\u00e4l\u00f6ity vastaamaan erityistarpeitasi.<\/li>\n<li><strong>Ammattimainen laadunvalvonta<\/strong>Omistettu laadunvalvontaosastomme k\u00e4ytt\u00e4\u00e4 edistyneit\u00e4 tarkastuslaitteita varmistaakseen tarkat mitat, minimaalisen v\u00e4lyksen ja alhaisen melutason jokaisessa vaihteistossa.<\/li>\n<li><strong>ODM- ja OEM-ominaisuudet<\/strong>Teknologiaosastomme on valmiina suunnittelemaan ja kehitt\u00e4m\u00e4\u00e4n r\u00e4\u00e4t\u00e4l\u00f6ityj\u00e4 vaihteistoja ainutlaatuisten tarpeidesi mukaan. Tarjoamme sek\u00e4 alkuper\u00e4isen suunnittelun valmistajan (ODM) ett\u00e4 alkuper\u00e4isen laitevalmistajan (OEM) palveluita.<\/li>\n<li><strong>Takuuaika<\/strong>Tarjoamme 1,5\u20132 vuoden takuun tuotteidemme pitk\u00e4ik\u00e4isyyden ja luotettavuuden varmistamiseksi.<\/li>\n<li><strong>Laaja kokemus<\/strong>Yli 20 vuoden kokemuksella alalta vaihteistomme tunnetaan turvallisuudestaan, luotettavuudestaan, kustannustehokkuudestaan \u200b\u200bja kest\u00e4vyydest\u00e4\u00e4n.<\/li>\n<li><strong>Tiukka pakkaus- ja toimitusvalvonta<\/strong>Kaikki ty\u00f6ntekij\u00e4mme ovat eritt\u00e4in hyvin koulutettuja varmistaakseen korkeimpien laatustandardien t\u00e4yttymisen. Jokainen vaihteisto k\u00e4y l\u00e4pi 100%-tarkastuksen ennen toimitusta virheett\u00f6m\u00e4n suorituskyvyn takaamiseksi.<\/li>\n<\/ol>\n<p>Olemme sitoutuneet tarjoamaan poikkeuksellisia malleja, ammattimaista laadunvalvontaa, kilpailukykyisi\u00e4 hintoja ja erinomaista asiakaspalvelua tarpeidesi t\u00e4ytt\u00e4miseksi.<\/p>\n<p><img loading=\"lazy\" decoding=\"async\" class=\"alignnone size-full wp-image-1994\" src=\"https:\/\/fmp-components.com\/wp-content\/uploads\/2024\/12\/Lawn-Mower-Gearbox-7.webp\" alt=\"Ruohonleikkurin vaihdelaatikko\" width=\"1502\" height=\"805\" title=\"\" srcset=\"https:\/\/fmp-components.com\/wp-content\/uploads\/2024\/12\/Lawn-Mower-Gearbox-7.webp 1502w, https:\/\/fmp-components.com\/wp-content\/uploads\/2024\/12\/Lawn-Mower-Gearbox-7-1280x686.webp 1280w, https:\/\/fmp-components.com\/wp-content\/uploads\/2024\/12\/Lawn-Mower-Gearbox-7-980x525.webp 980w, https:\/\/fmp-components.com\/wp-content\/uploads\/2024\/12\/Lawn-Mower-Gearbox-7-480x257.webp 480w\" sizes=\"(min-width: 0px) and (max-width: 480px) 480px, (min-width: 481px) and (max-width: 980px) 980px, (min-width: 981px) and (max-width: 1280px) 1280px, (min-width: 1281px) 1502px, 100vw\" \/><\/p>\n<h3>Tietoja FMP:st\u00e4<\/h3>\n<p>Italiassa p\u00e4\u00e4konttoriaan pit\u00e4v\u00e4 FMP on johtava maatalouskoneiden tehokkaisiin vaihteistoihin erikoistunut valmistaja. Tarkkuudesta, innovaatioista ja luotettavuudesta tunnettu FMP tarjoaa laajan valikoiman vaihteistoja, kuten ruohonleikkureiden vaihteistoja ja olennaisia \u200b\u200bkomponentteja, kuten nivelakseleita. Missiomme on tarjota r\u00e4\u00e4t\u00e4l\u00f6ityj\u00e4 ratkaisuja, jotka vastaavat maatalous- ja teollisuussektorin erityistarpeisiin, olipa kyseess\u00e4 sitten yksitt\u00e4iset tuotteet tai integroidut j\u00e4rjestelm\u00e4t.<\/p>\n<p>Ymm\u00e4rr\u00e4mme, ett\u00e4 jokaisella asiakkaalla on ainutlaatuiset vaatimukset, mink\u00e4 vuoksi olemme erinomaisia \u200b\u200b\u200b\u200br\u00e4\u00e4t\u00e4l\u00f6im\u00e4\u00e4n tuotteemme n\u00e4ihin tarpeisiin. Tarvitsetpa sitten erikoisvaihteiston tai kokonaisen j\u00e4rjestelm\u00e4n, teemme tiivist\u00e4 yhteisty\u00f6t\u00e4 kanssasi toimittaaksemme tehokkaimmat ja toimivimmat ratkaisut. Nopeat ja ammattimaiset vastauksemme yhdistettyn\u00e4 asiantuntevaan neuvontaan varmistavat, ett\u00e4 jokainen tiedustelu k\u00e4sitell\u00e4\u00e4n huolellisesti ja tarkasti.<\/p>\n<p>FMP:ll\u00e4 priorisoimme avointa viestint\u00e4\u00e4 ja yhteisty\u00f6t\u00e4, erityisesti uusia tuotteita kehitett\u00e4ess\u00e4. Tiimimme ty\u00f6skentelee asiakkaiden rinnalla ymm\u00e4rt\u00e4\u00e4kseen heid\u00e4n haasteitaan ja tarjotakseen n\u00e4kemyksi\u00e4, jotka johtavat optimaalisiin ratkaisuihin. Olemme sitoutuneet toimittamaan korkealaatuisia, tarkasti suunniteltuja tuotteita ajallaan, olipa kyseess\u00e4 sitten uusi kehityshanke tai olemassa olevat tilaukset.<\/p>\n<p>Laatu on FMP:n toiminnan ytimess\u00e4. Valmistusprosessimme noudattavat korkeimpia standardeja, mik\u00e4 varmistaa tarkkuuden ja virheett\u00f6myysprosentin. Tiukka laadunvalvonta takaa, ett\u00e4 jokainen tuote t\u00e4ytt\u00e4\u00e4 tai ylitt\u00e4\u00e4 alan standardit. T\u00e4m\u00e4 sitoutuminen laatuun yhdistettyn\u00e4 ydinarvoihimme, kuten rehellisyyteen, tiimity\u00f6h\u00f6n ja sinnikkyyteen, on mahdollistanut vahvojen asiakassuhteiden rakentamisen l\u00e4hes 30 maassa.<\/p>\n<p>FMP on aina avoin globaaleille kumppanuuksille ja tarjoaa asiantuntevaa neuvontaa ja r\u00e4\u00e4t\u00e4l\u00f6ityj\u00e4 ratkaisuja. L\u00e4hestymistapamme menee pelk\u00e4n tuotteiden toimittamisen edelle; pyrimme rakentamaan pitk\u00e4aikaisia \u200b\u200b\u200b\u200bsuhteita, jotka edist\u00e4v\u00e4t molemminpuolista menestyst\u00e4. Tarvitsetpa sitten uusia ratkaisuja tai tukea olemassa oleville j\u00e4rjestelmille, FMP on omistautunut ratkaisemaan tekniset haasteesi ja varmistamaan jatkuvan menestyksen.<\/p>\n<p><img loading=\"lazy\" decoding=\"async\" class=\"alignnone size-full wp-image-1861\" src=\"https:\/\/fmp-components.com\/wp-content\/uploads\/2024\/12\/Other-Agricultural-Gearboxes.webp\" sizes=\"(min-width: 0px) and (max-width: 480px) 480px, (min-width: 481px) and (max-width: 980px) 980px, (min-width: 981px) 1200px, 100vw\" srcset=\"https:\/\/fmp-components.com\/wp-content\/uploads\/2024\/12\/Other-Agricultural-Gearboxes.webp 1200w, https:\/\/fmp-components.com\/wp-content\/uploads\/2024\/12\/Other-Agricultural-Gearboxes-980x1143.webp 980w, https:\/\/fmp-components.com\/wp-content\/uploads\/2024\/12\/Other-Agricultural-Gearboxes-480x560.webp 480w\" alt=\"Altri-cambi-agricoli\" width=\"1200\" height=\"1400\" title=\"\"><\/p>\n<p>Tekij\u00e4: CX<\/p>","protected":false},"excerpt":{"rendered":"<p>Agricultural Lawn Mower Gearbox FMP-966109 Specification ITEM FMP-966109 Ratio 1:1.47\/1:1.93 Teeth 13\/19 14\/27 Module \u00a07.0 \/5.5 Power(HP) 60 Rated Input 540rpm Input\/Output Description \u00a01 3\/8 Z6\/1 3\/4 Z20 Optic ax1 Taper spline Weight(N.W) 29KG Lawn Mower Gearbox Parts Design Agricultural Lawnmower Gearbox Features Customizable Transmission Ratios: We offer a variety of transmission ratios tailored to [&hellip;]<\/p>","protected":false},"featured_media":1996,"comment_status":"open","ping_status":"closed","template":"","meta":{"_et_pb_use_builder":"","_et_pb_old_content":"","_et_gb_content_width":""},"product_brand":[],"product_cat":[52],"product_tag":[],"class_list":{"0":"post-1993","1":"product","2":"type-product","3":"status-publish","4":"has-post-thumbnail","6":"product_cat-lawn-mower-gearbox","8":"first","9":"instock","10":"shipping-taxable","11":"product-type-simple"},"_links":{"self":[{"href":"https:\/\/fmp-components.com\/fi\/wp-json\/wp\/v2\/product\/1993","targetHints":{"allow":["GET"]}}],"collection":[{"href":"https:\/\/fmp-components.com\/fi\/wp-json\/wp\/v2\/product"}],"about":[{"href":"https:\/\/fmp-components.com\/fi\/wp-json\/wp\/v2\/types\/product"}],"replies":[{"embeddable":true,"href":"https:\/\/fmp-components.com\/fi\/wp-json\/wp\/v2\/comments?post=1993"}],"wp:featuredmedia":[{"embeddable":true,"href":"https:\/\/fmp-components.com\/fi\/wp-json\/wp\/v2\/media\/1996"}],"wp:attachment":[{"href":"https:\/\/fmp-components.com\/fi\/wp-json\/wp\/v2\/media?parent=1993"}],"wp:term":[{"taxonomy":"product_brand","embeddable":true,"href":"https:\/\/fmp-components.com\/fi\/wp-json\/wp\/v2\/product_brand?post=1993"},{"taxonomy":"product_cat","embeddable":true,"href":"https:\/\/fmp-components.com\/fi\/wp-json\/wp\/v2\/product_cat?post=1993"},{"taxonomy":"product_tag","embeddable":true,"href":"https:\/\/fmp-components.com\/fi\/wp-json\/wp\/v2\/product_tag?post=1993"}],"curies":[{"name":"wp","href":"https:\/\/api.w.org\/{rel}","templated":true}]}}