{"id":1989,"date":"2024-12-26T08:28:11","date_gmt":"2024-12-26T08:28:11","guid":{"rendered":"https:\/\/fmp-components.com\/?page_id=8"},"modified":"2024-12-26T08:28:11","modified_gmt":"2024-12-26T08:28:11","slug":"fmp-40002-lawn-mower-gearbox","status":"publish","type":"product","link":"https:\/\/fmp-components.com\/fi\/product\/fmp-40002-lawn-mower-gearbox\/","title":{"rendered":"FMP-40002 ruohonleikkurin vaihdelaatikko"},"content":{"rendered":"<p><img loading=\"lazy\" decoding=\"async\" class=\"size-full wp-image-1991 aligncenter\" src=\"https:\/\/fmp-components.com\/wp-content\/uploads\/2024\/12\/fmp_agricultural-gearbox-HC-40002.webp\" alt=\"fmp_maatalouden-vaihteisto-HC-40002\" width=\"400\" height=\"400\" title=\"\" srcset=\"https:\/\/fmp-components.com\/wp-content\/uploads\/2024\/12\/fmp_agricultural-gearbox-HC-40002.webp 400w, https:\/\/fmp-components.com\/wp-content\/uploads\/2024\/12\/fmp_agricultural-gearbox-HC-40002-300x300.webp 300w, https:\/\/fmp-components.com\/wp-content\/uploads\/2024\/12\/fmp_agricultural-gearbox-HC-40002-150x150.webp 150w, https:\/\/fmp-components.com\/wp-content\/uploads\/2024\/12\/fmp_agricultural-gearbox-HC-40002-12x12.webp 12w, https:\/\/fmp-components.com\/wp-content\/uploads\/2024\/12\/fmp_agricultural-gearbox-HC-40002-100x100.webp 100w\" sizes=\"(max-width: 400px) 100vw, 400px\" \/><\/p>\n<h2>FMP-40002 ruohonleikkurin vaihteiston tekniset tiedot<\/h2>\n<p><img loading=\"lazy\" decoding=\"async\" class=\"alignnone  wp-image-1990\" src=\"https:\/\/fmp-components.com\/wp-content\/uploads\/2024\/12\/fmp_agricultural-gearbox-HC-40002-1.webp\" alt=\"fmp_maatalouden-vaihteisto-HC-40002\" width=\"849\" height=\"572\" title=\"\" srcset=\"https:\/\/fmp-components.com\/wp-content\/uploads\/2024\/12\/fmp_agricultural-gearbox-HC-40002-1.webp 849w, https:\/\/fmp-components.com\/wp-content\/uploads\/2024\/12\/fmp_agricultural-gearbox-HC-40002-1-480x323.webp 480w\" sizes=\"(min-width: 0px) and (max-width: 480px) 480px, (min-width: 481px) 849px, 100vw\" \/><\/p>\n<table style=\"width: 97.3284%; height: 220px;\" border=\"1\">\n<tbody>\n<tr>\n<td style=\"width: 27.852%;\">TUOTE<\/td>\n<td style=\"width: 71.5313%;\">40002 Ruohonleikkurin vaihdelaatikko<\/td>\n<\/tr>\n<tr>\n<td style=\"width: 27.852%;\">Suhde<\/td>\n<td style=\"width: 71.5313%;\">3.2:1\/3.77:1\/4.17:1<\/td>\n<\/tr>\n<tr>\n<td style=\"width: 27.852%;\">Hampaat<\/td>\n<td style=\"width: 71.5313%;\">15\/48 13\/49 12\/50<\/td>\n<\/tr>\n<tr>\n<td style=\"width: 27.852%;\">Moduuli<\/td>\n<td style=\"width: 71.5313%;\">15\/48 13\/49 12\/50<\/td>\n<\/tr>\n<tr>\n<td style=\"width: 27.852%;\">Teho (hv)<\/td>\n<td style=\"width: 71.5313%;\">85\/85\/85<\/td>\n<\/tr>\n<tr>\n<td style=\"width: 27.852%;\">Nimellistulo<\/td>\n<td style=\"width: 71.5313%;\">540 rpm<\/td>\n<\/tr>\n<tr>\n<td style=\"width: 27.852%;\">Tulon\/l\u00e4hd\u00f6n kuvaus<\/td>\n<td style=\"width: 71.5313%;\">\u00a01 3\/4 Z6<\/td>\n<\/tr>\n<tr>\n<td style=\"width: 27.852%;\">Paino (neulapaino)<\/td>\n<td style=\"width: 71.5313%;\">111 kg<\/td>\n<\/tr>\n<\/tbody>\n<\/table>\n<h2>FMP-40002 ruohonleikkurin vaihdelaatikon edut<\/h2>\n<p>FMP-40002-ruohonleikkurin vaihdelaatikko on tehokas, tarkasti suunniteltu komponentti, joka on suunniteltu optimoimaan maatalous- ja teollisuusruohonleikkureiden toimintaa. T\u00e4ss\u00e4 on joitakin FMP-40002-vaihteiston k\u00e4yt\u00f6n t\u00e4rkeimpi\u00e4 etuja:<\/p>\n<h3>Kest\u00e4vyys ja pitk\u00e4ik\u00e4isyys<\/h3>\n<ul>\n<li>Kest\u00e4v\u00e4 rakenne: FMP-40002 on valmistettu eritt\u00e4in lujista materiaaleista ja suunniteltu kest\u00e4m\u00e4\u00e4n ankaria olosuhteita ja raskasta k\u00e4ytt\u00f6\u00e4 varmistaen pitk\u00e4n k\u00e4ytt\u00f6i\u00e4n.<\/li>\n<li>Korroosionkest\u00e4vyys: Vaihteisto on suunniteltu kest\u00e4m\u00e4\u00e4n kulumista ja korroosiota, joten se sopii erinomaisesti pitk\u00e4aikaiseen ulkok\u00e4ytt\u00f6\u00f6n vaihtelevissa s\u00e4\u00e4olosuhteissa.<\/li>\n<\/ul>\n<h3>Korkea hy\u00f6tysuhde ja voimansiirto<\/h3>\n<ul>\n<li>Optimaalinen voimansiirto: FMP-40002 varmistaa tehokkaan voimansiirron moottorista ruohonleikkurin terille, mik\u00e4 tarjoaa tasaisen ja luotettavan suorituskyvyn k\u00e4yt\u00f6n aikana.<\/li>\n<li>Tarkka nopeudens\u00e4\u00e4t\u00f6: Se tuottaa tarvittavan v\u00e4\u00e4nt\u00f6momentin ja nopeuden parhaiden leikkaustulosten saavuttamiseksi jopa haastavissa ty\u00f6olosuhteissa.<\/li>\n<\/ul>\n<h3>Mukautusvaihtoehdot<\/h3>\n<ul>\n<li>R\u00e4\u00e4t\u00e4l\u00f6idyt ratkaisut: FMP:ll\u00e4 ymm\u00e4rr\u00e4mme, ett\u00e4 erilaiset ruohonleikkurit vaativat erityisi\u00e4 suorituskykyominaisuuksia. FMP-40002 voidaan r\u00e4\u00e4t\u00e4l\u00f6id\u00e4 vastaamaan ainutlaatuisia tarpeitasi, mukaan lukien ulostuloakseleiden, v\u00e4lityssuhteiden ja kiinnityskokoonpanojen s\u00e4\u00e4d\u00f6t.<\/li>\n<li>Mukautettava muotoilu: Vaihteisto voidaan mukauttaa erilaisiin ruohonleikkurimalleihin, mik\u00e4 varmistaa saumattoman yhteensopivuuden ja huipputehon.<\/li>\n<\/ul>\n<h3>Helppo huolto<\/h3>\n<ul>\n<li>V\u00e4h\u00e4inen huoltotarve: Luotettavaksi suunniteltu FMP-40002 vaatii vain v\u00e4h\u00e4n huoltoa, mik\u00e4 auttaa v\u00e4hent\u00e4m\u00e4\u00e4n seisokkiaikoja ja k\u00e4ytt\u00f6kustannuksia.<\/li>\n<li>K\u00e4ytt\u00e4j\u00e4yst\u00e4v\u00e4llinen: Vaihteiston yksinkertainen rakenne ja helppo asennus takaavat, ett\u00e4 k\u00e4ytt\u00e4j\u00e4t voivat nopeasti asentaa ja huoltaa sen minimaalisella teknisell\u00e4 asiantuntemuksella.<\/li>\n<\/ul>\n<h3>Kustannustehokkuus<\/h3>\n<ul>\n<li>Pitk\u00e4aikaiset s\u00e4\u00e4st\u00f6t: FMP-40002:n kest\u00e4vyys ja luotettavuus v\u00e4hent\u00e4v\u00e4t usein teht\u00e4vien korjausten ja osien vaihtojen tarvetta, mik\u00e4 tarjoaa pitk\u00e4n aikav\u00e4lin vastinetta investoinnillesi.<\/li>\n<li>Energiatehokkuus: Tehokas voimansiirto varmistaa alhaisemman energiankulutuksen ja auttaa v\u00e4hent\u00e4m\u00e4\u00e4n ruohonleikkurin k\u00e4ytt\u00f6kustannuksia.<\/li>\n<\/ul>\n<p>Yhteenvetona voidaan todeta, ett\u00e4 FMP-40002-ruohonleikkurin vaihdelaatikko erottuu edukseen kest\u00e4vyytens\u00e4, tehokkuutensa ja monipuolisuutensa ansiosta. Vaihteistoa voidaan r\u00e4\u00e4t\u00e4l\u00f6id\u00e4 erityistarpeisiin, joten se on ihanteellinen valinta ruohonleikkureiden suorituskyvyn parantamiseen sek\u00e4 maatalous- ett\u00e4 teollisuussovelluksissa.<\/p>\n<p><img loading=\"lazy\" decoding=\"async\" class=\"alignnone  wp-image-1992\" src=\"https:\/\/fmp-components.com\/wp-content\/uploads\/2024\/12\/Lawn-Mower-Gearbox-6.webp\" alt=\"Ruohonleikkurin vaihdelaatikko\" width=\"879\" height=\"646\" title=\"\" srcset=\"https:\/\/fmp-components.com\/wp-content\/uploads\/2024\/12\/Lawn-Mower-Gearbox-6.webp 879w, https:\/\/fmp-components.com\/wp-content\/uploads\/2024\/12\/Lawn-Mower-Gearbox-6-480x353.webp 480w\" sizes=\"(min-width: 0px) and (max-width: 480px) 480px, (min-width: 481px) 879px, 100vw\" \/><\/p>\n<h3>Tietoja FMP:st\u00e4<\/h3>\n<p>Italiassa sijaitseva FMP on johtava valmistaja, joka on erikoistunut maatalouskoneiden tehokkaiden vaihteistojen suunnitteluun, kehitt\u00e4miseen ja tuotantoon. Painotamme vahvasti tarkkuustekniikkaa, innovaatioita ja luotettavuutta, ja tarjoamme kattavan valikoiman vaihteistoja, mukaan lukien ruohonleikkureiden vaihteistot sek\u00e4 kriittiset komponentit, kuten nivelakselit. Missiomme on toimittaa r\u00e4\u00e4t\u00e4l\u00f6ityj\u00e4 ratkaisuja, jotka vastaavat maatalous- ja teollisuussektorin erityistarpeisiin, tarjoten sek\u00e4 itsen\u00e4isi\u00e4 tuotteita ett\u00e4 t\u00e4ysin integroituja j\u00e4rjestelmi\u00e4.<\/p>\n<p>FMP:ll\u00e4 ymm\u00e4rr\u00e4mme, ett\u00e4 jokaisella asiakkaalla on ainutlaatuiset vaatimukset, mink\u00e4 vuoksi olemme erinomaisia \u200b\u200b\u200b\u200br\u00e4\u00e4t\u00e4l\u00f6im\u00e4\u00e4n tuotteemme t\u00e4ydellisesti vastaamaan n\u00e4ihin tarpeisiin. Tarvitsetpa sitten erikoisvaihteistoa tai kokonaisvaltaista j\u00e4rjestelm\u00e4\u00e4, teemme tiivist\u00e4 yhteisty\u00f6t\u00e4 kanssasi kehitt\u00e4\u00e4ksemme tehokkaimman ja toimivimman ratkaisun. Sitoutumisemme asiakastyytyv\u00e4isyyteen n\u00e4kyy nopeina ja ammattimaisina vastauksinamme ja asiantuntevana ohjauksenamme, mik\u00e4 varmistaa, ett\u00e4 jokainen tiedustelu k\u00e4sitell\u00e4\u00e4n tarkasti ja huolellisesti.<\/p>\n<p>Uskomme avoimen ja jatkuvan viestinn\u00e4n yll\u00e4pit\u00e4miseen asiakkaidemme kanssa, erityisesti uusien tuotteiden kehitt\u00e4misen aikana. Omistautunut tiimimme tekee tiivist\u00e4 yhteisty\u00f6t\u00e4 asiakkaiden kanssa ymm\u00e4rt\u00e4\u00e4kseen heid\u00e4n erityishaasteitaan ja tarjotakseen arvokasta tietoa, joka johtaa optimaalisiin ratkaisuihin. Olipa kyseess\u00e4 uusien tuotteiden kehitt\u00e4minen tai olemassa olevien tilausten t\u00e4ytt\u00e4minen, olemme sitoutuneet toimittamaan korkealaatuisia, tarkasti suunniteltuja tuotteita nopeasti ja tehokkaasti.<\/p>\n<p>FMP:ll\u00e4 laatu on kaiken toimintamme perusta. Valmistusprosessimme noudattavat korkeimpia standardeja, mik\u00e4 takaa tarkkuuden ja virheett\u00f6myysperiaatteen. Toteutamme tiukkoja laadunvalvontatoimenpiteit\u00e4 varmistaaksemme, ett\u00e4 jokainen tuote t\u00e4ytt\u00e4\u00e4 tai ylitt\u00e4\u00e4 alan standardit. T\u00e4m\u00e4 tinkim\u00e4t\u00f6n keskittyminen laatuun yhdistettyn\u00e4 ydinarvoihimme, kuten rehellisyyteen, tiimity\u00f6h\u00f6n ja sinnikkyyteen, on mahdollistanut vahvojen ja kest\u00e4vien asiakassuhteiden rakentamisen l\u00e4hes 30 maassa maailmanlaajuisesti.<\/p>\n<p>FMP on aina avoin globaalien kumppanuuksien luomiselle ja sitoutunut tarjoamaan asiantuntevaa neuvontaa ja r\u00e4\u00e4t\u00e4l\u00f6ityj\u00e4 ratkaisuja. L\u00e4hestymistapamme ulottuu pelk\u00e4n tuotteiden toimittamisen ulkopuolelle \u2013 pyrimme rakentamaan pitk\u00e4aikaisia \u200b\u200b\u200b\u200bsuhteita asiakkaidemme kanssa ja varmistamaan heid\u00e4n menestyksens\u00e4 jokaisessa projektissa. Tarvitsetpa ratkaisuja uuteen aloitteeseen tai tukea olemassa olevalle j\u00e4rjestelm\u00e4lle, FMP on omistautunut vastaamaan teknisiin haasteisiisi ja auttamaan sinua saavuttamaan jatkuvaa menestyst\u00e4.<\/p>\n<p><img loading=\"lazy\" decoding=\"async\" class=\"alignnone size-full wp-image-1861\" src=\"https:\/\/fmp-components.com\/wp-content\/uploads\/2024\/12\/Other-Agricultural-Gearboxes.webp\" sizes=\"(min-width: 0px) and (max-width: 480px) 480px, (min-width: 481px) and (max-width: 980px) 980px, (min-width: 981px) 1200px, 100vw\" srcset=\"https:\/\/fmp-components.com\/wp-content\/uploads\/2024\/12\/Other-Agricultural-Gearboxes.webp 1200w, https:\/\/fmp-components.com\/wp-content\/uploads\/2024\/12\/Other-Agricultural-Gearboxes-980x1143.webp 980w, https:\/\/fmp-components.com\/wp-content\/uploads\/2024\/12\/Other-Agricultural-Gearboxes-480x560.webp 480w\" alt=\"Altri-cambi-agricoli\" width=\"1200\" height=\"1400\" title=\"\"><\/p>\n<p>Tekij\u00e4: CX<\/p>\n<p>&nbsp;<\/p>","protected":false},"excerpt":{"rendered":"<p>FMP-40002 Lawn Mower Gearbox Specification ITEM 40002 Lawn mower gearbox Ratio 3.2:1\/3.77:1\/4.17:1 Teeth 15\/48 13\/49 12\/50 Module 15\/48 13\/49 12\/50 Power\uff08HP\uff09 85\/85\/85 Rated Input 540rpm Input\/Output description \u00a01 3\/4 Z6 Weight\uff08N.W\uff09 111Kg Advantages of FMP-40002 Lawn Mower Gearbox The FMP-40002 Lawn Mower Gearbox is a high-performance, precision-engineered component designed to optimize the operation of agricultural [&hellip;]<\/p>","protected":false},"featured_media":1991,"comment_status":"open","ping_status":"closed","template":"","meta":{"_et_pb_use_builder":"","_et_pb_old_content":"","_et_gb_content_width":""},"product_brand":[],"product_cat":[52],"product_tag":[],"class_list":{"0":"post-1989","1":"product","2":"type-product","3":"status-publish","4":"has-post-thumbnail","6":"product_cat-lawn-mower-gearbox","8":"first","9":"instock","10":"shipping-taxable","11":"product-type-simple"},"_links":{"self":[{"href":"https:\/\/fmp-components.com\/fi\/wp-json\/wp\/v2\/product\/1989","targetHints":{"allow":["GET"]}}],"collection":[{"href":"https:\/\/fmp-components.com\/fi\/wp-json\/wp\/v2\/product"}],"about":[{"href":"https:\/\/fmp-components.com\/fi\/wp-json\/wp\/v2\/types\/product"}],"replies":[{"embeddable":true,"href":"https:\/\/fmp-components.com\/fi\/wp-json\/wp\/v2\/comments?post=1989"}],"wp:featuredmedia":[{"embeddable":true,"href":"https:\/\/fmp-components.com\/fi\/wp-json\/wp\/v2\/media\/1991"}],"wp:attachment":[{"href":"https:\/\/fmp-components.com\/fi\/wp-json\/wp\/v2\/media?parent=1989"}],"wp:term":[{"taxonomy":"product_brand","embeddable":true,"href":"https:\/\/fmp-components.com\/fi\/wp-json\/wp\/v2\/product_brand?post=1989"},{"taxonomy":"product_cat","embeddable":true,"href":"https:\/\/fmp-components.com\/fi\/wp-json\/wp\/v2\/product_cat?post=1989"},{"taxonomy":"product_tag","embeddable":true,"href":"https:\/\/fmp-components.com\/fi\/wp-json\/wp\/v2\/product_tag?post=1989"}],"curies":[{"name":"wp","href":"https:\/\/api.w.org\/{rel}","templated":true}]}}