{"id":1983,"date":"2024-12-26T07:51:14","date_gmt":"2024-12-26T07:51:14","guid":{"rendered":"https:\/\/fmp-components.com\/?page_id=8"},"modified":"2024-12-30T02:49:27","modified_gmt":"2024-12-30T02:49:27","slug":"fmp-ag135-lawnmower-135-deg-gearbox-11-for-agricultural","status":"publish","type":"product","link":"https:\/\/fmp-components.com\/fi\/product\/fmp-ag135-lawnmower-135-deg-gearbox-11-for-agricultural\/","title":{"rendered":"FMP-AG135 Ruohonleikkuri 135 asteen vaihteisto 1:1 maatalousk\u00e4ytt\u00f6\u00f6n"},"content":{"rendered":"<h2>FMP-AG135 Ruohonleikkuri 135 asteen vaihteisto 1:1 maatalousk\u00e4ytt\u00f6\u00f6n<\/h2>\n<p><img loading=\"lazy\" decoding=\"async\" class=\"alignnone wp-image-1984\" src=\"https:\/\/fmp-components.com\/wp-content\/uploads\/2024\/12\/fmp_agricultural-gearbox-HC-AG135-1.webp\" alt=\"fmp_maatalouden-vaihteisto-HC-AG135\" width=\"919\" height=\"548\" title=\"\" srcset=\"https:\/\/fmp-components.com\/wp-content\/uploads\/2024\/12\/fmp_agricultural-gearbox-HC-AG135-1.webp 919w, https:\/\/fmp-components.com\/wp-content\/uploads\/2024\/12\/fmp_agricultural-gearbox-HC-AG135-1-480x286.webp 480w\" sizes=\"(min-width: 0px) and (max-width: 480px) 480px, (min-width: 481px) 919px, 100vw\" \/><\/p>\n<table style=\"width: 99.0594%; height: 184px;\" border=\"1\">\n<tbody>\n<tr style=\"height: 23px;\">\n<td style=\"height: 23px;\">TUOTE<\/td>\n<td style=\"height: 23px;\">FMP-AG135 135 asteen vaihteisto<\/td>\n<\/tr>\n<tr style=\"height: 23px;\">\n<td style=\"height: 23px;\">Suhde<\/td>\n<td style=\"height: 23px;\">1:1<\/td>\n<\/tr>\n<tr style=\"height: 23px;\">\n<td style=\"height: 23px;\">Hampaat<\/td>\n<td style=\"height: 23px;\">20\/20<\/td>\n<\/tr>\n<tr style=\"height: 23px;\">\n<td style=\"height: 23px;\">Moduuli<\/td>\n<td style=\"height: 23px;\">6.0<\/td>\n<\/tr>\n<tr style=\"height: 23px;\">\n<td style=\"height: 23px;\">Teho (hv)<\/td>\n<td style=\"height: 23px;\">50<\/td>\n<\/tr>\n<tr style=\"height: 23px;\">\n<td style=\"height: 23px;\">Nimellistulo<\/td>\n<td style=\"height: 23px;\">540 rpm<\/td>\n<\/tr>\n<tr style=\"height: 23px;\">\n<td style=\"height: 23px;\">Tulon\/l\u00e4hd\u00f6n kuvaus<\/td>\n<td style=\"height: 23px;\">\u00a01 3\/8 Z6 Kartiopohjainen tasakierteinen ura-akseli<\/td>\n<\/tr>\n<tr style=\"height: 23px;\">\n<td style=\"height: 23px;\">Paino (neulapaino)<\/td>\n<td style=\"height: 23px;\">16,5 kg<\/td>\n<\/tr>\n<\/tbody>\n<\/table>\n<h3>Ruohonleikkurin vaihdelaatikon ominaisuudet<\/h3>\n<p>Ruohonleikkureiden vaihteistot ovat olennaisia \u200b\u200bosia, jotka py\u00f6ritt\u00e4v\u00e4t leikkuuteri\u00e4 ja varmistavat leikkurin tehokkaan ja tasaisen toiminnan. T\u00e4ss\u00e4 ovat t\u00e4rkeimm\u00e4t ominaisuudet, jotka tekev\u00e4t n\u00e4ist\u00e4 vaihteistoista tehokkaita ja luotettavia erilaisissa leikkuuteht\u00e4viss\u00e4:<\/p>\n<h4>Kest\u00e4vyys ja kest\u00e4vyys<\/h4>\n<p>Ruohonleikkureiden vaihteistot on suunniteltu kest\u00e4m\u00e4\u00e4n ulkoymp\u00e4rist\u00f6iss\u00e4 vaadittavia raskaita kuormia ja jatkuvaa k\u00e4ytt\u00f6\u00e4. Ne on valmistettu korkealaatuisista materiaaleista, kuten karkaistusta ter\u00e4ksest\u00e4, ja ne on rakennettu kest\u00e4m\u00e4\u00e4n kulutusta ja repeytymist\u00e4, mik\u00e4 varmistaa pitk\u00e4aikaisen luotettavuuden my\u00f6s ankarissa olosuhteissa.<\/p>\n<h4>Tarkkuusvaihteiden suunnittelu<\/h4>\n<p>N\u00e4iss\u00e4 vaihteistoissa on tarkasti suunnitellut hammaspy\u00f6r\u00e4t, jotka takaavat tasaisen ja tehokkaan voimansiirron leikkurin terille. Tarkka rakenne minimoi kitkan, mik\u00e4 v\u00e4hent\u00e4\u00e4 energiah\u00e4vi\u00f6t\u00e4 ja parantaa leikkuuj\u00e4rjestelm\u00e4n suorituskyky\u00e4, mik\u00e4 johtaa siistimp\u00e4\u00e4n leikkaukseen ja pienemp\u00e4\u00e4n polttoaineenkulutukseen.<\/p>\n<h4>Suuri v\u00e4\u00e4nt\u00f6momentti<\/h4>\n<p>Ruohonleikkureiden vaihteistot on suunniteltu k\u00e4sittelem\u00e4\u00e4n suuria v\u00e4\u00e4nt\u00f6momentteja, joita tarvitaan leikkurin terien tehokkaaseen k\u00e4ytt\u00e4miseen. Olipa kyseess\u00e4 py\u00f6r\u00f6leikkurit tai teollisuusluokan mallit, n\u00e4m\u00e4 vaihteistot voivat siirt\u00e4\u00e4 tarvittavan tehon tehokkaasti, jolloin ter\u00e4t leikkaavat paksun ruohon, rikkaruohot ja muun kovan kasvillisuuden.<\/p>\n<h4>Kompakti ja kevyt<\/h4>\n<p>Vahvuudestaan \u200b\u200bja kest\u00e4vyydest\u00e4\u00e4n huolimatta ruohonleikkureiden vaihteistot on suunniteltu kompakteiksi ja kevyiksi. T\u00e4m\u00e4 helpottaa niiden asentamista, huoltoa ja k\u00e4ytt\u00f6\u00e4 lis\u00e4\u00e4m\u00e4tt\u00e4 laitteiden painoa tarpeettomasti, mik\u00e4 voi parantaa ohjattavuutta ja polttoainetehokkuutta.<\/p>\n<h4>Korroosion- ja s\u00e4\u00e4nkest\u00e4vyys<\/h4>\n<p>Koska ruohonleikkureita k\u00e4ytet\u00e4\u00e4n tyypillisesti ulkona, vaihteistoissa on ruostetta ja korroosiota est\u00e4vi\u00e4 ominaisuuksia. Monet ruohonleikkureiden vaihteistot on k\u00e4sitelty suojapinnoitteilla tai valmistettu korroosionkest\u00e4vist\u00e4 materiaaleista optimaalisen suorituskyvyn varmistamiseksi vaihtelevissa s\u00e4\u00e4olosuhteissa, kuten sateessa, kosteudessa ja \u00e4\u00e4rimm\u00e4isiss\u00e4 l\u00e4mp\u00f6tiloissa.<\/p>\n<p>Ruohonleikkureiden vaihteistot yhdist\u00e4v\u00e4t lujuuden, tarkkuuden ja tehokkuuden leikkuuj\u00e4rjestelmien tehokkaaseen k\u00e4ytt\u00f6\u00f6n. Ne on suunniteltu kest\u00e4viksi, v\u00e4h\u00e4isen huollon vaativiksi ja tehokkaiksi, mik\u00e4 tekee niist\u00e4 olennaisen osan nykyaikaisia \u200b\u200bruohonleikkuulaitteita. Olipa kyseess\u00e4 sitten kotitalous- tai kaupallinen k\u00e4ytt\u00f6, oikea vaihteisto varmistaa optimaalisen leikkuutehon ja laitteen pitk\u00e4n k\u00e4ytt\u00f6i\u00e4n.<\/p>\n<p><img loading=\"lazy\" decoding=\"async\" class=\"alignnone wp-image-1985\" src=\"https:\/\/fmp-components.com\/wp-content\/uploads\/2024\/12\/Lawn-Mower-Gearbox-1-1.webp\" alt=\"Ruohonleikkurin vaihdelaatikko\" width=\"943\" height=\"630\" title=\"\" srcset=\"https:\/\/fmp-components.com\/wp-content\/uploads\/2024\/12\/Lawn-Mower-Gearbox-1-1.webp 943w, https:\/\/fmp-components.com\/wp-content\/uploads\/2024\/12\/Lawn-Mower-Gearbox-1-1-480x321.webp 480w\" sizes=\"(min-width: 0px) and (max-width: 480px) 480px, (min-width: 481px) 943px, 100vw\" \/><\/p>\n<h3>Tietoja FMP:st\u00e4<\/h3>\n<p>Italiassa sijaitseva FMP on johtava valmistaja, joka on erikoistunut maatalouskoneiden tehokkaiden vaihteistojen suunnitteluun, kehitt\u00e4miseen ja tuotantoon. Tarkkuudestamme, innovaatioistamme ja luotettavuudestamme tunnettu yritys tarjoaa kattavan valikoiman vaihteistoja, mukaan lukien ruohonleikkureiden vaihteistot, sek\u00e4 t\u00e4rkeit\u00e4 komponentteja, kuten nivelakseleita. Missiomme on toimittaa r\u00e4\u00e4t\u00e4l\u00f6ityj\u00e4 ratkaisuja, jotka vastaavat sek\u00e4 maatalous- ett\u00e4 teollisuussektorin erityistarpeisiin, olipa kyseess\u00e4 sitten yksitt\u00e4iset tuotteet tai t\u00e4ysin integroidut j\u00e4rjestelm\u00e4t.<\/p>\n<p>FMP:ll\u00e4 ymm\u00e4rr\u00e4mme, ett\u00e4 jokaisella asiakkaalla on ainutlaatuiset vaatimukset, ja t\u00e4m\u00e4 ohjaa meit\u00e4 r\u00e4\u00e4t\u00e4l\u00f6im\u00e4\u00e4n tuotteemme niiden mukaisesti. Tarvitsetpa sitten erikoisvaihteiston tai kokonaisen j\u00e4rjestelm\u00e4n, teemme tiivist\u00e4 yhteisty\u00f6t\u00e4 kanssasi tarjotaksemme tehokkaimman ja toimivimman ratkaisun. Olemme ylpeit\u00e4 voidessamme vastata nopeasti ja ammattimaisesti varmistaen, ett\u00e4 jokaiseen tiedusteluun vastataan \u00e4\u00e4rimm\u00e4isell\u00e4 asiantuntemuksella ja yksityiskohtia my\u00f6ten.<\/p>\n<p>Avoin viestint\u00e4 ja yhteisty\u00f6 ovat olennaisia \u200b\u200bl\u00e4hestymistavallemme, erityisesti uusien tuotteiden kehitt\u00e4misess\u00e4. Tiimimme ty\u00f6skentelee k\u00e4si k\u00e4dess\u00e4 asiakkaiden kanssa ymm\u00e4rt\u00e4\u00e4kseen perusteellisesti heid\u00e4n haasteensa ja tarjotakseen arvokasta tietoa, joka johtaa optimaalisiin ratkaisuihin. Uusien tuotteiden kehitt\u00e4misest\u00e4 olemassa olevien tilausten t\u00e4ytt\u00e4miseen olemme sitoutuneet toimittamaan korkealaatuisia, tarkasti suunniteltuja tuotteita nopeasti ja tarkasti.<\/p>\n<p>Laatu on kaiken toimintamme ytimess\u00e4. Valmistusprosessimme perustuvat korkeiden standardien, tarkkuuden ja virheett\u00f6myyden periaatteisiin. Toteutamme tiukkoja laadunvalvontatoimenpiteit\u00e4 varmistaaksemme, ett\u00e4 jokainen tuote ylitt\u00e4\u00e4 alan standardit. T\u00e4m\u00e4 vankkumaton keskittyminen laatuun yhdistettyn\u00e4 arvoihimme, kuten rehellisyyteen, tiimity\u00f6h\u00f6n ja sinnikkyyteen, on mahdollistanut kest\u00e4vien asiakassuhteiden rakentamisen l\u00e4hes 30 maassa maailmanlaajuisesti.<\/p>\n<p>FMP on aina avoin globaaleille kumppanuuksille ja sitoutunut tarjoamaan asiantuntevaa neuvontaa ja r\u00e4\u00e4t\u00e4l\u00f6ityj\u00e4 ratkaisuja. Filosofiamme ulottuu pelk\u00e4n tuotteiden toimittamisen edelle \u2013 kyse on pitk\u00e4aikaisten suhteiden rakentamisesta, jotka varmistavat molemminpuolisen menestyksen. Tarvitsetpa ratkaisuja uuteen projektiin tai tukea olemassa olevalle j\u00e4rjestelm\u00e4lle, FMP on omistautunut vastaamaan teknisiin haasteisiisi ja varmistamaan jatkuvan menestyksesi.<\/p>\n<p><img loading=\"lazy\" decoding=\"async\" class=\"alignnone size-full wp-image-1861\" src=\"https:\/\/fmp-components.com\/wp-content\/uploads\/2024\/12\/Other-Agricultural-Gearboxes.webp\" sizes=\"(min-width: 0px) and (max-width: 480px) 480px, (min-width: 481px) and (max-width: 980px) 980px, (min-width: 981px) 1200px, 100vw\" srcset=\"https:\/\/fmp-components.com\/wp-content\/uploads\/2024\/12\/Other-Agricultural-Gearboxes.webp 1200w, https:\/\/fmp-components.com\/wp-content\/uploads\/2024\/12\/Other-Agricultural-Gearboxes-980x1143.webp 980w, https:\/\/fmp-components.com\/wp-content\/uploads\/2024\/12\/Other-Agricultural-Gearboxes-480x560.webp 480w\" alt=\"Altri-cambi-agricoli\" width=\"1200\" height=\"1400\" title=\"\"><\/p>\n<p>Tekij\u00e4: CX<\/p>","protected":false},"excerpt":{"rendered":"<p>FMP-AG135 Lawnmower 135 deg gearbox 1:1 for Agricultural Specification ITEM FMP-AG135 135 deg gearbox Ratio 1:1 Teeth 20\/20 Module 6.0 Power\uff08HP\uff09 50 Rated Input 540rpm Input\/Output description \u00a01 3\/8 Z6 Cone base aequilate Spline Shaft Weight\uff08N.W\uff09 16.5Kg Features of Lawn Mower Gearbox Lawn mower gearboxes are essential components that drive the cutting blades, ensuring efficient [&hellip;]<\/p>","protected":false},"featured_media":2078,"comment_status":"open","ping_status":"closed","template":"","meta":{"_et_pb_use_builder":"","_et_pb_old_content":"","_et_gb_content_width":""},"product_brand":[],"product_cat":[52],"product_tag":[],"class_list":{"0":"post-1983","1":"product","2":"type-product","3":"status-publish","4":"has-post-thumbnail","6":"product_cat-lawn-mower-gearbox","8":"first","9":"instock","10":"shipping-taxable","11":"product-type-simple"},"_links":{"self":[{"href":"https:\/\/fmp-components.com\/fi\/wp-json\/wp\/v2\/product\/1983","targetHints":{"allow":["GET"]}}],"collection":[{"href":"https:\/\/fmp-components.com\/fi\/wp-json\/wp\/v2\/product"}],"about":[{"href":"https:\/\/fmp-components.com\/fi\/wp-json\/wp\/v2\/types\/product"}],"replies":[{"embeddable":true,"href":"https:\/\/fmp-components.com\/fi\/wp-json\/wp\/v2\/comments?post=1983"}],"wp:featuredmedia":[{"embeddable":true,"href":"https:\/\/fmp-components.com\/fi\/wp-json\/wp\/v2\/media\/2078"}],"wp:attachment":[{"href":"https:\/\/fmp-components.com\/fi\/wp-json\/wp\/v2\/media?parent=1983"}],"wp:term":[{"taxonomy":"product_brand","embeddable":true,"href":"https:\/\/fmp-components.com\/fi\/wp-json\/wp\/v2\/product_brand?post=1983"},{"taxonomy":"product_cat","embeddable":true,"href":"https:\/\/fmp-components.com\/fi\/wp-json\/wp\/v2\/product_cat?post=1983"},{"taxonomy":"product_tag","embeddable":true,"href":"https:\/\/fmp-components.com\/fi\/wp-json\/wp\/v2\/product_tag?post=1983"}],"curies":[{"name":"wp","href":"https:\/\/api.w.org\/{rel}","templated":true}]}}