{"id":1962,"date":"2024-12-26T03:46:41","date_gmt":"2024-12-26T03:46:41","guid":{"rendered":"https:\/\/fmp-components.com\/?page_id=8"},"modified":"2024-12-26T03:48:03","modified_gmt":"2024-12-26T03:48:03","slug":"agricultural-lawn-mower-gearbox-fmp-lf211","status":"publish","type":"product","link":"https:\/\/fmp-components.com\/fi\/product\/agricultural-lawn-mower-gearbox-fmp-lf211\/","title":{"rendered":"Maatalouden ruohonleikkurin vaihdelaatikko FMP-LF211"},"content":{"rendered":"<h2>Maatalouden ruohonleikkurin vaihteisto FMP-LF211 Tekniset tiedot:<\/h2>\n<p>&nbsp;<\/p>\n<p><img loading=\"lazy\" decoding=\"async\" class=\"alignnone size-full wp-image-1963\" src=\"https:\/\/fmp-components.com\/wp-content\/uploads\/2024\/12\/Lawn-Mower-Gearbox-2.webp\" alt=\"Ruohonleikkurin vaihdelaatikko\" width=\"1000\" height=\"500\" title=\"\" srcset=\"https:\/\/fmp-components.com\/wp-content\/uploads\/2024\/12\/Lawn-Mower-Gearbox-2.webp 1000w, https:\/\/fmp-components.com\/wp-content\/uploads\/2024\/12\/Lawn-Mower-Gearbox-2-980x490.webp 980w, https:\/\/fmp-components.com\/wp-content\/uploads\/2024\/12\/Lawn-Mower-Gearbox-2-480x240.webp 480w\" sizes=\"(min-width: 0px) and (max-width: 480px) 480px, (min-width: 481px) and (max-width: 980px) 980px, (min-width: 981px) 1000px, 100vw\" \/><\/p>\n<table style=\"width: 102.595%; height: 206px;\" border=\"1\">\n<tbody>\n<tr>\n<td style=\"width: 32.2105%;\"><strong>TUOTE<\/strong><\/td>\n<td style=\"width: 67.0526%;\">FMP-LF211<\/td>\n<\/tr>\n<tr>\n<td style=\"width: 32.2105%;\"><strong>Suhde<\/strong><\/td>\n<td style=\"width: 67.0526%;\">1:2.83<\/td>\n<\/tr>\n<tr>\n<td style=\"width: 32.2105%;\"><strong>Hampaat<\/strong><\/td>\n<td style=\"width: 67.0526%;\">34\/12<\/td>\n<\/tr>\n<tr>\n<td style=\"width: 32.2105%;\"><strong>Moduuli<\/strong><\/td>\n<td style=\"width: 67.0526%;\">3.36<\/td>\n<\/tr>\n<tr>\n<td style=\"width: 32.2105%;\"><strong>Teho (hv)<\/strong><\/td>\n<td style=\"width: 67.0526%;\">20<\/td>\n<\/tr>\n<tr>\n<td style=\"width: 32.2105%;\"><strong>Nimellistulo<\/strong><\/td>\n<td style=\"width: 67.0526%;\">540 rpm<\/td>\n<\/tr>\n<tr>\n<td style=\"width: 32.2105%;\"><strong>Tulon\/l\u00e4hd\u00f6n kuvaus<\/strong><\/td>\n<td style=\"width: 67.0526%;\">1-3\/8 Z6 Optinen akseli<\/td>\n<\/tr>\n<tr>\n<td style=\"width: 32.2105%;\"><strong>Paino (NW)<\/strong><\/td>\n<td style=\"width: 67.0526%;\">14,5 kg<\/td>\n<\/tr>\n<\/tbody>\n<\/table>\n<h2>Maatalouden ruohonleikkurin vaihdelaatikon nivelakseli<\/h2>\n<p>Voimanottoakseli on ratkaiseva osa traktorin tai muun voimanl\u00e4hteen kytkemisess\u00e4 maatalouden ruohonleikkurin vaihteistoon. Sill\u00e4 on olennainen rooli mekaanisen voiman siirt\u00e4misess\u00e4 traktorin moottorista leikkurin leikkuuteriin, mik\u00e4 mahdollistaa tehokkaan toiminnan. FMP:ll\u00e4 tarjoamme laajan valikoiman korkealaatuisia voimanottoakseleita, jotka on suunniteltu toimimaan saumattomasti maatalouden ruohonleikkureiden vaihteistojen kanssa varmistaen optimaalisen suorituskyvyn ja luotettavuuden.<\/p>\n<h3>Ruohonleikkureiden vaihteistojen FMP-nivelakseleiden t\u00e4rkeimm\u00e4t ominaisuudet:<\/h3>\n<ol>\n<li><strong>Kest\u00e4vyys ja lujuus<\/strong><br \/>\nFMP-nivelakselit on valmistettu kest\u00e4m\u00e4\u00e4n ja valmistettu korkealaatuisista materiaaleista, kuten ter\u00e4ksest\u00e4, kest\u00e4m\u00e4\u00e4n raskaiden maataloust\u00f6iden rasitukset. K\u00e4ytettiinp\u00e4 niit\u00e4 sitten py\u00f6r\u00f6leikkureissa, ruohonleikkureissa tai muissa maatalouslaitteissa, nivelakselimme tarjoavat pitk\u00e4aikaista luotettavuutta ja minimoivat kulumisen.<\/li>\n<li><strong>Korkea suorituskyky<\/strong><br \/>\nVoimansiirtoakselimme on suunniteltu tehokasta voimansiirtoa varten, mik\u00e4 varmistaa, ett\u00e4 leikkurin ter\u00e4t py\u00f6riv\u00e4t oikealla nopeudella ja v\u00e4\u00e4nt\u00f6momentilla tehokkaan leikkuun takaamiseksi. T\u00e4m\u00e4 tasainen suorituskyky on elint\u00e4rke\u00e4\u00e4 optimaalisten leikkuutulosten saavuttamiseksi my\u00f6s haastavissa olosuhteissa.<\/li>\n<li><strong>Mukautusvaihtoehdot<\/strong><br \/>\nFMP:ll\u00e4 ymm\u00e4rr\u00e4mme, ett\u00e4 erilaiset sovellukset vaativat erilaisia \u200b\u200bratkaisuja. Tarjoamme r\u00e4\u00e4t\u00e4l\u00f6ityj\u00e4 nivelakseleita vastaamaan erityistarpeita, mukaan lukien pituuden, v\u00e4\u00e4nt\u00f6momentin ja kytkent\u00e4tyyppien s\u00e4\u00e4d\u00f6t. Tiimimme tekee tiivist\u00e4 yhteisty\u00f6t\u00e4 asiakkaiden kanssa varmistaakseen, ett\u00e4 nivelakseli sopii t\u00e4ydellisesti heid\u00e4n laitteisiinsa ja tarjoaa huipputehon.<\/li>\n<li><strong>Turvallisuus ja helppok\u00e4ytt\u00f6isyys<\/strong><br \/>\nTurvallisuus on maatalouskoneissa etusijalla. FMP-nivelakseleissa on turvaominaisuudet, kuten vapaakytkimet ja muut mekanismit, jotka est\u00e4v\u00e4t vaurioita, kun nivelakseli irtoaa. Ne on my\u00f6s helppo asentaa ja huoltaa, mik\u00e4 tarjoaa mukavuutta kuljettajille.<\/li>\n<li><strong>Monipuolisuus<\/strong><br \/>\nNivelakselimme sopivat laajaan valikoimaan ruohonleikkureiden vaihteistoja ja maatalouskoneita. Etsitp\u00e4 sitten vakionivelakselia tai r\u00e4\u00e4t\u00e4l\u00f6ity\u00e4 ratkaisua, FMP tarjoaa tuotteita, jotka sopivat erilaisiin ruohonleikkurimalleihin pienimuotoisesta toiminnasta suuriin teollisuusk\u00e4ytt\u00f6\u00f6n.<\/li>\n<li><strong>Kustannustehokas<\/strong><br \/>\nTarjoamalla kest\u00e4vi\u00e4 ja tehokkaita nivelakseleita FMP auttaa v\u00e4hent\u00e4m\u00e4\u00e4n seisokkiaikoja ja korjauskustannuksia varmistaen, ett\u00e4 maatalouskoneesi toimii sujuvasti ja tehokkaasti. Kilpailukykyinen hinnoittelumme varmistaa, ett\u00e4 saat parhaan vastineen investoinnillesi.<\/li>\n<\/ol>\n<h3>Miksi valita FMP-nivelakselit ruohonleikkurin vaihteistoon?<\/h3>\n<ul>\n<li><strong>Laadunvarmistus:<\/strong> FMP on sitoutunut yll\u00e4pit\u00e4m\u00e4\u00e4n korkeimpia laatustandardeja jokaisessa valmistamassaan tuotteessa varmistaakseen, ett\u00e4 nivelakselisi toimii optimaalisesti ajan my\u00f6t\u00e4.<\/li>\n<li><strong>Mukauttaminen ja tuki:<\/strong> Tarjoamme asiantuntevaa neuvontaa ja r\u00e4\u00e4t\u00e4l\u00f6it\u00e4vi\u00e4 ratkaisuja, jotka vastaavat koneesi ja toimintasi erityistarpeisiin.<\/li>\n<li><strong>Maailmanlaajuinen ulottuvuus:<\/strong> FMP:ll\u00e4 on asiakkaita l\u00e4hes 30 maassa, ja se on ansainnut maineen luotettavien ja tehokkaiden komponenttien toimittajana maataloussektorille.<\/li>\n<\/ul>\n<p>Jos haluat lis\u00e4tietoja tai tiedustella r\u00e4\u00e4t\u00e4l\u00f6idyist\u00e4 nivelakseleista maatalousruohonleikkurisi vaihteistoon, ota yhteytt\u00e4 FMP:hen jo t\u00e4n\u00e4\u00e4n. Olemme omistautuneet tarjoamaan sinulle parhaat ratkaisut koneillesi varmistaen toimintasi luotettavuuden ja tehokkuuden.<\/p>\n<table style=\"width: 100%;\" border=\"1\" width=\"100%\" cellspacing=\"0\" cellpadding=\"0\">\n<tbody>\n<tr>\n<td width=\"110\"><img loading=\"lazy\" decoding=\"async\" class=\"alignnone size-full wp-image-1872\" src=\"https:\/\/fmp-components.com\/wp-content\/uploads\/2024\/12\/PTO-Shaft-for-Rotary-Mower-Gearboxes-16.webp\" alt=\"Voimanottoakseli-py\u00f6r\u00f6leikkureiden-vaihteistoille-16\" width=\"1000\" height=\"1000\" title=\"\" srcset=\"https:\/\/fmp-components.com\/wp-content\/uploads\/2024\/12\/PTO-Shaft-for-Rotary-Mower-Gearboxes-16.webp 1000w, https:\/\/fmp-components.com\/wp-content\/uploads\/2024\/12\/PTO-Shaft-for-Rotary-Mower-Gearboxes-16-980x980.webp 980w, https:\/\/fmp-components.com\/wp-content\/uploads\/2024\/12\/PTO-Shaft-for-Rotary-Mower-Gearboxes-16-480x480.webp 480w\" sizes=\"(min-width: 0px) and (max-width: 480px) 480px, (min-width: 481px) and (max-width: 980px) 980px, (min-width: 981px) 1000px, 100vw\" \/><\/td>\n<td width=\"98\"><img loading=\"lazy\" decoding=\"async\" class=\"alignnone size-full wp-image-1873\" src=\"https:\/\/fmp-components.com\/wp-content\/uploads\/2024\/12\/PTO-Shaft-for-Rotary-Mower-Gearboxes-15.webp\" alt=\"Voimanottoakseli-py\u00f6r\u00f6leikkureiden-vaihteistoille-15\" width=\"1000\" height=\"1000\" title=\"\" srcset=\"https:\/\/fmp-components.com\/wp-content\/uploads\/2024\/12\/PTO-Shaft-for-Rotary-Mower-Gearboxes-15.webp 1000w, https:\/\/fmp-components.com\/wp-content\/uploads\/2024\/12\/PTO-Shaft-for-Rotary-Mower-Gearboxes-15-980x980.webp 980w, https:\/\/fmp-components.com\/wp-content\/uploads\/2024\/12\/PTO-Shaft-for-Rotary-Mower-Gearboxes-15-480x480.webp 480w\" sizes=\"(min-width: 0px) and (max-width: 480px) 480px, (min-width: 481px) and (max-width: 980px) 980px, (min-width: 981px) 1000px, 100vw\" \/><\/td>\n<\/tr>\n<\/tbody>\n<\/table>\n<h3>Tietoja FMP:st\u00e4<\/h3>\n<p>FMP on Italiassa toimiva johtava vaihteistovalmistaja, joka on erikoistunut maatalouskoneiden tehokkaiden vaihteistojen suunnitteluun, kehitt\u00e4miseen ja tuotantoon. Painotamme vahvasti laatua, tarkkuutta ja innovaatioita, ja tarjoamme kattavan valikoiman vaihteistoja, mukaan lukien ruohonleikkureiden vaihteistoja, sek\u00e4 t\u00e4rkeit\u00e4 komponentteja, kuten nivelakseleita. Missiomme on tarjota r\u00e4\u00e4t\u00e4l\u00f6ityj\u00e4 ratkaisuja maatalous- ja teollisuussektoreille vastaamalla asiakkaidemme ainutlaatuisiin tarpeisiin sek\u00e4 yksitt\u00e4isten tuotteiden ett\u00e4 t\u00e4ysin integroitujen j\u00e4rjestelmien avulla.<\/p>\n<p>FMP:ll\u00e4 ymm\u00e4rr\u00e4mme, ett\u00e4 jokaisella asiakkaalla on omat erityisvaatimuksensa. Vahvuutemme on kyvyss\u00e4mme r\u00e4\u00e4t\u00e4l\u00f6id\u00e4 ratkaisuja, jotka vastaavat n\u00e4ihin erilaisiin tarpeisiin. Tarvitsetpa sitten tietyn tyyppist\u00e4 vaihteistoa tai kokonaisvaltaista j\u00e4rjestelm\u00e4\u00e4, teemme tiivist\u00e4 yhteisty\u00f6t\u00e4 kanssasi varmistaaksemme tehokkaimman ja toimivimman tuotteen. Sitoutumisemme asiakastyytyv\u00e4isyyteen n\u00e4kyy reagoivassa ja ammattimaisessa l\u00e4hestymistavassamme, joka varmistaa, ett\u00e4 jokaiseen tiedusteluun vastataan asiantuntevalla ohjauksella ja tuella.<\/p>\n<p>Priorisoimme avointa ja jatkuvaa viestint\u00e4\u00e4 asiakkaidemme kanssa, erityisesti uusien tuotteiden kehitt\u00e4misess\u00e4. Tiimimme ty\u00f6skentelee tiiviisti asiakkaiden kanssa ymm\u00e4rt\u00e4\u00e4kseen heid\u00e4n haasteitaan ja tarjoaa arvokasta tietoa ja neuvoja optimaalisten ratkaisujen luomiseksi. Olipa kyseess\u00e4 uusien tuotteiden kehitt\u00e4minen tai olemassa olevien tilausten t\u00e4ytt\u00e4minen, olemme sitoutuneet toimittamaan huippulaatuisia tuotteita nopeasti ja tarkasti.<\/p>\n<p>Laatu on kaiken toimintamme ytimess\u00e4. Valmistusprosessimme noudattaa \"korkeiden standardien, suuren tarkkuuden ja nollavirheiden\" periaatteita. Noudatamme tiukkoja laadunvalvontaprotokollia varmistaaksemme, ett\u00e4 jokainen tuottamamme tuote ylitt\u00e4\u00e4 alan standardit. T\u00e4m\u00e4 horjumaton keskittyminen laatuun yhdistettyn\u00e4 arvoihimme, kuten tiimity\u00f6h\u00f6n, rehellisyyteen ja sinnikkyyteen, on auttanut meit\u00e4 rakentamaan vahvoja ja kest\u00e4vi\u00e4 asiakassuhteita l\u00e4hes 30 maassa maailmanlaajuisesti.<\/p>\n<p>FMP toivottaa tervetulleeksi globaalin yhteisty\u00f6n ja on aina valmis tarjoamaan asiantuntevaa neuvontaa ja yksil\u00f6llisi\u00e4 ratkaisuja. L\u00e4hestymistapamme menee tuotteiden toimittamisen edelle; kyse on pitk\u00e4aikaisten kumppanuuksien edist\u00e4misest\u00e4, jotka edist\u00e4v\u00e4t yhteist\u00e4 menestyst\u00e4. Etsitp\u00e4 ratkaisuja uusiin projekteihin tai jo olemassa oleviin tarpeisiin, FMP on sitoutunut tukemaan teknisi\u00e4 haasteitasi ja varmistamaan jatkuvan menestyksesi.<\/p>\n<p><img loading=\"lazy\" decoding=\"async\" class=\"alignnone size-full wp-image-1861\" src=\"https:\/\/fmp-components.com\/wp-content\/uploads\/2024\/12\/Other-Agricultural-Gearboxes.webp\" sizes=\"(min-width: 0px) and (max-width: 480px) 480px, (min-width: 481px) and (max-width: 980px) 980px, (min-width: 981px) 1200px, 100vw\" srcset=\"https:\/\/fmp-components.com\/wp-content\/uploads\/2024\/12\/Other-Agricultural-Gearboxes.webp 1200w, https:\/\/fmp-components.com\/wp-content\/uploads\/2024\/12\/Other-Agricultural-Gearboxes-980x1143.webp 980w, https:\/\/fmp-components.com\/wp-content\/uploads\/2024\/12\/Other-Agricultural-Gearboxes-480x560.webp 480w\" alt=\"Altri-cambi-agricoli\" width=\"1200\" height=\"1400\" title=\"\"><\/p>\n<p>Tekij\u00e4: CX<\/p>","protected":false},"excerpt":{"rendered":"<p>Agricultural Lawn Mower Gearbox FMP-LF211 Specifications: &nbsp; ITEM FMP-LF211 Ratio 1:2.83 Teeth 34\/12 Module 3.36 Power(HP) 20 Rated Input 540rpm Input\/Output Description 1-3\/8 Z6 Optic axis Weight(N.W) 14.5KG PTO Shaft for Agricultural Lawn Mower Gearbox A PTO (Power Take-Off) shaft is a crucial component in connecting a tractor or other power source to an agricultural [&hellip;]<\/p>","protected":false},"featured_media":1965,"comment_status":"open","ping_status":"closed","template":"","meta":{"_et_pb_use_builder":"","_et_pb_old_content":"","_et_gb_content_width":""},"product_brand":[],"product_cat":[52],"product_tag":[],"class_list":{"0":"post-1962","1":"product","2":"type-product","3":"status-publish","4":"has-post-thumbnail","6":"product_cat-lawn-mower-gearbox","8":"first","9":"instock","10":"shipping-taxable","11":"product-type-simple"},"_links":{"self":[{"href":"https:\/\/fmp-components.com\/fi\/wp-json\/wp\/v2\/product\/1962","targetHints":{"allow":["GET"]}}],"collection":[{"href":"https:\/\/fmp-components.com\/fi\/wp-json\/wp\/v2\/product"}],"about":[{"href":"https:\/\/fmp-components.com\/fi\/wp-json\/wp\/v2\/types\/product"}],"replies":[{"embeddable":true,"href":"https:\/\/fmp-components.com\/fi\/wp-json\/wp\/v2\/comments?post=1962"}],"wp:featuredmedia":[{"embeddable":true,"href":"https:\/\/fmp-components.com\/fi\/wp-json\/wp\/v2\/media\/1965"}],"wp:attachment":[{"href":"https:\/\/fmp-components.com\/fi\/wp-json\/wp\/v2\/media?parent=1962"}],"wp:term":[{"taxonomy":"product_brand","embeddable":true,"href":"https:\/\/fmp-components.com\/fi\/wp-json\/wp\/v2\/product_brand?post=1962"},{"taxonomy":"product_cat","embeddable":true,"href":"https:\/\/fmp-components.com\/fi\/wp-json\/wp\/v2\/product_cat?post=1962"},{"taxonomy":"product_tag","embeddable":true,"href":"https:\/\/fmp-components.com\/fi\/wp-json\/wp\/v2\/product_tag?post=1962"}],"curies":[{"name":"wp","href":"https:\/\/api.w.org\/{rel}","templated":true}]}}