{"id":1956,"date":"2024-12-26T03:32:54","date_gmt":"2024-12-26T03:32:54","guid":{"rendered":"https:\/\/fmp-components.com\/?page_id=8"},"modified":"2024-12-26T03:46:48","modified_gmt":"2024-12-26T03:46:48","slug":"agricultural-lawnmower-gearbox-fmp-lf205","status":"publish","type":"product","link":"https:\/\/fmp-components.com\/fi\/product\/agricultural-lawnmower-gearbox-fmp-lf205\/","title":{"rendered":"Maatalouden ruohonleikkurin vaihdelaatikko FMP-LF205"},"content":{"rendered":"<h2>Maatalouden ruohonleikkurin vaihteiston tekniset tiedot:<\/h2>\n<p><img loading=\"lazy\" decoding=\"async\" class=\"alignnone size-full wp-image-1959\" src=\"https:\/\/fmp-components.com\/wp-content\/uploads\/2024\/12\/FMP_agricultural-gearbox-1.webp\" alt=\"FMP_maatalouden-vaihteisto-1\" width=\"1000\" height=\"500\" title=\"\" srcset=\"https:\/\/fmp-components.com\/wp-content\/uploads\/2024\/12\/FMP_agricultural-gearbox-1.webp 1000w, https:\/\/fmp-components.com\/wp-content\/uploads\/2024\/12\/FMP_agricultural-gearbox-1-980x490.webp 980w, https:\/\/fmp-components.com\/wp-content\/uploads\/2024\/12\/FMP_agricultural-gearbox-1-480x240.webp 480w\" sizes=\"(min-width: 0px) and (max-width: 480px) 480px, (min-width: 481px) and (max-width: 980px) 980px, (min-width: 981px) 1000px, 100vw\" \/><\/p>\n<table style=\"width: 100.31%; height: 347px;\" border=\"1\">\n<tbody>\n<tr>\n<td style=\"width: 30.4957%;\"><strong>TUOTE<\/strong><\/td>\n<td style=\"width: 68.8578%;\">FMP-LF205<\/td>\n<\/tr>\n<tr>\n<td style=\"width: 30.4957%;\"><strong>Suhde<\/strong><\/td>\n<td style=\"width: 68.8578%;\">1:1.93\/1:1.46<\/td>\n<\/tr>\n<tr>\n<td style=\"width: 30.4957%;\"><strong>Hampaat<\/strong><\/td>\n<td style=\"width: 68.8578%;\">23\/12 22\/15<\/td>\n<\/tr>\n<tr>\n<td style=\"width: 30.4957%;\"><strong>Moduuli<\/strong><\/td>\n<td style=\"width: 68.8578%;\">5.0 \/ 5.0<\/td>\n<\/tr>\n<tr>\n<td style=\"width: 30.4957%;\"><strong>Teho (hv)<\/strong><\/td>\n<td style=\"width: 68.8578%;\">30<\/td>\n<\/tr>\n<tr>\n<td style=\"width: 30.4957%;\"><strong>Nimellistulo<\/strong><\/td>\n<td style=\"width: 68.8578%;\">540 rpm<\/td>\n<\/tr>\n<tr>\n<td style=\"width: 30.4957%;\"><strong>Tulon\/l\u00e4hd\u00f6n kuvaus<\/strong><\/td>\n<td style=\"width: 68.8578%;\">1-3\/8 Z6 Optinen akseli<\/p>\n<p>Kartio-ura<\/td>\n<\/tr>\n<tr>\n<td style=\"width: 30.4957%;\"><strong>Paino (NW)<\/strong><\/td>\n<td style=\"width: 68.8578%;\">19 kg<\/td>\n<\/tr>\n<\/tbody>\n<\/table>\n<h2>Sopii seuraaviin merkkeihin ja malleihin<\/h2>\n<p>Comer VIIMEISTELYLEIKKURIN vaihto: LF-205-J<\/p>\n<div class=\"rNotes\"><strong>Ristiviittaukset:<\/strong><\/div>\n<p><strong>Korvaa:<\/strong>\u00a0TULIJA<strong><br \/>\n<\/strong>U9.135.808.10, U9.205.808.00, U913580810, 9.135.029.00, 913502900<\/p>\n<h3>Maatalouden ruohonleikkurin vaihdelaatikon ominaisuudet<\/h3>\n<p>Maatalousruohonleikkureiden vaihteistot ovat olennaisia \u200b\u200bkomponentteja, jotka mahdollistavat py\u00f6r\u00f6leikkureiden tehokkaan toiminnan ruohon, rikkaruohojen ja muun kasvillisuuden leikkaamisessa. N\u00e4m\u00e4 vaihteistot on suunniteltu vastaamaan maataloussovellusten tiukkoihin vaatimuksiin ja varmistamaan sujuvan ja tehokkaan toiminnan. Alla on lueteltu maatalouden ruohonleikkureiden vaihteistojen t\u00e4rkeimm\u00e4t ominaisuudet:<\/p>\n<h4>Tehokas voimansiirto<\/h4>\n<p>Ruohonleikkurin vaihteistolla on ratkaiseva rooli voiman siirt\u00e4misess\u00e4 traktorin moottorista leikkurin terille. Se varmistaa, ett\u00e4 ter\u00e4t py\u00f6riv\u00e4t optimaalisella nopeudella ja v\u00e4\u00e4nt\u00f6momentilla, mik\u00e4 mahdollistaa tehokkaan leikkauksen my\u00f6s tihe\u00e4ss\u00e4 tai korkeassa ruohossa. Oikea voimansiirto auttaa yll\u00e4pit\u00e4m\u00e4\u00e4n tasaista leikkuutehoa, v\u00e4hent\u00e4\u00e4 moottorin rasitusta ja parantaa kokonaistehokkuutta.<\/p>\n<h4>Kest\u00e4v\u00e4 rakenne<\/h4>\n<p>Maatalousruohonleikkureiden vaihteistot on rakennettu kest\u00e4m\u00e4\u00e4n raskasta k\u00e4ytt\u00f6\u00e4 haastavissa ymp\u00e4rist\u00f6iss\u00e4. N\u00e4m\u00e4 vaihteistot on valmistettu korkealaatuisista materiaaleista, kuten valuraudasta tai alumiiniseoksista, ja ne ovat kest\u00e4vi\u00e4 kulumiselle, korroosiolle ja iskuille. Kest\u00e4v\u00e4 rakenne varmistaa, ett\u00e4 vaihteisto kest\u00e4\u00e4 jatkuvan k\u00e4yt\u00f6n rasituksen ja kuormituksen pitki\u00e4 aikoja, mik\u00e4 parantaa luotettavuutta ja pitk\u00e4ik\u00e4isyytt\u00e4.<\/p>\n<h4>Sujuva toiminta ja v\u00e4hentynyt t\u00e4rin\u00e4<\/h4>\n<p>Hyvin suunniteltu ruohonleikkurin vaihteisto varmistaa tasaisen toiminnan minimoimalla t\u00e4rin\u00e4n ja mekaanisen rasituksen. T\u00e4m\u00e4 saavutetaan tarkalla suunnittelulla ja korkealaatuisten laakereiden, hammaspy\u00f6rien ja voitelun k\u00e4yt\u00f6ll\u00e4. Tasainen toiminta ei ainoastaan \u200b\u200bpidenn\u00e4 vaihteiston k\u00e4ytt\u00f6ik\u00e4\u00e4, vaan my\u00f6s v\u00e4hent\u00e4\u00e4 leikkurin muiden osien, kuten terien ja moottorin, kulumista.<\/p>\n<h4>Monipuolisuus ruohonleikkuuteht\u00e4viss\u00e4<\/h4>\n<p>Ruohonleikkureiden vaihteistot ovat monipuolisia ja ne voidaan suunnitella vastaamaan erilaisiin leikkuuvaatimuksiin. Joissakin vaihteistoissa on s\u00e4\u00e4dett\u00e4v\u00e4t nopeudet, jotka mahdollistavat erilaisia \u200b\u200bleikkuutiloja kasvillisuuden tyypist\u00e4 tai maastosta riippuen. Moninopeusvaihteistoja suositaan usein erilaisten teht\u00e4vien suorittamiseen ruohon leikkaamisesta vaikeamman kasvillisuuden, kuten rikkaruohojen ja pienten pensaiden, torjuntaan.<\/p>\n<h4>Mukauttaminen erityistarpeisiin<\/h4>\n<p>Monet valmistajat, mukaan lukien FMP, tarjoavat mittatilausty\u00f6n\u00e4 valmistettuja ruohonleikkureiden vaihteistoja, jotka on r\u00e4\u00e4t\u00e4l\u00f6ity vastaamaan asiakkaiden erityisvaatimuksia. Olipa kyse sitten leikkuukorkeuden s\u00e4\u00e4d\u00f6st\u00e4, suuremmasta v\u00e4\u00e4nt\u00f6momentista vaativampiin teht\u00e4viin tai vaihteiston integroinnista suurempaan leikkurij\u00e4rjestelm\u00e4\u00e4n, r\u00e4\u00e4t\u00e4l\u00f6idyt ratkaisut varmistavat, ett\u00e4 vaihteisto toimii tehokkaasti koko leikkurikokoonpanon kanssa.<\/p>\n<p>Maatalousruohonleikkureiden vaihteistot on suunniteltu tarjoamaan luotettavaa, tehokasta ja pitk\u00e4ik\u00e4ist\u00e4 suorituskyky\u00e4 vaativissa olosuhteissa. Niiden kest\u00e4vyys, monipuolisuus ja v\u00e4h\u00e4inen huoltotarve tekev\u00e4t niist\u00e4 v\u00e4ltt\u00e4m\u00e4tt\u00f6mi\u00e4 maanviljelij\u00f6ille, maisemasuunnittelijoille ja piha-alan ammattilaisille, jotka tarvitsevat luotettavia laitteita suurten nurmi- ja kasvillisuusalueiden hoitoon.<\/p>\n<p><img loading=\"lazy\" decoding=\"async\" class=\"alignnone wp-image-1961\" src=\"https:\/\/fmp-components.com\/wp-content\/uploads\/2024\/12\/Lawn-Mower-Gearbox-1.webp\" alt=\"Ruohonleikkurin vaihdelaatikko\" width=\"943\" height=\"630\" title=\"\" srcset=\"https:\/\/fmp-components.com\/wp-content\/uploads\/2024\/12\/Lawn-Mower-Gearbox-1.webp 943w, https:\/\/fmp-components.com\/wp-content\/uploads\/2024\/12\/Lawn-Mower-Gearbox-1-480x321.webp 480w\" sizes=\"(min-width: 0px) and (max-width: 480px) 480px, (min-width: 481px) 943px, 100vw\" \/><\/p>\n<h3>Tietoja FMP:st\u00e4<\/h3>\n<p>FMP on johtava italialainen vaihteistovalmistaja, joka on erikoistunut maatalouskoneiden vaihteistojen suunnitteluun ja tuotantoon. Keskittyen vahvasti laatuun ja tarkkuuteen, tarjoamme laajan valikoiman vaihteistoja, mukaan lukien ruohonleikkureiden vaihteistoja, ja t\u00e4ydent\u00e4vi\u00e4 tuotteita, kuten nivelakseleita. Tavoitteenamme on tarjota r\u00e4\u00e4t\u00e4l\u00f6ityj\u00e4 ratkaisuja maatalous- ja teollisuusmarkkinoille vastaamalla asiakkaidemme ainutlaatuisiin tarpeisiin sek\u00e4 yksitt\u00e4isill\u00e4 tuotteilla ett\u00e4 kokonaisilla j\u00e4rjestelmill\u00e4.<\/p>\n<p>FMP:ll\u00e4 ymm\u00e4rr\u00e4mme, ett\u00e4 jokaisella asiakkaalla on erityistarpeita, ja olemme ylpeit\u00e4 kyvyst\u00e4mme r\u00e4\u00e4t\u00e4l\u00f6id\u00e4 ratkaisuja vastaamaan n\u00e4it\u00e4 tarpeita. Etsitp\u00e4 sitten tietty\u00e4 vaihdelaatikkoa tai t\u00e4ysin integroitua ratkaisua, teemme tiivist\u00e4 yhteisty\u00f6t\u00e4 kanssasi kehitt\u00e4\u00e4ksemme tehokkaimmat tuotteet. Sitoutumisemme asiakastyytyv\u00e4isyyteen n\u00e4kyy nopeina ja ammattimaisina vastauksinamme tiedusteluihin, varmistaen, ett\u00e4 jokainen asiakas saa parasta mahdollista neuvontaa ja tukea.<\/p>\n<p>Uskomme avoimeen ja jatkuvaan viestint\u00e4\u00e4n asiakkaidemme kanssa, erityisesti uusien tuotteiden kehitt\u00e4misess\u00e4. Asiantuntijatiimimme on vuorovaikutuksessa asiakkaiden kanssa ymm\u00e4rt\u00e4\u00e4kseen heid\u00e4n haasteitaan ja antaa arvokasta palautetta tehokkaimpien ratkaisujen luomiseksi. Olipa kyseess\u00e4 uusi projekti tai olemassa oleva tilaus, olemme sitoutuneet toimittamaan korkealaatuisia tuotteita nopeasti ja tehokkaasti.<\/p>\n<p>Laatu on kaiken toimintamme ytimess\u00e4. Tuotantostrategiamme perustuu periaatteeseen \"korkeat standardit, erinomainen tarkkuus ja nolla virhett\u00e4\". Noudatamme tiukkoja laadunvalvontamenettelyj\u00e4 varmistaaksemme, ett\u00e4 jokainen toimittamamme tuote t\u00e4ytt\u00e4\u00e4 alan korkeimmat standardit. T\u00e4m\u00e4 keskittyminen laatuun sek\u00e4 sitoutumisemme tiimity\u00f6h\u00f6n, rehellisyyteen ja sinnikkyyteen on auttanut meit\u00e4 rakentamaan kest\u00e4vi\u00e4 kumppanuuksia asiakkaiden kanssa l\u00e4hes 30 maassa.<\/p>\n<p>Kutsumme asiakkaita ymp\u00e4ri maailmaa yhteisty\u00f6h\u00f6n kanssamme, ja olemme aina valmiita tarjoamaan asiantuntevaa neuvontaa ja r\u00e4\u00e4t\u00e4l\u00f6ityj\u00e4 ratkaisuja. FMP:ll\u00e4 olemme sitoutuneet ratkaisemaan tekniset haasteesi ja tukemaan menestyst\u00e4si. Palvelumme ei ole pelk\u00e4st\u00e4\u00e4n tuotteiden tarjoamista, vaan kyse on suhteiden rakentamisesta, jotka johtavat jaettuun menestykseen.<\/p>\n<p><img loading=\"lazy\" decoding=\"async\" class=\"alignnone size-full wp-image-1861\" src=\"https:\/\/fmp-components.com\/wp-content\/uploads\/2024\/12\/Other-Agricultural-Gearboxes.webp\" sizes=\"(min-width: 0px) and (max-width: 480px) 480px, (min-width: 481px) and (max-width: 980px) 980px, (min-width: 981px) 1200px, 100vw\" srcset=\"https:\/\/fmp-components.com\/wp-content\/uploads\/2024\/12\/Other-Agricultural-Gearboxes.webp 1200w, https:\/\/fmp-components.com\/wp-content\/uploads\/2024\/12\/Other-Agricultural-Gearboxes-980x1143.webp 980w, https:\/\/fmp-components.com\/wp-content\/uploads\/2024\/12\/Other-Agricultural-Gearboxes-480x560.webp 480w\" alt=\"Altri-cambi-agricoli\" width=\"1200\" height=\"1400\" title=\"\"><\/p>\n<p>Tekij\u00e4: CX<\/p>","protected":false},"excerpt":{"rendered":"<p>Agricultural Lawnmower Gearbox Specifications: ITEM FMP-LF205 Ratio 1:1.93\/1:1.46 Teeth 23\/12 22\/15 Module 5.0 \/ 5.0 Power(HP) 30 Rated Input 540rpm Input\/Output Description 1-3\/8 Z6 Optic Axis Taper Spline Weight(N.W) 19KG Fits the Following Makes and Models Replacement of Comer FINISHING MOWER: LF-205-J Cross References: Replaces:\u00a0COMER U9.135.808.10, U9.205.808.00 , U913580810 , 9.135.029.00 , 913502900 Features of [&hellip;]<\/p>","protected":false},"featured_media":1960,"comment_status":"open","ping_status":"closed","template":"","meta":{"_et_pb_use_builder":"","_et_pb_old_content":"","_et_gb_content_width":""},"product_brand":[],"product_cat":[52],"product_tag":[],"class_list":{"0":"post-1956","1":"product","2":"type-product","3":"status-publish","4":"has-post-thumbnail","6":"product_cat-lawn-mower-gearbox","8":"first","9":"instock","10":"shipping-taxable","11":"product-type-simple"},"_links":{"self":[{"href":"https:\/\/fmp-components.com\/fi\/wp-json\/wp\/v2\/product\/1956","targetHints":{"allow":["GET"]}}],"collection":[{"href":"https:\/\/fmp-components.com\/fi\/wp-json\/wp\/v2\/product"}],"about":[{"href":"https:\/\/fmp-components.com\/fi\/wp-json\/wp\/v2\/types\/product"}],"replies":[{"embeddable":true,"href":"https:\/\/fmp-components.com\/fi\/wp-json\/wp\/v2\/comments?post=1956"}],"wp:featuredmedia":[{"embeddable":true,"href":"https:\/\/fmp-components.com\/fi\/wp-json\/wp\/v2\/media\/1960"}],"wp:attachment":[{"href":"https:\/\/fmp-components.com\/fi\/wp-json\/wp\/v2\/media?parent=1956"}],"wp:term":[{"taxonomy":"product_brand","embeddable":true,"href":"https:\/\/fmp-components.com\/fi\/wp-json\/wp\/v2\/product_brand?post=1956"},{"taxonomy":"product_cat","embeddable":true,"href":"https:\/\/fmp-components.com\/fi\/wp-json\/wp\/v2\/product_cat?post=1956"},{"taxonomy":"product_tag","embeddable":true,"href":"https:\/\/fmp-components.com\/fi\/wp-json\/wp\/v2\/product_tag?post=1956"}],"curies":[{"name":"wp","href":"https:\/\/api.w.org\/{rel}","templated":true}]}}