{"id":1948,"date":"2024-12-26T02:24:20","date_gmt":"2024-12-26T02:24:20","guid":{"rendered":"https:\/\/fmp-components.com\/?page_id=8"},"modified":"2024-12-26T02:37:43","modified_gmt":"2024-12-26T02:37:43","slug":"rotary-mowers-gearboxes-replacement-of-comer-code-t-25j","status":"publish","type":"product","link":"https:\/\/fmp-components.com\/fi\/product\/rotary-mowers-gearboxes-replacement-of-comer-code-t-25j\/","title":{"rendered":"Py\u00f6rivien ruohonleikkureiden vaihteistot \u2013 Comer-koodin T-25J vaihto"},"content":{"rendered":"<p><img loading=\"lazy\" decoding=\"async\" class=\"size-full wp-image-1949 aligncenter\" src=\"https:\/\/fmp-components.com\/wp-content\/uploads\/2024\/12\/Rotary-Mower-Gearbox24.webp\" alt=\"Py\u00f6riv\u00e4n ruohonleikkurin vaihdelaatikko\" width=\"500\" height=\"500\" title=\"\" srcset=\"https:\/\/fmp-components.com\/wp-content\/uploads\/2024\/12\/Rotary-Mower-Gearbox24.webp 500w, https:\/\/fmp-components.com\/wp-content\/uploads\/2024\/12\/Rotary-Mower-Gearbox24-480x480.webp 480w\" sizes=\"(min-width: 0px) and (max-width: 480px) 480px, (min-width: 481px) 500px, 100vw\" \/><\/p>\n<h2>Py\u00f6rivien ruohonleikkureiden vaihteistot \u2013 Comer-koodin T-25J teknisten tietojen vaihto<\/h2>\n<table style=\"width: 100%;\" border=\"1\" width=\"100%\" cellspacing=\"0\" cellpadding=\"0\">\n<tbody>\n<tr>\n<th>Kuvaus<\/th>\n<td>Py\u00f6rivien ruohonleikkureiden vaihteistot \u2013 Comer T-25J -vaihteiston vaihto nopeuden lis\u00e4\u00e4miseksi<\/td>\n<\/tr>\n<tr>\n<th>Hakemus<\/th>\n<td>Erilaiset (maatalous)sovellukset, Niittokoneet, Kemiallisten lannoitteiden levittimet, Vannesahat<\/td>\n<\/tr>\n<tr>\n<th>Koostuu<\/th>\n<td>Vaihteisto<\/td>\n<\/tr>\n<tr>\n<th>Ilman \u00f6ljy\u00e4<\/th>\n<td>Tekniset tiedot<\/td>\n<\/tr>\n<tr>\n<th>Suurin l\u00e4ht\u00f6momentti<\/th>\n<td>22,7 daNm<\/td>\n<\/tr>\n<tr>\n<th>Sis\u00e4lt\u00e4\u00e4 \u00f6ljy\u00e4<\/th>\n<td>Ei<\/td>\n<\/tr>\n<tr>\n<th>\u00d6ljyn enimm\u00e4istilavuus<\/th>\n<td>0,35 litraa<\/td>\n<\/tr>\n<tr>\n<th>\u00d6ljynvaihtov\u00e4li (maks.)<\/th>\n<td>500 tuntia<\/td>\n<\/tr>\n<tr>\n<th>\u00d6ljyn SAE-viskositeettiluokka<\/th>\n<td>80W-90<\/td>\n<\/tr>\n<tr>\n<th>Kotelon materiaali<\/th>\n<td>Alumiini<\/td>\n<\/tr>\n<tr>\n<th>Paino<\/th>\n<td>4,1 kg<\/td>\n<\/tr>\n<tr>\n<th>Vaihteistoj\u00e4rjestely V\u00e4hent\u00e4v\u00e4<\/th>\n<td>3 &#8211; 4<\/td>\n<\/tr>\n<tr>\n<th>Sy\u00f6tt\u00f6teho kW \/ hv Kasvava<\/th>\n<td>11\/15 kW\/hv<\/td>\n<\/tr>\n<tr>\n<th>Tuloakselin nousu<\/th>\n<td>X<\/td>\n<\/tr>\n<tr>\n<th>Tuloakselin pienennys<\/th>\n<td>Z<\/td>\n<\/tr>\n<tr>\n<th>Sy\u00f6tt\u00f6teho kW \/ hv V\u00e4hent\u00e4v\u00e4<\/th>\n<td>7 \/ 9,5 kW\/hv<\/td>\n<\/tr>\n<tr>\n<th>L\u00e4ht\u00f6momentti DaNm Kasvava<\/th>\n<td>9,9 daNm<\/td>\n<\/tr>\n<tr>\n<th>Suhde kasvaa<\/th>\n<td>1 : 1.9<\/td>\n<\/tr>\n<tr>\n<th>Suhteen pienent\u00e4minen<\/th>\n<td>1.9 : 1<\/td>\n<\/tr>\n<tr>\n<th>Akseli X<\/th>\n<td>1 3\/8\u2033 (6) (A)<\/td>\n<\/tr>\n<tr>\n<th>Akseli Z<\/th>\n<td>22 (D)<\/td>\n<\/tr>\n<\/tbody>\n<\/table>\n<h2>Py\u00f6rivien ruohonleikkureiden vaihdelaatikoiden edut<\/h2>\n<p>Py\u00f6rivien ruohonleikkureiden vaihteistot ovat olennaisia \u200b\u200bkomponentteja, jotka parantavat merkitt\u00e4v\u00e4sti maisemoinnissa, maataloudessa ja pihanhoidossa k\u00e4ytett\u00e4vien niittolaitteiden suorituskyky\u00e4 ja luotettavuutta. Tehokkaasti siirt\u00e4m\u00e4ll\u00e4 tehoa, parantamalla kest\u00e4vyytt\u00e4 ja v\u00e4hent\u00e4m\u00e4ll\u00e4 huoltoa n\u00e4m\u00e4 vaihteistot tarjoavat useita keskeisi\u00e4 etuja, jotka tekev\u00e4t niist\u00e4 v\u00e4ltt\u00e4m\u00e4tt\u00f6mi\u00e4 erilaisissa niittoteht\u00e4viss\u00e4.<\/p>\n<p><strong>Tehokas voimansiirto<\/strong><\/p>\n<p>Py\u00f6riv\u00e4n ruohonleikkurin vaihteistolla on t\u00e4rke\u00e4 rooli traktorin moottorin tehon muuntamisessa leikkurin terille. T\u00e4m\u00e4 varmistaa, ett\u00e4 ter\u00e4t py\u00f6riv\u00e4t optimaalisella nopeudella ja v\u00e4\u00e4nt\u00f6momentilla, mik\u00e4 takaa tasaisen ja tehokkaan ruohonleikkuun jopa haastavissa olosuhteissa. Olipa kyseess\u00e4 laajamittainen maataloustoiminta tai maisemointiteht\u00e4v\u00e4t, tehokas voimansiirto on ratkaisevan t\u00e4rke\u00e4\u00e4 suorituskyvyn ja tuottavuuden yll\u00e4pit\u00e4miseksi.<\/p>\n<p><strong>Kest\u00e4vyys ja pitk\u00e4ik\u00e4isyys<\/strong><\/p>\n<p>Py\u00f6rivien ruohonleikkureiden vaihteistot on suunniteltu kest\u00e4m\u00e4\u00e4n raskasta k\u00e4ytt\u00f6\u00e4 ja ankaria olosuhteita, ja ne on tyypillisesti valmistettu korkealaatuisista materiaaleista, kuten valuraudasta tai alumiiniseoksista. Niiden kest\u00e4v\u00e4 rakenne tekee niist\u00e4 kest\u00e4vi\u00e4 kulumiselle, korroosiolle ja rasitukselle, mik\u00e4 varmistaa pitk\u00e4n k\u00e4ytt\u00f6i\u00e4n ja minimoi viat. N\u00e4iden vaihteistojen kest\u00e4vyys minimoi usein teht\u00e4vien korjausten tai vaihtojen tarpeen, mik\u00e4 alentaa pitk\u00e4n aikav\u00e4lin kustannuksia ja lis\u00e4\u00e4 toiminnan tehokkuutta.<\/p>\n<p><strong>Alennetut yll\u00e4pito- ja k\u00e4ytt\u00f6kustannukset<\/strong><\/p>\n<p>Py\u00f6rivien ruohonleikkureiden vaihteistot on suunniteltu tehokkuutta ajatellen, mik\u00e4 v\u00e4hent\u00e4\u00e4 huoltotarvetta. Niiden kest\u00e4v\u00e4 rakenne sek\u00e4 sis\u00e4isten komponenttien, kuten hammaspy\u00f6rien ja laakereiden, asianmukainen voitelu auttavat v\u00e4hent\u00e4m\u00e4\u00e4n kitkaa, kulumista ja ylikuumenemista. T\u00e4m\u00e4 johtaa v\u00e4hentyneisiin mekaanisiin vikoihin, alhaisempiin korjauskustannuksiin ja pidempiin ruohonleikkuukoneiden seisokkiaikoihin. T\u00e4m\u00e4n seurauksena yritykset voivat s\u00e4\u00e4st\u00e4\u00e4 huoltokustannuksissa ja parantaa laitteidensa k\u00e4ytt\u00f6ik\u00e4\u00e4.<\/p>\n<p><strong>Parannettu leikkausteho<\/strong><\/p>\n<p>Vaihteisto varmistaa, ett\u00e4 leikkurin ter\u00e4t saavat oikean nopeuden ja v\u00e4\u00e4nt\u00f6momentin, mik\u00e4 mahdollistaa siistin ja tasaisen leikkuun. Hyvin suunniteltu vaihdelaatikko parantaa leikkuutehokkuutta nurmikon tyypist\u00e4 tai maastosta riippumatta. T\u00e4m\u00e4 mahdollistaa sen, ett\u00e4 py\u00f6r\u00f6leikkurit pystyv\u00e4t k\u00e4sittelem\u00e4\u00e4n paksumpaa ja tihe\u00e4mp\u00e4\u00e4 kasvillisuutta sek\u00e4 ep\u00e4tasaista maastoa tehokkaammin, mik\u00e4 tekee niist\u00e4 ihanteellisia monenlaisiin leikkuuteht\u00e4viin yleisest\u00e4 nurmikonhoidosta karkeampiin, umpeenkasvaneisiin alueisiin.<\/p>\n<p><strong>Monipuolisuus ja r\u00e4\u00e4t\u00e4l\u00f6it\u00e4vyys<\/strong><\/p>\n<p>Py\u00f6rivien ruohonleikkureiden vaihteistoja on saatavilla erilaisina kokoonpanoina, mukaan lukien yksi- ja moninopeuksiset mallit, jotka tarjoavat joustavuutta monenlaisiin k\u00e4ytt\u00f6tarkoituksiin. Monet valmistajat, mukaan lukien FMP, tarjoavat mukautettavia ratkaisuja tiettyjen k\u00e4ytt\u00f6tarpeiden t\u00e4ytt\u00e4miseksi, kuten leikkuukorkeuden s\u00e4\u00e4t\u00f6\u00f6n tai lis\u00e4v\u00e4\u00e4nt\u00f6momentin lis\u00e4\u00e4miseen vaativampiin leikkuuolosuhteisiin. T\u00e4m\u00e4 monipuolisuus mahdollistaa py\u00f6r\u00f6leikkureiden vaihteistojen palvelemisen eri teollisuudenaloilla maataloudesta kunnalliseen maisemointiin varmistaen, ett\u00e4 jokainen k\u00e4ytt\u00f6tarkoitus t\u00e4yttyy oikealla suorituskyvyll\u00e4.<\/p>\n<p><strong>Turvaominaisuudet<\/strong><\/p>\n<p>Turvallisuus on kriittinen n\u00e4k\u00f6kohta niittolaitteissa, ja monet py\u00f6r\u00f6leikkureiden vaihteistot on varustettu edistyneill\u00e4 turvaominaisuuksilla. N\u00e4it\u00e4 ovat vapaakytkimet ja irrotusmekanismit, jotka suojaavat vaihteistoa ja teri\u00e4 vaurioilta moottorin sammuttamisen yhteydess\u00e4. T\u00e4llaiset ominaisuudet parantavat my\u00f6s k\u00e4ytt\u00e4j\u00e4n turvallisuutta v\u00e4hent\u00e4m\u00e4ll\u00e4 mekaanisten vikojen ja onnettomuuksien riski\u00e4 k\u00e4yt\u00f6n aikana.<\/p>\n<p><strong>Kompakti ja helppo asentaa<\/strong><\/p>\n<p>Py\u00f6rivien ruohonleikkureiden vaihteistojen kompakti rakenne varmistaa, ett\u00e4 ne on helppo asentaa erityyppisiin ruohonleikkureihin ja koneisiin. Niiden suoraviivainen integrointi eri j\u00e4rjestelmiin tekee niist\u00e4 erinomaisen valinnan sek\u00e4 OEM-valmistajille ett\u00e4 loppuk\u00e4ytt\u00e4jille. Tehokas rakenne maksimoi voimansiirron ja minimoi samalla tilantarpeen, mik\u00e4 varmistaa, ett\u00e4 n\u00e4m\u00e4 vaihteistot ovat monipuolisia ja k\u00e4tevi\u00e4 erityyppisille laitteille.<\/p>\n<p>Yhteenvetona voidaan todeta, ett\u00e4 py\u00f6r\u00f6leikkureiden vaihteistoilla on ratkaiseva rooli niittolaitteiden tehokkuuden, kest\u00e4vyyden ja kustannustehokkuuden parantamisessa. Niiden kyky siirt\u00e4\u00e4 tehoa tehokkaasti, v\u00e4hent\u00e4\u00e4 huoltotarvetta ja parantaa leikkuutehoa tekee niist\u00e4 v\u00e4ltt\u00e4m\u00e4tt\u00f6m\u00e4n osan nykyaikaisissa py\u00f6r\u00f6leikkureissa, joita k\u00e4ytet\u00e4\u00e4n maatalous-, teollisuus- ja maisemointisovelluksissa. Olitpa sitten hoitamassa suuria peltoja tai kaupunkimaisemia, oikea vaihteisto varmistaa, ett\u00e4 leikkurisi toimii optimaalisesti, v\u00e4hent\u00e4\u00e4 seisokkiaikoja ja lis\u00e4\u00e4 tuottavuutta.<\/p>\n<p><img loading=\"lazy\" decoding=\"async\" class=\"alignnone size-full wp-image-1951\" src=\"https:\/\/fmp-components.com\/wp-content\/uploads\/2024\/12\/Rotary-Mower-Gearbox-211.webp\" alt=\"Py\u00f6riv\u00e4-ruohonleikkurin-vaihteisto-\" width=\"800\" height=\"600\" title=\"\" srcset=\"https:\/\/fmp-components.com\/wp-content\/uploads\/2024\/12\/Rotary-Mower-Gearbox-211.webp 800w, https:\/\/fmp-components.com\/wp-content\/uploads\/2024\/12\/Rotary-Mower-Gearbox-211-480x360.webp 480w\" sizes=\"(min-width: 0px) and (max-width: 480px) 480px, (min-width: 481px) 800px, 100vw\" \/><\/p>\n<h3>Tietoja FMP:st\u00e4<\/h3>\n<p>Italiassa sijaitseva FMP on merkitt\u00e4v\u00e4 johtaja vaihteistojen, vaihteistojen ja konepajakoneiden tutkimuksessa, kehityksess\u00e4 ja valmistuksessa. Vahvan laatuun, innovaatioihin ja jatkuvaan parantamiseen keskittymisen ansiosta FMP on ansainnut maineen erinomaisuutena konepajateollisuuden alalla. Yrityksen sitoutuminen osaamisen kehitt\u00e4miseen ja teknologiseen kehitykseen on johtanut sen tunnustukseen sek\u00e4 paikallisesti ett\u00e4 kansainv\u00e4lisesti, mik\u00e4 tekee siit\u00e4 luotettavan kumppanin eri aloilla.<\/p>\n<p>FMP:n tuotevalikoimaan kuuluu laaja valikoima tehokkaita vaihteistoja, kuten kartiohammasvaihteita, lieri\u00f6hammasvaihteita, matovaihteita, lieri\u00f6hammasvaihteita sek\u00e4 korkeapainevalettuja venttiilirunkoja ja -koteloita. Jokainen tuote on suunniteltu huolellisesti vastaamaan sek\u00e4 teollisuuden ett\u00e4 maatalouden sovellusten vaatimuksiin, mik\u00e4 varmistaa pitk\u00e4aikaisen luotettavuuden ja erinomaisen suorituskyvyn.<\/p>\n<p>FMP:n vaihteistoja ja komponentteja k\u00e4ytet\u00e4\u00e4n useilla eri teollisuudenaloilla, kuten maataloudessa, \u00f6ljynporauksessa, merij\u00e4rjestelmiss\u00e4 ja vesirakenteessa. Maataloudessa FMP tarjoaa voiman kriittisiin laitteisiin, kuten ruohonleikkureihin, lumilakkoihin, lannoitteenlevittimiin ja viljakuljettimiin. T\u00e4m\u00e4 monipuolisuus korostaa FMP:n kyky\u00e4 tarjota r\u00e4\u00e4t\u00e4l\u00f6ityj\u00e4 ratkaisuja, jotka optimoivat tehokkuuden eri sektoreilla.<\/p>\n<p>Yrityksen valmistusprosessi perustuu huipputeknologiaan ja tiukkoihin laadunvalvontastandardeihin. Alkuper\u00e4isest\u00e4 suunnittelusta lopulliseen kokoonpanoon FMP varmistaa, ett\u00e4 jokainen tuote valmistetaan ensiluokkaisista materiaaleista, kuten valuraudasta ja alumiiniseoksista. Edistykselliset ty\u00f6st\u00f6tekniikat ja perusteelliset tarkastukset takaavat tarkkuuden, kest\u00e4vyyden ja tasaisen suorituskyvyn. FMP:n sitoutuminen huippuosaamiseen jokaisessa tuotannon vaiheessa varmistaa, ett\u00e4 sen tuotteet t\u00e4ytt\u00e4v\u00e4t jatkuvasti alan korkeimmat standardit.<\/p>\n<p>FMP:t\u00e4 ohjaa eteenp\u00e4in katsova l\u00e4hestymistapa liiketoimintaan ja asiakastyytyv\u00e4isyyteen. Yritys etsii aktiivisesti globaaleja kumppanuuksia ja tarjoaa r\u00e4\u00e4t\u00e4l\u00f6ityj\u00e4 ratkaisuja, jotka on suunniteltu vastaamaan asiakkaidensa ainutlaatuisiin tarpeisiin. Saadakseen lis\u00e4tietoja FMP:n tuotteista tai tutkiakseen yhteisty\u00f6mahdollisuuksia kiinnostuneet kumppanit voivat ottaa yhteytt\u00e4 yritykseen suoraan puhelimitse tai s\u00e4hk\u00f6postitse, mik\u00e4 vahvistaa FMP:n sitoutumista poikkeuksellisen palvelun ja korkealaatuisten ratkaisujen tarjoamiseen.<\/p>\n<p><img loading=\"lazy\" decoding=\"async\" class=\"alignnone size-full wp-image-1861\" src=\"https:\/\/fmp-components.com\/wp-content\/uploads\/2024\/12\/Other-Agricultural-Gearboxes.webp\" alt=\"Muut-Maatalous-Vaihteistot\" width=\"1200\" height=\"1400\" title=\"\" srcset=\"https:\/\/fmp-components.com\/wp-content\/uploads\/2024\/12\/Other-Agricultural-Gearboxes.webp 1200w, https:\/\/fmp-components.com\/wp-content\/uploads\/2024\/12\/Other-Agricultural-Gearboxes-980x1143.webp 980w, https:\/\/fmp-components.com\/wp-content\/uploads\/2024\/12\/Other-Agricultural-Gearboxes-480x560.webp 480w\" sizes=\"(min-width: 0px) and (max-width: 480px) 480px, (min-width: 481px) and (max-width: 980px) 980px, (min-width: 981px) 1200px, 100vw\" \/><\/p>\n<p>Tekij\u00e4: CX<\/p>","protected":false},"excerpt":{"rendered":"<p>Rotary Mowers Gearboxes \u2013 Replacement of Comer Code T-25J Specifications Description Rotary Mowers Gearboxes &#8211; Replacement of Comer T-25J speed increasing Application Various (agricultural) applications, Mowers, Chemical fertiliser spreaders, Band saws Consists of Gearbox Without Oil Technical Information Max. Output Torque 22.7 daNm Contains Oil No Max. Oil Capacity 0.35 l Max. Oil Change Interval [&hellip;]<\/p>","protected":false},"featured_media":1949,"comment_status":"open","ping_status":"closed","template":"","meta":{"_et_pb_use_builder":"","_et_pb_old_content":"","_et_gb_content_width":""},"product_brand":[],"product_cat":[51],"product_tag":[],"class_list":{"0":"post-1948","1":"product","2":"type-product","3":"status-publish","4":"has-post-thumbnail","6":"product_cat-rotary-mower-gearbox","8":"first","9":"instock","10":"shipping-taxable","11":"product-type-simple"},"_links":{"self":[{"href":"https:\/\/fmp-components.com\/fi\/wp-json\/wp\/v2\/product\/1948","targetHints":{"allow":["GET"]}}],"collection":[{"href":"https:\/\/fmp-components.com\/fi\/wp-json\/wp\/v2\/product"}],"about":[{"href":"https:\/\/fmp-components.com\/fi\/wp-json\/wp\/v2\/types\/product"}],"replies":[{"embeddable":true,"href":"https:\/\/fmp-components.com\/fi\/wp-json\/wp\/v2\/comments?post=1948"}],"wp:featuredmedia":[{"embeddable":true,"href":"https:\/\/fmp-components.com\/fi\/wp-json\/wp\/v2\/media\/1949"}],"wp:attachment":[{"href":"https:\/\/fmp-components.com\/fi\/wp-json\/wp\/v2\/media?parent=1948"}],"wp:term":[{"taxonomy":"product_brand","embeddable":true,"href":"https:\/\/fmp-components.com\/fi\/wp-json\/wp\/v2\/product_brand?post=1948"},{"taxonomy":"product_cat","embeddable":true,"href":"https:\/\/fmp-components.com\/fi\/wp-json\/wp\/v2\/product_cat?post=1948"},{"taxonomy":"product_tag","embeddable":true,"href":"https:\/\/fmp-components.com\/fi\/wp-json\/wp\/v2\/product_tag?post=1948"}],"curies":[{"name":"wp","href":"https:\/\/api.w.org\/{rel}","templated":true}]}}