{"id":1943,"date":"2024-12-26T02:18:14","date_gmt":"2024-12-26T02:18:14","guid":{"rendered":"https:\/\/fmp-components.com\/?page_id=8"},"modified":"2024-12-26T02:21:11","modified_gmt":"2024-12-26T02:21:11","slug":"rotary-mower-gearbox-replacement-of-comer-code-tf-285b","status":"publish","type":"product","link":"https:\/\/fmp-components.com\/fi\/product\/rotary-mower-gearbox-replacement-of-comer-code-tf-285b\/","title":{"rendered":"Py\u00f6riv\u00e4n ruohonleikkurin vaihteisto \u2013 Comer-koodin TF-285B vaihto"},"content":{"rendered":"<p><img loading=\"lazy\" decoding=\"async\" class=\"size-full wp-image-1946 aligncenter\" src=\"https:\/\/fmp-components.com\/wp-content\/uploads\/2024\/12\/rotary-mower-gearbox-tf285b.webp\" alt=\"py\u00f6r\u00f6leikkurin vaihdelaatikko\" width=\"300\" height=\"300\" title=\"\" srcset=\"https:\/\/fmp-components.com\/wp-content\/uploads\/2024\/12\/rotary-mower-gearbox-tf285b.webp 300w, https:\/\/fmp-components.com\/wp-content\/uploads\/2024\/12\/rotary-mower-gearbox-tf285b-150x150.webp 150w, https:\/\/fmp-components.com\/wp-content\/uploads\/2024\/12\/rotary-mower-gearbox-tf285b-12x12.webp 12w, https:\/\/fmp-components.com\/wp-content\/uploads\/2024\/12\/rotary-mower-gearbox-tf285b-100x100.webp 100w\" sizes=\"(max-width: 300px) 100vw, 300px\" \/><\/p>\n<h2>Py\u00f6riv\u00e4n ruohonleikkurin vaihdelaatikon TF-285B tekniset tiedot<\/h2>\n<p><img loading=\"lazy\" decoding=\"async\" class=\"alignnone size-full wp-image-1944\" src=\"https:\/\/fmp-components.com\/wp-content\/uploads\/2024\/12\/rotary-mower-gearbox-specifications-tf285b.webp\" alt=\"py\u00f6r\u00f6leikkurin vaihdelaatikko\" width=\"851\" height=\"449\" title=\"\" srcset=\"https:\/\/fmp-components.com\/wp-content\/uploads\/2024\/12\/rotary-mower-gearbox-specifications-tf285b.webp 851w, https:\/\/fmp-components.com\/wp-content\/uploads\/2024\/12\/rotary-mower-gearbox-specifications-tf285b-480x253.webp 480w\" sizes=\"(min-width: 0px) and (max-width: 480px) 480px, (min-width: 481px) 851px, 100vw\" \/><\/p>\n<table style=\"width: 91.8919%; height: 108px;\" border=\"1\">\n<tbody>\n<tr>\n<td rowspan=\"2\"><strong>min\u00e4<\/strong><\/td>\n<td rowspan=\"2\"><strong>N<sub>1<\/sub>[rpm]<\/strong><\/td>\n<td rowspan=\"2\"><strong>P<sub>1<\/sub>[kW]<\/strong><\/td>\n<td rowspan=\"2\"><strong>M<sub>2<\/sub>[Nm]<\/strong><\/td>\n<td colspan=\"3\"><strong>Akselin tyyppi<\/strong><\/td>\n<td rowspan=\"2\"><strong>Sy\u00f6tt\u00f6<\/strong><\/td>\n<\/tr>\n<tr>\n<td><strong>X<\/strong><\/td>\n<td><strong>Y<\/strong><\/td>\n<td><strong>Z<\/strong><\/td>\n<\/tr>\n<tr>\n<td>1.86<\/td>\n<td>1000<\/td>\n<td>91.9<\/td>\n<td>709<\/td>\n<td>1\u201d 3\/8 Z21<\/td>\n<td>1\u201d 3\/4 Z20<\/td>\n<td>Keskittimen yhteys<\/td>\n<td>Y<\/td>\n<\/tr>\n<\/tbody>\n<\/table>\n<h2>Py\u00f6riv\u00e4n ruohonleikkurin vaihdelaatikon edut<\/h2>\n<p>Korkealaatuisella vaihteistolla varustetuilla py\u00f6r\u00f6leikkureilla on lukuisia etuja, jotka tekev\u00e4t niist\u00e4 v\u00e4ltt\u00e4m\u00e4tt\u00f6m\u00e4n ty\u00f6kalun maisemointiin, maanviljelyyn ja piha-alueiden hoitoon. N\u00e4m\u00e4 edut johtuvat vaihteiston kyvyst\u00e4 siirt\u00e4\u00e4 tehoa tehokkaasti, v\u00e4hent\u00e4\u00e4 kulumista ja parantaa leikkurin yleist\u00e4 suorituskyky\u00e4. T\u00e4ss\u00e4 on joitakin py\u00f6r\u00f6leikkurin vaihteiston k\u00e4yt\u00f6n t\u00e4rkeimpi\u00e4 etuja:<\/p>\n<ol>\n<li><strong>Tehokas voimansiirto<\/strong><br \/>\nPy\u00f6riv\u00e4n ruohonleikkurin vaihteistolla on ratkaiseva rooli voiman siirt\u00e4misess\u00e4 traktorin moottorista leikkurin terille. T\u00e4m\u00e4 tehokas voimansiirto varmistaa, ett\u00e4 ter\u00e4t py\u00f6riv\u00e4t optimaalisella nopeudella ja v\u00e4\u00e4nt\u00f6momentilla, jolloin leikkuri leikkaa ruohon tehokkaasti my\u00f6s vaikeissa olosuhteissa. T\u00e4m\u00e4 on erityisen t\u00e4rke\u00e4\u00e4 laaja-alaisissa t\u00f6iss\u00e4, joissa tasaisuus ja tehokkuus ovat avainasemassa.<\/li>\n<li><strong>Kest\u00e4vyys ja pitk\u00e4ik\u00e4isyys<\/strong><br \/>\nPy\u00f6rivien ruohonleikkureiden vaihteistot on suunniteltu kest\u00e4m\u00e4\u00e4n raskasta k\u00e4ytt\u00f6\u00e4 ja ankaria olosuhteita. Vankan rakenteensa ansiosta, joka on usein valmistettu korkealaatuisista materiaaleista, kuten valuraudasta tai alumiiniseoksista, n\u00e4m\u00e4 vaihteistot ovat kest\u00e4vi\u00e4 kulumiselle, korroosiolle ja rasitukselle. T\u00e4m\u00e4 kest\u00e4vyys varmistaa, ett\u00e4 vaihteisto voi toimia sujuvasti pitki\u00e4 aikoja, mik\u00e4 v\u00e4hent\u00e4\u00e4 usein teht\u00e4vien korjausten tai vaihtojen tarvetta.<\/li>\n<li><strong>Alennetut yll\u00e4pito- ja k\u00e4ytt\u00f6kustannukset<\/strong><br \/>\nKest\u00e4v\u00e4n rakenteensa ja tehokkaan voimansiirronsa ansiosta py\u00f6r\u00f6leikkureiden vaihteistot vaativat v\u00e4hemm\u00e4n huoltoa kuin muuntyyppiset leikkureiden k\u00e4ytt\u00f6laitteet. Sis\u00e4isten komponenttien, kuten hammaspy\u00f6rien ja laakereiden, asianmukainen voitelu auttaa minimoimaan kitkaa, kulumista ja ylikuumenemista, mik\u00e4 johtaa pienempiin k\u00e4ytt\u00f6kustannuksiin ja harvempiin huoltotoimenpiteisiin. T\u00e4m\u00e4 tarkoittaa pidemp\u00e4\u00e4 k\u00e4ytt\u00f6aikaa ja v\u00e4hemm\u00e4n korjauskatkoksia.<\/li>\n<li><strong>Parannettu leikkausteho<\/strong><br \/>\nHyvin suunniteltu vaihteisto varmistaa, ett\u00e4 leikkurin ter\u00e4t saavuttavat oikean nopeuden ja v\u00e4\u00e4nt\u00f6momentin, mik\u00e4 johtaa siistiin ja tasaiseen leikkuuj\u00e4lkeen. Olipa kyseess\u00e4 sitten ruoho, rikkaruohot tai pieni pensas, vaihteisto varmistaa, ett\u00e4 leikkuri tarjoaa erinomaisen leikkuutehon my\u00f6s haastavissa olosuhteissa. Vaihteisto auttaa leikkuria k\u00e4sittelem\u00e4\u00e4n tihe\u00e4\u00e4 ja paksua kasvillisuutta sek\u00e4 ep\u00e4tasaista maastoa tehokkaammin.<\/li>\n<li><strong>Monipuolisuus ja r\u00e4\u00e4t\u00e4l\u00f6it\u00e4vyys<\/strong><br \/>\nPy\u00f6rivien ruohonleikkureiden vaihteistoja on saatavilla erilaisina kokoonpanoina, kuten yksi- tai moninopeuksisina malleina, mik\u00e4 mahdollistaa joustavuuden erilaisissa sovelluksissa. Monet valmistajat, mukaan lukien FMP, tarjoavat r\u00e4\u00e4t\u00e4l\u00f6ityj\u00e4 ratkaisuja tiettyjen suorituskykyvaatimusten t\u00e4ytt\u00e4miseksi, kuten leikkuukorkeuden s\u00e4\u00e4t\u00f6\u00e4 tai lis\u00e4v\u00e4\u00e4nt\u00f6momentin tarjoamista vaativiin leikkuuteht\u00e4viin. T\u00e4m\u00e4 monipuolisuus mahdollistaa vaihteistojen k\u00e4yt\u00f6n monenlaisilla teollisuudenaloilla maataloudesta kunnalliseen maisemointiin.<\/li>\n<li><strong>Turvaominaisuudet<\/strong><br \/>\nMonissa py\u00f6r\u00f6leikkureiden vaihteistoissa on turvaominaisuuksia, kuten vapaakytkimi\u00e4 tai irrotusmekanismeja, jotka est\u00e4v\u00e4t vaihteiston ja leikkurin terien vaurioitumisen moottorin sammuttamisen yhteydess\u00e4. N\u00e4m\u00e4 ominaisuudet auttavat my\u00f6s suojaamaan k\u00e4ytt\u00e4j\u00e4\u00e4 onnettomuuksilta ja v\u00e4hent\u00e4m\u00e4\u00e4n mekaanisten vikojen riski\u00e4.<\/li>\n<li><strong>Kompakti ja helppo asentaa<\/strong><br \/>\nPy\u00f6rivien ruohonleikkureiden vaihteistot on tyypillisesti suunniteltu kompakteiksi ja helposti asennettaviksi erityyppisiin ruohonleikkureihin ja koneisiin. Niiden suunnittelu varmistaa, ett\u00e4 ne ovat paitsi tehokkaita voimansiirron kannalta, my\u00f6s helppoja integroida eri j\u00e4rjestelmiin, mik\u00e4 tekee niist\u00e4 erinomaisen valinnan sek\u00e4 OEM-valmistajille ett\u00e4 loppuk\u00e4ytt\u00e4jille.<\/li>\n<\/ol>\n<p>Yhteenvetona voidaan todeta, ett\u00e4 ruohonleikkurin vaihteisto on t\u00e4rke\u00e4 osa, joka parantaa niittolaitteiden suorituskyky\u00e4, luotettavuutta ja kustannustehokkuutta. Sen kyky siirt\u00e4\u00e4 tehoa tehokkaasti, v\u00e4hent\u00e4\u00e4 huoltoa ja parantaa leikkuutehoa tekee siit\u00e4 v\u00e4ltt\u00e4m\u00e4tt\u00f6m\u00e4n osan nykyaikaisia \u200b\u200bruohonleikkureita, joita k\u00e4ytet\u00e4\u00e4n maatalous-, teollisuus- ja maisemointisovelluksissa.<\/p>\n<p><img loading=\"lazy\" decoding=\"async\" class=\"alignnone size-full wp-image-1940\" src=\"https:\/\/fmp-components.com\/wp-content\/uploads\/2024\/12\/Rotary-Mower-Gearbox23.webp\" alt=\"Py\u00f6riv\u00e4n ruohonleikkurin vaihdelaatikko\" width=\"1000\" height=\"1000\" title=\"\" srcset=\"https:\/\/fmp-components.com\/wp-content\/uploads\/2024\/12\/Rotary-Mower-Gearbox23.webp 1000w, https:\/\/fmp-components.com\/wp-content\/uploads\/2024\/12\/Rotary-Mower-Gearbox23-980x980.webp 980w, https:\/\/fmp-components.com\/wp-content\/uploads\/2024\/12\/Rotary-Mower-Gearbox23-480x480.webp 480w\" sizes=\"(min-width: 0px) and (max-width: 480px) 480px, (min-width: 481px) and (max-width: 980px) 980px, (min-width: 981px) 1000px, 100vw\" \/><\/p>\n<h3>Tietoja FMP:st\u00e4<\/h3>\n<p>Italiassa toimiva FMP on johtava innovaattori vaihteistojen, vaihteistojen ja konepajakoneiden tutkimuksessa, kehityksess\u00e4 ja valmistuksessa. FMP on tunnettu sitoutumisestaan \u200b\u200blaatuun, jatkuvaan parantamiseen ja osaamisen kehitt\u00e4miseen, ja se on ansainnut tunnustusta sek\u00e4 paikallisesti ett\u00e4 kansainv\u00e4lisesti. Vahvan maineensa ansiosta konepajateollisuuden alalla yritys on luotettu kumppani eri toimialoilla.<\/p>\n<p>FMP tarjoaa laajan valikoiman korkean suorituskyvyn tuotteita, kuten kartiohammasvaihteita, lieri\u00f6hammasvaihteita, matovaihteita, lieri\u00f6hammasvaihteita sek\u00e4 korkeapainevalettuja venttiilirunkoja ja -koteloita. N\u00e4m\u00e4 tuotteet on suunniteltu tarkasti vastaamaan teollisuuden ja maatalouden sovellusten monipuolisiin tarpeisiin ja ne tarjoavat luotettavuutta ja kest\u00e4vyytt\u00e4.<\/p>\n<p>Yrityksen vaihteistot ja komponentit palvelevat useita toimialoja, kuten maataloutta, \u00f6ljynporausta, merij\u00e4rjestelmi\u00e4 ja vesirakennusta. Maataloudessa FMP:t\u00e4 k\u00e4ytet\u00e4\u00e4n t\u00e4rkeiden koneiden, kuten ruohonleikkureiden, lumilinkojen, lannoitteenlevittimien ja viljakuljettimien, voimanl\u00e4hteen\u00e4. T\u00e4m\u00e4 laaja k\u00e4ytt\u00f6alue korostaa FMP:n monipuolisuutta ja kyky\u00e4 tarjota ratkaisuja, jotka parantavat toiminnan tehokkuutta eri toimialoilla.<\/p>\n<p>FMP:n valmistusprosessi perustuu edistyneisiin tekniikoihin ja tiukkoihin laadunvalvontastandardeihin. Tuotesuunnittelusta lopulliseen kokoonpanoon jokainen kappale valmistetaan ensiluokkaisista materiaaleista, kuten valuraudasta ja alumiiniseoksista. Tarkat ty\u00f6st\u00f6menetelm\u00e4t takaavat suuren tarkkuuden, ja perusteelliset tarkastukset takaavat luotettavuuden ja pitk\u00e4aikaisen suorituskyvyn. FMP:n keskittyminen laatuun, linjaukseen ja kulutuskest\u00e4vyyteen varmistaa, ett\u00e4 sen tuotteet t\u00e4ytt\u00e4v\u00e4t jatkuvasti korkeimmat standardit.<\/p>\n<p>Eteenp\u00e4in katsovana yrityksen\u00e4 FMP on omistautunut asiakastyytyv\u00e4isyydelle ja jatkuvalle innovaatiolle. Yritys on avoin globaaleille kumppanuuksille ja tarjoaa r\u00e4\u00e4t\u00e4l\u00f6ityj\u00e4 ratkaisuja asiakkaiden tarpeisiin. Saadakseen lis\u00e4tietoja FMP:n tuotteista tai tutkiakseen yhteisty\u00f6mahdollisuuksia, mahdolliset kumppanit voivat helposti ottaa yhteytt\u00e4 yritykseen puhelimitse tai s\u00e4hk\u00f6postitse, mik\u00e4 vahvistaa FMP:n sitoutumista poikkeukselliseen palveluun ja korkealaatuisiin ratkaisuihin.<\/p>\n<p><img loading=\"lazy\" decoding=\"async\" class=\"alignnone size-full wp-image-1861\" src=\"https:\/\/fmp-components.com\/wp-content\/uploads\/2024\/12\/Other-Agricultural-Gearboxes.webp\" alt=\"Muut-Maatalous-Vaihteistot\" width=\"1200\" height=\"1400\" title=\"\" srcset=\"https:\/\/fmp-components.com\/wp-content\/uploads\/2024\/12\/Other-Agricultural-Gearboxes.webp 1200w, https:\/\/fmp-components.com\/wp-content\/uploads\/2024\/12\/Other-Agricultural-Gearboxes-980x1143.webp 980w, https:\/\/fmp-components.com\/wp-content\/uploads\/2024\/12\/Other-Agricultural-Gearboxes-480x560.webp 480w\" sizes=\"(min-width: 0px) and (max-width: 480px) 480px, (min-width: 481px) and (max-width: 980px) 980px, (min-width: 981px) 1200px, 100vw\" \/><\/p>\n<p>Tekij\u00e4: CX<\/p>\n<p>&nbsp;<\/p>","protected":false},"excerpt":{"rendered":"<p>Rotary Mower Gearbox\u00a0TF-285B Specifications i N1[rpm] P1[kW] M2[Nm] Shaft Type Input X Y Z 1.86 1000 91.9 709 1&#8221; 3\/8 Z21 1&#8221; 3\/4 Z20 Hub connection Y Advantages of Rotary Mower Gearbox Rotary mowers equipped with a high-quality gearbox offer numerous advantages, making them an essential tool for landscaping, agriculture, and grounds maintenance. These advantages [&hellip;]<\/p>","protected":false},"featured_media":1946,"comment_status":"open","ping_status":"closed","template":"","meta":{"_et_pb_use_builder":"","_et_pb_old_content":"","_et_gb_content_width":""},"product_brand":[],"product_cat":[51],"product_tag":[],"class_list":{"0":"post-1943","1":"product","2":"type-product","3":"status-publish","4":"has-post-thumbnail","6":"product_cat-rotary-mower-gearbox","8":"first","9":"instock","10":"shipping-taxable","11":"product-type-simple"},"_links":{"self":[{"href":"https:\/\/fmp-components.com\/fi\/wp-json\/wp\/v2\/product\/1943","targetHints":{"allow":["GET"]}}],"collection":[{"href":"https:\/\/fmp-components.com\/fi\/wp-json\/wp\/v2\/product"}],"about":[{"href":"https:\/\/fmp-components.com\/fi\/wp-json\/wp\/v2\/types\/product"}],"replies":[{"embeddable":true,"href":"https:\/\/fmp-components.com\/fi\/wp-json\/wp\/v2\/comments?post=1943"}],"wp:featuredmedia":[{"embeddable":true,"href":"https:\/\/fmp-components.com\/fi\/wp-json\/wp\/v2\/media\/1946"}],"wp:attachment":[{"href":"https:\/\/fmp-components.com\/fi\/wp-json\/wp\/v2\/media?parent=1943"}],"wp:term":[{"taxonomy":"product_brand","embeddable":true,"href":"https:\/\/fmp-components.com\/fi\/wp-json\/wp\/v2\/product_brand?post=1943"},{"taxonomy":"product_cat","embeddable":true,"href":"https:\/\/fmp-components.com\/fi\/wp-json\/wp\/v2\/product_cat?post=1943"},{"taxonomy":"product_tag","embeddable":true,"href":"https:\/\/fmp-components.com\/fi\/wp-json\/wp\/v2\/product_tag?post=1943"}],"curies":[{"name":"wp","href":"https:\/\/api.w.org\/{rel}","templated":true}]}}