{"id":1938,"date":"2024-12-26T02:05:01","date_gmt":"2024-12-26T02:05:01","guid":{"rendered":"https:\/\/fmp-components.com\/?page_id=8"},"modified":"2024-12-26T02:18:02","modified_gmt":"2024-12-26T02:18:02","slug":"rotary-mower-gearbox-replacement-of-comer-code-tf-26a","status":"publish","type":"product","link":"https:\/\/fmp-components.com\/fi\/product\/rotary-mower-gearbox-replacement-of-comer-code-tf-26a\/","title":{"rendered":"Py\u00f6riv\u00e4n ruohonleikkurin vaihteisto \u2013 Comer-koodin TF-26A vaihto"},"content":{"rendered":"<p><img loading=\"lazy\" decoding=\"async\" class=\"size-full wp-image-1942 aligncenter\" src=\"https:\/\/fmp-components.com\/wp-content\/uploads\/2024\/12\/rotary-mower-gearbox-tf26a-1.webp\" alt=\"py\u00f6r\u00f6leikkurin-vaihteisto-tf26a-1\" width=\"300\" height=\"300\" title=\"\" srcset=\"https:\/\/fmp-components.com\/wp-content\/uploads\/2024\/12\/rotary-mower-gearbox-tf26a-1.webp 300w, https:\/\/fmp-components.com\/wp-content\/uploads\/2024\/12\/rotary-mower-gearbox-tf26a-1-150x150.webp 150w, https:\/\/fmp-components.com\/wp-content\/uploads\/2024\/12\/rotary-mower-gearbox-tf26a-1-12x12.webp 12w, https:\/\/fmp-components.com\/wp-content\/uploads\/2024\/12\/rotary-mower-gearbox-tf26a-1-100x100.webp 100w\" sizes=\"(max-width: 300px) 100vw, 300px\" \/><\/p>\n<h2>Py\u00f6riv\u00e4n ruohonleikkurin vaihdelaatikon TF-26A tekniset tiedot<\/h2>\n<p><img loading=\"lazy\" decoding=\"async\" class=\"alignnone size-full wp-image-1939\" src=\"https:\/\/fmp-components.com\/wp-content\/uploads\/2024\/12\/rotary-mower-gearbox-specifications-tf26a.webp\" alt=\"Py\u00f6riv\u00e4n ruohonleikkurin vaihteiston tekniset tiedot-tf26a\" width=\"867\" height=\"449\" title=\"\" srcset=\"https:\/\/fmp-components.com\/wp-content\/uploads\/2024\/12\/rotary-mower-gearbox-specifications-tf26a.webp 867w, https:\/\/fmp-components.com\/wp-content\/uploads\/2024\/12\/rotary-mower-gearbox-specifications-tf26a-480x249.webp 480w\" sizes=\"(min-width: 0px) and (max-width: 480px) 480px, (min-width: 481px) 867px, 100vw\" \/><\/p>\n<table style=\"width: 100%;\" border=\"1\" width=\"100%\" cellspacing=\"0\" cellpadding=\"0\">\n<tbody>\n<tr>\n<td rowspan=\"2\"><strong>min\u00e4<\/strong><\/td>\n<td rowspan=\"2\"><strong>N<sub>1<\/sub>[rpm]<\/strong><\/td>\n<td rowspan=\"2\"><strong>P<sub>1<\/sub>[kW]<\/strong><\/td>\n<td rowspan=\"2\"><strong>M<sub>2<\/sub>[Nm]<\/strong><\/td>\n<td colspan=\"3\"><strong>Akselin tyyppi<\/strong><\/td>\n<td rowspan=\"2\"><strong>Sy\u00f6tt\u00f6<\/strong><\/td>\n<\/tr>\n<tr>\n<td><strong>X<\/strong><\/td>\n<td><strong>Y<\/strong><\/td>\n<td><strong>Z<\/strong><\/td>\n<\/tr>\n<tr>\n<td>1.84<\/td>\n<td>540<\/td>\n<td>66.0<\/td>\n<td>615<\/td>\n<td>1\u201d 3\/8 Z6<\/td>\n<td>1\u201d 3\/8 Z6<\/td>\n<td>Keskittimen yhteys<\/td>\n<td>Y<\/td>\n<\/tr>\n<tr>\n<td>1.47<\/td>\n<td>540<\/td>\n<td>66.0<\/td>\n<td>770<\/td>\n<td>1\u201d 3\/8 Z6<\/td>\n<td>1\u201d 3\/8 Z6<\/td>\n<td>Keskittimen yhteys<\/td>\n<td>Y<\/td>\n<\/tr>\n<\/tbody>\n<\/table>\n<h3>Py\u00f6riv\u00e4n ruohonleikkurin vaihdelaatikon ominaisuudet<\/h3>\n<p>Vaihteisto on t\u00e4rke\u00e4 osa ruohonleikkuria, joka varmistaa, ett\u00e4 leikkuri toimii tehokkaasti ja tuloksellisesti. Maisemanhoitajat, puutarhurit ja maatalousymp\u00e4rist\u00f6ss\u00e4 k\u00e4ytt\u00e4v\u00e4t laajalti ruohonleikkureita, koska ne leikkaavat ruohoa, rikkaruohoja ja pensaita helposti. Korkealaatuinen ruohonleikkurin vaihdelaatikko parantaa leikkurin yleist\u00e4 suorituskyky\u00e4, kest\u00e4vyytt\u00e4 ja pitk\u00e4ik\u00e4isyytt\u00e4, joten se on v\u00e4ltt\u00e4m\u00e4t\u00f6n sujuvan toiminnan kannalta erilaisissa olosuhteissa.<\/p>\n<p>Yksi py\u00f6r\u00f6leikkurin vaihteiston t\u00e4rkeimmist\u00e4 ominaisuuksista on sen <strong>kest\u00e4v\u00e4 kotelo<\/strong>, tyypillisesti valmistettu vahvoista materiaaleista, kuten valuraudasta tai alumiiniseoksista. Kotelo suojaa sis\u00e4isi\u00e4 komponentteja ankarilta ymp\u00e4rist\u00f6tekij\u00f6ilt\u00e4, \u200b\u200bkuten lialta, kosteudelta ja roskilta. T\u00e4m\u00e4 kest\u00e4v\u00e4 rakenne varmistaa, ett\u00e4 vaihteisto pysyy ehj\u00e4n\u00e4 ja toimii luotettavasti vaativissa olosuhteissa, mukaan lukien raskaat niittoteht\u00e4v\u00e4t pelloilla tai ep\u00e4tasaisessa maastossa.<\/p>\n<p>Toinen t\u00e4rke\u00e4 ominaisuus on <strong>laakerit<\/strong> jotka tukevat py\u00f6riv\u00e4\u00e4 akselia ja hammaspy\u00f6ri\u00e4 vaihteiston sis\u00e4ll\u00e4. Laakerit v\u00e4hent\u00e4v\u00e4t kitkaa, jolloin sis\u00e4iset komponentit py\u00f6riv\u00e4t tasaisesti ja tehokkaasti. Ne auttavat my\u00f6s minimoimaan kulumista varmistaen, ett\u00e4 vaihteisto voi toimia pitk\u00e4\u00e4n ilman usein tapahtuvia korjauksia. Laakereiden asianmukainen voitelu on ratkaisevan t\u00e4rke\u00e4\u00e4 ylikuumenemisen est\u00e4miseksi ja optimaalisen suorituskyvyn yll\u00e4pit\u00e4miseksi, mink\u00e4 vuoksi monissa vaihteistoissa on integroitu voiteluj\u00e4rjestelm\u00e4, joka varmistaa, ett\u00e4 kaikki liikkuvat osat ovat hyvin \u00f6ljyttyj\u00e4.<\/p>\n<p>The <strong>tiivisteet<\/strong> Vaihteiston tiivisteill\u00e4 on ratkaiseva rooli ep\u00e4puhtauksien, kuten lian, ruohonleikkuusj\u00e4tteen ja veden, p\u00e4\u00e4syn est\u00e4misess\u00e4. N\u00e4m\u00e4 tiivisteet auttavat yll\u00e4pit\u00e4m\u00e4\u00e4n vaihdelaatikon sis\u00e4ll\u00e4 olevan voitelun eheytt\u00e4 ja suojaamaan sis\u00e4isi\u00e4 hammaspy\u00f6ri\u00e4 vaurioilta. Ilman asianmukaista tiivistyst\u00e4 roskat voivat p\u00e4\u00e4st\u00e4 vaihdelaatikkoon ja aiheuttaa merkitt\u00e4vi\u00e4 vaurioita komponenteille, mik\u00e4 johtaa kalliisiin korjauksiin ja seisokkeihin. Siksi tiivisteet varmistavat, ett\u00e4 vaihdelaatikko pysyy tehokkaana ja pident\u00e4\u00e4 leikkurin k\u00e4ytt\u00f6ik\u00e4\u00e4.<\/p>\n<p>Joissakin edistyneiss\u00e4 py\u00f6r\u00f6leikkureiden vaihteistoissa on lis\u00e4ominaisuuksia <strong>ominaisuuksia, kuten s\u00e4\u00e4dett\u00e4v\u00e4t vaihteet<\/strong> joiden avulla k\u00e4ytt\u00e4j\u00e4t voivat s\u00e4\u00e4t\u00e4\u00e4 leikkuukorkeutta. T\u00e4m\u00e4 ominaisuus on erityisen hy\u00f6dyllinen vaihtelevissa leikkuuolosuhteissa, kuten siirrytt\u00e4ess\u00e4 ruohon leikkaamisesta tihe\u00e4mm\u00e4n kasvillisuuden leikkaamiseen. Korkeuden s\u00e4\u00e4t\u00f6mahdollisuus varmistaa puhtaamman ja tehokkaamman leikkuun, mik\u00e4 antaa k\u00e4ytt\u00e4j\u00e4lle paremman hallinnan leikkuuprosessiin. Lis\u00e4ksi tietyiss\u00e4 vaihteistoissa on my\u00f6s <strong>kytkinmekanismi<\/strong> joka irrottaa ter\u00e4t, kun ruohonleikkuria ei k\u00e4ytet\u00e4. T\u00e4m\u00e4 auttaa est\u00e4m\u00e4\u00e4n terien tarpeetonta kulumista ja v\u00e4hent\u00e4\u00e4 vaurioitumisriski\u00e4 ruohonleikkurin ollessa tyhj\u00e4k\u00e4ynnill\u00e4.<\/p>\n<p>TF-26A-niittokoneen vaihteiston lis\u00e4ksi tarjoamme my\u00f6s useita muita maatalousk\u00e4ytt\u00f6\u00f6n tarkoitettuja vaihteistoja, jotka on suunniteltu tiettyihin k\u00e4ytt\u00f6tarkoituksiin. Olipa kyseess\u00e4 sitten raskas teollisuusk\u00e4ytt\u00f6 tai kevyemm\u00e4t teht\u00e4v\u00e4t, vaihteistovalikoimamme varmistaa, ett\u00e4 jokainen k\u00e4ytt\u00e4j\u00e4 l\u00f6yt\u00e4\u00e4 oikean vaihteiston ruohonleikkuriinsa ja k\u00e4ytt\u00f6tarpeisiinsa.<\/p>\n<p>Yhteenvetona voidaan todeta, ett\u00e4 korkealaatuinen py\u00f6r\u00f6leikkurin vaihdelaatikko on v\u00e4ltt\u00e4m\u00e4t\u00f6n tehokkaan toiminnan varmistamiseksi, kulumisen minimoimiseksi ja leikkurin k\u00e4ytt\u00f6i\u00e4n pident\u00e4miseksi. Kest\u00e4v\u00e4n kotelon, tehokkaiden laakereiden, suojatiivisteiden, s\u00e4\u00e4dett\u00e4vien vaihteiden ja kytkinmekanismien kaltaisten ominaisuuksien ansiosta n\u00e4m\u00e4 vaihdelaatikot edist\u00e4v\u00e4t py\u00f6r\u00f6leikkurien sujuvaa ja luotettavaa suorituskyky\u00e4 erilaisissa ymp\u00e4rist\u00f6iss\u00e4.<\/p>\n<p><img loading=\"lazy\" decoding=\"async\" class=\"alignnone size-full wp-image-1940\" src=\"https:\/\/fmp-components.com\/wp-content\/uploads\/2024\/12\/Rotary-Mower-Gearbox23.webp\" alt=\"Py\u00f6riv\u00e4n ruohonleikkurin vaihdelaatikko\" width=\"1000\" height=\"1000\" title=\"\" srcset=\"https:\/\/fmp-components.com\/wp-content\/uploads\/2024\/12\/Rotary-Mower-Gearbox23.webp 1000w, https:\/\/fmp-components.com\/wp-content\/uploads\/2024\/12\/Rotary-Mower-Gearbox23-980x980.webp 980w, https:\/\/fmp-components.com\/wp-content\/uploads\/2024\/12\/Rotary-Mower-Gearbox23-480x480.webp 480w\" sizes=\"(min-width: 0px) and (max-width: 480px) 480px, (min-width: 481px) and (max-width: 980px) 980px, (min-width: 981px) 1000px, 100vw\" \/><\/p>\n<h3>Myyt\u00e4v\u00e4t nivelakselit<\/h3>\n<p>FMP:ll\u00e4 tarjoamme kattavan valikoiman korkealaatuisia voimanottoakseleita, jotka on erityisesti suunniteltu k\u00e4ytett\u00e4v\u00e4ksi maatalousvaihteistoissa, mukaan lukien py\u00f6r\u00f6niittokoneiden vaihteistot. Voimanottoakselilla on t\u00e4rke\u00e4 rooli mekaanisen voiman siirt\u00e4misess\u00e4 traktorin moottorista maatalouskoneisiin. Se toimii 540\u20131 000 rpm:n nopeuksilla k\u00e4ytt\u00f6tarkoituksen erityisvaatimuksista riippuen.<\/p>\n<p>Nivelakseleidemme suunnittelussa on panostettu kest\u00e4vyyteen ja tehokkuuteen. Niiss\u00e4 on tukeva rakenne ja molemmissa p\u00e4iss\u00e4 haarukka, joka kytkeytyy saumattomasti vaihteistoon. Akseleita on saatavilla eri v\u00e4\u00e4nt\u00f6momenttiarvoilla, joten voit valita oikean vaihtoehdon koneesi tehontarpeiden mukaan. Ty\u00f6skenteletp\u00e4 sitten kevyiden tai raskaiden laitteiden kanssa, tarjoamme optimaalisen suorituskyvyn takaamiseksi r\u00e4\u00e4t\u00e4l\u00f6ityj\u00e4 nivelakseleita.<\/p>\n<p>Laajan vakionivelakseleiden valikoimamme lis\u00e4ksi FMP tarjoaa my\u00f6s r\u00e4\u00e4t\u00e4l\u00f6ityj\u00e4 ratkaisuja koneesi erityisvaatimuksiin. Tarvitsetpa sitten pituuden, v\u00e4\u00e4nt\u00f6momentin tai muiden ominaisuuksien s\u00e4\u00e4t\u00f6j\u00e4, voimme suunnitella ja valmistaa nivelakseleita juuri sinun tarpeisiisi sopivaksi.<\/p>\n<p>Jos etsit tehokkaita nivelakseleita, jotka varmistavat sujuvan voimansiirron ja pitk\u00e4ik\u00e4isen toiminnan, \u00e4l\u00e4 ep\u00e4r\u00f6i ottaa meihin yhteytt\u00e4. Ota yhteytt\u00e4 jo t\u00e4n\u00e4\u00e4n saadaksesi lis\u00e4tietoja tai keskustellaksesi r\u00e4\u00e4t\u00e4l\u00f6idyist\u00e4 nivelakselivaatimuksistasi!<\/p>\n<p><img loading=\"lazy\" decoding=\"async\" class=\"alignnone wp-image-1941\" src=\"https:\/\/fmp-components.com\/wp-content\/uploads\/2024\/12\/rotary-mower-gearbox-and-pto-drive-shaft.webp\" alt=\"Py\u00f6riv\u00e4n ruohonleikkurin vaihdelaatikko\" width=\"873\" height=\"641\" title=\"\" srcset=\"https:\/\/fmp-components.com\/wp-content\/uploads\/2024\/12\/rotary-mower-gearbox-and-pto-drive-shaft.webp 873w, https:\/\/fmp-components.com\/wp-content\/uploads\/2024\/12\/rotary-mower-gearbox-and-pto-drive-shaft-480x353.webp 480w\" sizes=\"(min-width: 0px) and (max-width: 480px) 480px, (min-width: 481px) 873px, 100vw\" \/><\/p>\n<h3>Tietoja FMP:st\u00e4<\/h3>\n<p>Italiassa sijaitseva FMP on arvostettu johtaja vaihteistojen, vaihteistojen ja konepajakoneiden tutkimuksessa, kehityksess\u00e4 ja valmistuksessa. Innovaatioihin, laatuun ja osaamisen kehitt\u00e4miseen keskittymisest\u00e4 tunnettu FMP on vakiinnuttanut asemansa merkitt\u00e4v\u00e4n\u00e4 toimijana konepajateollisuuden alalla. Yritys on ansainnut sek\u00e4 kotimaista ett\u00e4 kansainv\u00e4list\u00e4 tunnustusta omistautumisestaan \u200b\u200bjatkuvaan parantamiseen ja huippuosaamiseen, mik\u00e4 tekee siit\u00e4 luotettavan kumppanin monilla eri toimialoilla.<\/p>\n<p>FMP tarjoaa laajan valikoiman korkean suorituskyvyn tuotteita, kuten kartiovaihteita, lieri\u00f6vaihteita, matovaihteita, lieri\u00f6vaihteita sek\u00e4 korkeapainevalettuja venttiilirunkoja ja -koteloita. N\u00e4m\u00e4 tuotteet on suunniteltu tarkasti vastaamaan erilaisten sovellusten ainutlaatuisiin tarpeisiin. Olipa kyseess\u00e4 sitten raskaat teollisuuskoneet tai erikoistuneet maatalouskoneet, FMP:n vaihteistot tarjoavat luotettavaa suorituskyky\u00e4 ja kest\u00e4vyytt\u00e4.<\/p>\n<p>Yrityksen vaihteistoja ja komponentteja k\u00e4ytet\u00e4\u00e4n laajalti eri teollisuudenaloilla, ja sovelluksia on maataloudessa, \u00f6ljynporauksessa, merij\u00e4rjestelmiss\u00e4 ja vesirakenteessa. Maataloudessa FMP:n tuotteet k\u00e4ytt\u00e4v\u00e4t voimanl\u00e4hteen\u00e4\u00e4n t\u00e4rkeit\u00e4 koneita, kuten ruohonleikkureita, lumilakkoja, lannoitteenlevittimi\u00e4 ja viljakuljettimia. T\u00e4m\u00e4 monipuolisuus osoittaa FMP:n kyvyn palvella useita eri teollisuudenaloja korkealaatuisilla ratkaisuilla, jotka parantavat tehokkuutta ja tuottavuutta.<\/p>\n<p>FMP:n sitoutuminen edistyneeseen valmistuksen huippuosaamiseen heijastuu sen tiukoissa tuotantoprosesseissa. Alkuper\u00e4isest\u00e4 suunnitteluvaiheesta lopulliseen kokoonpanoon jokainen tuote valmistetaan t\u00e4ytt\u00e4m\u00e4\u00e4n korkeimmat laatustandardit. Yritys k\u00e4ytt\u00e4\u00e4 vain korkealaatuisia materiaaleja, kuten valurautaa ja alumiiniseoksia, mik\u00e4 varmistaa kest\u00e4vyyden ja optimaalisen suorituskyvyn. Tarkkuusty\u00f6st\u00f6tekniikoita, kuten sorvausta ja jyrsint\u00e4\u00e4, k\u00e4ytet\u00e4\u00e4n jokaisen komponentin valmistukseen tarkasti. FMP:n laadunvalvontaprosessit varmistavat, ett\u00e4 jokainen tuote toimii luotettavasti, ja niiss\u00e4 on kiinnitetty huomiota linjaukseen, voiteluun ja pitk\u00e4aikaiseen kulumiskest\u00e4vyyteen.<\/p>\n<p>Asiakastyytyv\u00e4isyytt\u00e4 ja innovaatioita arvostavana yrityksen\u00e4 FMP jatkaa vahvan maineensa rakentamista korkean suorituskyvyn tuotteiden toimittajana. Yritys on avoin globaaleille kumppanuuksille ja yhteisty\u00f6lle ja tarjoaa r\u00e4\u00e4t\u00e4l\u00f6ityj\u00e4 ratkaisuja asiakkaiden erityistarpeisiin. Lis\u00e4tietoja tai mahdollisten yhteisty\u00f6mahdollisuuksien keskustelemiseksi asiakkaat voivat helposti ottaa yhteytt\u00e4 FMP:hen puhelimitse tai s\u00e4hk\u00f6postitse, mik\u00e4 vahvistaa yrityksen sitoutumista poikkeukselliseen palveluun ja korkealaatuisiin ratkaisuihin.<\/p>\n<p><img loading=\"lazy\" decoding=\"async\" class=\"alignnone size-full wp-image-1861\" src=\"https:\/\/fmp-components.com\/wp-content\/uploads\/2024\/12\/Other-Agricultural-Gearboxes.webp\" alt=\"Muut-Maatalous-Vaihteistot\" width=\"1200\" height=\"1400\" title=\"\" srcset=\"https:\/\/fmp-components.com\/wp-content\/uploads\/2024\/12\/Other-Agricultural-Gearboxes.webp 1200w, https:\/\/fmp-components.com\/wp-content\/uploads\/2024\/12\/Other-Agricultural-Gearboxes-980x1143.webp 980w, https:\/\/fmp-components.com\/wp-content\/uploads\/2024\/12\/Other-Agricultural-Gearboxes-480x560.webp 480w\" sizes=\"(min-width: 0px) and (max-width: 480px) 480px, (min-width: 481px) and (max-width: 980px) 980px, (min-width: 981px) 1200px, 100vw\" \/><\/p>\n<p>Tekij\u00e4: CX<\/p>","protected":false},"excerpt":{"rendered":"<p>Rotary Mower Gearbox TF-26A\u00a0Specifications i N1[rpm] P1[kW] M2[Nm] Shaft Type Input X Y Z 1.84 540 66.0 615 1&#8221; 3\/8 Z6 1&#8221; 3\/8 Z6 Hub connection Y 1.47 540 66.0 770 1&#8221; 3\/8 Z6 1&#8221; 3\/8 Z6 Hub connection Y Features of Rotary Mower Gearbox The gearbox is a vital component of a rotary mower, [&hellip;]<\/p>","protected":false},"featured_media":1942,"comment_status":"open","ping_status":"closed","template":"","meta":{"_et_pb_use_builder":"","_et_pb_old_content":"","_et_gb_content_width":""},"product_brand":[],"product_cat":[51],"product_tag":[],"class_list":{"0":"post-1938","1":"product","2":"type-product","3":"status-publish","4":"has-post-thumbnail","6":"product_cat-rotary-mower-gearbox","8":"first","9":"instock","10":"shipping-taxable","11":"product-type-simple"},"_links":{"self":[{"href":"https:\/\/fmp-components.com\/fi\/wp-json\/wp\/v2\/product\/1938","targetHints":{"allow":["GET"]}}],"collection":[{"href":"https:\/\/fmp-components.com\/fi\/wp-json\/wp\/v2\/product"}],"about":[{"href":"https:\/\/fmp-components.com\/fi\/wp-json\/wp\/v2\/types\/product"}],"replies":[{"embeddable":true,"href":"https:\/\/fmp-components.com\/fi\/wp-json\/wp\/v2\/comments?post=1938"}],"wp:featuredmedia":[{"embeddable":true,"href":"https:\/\/fmp-components.com\/fi\/wp-json\/wp\/v2\/media\/1942"}],"wp:attachment":[{"href":"https:\/\/fmp-components.com\/fi\/wp-json\/wp\/v2\/media?parent=1938"}],"wp:term":[{"taxonomy":"product_brand","embeddable":true,"href":"https:\/\/fmp-components.com\/fi\/wp-json\/wp\/v2\/product_brand?post=1938"},{"taxonomy":"product_cat","embeddable":true,"href":"https:\/\/fmp-components.com\/fi\/wp-json\/wp\/v2\/product_cat?post=1938"},{"taxonomy":"product_tag","embeddable":true,"href":"https:\/\/fmp-components.com\/fi\/wp-json\/wp\/v2\/product_tag?post=1938"}],"curies":[{"name":"wp","href":"https:\/\/api.w.org\/{rel}","templated":true}]}}