{"id":1930,"date":"2024-12-26T01:36:50","date_gmt":"2024-12-26T01:36:50","guid":{"rendered":"https:\/\/fmp-components.com\/?page_id=8"},"modified":"2024-12-26T01:43:53","modified_gmt":"2024-12-26T01:43:53","slug":"rotary-mower-gearbox-replacement-of-comer-code-lf-125j","status":"publish","type":"product","link":"https:\/\/fmp-components.com\/fi\/product\/rotary-mower-gearbox-replacement-of-comer-code-lf-125j\/","title":{"rendered":"Py\u00f6riv\u00e4n ruohonleikkurin vaihteisto \u2013 Comer-koodin LF-125J vaihto"},"content":{"rendered":"<p><img loading=\"lazy\" decoding=\"async\" class=\"size-full wp-image-1934 aligncenter\" src=\"https:\/\/fmp-components.com\/wp-content\/uploads\/2024\/12\/rotary-mower-gearbox-lf125j.webp\" alt=\"py\u00f6r\u00f6leikkurin-vaihteisto-lf125j\" width=\"300\" height=\"300\" title=\"\" srcset=\"https:\/\/fmp-components.com\/wp-content\/uploads\/2024\/12\/rotary-mower-gearbox-lf125j.webp 300w, https:\/\/fmp-components.com\/wp-content\/uploads\/2024\/12\/rotary-mower-gearbox-lf125j-150x150.webp 150w, https:\/\/fmp-components.com\/wp-content\/uploads\/2024\/12\/rotary-mower-gearbox-lf125j-12x12.webp 12w, https:\/\/fmp-components.com\/wp-content\/uploads\/2024\/12\/rotary-mower-gearbox-lf125j-100x100.webp 100w\" sizes=\"(max-width: 300px) 100vw, 300px\" \/><\/p>\n<h2>Py\u00f6riv\u00e4n ruohonleikkurin vaihteiston LF-125J tekniset tiedot<\/h2>\n<p><img loading=\"lazy\" decoding=\"async\" class=\"alignnone size-full wp-image-1933\" src=\"https:\/\/fmp-components.com\/wp-content\/uploads\/2024\/12\/rotary-mower-gearbox-specifications-lf125j.webp\" alt=\"Py\u00f6riv\u00e4n ruohonleikkurin vaihteiston tekniset tiedot-lf125j\" width=\"963\" height=\"505\" title=\"\" srcset=\"https:\/\/fmp-components.com\/wp-content\/uploads\/2024\/12\/rotary-mower-gearbox-specifications-lf125j.webp 963w, https:\/\/fmp-components.com\/wp-content\/uploads\/2024\/12\/rotary-mower-gearbox-specifications-lf125j-480x252.webp 480w\" sizes=\"(min-width: 0px) and (max-width: 480px) 480px, (min-width: 481px) 963px, 100vw\" \/><\/p>\n<table style=\"width: 100%;\" border=\"1\" width=\"100%\" cellspacing=\"0\" cellpadding=\"0\">\n<tbody>\n<tr>\n<td rowspan=\"2\"><strong>min\u00e4<\/strong><\/td>\n<td rowspan=\"2\"><strong>N<sub>1<\/sub>[rpm]<\/strong><\/td>\n<td rowspan=\"2\"><strong>P<sub>1<\/sub>[kW]<\/strong><\/td>\n<td rowspan=\"2\"><strong>M<sub>2<\/sub>[Nm]<\/strong><\/td>\n<td colspan=\"2\"><strong>Akselin tyyppi<\/strong><\/td>\n<td rowspan=\"2\"><strong>Sy\u00f6tt\u00f6<\/strong><\/td>\n<\/tr>\n<tr>\n<td><strong>X<\/strong><\/td>\n<td><strong>Z<\/strong><\/td>\n<\/tr>\n<tr>\n<td>1.77<\/td>\n<td>540<\/td>\n<td>93.0<\/td>\n<td>901<\/td>\n<td>1\u201d 3\/4 Z20<\/td>\n<td>Keskittimen yhteys<\/td>\n<td>X<\/td>\n<\/tr>\n<tr>\n<td>1.00<\/td>\n<td>1000<\/td>\n<td>93.0<\/td>\n<td>861<\/td>\n<td>1\u201d 3\/4 Z20<\/td>\n<td>Keskittimen yhteys<\/td>\n<td>X<\/td>\n<\/tr>\n<\/tbody>\n<\/table>\n<article class=\"w-full scroll-mb-[var(--thread-trailing-height,150px)] text-token-text-primary focus-visible:outline-2 focus-visible:outline-offset-[-4px]\" dir=\"auto\" data-testid=\"conversation-turn-72\" data-scroll-anchor=\"false\">\n<div class=\"m-auto text-base py-[18px] px-3 md:px-4 w-full md:px-5 lg:px-4 xl:px-5\">\n<div class=\"mx-auto flex flex-1 gap-4 text-base md:gap-5 lg:gap-6 md:max-w-3xl lg:max-w-[40rem] xl:max-w-[48rem]\">\n<div class=\"group\/conversation-turn relative flex w-full min-w-0 flex-col\">\n<div class=\"flex-col gap-1 md:gap-3\">\n<div class=\"flex max-w-full flex-col flex-grow\">\n<div class=\"min-h-8 text-message flex w-full flex-col items-end gap-2 whitespace-normal break-words text-start [.text-message+&amp;]:mt-5\" dir=\"auto\" data-message-author-role=\"user\" data-message-id=\"aaa204bc-fa4c-4e19-9198-f71b801ccd6f\">\n<div class=\"flex w-full flex-col gap-1 empty:hidden items-end rtl:items-start\">\n<div class=\"relative max-w-[var(--user-chat-width,70%)] rounded-3xl bg-token-message-surface px-5 py-2.5\">\n<h3 class=\"whitespace-pre-wrap\">Py\u00f6riv\u00e4n ruohonleikkurin vaihdelaatikon ominaisuudet<\/h3>\n<div class=\"absolute bottom-0 right-full top-0 -mr-3.5 hidden pr-5 pt-1 [.group\\\/conversation-turn:hover_&amp;]:block\">Py\u00f6rivien ruohonleikkureiden vaihteistot ovat t\u00e4rkeit\u00e4 osia nurmikonhoidossa ja maatalouskoneissa, ja niill\u00e4 on keskeinen rooli voiman siirt\u00e4misess\u00e4 traktorista ruohonleikkurin terille. N\u00e4m\u00e4 vaihteistot on suunniteltu kest\u00e4m\u00e4\u00e4n vaativia leikkuuolosuhteita varmistaen tehokkuuden ja kest\u00e4vyyden. T\u00e4ss\u00e4 on joitakin py\u00f6r\u00f6leikkurin vaihteiston t\u00e4rkeimpi\u00e4 ominaisuuksia:<\/div>\n<\/div>\n<\/div>\n<\/div>\n<\/div>\n<\/div>\n<\/div>\n<\/div>\n<\/div>\n<\/article>\n<ol>\n<li><strong>Voimansiirto<\/strong><br \/>\nPy\u00f6riv\u00e4n ruohonleikkurin vaihteiston ensisijainen teht\u00e4v\u00e4 on siirt\u00e4\u00e4 voima traktorin voimanottoakselilta leikkurin terille. Vaihteisto muuntaa traktorin moottorin tehon tarvittavaksi v\u00e4\u00e4nt\u00f6momentiksi ja nopeudeksi, jotta ter\u00e4t voivat leikata ruohon ja kasvillisuuden tehokkaasti.<\/li>\n<li><strong>Kest\u00e4v\u00e4 rakenne<\/strong><br \/>\nPy\u00f6rivien ruohonleikkureiden vaihteistot on valmistettu eritt\u00e4in lujista materiaaleista, kuten valuraudasta tai alumiiniseoksista, kest\u00e4m\u00e4\u00e4n raskaita kuormia ja ankaria k\u00e4ytt\u00f6olosuhteita. Kotelo on tyypillisesti kest\u00e4v\u00e4 ja vahvistettu suojaamaan sis\u00e4isi\u00e4 komponentteja vaurioilta vaativissa olosuhteissa tapahtuvan k\u00e4yt\u00f6n aikana.<\/li>\n<li><strong>Karkaistut vaihteet<\/strong><br \/>\nPy\u00f6riv\u00e4n ruohonleikkurin vaihteiston hammaspy\u00f6r\u00e4t usein l\u00e4mp\u00f6k\u00e4sitell\u00e4\u00e4n ja karkaistaan \u200b\u200bniiden lujuuden ja kulumiskest\u00e4vyyden parantamiseksi. N\u00e4m\u00e4 hammaspy\u00f6r\u00e4t varmistavat sujuvan voimansiirron ja pystyv\u00e4t k\u00e4sittelem\u00e4\u00e4n suuren v\u00e4\u00e4nt\u00f6momentin, jota tarvitaan leikkurin terien ajamiseen paksun ruohon, rikkaruohojen ja muun kovan kasvillisuuden l\u00e4pi.<\/li>\n<li><strong>Sinet\u00f6ity voitelua varten<\/strong><br \/>\nPy\u00f6rivien ruohonleikkureiden vaihteistot on varustettu \u00f6ljytiivisteill\u00e4, jotka est\u00e4v\u00e4t voiteluaineen vuotamisen ja samalla est\u00e4v\u00e4t lian, veden ja roskien p\u00e4\u00e4syn vaihteistoon. Oikea voitelu on v\u00e4ltt\u00e4m\u00e4t\u00f6nt\u00e4 kitkan v\u00e4hent\u00e4miseksi, ylikuumenemisen est\u00e4miseksi ja vaihteiston k\u00e4ytt\u00f6i\u00e4n pident\u00e4miseksi.<\/li>\n<li><strong>Kompakti muotoilu<\/strong><br \/>\nN\u00e4m\u00e4 vaihteistot ovat tyypillisesti kompakteja ja kevyiksi suunniteltuja, mik\u00e4 tekee niist\u00e4 helppoja asentaa ja huoltaa. Niiden tilaa s\u00e4\u00e4st\u00e4v\u00e4 rakenne mahdollistaa optimaalisen tehonsiirron pit\u00e4en samalla j\u00e4rjestelm\u00e4n kokonaispainon hallittavana.<\/li>\n<li><strong>S\u00e4\u00e4dett\u00e4v\u00e4 nopeus ja v\u00e4\u00e4nt\u00f6momentti<\/strong><br \/>\nMonissa py\u00f6r\u00f6leikkureiden vaihteistoissa on mahdollisuus s\u00e4\u00e4t\u00e4\u00e4 leikkurin terien nopeutta ja v\u00e4\u00e4nt\u00f6momenttia. T\u00e4m\u00e4 joustavuus antaa k\u00e4ytt\u00e4jille mahdollisuuden hienos\u00e4\u00e4t\u00e4\u00e4 leikkurin suorituskyky\u00e4 tiettyjen leikkuuvaatimusten mukaan, olipa kyseess\u00e4 sitten ruoho, pensaat tai haastavampi kasvillisuus.<\/li>\n<\/ol>\n<p>N\u00e4m\u00e4 ominaisuudet yhdess\u00e4 tekev\u00e4t py\u00f6r\u00f6leikkurin vaihteistosta laitteen olennaisen osan, joka varmistaa luotettavan, tehokkaan ja turvallisen leikkuun erityisesti vaativissa maatalous- ja maisemointisovelluksissa.<\/p>\n<p><img loading=\"lazy\" decoding=\"async\" class=\"alignnone size-full wp-image-1936\" src=\"https:\/\/fmp-components.com\/wp-content\/uploads\/2024\/12\/rotary-mower-gearbox-lf125j-21.webp\" alt=\"py\u00f6r\u00f6leikkurin-vaihteisto-lf125j\" width=\"900\" height=\"307\" title=\"\" srcset=\"https:\/\/fmp-components.com\/wp-content\/uploads\/2024\/12\/rotary-mower-gearbox-lf125j-21.webp 900w, https:\/\/fmp-components.com\/wp-content\/uploads\/2024\/12\/rotary-mower-gearbox-lf125j-21-480x164.webp 480w\" sizes=\"(min-width: 0px) and (max-width: 480px) 480px, (min-width: 481px) 900px, 100vw\" \/><\/p>\n<h3>PTO-akselit py\u00f6r\u00f6leikkurin vaihdelaatikolle<\/h3>\n<p>Voimanottoakselit ovat v\u00e4ltt\u00e4m\u00e4tt\u00f6mi\u00e4 voiman siirt\u00e4miseksi traktorin moottorista ruohonleikkurin vaihteistoon, mik\u00e4 mahdollistaa leikkuuterien toiminnan. T\u00e4ss\u00e4 on t\u00e4rkeimm\u00e4t tekij\u00e4t, jotka on otettava huomioon ruohonleikkurin vaihteiston voimanottoakselia valittaessa ja k\u00e4ytett\u00e4ess\u00e4:<\/p>\n<p><strong>1. Pituus:<\/strong><br \/>\nNivelakselin pituus on ratkaiseva tekij\u00e4 oikean akselin valinnassa ruohonleikkuriisi. Sen on vastattava traktorin voimanottoakselin l\u00e4ht\u00f6akselin ja ruohonleikkurin vaihteiston tuloakselin v\u00e4list\u00e4 et\u00e4isyytt\u00e4. Jos voimanottoakseli on liian pitk\u00e4 tai lyhyt, se voi aiheuttaa tehottomuutta voimansiirrossa tai vahingoittaa komponentteja. Varmista, ett\u00e4 mittaukset ovat tarkat oikean pituuden valitsemiseksi.<\/p>\n<p><strong>2. Kapasiteetti:<\/strong><br \/>\nVoimanottoakseleita on saatavilla eri teholuokissa, jotka yleens\u00e4 mitataan hevosvoimina (hv). On t\u00e4rke\u00e4\u00e4 valita voimanottoakseli, joka vastaa ruohonleikkurin vaihteiston vaatimaa tehoa ja v\u00e4\u00e4nt\u00f6momenttia. Kapasiteetin on oltava linjassa traktorin moottorin tehon ja ruohonleikkurin vaihteiston teknisten tietojen kanssa. Riitt\u00e4m\u00e4tt\u00f6m\u00e4n kapasiteetin omaavan voimanottoakselin valitseminen voi johtaa liialliseen kulumiseen, mekaanisiin vikoihin tai laitteiden vaurioitumiseen.<\/p>\n<p><strong>3. Turvallisuus:<\/strong><br \/>\nTurvallisuuden on aina oltava etusijalla nivelakseleiden kanssa ty\u00f6skennelt\u00e4ess\u00e4. Ennen kuin teet mit\u00e4\u00e4n huolto-, korjaus- tai s\u00e4\u00e4t\u00f6t\u00f6it\u00e4 ruohonleikkurille tai vaihteistolle, varmista, ett\u00e4 traktori on sammutettu ja nivelakseli on irrotettu. Nivelakselit py\u00f6riv\u00e4t suurilla nopeuksilla ja voivat aiheuttaa vakavia vammoja, jos niit\u00e4 k\u00e4sitell\u00e4\u00e4n v\u00e4\u00e4rin. Noudata aina turvallisuusprotokollia ja k\u00e4yt\u00e4 asianmukaisia \u200b\u200bsuojavarusteita riskien minimoimiseksi.<\/p>\n<p><strong>4. Laatu:<\/strong><br \/>\nNivelakselin laatu vaikuttaa suoraan sen suorituskykyyn ja kest\u00e4vyyteen. Korkealaatuinen nivelakseli on valmistettu kest\u00e4vist\u00e4 materiaaleista, kuten erikoislujasta ter\u00e4ksest\u00e4, kest\u00e4m\u00e4\u00e4n kulumista, korroosiota ja s\u00e4\u00e4nn\u00f6llist\u00e4 mekaanista rasitusta. Nivelakselia valittaessa on varmistettava, ett\u00e4 se on tarkasti suunniteltu varmistamaan pitk\u00e4ik\u00e4inen ja luotettava suorituskyky vaativissa maatalousolosuhteissa.<\/p>\n<p><strong>5. Yhteensopivuus:<\/strong><br \/>\nOn eritt\u00e4in t\u00e4rke\u00e4\u00e4 varmistaa, ett\u00e4 nivelakseli on t\u00e4ysin yhteensopiva sek\u00e4 traktorin ett\u00e4 ruohonleikkurin vaihteiston kanssa. Yhteensopivuuteen kuuluu urien koon, urien lukum\u00e4\u00e4r\u00e4n ja liit\u00e4nt\u00e4tyypin tarkistaminen akselin molemmissa p\u00e4iss\u00e4. Yhteensopimattoman nivelakselin k\u00e4ytt\u00f6 voi johtaa tehottomuuteen, toimintaongelmiin tai sek\u00e4 voimanoton ett\u00e4 vaihteiston osien vaurioitumiseen.<\/p>\n<p><img loading=\"lazy\" decoding=\"async\" class=\"alignnone size-full wp-image-1937\" src=\"https:\/\/fmp-components.com\/wp-content\/uploads\/2024\/12\/rotary-mower-gearbox-and-pto-shaft1.webp\" alt=\"py\u00f6r\u00f6leikkurin-vaihteisto-lf125j\" width=\"800\" height=\"509\" title=\"\" srcset=\"https:\/\/fmp-components.com\/wp-content\/uploads\/2024\/12\/rotary-mower-gearbox-and-pto-shaft1.webp 800w, https:\/\/fmp-components.com\/wp-content\/uploads\/2024\/12\/rotary-mower-gearbox-and-pto-shaft1-480x305.webp 480w\" sizes=\"(min-width: 0px) and (max-width: 480px) 480px, (min-width: 481px) 800px, 100vw\" \/><\/p>\n<h3>Tietoja FMP:st\u00e4<\/h3>\n<p>FMP tarjoaa kattavan valikoiman nivelakseleita, jotka sopivat erilaisiin py\u00f6r\u00f6leikkureiden vaihteistoihin. Tarvitsetpa sitten vakiomallisen nivelakselin tai r\u00e4\u00e4t\u00e4l\u00f6idyn ratkaisun, FMP tarjoaa korkealaatuisia tuotteita, jotka takaavat luotettavan suorituskyvyn. Lis\u00e4tietoja tai tilauksen tekemist\u00e4 varten ota meihin suoraan yhteytt\u00e4 saadaksesi asiantuntija-apua.<\/p>\n<p>Italiassa sijaitseva FMP on tunnettu johtava yritys vaihteistojen, vaihteistojen ja konepajakoneiden tutkimuksessa, kehityksess\u00e4 ja valmistuksessa. Yritys on saanut tunnustusta innovatiivisesta l\u00e4hestymistavastaan, korkeista laatustandardeistaan \u200b\u200bja sitoutumisestaan \u200b\u200bkykyjen tukemiseen, mik\u00e4 on asemoinut itsens\u00e4 keskeiseksi toimijaksi konepajateollisuuden alalla. FMP:n keskittyminen jatkuvaan parantamiseen ja erinomaisuuteen on osaltaan luonut sille vahvan maineen sek\u00e4 kotimaassa ett\u00e4 kansainv\u00e4lisesti.<\/p>\n<p>Yritys tarjoaa laajan valikoiman tuotteita, kuten kartiohammasvaihteita, lieri\u00f6hammasvaihteita, matovaihteita, lieri\u00f6hammasvaihteita sek\u00e4 korkeapainevalettuja venttiilirunkoja ja -koteloita. N\u00e4m\u00e4 tuotteet on suunniteltu tarkasti optimaalisen suorituskyvyn ja luotettavuuden varmistamiseksi erilaisissa teollisissa sovelluksissa. FMP:n vaihteistot ja komponentit valmistetaan vastaamaan kunkin asiakkaan erityisvaatimuksia, mik\u00e4 tarjoaa tehokkuutta ja kest\u00e4vyytt\u00e4 sek\u00e4 raskaassa teollisessa toiminnassa ett\u00e4 erikoiskoneissa.<\/p>\n<p>FMP:n tuotteet palvelevat laajaa kirjoa teollisuudenaloja. Maataloudessa niit\u00e4 k\u00e4ytet\u00e4\u00e4n laitteissa, kuten py\u00f6r\u00f6ruohonleikkureissa, lumilakoissa, lannoitteenlevittimiss\u00e4 ja viljankuljettimissa. Lis\u00e4ksi FMP:n vaihteistot ja komponentit tukevat \u00f6ljynporauskoneita, merij\u00e4rjestelmi\u00e4 ja vesirakennustekniikkaa, mik\u00e4 osoittaa niiden mukautuvuuden ja monipuolisen k\u00e4yt\u00f6n eri teollisuudenaloilla.<\/p>\n<p>Yritys on ylpe\u00e4 edistyneest\u00e4 valmistuskyvyst\u00e4\u00e4n. Jokainen tuote k\u00e4y l\u00e4pi huolellisen tuotantoprosessin suunnitteluvaiheesta alkaen, jossa jokaista sovellusta varten kehitet\u00e4\u00e4n r\u00e4\u00e4t\u00e4l\u00f6idyt tekniset tiedot. Korkealaatuiset materiaalit, kuten valurauta ja alumiiniseokset, valitaan kest\u00e4vyyden ja suorituskyvyn takaamiseksi. Tarkat ty\u00f6st\u00f6tekniikat, kuten sorvaus ja jyrsint\u00e4, varmistavat jokaisen komponentin tarkkuuden, kun taas kokoonpanoprosessi takaa asianmukaisen kohdistuksen ja voitelun. Tiukat laadunvalvontamenettelyt varmistavat jokaisen tuotteen vakauden, luotettavuuden ja pitk\u00e4ik\u00e4isyyden.<\/p>\n<p>FMP:n omistautuminen laatuun, innovaatioihin ja asiakastyytyv\u00e4isyyteen on vakiinnuttanut asemansa arvostettuna johtajana valmistusteollisuudessa. Yrityksen k\u00e4sity\u00f6taito ja edistyneen teknologian k\u00e4ytt\u00f6 takaavat kest\u00e4v\u00e4n arvon tuottamisen. FMP on aina avoin globaaleille kumppanuuksille ja yhteisty\u00f6lle ja tarjoaa r\u00e4\u00e4t\u00e4l\u00f6ityj\u00e4 ratkaisuja asiakkaiden ainutlaatuisten tarpeiden t\u00e4ytt\u00e4miseksi maailmanlaajuisesti. Lis\u00e4tiedusteluja varten potentiaaliset kumppanit voivat helposti ottaa yhteytt\u00e4 puhelimitse tai s\u00e4hk\u00f6postitse, mik\u00e4 vahvistaa FMP:n sitoutumisen poikkeuksellisen asiakaspalvelun ja korkean suorituskyvyn omaavien tuotteiden toimittamiseen.<\/p>\n<p><img loading=\"lazy\" decoding=\"async\" class=\"alignnone size-full wp-image-1861\" src=\"https:\/\/fmp-components.com\/wp-content\/uploads\/2024\/12\/Other-Agricultural-Gearboxes.webp\" alt=\"Muut-Maatalous-Vaihteistot\" width=\"1200\" height=\"1400\" title=\"\" srcset=\"https:\/\/fmp-components.com\/wp-content\/uploads\/2024\/12\/Other-Agricultural-Gearboxes.webp 1200w, https:\/\/fmp-components.com\/wp-content\/uploads\/2024\/12\/Other-Agricultural-Gearboxes-980x1143.webp 980w, https:\/\/fmp-components.com\/wp-content\/uploads\/2024\/12\/Other-Agricultural-Gearboxes-480x560.webp 480w\" sizes=\"(min-width: 0px) and (max-width: 480px) 480px, (min-width: 481px) and (max-width: 980px) 980px, (min-width: 981px) 1200px, 100vw\" \/><\/p>\n<p>Tekij\u00e4: CX<\/p>","protected":false},"excerpt":{"rendered":"<p>Rotary Mower Gearbox LF-125J Specifications i N1[rpm] P1[kW] M2[Nm] Shaft Type Input X Z 1.77 540 93.0 901 1&#8221; 3\/4 Z20 Hub connection X 1.00 1000 93.0 861 1&#8221; 3\/4 Z20 Hub connection X Features of Rotary Mower Gearbox Rotary mower gearboxes are vital components in lawn care and agricultural equipment, playing a key role [&hellip;]<\/p>","protected":false},"featured_media":1934,"comment_status":"open","ping_status":"closed","template":"","meta":{"_et_pb_use_builder":"","_et_pb_old_content":"","_et_gb_content_width":""},"product_brand":[],"product_cat":[51],"product_tag":[],"class_list":{"0":"post-1930","1":"product","2":"type-product","3":"status-publish","4":"has-post-thumbnail","6":"product_cat-rotary-mower-gearbox","8":"first","9":"instock","10":"shipping-taxable","11":"product-type-simple"},"_links":{"self":[{"href":"https:\/\/fmp-components.com\/fi\/wp-json\/wp\/v2\/product\/1930","targetHints":{"allow":["GET"]}}],"collection":[{"href":"https:\/\/fmp-components.com\/fi\/wp-json\/wp\/v2\/product"}],"about":[{"href":"https:\/\/fmp-components.com\/fi\/wp-json\/wp\/v2\/types\/product"}],"replies":[{"embeddable":true,"href":"https:\/\/fmp-components.com\/fi\/wp-json\/wp\/v2\/comments?post=1930"}],"wp:featuredmedia":[{"embeddable":true,"href":"https:\/\/fmp-components.com\/fi\/wp-json\/wp\/v2\/media\/1934"}],"wp:attachment":[{"href":"https:\/\/fmp-components.com\/fi\/wp-json\/wp\/v2\/media?parent=1930"}],"wp:term":[{"taxonomy":"product_brand","embeddable":true,"href":"https:\/\/fmp-components.com\/fi\/wp-json\/wp\/v2\/product_brand?post=1930"},{"taxonomy":"product_cat","embeddable":true,"href":"https:\/\/fmp-components.com\/fi\/wp-json\/wp\/v2\/product_cat?post=1930"},{"taxonomy":"product_tag","embeddable":true,"href":"https:\/\/fmp-components.com\/fi\/wp-json\/wp\/v2\/product_tag?post=1930"}],"curies":[{"name":"wp","href":"https:\/\/api.w.org\/{rel}","templated":true}]}}