{"id":1910,"date":"2024-12-26T00:29:38","date_gmt":"2024-12-26T00:29:38","guid":{"rendered":"https:\/\/fmp-components.com\/?page_id=8"},"modified":"2024-12-26T00:48:00","modified_gmt":"2024-12-26T00:48:00","slug":"rotary-mower-gearboxes-replacement-of-comer-code-lf-149b-11","status":"publish","type":"product","link":"https:\/\/fmp-components.com\/fi\/product\/rotary-mower-gearboxes-replacement-of-comer-code-lf-149b-11\/","title":{"rendered":"Py\u00f6rivien ruohonleikkureiden vaihteistot \u2013 Comer-koodin LF-149B vaihto 1:1"},"content":{"rendered":"<p><img loading=\"lazy\" decoding=\"async\" class=\"alignnone size-full wp-image-1918\" src=\"https:\/\/fmp-components.com\/wp-content\/uploads\/2024\/12\/Rotary-Mower-Gearbox19.webp\" alt=\"Py\u00f6riv\u00e4n ruohonleikkurin vaihdelaatikko\" width=\"773\" height=\"766\" title=\"\" srcset=\"https:\/\/fmp-components.com\/wp-content\/uploads\/2024\/12\/Rotary-Mower-Gearbox19.webp 773w, https:\/\/fmp-components.com\/wp-content\/uploads\/2024\/12\/Rotary-Mower-Gearbox19-480x476.webp 480w\" sizes=\"(min-width: 0px) and (max-width: 480px) 480px, (min-width: 481px) 773px, 100vw\" \/><\/p>\n<h2>Py\u00f6riv\u00e4n ruohonleikkurin vaihteiston LF-149B (1:1) tekniset tiedot<\/h2>\n<p><img loading=\"lazy\" decoding=\"async\" class=\"alignnone size-full wp-image-1917\" src=\"https:\/\/fmp-components.com\/wp-content\/uploads\/2024\/12\/Rotary-Mower-Gearbox-LF-149B-Specifications.webp\" alt=\"Py\u00f6riv\u00e4n ruohonleikkurin vaihteisto LF-149B-Tekniset tiedot\" width=\"1307\" height=\"872\" title=\"\" srcset=\"https:\/\/fmp-components.com\/wp-content\/uploads\/2024\/12\/Rotary-Mower-Gearbox-LF-149B-Specifications.webp 1307w, https:\/\/fmp-components.com\/wp-content\/uploads\/2024\/12\/Rotary-Mower-Gearbox-LF-149B-Specifications-1280x854.webp 1280w, https:\/\/fmp-components.com\/wp-content\/uploads\/2024\/12\/Rotary-Mower-Gearbox-LF-149B-Specifications-980x654.webp 980w, https:\/\/fmp-components.com\/wp-content\/uploads\/2024\/12\/Rotary-Mower-Gearbox-LF-149B-Specifications-480x320.webp 480w\" sizes=\"(min-width: 0px) and (max-width: 480px) 480px, (min-width: 481px) and (max-width: 980px) 980px, (min-width: 981px) and (max-width: 1280px) 1280px, (min-width: 1281px) 1307px, 100vw\" \/><\/p>\n<p><img loading=\"lazy\" decoding=\"async\" class=\"alignnone size-full wp-image-1916\" src=\"https:\/\/fmp-components.com\/wp-content\/uploads\/2024\/12\/Rotary-Mower-Gearbox-LF-149B-Specifications-1.webp\" alt=\"Py\u00f6riv\u00e4n ruohonleikkurin vaihteisto LF-149B-Tekniset tiedot\" width=\"1331\" height=\"316\" title=\"\" srcset=\"https:\/\/fmp-components.com\/wp-content\/uploads\/2024\/12\/Rotary-Mower-Gearbox-LF-149B-Specifications-1.webp 1331w, https:\/\/fmp-components.com\/wp-content\/uploads\/2024\/12\/Rotary-Mower-Gearbox-LF-149B-Specifications-1-1280x304.webp 1280w, https:\/\/fmp-components.com\/wp-content\/uploads\/2024\/12\/Rotary-Mower-Gearbox-LF-149B-Specifications-1-980x233.webp 980w, https:\/\/fmp-components.com\/wp-content\/uploads\/2024\/12\/Rotary-Mower-Gearbox-LF-149B-Specifications-1-480x114.webp 480w\" sizes=\"(min-width: 0px) and (max-width: 480px) 480px, (min-width: 481px) and (max-width: 980px) 980px, (min-width: 981px) and (max-width: 1280px) 1280px, (min-width: 1281px) 1331px, 100vw\" \/><\/p>\n<table class=\"kh-1xzm1su\" border=\"1\" cellspacing=\"0\" cellpadding=\"0\" data-intent=\"lists-product-attributes\" data-test-id=\"attributes-list\">\n<tbody class=\"kh-1ago99h\">\n<tr id=\"alexis#custom#item-id\" class=\"kh-bwvum6\" data-test-id=\"attribute-row\">\n<th class=\"kh-10oizfy\">Tuotekuvaus<\/th>\n<td class=\"kh-1f5nhat\">\n<div class=\"kh-pkx4zo\">Py\u00f6rivien ruohonleikkureiden vaihteistot \u2013 Comer-vaihteiston LF-149B 1:1 vaihto<\/div>\n<\/td>\n<\/tr>\n<tr id=\"attProductDetails\" class=\"kh-bwvum6\" data-test-id=\"attribute-row\">\n<th class=\"kh-10oizfy\">Tuotetiedot<\/th>\n<td class=\"kh-1f5nhat\">\n<ul>\n<li class=\"kh-16zd49f\">Kaikki vaihteistot toimitetaan ilman \u00f6ljy\u00e4.<\/li>\n<li class=\"kh-16zd49f\">Ensimm\u00e4inen \u00f6ljynvaihto 50\u201370 k\u00e4ytt\u00f6tunnin j\u00e4lkeen, sen j\u00e4lkeen 500\u2013700 k\u00e4ytt\u00f6tunnin j\u00e4lkeen tai v\u00e4hint\u00e4\u00e4n kerran vuodessa.<\/li>\n<li class=\"kh-16zd49f\">Ota meihin yhteytt\u00e4, jos haluat tehoa eri kierrosluvulla.<\/li>\n<\/ul>\n<\/td>\n<\/tr>\n<tr id=\"taMaxInputPowerKw\" class=\"kh-bwvum6\" data-test-id=\"attribute-row\">\n<th class=\"kh-10oizfy\">Suurin tuloteho<\/th>\n<td class=\"kh-1f5nhat\">\n<div class=\"kh-pkx4zo\">47 kW<\/div>\n<\/td>\n<\/tr>\n<tr id=\"taContainsOil\" class=\"kh-bwvum6\" data-test-id=\"attribute-row\">\n<th class=\"kh-10oizfy\">Sis\u00e4lt\u00e4\u00e4 \u00f6ljy\u00e4<\/th>\n<td class=\"kh-1f5nhat\">\n<div class=\"kh-pkx4zo\">Ei<\/div>\n<\/td>\n<\/tr>\n<tr id=\"taMaxOilCapacityL\" class=\"kh-bwvum6\" data-test-id=\"attribute-row\">\n<th class=\"kh-10oizfy\">\u00d6ljyn enimm\u00e4istilavuus<\/th>\n<td class=\"kh-1f5nhat\">\n<div class=\"kh-pkx4zo\">0,8 litraa<\/div>\n<\/td>\n<\/tr>\n<tr id=\"taMaxOilChangeIntervalH\" class=\"kh-bwvum6\" data-test-id=\"attribute-row\">\n<th class=\"kh-10oizfy\">\u00d6ljynvaihtov\u00e4li (maks.)<\/th>\n<td class=\"kh-1f5nhat\">\n<div class=\"kh-pkx4zo\">500 tuntia<\/div>\n<\/td>\n<\/tr>\n<tr id=\"taOilSAEViscosityGrade\" class=\"kh-bwvum6\" data-test-id=\"attribute-row\">\n<th class=\"kh-10oizfy\">\u00d6ljyn SAE-viskositeettiluokka<\/th>\n<td class=\"kh-1f5nhat\">\n<div class=\"kh-pkx4zo\">80W-90<\/div>\n<\/td>\n<\/tr>\n<tr id=\"taHousingMaterial_16\" class=\"kh-bwvum6\" data-test-id=\"attribute-row\">\n<th class=\"kh-10oizfy\">Kotelon materiaali<\/th>\n<td class=\"kh-1f5nhat\">\n<div class=\"kh-pkx4zo\">Valurauta GGG40<\/div>\n<\/td>\n<\/tr>\n<tr id=\"taWeightKg_75\" class=\"kh-bwvum6\" data-test-id=\"attribute-row\">\n<th class=\"kh-10oizfy\">Paino<\/th>\n<td class=\"kh-1f5nhat\">\n<div class=\"kh-pkx4zo\">33,4 kg<\/div>\n<\/td>\n<\/tr>\n<tr id=\"taGearArrangementInc\" class=\"kh-bwvum6\" data-test-id=\"attribute-row\">\n<th class=\"kh-10oizfy\">Vaihteistoj\u00e4rjestely Kasvava<\/th>\n<td class=\"kh-1f5nhat\">\n<div class=\"kh-pkx4zo\">3<\/div>\n<\/td>\n<\/tr>\n<tr id=\"taGearRatio\" class=\"kh-bwvum6\" data-test-id=\"attribute-row\">\n<th class=\"kh-10oizfy\">Vaihdesuhde<\/th>\n<td class=\"kh-1f5nhat\">\n<div class=\"kh-pkx4zo\">1:1<\/div>\n<\/td>\n<\/tr>\n<tr id=\"taInputPowerKwHpInc\" class=\"kh-bwvum6\" data-test-id=\"attribute-row\">\n<th class=\"kh-10oizfy\">Sy\u00f6tt\u00f6teho kW \/ hv Kasvava<\/th>\n<td class=\"kh-1f5nhat\">\n<div class=\"kh-pkx4zo\">47\/55 kW\/hv<\/div>\n<\/td>\n<\/tr>\n<tr id=\"taInputShaftIncreasi\" class=\"kh-bwvum6\" data-test-id=\"attribute-row\">\n<th class=\"kh-10oizfy\">Sis\u00e4\u00e4ntuloakseli Kasvava<\/th>\n<td class=\"kh-1f5nhat\">\n<div class=\"kh-pkx4zo\">Z<\/div>\n<\/td>\n<\/tr>\n<tr id=\"taNSOutputTorqueDaNm_1\" class=\"kh-bwvum6\" data-test-id=\"attribute-row\">\n<th class=\"kh-10oizfy\">L\u00e4ht\u00f6momentti DaNm Kasvava<\/th>\n<td class=\"kh-1f5nhat\">\n<div class=\"kh-pkx4zo\">81 daNm<\/div>\n<\/td>\n<\/tr>\n<tr id=\"taRatioIncreasing\" class=\"kh-bwvum6\" data-test-id=\"attribute-row\">\n<th class=\"kh-10oizfy\">Suhde kasvaa<\/th>\n<td class=\"kh-1f5nhat\">\n<div class=\"kh-pkx4zo\">1: 1<\/div>\n<\/td>\n<\/tr>\n<tr id=\"taRatioReducing\" class=\"kh-bwvum6\" data-test-id=\"attribute-row\">\n<th class=\"kh-10oizfy\">Suhteen pienent\u00e4minen<\/th>\n<td class=\"kh-1f5nhat\">\n<div class=\"kh-pkx4zo\">1: 1<\/div>\n<\/td>\n<\/tr>\n<tr id=\"taShaftX\" class=\"kh-bwvum6\" data-test-id=\"attribute-row\">\n<th class=\"kh-10oizfy\">Akseli Z<\/th>\n<td class=\"kh-1f5nhat\">\n<div class=\"kh-pkx4zo\">1 3\/8&#8243; (21)<\/div>\n<\/td>\n<\/tr>\n<\/tbody>\n<\/table>\n<h3>Maatalouden voimanottoakseli ja py\u00f6riv\u00e4n ruohonleikkurin vaihdelaatikko<\/h3>\n<p>Maatalouden voimanottoakseli on olennainen mekaaninen komponentti, jota k\u00e4ytet\u00e4\u00e4n voiman siirt\u00e4miseen traktorin moottorista erilaisiin kiinnitettyihin ty\u00f6koneisiin, kuten py\u00f6r\u00f6niittokoneen vaihteistoihin. Voimanottoakseli kytket\u00e4\u00e4n suoraan traktorin moottorin tehoon ja siirt\u00e4\u00e4 sek\u00e4 tehon ett\u00e4 v\u00e4\u00e4nt\u00f6momentin siihen kytkettyihin laitteisiin. T\u00e4m\u00e4 mahdollistaa raskaiden koneiden, kuten ruohonleikkureiden, jyrsien ja muiden maatalousty\u00f6kalujen, tehokkaan k\u00e4yt\u00f6n.<\/p>\n<p>Py\u00f6riv\u00e4n ruohonleikkurin vaihteistolla on ratkaiseva rooli leikkuuprosessissa, sill\u00e4 se muuntaa voimanottoakselin suuren py\u00f6rimisnopeuden hitaammaksi, suuremman v\u00e4\u00e4nt\u00f6momentin py\u00f6rimisnopeudeksi, jota ruohonleikkurin terien k\u00e4ytt\u00f6 vaatii. T\u00e4m\u00e4 muunnos varmistaa, ett\u00e4 ruohonleikkurin ter\u00e4t tuottavat riitt\u00e4v\u00e4sti voimaa tihe\u00e4n ruohon ja kasvillisuuden tehokkaaseen leikkaamiseen. Lis\u00e4\u00e4m\u00e4ll\u00e4 v\u00e4\u00e4nt\u00f6momenttia ja v\u00e4hent\u00e4m\u00e4ll\u00e4 nopeutta vaihteisto optimoi moottorista v\u00e4littyv\u00e4n tehon varmistaen tasaisen ja tehokkaan leikkuun.<\/p>\n<p>Maatalouden voimanottoakselin ja py\u00f6r\u00f6niittokoneen vaihteiston yhdistelm\u00e4 on laajalti k\u00e4ytetty menetelm\u00e4 suurten maa-alueiden, kuten maatilojen, laidunten ja peltojen, hoitoon. T\u00e4m\u00e4 j\u00e4rjestelm\u00e4 tarjoaa tehokkaan ja tehokkaan ratkaisun suurten maa-alueiden leikkaamiseen, auttaen maanviljelij\u00f6it\u00e4, maisemasuunnittelijoita ja maanomistajia hallitsemaan kiinteist\u00f6j\u00e4\u00e4n helposti.<\/p>\n<h3>N\u00e4in se toimii:<\/h3>\n<p>Voimanottoakselin ja ruohonleikkurin vaihteiston k\u00e4ytt\u00e4miseksi voimanottoakseli kytket\u00e4\u00e4n ensin traktorin voimanottoakseliin. Akselin toinen p\u00e4\u00e4 on kiinnitetty ruohonleikkurin vaihteiston tuloon. Kun voimanottoakseli on kytketty, se v\u00e4litt\u00e4\u00e4 py\u00f6rimisvoiman vaihteistolle. Vaihteisto lis\u00e4\u00e4 sitten v\u00e4\u00e4nt\u00f6momenttia ja samalla hidastaa py\u00f6rimisnopeutta, mik\u00e4 saa leikkurin ter\u00e4t py\u00f6rim\u00e4\u00e4n optimaalisella nopeudella leikkaamista varten. Nopeasti py\u00f6riv\u00e4t ter\u00e4t leikkaavat ruohon l\u00e4pi, ja koko j\u00e4rjestelm\u00e4 jatkaa ty\u00f6skentely\u00e4 pellolla varmistaen siistin ja tehokkaan leikkuun.<\/p>\n<h3>T\u00e4rkeimm\u00e4t edut:<\/h3>\n<ol>\n<li><strong>Tehokas maanhoito<\/strong>T\u00e4m\u00e4 j\u00e4rjestelm\u00e4 mahdollistaa suurten peltojen nopean ja tehokkaan niitt\u00e4misen, mik\u00e4 tekee siit\u00e4 v\u00e4ltt\u00e4m\u00e4tt\u00f6m\u00e4n ty\u00f6kalun maatalouden kunnossapidossa.<\/li>\n<li><strong>Tehokas suorituskyky<\/strong>Voimanottoakselin tehon ja v\u00e4\u00e4nt\u00f6\u00e4 parantavan vaihteiston yhdistelm\u00e4 varmistaa, ett\u00e4 jopa kova ja paksu ruoho voidaan leikata helposti, mik\u00e4 tarjoaa tasaisen suorituskyvyn erilaisissa olosuhteissa.<\/li>\n<li><strong>Kest\u00e4vyys ja luotettavuus<\/strong>Sek\u00e4 voimanottoakseli ett\u00e4 py\u00f6r\u00f6niittokoneen vaihteisto on rakennettu kest\u00e4m\u00e4\u00e4n maatalouden vaativia olosuhteita, mik\u00e4 varmistaa pitk\u00e4aikaisen kest\u00e4vyyden ja luotettavan suorituskyvyn.<\/li>\n<li><strong>Aikaa s\u00e4\u00e4st\u00e4v\u00e4<\/strong>Nivelakselin ja py\u00f6r\u00f6leikkurin vaihteiston k\u00e4ytt\u00f6 mahdollistaa nopeamman niiton perinteisiin menetelmiin verrattuna, mik\u00e4 v\u00e4hent\u00e4\u00e4 maan hoitoon kuluvaa aikaa.<\/li>\n<\/ol>\n<p>Kaiken kaikkiaan maatalouden voimanottoakseli ja py\u00f6r\u00f6niittokoneen vaihteisto ovat v\u00e4ltt\u00e4m\u00e4tt\u00f6mi\u00e4 ty\u00f6kaluja tehokkaaseen ja tulokselliseen maank\u00e4ytt\u00f6\u00f6n. Ne tarjoavat tarvittavan tehon laaja-alaisiin niittoteht\u00e4viin varmistaen, ett\u00e4 maanviljelij\u00e4t ja maanomistajat voivat pit\u00e4\u00e4 kiinteist\u00f6ns\u00e4 huippukunnossa minimaalisella vaivalla ja ajalla. T\u00e4m\u00e4 vankka j\u00e4rjestelm\u00e4 parantaa merkitt\u00e4v\u00e4sti tuottavuutta, v\u00e4hent\u00e4\u00e4 k\u00e4ytt\u00f6kustannuksia ja mahdollistaa s\u00e4\u00e4nn\u00f6llisen maanhoidon, erityisesti tihe\u00e4n kasvillisuuden alueilla.<\/p>\n<table style=\"width: 100%; height: 284px;\" border=\"1\" width=\"100%\" cellspacing=\"0\" cellpadding=\"0\">\n<tbody>\n<tr style=\"height: 284px;\">\n<td style=\"width: 49.784%; height: 284px;\" width=\"110\"><img loading=\"lazy\" decoding=\"async\" class=\"alignnone wp-image-1914\" src=\"https:\/\/fmp-components.com\/wp-content\/uploads\/2024\/12\/Agricultural-PTO-Shaft-and-Rotary-Mower-Gearbox-32.webp\" alt=\"Maatalouden voimanottoakseli ja py\u00f6riv\u00e4 ruohonleikkurivaihteisto\" width=\"462\" height=\"286\" title=\"\"><\/td>\n<td style=\"width: 50%; height: 284px;\" width=\"98\"><img loading=\"lazy\" decoding=\"async\" class=\"alignnone wp-image-1913\" src=\"https:\/\/fmp-components.com\/wp-content\/uploads\/2024\/12\/Agricultural-PTO-Shaft-and-Rotary-Mower-Gearbox-31.webp\" alt=\"Maatalouden voimanottoakseli ja py\u00f6riv\u00e4 ruohonleikkurivaihteisto\" width=\"463\" height=\"287\" title=\"\"><\/td>\n<\/tr>\n<\/tbody>\n<\/table>\n<h3>Tietoja FMP:st\u00e4<\/h3>\n<p>Italiassa toimiva FMP on tunnettu yritys, joka on erikoistunut vaihteistojen, vaihteistojen ja konepajakoneiden tutkimukseen, kehitykseen ja valmistukseen. Alan johtajana vakiintunut FMP on rakentanut maineensa keskittym\u00e4ll\u00e4 innovaatioihin, laatuun ja vahvaan sitoutumiseen osaamisen edist\u00e4miseen, asemoimalla itsens\u00e4 keskeiseksi toimijaksi konepajateollisuuden alalla.<\/p>\n<p><strong>Kattava tuotevalikoima<\/strong><\/p>\n<p>FMP tarjoaa laajan valikoiman tehokkaita tuotteita, jotka on suunniteltu vastaamaan erilaisten teollisuuden tarpeita. Heid\u00e4n tuotevalikoimaansa kuuluvat kartiohammaspy\u00f6r\u00e4vaihteet, lieri\u00f6hammaspy\u00f6r\u00e4vaihteet, matovaihteet, lieri\u00f6hammaspy\u00f6r\u00e4vaihteet sek\u00e4 korkeapainevaletut venttiilipes\u00e4t ja -rungot. Jokainen tuote on valmistettu tarkasti, jotta se tarjoaa luotettavaa ja tehokasta suorituskyky\u00e4 erilaisissa sovelluksissa.<\/p>\n<p><strong>Laajat sovellukset eri toimialoilla<\/strong><\/p>\n<p>FMP:n tuotteet ovat monipuolisia ja palvelevat laajaa kirjoa teollisuudenaloja, mukaan lukien maatalous, jossa ne k\u00e4ytt\u00e4v\u00e4t voimanl\u00e4hteen\u00e4\u00e4n laitteita, kuten ruohonleikkureita, lumilakkoja, lannoitteenlevittimi\u00e4 ja viljakuljettimia. Lis\u00e4ksi FMP toimittaa teollisuuskoneita \u00f6ljynporaukseen, merisovelluksiin ja hydrauliikkakomponentteja, mik\u00e4 osoittaa tuotevalikoimansa sopeutumiskyvyn ja ulottuvuuden.<\/p>\n<p><strong>Edistynytt\u00e4 valmistuksen huippuosaamista<\/strong><\/p>\n<p>FMP:n valmistusprosessi on osoitus sen sitoutumisesta laatuun ja tarkkuuteen. Tuotesuunnittelusta materiaalivalintaan yritys varmistaa, ett\u00e4 jokainen vaihe on r\u00e4\u00e4t\u00e4l\u00f6ity vastaamaan asiakkaiden erityistarpeita. Korkealaatuiset materiaalit, kuten valurauta ja alumiiniseokset, valitaan kest\u00e4vyyden takaamiseksi, kun taas edistyneet ty\u00f6st\u00f6tekniikat, kuten sorvaus ja jyrsint\u00e4, varmistavat jokaisen komponentin tarkkuuden. Kokoonpanoprosessi on huolellinen, ja siin\u00e4 keskityt\u00e4\u00e4n linjaukseen ja voiteluun, kun taas l\u00e4mp\u00f6- ja pintak\u00e4sittelyt parantavat lujuutta, kulutuskest\u00e4vyytt\u00e4 ja ulkon\u00e4k\u00f6\u00e4. Tiukat laadunvalvontatoimenpiteet varmistavat, ett\u00e4 jokainen tuote t\u00e4ytt\u00e4\u00e4 vakauden ja luotettavuuden suorituskykystandardit.<\/p>\n<p><strong>Alan maine ja globaalit kumppanuudet<\/strong><\/p>\n<p>FMP:n omistautuminen laatuun, innovaatioihin ja asiakastyytyv\u00e4isyyteen on ansainnut sille erinomaisen maineen valmistavassa teollisuudessa. Yritys jatkaa perint\u00f6ns\u00e4 rakentamista hy\u00f6dynt\u00e4m\u00e4ll\u00e4 edistynytt\u00e4 teknologiaa ja k\u00e4sity\u00f6taitoa. FMP toivottaa tervetulleeksi globaalit kumppanuudet ja yhteisty\u00f6t ja on sitoutunut tarjoamaan r\u00e4\u00e4t\u00e4l\u00f6ityj\u00e4 ratkaisuja, jotka vastaavat asiakkaiden ainutlaatuisiin tarpeisiin maailmanlaajuisesti. Lis\u00e4tietoja tuotteista ja palveluista potentiaaliset kumppanit voivat helposti ottaa yhteytt\u00e4 puhelimitse tai s\u00e4hk\u00f6postitse, mik\u00e4 vahvistaa FMP:n sitoutumista asiakasl\u00e4ht\u00f6iseen huippuosaamiseen.<\/p>\n<p><img loading=\"lazy\" decoding=\"async\" class=\"alignnone size-full wp-image-1861\" src=\"https:\/\/fmp-components.com\/wp-content\/uploads\/2024\/12\/Other-Agricultural-Gearboxes.webp\" alt=\"Muut-Maatalous-Vaihteistot\" width=\"1200\" height=\"1400\" title=\"\" srcset=\"https:\/\/fmp-components.com\/wp-content\/uploads\/2024\/12\/Other-Agricultural-Gearboxes.webp 1200w, https:\/\/fmp-components.com\/wp-content\/uploads\/2024\/12\/Other-Agricultural-Gearboxes-980x1143.webp 980w, https:\/\/fmp-components.com\/wp-content\/uploads\/2024\/12\/Other-Agricultural-Gearboxes-480x560.webp 480w\" sizes=\"(min-width: 0px) and (max-width: 480px) 480px, (min-width: 481px) and (max-width: 980px) 980px, (min-width: 981px) 1200px, 100vw\" \/><\/p>\n<p>Tekij\u00e4: CX<\/p>\n<p>&nbsp;<\/p>","protected":false},"excerpt":{"rendered":"<p>Specifications of Rotary Mower Gearbox LF-149B (1:1) Product Description Rotary Mower Gearboxes &#8211; Replacement of Comer Gearbox LF-149B 1:1 Product details All gearboxes are supplied without oil. First oil change after 50-70 operating hours, then after 500-700 operating hours or at least once a year. Contact us for power at a different RPM. Max. input [&hellip;]<\/p>","protected":false},"featured_media":1918,"comment_status":"open","ping_status":"closed","template":"","meta":{"_et_pb_use_builder":"","_et_pb_old_content":"","_et_gb_content_width":""},"product_brand":[],"product_cat":[51],"product_tag":[],"class_list":{"0":"post-1910","1":"product","2":"type-product","3":"status-publish","4":"has-post-thumbnail","6":"product_cat-rotary-mower-gearbox","8":"first","9":"instock","10":"shipping-taxable","11":"product-type-simple"},"_links":{"self":[{"href":"https:\/\/fmp-components.com\/fi\/wp-json\/wp\/v2\/product\/1910","targetHints":{"allow":["GET"]}}],"collection":[{"href":"https:\/\/fmp-components.com\/fi\/wp-json\/wp\/v2\/product"}],"about":[{"href":"https:\/\/fmp-components.com\/fi\/wp-json\/wp\/v2\/types\/product"}],"replies":[{"embeddable":true,"href":"https:\/\/fmp-components.com\/fi\/wp-json\/wp\/v2\/comments?post=1910"}],"wp:featuredmedia":[{"embeddable":true,"href":"https:\/\/fmp-components.com\/fi\/wp-json\/wp\/v2\/media\/1918"}],"wp:attachment":[{"href":"https:\/\/fmp-components.com\/fi\/wp-json\/wp\/v2\/media?parent=1910"}],"wp:term":[{"taxonomy":"product_brand","embeddable":true,"href":"https:\/\/fmp-components.com\/fi\/wp-json\/wp\/v2\/product_brand?post=1910"},{"taxonomy":"product_cat","embeddable":true,"href":"https:\/\/fmp-components.com\/fi\/wp-json\/wp\/v2\/product_cat?post=1910"},{"taxonomy":"product_tag","embeddable":true,"href":"https:\/\/fmp-components.com\/fi\/wp-json\/wp\/v2\/product_tag?post=1910"}],"curies":[{"name":"wp","href":"https:\/\/api.w.org\/{rel}","templated":true}]}}