{"id":1900,"date":"2024-12-24T08:58:11","date_gmt":"2024-12-24T08:58:11","guid":{"rendered":"https:\/\/fmp-components.com\/?page_id=8"},"modified":"2024-12-24T09:04:04","modified_gmt":"2024-12-24T09:04:04","slug":"rotary-mower-gearboxes-replacement-of-comer-code-lf-199a","status":"publish","type":"product","link":"https:\/\/fmp-components.com\/fi\/product\/rotary-mower-gearboxes-replacement-of-comer-code-lf-199a\/","title":{"rendered":"Py\u00f6rivien ruohonleikkureiden vaihteistot \u2013 Comer-koodin LF-199A vaihto"},"content":{"rendered":"<p><img loading=\"lazy\" decoding=\"async\" class=\"size-full wp-image-1905 aligncenter\" src=\"https:\/\/fmp-components.com\/wp-content\/uploads\/2024\/12\/Rotary-Mower-Gearboxes-Replacement-of-Comer-Code-LF-199A.webp\" alt=\"Py\u00f6riv\u00e4n ruohonleikkurin vaihteistojen vaihto, Comer-koodi LF-199A\" width=\"600\" height=\"600\" title=\"\" srcset=\"https:\/\/fmp-components.com\/wp-content\/uploads\/2024\/12\/Rotary-Mower-Gearboxes-Replacement-of-Comer-Code-LF-199A.webp 600w, https:\/\/fmp-components.com\/wp-content\/uploads\/2024\/12\/Rotary-Mower-Gearboxes-Replacement-of-Comer-Code-LF-199A-480x480.webp 480w\" sizes=\"(min-width: 0px) and (max-width: 480px) 480px, (min-width: 481px) 600px, 100vw\" \/><\/p>\n<h2>Py\u00f6riv\u00e4n ruohonleikkurin vaihdelaatikon LF-199A tekniset tiedot\u00a0<img loading=\"lazy\" decoding=\"async\" class=\"alignnone size-full wp-image-1904\" src=\"https:\/\/fmp-components.com\/wp-content\/uploads\/2024\/12\/Specifications-of-Rotary-Mower-Gearbox-LF-199A.webp\" alt=\"Py\u00f6riv\u00e4n ruohonleikkurin vaihteiston LF-199A tekniset tiedot\" width=\"1311\" height=\"879\" title=\"\" srcset=\"https:\/\/fmp-components.com\/wp-content\/uploads\/2024\/12\/Specifications-of-Rotary-Mower-Gearbox-LF-199A.webp 1311w, https:\/\/fmp-components.com\/wp-content\/uploads\/2024\/12\/Specifications-of-Rotary-Mower-Gearbox-LF-199A-1280x858.webp 1280w, https:\/\/fmp-components.com\/wp-content\/uploads\/2024\/12\/Specifications-of-Rotary-Mower-Gearbox-LF-199A-980x657.webp 980w, https:\/\/fmp-components.com\/wp-content\/uploads\/2024\/12\/Specifications-of-Rotary-Mower-Gearbox-LF-199A-480x322.webp 480w\" sizes=\"(min-width: 0px) and (max-width: 480px) 480px, (min-width: 481px) and (max-width: 980px) 980px, (min-width: 981px) and (max-width: 1280px) 1280px, (min-width: 1281px) 1311px, 100vw\" \/><\/h2>\n<p><img loading=\"lazy\" decoding=\"async\" class=\"alignnone size-full wp-image-1903\" src=\"https:\/\/fmp-components.com\/wp-content\/uploads\/2024\/12\/Specifications-of-Rotary-Mower-Gearbox-LF-199A-1.webp\" alt=\"Py\u00f6riv\u00e4n ruohonleikkurin vaihteiston LF-199A-1 tekniset tiedot\" width=\"1333\" height=\"506\" title=\"\" srcset=\"https:\/\/fmp-components.com\/wp-content\/uploads\/2024\/12\/Specifications-of-Rotary-Mower-Gearbox-LF-199A-1.webp 1333w, https:\/\/fmp-components.com\/wp-content\/uploads\/2024\/12\/Specifications-of-Rotary-Mower-Gearbox-LF-199A-1-1280x486.webp 1280w, https:\/\/fmp-components.com\/wp-content\/uploads\/2024\/12\/Specifications-of-Rotary-Mower-Gearbox-LF-199A-1-980x372.webp 980w, https:\/\/fmp-components.com\/wp-content\/uploads\/2024\/12\/Specifications-of-Rotary-Mower-Gearbox-LF-199A-1-480x182.webp 480w\" sizes=\"(min-width: 0px) and (max-width: 480px) 480px, (min-width: 481px) and (max-width: 980px) 980px, (min-width: 981px) and (max-width: 1280px) 1280px, (min-width: 1281px) 1333px, 100vw\" \/><\/p>\n<table border=\"1\" cellspacing=\"0\" cellpadding=\"0\">\n<tbody>\n<tr>\n<td>Malli:<\/td>\n<td>Py\u00f6riv\u00e4n ruohonleikkurin vaihteiston vaihto Comer-vaihteistoihin LF-199A<\/td>\n<\/tr>\n<tr>\n<td>Hakemuksen tyyppi:<\/td>\n<td>Nopeutta lis\u00e4\u00e4v\u00e4 yksikk\u00f6<\/td>\n<\/tr>\n<tr>\n<td>Sy\u00f6tt\u00f6teho:<\/td>\n<td>\u00a045 hv - 33 kW (540 rpm)<\/td>\n<\/tr>\n<tr>\n<td>Suhde:<\/td>\n<td>3,00<\/td>\n<\/tr>\n<tr>\n<td>L\u00e4hd\u00f6t:<\/td>\n<td>2<\/td>\n<\/tr>\n<tr>\n<td>Kierto:<\/td>\n<td>Py\u00f6riminen m\u00e4\u00e4ritell\u00e4\u00e4n joko my\u00f6t\u00e4- tai vastap\u00e4iv\u00e4\u00e4n katsomalla liikkuviin komponentteihin (akseli, hihnapy\u00f6r\u00e4 tai hammaspy\u00f6r\u00e4) \"sis\u00e4\u00e4np\u00e4in\" vaihdelaatikon ollessa komponentin takana.<\/td>\n<\/tr>\n<tr>\n<td>Akselien py\u00f6riminen:<\/td>\n<td>\u00a0Lataa datalehti tarkistaaksesi mahdollisen k\u00e4ytett\u00e4viss\u00e4 olevan py\u00f6rimissuunnan.<\/td>\n<\/tr>\n<tr>\n<td>Materiaali:<\/td>\n<td>\u00a0Valurauta<\/td>\n<\/tr>\n<tr>\n<td>Kuivapaino:<\/td>\n<td>\u00a027,5 kg<\/td>\n<\/tr>\n<tr>\n<td>Toimitetaan ilman voiteluainetta<\/td>\n<td>\u2022 Saatavilla alennusvaihteelle (kysy tekniselt\u00e4 osastoltamme)<\/p>\n<p>\u2022 Saatavilla eri akselien py\u00f6rimissuuntia (kysy tekniselt\u00e4 osastoltamme)<\/td>\n<\/tr>\n<\/tbody>\n<\/table>\n<h3>Py\u00f6riv\u00e4n ruohonleikkurin vaihdelaatikon LF-199A ominaisuudet<\/h3>\n<p>LF-199A-py\u00f6r\u00f6leikkurin vaihteisto on tehokas ja raskaaseen k\u00e4ytt\u00f6\u00f6n tarkoitettu vaihteisto, joka on erityisesti suunniteltu py\u00f6r\u00f6leikkureille. Se on suunniteltu kest\u00e4m\u00e4\u00e4n vaativia maatalous- ja teollisuusteht\u00e4vi\u00e4 ja tarjoaa luotettavan voimansiirron tehokkaisiin niittotoimintoihin. LF-199A on suoravetoinen vaihteisto, mik\u00e4 tarkoittaa, ett\u00e4 se siirt\u00e4\u00e4 voiman suoraan moottorista terille, jolloin hihnoja tai ketjuja ei tarvita. T\u00e4m\u00e4 ei ainoastaan \u200b\u200blis\u00e4\u00e4 tehokkuutta, vaan my\u00f6s auttaa v\u00e4hent\u00e4m\u00e4\u00e4n melua ja t\u00e4rin\u00e4\u00e4, mik\u00e4 varmistaa tasaisemman ja hiljaisemman toiminnan.<\/p>\n<p>Korkealaatuisista materiaaleista valmistettu LF-199A-vaihteisto sopii erinomaisesti sek\u00e4 kaupallisiin ett\u00e4 asuinrakennuksiin, ja se tarjoaa kest\u00e4vyytt\u00e4, luotettavuutta ja helppok\u00e4ytt\u00f6isyytt\u00e4. Alla on joitakin t\u00e4rkeimpi\u00e4 ominaisuuksia, jotka tekev\u00e4t LF-199A:sta suositun valinnan ruohonleikkureiden omistajille:<\/p>\n<h4>T\u00e4rkeimm\u00e4t ominaisuudet:<\/h4>\n<ol>\n<li>Yksinopeusrakenne: LF-199A:ssa on yksinopeusrakenne, joka varmistaa tasaisen ja luotettavan toiminnan kiinte\u00e4ll\u00e4 nopeudella. T\u00e4m\u00e4 yksinkertaistaa asennusta ja k\u00e4ytt\u00f6\u00e4, joten se on helppo vaihtoehto useimmille py\u00f6r\u00f6leikkureille.<\/li>\n<li>Suuri v\u00e4\u00e4nt\u00f6momentti: Suuren v\u00e4\u00e4nt\u00f6momentin suorituskykyyn suunniteltu LF-199A pystyy tehokkaasti siirt\u00e4m\u00e4\u00e4n voiman moottorista leikkurin terille. T\u00e4m\u00e4n kapasiteetin ansiosta vaihteisto pystyy k\u00e4sittelem\u00e4\u00e4n vaativia leikkuuteht\u00e4vi\u00e4 jopa haastavissa olosuhteissa tehokkuudesta tinkim\u00e4tt\u00e4.<\/li>\n<li>Kest\u00e4v\u00e4 rakenne: LF-199A on valmistettu ensiluokkaisista materiaaleista, kuten valuraudasta tai alumiiniseoksista, ja se on tehty kest\u00e4m\u00e4\u00e4n. Sen vankka rakenne varmistaa, ett\u00e4 se kest\u00e4\u00e4 s\u00e4\u00e4nn\u00f6llisen k\u00e4yt\u00f6n kulumista ja tarjoaa pitk\u00e4ik\u00e4isen suorituskyvyn vaativissa ymp\u00e4rist\u00f6iss\u00e4.<\/li>\n<li>Helppo asennus: LF-199A on suunniteltu helppoa asennusta silm\u00e4ll\u00e4 pit\u00e4en. Sen k\u00e4ytt\u00e4j\u00e4yst\u00e4v\u00e4lliset kiinnitysvaihtoehdot mahdollistavat nopean asennuksen, mik\u00e4 v\u00e4hent\u00e4\u00e4 seisokkiaikaa ja yll\u00e4pitokustannuksia. T\u00e4m\u00e4 ominaisuus on erityisen hy\u00f6dyllinen kaupallisille toimijoille, joiden on pidett\u00e4v\u00e4 laitteet toiminnassa sujuvasti.<\/li>\n<li>Sujuva ja hiljainen k\u00e4ytt\u00f6: Yksi LF-199A-vaihteiston erottuvista ominaisuuksista on sen sujuva k\u00e4ytt\u00f6. Melua ja t\u00e4rin\u00e4\u00e4 minimoimaan suunniteltu vaihteisto tarjoaa hiljaisemman ja mukavamman leikkuukokemuksen, mik\u00e4 on erityisen edullista meluherkiss\u00e4 ymp\u00e4rist\u00f6iss\u00e4.<\/li>\n<li>Mukautettavat v\u00e4lityssuhteet ja v\u00e4\u00e4nt\u00f6momentit: LF-199A-vaihteistoa on saatavilla useissa eri kokoonpanoissa, mukaan lukien erilaiset v\u00e4lityssuhteet ja v\u00e4\u00e4nt\u00f6momentit. T\u00e4m\u00e4n r\u00e4\u00e4t\u00e4l\u00f6innin ansiosta vaihteisto voidaan r\u00e4\u00e4t\u00e4l\u00f6id\u00e4 erilaisten ruohonleikkureiden erityistarpeisiin, mik\u00e4 tekee siit\u00e4 monipuolisen vaihtoehdon monenlaisiin k\u00e4ytt\u00f6tarkoituksiin.<\/li>\n<li>V\u00e4hemm\u00e4n huoltoa ja pidempi k\u00e4ytt\u00f6ik\u00e4: Suoravetoinen rakenne ja korkealaatuiset materiaalit v\u00e4hent\u00e4v\u00e4t liikkuvien osien kulumista, mik\u00e4 pident\u00e4\u00e4 vaihteiston k\u00e4ytt\u00f6ik\u00e4\u00e4. T\u00e4m\u00e4 tarkoittaa pienempi\u00e4 huoltotarpeita ja alhaisempia kokonaisk\u00e4ytt\u00f6kustannuksia.<\/li>\n<li>Monipuolisuus eri k\u00e4ytt\u00f6tarkoituksiin: K\u00e4ytitp\u00e4 LF-199A:ta sitten kaupallisessa, teollisessa tai asuinymp\u00e4rist\u00f6ss\u00e4, sen monipuolisuus tekee siit\u00e4 ensisijaisen ratkaisun erilaisille ruohonleikkureille. Sen kest\u00e4v\u00e4 muotoilu sopii sek\u00e4 laaja-alaisiin operaatioihin ett\u00e4 pienempiin asuink\u00e4ytt\u00f6\u00f6n tarkoitettuihin ruohonleikkureihin.<\/li>\n<\/ol>\n<p>Yhteenvetona voidaan todeta, ett\u00e4 LF-199A-py\u00f6r\u00f6leikkurin vaihteisto on kest\u00e4v\u00e4, tehokas ja helppohoitoinen vaihteisto, joka tarjoaa erinomaisen voimansiirron, tasaisen toiminnan ja monipuolisuuden. Mukautettavien ominaisuuksiensa ja kest\u00e4v\u00e4n rakenteensa ansiosta se on ihanteellinen valinta kaikille, jotka etsiv\u00e4t luotettavaa suorituskyky\u00e4 py\u00f6r\u00f6leikkuriltaan.<\/p>\n<p><img loading=\"lazy\" decoding=\"async\" class=\"alignnone size-full wp-image-1907\" src=\"https:\/\/fmp-components.com\/wp-content\/uploads\/2024\/12\/Rotary-Mower-Gearbox16.webp\" alt=\"Py\u00f6riv\u00e4n ruohonleikkurin vaihdelaatikko\" width=\"1278\" height=\"471\" title=\"\" srcset=\"https:\/\/fmp-components.com\/wp-content\/uploads\/2024\/12\/Rotary-Mower-Gearbox16.webp 1278w, https:\/\/fmp-components.com\/wp-content\/uploads\/2024\/12\/Rotary-Mower-Gearbox16-980x361.webp 980w, https:\/\/fmp-components.com\/wp-content\/uploads\/2024\/12\/Rotary-Mower-Gearbox16-480x177.webp 480w\" sizes=\"(min-width: 0px) and (max-width: 480px) 480px, (min-width: 481px) and (max-width: 980px) 980px, (min-width: 981px) 1278px, 100vw\" \/><\/p>\n<h3>Py\u00f6rivien ruohonleikkureiden vaihdelaatikoiden sovellukset<\/h3>\n<p>Py\u00f6rivien ruohonleikkureiden vaihteistoilla on ratkaiseva rooli erilaisissa maatalous- ja teollisuuslaitteissa, sill\u00e4 ne tarjoavat tarvittavan v\u00e4\u00e4nt\u00f6momentin ja nopeuden koneiden tehokkaaseen k\u00e4ytt\u00e4miseen. N\u00e4m\u00e4 vaihteistot ovat v\u00e4ltt\u00e4m\u00e4tt\u00f6mi\u00e4 py\u00f6r\u00f6leikkureiden leikkuuterien k\u00e4ytt\u00e4miseksi ja optimaalisen suorituskyvyn varmistamiseksi raskaissa teht\u00e4viss\u00e4. Alla on joitakin keskeisi\u00e4 sovelluksia, joissa py\u00f6r\u00f6leikkureiden vaihteistoja yleisesti k\u00e4ytet\u00e4\u00e4n:<\/p>\n<h4>1. Ruohonleikkurit:<\/h4>\n<p>Py\u00f6rivien ruohonleikkureiden vaihteistoja k\u00e4ytet\u00e4\u00e4n laajalti ruohonleikkureissa terien k\u00e4ytt\u00e4miseen, mink\u00e4 ansiosta ne leikkaavat ruohon tasaisesti ja tehokkaasti. N\u00e4m\u00e4 vaihteistot on suunniteltu tuottamaan oikean m\u00e4\u00e4r\u00e4n v\u00e4\u00e4nt\u00f6momenttia ja nopeutta, mik\u00e4 varmistaa puhtaan ja tasaisen leikkauksen minimoimalla t\u00e4rin\u00e4n ja melun.<\/p>\n<h4>2. Maatalouskoneet:<\/h4>\n<p>Py\u00f6rivien niittokoneiden vaihteistot ovat ratkaiseva osa maatalouskoneissa, kuten hein\u00e4niittokoneissa, lautasniittokoneissa ja muissa sadonleikkuukoneissa. Ne antavat ter\u00e4lle voiman hein\u00e4n, ruohon ja muiden satojen leikkaamiseen varmistaen tasaisen ja tehokkaan leikkuun, mik\u00e4 on olennaista maataloustoiminnassa.<\/p>\n<h4>3. Maisemointilaitteet:<\/h4>\n<p>Maisemointilaitteissa, kuten raivaussahoissa, pensasleikkureissa ja puutarharuohonleikkureissa, py\u00f6r\u00f6leikkureiden vaihteistot tarjoavat leikkuuterien k\u00e4ytt\u00f6\u00f6n tarvittavan tehon. N\u00e4m\u00e4 vaihteistot auttavat nurmikoiden, puutarhojen ja maisemien hoidossa mahdollistamalla tarkan leikkauksen ja trimmauksen, mik\u00e4 tekee niist\u00e4 arvokkaan ty\u00f6kalun niin ammattimaisille maisemasuunnittelijoille kuin omakotitaloasukkaillekin.<\/p>\n<h4>4. Murskaimet:<\/h4>\n<p>Tihe\u00e4n kasvillisuuden raivaamiseen ensisijaisesti k\u00e4ytett\u00e4vien murskainten voimanl\u00e4hteen\u00e4 on py\u00f6riv\u00e4t ruohonleikkurit, jotka silppuavat ja silppuavat ruohoa, rikkaruohoja ja muita kasvimateriaaleja. Vaihteisto varmistaa, ett\u00e4 v\u00e4\u00e4nt\u00f6momenttia on riitt\u00e4v\u00e4sti vaikeiden, umpeenkasvaneiden alueiden k\u00e4sittelyyn.<\/p>\n<h4>5. Lannoitteenlevittimet:<\/h4>\n<p>Joissakin lannoitteenlevittimiss\u00e4 k\u00e4ytet\u00e4\u00e4n py\u00f6rivi\u00e4 ruohonleikkurin vaihteistoja levitysmekanismin voimanl\u00e4hteen\u00e4, mik\u00e4 varmistaa lannoitteiden tasaisen ja yhdenmukaisen levityksen laajoille alueille. Vaihteisto tarjoaa tarvittavan v\u00e4\u00e4nt\u00f6momentin levittimen liikkeen ohjaamiseksi, mik\u00e4 varmistaa tarkkuuden ja tehokkuuden.<\/p>\n<h4>6. Rehunsekoittimet:<\/h4>\n<p>Rehunsekoittimissa k\u00e4ytet\u00e4\u00e4n py\u00f6rivien ruohonleikkureiden vaihteistoja sekoitusterien voimanl\u00e4hteen\u00e4, mik\u00e4 auttaa sekoittamaan el\u00e4inten rehun ainesosat tasaisesti. Vaihteisto varmistaa, ett\u00e4 sekoituster\u00e4t py\u00f6riv\u00e4t oikealla nopeudella ja v\u00e4\u00e4nt\u00f6momentilla, mik\u00e4 parantaa rehuseoksen sakeutta.<\/p>\n<h4>7. Paluukaivajat:<\/h4>\n<p>Py\u00f6rivien ruohonleikkureiden vaihteistoja k\u00e4ytet\u00e4\u00e4n my\u00f6s paalukaivajissa, joissa ne k\u00e4ytt\u00e4v\u00e4t kairoja, jotka poraavat reiki\u00e4 aitoja, istutuksia tai muita sovelluksia varten. Vaihteiston suuri v\u00e4\u00e4nt\u00f6momentti varmistaa, ett\u00e4 kaira tunkeutuu tehokkaasti kovaan maaper\u00e4\u00e4n.<\/p>\n<h4>8. Py\u00f6riv\u00e4t maanmuokkaimet:<\/h4>\n<p>Py\u00f6riv\u00e4ss\u00e4 maanmuokkaimessa, jota k\u00e4ytet\u00e4\u00e4n maaper\u00e4n valmisteluun istutusta varten, py\u00f6rivien ruohonleikkureiden vaihteistot k\u00e4ytt\u00e4v\u00e4t jyrsinteri\u00e4 varmistaen tehokkaan maanmuokkauksen. N\u00e4m\u00e4 vaihteistot auttavat jyrsinteri\u00e4 py\u00f6rim\u00e4\u00e4n tarvittavalla nopeudella ja v\u00e4\u00e4nt\u00f6momentilla maaper\u00e4n rikkomiseksi ja orgaanisten aineiden sekoittamiseksi.<\/p>\n<h4>9. Lumikellot:<\/h4>\n<p>Jotkin lumenaurauslaitteet, kuten <strong>lumilakkakoneet<\/strong>, k\u00e4ytt\u00e4\u00e4 py\u00f6rivi\u00e4 ruohonleikkurin vaihteistoja py\u00f6rivien harjojen tai ruuvien voimanl\u00e4hteen\u00e4, jotka poistavat lunta teilt\u00e4, \u200b\u200bpys\u00e4k\u00f6intialueilta ja k\u00e4velyteilt\u00e4. Vaihteisto varmistaa, ett\u00e4 tehoa v\u00e4littyy riitt\u00e4v\u00e4sti lumen tehokkaaseen liikutteluun kylmiss\u00e4 ja vaativissa olosuhteissa.<\/p>\n<p>Py\u00f6rivien ruohonleikkureiden vaihteistot ovat monipuolisia komponentteja, jotka k\u00e4ytt\u00e4v\u00e4t leikkaus- ja py\u00f6ritysmekanismeja monenlaisissa maatalous-, maisemointi- ja teollisuuslaitteissa. Ruohonleikkureista rehunsekoittimiin ja murskainleikkureihin n\u00e4m\u00e4 vaihteistot tarjoavat tarvittavan v\u00e4\u00e4nt\u00f6momentin ja nopeuden varmistaakseen luotettavan ja tehokkaan suorituskyvyn vaativissa ymp\u00e4rist\u00f6iss\u00e4. Niiden kest\u00e4v\u00e4 rakenne ja kyky siirt\u00e4\u00e4 tehoa tehokkaasti tekev\u00e4t niist\u00e4 keskeisen osan sek\u00e4 kaupallisissa ett\u00e4 asuink\u00e4ytt\u00f6kohteissa k\u00e4ytett\u00e4vi\u00e4 laitteita.<\/p>\n<p><img loading=\"lazy\" decoding=\"async\" class=\"alignnone size-full wp-image-1906\" src=\"https:\/\/fmp-components.com\/wp-content\/uploads\/2024\/12\/Rotary-Mower-Gearbox17.webp\" alt=\"Py\u00f6riv\u00e4n ruohonleikkurin vaihdelaatikko\" width=\"1280\" height=\"463\" title=\"\" srcset=\"https:\/\/fmp-components.com\/wp-content\/uploads\/2024\/12\/Rotary-Mower-Gearbox17.webp 1280w, https:\/\/fmp-components.com\/wp-content\/uploads\/2024\/12\/Rotary-Mower-Gearbox17-980x354.webp 980w, https:\/\/fmp-components.com\/wp-content\/uploads\/2024\/12\/Rotary-Mower-Gearbox17-480x174.webp 480w\" sizes=\"(min-width: 0px) and (max-width: 480px) 480px, (min-width: 481px) and (max-width: 980px) 980px, (min-width: 981px) 1280px, 100vw\" \/><\/p>\n<h3><strong>Tietoja FMP:st\u00e4<\/strong><\/h3>\n<p>Italiassa sijaitseva FMP on vakiintunut johtaja vaihteistojen, vaihteistojen ja konepajakoneiden tutkimuksessa, kehityksess\u00e4 ja valmistuksessa. Yritys on rakentanut maineensa keskittym\u00e4ll\u00e4 innovaatioihin, laatuun ja sitoutumiseen osaamisen edist\u00e4miseen, asemoimalla itsens\u00e4 alan keskeiseksi toimijaksi.<\/p>\n<p><strong>Kattava tuotevalikoima<\/strong><\/p>\n<p>FMP:n monipuolinen tuotevalikoima sis\u00e4lt\u00e4\u00e4:<\/p>\n<ul>\n<li>Spiraalikartiovaihteistot<\/li>\n<li>Lieri\u00f6vaihteistot<\/li>\n<li>Matovaihteistot<\/li>\n<li>Sylinterim\u00e4iset vaihteistot<\/li>\n<li>Korkeapainevaletut venttiilirungot ja -kotelot<\/li>\n<\/ul>\n<p><strong>Laajat sovellukset eri toimialoilla<\/strong><\/p>\n<p>FMP:n tuotteet ovat eritt\u00e4in monipuolisia ja palvelevat laajaa kirjoa teollisuudenaloja, kuten:<\/p>\n<ul>\n<li><strong>Maatalous<\/strong>Py\u00f6riv\u00e4t ruohonleikkurit, lumilingot, lannoitteenlevittimet ja viljankuljettimet.<\/li>\n<li><strong>Teollisuuslaitteet<\/strong>\u00d6ljynporauksessa, merisovelluksissa ja insin\u00f6\u00f6riprojektien hydraulisissa komponenteissa k\u00e4ytett\u00e4v\u00e4t koneet.<\/li>\n<\/ul>\n<p><strong>Edistynytt\u00e4 valmistuksen huippuosaamista<\/strong><\/p>\n<p>FMP on ylpe\u00e4 vankasta teknisest\u00e4 osaamisestaan \u200b\u200bja tutkimus- ja kehitysty\u00f6st\u00e4\u00e4n, mik\u00e4 varmistaa luotettavien ja korkealaatuisten tuotteiden tuotannon. Heid\u00e4n valmistusprosessiinsa kuuluu:<\/p>\n<ul>\n<li><strong>Tuotesuunnittelu<\/strong>R\u00e4\u00e4t\u00e4l\u00f6idyt tiedot, mukaan lukien vaihteiston tyyppi, materiaali ja mitat, kehitet\u00e4\u00e4n.<\/li>\n<li><strong>Materiaalivalinta<\/strong>Korkealaatuiset materiaalit, kuten valurauta ja alumiiniseokset, valitaan optimaalisen suorituskyvyn saavuttamiseksi.<\/li>\n<li><strong>Tarkkuuskoneistus<\/strong>Tarkkojen komponenttien valmistukseen k\u00e4ytet\u00e4\u00e4n edistyneit\u00e4 tekniikoita, kuten sorvausta ja jyrsint\u00e4\u00e4.<\/li>\n<li><strong>Kokoonpano<\/strong>Vaihteet, laakerit ja akselit on koottu huolellisesti, mik\u00e4 varmistaa asianmukaisen kohdistuksen ja voitelun.<\/li>\n<li><strong>L\u00e4mp\u00f6k\u00e4sittely<\/strong>Vaihteistot on k\u00e4sitelty lujuuden ja kulutuskest\u00e4vyyden parantamiseksi.<\/li>\n<li><strong>Pintak\u00e4sittely<\/strong>Kiillotus ja pulverimaalaus parantavat sek\u00e4 ulkon\u00e4k\u00f6\u00e4 ett\u00e4 korroosionkest\u00e4vyytt\u00e4.<\/li>\n<li><strong>Laadunvalvonta<\/strong>Tiukka tarkastus- ja testausprosessi varmistaa, ett\u00e4 jokainen tuote t\u00e4ytt\u00e4\u00e4 vakautta ja tarkkuutta koskevat suorituskykystandardit.<\/li>\n<\/ul>\n<p><strong>Alan maine<\/strong><\/p>\n<p>FMP:n omistautuminen laatuun, innovaatioihin ja asiakastyytyv\u00e4isyyteen on vakiinnuttanut sen maineen alan johtavana valmistajana. Yrityksen keskittyminen k\u00e4sity\u00f6taitoon ja edistyneeseen teknologiaan ohjaa sen sitoutumista kest\u00e4v\u00e4n arvon tuottamiseen.<\/p>\n<p><strong>Tee yhteisty\u00f6t\u00e4 kanssamme<\/strong><\/p>\n<p>FMP on avoin globaaleille kumppanuuksille ja yhteisty\u00f6lle. Saadaksesi lis\u00e4tietoja tuotteistamme ja palveluistamme, ota rohkeasti yhteytt\u00e4 puhelimitse tai s\u00e4hk\u00f6postitse. Olemme omistautuneet tarjoamaan r\u00e4\u00e4t\u00e4l\u00f6ityj\u00e4 ratkaisuja asiakkaidemme ainutlaatuisten tarpeiden t\u00e4ytt\u00e4miseksi.<\/p>\n<p><img loading=\"lazy\" decoding=\"async\" class=\"alignnone size-full wp-image-1861\" src=\"https:\/\/fmp-components.com\/wp-content\/uploads\/2024\/12\/Other-Agricultural-Gearboxes.webp\" alt=\"Muut-Maatalous-Vaihteistot\" width=\"1200\" height=\"1400\" title=\"\" srcset=\"https:\/\/fmp-components.com\/wp-content\/uploads\/2024\/12\/Other-Agricultural-Gearboxes.webp 1200w, https:\/\/fmp-components.com\/wp-content\/uploads\/2024\/12\/Other-Agricultural-Gearboxes-980x1143.webp 980w, https:\/\/fmp-components.com\/wp-content\/uploads\/2024\/12\/Other-Agricultural-Gearboxes-480x560.webp 480w\" sizes=\"(min-width: 0px) and (max-width: 480px) 480px, (min-width: 481px) and (max-width: 980px) 980px, (min-width: 981px) 1200px, 100vw\" \/><\/p>\n<p>Tekij\u00e4: CX<\/p>","protected":false},"excerpt":{"rendered":"<p>Specifications of\u00a0Rotary Mower Gearbox LF-199A\u00a0 Model: Rotary Mower Gearbox Replacement of Comer Gearboxes LF-199A Type of application: Speed increasing unit Input power rate: \u00a045Cv-33Kw (540RPM) Ratio: 3,00 Outputs: 2 Rotation: The rotation is defined as either clocwise or counter-clockwise by looking &#8220;into&#8221; the components in motion ( shaft, pulley, or sprocket), with the gearbox behind [&hellip;]<\/p>","protected":false},"featured_media":1905,"comment_status":"open","ping_status":"closed","template":"","meta":{"_et_pb_use_builder":"","_et_pb_old_content":"","_et_gb_content_width":""},"product_brand":[],"product_cat":[51],"product_tag":[],"class_list":{"0":"post-1900","1":"product","2":"type-product","3":"status-publish","4":"has-post-thumbnail","6":"product_cat-rotary-mower-gearbox","8":"first","9":"instock","10":"shipping-taxable","11":"product-type-simple"},"_links":{"self":[{"href":"https:\/\/fmp-components.com\/fi\/wp-json\/wp\/v2\/product\/1900","targetHints":{"allow":["GET"]}}],"collection":[{"href":"https:\/\/fmp-components.com\/fi\/wp-json\/wp\/v2\/product"}],"about":[{"href":"https:\/\/fmp-components.com\/fi\/wp-json\/wp\/v2\/types\/product"}],"replies":[{"embeddable":true,"href":"https:\/\/fmp-components.com\/fi\/wp-json\/wp\/v2\/comments?post=1900"}],"wp:featuredmedia":[{"embeddable":true,"href":"https:\/\/fmp-components.com\/fi\/wp-json\/wp\/v2\/media\/1905"}],"wp:attachment":[{"href":"https:\/\/fmp-components.com\/fi\/wp-json\/wp\/v2\/media?parent=1900"}],"wp:term":[{"taxonomy":"product_brand","embeddable":true,"href":"https:\/\/fmp-components.com\/fi\/wp-json\/wp\/v2\/product_brand?post=1900"},{"taxonomy":"product_cat","embeddable":true,"href":"https:\/\/fmp-components.com\/fi\/wp-json\/wp\/v2\/product_cat?post=1900"},{"taxonomy":"product_tag","embeddable":true,"href":"https:\/\/fmp-components.com\/fi\/wp-json\/wp\/v2\/product_tag?post=1900"}],"curies":[{"name":"wp","href":"https:\/\/api.w.org\/{rel}","templated":true}]}}