{"id":1879,"date":"2024-12-24T08:39:47","date_gmt":"2024-12-24T08:39:47","guid":{"rendered":"https:\/\/fmp-components.com\/?page_id=8"},"modified":"2024-12-24T08:49:01","modified_gmt":"2024-12-24T08:49:01","slug":"rotary-mower-gearbox-replacement-of-comer-code-lf140j","status":"publish","type":"product","link":"https:\/\/fmp-components.com\/fi\/product\/rotary-mower-gearbox-replacement-of-comer-code-lf140j\/","title":{"rendered":"Py\u00f6riv\u00e4n ruohonleikkurin vaihteisto \u2013 Comer-koodin LF140J vaihto"},"content":{"rendered":"<p><img loading=\"lazy\" decoding=\"async\" class=\"alignnone size-full wp-image-1893\" src=\"https:\/\/fmp-components.com\/wp-content\/uploads\/2024\/12\/Rotary-Mower-Gearbox10.webp\" alt=\"Py\u00f6riv\u00e4n ruohonleikkurin vaihdelaatikko\" width=\"1225\" height=\"605\" title=\"\" srcset=\"https:\/\/fmp-components.com\/wp-content\/uploads\/2024\/12\/Rotary-Mower-Gearbox10.webp 1225w, https:\/\/fmp-components.com\/wp-content\/uploads\/2024\/12\/Rotary-Mower-Gearbox10-980x484.webp 980w, https:\/\/fmp-components.com\/wp-content\/uploads\/2024\/12\/Rotary-Mower-Gearbox10-480x237.webp 480w\" sizes=\"(min-width: 0px) and (max-width: 480px) 480px, (min-width: 481px) and (max-width: 980px) 980px, (min-width: 981px) 1225px, 100vw\" \/><\/p>\n<h2>Py\u00f6riv\u00e4n ruohonleikkurin vaihdelaatikon LF-140J tekniset tiedot<\/h2>\n<p><img loading=\"lazy\" decoding=\"async\" class=\"alignnone size-full wp-image-1890\" src=\"https:\/\/fmp-components.com\/wp-content\/uploads\/2024\/12\/Rotary-Mower-Gearbox-LF-140J-Specifications-1.webp\" alt=\"Py\u00f6riv\u00e4n-ruohonleikkurin-vaihteisto-LF-140J-Tekniset tiedot\" width=\"1335\" height=\"889\" title=\"\" srcset=\"https:\/\/fmp-components.com\/wp-content\/uploads\/2024\/12\/Rotary-Mower-Gearbox-LF-140J-Specifications-1.webp 1335w, https:\/\/fmp-components.com\/wp-content\/uploads\/2024\/12\/Rotary-Mower-Gearbox-LF-140J-Specifications-1-1280x852.webp 1280w, https:\/\/fmp-components.com\/wp-content\/uploads\/2024\/12\/Rotary-Mower-Gearbox-LF-140J-Specifications-1-980x653.webp 980w, https:\/\/fmp-components.com\/wp-content\/uploads\/2024\/12\/Rotary-Mower-Gearbox-LF-140J-Specifications-1-480x320.webp 480w\" sizes=\"(min-width: 0px) and (max-width: 480px) 480px, (min-width: 481px) and (max-width: 980px) 980px, (min-width: 981px) and (max-width: 1280px) 1280px, (min-width: 1281px) 1335px, 100vw\" \/> <img loading=\"lazy\" decoding=\"async\" class=\"alignnone size-full wp-image-1891\" src=\"https:\/\/fmp-components.com\/wp-content\/uploads\/2024\/12\/Rotary-Mower-Gearbox-LF-140J-Specifications-2.webp\" alt=\"Py\u00f6riv\u00e4n-ruohonleikkurin-vaihteisto-LF-140J-Tekniset tiedot\" width=\"1330\" height=\"373\" title=\"\" srcset=\"https:\/\/fmp-components.com\/wp-content\/uploads\/2024\/12\/Rotary-Mower-Gearbox-LF-140J-Specifications-2.webp 1330w, https:\/\/fmp-components.com\/wp-content\/uploads\/2024\/12\/Rotary-Mower-Gearbox-LF-140J-Specifications-2-1280x359.webp 1280w, https:\/\/fmp-components.com\/wp-content\/uploads\/2024\/12\/Rotary-Mower-Gearbox-LF-140J-Specifications-2-980x275.webp 980w, https:\/\/fmp-components.com\/wp-content\/uploads\/2024\/12\/Rotary-Mower-Gearbox-LF-140J-Specifications-2-480x135.webp 480w\" sizes=\"(min-width: 0px) and (max-width: 480px) 480px, (min-width: 481px) and (max-width: 980px) 980px, (min-width: 981px) and (max-width: 1280px) 1280px, (min-width: 1281px) 1330px, 100vw\" \/><\/p>\n<table class=\"kh-1xzm1su\" border=\"1\" cellspacing=\"0\" cellpadding=\"0\" data-intent=\"lists-product-attributes\" data-test-id=\"attributes-list\">\n<tbody class=\"kh-1ago99h\">\n<tr id=\"alexis#custom#item-id\" class=\"kh-bwvum6\" data-test-id=\"attribute-row\">\n<th class=\"kh-10oizfy\">Tuotekuvaus<\/th>\n<td class=\"kh-1f5nhat\">\n<div class=\"kh-pkx4zo\">Py\u00f6riv\u00e4n ruohonleikkurin vaihteisto \u2013 Comer-vaihteiston LF-140J vaihto<\/div>\n<\/td>\n<\/tr>\n<tr id=\"attProductDetails\" class=\"kh-bwvum6\" data-test-id=\"attribute-row\">\n<th class=\"kh-10oizfy\">Tuotetiedot<\/th>\n<td class=\"kh-1f5nhat\">\n<ul>\n<li class=\"kh-16zd49f\">Ota yhteytt\u00e4 saadaksesi tehoa eri kierrosluvulla<\/li>\n<li class=\"kh-16zd49f\">Vaihteisto toimitetaan ilman \u00f6ljy\u00e4 ja se on t\u00e4ytett\u00e4v\u00e4 ennen ensimm\u00e4ist\u00e4 k\u00e4ytt\u00f6kertaa.<\/li>\n<li class=\"kh-16zd49f\">Ensimm\u00e4inen \u00f6ljynvaihto 50\u201370 k\u00e4ytt\u00f6tunnin j\u00e4lkeen, sen j\u00e4lkeen 500\u2013700 k\u00e4ytt\u00f6tunnin j\u00e4lkeen tai v\u00e4hint\u00e4\u00e4n kerran vuodessa.<\/li>\n<\/ul>\n<\/td>\n<\/tr>\n<tr id=\"attApplicationRange\" class=\"kh-bwvum6\" data-test-id=\"attribute-row\">\n<th class=\"kh-10oizfy\">K\u00e4ytt\u00f6alue<\/th>\n<td class=\"kh-1f5nhat\">\n<div class=\"kh-pkx4zo\">Ruohonleikkurit<\/div>\n<\/td>\n<\/tr>\n<tr id=\"attConsistsOf\" class=\"kh-bwvum6\" data-test-id=\"attribute-row\">\n<th class=\"kh-10oizfy\">Koostuu<\/th>\n<td class=\"kh-1f5nhat\">\n<ul>\n<li class=\"kh-16zd49f\">Vaihteisto<\/li>\n<li class=\"kh-16zd49f\">Ilman \u00f6ljy\u00e4<\/li>\n<\/ul>\n<\/td>\n<\/tr>\n<tr id=\"taContainsOil\" class=\"kh-bwvum6\" data-test-id=\"attribute-row\">\n<th class=\"kh-10oizfy\">Sis\u00e4lt\u00e4\u00e4 \u00f6ljy\u00e4<\/th>\n<td class=\"kh-1f5nhat\">\n<div class=\"kh-pkx4zo\">Ei<\/div>\n<\/td>\n<\/tr>\n<tr id=\"taMaxOilCapacityL\" class=\"kh-bwvum6\" data-test-id=\"attribute-row\">\n<th class=\"kh-10oizfy\">\u00d6ljyn enimm\u00e4istilavuus<\/th>\n<td class=\"kh-1f5nhat\">\n<div class=\"kh-pkx4zo\">1,4 litraa<\/div>\n<\/td>\n<\/tr>\n<tr id=\"taMaxOilChangeIntervalH\" class=\"kh-bwvum6\" data-test-id=\"attribute-row\">\n<th class=\"kh-10oizfy\">\u00d6ljynvaihtov\u00e4li (maks.)<\/th>\n<td class=\"kh-1f5nhat\">\n<div class=\"kh-pkx4zo\">500 tuntia<\/div>\n<\/td>\n<\/tr>\n<tr id=\"taOilSAEViscosityGrade\" class=\"kh-bwvum6\" data-test-id=\"attribute-row\">\n<th class=\"kh-10oizfy\">\u00d6ljyn SAE-viskositeettiluokka<\/th>\n<td class=\"kh-1f5nhat\">\n<div class=\"kh-pkx4zo\">80W-90<\/div>\n<\/td>\n<\/tr>\n<tr id=\"taHousingMaterial_16\" class=\"kh-bwvum6\" data-test-id=\"attribute-row\">\n<th class=\"kh-10oizfy\">Kotelon materiaali<\/th>\n<td class=\"kh-1f5nhat\">\n<div class=\"kh-pkx4zo\">Valurauta GGG40<\/div>\n<\/td>\n<\/tr>\n<tr id=\"taWeightKg_75\" class=\"kh-bwvum6\" data-test-id=\"attribute-row\">\n<th class=\"kh-10oizfy\">Paino<\/th>\n<td class=\"kh-1f5nhat\">\n<div class=\"kh-pkx4zo\">28,5 kg<\/div>\n<\/td>\n<\/tr>\n<tr id=\"taGearArrangementInc\" class=\"kh-bwvum6\" data-test-id=\"attribute-row\">\n<th class=\"kh-10oizfy\">Vaihteistoj\u00e4rjestely Kasvava<\/th>\n<td class=\"kh-1f5nhat\">\n<div class=\"kh-pkx4zo\">3<\/div>\n<\/td>\n<\/tr>\n<tr id=\"taInputPowerKwHpInc\" class=\"kh-bwvum6\" data-test-id=\"attribute-row\">\n<th class=\"kh-10oizfy\">Sy\u00f6tt\u00f6teho kW \/ hv Kasvava<\/th>\n<td class=\"kh-1f5nhat\">\n<div class=\"kh-pkx4zo\">44\/60 kW\/hv<\/div>\n<\/td>\n<\/tr>\n<tr id=\"taInputShaftIncreasi\" class=\"kh-bwvum6\" data-test-id=\"attribute-row\">\n<th class=\"kh-10oizfy\">Sis\u00e4\u00e4ntuloakseli Kasvava<\/th>\n<td class=\"kh-1f5nhat\">\n<div class=\"kh-pkx4zo\">X<\/div>\n<\/td>\n<\/tr>\n<tr id=\"taNSOutputTorqueDaNm_1\" class=\"kh-bwvum6\" data-test-id=\"attribute-row\">\n<th class=\"kh-10oizfy\">L\u00e4ht\u00f6momentti DaNm Kasvava<\/th>\n<td class=\"kh-1f5nhat\">\n<div class=\"kh-pkx4zo\">39 daNm<\/div>\n<\/td>\n<\/tr>\n<tr id=\"taRatioIncreasing\" class=\"kh-bwvum6\" data-test-id=\"attribute-row\">\n<th class=\"kh-10oizfy\">Suhde kasvaa<\/th>\n<td class=\"kh-1f5nhat\">\n<div class=\"kh-pkx4zo\">1:1.93<\/div>\n<\/td>\n<\/tr>\n<tr id=\"taRatioReducing\" class=\"kh-bwvum6\" data-test-id=\"attribute-row\">\n<th class=\"kh-10oizfy\">Suhteen pienent\u00e4minen<\/th>\n<td class=\"kh-1f5nhat\">\n<div class=\"kh-pkx4zo\">1.93: 1<\/div>\n<\/td>\n<\/tr>\n<tr id=\"taShaftX\" class=\"kh-bwvum6\" data-test-id=\"attribute-row\">\n<th class=\"kh-10oizfy\">Akseli X<\/th>\n<td class=\"kh-1f5nhat\">\n<div class=\"kh-pkx4zo\">1 3\/8&#8243; (6)<\/div>\n<\/td>\n<\/tr>\n<tr id=\"taShaftZ\" class=\"kh-bwvum6\" data-test-id=\"attribute-row\">\n<th class=\"kh-10oizfy\">Akseli Z<\/th>\n<td class=\"kh-1f5nhat\">\n<div class=\"kh-pkx4zo\">ASA Z15 DP 8\/16<\/div>\n<\/td>\n<\/tr>\n<\/tbody>\n<\/table>\n<h3>LF-140J-py\u00f6r\u00f6leikkurin vaihdelaatikon osat<\/h3>\n<p>LF-140J-py\u00f6r\u00f6leikkurin vaihteisto on hienostunut kone, joka on suunniteltu tarjoamaan luotettavaa voimansiirtoa py\u00f6r\u00f6leikkureille. Se koostuu useista keskeisist\u00e4 osista, jotka toimivat yhdess\u00e4 tehokkaan toiminnan varmistamiseksi. Alla on yleiskatsaus LF-140J-py\u00f6r\u00f6leikkurin vaihteiston t\u00e4rkeimmist\u00e4 osista:<\/p>\n<ol>\n<li><strong>Tuloakseli<\/strong><br \/>\nTuloakseli on osa, joka vastaanottaa voiman traktorin voimanottoakselilta ja siirt\u00e4\u00e4 sen ruohonleikkurin vaihteiston sis\u00e4isille hammaspy\u00f6rille. Sill\u00e4 on ratkaiseva rooli voimansiirron k\u00e4ynnist\u00e4misess\u00e4 vaihteistoon.<\/li>\n<li><strong>Vaihteet<\/strong><br \/>\nVaihteiston sis\u00e4ll\u00e4 olevat hammaspy\u00f6r\u00e4t vastaavat voiman siirt\u00e4misest\u00e4 tuloakselilta l\u00e4ht\u00f6akselille. Hammaspy\u00f6rien rakenne ja kokoonpano, mukaan lukien niiden koko ja hampaiden lukum\u00e4\u00e4r\u00e4, voivat vaihdella vaihdelaatikon k\u00e4ytt\u00f6tarkoituksen ja halutun suorituskyvyn mukaan.<\/li>\n<li><strong>Laakerit<\/strong><br \/>\nLaakerit ovat v\u00e4ltt\u00e4m\u00e4tt\u00f6mi\u00e4 vaihteiston akseleiden ja hammaspy\u00f6rien tukemiseksi. Ne mahdollistavat n\u00e4iden komponenttien tasaisen py\u00f6rimisen minimaalisella kitkalla, mik\u00e4 varmistaa tehokkaan toiminnan ja pident\u00e4\u00e4 vaihteiston k\u00e4ytt\u00f6ik\u00e4\u00e4.<\/li>\n<li><strong>Tiivisteet<\/strong><br \/>\nTiivisteit\u00e4 k\u00e4ytet\u00e4\u00e4n est\u00e4m\u00e4\u00e4n \u00f6ljyvuotoja ja suojaamaan vaihteiston sis\u00e4isi\u00e4 osia lialta, p\u00f6lylt\u00e4 ja muilta ep\u00e4puhtauksilta. Ne auttavat yll\u00e4pit\u00e4m\u00e4\u00e4n vaihteiston sis\u00e4ist\u00e4 painetta ja voitelua, mik\u00e4 edist\u00e4\u00e4 pitk\u00e4aikaista luotettavuutta.<\/li>\n<li><strong>L\u00e4ht\u00f6akseli<\/strong><br \/>\nUlostuloakseli vastaa voimansiirrosta py\u00f6riv\u00e4n ruohonleikkurin vaihteistosta leikkurin teriin tai py\u00f6riin. T\u00e4m\u00e4 akseli varmistaa, ett\u00e4 leikkurin ter\u00e4t py\u00f6riv\u00e4t oikealla nopeudella tehokkaan leikkuun takaamiseksi.<\/li>\n<li><strong>Asuminen<\/strong><br \/>\nKotelo toimii suojakotelona, \u200b\u200bjoka pit\u00e4\u00e4 sis\u00e4ll\u00e4\u00e4n kaikki vaihteiston sis\u00e4iset komponentit. Se varmistaa, ett\u00e4 vaihteet, akselit, laakerit ja tiivisteet ovat turvallisesti suljettuja ja suojattuja ulkoisilta tekij\u00f6ilt\u00e4, \u200b\u200bmik\u00e4 parantaa vaihteiston kest\u00e4vyytt\u00e4.<\/li>\n<li><strong>\u00d6ljytason tulppa<\/strong><br \/>\n\u00d6ljytason tarkastusruuvin avulla voidaan seurata ja yll\u00e4pit\u00e4\u00e4 oikeaa \u00f6ljytasoa vaihteistossa. S\u00e4\u00e4nn\u00f6llinen \u00f6ljyn tarkastus ja tarvittaessa \u00f6ljyn lis\u00e4\u00e4minen varmistaa, ett\u00e4 vaihteet ja laakerit ovat riitt\u00e4v\u00e4sti voideltuja, mik\u00e4 est\u00e4\u00e4 kulumisen ja vauriot.<\/li>\n<\/ol>\n<p>LF-140J-py\u00f6r\u00f6leikkurin vaihdelaatikon eri osien ymm\u00e4rt\u00e4minen on elint\u00e4rke\u00e4\u00e4 sen asianmukaisen huollon ja toiminnan kannalta. N\u00e4iden osien s\u00e4\u00e4nn\u00f6llinen tarkastus sek\u00e4 turvallisuusprotokollien ja valmistajan ohjeiden noudattaminen voivat auttaa pident\u00e4m\u00e4\u00e4n vaihdelaatikon k\u00e4ytt\u00f6ik\u00e4\u00e4 ja varmistamaan optimaalisen suorituskyvyn.<\/p>\n<p><img loading=\"lazy\" decoding=\"async\" class=\"alignnone size-full wp-image-1894\" src=\"https:\/\/fmp-components.com\/wp-content\/uploads\/2024\/12\/Rotary-Mower-Gearbox11.webp\" alt=\"Py\u00f6riv\u00e4n ruohonleikkurin vaihdelaatikko\" width=\"1274\" height=\"419\" title=\"\" srcset=\"https:\/\/fmp-components.com\/wp-content\/uploads\/2024\/12\/Rotary-Mower-Gearbox11.webp 1274w, https:\/\/fmp-components.com\/wp-content\/uploads\/2024\/12\/Rotary-Mower-Gearbox11-980x322.webp 980w, https:\/\/fmp-components.com\/wp-content\/uploads\/2024\/12\/Rotary-Mower-Gearbox11-480x158.webp 480w\" sizes=\"(min-width: 0px) and (max-width: 480px) 480px, (min-width: 481px) and (max-width: 980px) 980px, (min-width: 981px) 1274px, 100vw\" \/><\/p>\n<h3>LF-140J-py\u00f6r\u00f6leikkurin vaihdelaatikon edut<\/h3>\n<p>LF-140J-py\u00f6r\u00f6leikkurin vaihteisto on erinomainen valinta maatalous- ja teollisuusk\u00e4ytt\u00f6\u00f6n, ja se tarjoaa useita etuja, jotka parantavat sen suorituskyky\u00e4 ja luotettavuutta. T\u00e4ss\u00e4 ovat LF-140J-py\u00f6r\u00f6leikkurin vaihteiston t\u00e4rkeimm\u00e4t edut:<\/p>\n<ol>\n<li><strong>Tehokas voimansiirto<\/strong><br \/>\nOptimaalista tehokkuutta varten suunniteltu LF-140J-vaihteisto muuntaa moottorin tehon tehokkaasti varmistaen tasaisen ja tasaisen voimansiirron leikkurin terille. T\u00e4m\u00e4 parantaa ruohonleikkurin yleist\u00e4 suorituskyky\u00e4 ja tehokkuutta.<\/li>\n<li><strong>Kest\u00e4v\u00e4 rakenne<\/strong><br \/>\nKorkealaatuisista materiaaleista valmistettu LF-140J-vaihteisto on suunniteltu kest\u00e4m\u00e4\u00e4n maatalous- ja teollisuusymp\u00e4rist\u00f6ille tyypillisi\u00e4 vaativia olosuhteita. Sen kest\u00e4v\u00e4 rakenne varmistaa pitk\u00e4kestoisen suorituskyvyn my\u00f6s raskaassa k\u00e4yt\u00f6ss\u00e4.<\/li>\n<li><strong>V\u00e4h\u00e4iset huoltovaatimukset<\/strong><br \/>\nLF-140J-vaihteisto on suunniteltu v\u00e4h\u00e4huoltoiseksi, mik\u00e4 v\u00e4hent\u00e4\u00e4 usein teht\u00e4vien korjausten ja huoltojen tarvetta. T\u00e4m\u00e4 s\u00e4\u00e4st\u00e4\u00e4 aikaa ja yll\u00e4pitokustannuksia samalla, kun se lis\u00e4\u00e4 k\u00e4ytt\u00f6aikaa.<\/li>\n<li><strong>Korkea v\u00e4lityssuhde<\/strong><br \/>\nV\u00e4lityssuhteellaan 1:1,93 LF-140J-vaihteisto tuottaa leikkuriin enemm\u00e4n v\u00e4\u00e4nt\u00f6\u00e4 ja tehoa, mink\u00e4 ansiosta se pystyy k\u00e4sittelem\u00e4\u00e4n vaativampia teht\u00e4vi\u00e4 ja varmistamaan tehokkaan leikkuutehon my\u00f6s vaikeissa olosuhteissa.<\/li>\n<li><strong>Helppo asennus<\/strong><br \/>\nLF-140J on suunniteltu helposti asennettavaksi, joten se on k\u00e4tev\u00e4 valinta nopeaan asennukseen py\u00f6r\u00f6leikkureihin. Sen k\u00e4ytt\u00e4j\u00e4yst\u00e4v\u00e4llinen muotoilu minimoi seisokkiajat eik\u00e4 vaadi monimutkaisia \u200b\u200b\u200b\u200bmuutoksia asennuksen aikana.<\/li>\n<li><strong>Monipuolisuus<\/strong><br \/>\nLF-140J-vaihteisto on yhteensopiva monenlaisten py\u00f6r\u00f6leikkureiden kanssa, mik\u00e4 tekee siit\u00e4 monipuolisen ratkaisun erilaisiin k\u00e4ytt\u00f6tarkoituksiin. Sen joustavuus mahdollistaa k\u00e4yt\u00f6n erityyppisiss\u00e4 laitteissa, mik\u00e4 tarjoaa luotettavan ja mukautuvan voimansiirtoratkaisun.<\/li>\n<\/ol>\n<p>LF-140J-py\u00f6r\u00f6sahaleikkurin vaihteisto on ihanteellinen valinta niille, jotka etsiv\u00e4t luotettavaa, kest\u00e4v\u00e4\u00e4 ja tehokasta vaihteistoa maatalous- ja teollisuusk\u00e4ytt\u00f6\u00f6n. Korkean tehokkuutensa, kest\u00e4v\u00e4n rakenteensa ja helpon huoltonsa ansiosta se tarjoaa erinomaista suorituskyky\u00e4 ja monipuolisuutta, mik\u00e4 tekee siit\u00e4 olennaisen osan kaikissa py\u00f6r\u00f6aholeikkureissa.<\/p>\n<h3>Maatalouden voimanottoakseli ja py\u00f6riv\u00e4n ruohonleikkurin vaihdelaatikko<\/h3>\n<p>Voimanottoakseli (PTO) on olennainen osa maatalouskoneissa, erityisesti traktoreissa. Se toimii kriittisen\u00e4 linkkin\u00e4 traktorin moottorin ja erilaisten kiinnitettyjen ty\u00f6koneiden, kuten ruohonleikkureiden, v\u00e4lill\u00e4. Voimanottoakseli siirt\u00e4\u00e4 voimaa traktorin moottorista ja v\u00e4litt\u00e4\u00e4 py\u00f6rimisenergiaa suurilla nopeuksilla muiden laitteiden k\u00e4ytt\u00e4miseen voimansiirron kautta, johon kuuluu ruohonleikkurin vaihteisto.<\/p>\n<p>Py\u00f6riv\u00e4n ruohonleikkurin vaihteistolla on t\u00e4rke\u00e4 rooli ruohonleikkurin toiminnassa. Se vastaanottaa voimanottoakselilta tulevan suuren py\u00f6rimisenergian ja muuntaa sen hitaammaksi, suuremman v\u00e4\u00e4nt\u00f6momentin liikkeeksi, jota tarvitaan leikkuuterien k\u00e4ytt\u00e4miseen. Leikkuulaitteeseen asennettu vaihteisto saa voimansa traktorista tulevasta voimanottoakselista, ja voima v\u00e4littyy vaihteiston ja vetoakselin kautta leikkuuteriin, mik\u00e4 mahdollistaa tehokkaan leikkaamisen.<\/p>\n<p>Optimaalisen suorituskyvyn varmistamiseksi ja ruohonleikkurin k\u00e4ytt\u00f6i\u00e4n pident\u00e4miseksi on t\u00e4rke\u00e4\u00e4 huoltaa sek\u00e4 nivelakselia ett\u00e4 py\u00f6r\u00f6leikkureiden vaihteistoa asianmukaisesti. S\u00e4\u00e4nn\u00f6lliset huoltotoimenpiteet, kuten nivelakselin voitelu, vaihteiston \u00f6ljytason tarkistaminen sek\u00e4 kulumisen ja vaurioiden tarkastus, voivat est\u00e4\u00e4 rikkoutumisia, v\u00e4hent\u00e4\u00e4 korjauskustannuksia ja parantaa laitteiden tehokkuutta.<\/p>\n<p>Yhteenvetona voidaan todeta, ett\u00e4 voimanottoakseli ja ruohonleikkurin vaihdelaatikko ovat olennainen osa ruohonleikkureiden toimintaa maatalousymp\u00e4rist\u00f6iss\u00e4. N\u00e4iden osien s\u00e4\u00e4nn\u00f6llinen huolto on ratkaisevan t\u00e4rke\u00e4\u00e4 luotettavan suorituskyvyn varmistamiseksi, seisokkiaikojen minimoimiseksi ja koneiden k\u00e4ytt\u00f6i\u00e4n pident\u00e4miseksi.<\/p>\n<p><img loading=\"lazy\" decoding=\"async\" class=\"alignnone size-full wp-image-1892\" src=\"https:\/\/fmp-components.com\/wp-content\/uploads\/2024\/12\/Rotary-Mower-Gearbox12.webp\" alt=\"Py\u00f6riv\u00e4n ruohonleikkurin vaihdelaatikko\" width=\"1278\" height=\"453\" title=\"\" srcset=\"https:\/\/fmp-components.com\/wp-content\/uploads\/2024\/12\/Rotary-Mower-Gearbox12.webp 1278w, https:\/\/fmp-components.com\/wp-content\/uploads\/2024\/12\/Rotary-Mower-Gearbox12-980x347.webp 980w, https:\/\/fmp-components.com\/wp-content\/uploads\/2024\/12\/Rotary-Mower-Gearbox12-480x170.webp 480w\" sizes=\"(min-width: 0px) and (max-width: 480px) 480px, (min-width: 481px) and (max-width: 980px) 980px, (min-width: 981px) 1278px, 100vw\" \/><\/p>\n<h3>Tietoja FMP:st\u00e4<\/h3>\n<p>Italiassa sijaitseva FMP on tunnettu yritys, joka on erikoistunut vaihteistojen, vaihteistojen ja konepajakoneiden tutkimukseen, kehitykseen ja valmistukseen. Vahvan sitoutumisensa lahjakkuuksien tukemiseen ja innovaatioiden edist\u00e4miseen ansiosta FMP on noussut alan johtavaksi toimijaksi.<\/p>\n<h3>Monipuolinen tuotevalikoima<\/h3>\n<p>Yrityksen tuotevalikoimaan kuuluvat:<\/p>\n<ul>\n<li><strong>Spiraalikartiovaihteistot<\/strong><\/li>\n<li><strong>Lieri\u00f6vaihteistot<\/strong><\/li>\n<li><strong>Matovaihteistot<\/strong><\/li>\n<li><strong>Sylinterim\u00e4iset vaihteistot<\/strong><\/li>\n<li><strong>Korkeapainevaletut venttiilirungot ja -kotelot<\/strong><\/li>\n<\/ul>\n<h3>Laaja-alaiset sovellukset<\/h3>\n<p>FMP-tuotteet ovat eritt\u00e4in monipuolisia ja palvelevat useita toimialoja, mukaan lukien:<\/p>\n<ul>\n<li><strong>Maatalous<\/strong>K\u00e4ytet\u00e4\u00e4n py\u00f6r\u00f6leikkureissa, lumilakoissa, lannoitteenlevittimiss\u00e4 ja viljakuljettimissa.<\/li>\n<li><strong>Teollisuuslaitteet<\/strong>\u00d6ljynporauksen, merisovellusten ja hydraulisten komponenttien tukilaitteet insin\u00f6\u00f6riprojekteissa.<\/li>\n<\/ul>\n<h3>Edistyneet valmistusprosessit<\/h3>\n<p>FMP on ylpe\u00e4 vankasta teknisest\u00e4 ja tuotekehitysosaamisestaan \u200b\u200bja tuottaa luotettavia ja korkealaatuisia tuotteita huolellisen tuotantoprosessin avulla:<\/p>\n<ol>\n<li><strong>Tuotesuunnittelu<\/strong>Kehitet\u00e4\u00e4n r\u00e4\u00e4t\u00e4l\u00f6ityj\u00e4 eritelmi\u00e4, mukaan lukien vaihteiston tyyppi, materiaali ja mitat.<\/li>\n<li><strong>Materiaalin valmistelu<\/strong>Korkealaatuisia materiaaleja, kuten valurautaa ja alumiiniseoksia, valitaan ja valmistetaan.<\/li>\n<li><strong>Tarkkuuskoneistus<\/strong>Vaihdeakselien ja koteloiden kaltaiset komponentit koneistetaan edistyneill\u00e4 tekniikoilla, kuten sorvauksella ja jyrsinn\u00e4ll\u00e4.<\/li>\n<li><strong>Kokoonpano<\/strong>Vaihteet, laakerit ja akselit on koottu koteloon, mik\u00e4 varmistaa tarkan kohdistuksen ja asianmukaisen voitelun.<\/li>\n<li><strong>L\u00e4mp\u00f6k\u00e4sittely<\/strong>Vaihteistot l\u00e4mp\u00f6k\u00e4sitell\u00e4\u00e4n lujuuden ja kulutuskest\u00e4vyyden parantamiseksi.<\/li>\n<li><strong>Pintak\u00e4sittely<\/strong>Kiillotus ja pulverimaalaus parantavat ulkon\u00e4k\u00f6\u00e4 ja korroosionkest\u00e4vyytt\u00e4 esimerkiksi seuraavilla tavoilla:<\/li>\n<li><strong>Laadunvalvonta<\/strong>Perusteelliset tarkastukset ja testaus varmistavat vakauden, tarkkuuden ja suorituskykystandardien noudattamisen.<\/li>\n<\/ol>\n<h3>Alan maine<\/h3>\n<p>FMP:n omistautuminen laatuun, innovaatioihin ja asiakastyytyv\u00e4isyyteen on ansainnut sille erinomaisen maineen valmistussektorilla. Yritys noudattaa filosofiaa, joka keskittyy k\u00e4sity\u00f6taitoon, edistyneeseen teknologiaan ja kest\u00e4v\u00e4n arvon tuottamiseen.<\/p>\n<h3>Tee yhteisty\u00f6t\u00e4 kanssamme<\/h3>\n<p>FMP ottaa mielell\u00e4\u00e4n vastaan \u200b\u200byhteisty\u00f6mahdollisuuksia globaalien asiakkaiden ja kumppaneiden kanssa. Jos sinulla on kysytt\u00e4v\u00e4\u00e4 tuotteistamme ja palveluistamme, ota meihin yhteytt\u00e4 puhelimitse tai s\u00e4hk\u00f6postitse. Olemme sitoutuneet tarjoamaan r\u00e4\u00e4t\u00e4l\u00f6ityj\u00e4 ratkaisuja, jotka vastaavat tarpeitasi.<\/p>\n<p><img loading=\"lazy\" decoding=\"async\" class=\"alignnone size-full wp-image-1861\" src=\"https:\/\/fmp-components.com\/wp-content\/uploads\/2024\/12\/Other-Agricultural-Gearboxes.webp\" alt=\"Muut-Maatalous-Vaihteistot\" width=\"1200\" height=\"1400\" title=\"\" srcset=\"https:\/\/fmp-components.com\/wp-content\/uploads\/2024\/12\/Other-Agricultural-Gearboxes.webp 1200w, https:\/\/fmp-components.com\/wp-content\/uploads\/2024\/12\/Other-Agricultural-Gearboxes-980x1143.webp 980w, https:\/\/fmp-components.com\/wp-content\/uploads\/2024\/12\/Other-Agricultural-Gearboxes-480x560.webp 480w\" sizes=\"(min-width: 0px) and (max-width: 480px) 480px, (min-width: 481px) and (max-width: 980px) 980px, (min-width: 981px) 1200px, 100vw\" \/><\/p>\n<p>Tekij\u00e4: CX<\/p>","protected":false},"excerpt":{"rendered":"<p>Specifications of\u00a0Rotary Mower Gearbox LF-140J Product Description Rotary Mower Gearbox &#8211; Replacement of Comer Gearbox LF-140J Product details Contact us for power at a different RPM The gearbox is delivered without oil and must be filled before first use. First oil change after 50-70 operating hours, then after 500-700 operating hours or at least once [&hellip;]<\/p>","protected":false},"featured_media":1896,"comment_status":"open","ping_status":"closed","template":"","meta":{"_et_pb_use_builder":"","_et_pb_old_content":"","_et_gb_content_width":""},"product_brand":[],"product_cat":[51],"product_tag":[],"class_list":{"0":"post-1879","1":"product","2":"type-product","3":"status-publish","4":"has-post-thumbnail","6":"product_cat-rotary-mower-gearbox","8":"first","9":"instock","10":"shipping-taxable","11":"product-type-simple"},"_links":{"self":[{"href":"https:\/\/fmp-components.com\/fi\/wp-json\/wp\/v2\/product\/1879","targetHints":{"allow":["GET"]}}],"collection":[{"href":"https:\/\/fmp-components.com\/fi\/wp-json\/wp\/v2\/product"}],"about":[{"href":"https:\/\/fmp-components.com\/fi\/wp-json\/wp\/v2\/types\/product"}],"replies":[{"embeddable":true,"href":"https:\/\/fmp-components.com\/fi\/wp-json\/wp\/v2\/comments?post=1879"}],"wp:featuredmedia":[{"embeddable":true,"href":"https:\/\/fmp-components.com\/fi\/wp-json\/wp\/v2\/media\/1896"}],"wp:attachment":[{"href":"https:\/\/fmp-components.com\/fi\/wp-json\/wp\/v2\/media?parent=1879"}],"wp:term":[{"taxonomy":"product_brand","embeddable":true,"href":"https:\/\/fmp-components.com\/fi\/wp-json\/wp\/v2\/product_brand?post=1879"},{"taxonomy":"product_cat","embeddable":true,"href":"https:\/\/fmp-components.com\/fi\/wp-json\/wp\/v2\/product_cat?post=1879"},{"taxonomy":"product_tag","embeddable":true,"href":"https:\/\/fmp-components.com\/fi\/wp-json\/wp\/v2\/product_tag?post=1879"}],"curies":[{"name":"wp","href":"https:\/\/api.w.org\/{rel}","templated":true}]}}