{"id":1853,"date":"2024-12-24T07:33:41","date_gmt":"2024-12-24T07:33:41","guid":{"rendered":"https:\/\/fmp-components.com\/?page_id=8"},"modified":"2025-05-07T14:12:19","modified_gmt":"2025-05-07T14:12:19","slug":"rotary-mower-gearboxes-replacement-of-comer-code-lf-211j","status":"publish","type":"product","link":"https:\/\/fmp-components.com\/fi\/product\/rotary-mower-gearboxes-replacement-of-comer-code-lf-211j\/","title":{"rendered":"Py\u00f6rivien ruohonleikkureiden vaihteistot \u2013 Comer-koodin LF-211J vaihto"},"content":{"rendered":"<p><img loading=\"lazy\" decoding=\"async\" class=\"alignnone size-full wp-image-1856\" src=\"https:\/\/fmp-components.com\/wp-content\/uploads\/2024\/12\/Rotary-Mower-Gearbox2.webp\" alt=\"Py\u00f6riv\u00e4n ruohonleikkurin vaihdelaatikko\" width=\"1261\" height=\"655\" title=\"\" srcset=\"https:\/\/fmp-components.com\/wp-content\/uploads\/2024\/12\/Rotary-Mower-Gearbox2.webp 1261w, https:\/\/fmp-components.com\/wp-content\/uploads\/2024\/12\/Rotary-Mower-Gearbox2-980x509.webp 980w, https:\/\/fmp-components.com\/wp-content\/uploads\/2024\/12\/Rotary-Mower-Gearbox2-480x249.webp 480w\" sizes=\"(min-width: 0px) and (max-width: 480px) 480px, (min-width: 481px) and (max-width: 980px) 980px, (min-width: 981px) 1261px, 100vw\" \/><\/p>\n<p><img loading=\"lazy\" decoding=\"async\" class=\"alignnone size-full wp-image-1854\" src=\"https:\/\/fmp-components.com\/wp-content\/uploads\/2024\/12\/Specifications-of-Rotary-Mower-Gearbox-LF-211J.webp\" alt=\"Py\u00f6riv\u00e4n-ruohonleikkurin-vaihteiston-LF-211J-tiedot\" width=\"1000\" height=\"590\" title=\"\" srcset=\"https:\/\/fmp-components.com\/wp-content\/uploads\/2024\/12\/Specifications-of-Rotary-Mower-Gearbox-LF-211J.webp 1000w, https:\/\/fmp-components.com\/wp-content\/uploads\/2024\/12\/Specifications-of-Rotary-Mower-Gearbox-LF-211J-980x578.webp 980w, https:\/\/fmp-components.com\/wp-content\/uploads\/2024\/12\/Specifications-of-Rotary-Mower-Gearbox-LF-211J-480x283.webp 480w\" sizes=\"(min-width: 0px) and (max-width: 480px) 480px, (min-width: 481px) and (max-width: 980px) 980px, (min-width: 981px) 1000px, 100vw\" \/><\/p>\n<h2>Tuotetiedot<\/h2>\n<table class=\"kh-1xzm1su\" style=\"width: 100.272%; height: 542px;\" border=\"1\" cellspacing=\"0\" cellpadding=\"0\" data-intent=\"lists-product-attributes\" data-test-id=\"attributes-list\">\n<tbody class=\"kh-1ago99h\">\n<tr id=\"alexis#custom#item-id\" class=\"kh-bwvum6\" style=\"height: 23px;\" data-test-id=\"attribute-row\">\n<th class=\"kh-10oizfy\" style=\"width: 23.4341%; height: 23px;\">Tuotekuvaus<\/th>\n<td class=\"kh-1f5nhat\" style=\"width: 76.3499%; height: 23px;\">\n<div class=\"kh-pkx4zo\"><a href=\"https:\/\/fmp-components.com\/fi\/product-category\/agricultural-gearbox\/rotary-mower-gearbox\/\">Py\u00f6rivien ruohonleikkureiden vaihteistot<\/a> \u2013 Comer-vaihteiston LF-211J vaihto<\/div>\n<\/td>\n<\/tr>\n<tr id=\"attProductDetails\" class=\"kh-bwvum6\" style=\"height: 99px;\" data-test-id=\"attribute-row\">\n<th class=\"kh-10oizfy\" style=\"width: 23.4341%; height: 99px;\">Tuotetiedot<\/th>\n<td class=\"kh-1f5nhat\" style=\"width: 76.3499%; height: 99px;\">\n<ul>\n<li class=\"kh-16zd49f\">Kaikki vaihteistot toimitetaan ilman \u00f6ljy\u00e4.<\/li>\n<li class=\"kh-16zd49f\">Ensin \u00f6ljynvaihto 50\u201370 k\u00e4ytt\u00f6tunnin j\u00e4lkeen, sitten 500\u2013700 k\u00e4ytt\u00f6tunnin j\u00e4lkeen tai v\u00e4hint\u00e4\u00e4n kerran vuodessa.<\/li>\n<li class=\"kh-16zd49f\">Ota meihin yhteytt\u00e4, jos haluat tehoa eri kierrosluvulla.<\/li>\n<\/ul>\n<\/td>\n<\/tr>\n<tr id=\"attApplicationRange\" class=\"kh-bwvum6\" style=\"height: 23px;\" data-test-id=\"attribute-row\">\n<th class=\"kh-10oizfy\" style=\"width: 23.4341%; height: 23px;\">K\u00e4ytt\u00f6alue<\/th>\n<td class=\"kh-1f5nhat\" style=\"width: 76.3499%; height: 23px;\">\n<div class=\"kh-pkx4zo\">Ruohonleikkurit<\/div>\n<\/td>\n<\/tr>\n<tr id=\"attConsistsOf\" class=\"kh-bwvum6\" style=\"height: 75px;\" data-test-id=\"attribute-row\">\n<th class=\"kh-10oizfy\" style=\"width: 23.4341%; height: 75px;\">Koostuu<\/th>\n<td class=\"kh-1f5nhat\" style=\"width: 76.3499%; height: 75px;\">\n<ul>\n<li class=\"kh-16zd49f\">Vaihteisto<\/li>\n<li class=\"kh-16zd49f\">Ilman \u00f6ljy\u00e4<\/li>\n<\/ul>\n<\/td>\n<\/tr>\n<tr id=\"taContainsOil\" class=\"kh-bwvum6\" style=\"height: 23px;\" data-test-id=\"attribute-row\">\n<th class=\"kh-10oizfy\" style=\"width: 23.4341%; height: 23px;\">Sis\u00e4lt\u00e4\u00e4 \u00f6ljy\u00e4<\/th>\n<td class=\"kh-1f5nhat\" style=\"width: 76.3499%; height: 23px;\">\n<div class=\"kh-pkx4zo\">Ei<\/div>\n<\/td>\n<\/tr>\n<tr id=\"taMaxOilCapacityL\" class=\"kh-bwvum6\" style=\"height: 23px;\" data-test-id=\"attribute-row\">\n<th class=\"kh-10oizfy\" style=\"width: 23.4341%; height: 23px;\">\u00d6ljyn enimm\u00e4istilavuus<\/th>\n<td class=\"kh-1f5nhat\" style=\"width: 76.3499%; height: 23px;\">\n<div class=\"kh-pkx4zo\">0,8 litraa<\/div>\n<\/td>\n<\/tr>\n<tr id=\"taMaxOilChangeIntervalH\" class=\"kh-bwvum6\" style=\"height: 23px;\" data-test-id=\"attribute-row\">\n<th class=\"kh-10oizfy\" style=\"width: 23.4341%; height: 23px;\">\u00d6ljynvaihtov\u00e4li (maks.)<\/th>\n<td class=\"kh-1f5nhat\" style=\"width: 76.3499%; height: 23px;\">\n<div class=\"kh-pkx4zo\">500 tuntia<\/div>\n<\/td>\n<\/tr>\n<tr id=\"taOilSAEViscosityGrade\" class=\"kh-bwvum6\" style=\"height: 23px;\" data-test-id=\"attribute-row\">\n<th class=\"kh-10oizfy\" style=\"width: 23.4341%; height: 23px;\">\u00d6ljyn SAE-viskositeettiluokka<\/th>\n<td class=\"kh-1f5nhat\" style=\"width: 76.3499%; height: 23px;\">\n<div class=\"kh-pkx4zo\">80W-90<\/div>\n<\/td>\n<\/tr>\n<tr id=\"taHousingMaterial_16\" class=\"kh-bwvum6\" style=\"height: 23px;\" data-test-id=\"attribute-row\">\n<th class=\"kh-10oizfy\" style=\"width: 23.4341%; height: 23px;\">Kotelon materiaali<\/th>\n<td class=\"kh-1f5nhat\" style=\"width: 76.3499%; height: 23px;\">\n<div class=\"kh-pkx4zo\"><a href=\"https:\/\/fmp-components.com\/fi\/cast-iron\/\">Valurauta<\/a> GGG40<\/div>\n<\/td>\n<\/tr>\n<tr id=\"taWeightKg_75\" class=\"kh-bwvum6\" style=\"height: 23px;\" data-test-id=\"attribute-row\">\n<th class=\"kh-10oizfy\" style=\"width: 23.4341%; height: 23px;\">Paino<\/th>\n<td class=\"kh-1f5nhat\" style=\"width: 76.3499%; height: 23px;\">\n<div class=\"kh-pkx4zo\">14 kg<\/div>\n<\/td>\n<\/tr>\n<tr id=\"taGearArrangementInc\" class=\"kh-bwvum6\" style=\"height: 23px;\" data-test-id=\"attribute-row\">\n<th class=\"kh-10oizfy\" style=\"width: 23.4341%; height: 23px;\">Vaihteistoj\u00e4rjestely Kasvava<\/th>\n<td class=\"kh-1f5nhat\" style=\"width: 76.3499%; height: 23px;\">\n<div class=\"kh-pkx4zo\">3<\/div>\n<\/td>\n<\/tr>\n<tr id=\"taInputPowerKwHpInc\" class=\"kh-bwvum6\" style=\"height: 23px;\" data-test-id=\"attribute-row\">\n<th class=\"kh-10oizfy\" style=\"width: 23.4341%; height: 23px;\">Sy\u00f6tt\u00f6teho kW \/ hv Kasvava<\/th>\n<td class=\"kh-1f5nhat\" style=\"width: 76.3499%; height: 23px;\">\n<div class=\"kh-pkx4zo\">14,7 \/ 20 kW\/hv<\/div>\n<\/td>\n<\/tr>\n<tr id=\"taInputShaftIncreasi\" class=\"kh-bwvum6\" style=\"height: 23px;\" data-test-id=\"attribute-row\">\n<th class=\"kh-10oizfy\" style=\"width: 23.4341%; height: 23px;\">Sis\u00e4\u00e4ntuloakseli Kasvava<\/th>\n<td class=\"kh-1f5nhat\" style=\"width: 76.3499%; height: 23px;\">\n<div class=\"kh-pkx4zo\">X<\/div>\n<\/td>\n<\/tr>\n<tr id=\"taNSOutputTorqueDaNm_1\" class=\"kh-bwvum6\" style=\"height: 23px;\" data-test-id=\"attribute-row\">\n<th class=\"kh-10oizfy\" style=\"width: 23.4341%; height: 23px;\">L\u00e4ht\u00f6momentti DaNm Kasvava<\/th>\n<td class=\"kh-1f5nhat\" style=\"width: 76.3499%; height: 23px;\">\n<div class=\"kh-pkx4zo\">8,9 daNm<\/div>\n<\/td>\n<\/tr>\n<tr id=\"taRatioIncreasing\" class=\"kh-bwvum6\" style=\"height: 23px;\" data-test-id=\"attribute-row\">\n<th class=\"kh-10oizfy\" style=\"width: 23.4341%; height: 23px;\">Suhde kasvaa<\/th>\n<td class=\"kh-1f5nhat\" style=\"width: 76.3499%; height: 23px;\">\n<div class=\"kh-pkx4zo\">1: 2.83<\/div>\n<\/td>\n<\/tr>\n<tr id=\"taRatioReducing\" class=\"kh-bwvum6\" style=\"height: 23px;\" data-test-id=\"attribute-row\">\n<th class=\"kh-10oizfy\" style=\"width: 23.4341%; height: 23px;\">Suhteen pienent\u00e4minen<\/th>\n<td class=\"kh-1f5nhat\" style=\"width: 76.3499%; height: 23px;\">\n<div class=\"kh-pkx4zo\">2.83 : 1<\/div>\n<\/td>\n<\/tr>\n<tr id=\"taShaftX\" class=\"kh-bwvum6\" style=\"height: 23px;\" data-test-id=\"attribute-row\">\n<th class=\"kh-10oizfy\" style=\"width: 23.4341%; height: 23px;\">Akseli X<\/th>\n<td class=\"kh-1f5nhat\" style=\"width: 76.3499%; height: 23px;\">\n<div class=\"kh-pkx4zo\">1 3\/8&#8243; (6)<\/div>\n<\/td>\n<\/tr>\n<tr id=\"taShaftZ\" class=\"kh-bwvum6\" style=\"height: 23px;\" data-test-id=\"attribute-row\">\n<th class=\"kh-10oizfy\" style=\"width: 23.4341%; height: 23px;\">Akseli Z<\/th>\n<td class=\"kh-1f5nhat\" style=\"width: 76.3499%; height: 23px;\">\n<div class=\"kh-pkx4zo\">33 tuntia 7<\/div>\n<\/td>\n<\/tr>\n<\/tbody>\n<\/table>\n<h2>LF-211J-py\u00f6r\u00f6leikkurin vaihdelaatikon ominaisuudet<\/h2>\n<p>LF-211J on tehokas py\u00f6r\u00f6leikkureiden vaihteisto, joka on suunniteltu maatalous- ja teollisuusk\u00e4ytt\u00f6\u00f6n. Se tarjoaa luotettavan ja tehokkaan voimansiirron py\u00f6r\u00f6leikkureille. T\u00e4rkeimpi\u00e4 ominaisuuksia ovat:<\/p>\n<ul>\n<li><strong>Vaihdesuhde<\/strong>Vaihteiston v\u00e4lityssuhde on 1:2,83, mik\u00e4 tarkoittaa, ett\u00e4 l\u00e4ht\u00f6nopeus on noin 2,83 kertaa sy\u00f6tt\u00f6nopeus.<\/li>\n<li><strong>Tehokapasiteetti<\/strong>Se pystyy k\u00e4sittelem\u00e4\u00e4n enint\u00e4\u00e4n 14,7 kW:n (20 hv) tehon ja tuottamaan enint\u00e4\u00e4n 8,9 daNm:n v\u00e4\u00e4nt\u00f6momentin.<\/li>\n<li><strong>Rakentaminen<\/strong>Kotelo on valmistettu GGG40-valuraudasta, joka tunnetaan kest\u00e4vyydest\u00e4\u00e4n ja lujuudestaan, mik\u00e4 takaa pitk\u00e4n k\u00e4ytt\u00f6i\u00e4n ja kulutuskest\u00e4vyyden.<\/li>\n<li><strong>\u00d6ljykapasiteetti ja huolto<\/strong>Vaihteiston \u00f6ljytilavuus on enint\u00e4\u00e4n 0,8 litraa, ja siin\u00e4 k\u00e4ytet\u00e4\u00e4n SAE 80W-90 -vaihteisto\u00f6ljy\u00e4. Ensimm\u00e4inen \u00f6ljynvaihto on suositeltavaa suorittaa 50\u201370 k\u00e4ytt\u00f6tunnin j\u00e4lkeen ja sen j\u00e4lkeen 500\u2013700 k\u00e4ytt\u00f6tunnin v\u00e4lein tai v\u00e4hint\u00e4\u00e4n kerran vuodessa.<\/li>\n<li><strong>Paino<\/strong>Yksikk\u00f6 painaa noin 14 kg, joten sit\u00e4 on suhteellisen helppo k\u00e4sitell\u00e4 ja asentaa.<\/li>\n<li><strong>Akselin tekniset tiedot<\/strong>Sis\u00e4\u00e4ntuloakseli on suunniteltu 1 3\/8 tuuman (6-uraiselle) liitokselle, kun taas ulostuloakselin halkaisija on 33 mm, mik\u00e4 varmistaa yhteensopivuuden py\u00f6r\u00f6leikkureiden vakiokomponenttien kanssa.<\/li>\n<\/ul>\n<p>N\u00e4m\u00e4 ominaisuudet tekev\u00e4t LF-211J-vaihteistosta luotettavan valinnan py\u00f6r\u00f6leikkureiden suorituskyvyn ja tehokkuuden parantamiseen erilaisissa maatalousymp\u00e4rist\u00f6iss\u00e4.<\/p>\n<p><img loading=\"lazy\" decoding=\"async\" class=\"alignnone size-full wp-image-1855\" src=\"https:\/\/fmp-components.com\/wp-content\/uploads\/2024\/12\/PTO-Shaft-for-Rotary-Mower-Gearbox-35.webp\" alt=\"Voimanottoakseli-py\u00f6r\u00f6leikkurille-vaihteistolle\" width=\"2200\" height=\"1100\" title=\"\" srcset=\"https:\/\/fmp-components.com\/wp-content\/uploads\/2024\/12\/PTO-Shaft-for-Rotary-Mower-Gearbox-35.webp 2200w, https:\/\/fmp-components.com\/wp-content\/uploads\/2024\/12\/PTO-Shaft-for-Rotary-Mower-Gearbox-35-1280x640.webp 1280w, https:\/\/fmp-components.com\/wp-content\/uploads\/2024\/12\/PTO-Shaft-for-Rotary-Mower-Gearbox-35-980x490.webp 980w, https:\/\/fmp-components.com\/wp-content\/uploads\/2024\/12\/PTO-Shaft-for-Rotary-Mower-Gearbox-35-480x240.webp 480w\" sizes=\"(min-width: 0px) and (max-width: 480px) 480px, (min-width: 481px) and (max-width: 980px) 980px, (min-width: 981px) and (max-width: 1280px) 1280px, (min-width: 1281px) 2200px, 100vw\" \/><\/p>\n<h3>Kuinka irrottaa py\u00f6r\u00f6leikkurin vaihdelaatikko<\/h3>\n<p>Py\u00f6riv\u00e4n ruohonleikkurin vaihteiston irrottaminen on yksinkertainen prosessi, jos se tehd\u00e4\u00e4n huolellisesti ja j\u00e4rjestelm\u00e4llisesti. Noudata n\u00e4it\u00e4 ohjeita turvallisuuden ja tehokkuuden varmistamiseksi:<\/p>\n<h4>1. Irrota virtal\u00e4hde<\/h4>\n<p>Ennen k\u00e4ynnist\u00e4mist\u00e4 irrota ruohonleikkurin virtal\u00e4hde tahattoman k\u00e4yt\u00f6n v\u00e4ltt\u00e4miseksi. T\u00e4m\u00e4 voi sis\u00e4lt\u00e4\u00e4 moottorin sammuttamisen, virtajohdon irrottamisen tai akun irrottamisen.<\/p>\n<h4>2. Irrota leikkuuter\u00e4t<\/h4>\n<p>Irrota leikkuuter\u00e4t leikkuulaitteesta p\u00e4\u00e4st\u00e4ksesi k\u00e4siksi vaihteistoon. Varmista, ett\u00e4 leikkuri on vakaa ja k\u00e4yt\u00e4 asianmukaisia \u200b\u200bty\u00f6kaluja terien turvalliseen irrottamiseen.<\/p>\n<h4>3. L\u00f6ys\u00e4\u00e4 vaihteiston kiinnityspultteja<\/h4>\n<p>Tunnista kiinnityspultit, jotka kiinnitt\u00e4v\u00e4t vaihteiston leikkuulaitteeseen. L\u00f6ys\u00e4\u00e4 ja irrota n\u00e4m\u00e4 pultit jakoavaimella tai hylsyavaimella.<\/p>\n<h4>4. Irrota tulo- ja l\u00e4ht\u00f6akselit<\/h4>\n<p>Irrota vaihdelaatikkoon kytketyt tulo- ja l\u00e4ht\u00f6akselit. Saatat joutua irrottamaan kytkimet, tapit tai muut kiinnikkeet. Huomioi akselien kytkent\u00e4tavat helpottaaksesi kokoamista.<\/p>\n<h4>5. Irrota vaihdelaatikko kannelta<\/h4>\n<p>Nosta vaihdelaatikko varovasti leikkuup\u00f6yd\u00e4lt\u00e4. Vaihteiston koosta ja painosta riippuen toisen henkil\u00f6n apu voi olla tarpeen turvallisen k\u00e4sittelyn varmistamiseksi.<\/p>\n<h4>6. Tarkasta vaihdelaatikko<\/h4>\n<p>Tarkasta vaihdelaatikko kulumisen tai vaurioiden varalta, kuten kuluneet hammaspy\u00f6r\u00e4t, vaurioituneet tiivisteet tai vialliset laakerit. T\u00e4m\u00e4 vaihe on ratkaisevan t\u00e4rke\u00e4 sen m\u00e4\u00e4ritt\u00e4miseksi, voidaanko vaihdelaatikko korjata vai tarvitseeko se vaihtaa.<\/p>\n<h4>7. Korjaa tai vaihda vaihdelaatikko<\/h4>\n<p>Jos vaihteistossa on vaurioita, noudata valmistajan ohjeita korjauksesta tai vaihdosta. Varmista, ett\u00e4 kaikki komponentit ovat toimintakunnossa ennen uudelleenasennusta.<\/p>\n<h4>8. Asenna vaihdelaatikko takaisin<\/h4>\n<p>Asenna uudelleen noudattamalla irrotusohjeita k\u00e4\u00e4nteisess\u00e4 j\u00e4rjestyksess\u00e4:<\/p>\n<ul>\n<li>Aseta vaihdelaatikko leikkuup\u00f6yd\u00e4lle.<\/li>\n<li>Kirist\u00e4 kiinnityspultit valmistajan suosittelemaan v\u00e4\u00e4nt\u00f6momenttiin.<\/li>\n<li>Kytke tulo- ja l\u00e4ht\u00f6akselit takaisin varmistaen, ett\u00e4 kaikki kytkimet ja kiinnikkeet ovat oikein kohdistettuja.<\/li>\n<li>Asenna leikkuuter\u00e4t tukevasti takaisin paikoilleen.<\/li>\n<\/ul>\n<h4>9. Testaa ruohonleikkuri<\/h4>\n<p>Uudelleenasennuksen j\u00e4lkeen testaa ruohonleikkuri varmistaaksesi, ett\u00e4 vaihteisto toimii sujuvasti eik\u00e4 siin\u00e4 ole ep\u00e4tavallisia \u00e4\u00e4ni\u00e4 tai t\u00e4rin\u00e4\u00e4.<\/p>\n<h3>Turvallisuusvinkkej\u00e4<\/h3>\n<ul>\n<li>K\u00e4yt\u00e4 aina suojak\u00e4sineit\u00e4 ja suojalaseja prosessin aikana.<\/li>\n<li>K\u00e4yt\u00e4 tukevia tukia est\u00e4\u00e4ksesi ruohonleikkurin kaatumisen.<\/li>\n<li>Noudata ruohonleikkurin k\u00e4ytt\u00f6oppaassa olevia erityisohjeita varmistaaksesi yhteensopivuuden ja turvallisuuden.<\/li>\n<\/ul>\n<p>Noudattamalla huolellisesti n\u00e4it\u00e4 ohjeita ja noudattamalla turvaohjeita voit tarvittaessa irrottaa, tarkastaa ja vaihtaa tai korjata py\u00f6riv\u00e4n ruohonleikkurin vaihdelaatikon.<\/p>\n<p><img loading=\"lazy\" decoding=\"async\" class=\"alignnone size-full wp-image-1857\" src=\"https:\/\/fmp-components.com\/wp-content\/uploads\/2024\/12\/Rotary-Mower-Gearbox1.webp\" alt=\"Py\u00f6riv\u00e4n ruohonleikkurin vaihdelaatikko\" width=\"1275\" height=\"428\" title=\"\" srcset=\"https:\/\/fmp-components.com\/wp-content\/uploads\/2024\/12\/Rotary-Mower-Gearbox1.webp 1275w, https:\/\/fmp-components.com\/wp-content\/uploads\/2024\/12\/Rotary-Mower-Gearbox1-980x329.webp 980w, https:\/\/fmp-components.com\/wp-content\/uploads\/2024\/12\/Rotary-Mower-Gearbox1-480x161.webp 480w\" sizes=\"(min-width: 0px) and (max-width: 480px) 480px, (min-width: 481px) and (max-width: 980px) 980px, (min-width: 981px) 1275px, 100vw\" \/><\/p>\n<h3>Tietoja FMP:st\u00e4<\/h3>\n<p>FMP on merkitt\u00e4v\u00e4 italialainen yritys, joka on erikoistunut erilaisten vaihteistojen, alennusvaihteiden ja konepajakoneiden tutkimukseen, kehitykseen ja valmistukseen. Yritys on my\u00f6s sitoutunut tukemaan teknist\u00e4 osaamista edist\u00e4\u00e4kseen innovaatioita ja huippuosaamista alallaan. FMP:n tuotevalikoimaan kuuluvat kartiopy\u00f6r\u00e4vaihteistot, lieri\u00f6py\u00f6r\u00e4vaihteistot, <a href=\"https:\/\/fmp-components.com\/fi\/worm-gearbox\/\">matovaihteistot<\/a>, lieri\u00f6m\u00e4iset vaihteistot sek\u00e4 korkeapainevaletut venttiilirungot ja -kotelot.<\/p>\n<h4>Laajat sovellukset<\/h4>\n<p>FMP:n tuotteita k\u00e4ytet\u00e4\u00e4n laajalti erilaisissa sovelluksissa, mukaan lukien:<\/p>\n<ul>\n<li>Maatalouskoneet, kuten py\u00f6r\u00f6leikkurit, lumilingot, lannoitteenlevittimet ja viljankuljettimet.<\/li>\n<li>Teollisuuslaitteet, \u00f6ljynporauskoneet, meriteollisuuden laitteet ja hydrauliset komponentit suunnitteluprojekteihin.<\/li>\n<\/ul>\n<h4>Edistynyt valmistus ja teknologia<\/h4>\n<p>FMP on ylpe\u00e4 vankasta teknisest\u00e4 ja tutkimus- ja kehitysosaamisestaan, mik\u00e4 varmistaa luotettavat ja korkealaatuiset tuotteet, jotka vastaavat nykyaikaisen teollisuuden vaatimuksiin. Yritys k\u00e4ytt\u00e4\u00e4 huolellista ja hienostunutta valmistusprosessia, johon kuuluu:<\/p>\n<ol>\n<li><strong>Tuotesuunnittelu<\/strong>R\u00e4\u00e4t\u00e4l\u00f6ityjen eritelmien, materiaalien ja mittojen kehitt\u00e4minen asiakkaan tarpeiden mukaan.<\/li>\n<li><strong>Materiaalin valmistelu<\/strong>K\u00e4ytt\u00e4m\u00e4ll\u00e4 ensiluokkaisia \u200b\u200bmateriaaleja, kuten valurautaa tai alumiiniseoksia.<\/li>\n<li><strong>Tarkkuuskoneistus<\/strong>K\u00e4ytt\u00e4m\u00e4ll\u00e4 edistyneit\u00e4 sorvaus-, jyrsint\u00e4- ja muita ty\u00f6st\u00f6tekniikoita avainkomponenttien, kuten hammaspy\u00f6rien ja koteloiden, valmistukseen.<\/li>\n<li><strong>Kokoonpano<\/strong>Vaihteiden, laakereiden ja akseleiden kokoaminen koteloon tarkalla kohdistuksella, kalibroinnilla ja asianmukaisella voitelulla.<\/li>\n<li><strong>Prosessik\u00e4sittely<\/strong>L\u00e4mp\u00f6k\u00e4sittelyn suorittaminen lujuuden ja kulutuskest\u00e4vyyden parantamiseksi.<\/li>\n<li><strong>Pintak\u00e4sittely<\/strong>Kiillotus, pulverimaalaus ja muut pintak\u00e4sittelyt ulkon\u00e4\u00f6n ja korroosionkest\u00e4vyyden parantamiseksi.<\/li>\n<li><strong>Laadunvalvonta<\/strong>Toteutamme tiukkoja tarkastuksia ja testej\u00e4 mittojen, tarkkuuden, melun ja t\u00e4rin\u00e4n varalta vakauden, turvallisuuden ja tasaisen laadun varmistamiseksi.<\/li>\n<\/ol>\n<h4>Alan maine<\/h4>\n<p>FMP:n omistautuminen laatuun, innovaatioihin ja asiakastyytyv\u00e4isyyteen on ansainnut sille erinomaisen maineen valmistusteollisuudessa. Yritys noudattaa ainutlaatuista liiketoimintafilosofiaa, joka korostaa luotettavuutta, k\u00e4sity\u00f6taitoa ja erinomaisuutta.<\/p>\n<p>Otamme mielell\u00e4mme vastaan \u200b\u200btiedusteluja ja yhteisty\u00f6mahdollisuuksia asiakkailta ja kumppaneilta maailmanlaajuisesti. Ota rohkeasti yhteytt\u00e4 puhelimitse tai s\u00e4hk\u00f6postitse saadaksesi lis\u00e4tietoja tuotteistamme ja palveluistamme.<\/p>\n<p><img loading=\"lazy\" decoding=\"async\" class=\"alignnone size-full wp-image-1861\" src=\"https:\/\/fmp-components.com\/wp-content\/uploads\/2024\/12\/Other-Agricultural-Gearboxes.webp\" alt=\"Muut-Maatalous-Vaihteistot\" width=\"1200\" height=\"1400\" title=\"\" srcset=\"https:\/\/fmp-components.com\/wp-content\/uploads\/2024\/12\/Other-Agricultural-Gearboxes.webp 1200w, https:\/\/fmp-components.com\/wp-content\/uploads\/2024\/12\/Other-Agricultural-Gearboxes-980x1143.webp 980w, https:\/\/fmp-components.com\/wp-content\/uploads\/2024\/12\/Other-Agricultural-Gearboxes-480x560.webp 480w\" sizes=\"(min-width: 0px) and (max-width: 480px) 480px, (min-width: 481px) and (max-width: 980px) 980px, (min-width: 981px) 1200px, 100vw\" \/><\/p>\n<p>Tekij\u00e4: CX<\/p>","protected":false},"excerpt":{"rendered":"<p>Product Specification Product Description Rotary Mower Gearboxes &#8211; Replacement of Comer Gearbox LF-211J Product details All gearboxes are supplied without oil. First, the oil change after 50-70 operating hours, then after 500-700 operating hours or at least once a year. Contact us for power at a different RPM. Application range Mowers Consists of Gearbox Without [&hellip;]<\/p>","protected":false},"featured_media":1858,"comment_status":"open","ping_status":"closed","template":"","meta":{"_et_pb_use_builder":"","_et_pb_old_content":"","_et_gb_content_width":""},"product_brand":[],"product_cat":[51],"product_tag":[],"class_list":{"0":"post-1853","1":"product","2":"type-product","3":"status-publish","4":"has-post-thumbnail","6":"product_cat-rotary-mower-gearbox","8":"first","9":"instock","10":"shipping-taxable","11":"product-type-simple"},"_links":{"self":[{"href":"https:\/\/fmp-components.com\/fi\/wp-json\/wp\/v2\/product\/1853","targetHints":{"allow":["GET"]}}],"collection":[{"href":"https:\/\/fmp-components.com\/fi\/wp-json\/wp\/v2\/product"}],"about":[{"href":"https:\/\/fmp-components.com\/fi\/wp-json\/wp\/v2\/types\/product"}],"replies":[{"embeddable":true,"href":"https:\/\/fmp-components.com\/fi\/wp-json\/wp\/v2\/comments?post=1853"}],"wp:featuredmedia":[{"embeddable":true,"href":"https:\/\/fmp-components.com\/fi\/wp-json\/wp\/v2\/media\/1858"}],"wp:attachment":[{"href":"https:\/\/fmp-components.com\/fi\/wp-json\/wp\/v2\/media?parent=1853"}],"wp:term":[{"taxonomy":"product_brand","embeddable":true,"href":"https:\/\/fmp-components.com\/fi\/wp-json\/wp\/v2\/product_brand?post=1853"},{"taxonomy":"product_cat","embeddable":true,"href":"https:\/\/fmp-components.com\/fi\/wp-json\/wp\/v2\/product_cat?post=1853"},{"taxonomy":"product_tag","embeddable":true,"href":"https:\/\/fmp-components.com\/fi\/wp-json\/wp\/v2\/product_tag?post=1853"}],"curies":[{"name":"wp","href":"https:\/\/api.w.org\/{rel}","templated":true}]}}