{"id":1843,"date":"2024-12-24T06:35:24","date_gmt":"2024-12-24T06:35:24","guid":{"rendered":"https:\/\/fmp-components.com\/?page_id=8"},"modified":"2024-12-24T06:51:56","modified_gmt":"2024-12-24T06:51:56","slug":"post-hole-digger-gearbox-replacement-of-comer-code-t-290f","status":"publish","type":"product","link":"https:\/\/fmp-components.com\/fi\/product\/post-hole-digger-gearbox-replacement-of-comer-code-t-290f\/","title":{"rendered":"Post Hole Digger -vaihteisto \u2013 Comer-koodin T-290F vaihto"},"content":{"rendered":"<p>Post Hole Digger -vaihteistomme on suunniteltu erityisesti korvaamaan Comer Code T-290F -vaihteisto. T\u00e4m\u00e4 vaihdelaatikko varmistaa erinomaisen suorituskyvyn ja kest\u00e4vyyden erilaisissa poraussovelluksissa.<\/p>\n<h3>T\u00e4rkeimm\u00e4t ominaisuudet:<\/h3>\n<ul>\n<li><strong>Suuri v\u00e4\u00e4nt\u00f6momentti<\/strong>T\u00e4m\u00e4 vaihteisto on suunniteltu tarjoamaan poikkeuksellisen v\u00e4\u00e4nt\u00f6momentin, ja se siirt\u00e4\u00e4 tehokkaasti voiman traktorista ruuvikuljettimeen, mik\u00e4 tekee siit\u00e4 ihanteellisen vaikeisiin maaper\u00e4olosuhteisiin.<\/li>\n<li><strong>Kest\u00e4v\u00e4 rakenne<\/strong>Korkealaatuisista materiaaleista valmistettu vaihteistomme tarjoaa erinomaisen lujuuden ja kulutuskest\u00e4vyyden, mik\u00e4 varmistaa pitk\u00e4n k\u00e4ytt\u00f6i\u00e4n.<\/li>\n<li><strong>Tarkkuuskoneistus<\/strong>Jokainen yksikk\u00f6 on valmistettu tarkasti sujuvan toiminnan ja optimaalisen suorituskyvyn takaamiseksi, minimoimalla energianhukkaa k\u00e4yt\u00f6n aikana.<\/li>\n<li><strong>Kompakti muotoilu<\/strong>Kompaktit mitat mahdollistavat helpon asennuksen ja yhteensopivuuden erilaisten kaivinkoneiden kanssa lis\u00e4\u00e4m\u00e4tt\u00e4 kokoa.<\/li>\n<li><strong>Monipuolinen yhteensopivuus<\/strong>Suunniteltu sopimaan useille traktoreille ja kaivukoneille, joten se soveltuu useisiin maatalous- ja rakennust\u00f6ihin.<\/li>\n<li><strong>Tehokas tiivistysj\u00e4rjestelm\u00e4<\/strong>Integroidut tiivisteet est\u00e4v\u00e4t ep\u00e4puhtauksien p\u00e4\u00e4syn vaihteistoon, mik\u00e4 auttaa yll\u00e4pit\u00e4m\u00e4\u00e4n voitelua ja pident\u00e4m\u00e4\u00e4n sis\u00e4isten komponenttien k\u00e4ytt\u00f6ik\u00e4\u00e4.<\/li>\n<li><strong>V\u00e4h\u00e4iset huoltovaatimukset<\/strong>Kest\u00e4v\u00e4ksi suunniteltu vaihdelaatikko vaatii vain v\u00e4h\u00e4n huoltoa, mink\u00e4 ansiosta k\u00e4ytt\u00e4j\u00e4t voivat keskitty\u00e4 teht\u00e4viins\u00e4 ilman usein toistuvia seisokkeja.<\/li>\n<\/ul>\n<p>Post Hole Digger -vaihteistomme, joka korvaa Comer Code T-290F -vaihteiston, on suunniteltu tarjoamaan korkeaa suorituskyky\u00e4 ja luotettavuutta. Kest\u00e4v\u00e4n rakenteensa ja tarkan suunnittelunsa ansiosta se on ihanteellinen ratkaisu kaikkiin poraustarpeisiisi. Ota yhteytt\u00e4 jo t\u00e4n\u00e4\u00e4n saadaksesi lis\u00e4tietoja tai tehd\u00e4ksesi tilauksen!<\/p>\n<h2>Tuotteen tekniset tiedot:<\/h2>\n<table style=\"width: 100%;\" border=\"1\" width=\"100%\" cellspacing=\"0\" cellpadding=\"0\">\n<tbody>\n<tr>\n<th>Kuvaus<\/th>\n<td>Post Hole Digger -vaihteisto \u2013 Comer-koodin T-290F vaihto<\/td>\n<\/tr>\n<tr>\n<th>Hakemus<\/th>\n<td>Erilaisia \u200b\u200b(maatalouden) sovelluksia<\/td>\n<\/tr>\n<tr>\n<th>Koostuu<\/th>\n<td>Vaihteisto<\/td>\n<\/tr>\n<tr>\n<th>Ilman \u00f6ljy\u00e4<\/th>\n<td>Tekniset tiedot<\/td>\n<\/tr>\n<tr>\n<th>Suurin tuloteho<\/th>\n<td>66,2 kW<\/td>\n<\/tr>\n<tr>\n<th>Suurin l\u00e4ht\u00f6momentti<\/th>\n<td>1135 nm<\/td>\n<\/tr>\n<tr>\n<th>Sis\u00e4lt\u00e4\u00e4 \u00f6ljy\u00e4<\/th>\n<td>Ei<\/td>\n<\/tr>\n<tr>\n<th>\u00d6ljyn enimm\u00e4istilavuus<\/th>\n<td>2,3 litraa<\/td>\n<\/tr>\n<tr>\n<th>\u00d6ljynvaihtov\u00e4li (maks.)<\/th>\n<td>500 tuntia<\/td>\n<\/tr>\n<tr>\n<th>\u00d6ljyn SAE-viskositeettiluokka<\/th>\n<td>80W-90<\/td>\n<\/tr>\n<tr>\n<th>Kotelon materiaali<\/th>\n<td>Valurauta GG25<\/td>\n<\/tr>\n<tr>\n<th>Paino<\/th>\n<td>30 kg<\/td>\n<\/tr>\n<tr>\n<th>Vaihteistoj\u00e4rjestely<\/th>\n<td>5 &#8211; 6<\/td>\n<\/tr>\n<tr>\n<th>Suhde<\/th>\n<td>1: 1<\/td>\n<\/tr>\n<tr>\n<th>Tuloakseli<\/th>\n<td>Z<\/td>\n<\/tr>\n<tr>\n<th>Akseli X<\/th>\n<td>1 3\/8\u2033 (6) (A)<\/td>\n<\/tr>\n<tr>\n<th>Akseli Y<\/th>\n<td>1 3\/8\u2033 (6) (A)<\/td>\n<\/tr>\n<tr>\n<th>Akseli Z<\/th>\n<td>1 3\/8\u2033 (6) (B)<\/td>\n<\/tr>\n<\/tbody>\n<\/table>\n<h2>Tietoja FMP:st\u00e4<\/h2>\n<p>Italiassa sijaitseva FMP on johtava yritys monenlaisten vaihteistojen, vaihteistojen ja konepajakoneiden tutkimuksessa, kehityksess\u00e4 ja valmistuksessa. Sitoutuneena innovaatioihin ja huippuosaamiseen tarjoamme laajan tuotevalikoiman, joka sis\u00e4lt\u00e4\u00e4:<\/p>\n<ul>\n<li><strong>Spiraalikartiovaihteistot<\/strong><\/li>\n<li><strong>Suorat vaihteistot<\/strong><\/li>\n<li><strong>Matovaihteistot<\/strong><\/li>\n<li><strong>Sylinterim\u00e4iset vaihteistot<\/strong><\/li>\n<li><strong>Korkeapainevaletut venttiilirungot ja -kotelot<\/strong><\/li>\n<\/ul>\n<p>Tuotteemme on suunniteltu moniin eri k\u00e4ytt\u00f6tarkoituksiin, ja ne palvelevat esimerkiksi maataloutta, rakennusalaa ja merenkulkua. Niit\u00e4 k\u00e4ytet\u00e4\u00e4n yleisesti maatalousleikkureissa, lumiauroissa, lannoitteenlevittimiss\u00e4, viljakuljettimissa, teollisuuskoneissa, \u00f6ljynporauslaitteissa ja hydraulij\u00e4rjestelmiss\u00e4.<\/p>\n<p>FMP:ll\u00e4 olemme ylpeit\u00e4 vankasta teknisest\u00e4 ja tutkimusosaamisestamme. Horjumaton omistautumisemme luotettavien ja korkealaatuisten tuotteiden valmistukseen on tehnyt meist\u00e4 arvostetun nimen valmistussektorilla. Omaksumme ainutlaatuisen liiketoimintafilosofian, joka asettaa etusijalle innovaation, laadun ja asiakastyytyv\u00e4isyyden, mink\u00e4 ansiosta voimme sopeutua asiakkaidemme kehittyviin tarpeisiin.<\/p>\n<p><img loading=\"lazy\" decoding=\"async\" class=\"alignnone wp-image-1840\" src=\"https:\/\/fmp-components.com\/wp-content\/uploads\/2024\/12\/Post-Hole-Digger-Gearbox-6.webp\" alt=\"Kuopanj\u00e4lkeisen kaivurin vaihdelaatikko\" width=\"884\" height=\"582\" title=\"\" srcset=\"https:\/\/fmp-components.com\/wp-content\/uploads\/2024\/12\/Post-Hole-Digger-Gearbox-6.webp 884w, https:\/\/fmp-components.com\/wp-content\/uploads\/2024\/12\/Post-Hole-Digger-Gearbox-6-480x316.webp 480w\" sizes=\"(min-width: 0px) and (max-width: 480px) 480px, (min-width: 481px) 884px, 100vw\" \/><\/p>\n<h3>Maatalouden vaihdelaatikoiden valmistusprosessi<\/h3>\n<p>Maatalousvaihteistojen tuotanto on huolellinen prosessi, johon kuuluu useita kriittisi\u00e4 vaiheita, joista jokainen on suunniteltu varmistamaan korkein laatu ja suorituskyky:<\/p>\n<p><strong>Tuotesuunnittelu<\/strong><br \/>\nAlkuvaiheessa keskityt\u00e4\u00e4n m\u00e4\u00e4ritt\u00e4m\u00e4\u00e4n eritelm\u00e4t, valitsemaan materiaalit ja m\u00e4\u00e4ritt\u00e4m\u00e4\u00e4n mitat, jotka on r\u00e4\u00e4t\u00e4l\u00f6ity tiettyjen sovellusvaatimusten mukaisesti. Suunnittelutiimimme tekee tiivist\u00e4 yhteisty\u00f6t\u00e4 asiakkaiden kanssa ymm\u00e4rt\u00e4\u00e4kseen heid\u00e4n tarpeensa ja hy\u00f6dynt\u00e4\u00e4kseen uusimpia teknologisia edistysaskeleita.<\/p>\n<p><strong>Raaka-aineiden valmistelu<\/strong><br \/>\nHankimme huolellisesti t\u00e4rkeimm\u00e4t materiaalit, p\u00e4\u00e4asiassa valuraudan ja alumiiniseoksen, varmistaaksemme, ett\u00e4 ne t\u00e4ytt\u00e4v\u00e4t tiukat laatustandardimme. Jokainen er\u00e4 tarkastetaan perusteellisesti ennen k\u00e4ytt\u00f6\u00e4 tuotteidemme optimaalisen suorituskyvyn takaamiseksi.<\/p>\n<p><strong>Tarkkuuskoneistus<\/strong><br \/>\nRaaka-aineet ty\u00f6stet\u00e4\u00e4n tarkasti, kuten sorvataan ja jyrsit\u00e4\u00e4n, jotta hammaspy\u00f6r\u00e4t, akselit ja kotelot saadaan aikaan poikkeuksellisen tarkasti. Huippuluokan koneemme ja ammattitaitoiset teknikkomme varmistavat, ett\u00e4 jokainen komponentti valmistetaan t\u00e4ydellisesti.<\/p>\n<p><strong>Kokoonpano<\/strong><br \/>\nKokoonpanon aikana komponentit, kuten hammaspy\u00f6r\u00e4t, laakerit ja akselit, kootaan huolellisesti kotelon sis\u00e4\u00e4n. T\u00e4m\u00e4 vaihe sis\u00e4lt\u00e4\u00e4 perusteelliset tarkkuustarkastukset ja kalibroinnit sek\u00e4 asianmukaisten voiteluaineiden k\u00e4yt\u00f6n sujuvan ja tehokkaan toiminnan varmistamiseksi.<\/p>\n<p><strong>Prosessik\u00e4sittely<\/strong><br \/>\nLujuuden ja kulutuskest\u00e4vyyden parantamiseksi vaihteistot altistetaan edistyneille l\u00e4mp\u00f6k\u00e4sittelyprosesseille. T\u00e4m\u00e4 kriittinen vaihe varmistaa, ett\u00e4 tuotteemme kest\u00e4v\u00e4t vaativien sovellusten rasitukset.<\/p>\n<p><strong>Pintak\u00e4sittely<\/strong><br \/>\nK\u00e4yt\u00e4mme pintak\u00e4sittelyj\u00e4, kuten kiillotusta ja pulverimaalausta, parantaaksemme sek\u00e4 vaihteistojen esteettist\u00e4 ilmett\u00e4 ett\u00e4 korroosionkest\u00e4vyytt\u00e4. T\u00e4m\u00e4 ei ainoastaan \u200b\u200bparanna kest\u00e4vyytt\u00e4, vaan my\u00f6s pident\u00e4\u00e4 tuotteidemme k\u00e4ytt\u00f6ik\u00e4\u00e4 erilaisissa ymp\u00e4rist\u00f6iss\u00e4.<\/p>\n<p><strong>Laadunvalvonta<\/strong><br \/>\nTuotannon jokaisessa vaiheessa suoritetaan kattavat tarkastukset, joissa mitataan mittoja, tarkkuutta, melua ja t\u00e4rin\u00e4\u00e4. T\u00e4m\u00e4 tiukka laadunvalvontaprosessi takaa, ett\u00e4 vaihteistomme t\u00e4ytt\u00e4v\u00e4t tiukat turvallisuus- ja suorituskykystandardit.<\/p>\n<p>Kaiken kaikkiaan maatalousvaihteistojen tuotanto FMP:ll\u00e4 on monimutkainen hanke, joka vaatii ammattitaitoista k\u00e4sity\u00f6taitoa, edistynytt\u00e4 valmistusteknologiaa ja perusteellista laadunvalvontaj\u00e4rjestelm\u00e4\u00e4. Huolellinen l\u00e4hestymistapamme varmistaa, ett\u00e4 toimitamme vaihteistoja, jotka tarjoavat poikkeuksellisen suorituskyvyn ja luotettavuuden ja t\u00e4ytt\u00e4v\u00e4t asiakkaidemme odottamat korkeat standardit.<\/p>\n<p>Tekij\u00e4: CX<\/p>","protected":false},"excerpt":{"rendered":"<p>Our Post Hole Digger Gearbox, designed specifically as a replacement for the Comer Code T-290F. This gearbox ensures outstanding performance and durability for various drilling applications. Key Features: High Torque Output: Engineered to provide exceptional torque, this gearbox effectively transfers power from the tractor to the auger, making it ideal for tough soil conditions. Robust [&hellip;]<\/p>","protected":false},"featured_media":1844,"comment_status":"open","ping_status":"closed","template":"","meta":{"_et_pb_use_builder":"","_et_pb_old_content":"","_et_gb_content_width":""},"product_brand":[],"product_cat":[15],"product_tag":[],"class_list":{"0":"post-1843","1":"product","2":"type-product","3":"status-publish","4":"has-post-thumbnail","6":"product_cat-uncategorized","8":"first","9":"instock","10":"shipping-taxable","11":"product-type-simple"},"_links":{"self":[{"href":"https:\/\/fmp-components.com\/fi\/wp-json\/wp\/v2\/product\/1843","targetHints":{"allow":["GET"]}}],"collection":[{"href":"https:\/\/fmp-components.com\/fi\/wp-json\/wp\/v2\/product"}],"about":[{"href":"https:\/\/fmp-components.com\/fi\/wp-json\/wp\/v2\/types\/product"}],"replies":[{"embeddable":true,"href":"https:\/\/fmp-components.com\/fi\/wp-json\/wp\/v2\/comments?post=1843"}],"wp:featuredmedia":[{"embeddable":true,"href":"https:\/\/fmp-components.com\/fi\/wp-json\/wp\/v2\/media\/1844"}],"wp:attachment":[{"href":"https:\/\/fmp-components.com\/fi\/wp-json\/wp\/v2\/media?parent=1843"}],"wp:term":[{"taxonomy":"product_brand","embeddable":true,"href":"https:\/\/fmp-components.com\/fi\/wp-json\/wp\/v2\/product_brand?post=1843"},{"taxonomy":"product_cat","embeddable":true,"href":"https:\/\/fmp-components.com\/fi\/wp-json\/wp\/v2\/product_cat?post=1843"},{"taxonomy":"product_tag","embeddable":true,"href":"https:\/\/fmp-components.com\/fi\/wp-json\/wp\/v2\/product_tag?post=1843"}],"curies":[{"name":"wp","href":"https:\/\/api.w.org\/{rel}","templated":true}]}}