{"id":1831,"date":"2024-12-24T05:44:59","date_gmt":"2024-12-24T05:44:59","guid":{"rendered":"https:\/\/fmp-components.com\/?page_id=8"},"modified":"2024-12-24T06:47:52","modified_gmt":"2024-12-24T06:47:52","slug":"75-hp-heavy-duty-post-hole-digger-gearbox-for-3-point-post-hole-digger","status":"publish","type":"product","link":"https:\/\/fmp-components.com\/fi\/product\/75-hp-heavy-duty-post-hole-digger-gearbox-for-3-point-post-hole-digger\/","title":{"rendered":"75 hv:n raskaaseen k\u00e4ytt\u00f6\u00f6n tarkoitettu vaihteisto 3-pisteiseen pylv\u00e4sreik\u00e4kaivuriin"},"content":{"rendered":"<p><img loading=\"lazy\" decoding=\"async\" class=\"size-full wp-image-1838 aligncenter\" src=\"https:\/\/fmp-components.com\/wp-content\/uploads\/2024\/12\/Heavy-Duty-Post-Hole-Digger-Gearbox-Parts-2.webp\" alt=\"Raskaan k\u00e4yt\u00f6n kaivinkoneen vaihteiston osat\" width=\"600\" height=\"600\" title=\"\" srcset=\"https:\/\/fmp-components.com\/wp-content\/uploads\/2024\/12\/Heavy-Duty-Post-Hole-Digger-Gearbox-Parts-2.webp 600w, https:\/\/fmp-components.com\/wp-content\/uploads\/2024\/12\/Heavy-Duty-Post-Hole-Digger-Gearbox-Parts-2-480x480.webp 480w\" sizes=\"(min-width: 0px) and (max-width: 480px) 480px, (min-width: 481px) 600px, 100vw\" \/><\/p>\n<h2>75 hv:n raskaaseen k\u00e4ytt\u00f6\u00f6n tarkoitetun kaivinkoneen vaihdelaatikon mitat<\/h2>\n<p><img loading=\"lazy\" decoding=\"async\" class=\"alignnone size-full wp-image-1832\" src=\"https:\/\/fmp-components.com\/wp-content\/uploads\/2024\/12\/Post-Hole-Digger-Gearbox-1.webp\" alt=\"Kuopanj\u00e4lkeisen kaivurin vaihdelaatikko\" width=\"1012\" height=\"872\" title=\"\" srcset=\"https:\/\/fmp-components.com\/wp-content\/uploads\/2024\/12\/Post-Hole-Digger-Gearbox-1.webp 1012w, https:\/\/fmp-components.com\/wp-content\/uploads\/2024\/12\/Post-Hole-Digger-Gearbox-1-980x844.webp 980w, https:\/\/fmp-components.com\/wp-content\/uploads\/2024\/12\/Post-Hole-Digger-Gearbox-1-480x414.webp 480w\" sizes=\"(min-width: 0px) and (max-width: 480px) 480px, (min-width: 481px) and (max-width: 980px) 980px, (min-width: 981px) 1012px, 100vw\" \/><\/p>\n<h2>Tuotteen tekniset tiedot:<\/h2>\n<div><span class=\"Apple-style-span\">T\u00e4m\u00e4 paalukaivurin vaihdelaatikko on 75 hevosvoiman suorakulmainen vaihteisto, jota k\u00e4ytet\u00e4\u00e4n monissa paalukaivurin lis\u00e4laitteissa. T\u00e4m\u00e4 raskaaseen k\u00e4ytt\u00f6\u00f6n tarkoitettu paalukaivurin vaihdelaatikko on suora korvaaja useille valmistajille. Tarkista vain omasi mitat varmistaaksesi, ett\u00e4 se sopii suoraan.<\/span><\/div>\n<p>\u2013 75 hv:n teho<\/p>\n<p>\u2013 Sis\u00e4lt\u00e4\u00e4 suojat<\/p>\n<p>\u2013 Kuvasuhde 3:1<\/p>\n<p>\u2013 1-1\/4\u2033 py\u00f6re\u00e4 sis\u00e4\u00e4ntuloakseli, jossa 3\/8\u2033 kiinnitysreik\u00e4<\/p>\n<p>\u2013 2 tuuman py\u00f6re\u00e4 ulostuloakseli, jossa on kaksi 1\/2 tuuman reik\u00e4\u00e4 ruuvien kiinnitt\u00e4mist\u00e4 varten<\/p>\n<p>\u2013 7\/8 tuuman kiinnitystappi, 7-1\/2 tuumaa pitk\u00e4<\/p>\n<p>\u2013 Kiinnityskorvakkeet 5-3\/8\u2033 sis\u00e4puolelta ja 6-5\/8\u2033 ulkopuolelta ulkopuolelle.<\/p>\n<p>\u2013 Kest\u00e4v\u00e4 musta maali<\/p>\n<p>\u2013 75 paunaa<\/p>\n<p>\u2013 Toimitetaan ilman \u00f6ljy\u00e4 (80W-90 vaihteisto\u00f6ljy)<\/p>\n<p><img loading=\"lazy\" decoding=\"async\" class=\"alignnone size-full wp-image-1836\" src=\"https:\/\/fmp-components.com\/wp-content\/uploads\/2024\/12\/Post-Hole-Digger-Gearbox-3.webp\" alt=\"Kuopanj\u00e4lkeisen kaivurin vaihdelaatikko\" width=\"1278\" height=\"752\" title=\"\" srcset=\"https:\/\/fmp-components.com\/wp-content\/uploads\/2024\/12\/Post-Hole-Digger-Gearbox-3.webp 1278w, https:\/\/fmp-components.com\/wp-content\/uploads\/2024\/12\/Post-Hole-Digger-Gearbox-3-980x577.webp 980w, https:\/\/fmp-components.com\/wp-content\/uploads\/2024\/12\/Post-Hole-Digger-Gearbox-3-480x282.webp 480w\" sizes=\"(min-width: 0px) and (max-width: 480px) 480px, (min-width: 481px) and (max-width: 980px) 980px, (min-width: 981px) 1278px, 100vw\" \/><\/p>\n<h2>75 hv:n raskaan kaivukoneen vaihteiston osat<\/h2>\n<p>75 hv:n raskaaseen k\u00e4ytt\u00f6\u00f6n tarkoitettu kaivinkoneen vaihteisto on tukeva komponentti, joka on suunniteltu vastaamaan korkeisiin v\u00e4\u00e4nt\u00f6momenttivaatimuksiin porattaessa vaikeissa maaper\u00e4olosuhteissa. Alla on lueteltu vaihteiston p\u00e4\u00e4osat:<\/p>\n<p>Vaihteiston kotelo: Vaihteiston kotelo suojaa ja tarjoaa rakenteellista tukea sis\u00e4isille komponenteille. Se on tyypillisesti valmistettu kest\u00e4vist\u00e4 materiaaleista, kuten valuraudasta tai ter\u00e4ksest\u00e4, ja se on suunniteltu kest\u00e4m\u00e4\u00e4n raskaiden poraust\u00f6iden rasitukset.<\/p>\n<p>Sis\u00e4\u00e4ntuloakseli: Traktorin voimanottoakseliin (PTO) yhdistetty sis\u00e4\u00e4ntuloakseli siirt\u00e4\u00e4 py\u00f6rimisvoiman traktorin moottorista vaihteistoon. Se toimii vaihteiston ensisijaisena k\u00e4ytt\u00f6laitteena ja k\u00e4ynnist\u00e4\u00e4 porausprosessin.<\/p>\n<p>Vaihteet: Vaihteiston sis\u00e4ll\u00e4 sarja hammaspy\u00f6ri\u00e4 v\u00e4litt\u00e4\u00e4 voimaa tuloakselilta l\u00e4ht\u00f6akselille samalla s\u00e4\u00e4t\u00e4en v\u00e4\u00e4nt\u00f6momenttia ja nopeutta. N\u00e4m\u00e4 hammaspy\u00f6r\u00e4t on suunniteltu huolellisesti tuottamaan tarvittava v\u00e4\u00e4nt\u00f6momentin vahvistus tehokasta porausta varten erilaisissa maaper\u00e4tyypeiss\u00e4.<\/p>\n<p>Ulostuloakseli: Ulostuloakseli vastaanottaa voiman hammaspy\u00f6rilt\u00e4 ja siirt\u00e4\u00e4 sen porausruuville. Py\u00f6rim\u00e4ll\u00e4 ruuvia t\u00e4m\u00e4 akseli helpottaa istutusreikien tekemist\u00e4 haluttuun syvyyteen ja halkaisijaan.<\/p>\n<p>Laakerit: Laakerit tukevat vaihteiston akseleita ja hammaspy\u00f6ri\u00e4 varmistaen tasaisen py\u00f6rimisen ja minimaalisen kitkan. Korkealaatuiset laakerit ovat ratkaisevan t\u00e4rkeit\u00e4 vaihteiston tehokkuuden ja pitk\u00e4ik\u00e4isyyden yll\u00e4pit\u00e4miseksi, erityisesti raskaiden kuormien aikana jatkuvassa k\u00e4yt\u00f6ss\u00e4.<\/p>\n<p>Tiivisteet: Tiivisteet ovat v\u00e4ltt\u00e4m\u00e4tt\u00f6mi\u00e4 lian, kosteuden ja muiden ep\u00e4puhtauksien p\u00e4\u00e4syn est\u00e4miseksi vaihteiston koteloon ja voiteluj\u00e4rjestelm\u00e4\u00e4n. Yll\u00e4pit\u00e4m\u00e4ll\u00e4 vaihteiston eheytt\u00e4 n\u00e4m\u00e4 tiivisteet auttavat est\u00e4m\u00e4\u00e4n sis\u00e4isten komponenttien ennenaikaista kulumista tai vaurioitumista.<\/p>\n<p><img loading=\"lazy\" decoding=\"async\" class=\"alignnone size-full wp-image-1837\" src=\"https:\/\/fmp-components.com\/wp-content\/uploads\/2024\/12\/Post-Hole-Digger-Gearbox-48.webp\" alt=\"Kuopanj\u00e4lkeisen kaivurin vaihdelaatikko\" width=\"2560\" height=\"1920\" title=\"\" srcset=\"https:\/\/fmp-components.com\/wp-content\/uploads\/2024\/12\/Post-Hole-Digger-Gearbox-48.webp 2560w, https:\/\/fmp-components.com\/wp-content\/uploads\/2024\/12\/Post-Hole-Digger-Gearbox-48-1280x960.webp 1280w, https:\/\/fmp-components.com\/wp-content\/uploads\/2024\/12\/Post-Hole-Digger-Gearbox-48-980x735.webp 980w, https:\/\/fmp-components.com\/wp-content\/uploads\/2024\/12\/Post-Hole-Digger-Gearbox-48-480x360.webp 480w\" sizes=\"(min-width: 0px) and (max-width: 480px) 480px, (min-width: 481px) and (max-width: 980px) 980px, (min-width: 981px) and (max-width: 1280px) 1280px, (min-width: 1281px) 2560px, 100vw\" \/><\/p>\n<h2>75 hv:n raskaaseen k\u00e4ytt\u00f6\u00f6n tarkoitetun kaivinkoneen vaihdelaatikon ominaisuudet<\/h2>\n<p>75 hv:n raskaaseen k\u00e4ytt\u00f6\u00f6n tarkoitettu kaivinkoneen vaihteisto on suunniteltu optimaalista suorituskyky\u00e4 ja kest\u00e4vyytt\u00e4 varten vaativissa poraussovelluksissa. T\u00e4ss\u00e4 ovat sen t\u00e4rkeimm\u00e4t ominaisuudet:<\/p>\n<h3>1. Suuri v\u00e4\u00e4nt\u00f6momentti<\/h3>\n<p>T\u00e4m\u00e4 vaihteisto on suunniteltu k\u00e4sittelem\u00e4\u00e4n suuria v\u00e4\u00e4nt\u00f6momentteja ja siirt\u00e4\u00e4 tehokkaasti tehoa porattaessa vaikeissa maaper\u00e4olosuhteissa varmistaen tehokkaan toiminnan.<\/p>\n<h3>2. Kest\u00e4v\u00e4 rakenne<\/h3>\n<p>Kest\u00e4vist\u00e4 materiaaleista, kuten valuraudasta tai ter\u00e4ksest\u00e4, valmistettu vaihteiston kotelo tarjoaa erinomaisen rakenteellisen eheyden ja kulumiskest\u00e4vyyden.<\/p>\n<h3>3. Tarkkuusvaihteet<\/h3>\n<p>Vaihteistossa on tarkasti suunnitellut hammaspy\u00f6r\u00e4t, jotka optimoivat v\u00e4\u00e4nt\u00f6momentin ja nopeuden, mik\u00e4 mahdollistaa tehokkaan porauksen ja mukautuu samalla vaihteleviin maaper\u00e4tyyppeihin.<\/p>\n<h3>4. Tehokas voimansiirto<\/h3>\n<p>Luotettavan sis\u00e4\u00e4nmenoakselin ansiosta, joka on kytketty traktorin voimanottoon, vaihteisto mahdollistaa sujuvan voimansiirron traktorin moottorista ja parantaa kokonaissuorituskyky\u00e4.<\/p>\n<h3>5. Parempi pitk\u00e4ik\u00e4isyys<\/h3>\n<p>Korkealaatuiset laakerit minimoivat kitkan ja kulumisen, mik\u00e4 osaltaan pident\u00e4\u00e4 vaihteiston k\u00e4ytt\u00f6ik\u00e4\u00e4 my\u00f6s jatkuvissa raskaissa kuormissa.<\/p>\n<h3>6. Tehokas tiivistysj\u00e4rjestelm\u00e4<\/h3>\n<p>Tiivisteet suojaavat sis\u00e4isi\u00e4 komponentteja lialta ja kosteudelta, mik\u00e4 auttaa yll\u00e4pit\u00e4m\u00e4\u00e4n voitelua ja est\u00e4m\u00e4\u00e4n ennenaikaisia \u200b\u200bvaurioita.<\/p>\n<h3>7. Monipuolinen k\u00e4ytt\u00f6<\/h3>\n<p>T\u00e4m\u00e4 vaihteisto sopii erilaisiin maaper\u00e4olosuhteisiin ja on ihanteellinen maatalous-, maisemointi- ja rakennussovelluksiin, joten se on monipuolinen valinta pylv\u00e4iden kaivamiseen.<\/p>\n<h3>8. Helppo huolto<\/h3>\n<p>Rakenne mahdollistaa yksinkertaisen huollon, mik\u00e4 varmistaa, ett\u00e4 k\u00e4ytt\u00e4j\u00e4t p\u00e4\u00e4sev\u00e4t helposti k\u00e4siksi komponentteihin tarkastuksia ja huoltoa varten.<\/p>\n<p>N\u00e4m\u00e4 ominaisuudet tekev\u00e4t 75 hv:n raskaaseen k\u00e4ytt\u00f6\u00f6n tarkoitetusta kaivinkoneen vaihteistosta luotettavan valinnan ammattilaisille, jotka tarvitsevat tehokkaita ja kest\u00e4vi\u00e4 porausratkaisuja.<\/p>\n<p><img loading=\"lazy\" decoding=\"async\" class=\"alignnone size-full wp-image-1839\" src=\"https:\/\/fmp-components.com\/wp-content\/uploads\/2024\/12\/Post-Hole-Digger-Gearbox-5.webp\" alt=\"Raskaan k\u00e4yt\u00f6n kaivinkoneen vaihteiston osat\" width=\"1282\" height=\"642\" title=\"\" srcset=\"https:\/\/fmp-components.com\/wp-content\/uploads\/2024\/12\/Post-Hole-Digger-Gearbox-5.webp 1282w, https:\/\/fmp-components.com\/wp-content\/uploads\/2024\/12\/Post-Hole-Digger-Gearbox-5-1280x641.webp 1280w, https:\/\/fmp-components.com\/wp-content\/uploads\/2024\/12\/Post-Hole-Digger-Gearbox-5-980x491.webp 980w, https:\/\/fmp-components.com\/wp-content\/uploads\/2024\/12\/Post-Hole-Digger-Gearbox-5-480x240.webp 480w\" sizes=\"(min-width: 0px) and (max-width: 480px) 480px, (min-width: 481px) and (max-width: 980px) 980px, (min-width: 981px) and (max-width: 1280px) 1280px, (min-width: 1281px) 1282px, 100vw\" \/><\/p>\n<h2>Tietoja FMP:st\u00e4<\/h2>\n<p>Italiassa sijaitseva FMP on omistautunut laajan valikoiman vaihteistojen, vaihteiden ja konepajakoneiden tutkimukseen, kehitykseen ja valmistukseen. Tuotevalikoimaamme kuuluvat:<\/p>\n<ul>\n<li><strong>Spiraalikartiovaihteistot<\/strong><\/li>\n<li><strong>Suorat vaihteistot<\/strong><\/li>\n<li><strong>Matovaihteistot<\/strong><\/li>\n<li><strong>Sylinterim\u00e4iset vaihteistot<\/strong><\/li>\n<li><strong>Korkeapainevaletut venttiilirungot ja -kotelot<\/strong><\/li>\n<\/ul>\n<p>N\u00e4m\u00e4 tuotteet soveltuvat monenlaisiin sovelluksiin, kuten maatalousruohonleikkureihin, lumiauroihin, lannoitteenlevittimiin, viljakuljettimiin, teollisuuslaitteisiin, \u00f6ljynporauskoneisiin, meriteollisuuden laitteisiin ja hydraulisiin komponentteihin konepajateollisuudessa.<\/p>\n<p>FMP:ll\u00e4 olemme ylpeit\u00e4 vankasta teknisest\u00e4 ja tutkimusosaamisestamme. Sitoutumisemme luotettavien ja korkealaatuisten tuotteiden valmistukseen on ansainnut meille erinomaisen maineen valmistussektorilla. Omaksumme ainutlaatuisen liiketoimintafilosofian, joka korostaa innovaatiota, laatua ja asiakastyytyv\u00e4isyytt\u00e4 varmistaen, ett\u00e4 vastaamme asiakkaidemme kehittyviin tarpeisiin.<\/p>\n<p><img loading=\"lazy\" decoding=\"async\" class=\"alignnone wp-image-1840\" src=\"https:\/\/fmp-components.com\/wp-content\/uploads\/2024\/12\/Post-Hole-Digger-Gearbox-6.webp\" alt=\"Kuopanj\u00e4lkeisen kaivurin vaihdelaatikko\" width=\"884\" height=\"582\" title=\"\" srcset=\"https:\/\/fmp-components.com\/wp-content\/uploads\/2024\/12\/Post-Hole-Digger-Gearbox-6.webp 884w, https:\/\/fmp-components.com\/wp-content\/uploads\/2024\/12\/Post-Hole-Digger-Gearbox-6-480x316.webp 480w\" sizes=\"(min-width: 0px) and (max-width: 480px) 480px, (min-width: 481px) 884px, 100vw\" \/><\/p>\n<h3>Maatalouden vaihdelaatikoiden valmistusprosessi<\/h3>\n<p>Maatalousvaihteistojen tuotantoprosessi on monimutkainen ja sis\u00e4lt\u00e4\u00e4 useita keskeisi\u00e4 vaiheita:<\/p>\n<ol>\n<li><strong>Tuotesuunnittelu<\/strong>T\u00e4m\u00e4 alkuvaihe sis\u00e4lt\u00e4\u00e4 vaihteiston teknisten tietojen, materiaalien ja mittojen valinnan tiettyjen sovellusvaatimusten t\u00e4ytt\u00e4miseksi.<\/li>\n<li><strong>Raaka-aineiden valmistelu<\/strong>Valmistamme keskeisi\u00e4 materiaaleja, p\u00e4\u00e4asiassa valurautaa tai alumiiniseosta, varmistaen, ett\u00e4 ne t\u00e4ytt\u00e4v\u00e4t tiukat laatustandardimme.<\/li>\n<li><strong>Tarkkuuskoneistus<\/strong>Raaka-aineet l\u00e4pik\u00e4yv\u00e4t tarkkuusty\u00f6st\u00f6\u00e4, johon kuuluu sorvaus, jyrsint\u00e4 ja muita toimintoja, hammaspy\u00f6rien, akseleiden ja koteloiden valmistamiseksi suurella tarkkuudella.<\/li>\n<li><strong>Kokoonpano<\/strong>Komponentit, kuten hammaspy\u00f6r\u00e4t, laakerit ja akselit, kootaan huolellisesti koteloon. T\u00e4ss\u00e4 vaiheessa tarkistamme ja kalibroimme tarkkuuden ja k\u00e4yt\u00e4mme sopivia voiteluaineita sujuvan toiminnan varmistamiseksi.<\/li>\n<li><strong>Prosessik\u00e4sittely<\/strong>Vaihteistot l\u00e4mp\u00f6k\u00e4sitell\u00e4\u00e4n, mik\u00e4 parantaa niiden lujuutta ja kulutuskest\u00e4vyytt\u00e4 pitk\u00e4aikaisen suorituskyvyn takaamiseksi.<\/li>\n<li><strong>Pintak\u00e4sittely<\/strong>Toteutamme pintak\u00e4sittelyj\u00e4, kuten kiillotusta ja pulverimaalausta, parantaaksemme sek\u00e4 vaihteistojen esteettist\u00e4 ilmett\u00e4 ett\u00e4 korroosionkest\u00e4vyytt\u00e4.<\/li>\n<li><strong>Laadunvalvonta<\/strong>Vaihteistomme turvallisuus- ja suorituskykystandardien t\u00e4ytt\u00e4miseksi suoritetaan tiukkoja laatutarkastuksia, joissa mitataan mittoja, tarkkuutta, melua ja t\u00e4rin\u00e4\u00e4.<\/li>\n<\/ol>\n<p>Maatalousvaihteistojen tuotanto on kaiken kaikkiaan monimutkainen prosessi, joka vaatii ammattitaitoisia k\u00e4sity\u00f6l\u00e4isi\u00e4, edistyneit\u00e4 valmistuslaitteita ja kattavan laadunvalvontaj\u00e4rjestelm\u00e4n. T\u00e4m\u00e4 huolellinen l\u00e4hestymistapa varmistaa, ett\u00e4 vaihteistomme tarjoavat poikkeuksellisen suorituskyvyn ja luotettavuuden.<\/p>\n<p>Tekij\u00e4: CX<\/p>","protected":false},"excerpt":{"rendered":"<p>75 HP Heavy Duty Post Hole Digger Gearbox Dimensions Product Specifications: This post hole digger gearbox is a 75 horsepower, right angle gearbox used on many post hole digger attachments. This heavy duty post hole digger gearbox is a direct replacement for a number of manufacturers. Just check the measurements on yours to make sure [&hellip;]<\/p>","protected":false},"featured_media":1833,"comment_status":"open","ping_status":"closed","template":"","meta":{"_et_pb_use_builder":"","_et_pb_old_content":"","_et_gb_content_width":""},"product_brand":[],"product_cat":[50],"product_tag":[],"class_list":{"0":"post-1831","1":"product","2":"type-product","3":"status-publish","4":"has-post-thumbnail","6":"product_cat-post-hole-digger-gearbox","8":"first","9":"instock","10":"shipping-taxable","11":"product-type-simple"},"_links":{"self":[{"href":"https:\/\/fmp-components.com\/fi\/wp-json\/wp\/v2\/product\/1831","targetHints":{"allow":["GET"]}}],"collection":[{"href":"https:\/\/fmp-components.com\/fi\/wp-json\/wp\/v2\/product"}],"about":[{"href":"https:\/\/fmp-components.com\/fi\/wp-json\/wp\/v2\/types\/product"}],"replies":[{"embeddable":true,"href":"https:\/\/fmp-components.com\/fi\/wp-json\/wp\/v2\/comments?post=1831"}],"wp:featuredmedia":[{"embeddable":true,"href":"https:\/\/fmp-components.com\/fi\/wp-json\/wp\/v2\/media\/1833"}],"wp:attachment":[{"href":"https:\/\/fmp-components.com\/fi\/wp-json\/wp\/v2\/media?parent=1831"}],"wp:term":[{"taxonomy":"product_brand","embeddable":true,"href":"https:\/\/fmp-components.com\/fi\/wp-json\/wp\/v2\/product_brand?post=1831"},{"taxonomy":"product_cat","embeddable":true,"href":"https:\/\/fmp-components.com\/fi\/wp-json\/wp\/v2\/product_cat?post=1831"},{"taxonomy":"product_tag","embeddable":true,"href":"https:\/\/fmp-components.com\/fi\/wp-json\/wp\/v2\/product_tag?post=1831"}],"curies":[{"name":"wp","href":"https:\/\/api.w.org\/{rel}","templated":true}]}}