{"id":1717,"date":"2024-12-23T07:03:08","date_gmt":"2024-12-23T07:03:08","guid":{"rendered":"https:\/\/fmp-components.com\/product\/factory-price-long-stroke-hydraulic-cylinder-for-dump-trailer\/"},"modified":"2025-03-18T01:47:42","modified_gmt":"2025-03-18T01:47:42","slug":"factory-price-long-stroke-hydraulic-cylinder-for-dump-trailer","status":"publish","type":"product","link":"https:\/\/fmp-components.com\/fi\/product\/factory-price-long-stroke-hydraulic-cylinder-for-dump-trailer\/","title":{"rendered":"Tehtaan hinta pitk\u00e4iskuinen hydraulisylinteri kippiper\u00e4vaunulle"},"content":{"rendered":"<p>Tehdashintainen pitk\u00e4iskuinen hydraulisylinteri kippiper\u00e4vaunuille on korkealaatuinen tuote, joka on suunniteltu tarjoamaan erinomaista suorituskyky\u00e4 ja kest\u00e4vyytt\u00e4. T\u00e4m\u00e4 hydraulisylinteri on suunniteltu erityisesti kippiper\u00e4vaunuille, joten se on olennainen osa per\u00e4vaunun tehokasta ja luotettavaa k\u00e4ytt\u00f6\u00e4.<\/p>\n<p>Yksi t\u00e4m\u00e4n hydraulisylinterin t\u00e4rkeimmist\u00e4 ominaisuuksista on sen pitk\u00e4 iskunpituus. Pidemm\u00e4n iskunpituuden ansiosta se mahdollistaa suuremman liikeradan, mink\u00e4 ansiosta kippiper\u00e4vaunu voi nostaa ja laskea kuormia helposti. T\u00e4m\u00e4 tarkoittaa parempaa tuottavuutta ja tehokkuutta useissa eri sovelluksissa, kuten rakennusalalla, maataloudessa ja kuljetuksessa.<\/p>\n<p><img decoding=\"async\" src=\"https:\/\/hzpt.com\/wp-content\/uploads\/2023\/11\/Inverted-Telescopic-Cylinder-15.webp\" alt=\"\" title=\"\"><\/p>\n<p>Hydraulisylinteri on valmistettu huippuluokan materiaaleista, mik\u00e4 varmistaa sen kest\u00e4vyyden ja kulumiskest\u00e4vyyden. Se on suunniteltu kest\u00e4m\u00e4\u00e4n raskaissa sovelluksissa usein esiintyvi\u00e4 vaativia olosuhteita. Vankan rakenteensa ansiosta t\u00e4m\u00e4 hydraulisylinteri tarjoaa pitk\u00e4aikaista luotettavuutta ja suorituskyky\u00e4 minimoiden seisokkiajat ja huoltokustannukset.<\/p>\n<p>Lis\u00e4ksi tehdashintainen pitk\u00e4iskuinen hydraulisylinteri kippiper\u00e4vaunuun on varustettu edistyneell\u00e4 hydrauliikkatekniikalla. Siin\u00e4 on korkealaatuinen hydrauliikkaj\u00e4rjestelm\u00e4, joka tarjoaa sujuvan ja tarkan toiminnan ja mahdollistaa tarkan hallinnan nosto- ja laskuprosessin aikana. T\u00e4m\u00e4 varmistaa kuormien turvallisen ja tehokkaan k\u00e4sittelyn ja parantaa kokonaistuottavuutta.<\/p>\n<p>Lis\u00e4ksi t\u00e4m\u00e4 hydraulisylinteri on suunniteltu helppoa asennusta varten ja yhteensopivaksi useiden kippiper\u00e4vaunumallien kanssa. Se toimitetaan kaikkien tarvittavien kiinnitystarvikkeiden ja liitosten kanssa, mik\u00e4 tekee asennusprosessista nopean ja vaivattoman.<\/p>\n<p>Yhteenvetona voidaan todeta, ett\u00e4 tehdashintainen pitk\u00e4iskuinen hydraulisylinteri kippiper\u00e4vaunuille on luotettava ja tehokas tuote, joka tarjoaa erinomaista vastinetta rahalle. Sen pitk\u00e4 iskukapasiteetti, kest\u00e4v\u00e4 rakenne, edistynyt hydrauliikkatekniikka ja helppo asennus tekev\u00e4t siit\u00e4 ihanteellisen valinnan kippiper\u00e4vaunusovelluksiin. Olitpa sitten rakennus-, maatalous- tai kuljetusalalla, t\u00e4m\u00e4 hydrauliikkasylinteri parantaa varmasti kippiper\u00e4vaunusi suorituskyky\u00e4 ja tehokkuutta. Tutustu upouuden, tehdashintaisen pitk\u00e4iskuisen hydrauliikkasylinterimme huipputeknologiaan ja poikkeukselliseen laatuun, joka on suunniteltu erityisesti kippiper\u00e4vaunuille. T\u00e4ll\u00e4 hydrauliikkasylinterill\u00e4 on 1 vuoden takuu, joka varmistaa luotettavuuden ja mielenrauhan. Se sopii monille eri toimialoille, kuten tuotantolaitoksille, konekorjaamoille, maatiloille, energia- ja kaivosteollisuudelle sek\u00e4 konetehtaille. 40 kg painava tuote toimitetaan tarkastusvideoiden ja koneiden testiraporttien kanssa. Uutena tuotteena vuodelle 2025 se tarjoaa 1 vuoden takuun keskeisille komponenteille, kuten laakereille ja m\u00e4nt\u00e4sylinterille. M\u00e4nt\u00e4sylinterirakenne toimii hydraulisella voimalla ja on valmistettu kest\u00e4v\u00e4st\u00e4 ter\u00e4ksest\u00e4.<\/p>\n<p><img decoding=\"async\" src=\"https:\/\/hzpt.com\/wp-content\/uploads\/2023\/11\/Inverted-Telescopic-Cylinder-6.webp\" alt=\"\" title=\"\"><\/p>\n<h2>Pitk\u00e4iskuisen hydraulisylinterin ominaisuudet<\/h2>\n<p>Pitk\u00e4iskuinen hydraulisylinteri on standardi m\u00e4nt\u00e4sylinterirakenne, jota k\u00e4ytt\u00e4\u00e4 hydraulinen energia. T\u00e4m\u00e4n tuotteen t\u00e4rkeimpi\u00e4 ominaisuuksia ovat:<\/p>\n<p>1. Rungon materiaali: Valmistettu kest\u00e4v\u00e4st\u00e4 ter\u00e4ksest\u00e4, mik\u00e4 takaa pitk\u00e4n k\u00e4ytt\u00f6i\u00e4n.<\/p>\n<p>2. Suurin ty\u00f6nt\u00f6voima: Pystyy k\u00e4ytt\u00e4m\u00e4\u00e4n enint\u00e4\u00e4n 3000 ty\u00f6nt\u00f6voimaa.<\/p>\n<p>3. Tyyppi: Se on k\u00e4\u00e4nteinen teleskooppisylinteri, joka tarjoaa erinomaisen toiminnallisen tehokkuuden.<\/p>\n<p>4. Portit: Varustettu G\/SAE\/NPT\/M-porteilla monipuolista liitett\u00e4vyytt\u00e4 varten.<\/p>\n<p>5. Maksimivetokyky: Sen suurin vetokyky on 20 tonnia.<\/p>\n<h2>Pitk\u00e4iskuisen hydraulisylinterin sovellukset<\/h2>\n<p>T\u00e4m\u00e4 hydraulisylinteri soveltuu useille eri toimialoille ja sovelluksiin, mukaan lukien:<\/p>\n<p>1. Tuotantolaitokset: Arvokkaita erilaisissa valmistusprosesseissa.<\/p>\n<p>2. Konekorjaamot: Olennaisia \u200b\u200braskaiden koneiden korjaamisessa.<\/p>\n<p>3. Maatilat: Ihanteellinen maatalouskoneiden k\u00e4ytt\u00f6\u00f6n.<\/p>\n<p>4. Energia ja kaivostoiminta: T\u00e4ydellinen raskaaseen energia- ja kaivostoimintaan.<\/p>\n<p>5. Konetehdas: Ratkaiseva osa koneiden valmistusta.<\/p>\n<p><img decoding=\"async\" src=\"https:\/\/hzpt.com\/wp-content\/uploads\/2023\/11\/Inverted-Telescopic-Cylinder-Applications.webp\" alt=\"K\u00e4\u00e4nteisen teleskooppisylinterin sovellukset\" title=\"\"><\/p>\n<h2>Pitk\u00e4iskuisen hydraulisylinterin toimintaperiaate ja huolto<\/h2>\n<p>Pitk\u00e4iskuinen hydraulisylinteri toimii hydraulivoiman periaatteella. Hydraulineste sy\u00f6tet\u00e4\u00e4n sylinteriin, jolloin syntyy ulostulovoima. S\u00e4\u00e4nn\u00f6lliset tarkastukset, puhdistus, voitelu ja korjaukset ovat v\u00e4ltt\u00e4m\u00e4tt\u00f6mi\u00e4 optimaalisen toiminnan varmistamiseksi. Erityisi\u00e4 huoltokohteita ovat:<\/p>\n<p>1. S\u00e4\u00e4nn\u00f6llinen tarkastus: Usein teht\u00e4v\u00e4t tarkastukset ovat v\u00e4ltt\u00e4m\u00e4tt\u00f6mi\u00e4 mahdollisten vaurioiden est\u00e4miseksi.<\/p>\n<p>2. Puhdistus: S\u00e4\u00e4nn\u00f6llinen puhdistus est\u00e4\u00e4 lian ja roskien kertymisen.<\/p>\n<p>3. Voitelu: S\u00e4\u00e4nn\u00f6llinen voitelu varmistaa sujuvan toiminnan.<\/p>\n<p>4. Korjaukset: Tee tarvittavat korjaukset viipym\u00e4tt\u00e4 lis\u00e4vaurioiden v\u00e4ltt\u00e4miseksi.<\/p>\n<p>5. Tiivisteiden vaihto: Tiivisteiden s\u00e4\u00e4nn\u00f6llinen vaihtaminen on t\u00e4rke\u00e4\u00e4 vuotojen est\u00e4miseksi.<\/p>\n<p><img decoding=\"async\" src=\"https:\/\/hzpt.com\/wp-content\/uploads\/2023\/11\/Inverted-Telescopic-Cylinder-Manufacturers.webp\" alt=\"HZPT Hydraulisten koneiden tehdas\" title=\"\"><\/p>\n<h3>Ominaisuudet<\/h3>\n<ul>\n<li>K\u00e4\u00e4nteinen teleskooppisylinteri koostuu yksi- tai kaksitoimisesta m\u00e4nn\u00e4st\u00e4, joka liikkuu edestakaisin sylinteriputken sis\u00e4ll\u00e4.<\/li>\n<li>M\u00e4nn\u00e4nvarsi on kiinnitetty m\u00e4nt\u00e4\u00e4n ja ulottuu sylinteriputken pohjan l\u00e4pi.<\/li>\n<li>Useita pienempien halkaisijoiden sylinterien vaiheita k\u00e4\u00e4nnet\u00e4\u00e4n yl\u00f6salaisin ja asennetaan suuremman halkaisijan omaavaan sylinteriputkeen.<\/li>\n<li>Pienemm\u00e4n halkaisijan omaavat sylinterit ovat suuremman halkaisijan omaavan sylinteriputken sis\u00e4ll\u00e4, kun m\u00e4nt\u00e4 on t\u00e4ysin vedetty sis\u00e4\u00e4n.<\/li>\n<li>Sylinteri on kompaktin kokoinen ja sopii sovelluksiin, joissa tilaa on rajoitetusti.<\/li>\n<\/ul>\n<h3>Edut<\/h3>\n<ul>\n<li>K\u00e4\u00e4nteisell\u00e4 teleskooppisylinterill\u00e4 on pidempi iskunpituus verrattuna muuntyyppisiin hydraulisylintereihin.<\/li>\n<li>Pienemm\u00e4n halkaisijan omaavien sylinterien sis\u00e4kk\u00e4inen rakenne lyhent\u00e4\u00e4 sylinterin kokonaispituutta, kun se on t\u00e4ysin ojennettuna.<\/li>\n<li>Sylinterill\u00e4 on suuri kuormankantokyky ja se voi tuottaa suuren l\u00e4ht\u00f6voiman.<\/li>\n<li>Sylinterin rakenne v\u00e4hent\u00e4\u00e4 m\u00e4nn\u00e4nvarren ja sylinteriputken vaurioitumisriski\u00e4.<\/li>\n<li>T\u00e4m\u00e4n tyyppinen sylinteri on helppo asentaa ja huoltaa.<\/li>\n<\/ul>\n<h3>Sovellukset<\/h3>\n<p>K\u00e4\u00e4nteisell\u00e4 teleskooppisylinterill\u00e4 on laaja valikoima k\u00e4ytt\u00f6kohteita eri teollisuudenaloilla. Sit\u00e4 k\u00e4ytet\u00e4\u00e4n yleisesti kippiper\u00e4vaunuissa, joissa sit\u00e4 k\u00e4ytet\u00e4\u00e4n per\u00e4vaunun lavan nostamiseen ja laskemiseen. Tehdashintainen pitk\u00e4iskuinen hydraulisylinteri kippiper\u00e4vaunuille on suosittu valinta valmistajien keskuudessa sen suuren kantavuuden ja pitk\u00e4n iskunpituuden ansiosta. K\u00e4\u00e4nteisi\u00e4 teleskooppisylintereit\u00e4 k\u00e4ytet\u00e4\u00e4n my\u00f6s maatalouskoneissa, rakennuskoneissa ja materiaalink\u00e4sittelylaitteissa. Ne sopivat sovelluksiin, joissa tarvitaan suurta l\u00e4ht\u00f6voimaa ja pitk\u00e4\u00e4 iskunpituutta kompaktissa rakenteessa.<\/p>\n<h3>Tietoja FMP:st\u00e4 \u2013 Hydraulisylinteri<\/h3>\n<p>FMP:ll\u00e4 olemme erikoistuneet korkealaatuisten rakennuskoneiden osien ja kokonaisten koneiden myyntiin ja huoltoon. Hydraulisylinterimme on yksi suosituimmista tuotteistamme, eik\u00e4 syytt\u00e4. T\u00e4ss\u00e4 on viisi syyt\u00e4, miksi FMP:n hydraulisylinteri on paras valinta rakennuskoneisiisi:<\/p>\n<p>1. <strong>Huippulaatuiset materiaalit<\/strong>Hydraulisylinterimme on valmistettu kest\u00e4vist\u00e4 ja luotettavista materiaaleista, mik\u00e4 takaa pitk\u00e4n k\u00e4ytt\u00f6i\u00e4n ja minimaaliset huoltotarpeet.<\/p>\n<p>2. <strong>Mukautettavat vaihtoehdot<\/strong>Tarjoamme s\u00e4\u00e4dett\u00e4vi\u00e4 haarukkatyyppisi\u00e4 sylintereit\u00e4 sek\u00e4 muita mukautettavia vaihtoehtoja vastaamaan erityistarpeitasi. Rakennuskoneiden osien asiantuntemuksemme ansiosta voimme auttaa sinua l\u00f6yt\u00e4m\u00e4\u00e4n parhaan ratkaisun laitteillesi.<\/p>\n<p>3. <strong>Asiantuntijatiimi<\/strong>Kokenut ja taitava myyntitiimimme tuntee rakennuskoneteollisuuden uusimmat trendit ja asiakastarpeet. He voivat tarjota ammattimaista tuotekonsultointia ja \u00e4lykk\u00e4it\u00e4 ostoehdotuksia auttaakseen sinua tekem\u00e4\u00e4n parhaan p\u00e4\u00e4t\u00f6ksen yrityksellesi.<\/p>\n<p>4. <strong>Tehokas logistiikka<\/strong>Meill\u00e4 on tehokas logistiikkaj\u00e4rjestelm\u00e4, joka varmistaa, ett\u00e4 asiakkaat saavat tarvittavat osat ajallaan ja t\u00e4sm\u00e4llisesti. T\u00e4m\u00e4 tarkoittaa minimaalisia seisokkiaikoja rakennuskoneillesi ja sujuvaa liiketoimintaasi.<\/p>\n<p>5. <strong>Tiukka laadunvalvonta<\/strong>Luomme pitk\u00e4aikaisia \u200b\u200bja vakaita yhteisty\u00f6suhteita monien korkealaatuisten toimittajien kanssa kotimaassa ja ulkomailla varmistaen, ett\u00e4 kaikki toimitetut osat, mukaan lukien hydraulisylinterimme, t\u00e4ytt\u00e4v\u00e4t tiukat laatustandardit.<\/p>\n<p>FMP:n hydraulisylinterin avulla voit olla varma rakennuskoneesi laadusta ja luotettavuudesta. Ota meihin yhteytt\u00e4 jo t\u00e4n\u00e4\u00e4n saadaksesi lis\u00e4tietoja tuotteistamme ja siit\u00e4, miten voimme auttaa sinua l\u00f6yt\u00e4m\u00e4\u00e4n parhaat ratkaisut yrityksesi tarpeisiin.<\/p>\n<p><img decoding=\"async\" src=\"https:\/\/fmp-components.com\/wp-content\/uploads\/2024\/12\/Adjustable-Clevis-Type-Cylinders-6.webp\" alt=\"S\u00e4\u00e4dett\u00e4v\u00e4 haarukkatyyppinen sylinteri\" width=\"853\" title=\"\"><br \/>\nTekij\u00e4: CX<\/p>","protected":false},"excerpt":{"rendered":"<p>The Factory Price Long Stroke Hydraulic Cylinder For Dump Trailer is a high-quality product that is designed to provide superior performance and durability. This hydraulic cylinder is specifically engineered for dump trailers, making it an essential component for efficient and reliable trailer operation. One of the key features of this hydraulic cylinder is its long [&hellip;]<\/p>","protected":false},"featured_media":1718,"comment_status":"closed","ping_status":"closed","template":"","meta":{"_et_pb_use_builder":"","_et_pb_old_content":"","_et_gb_content_width":""},"product_brand":[],"product_cat":[45],"product_tag":[34,48],"class_list":{"0":"post-1717","1":"product","2":"type-product","3":"status-publish","4":"has-post-thumbnail","6":"product_cat-inverted-telescopic-cylinder","7":"product_tag-hydraulic-cylinder","8":"product_tag-inverted-telescopic-cylinder","10":"first","11":"instock","12":"product-type-simple"},"_links":{"self":[{"href":"https:\/\/fmp-components.com\/fi\/wp-json\/wp\/v2\/product\/1717","targetHints":{"allow":["GET"]}}],"collection":[{"href":"https:\/\/fmp-components.com\/fi\/wp-json\/wp\/v2\/product"}],"about":[{"href":"https:\/\/fmp-components.com\/fi\/wp-json\/wp\/v2\/types\/product"}],"replies":[{"embeddable":true,"href":"https:\/\/fmp-components.com\/fi\/wp-json\/wp\/v2\/comments?post=1717"}],"wp:featuredmedia":[{"embeddable":true,"href":"https:\/\/fmp-components.com\/fi\/wp-json\/wp\/v2\/media\/1718"}],"wp:attachment":[{"href":"https:\/\/fmp-components.com\/fi\/wp-json\/wp\/v2\/media?parent=1717"}],"wp:term":[{"taxonomy":"product_brand","embeddable":true,"href":"https:\/\/fmp-components.com\/fi\/wp-json\/wp\/v2\/product_brand?post=1717"},{"taxonomy":"product_cat","embeddable":true,"href":"https:\/\/fmp-components.com\/fi\/wp-json\/wp\/v2\/product_cat?post=1717"},{"taxonomy":"product_tag","embeddable":true,"href":"https:\/\/fmp-components.com\/fi\/wp-json\/wp\/v2\/product_tag?post=1717"}],"curies":[{"name":"wp","href":"https:\/\/api.w.org\/{rel}","templated":true}]}}