{"id":1713,"date":"2024-12-23T07:01:59","date_gmt":"2024-12-23T07:01:59","guid":{"rendered":"https:\/\/fmp-components.com\/product\/high-quality-small-dump-truck-4-stage-stainless-steel-hydraulic-cylinder\/"},"modified":"2025-03-11T06:03:01","modified_gmt":"2025-03-11T06:03:01","slug":"high-quality-small-dump-truck-4-stage-stainless-steel-hydraulic-cylinder","status":"publish","type":"product","link":"https:\/\/fmp-components.com\/fi\/product\/high-quality-small-dump-truck-4-stage-stainless-steel-hydraulic-cylinder\/","title":{"rendered":"Korkealaatuinen pieni kippiauto 4-vaiheinen ruostumattomasta ter\u00e4ksest\u00e4 valmistettu hydraulisylinteri"},"content":{"rendered":"<h2>Esittelyss\u00e4 korkealaatuinen pieni dumpperiauton 4-vaiheinen ruostumattomasta ter\u00e4ksest\u00e4 valmistettu hydraulisylinteri:<\/h2>\n<p>Korkealaatuinen pienten kippiautojen 4-vaiheinen ruostumattomasta ter\u00e4ksest\u00e4 valmistettu hydraulisylinteri on huippuluokan tuote, joka on suunniteltu parantamaan pienten kippiautojen suorituskyky\u00e4 ja tehokkuutta. T\u00e4m\u00e4 hydraulisylinteri on valmistettu huippuluokan ruostumattomasta ter\u00e4ksest\u00e4, mik\u00e4 varmistaa vertaansa vailla olevan kest\u00e4vyyden ja korroosionkest\u00e4vyyden.<\/p>\n<p>Ainutlaatuisen nelivaiheisen rakenteensa ansiosta t\u00e4m\u00e4 hydraulisylinteri tarjoaa poikkeuksellisen nostovoiman ja tarkan hallinnan. Se mahdollistaa saumattoman toiminnan, joten se sopii erinomaisesti erilaisiin raskaisiin sovelluksiin. Edistyksellinen hydraulij\u00e4rjestelm\u00e4 varmistaa tasaisen ja luotettavan suorituskyvyn varmistaen kippiauton tehokkaan toiminnan.<\/p>\n<p>Kompaktin kokonsa ansiosta t\u00e4m\u00e4 hydraulisylinteri on r\u00e4\u00e4t\u00e4l\u00f6ity erityisesti pienille dumppereille, mink\u00e4 ansiosta ne liikkuvat helposti ahtaissa tiloissa. Ruostumattomasta ter\u00e4ksest\u00e4 valmistettu rakenne ei ainoastaan \u200b\u200bparanna sen k\u00e4ytt\u00f6ik\u00e4\u00e4, vaan tekee siit\u00e4 my\u00f6s sopivan k\u00e4ytett\u00e4v\u00e4ksi ankarissa olosuhteissa, kuten \u00e4\u00e4rimm\u00e4isiss\u00e4 l\u00e4mp\u00f6tiloissa ja sy\u00f6vytt\u00e4viss\u00e4 ymp\u00e4rist\u00f6iss\u00e4.<\/p>\n<p><img decoding=\"async\" src=\"https:\/\/hzpt.com\/wp-content\/uploads\/2023\/11\/Inverted-Telescopic-Cylinder-3.webp\" alt=\"\" title=\"\"><\/p>\n<p>Korkealaatuinen pieni dumpperiauton 4-vaiheinen ruostumattomasta ter\u00e4ksest\u00e4 valmistettu hydraulisylinteri ylpeilee suurella kuormituskapasiteetilla, mink\u00e4 ansiosta se pystyy k\u00e4sittelem\u00e4\u00e4n suuria m\u00e4\u00e4ri\u00e4 materiaaleja. Se on suunniteltu kest\u00e4m\u00e4\u00e4n raskaita kuormia vaarantamatta sen toimivuutta tai rakenteellista eheytt\u00e4.<\/p>\n<p>Yhteenvetona voidaan todeta, ett\u00e4 korkealaatuinen pienten kippiautojen nelivaiheinen ruostumattomasta ter\u00e4ksest\u00e4 valmistettu hydraulisylinteri on erinomainen tuote, joka tarjoaa poikkeuksellista suorituskyky\u00e4, kest\u00e4vyytt\u00e4 ja tarkkaa hallintaa. Se on t\u00e4ydellinen valinta pienille kippiautoille varmistaen tehokkaan ja luotettavan toiminnan erilaisissa vaativissa ymp\u00e4rist\u00f6iss\u00e4.<\/p>\n<div>\n<table style=\"width: 100%;\" border=\"1\" width=\"100%\" cellspacing=\"0\" cellpadding=\"0\">\n<tbody>\n<tr>\n<th>Tuotteen nimi<\/th>\n<td>Pieni kippiauto 4-vaiheinen ruostumattomasta ter\u00e4ksest\u00e4 valmistettu hydraulisylinteri<\/td>\n<\/tr>\n<tr>\n<th>Kunto<\/th>\n<td>Uusi (2024)<\/td>\n<\/tr>\n<tr>\n<th>Paino (kg)<\/th>\n<td>40<\/td>\n<\/tr>\n<tr>\n<th>Maksimi ty\u00f6nt\u00f6voima<\/th>\n<td>3000<\/td>\n<\/tr>\n<tr>\n<th>Maksimiveto<\/th>\n<td>20 tonnia<\/td>\n<\/tr>\n<tr>\n<th>Materiaali<\/th>\n<td>Ruostumaton ter\u00e4s<\/td>\n<\/tr>\n<tr>\n<th>Sertifiointi<\/th>\n<td>ISO9001:2000<\/td>\n<\/tr>\n<tr>\n<th>Sovellettavat toimialat<\/th>\n<td>Tuotantolaitokset, konekorjaamot, maatilat, energia- ja kaivosteollisuus, konetehtaat<\/td>\n<\/tr>\n<tr>\n<th>Design<\/th>\n<td>4-vaiheinen parannetun suorituskyvyn saavuttamiseksi<\/td>\n<\/tr>\n<\/tbody>\n<\/table>\n<\/div>\n<div>\n<h2>4-vaiheisen ruostumattomasta ter\u00e4ksest\u00e4 valmistetun hydraulisylinterin ominaisuudet<\/h2>\n<p>4-vaiheinen ruostumattomasta ter\u00e4ksest\u00e4 valmistettu hydraulisylinteri tarjoaa useita ominaisuuksia:<\/p>\n<ul>\n<li>Standardi m\u00e4nt\u00e4sylinterirakenne optimaalisen suorituskyvyn saavuttamiseksi<\/li>\n<li>Hydraulinen teho, joka varmistaa tehokkaan voiman ja hallinnan<\/li>\n<li>Kest\u00e4v\u00e4 ter\u00e4srunko kest\u00e4\u00e4 kovaa k\u00e4ytt\u00f6\u00e4<\/li>\n<li>K\u00e4\u00e4nteinen teleskooppisylinterityyppi mahdollistaa kompaktin s\u00e4ilytyksen ja pidemm\u00e4n ulottuvuuden<\/li>\n<li>Sylinteri voidaan liitt\u00e4\u00e4 useilla eri porteilla, mukaan lukien G, SAE, NPT ja M<\/li>\n<\/ul>\n<\/div>\n<div>\n<h2>4-vaiheisen ruostumattomasta ter\u00e4ksest\u00e4 valmistetun hydraulisylinterin sovellukset<\/h2>\n<p>T\u00e4m\u00e4 hydraulisylinteri on eritt\u00e4in monipuolinen ja sit\u00e4 voidaan k\u00e4ytt\u00e4\u00e4 useissa sovelluksissa:<\/p>\n<ul>\n<li>\n<ul>\n<li>Raskaan noston ja siirron tuotantolaitoksen toiminnot<\/li>\n<li>Konekorjaamot laitteiden huoltoa ja kunnossapitoa varten<\/li>\n<li>Maatalousty\u00f6t maatiloilla, jotka vaativat huomattavaa voimaa<\/li>\n<li>Energia- ja kaivosteollisuus kaivu- ja louhintatarkoituksiin<\/li>\n<\/ul>\n<\/li>\n<li>Koneiden valmistus ja tehdastoiminnot erilaisiin sovelluksiin<\/li>\n<\/ul>\n<p><img decoding=\"async\" src=\"https:\/\/hzpt.com\/wp-content\/uploads\/2023\/11\/Inverted-Telescopic-Cylinder-Applications.webp\" alt=\"Teleskooppisylinterisovellukset\" title=\"\"><\/p>\n<\/div>\n<div>\n<h2>4-vaiheisen ruostumattomasta ter\u00e4ksest\u00e4 valmistetun hydraulisylinterin toimintaperiaate ja huoltomenetelm\u00e4t<\/h2>\n<p>Nelivaiheinen ruostumattomasta ter\u00e4ksest\u00e4 valmistettu hydraulisylinteri toimii kolmen p\u00e4\u00e4prosessin kautta: konfigurointi, hydraulinesteen sy\u00f6tt\u00f6 ja ulostulovoima. S\u00e4\u00e4nn\u00f6llinen huolto varmistaa optimaalisen suorituskyvyn ja pitk\u00e4n k\u00e4ytt\u00f6i\u00e4n. Seuraavat huoltomenetelm\u00e4t ovat:<\/p>\n<ol>\n<li>Kokoonpano: Aseta sylinteri k\u00e4sill\u00e4 olevan teht\u00e4v\u00e4n erityisvaatimusten mukaisesti.<\/li>\n<li>Hydraulinesteen sy\u00f6tt\u00f6: Sy\u00f6tt\u00e4\u00e4 nestett\u00e4 sylinteriin, mik\u00e4 luo paineen.<\/li>\n<li>L\u00e4ht\u00f6voima: Nesteen paine luo voiman, joka ajaa sylinteri\u00e4 suorittamaan teht\u00e4v\u00e4ns\u00e4.<\/li>\n<li>S\u00e4\u00e4nn\u00f6llinen tarkastus ja puhdistus: Tarkasta ja puhdista sylinteri s\u00e4\u00e4nn\u00f6llisesti pident\u00e4\u00e4ksesi sen k\u00e4ytt\u00f6ik\u00e4\u00e4 ja optimoidaksesi sen suorituskyvyn.<\/li>\n<li>Tiivisteiden vaihto: Vaihda tiivisteet vuotojen est\u00e4miseksi ja korkean suorituskyvyn yll\u00e4pit\u00e4miseksi.<\/li>\n<\/ol>\n<\/div>\n<div>\n<p><img decoding=\"async\" src=\"https:\/\/hzpt.com\/wp-content\/uploads\/2023\/11\/Inverted-Telescopic-Cylinder-10.webp\" alt=\"\" title=\"\"><\/p>\n<\/div>\n<h2>K\u00e4\u00e4nteinen teleskooppisylinteri<\/h2>\n<p>Hydraulisylintereist\u00e4 erottuu edukseen k\u00e4\u00e4nteinen teleskooppisylinteri. T\u00e4m\u00e4 ainutlaatuinen sylinterirakenne tarjoaa useita etuja perinteisiin sylintereihin verrattuna, mink\u00e4 ansiosta se on suosittu valinta eri toimialoilla. T\u00e4ss\u00e4 blogikirjoituksessa perehdymme t\u00e4m\u00e4n sylinterin yksityiskohtiin ja tutkimme sen ominaisuuksia, sovelluksia ja etuja.<\/p>\n<h3>K\u00e4\u00e4nteisen teleskooppisylinterin ominaisuudet<\/h3>\n<p>K\u00e4\u00e4nteinen teleskooppisylinteri, joka tunnetaan my\u00f6s nelivaiheisena ruostumattomasta ter\u00e4ksest\u00e4 valmistettuna hydraulisylinterin\u00e4, erottuu innovatiivisen muotoilunsa ja poikkeuksellisen toimivuutensa ansiosta. Se koostuu useista toisiinsa sis\u00e4\u00e4nvedett\u00e4vist\u00e4 vaiheista, mik\u00e4 mahdollistaa kompaktin ja tehokkaan hydraulij\u00e4rjestelm\u00e4n. T\u00e4ss\u00e4 on joitakin t\u00e4m\u00e4n sylinterin t\u00e4rkeimmist\u00e4 ominaisuuksista:<\/p>\n<ol>\n<li><strong>Korkea laatu:<\/strong> K\u00e4\u00e4nteinen teleskooppisylinteri on valmistettu huippulaatuisista materiaaleista ja se k\u00e4y l\u00e4pi tiukat laadunvalvontatoimenpiteet. T\u00e4m\u00e4 varmistaa sen kest\u00e4vyyden, luotettavuuden ja pitk\u00e4n k\u00e4ytt\u00f6i\u00e4n.<\/li>\n<li><strong>Pieni kippiautosovellus:<\/strong> T\u00e4t\u00e4 sylinteri\u00e4 k\u00e4ytet\u00e4\u00e4n yleisesti pieniss\u00e4 dumppereissa raskaiden kuormien tehokkaaseen nostamiseen ja tyhjent\u00e4miseen. Sen kompakti koko ja tehokas suorituskyky tekev\u00e4t siit\u00e4 ihanteellisen valinnan t\u00e4h\u00e4n tarkoitukseen.<\/li>\n<li><strong>Ruostumattomasta ter\u00e4ksest\u00e4 valmistettu rakenne:<\/strong> Sylinteri on valmistettu ruostumattomasta ter\u00e4ksest\u00e4, joka tarjoaa erinomaisen kest\u00e4vyyden korroosiota, kulumista ja \u00e4\u00e4rimm\u00e4isi\u00e4 l\u00e4mp\u00f6tiloja vastaan. T\u00e4m\u00e4 tekee siit\u00e4 sopivan vaativiin ymp\u00e4rist\u00f6ihin.<\/li>\n<li><strong>Hydraulinen k\u00e4ytt\u00f6:<\/strong> K\u00e4\u00e4nteinen teleskooppisylinteri k\u00e4ytt\u00e4\u00e4 hydraulipainetta vaiheidensa pident\u00e4miseen ja lyhent\u00e4miseen. T\u00e4m\u00e4 hydraulinen toiminto tarjoaa tasaisen ja tarkan liikkeen, mik\u00e4 parantaa j\u00e4rjestelm\u00e4n kokonaistehokkuutta.<\/li>\n<\/ol>\n<h3>K\u00e4\u00e4nteisen teleskooppisylinterin edut<\/h3>\n<p>K\u00e4\u00e4nteinen teleskooppisylinteri tarjoaa useita etuja, jotka tekev\u00e4t siit\u00e4 ensisijaisen vaihtoehdon erilaisiin hydraulisiin sovelluksiin. Tarkastellaanpa joitakin n\u00e4ist\u00e4 eduista:<\/p>\n<ul>\n<li><strong>Kompakti muotoilu:<\/strong> T\u00e4m\u00e4n sylinterin teleskooppinen rakenne mahdollistaa kompaktin rakenteen, mik\u00e4 s\u00e4\u00e4st\u00e4\u00e4 arvokasta tilaa laitteissa tai koneissa. T\u00e4m\u00e4 on erityisen edullista sovelluksissa, joissa tila on rajallinen.<\/li>\n<li><strong>Pidennetty iskunpituus:<\/strong> Sylinterin useat vaiheet mahdollistavat pidemm\u00e4n iskunpituuden perinteisiin sylintereihin verrattuna. T\u00e4m\u00e4 pidennetty iskunpituus lis\u00e4\u00e4 ulottuvuutta ja joustavuutta nosto- tai ty\u00f6nt\u00f6toiminnoissa.<\/li>\n<li><strong>Parannettu nostokapasiteetti:<\/strong> K\u00e4\u00e4nteisen teleskooppisylinterin rakenne tarjoaa suuremman nostokyvyn, joten se soveltuu raskaiden kuormien helppoon k\u00e4sittelyyn. Sen tukeva rakenne ja hydraulinen teho edist\u00e4v\u00e4t sen vaikuttavaa nostokyky\u00e4.<\/li>\n<li><strong>Parannettu vakaus:<\/strong> Sylinterin monivaiheinen rakenne tarjoaa paremman vakauden k\u00e4yt\u00f6n aikana, minimoi t\u00e4rin\u00e4n ja varmistaa tasaiset ja hallitut liikkeet. T\u00e4m\u00e4 vakaus on ratkaisevan t\u00e4rke\u00e4\u00e4 sovelluksissa, joissa tarkkuus ja turvallisuus ovat ensiarvoisen t\u00e4rkeit\u00e4.<\/li>\n<\/ul>\n<p>Yhteenvetona voidaan todeta, ett\u00e4 k\u00e4\u00e4nteinen teleskooppisylinteri on merkitt\u00e4v\u00e4 hydrauliikkateknologian osa, joka tarjoaa ainutlaatuisia ominaisuuksia, sovelluksia ja etuja. Sen korkealaatuinen rakenne, soveltuvuus pienille kippiautoille, ruostumattomasta ter\u00e4ksest\u00e4 valmistettu koostumus ja hydraulinen toiminta tekev\u00e4t siit\u00e4 erinomaisen valinnan useille eri teollisuudenaloille. Olipa kyseess\u00e4 sitten raskaiden kuormien nostaminen, iskunpituuden pident\u00e4minen tai vakauden parantaminen, t\u00e4m\u00e4 sylinteri tarjoaa poikkeuksellisen suorituskyvyn. K\u00e4\u00e4nteisen teleskooppisylinterin sis\u00e4llytt\u00e4minen hydraulij\u00e4rjestelmiin on \u00e4lyk\u00e4s investointi tehokkuuden, luotettavuuden ja tuottavuuden parantamiseksi.<\/p>\n<h3>Tietoja FMP:st\u00e4 \u2013 Hydraulisylinteri<\/h3>\n<p>FMP:ll\u00e4 olemme erikoistuneet korkealaatuisten rakennuskoneiden osien ja kokonaisten koneiden myyntiin ja huoltoon. Hydraulisylinterimme on yksi suosituimmista tuotteistamme, eik\u00e4 syytt\u00e4. T\u00e4ss\u00e4 on viisi syyt\u00e4, miksi FMP:n hydraulisylinteri on paras valinta rakennuskoneisiisi:<\/p>\n<p>1. <strong>Huippulaatuiset materiaalit<\/strong>Hydraulisylinterimme on valmistettu kest\u00e4vist\u00e4 ja luotettavista materiaaleista, mik\u00e4 takaa pitk\u00e4n k\u00e4ytt\u00f6i\u00e4n ja minimaaliset huoltotarpeet.<\/p>\n<p>2. <strong>Mukautettavat vaihtoehdot<\/strong>Tarjoamme s\u00e4\u00e4dett\u00e4vi\u00e4 haarukkatyyppisi\u00e4 sylintereit\u00e4 sek\u00e4 muita mukautettavia vaihtoehtoja vastaamaan erityistarpeitasi. Rakennuskoneiden osien asiantuntemuksemme ansiosta voimme auttaa sinua l\u00f6yt\u00e4m\u00e4\u00e4n parhaan ratkaisun laitteillesi.<\/p>\n<p>3. <strong>Asiantuntijatiimi<\/strong>Kokenut ja taitava myyntitiimimme tuntee rakennuskoneteollisuuden uusimmat trendit ja asiakastarpeet. He voivat tarjota ammattimaista tuotekonsultointia ja \u00e4lykk\u00e4it\u00e4 ostoehdotuksia auttaakseen sinua tekem\u00e4\u00e4n parhaan p\u00e4\u00e4t\u00f6ksen yrityksellesi.<\/p>\n<p>4. <strong>Tehokas logistiikka<\/strong>Meill\u00e4 on tehokas logistiikkaj\u00e4rjestelm\u00e4, joka varmistaa, ett\u00e4 asiakkaat saavat tarvittavat osat ajallaan ja t\u00e4sm\u00e4llisesti. T\u00e4m\u00e4 tarkoittaa minimaalisia seisokkiaikoja rakennuskoneillesi ja sujuvaa liiketoimintaasi.<\/p>\n<p>5. <strong>Tiukka laadunvalvonta<\/strong>Luomme pitk\u00e4aikaisia \u200b\u200bja vakaita yhteisty\u00f6suhteita monien korkealaatuisten toimittajien kanssa kotimaassa ja ulkomailla varmistaen, ett\u00e4 kaikki toimitetut osat, mukaan lukien hydraulisylinterimme, t\u00e4ytt\u00e4v\u00e4t tiukat laatustandardit.<\/p>\n<p>FMP:n hydraulisylinterin avulla voit olla varma rakennuskoneesi laadusta ja luotettavuudesta. Ota meihin yhteytt\u00e4 jo t\u00e4n\u00e4\u00e4n saadaksesi lis\u00e4tietoja tuotteistamme ja siit\u00e4, miten voimme auttaa sinua l\u00f6yt\u00e4m\u00e4\u00e4n parhaat ratkaisut yrityksesi tarpeisiin.<\/p>\n<p><img decoding=\"async\" src=\"https:\/\/fmp-components.com\/wp-content\/uploads\/2024\/12\/Adjustable-Clevis-Type-Cylinders-6.webp\" alt=\"S\u00e4\u00e4dett\u00e4v\u00e4 haarukkatyyppinen sylinteri\" width=\"853\" title=\"\"><br \/>\nTekij\u00e4: CX<\/p>","protected":false},"excerpt":{"rendered":"<p>Introducing the High Quality Small Dump Truck 4 Stage Stainless Steel Hydraulic Cylinder: The High Quality Small Dump Truck 4 Stage Stainless Steel Hydraulic Cylinder is a cutting-edge product designed to enhance the performance and efficiency of small dump trucks. This hydraulic cylinder is constructed with top-of-the-line stainless steel, ensuring unparalleled durability and resistance to [&hellip;]<\/p>","protected":false},"featured_media":1714,"comment_status":"closed","ping_status":"closed","template":"","meta":{"_et_pb_use_builder":"","_et_pb_old_content":"","_et_gb_content_width":""},"product_brand":[],"product_cat":[45],"product_tag":[34,48],"class_list":{"0":"post-1713","1":"product","2":"type-product","3":"status-publish","4":"has-post-thumbnail","6":"product_cat-inverted-telescopic-cylinder","7":"product_tag-hydraulic-cylinder","8":"product_tag-inverted-telescopic-cylinder","10":"first","11":"instock","12":"product-type-simple"},"_links":{"self":[{"href":"https:\/\/fmp-components.com\/fi\/wp-json\/wp\/v2\/product\/1713","targetHints":{"allow":["GET"]}}],"collection":[{"href":"https:\/\/fmp-components.com\/fi\/wp-json\/wp\/v2\/product"}],"about":[{"href":"https:\/\/fmp-components.com\/fi\/wp-json\/wp\/v2\/types\/product"}],"replies":[{"embeddable":true,"href":"https:\/\/fmp-components.com\/fi\/wp-json\/wp\/v2\/comments?post=1713"}],"wp:featuredmedia":[{"embeddable":true,"href":"https:\/\/fmp-components.com\/fi\/wp-json\/wp\/v2\/media\/1714"}],"wp:attachment":[{"href":"https:\/\/fmp-components.com\/fi\/wp-json\/wp\/v2\/media?parent=1713"}],"wp:term":[{"taxonomy":"product_brand","embeddable":true,"href":"https:\/\/fmp-components.com\/fi\/wp-json\/wp\/v2\/product_brand?post=1713"},{"taxonomy":"product_cat","embeddable":true,"href":"https:\/\/fmp-components.com\/fi\/wp-json\/wp\/v2\/product_cat?post=1713"},{"taxonomy":"product_tag","embeddable":true,"href":"https:\/\/fmp-components.com\/fi\/wp-json\/wp\/v2\/product_tag?post=1713"}],"curies":[{"name":"wp","href":"https:\/\/api.w.org\/{rel}","templated":true}]}}