{"id":1701,"date":"2024-12-23T07:01:59","date_gmt":"2024-12-23T07:01:59","guid":{"rendered":"https:\/\/fmp-components.com\/product\/factory-customized-trailer-hydraulic-cylinder-for-dump-truck\/"},"modified":"2025-03-11T06:06:40","modified_gmt":"2025-03-11T06:06:40","slug":"factory-customized-trailer-hydraulic-cylinder-for-dump-truck","status":"publish","type":"product","link":"https:\/\/fmp-components.com\/fi\/product\/factory-customized-trailer-hydraulic-cylinder-for-dump-truck\/","title":{"rendered":"Tehtaan r\u00e4\u00e4t\u00e4l\u00f6ity per\u00e4vaunun hydraulisylinteri kippiautolle"},"content":{"rendered":"<h2>Esittelyss\u00e4 tehtaalla r\u00e4\u00e4t\u00e4l\u00f6ity per\u00e4vaunun hydraulisylinteri kippiautolle:<\/h2>\n<p>Tehdaskohtaisesti r\u00e4\u00e4t\u00e4l\u00f6ity per\u00e4vaunun hydraulisylinteri kippiautoon on korkealaatuinen ja tehokas hydrauliikkakomponentti, joka on erityisesti suunniteltu kippiautoihin. Edistyksellisten ominaisuuksiensa ja kest\u00e4v\u00e4n rakenteensa ansiosta t\u00e4ll\u00e4 hydraulisylinterill\u00e4 on t\u00e4rke\u00e4 rooli kippiautojen sujuvassa toiminnassa purkuprosessin aikana.<\/p>\n<p>T\u00e4rkeimm\u00e4t ominaisuudet:<br \/>\n1. Mukauttaminen: Tehtaalla r\u00e4\u00e4t\u00e4l\u00f6ity per\u00e4vaunun hydraulisylinteri voidaan r\u00e4\u00e4t\u00e4l\u00f6id\u00e4 vastaamaan eri kippiautomallien ja -kokojen erityisvaatimuksia. T\u00e4m\u00e4 varmistaa t\u00e4ydellisen istuvuuden ja optimaalisen suorituskyvyn.<br \/>\n2. Kest\u00e4vyys: Tarkkuudella ja korkealaatuisilla materiaaleilla valmistettu hydraulisylinteri on rakennettu kest\u00e4m\u00e4\u00e4n raskaita kuormia, ankaria ymp\u00e4rist\u00f6j\u00e4 ja pitk\u00e4aikaista k\u00e4ytt\u00f6\u00e4.<br \/>\n3. Teho ja tehokkuus: Hydraulisylinteri tarjoaa poikkeuksellisen nostovoiman, jonka avulla kippiautot voivat nostaa ja kallistaa raskaita kuormia vaivattomasti tehokasta purkamista varten. T\u00e4m\u00e4 parantaa tuottavuutta ja v\u00e4hent\u00e4\u00e4 seisokkiaikoja.<br \/>\n4. Turvallisuus: Hydraulisylinteri on varustettu luotettavilla turvamekanismeilla, kuten paineenalennusventtiileill\u00e4 ja ylikuormitussuojalla, mik\u00e4 varmistaa sek\u00e4 k\u00e4ytt\u00e4jien ett\u00e4 ymp\u00e4r\u00f6iv\u00e4n ymp\u00e4rist\u00f6n turvallisuuden k\u00e4yt\u00f6n aikana.<br \/>\n5. Helppo huolto: Tehtaalla r\u00e4\u00e4t\u00e4l\u00f6ity per\u00e4vaunun hydraulisylinteri on suunniteltu helppoa huoltoa ja yll\u00e4pitoa varten, mik\u00e4 minimoi seisokkiajat ja alentaa k\u00e4ytt\u00f6kustannuksia.<\/p>\n<p>K\u00e4ytettiinp\u00e4 sit\u00e4 sitten rakentamisessa, kaivostoiminnassa tai muilla teollisuudenaloilla, jotka vaativat materiaalien usein tapahtuvaa purkamista, tehtaalla r\u00e4\u00e4t\u00e4l\u00f6ity per\u00e4vaunun hydraulisylinteri kippiautoon on luotettava ja v\u00e4ltt\u00e4m\u00e4t\u00f6n komponentti. Se parantaa kippiautojen suorituskyky\u00e4 ja tuottavuutta, mik\u00e4 tekee niist\u00e4 v\u00e4ltt\u00e4m\u00e4tt\u00f6m\u00e4n ty\u00f6kalun kaikissa raskaan kaluston toiminnoissa.<\/p>\n<p>Valitse tehtaalla r\u00e4\u00e4t\u00e4l\u00f6ity per\u00e4vaunun hydraulisylinteri kippiautoon ja koe sen saumattoman suorituskyvyn, kest\u00e4vyyden ja tehokkuuden edut.<\/p>\n<h2>Tehtaan r\u00e4\u00e4t\u00e4l\u00f6ity per\u00e4vaunun hydraulisylinteri kippiautolle<\/h2>\n<p>Esittelyss\u00e4 tehtaalla r\u00e4\u00e4t\u00e4l\u00f6ity per\u00e4vaunun hydraulisylinteri kippiautoon. T\u00e4m\u00e4 upouusi tuote on valmistettu erityisesti valmistus-, korjaus-, maatalous-, energia- ja kaivoskoneiden tarpeisiin. Yhden vuoden takuun ansiosta voit olla varma, ett\u00e4 t\u00e4m\u00e4 hydraulisylinteri tarjoaa poikkeuksellisen suorituskyvyn. Tuotteen t\u00e4rkeimm\u00e4t komponentit, kuten laakerit ja m\u00e4nt\u00e4sylinteri, kuuluvat my\u00f6s yhden vuoden takuun piiriin. T\u00e4m\u00e4 kest\u00e4v\u00e4 ter\u00e4ksest\u00e4 valmistettu hydraulisylinteri on suunniteltu standardin m\u00e4nt\u00e4sylinterin tyyppiseksi ja k\u00e4ytt\u00e4\u00e4 hydraulivoimaa. Se on varustettu k\u00e4\u00e4nteisill\u00e4 teleskooppisylintereill\u00e4 ja voi tuottaa enint\u00e4\u00e4n 3000 tonnin ty\u00f6nt\u00f6voiman ja enint\u00e4\u00e4n 20 tonnin vetovoiman. ISO9001:2000-sertifioitu hydraulisylinteri on muokattavissa sylinterin sis\u00e4halkaisijan, varren koon, iskunpituuden, tapin koon ja v\u00e4rin suhteen.<\/p>\n<h2>Mukautetun per\u00e4vaunun hydraulisylinterin ominaisuudet<\/h2>\n<p><img decoding=\"async\" src=\"https:\/\/hzpt.com\/wp-content\/uploads\/2023\/11\/Inverted-Telescopic-Cylinder-4.webp\" alt=\"\" title=\"\"><\/p>\n<ol>\n<li>Hydraulinen teho: T\u00e4m\u00e4 hydraulisylinteri k\u00e4ytt\u00e4\u00e4 hydraulista tehoa, mik\u00e4 tarjoaa luotettavan suorituskyvyn ja tasaisuuden.<\/li>\n<li>Ter\u00e4srunko: Runkomateriaali on ter\u00e4st\u00e4, mik\u00e4 takaa kest\u00e4vyyden ja lujuuden.<\/li>\n<li>Maksimaalinen ty\u00f6nt\u00f6voima ja vetovoima: Se voi tuottaa enint\u00e4\u00e4n 3000 tonnin ty\u00f6nt\u00f6voiman ja enint\u00e4\u00e4n 20 tonnin vetovoiman, mik\u00e4 tarjoaa runsaasti tehoa toimintaan.<\/li>\n<li>ISO9001:2000-sertifiointi: T\u00e4m\u00e4 tuote on sertifioitu ISO9001:2000-standardin mukaisesti, mik\u00e4 takaa asiakkaille sen laadun ja luotettavuuden.<\/li>\n<li>Mukautettava: T\u00e4m\u00e4 hydraulisylinteri on muokattavissa rei\u00e4n koon, tangon koon, iskun koon, tapin koon ja v\u00e4rin suhteen vastaamaan erityisvaatimuksia.<\/li>\n<\/ol>\n<h2>Mukautetun per\u00e4vaunun hydraulisylinterin sovellukset<\/h2>\n<ol>\n<li>Tuotantolaitos: T\u00e4m\u00e4 hydraulisylinteri soveltuu k\u00e4ytett\u00e4v\u00e4ksi tuotantolaitoksissa.<\/li>\n<li>Konekorjaamot: Sit\u00e4 voidaan k\u00e4ytt\u00e4\u00e4 konekorjaamoissa erilaisiin korjaus- ja huoltoteht\u00e4viin.<\/li>\n<li>Maatilat: T\u00e4t\u00e4 hydraulisylinteri\u00e4 voidaan k\u00e4ytt\u00e4\u00e4 maatiloilla erilaisiin viljelytoimintoihin.<\/li>\n<li>Energia ja kaivosteollisuus: Sit\u00e4 voidaan hy\u00f6dynt\u00e4\u00e4 energia- ja kaivosteollisuudessa erilaisissa raskaissa toiminnoissa.<\/li>\n<li>Koneiden valmistus: T\u00e4m\u00e4 hydraulisylinteri sopii erinomaisesti my\u00f6s koneiden valmistukseen.<\/li>\n<\/ol>\n<p><img decoding=\"async\" src=\"https:\/\/hzpt.com\/wp-content\/uploads\/2023\/11\/Inverted-Telescopic-Cylinder-Applications.webp\" alt=\"Hydraulisylinterin sovellukset\" title=\"\"><\/p>\n<h2>Mukautetun per\u00e4vaunun hydraulisylinterin toimintaperiaate<\/h2>\n<ol>\n<li>Kokoonpano: Hydraulisylinteri on konfiguroitu m\u00e4nn\u00e4ll\u00e4 ja sylinterill\u00e4, jotka on t\u00e4ytetty hydraulinesteell\u00e4.<\/li>\n<li>Hydraulinesteen sy\u00f6tt\u00f6: Hydraulinesteen siirt\u00e4\u00e4 pumppu sylinteriin, mik\u00e4 luo paineen ja ty\u00f6nt\u00e4\u00e4 m\u00e4nt\u00e4\u00e4 liikkumaan.<\/li>\n<li>L\u00e4ht\u00f6voima: T\u00e4m\u00e4 m\u00e4nn\u00e4n liike tuottaa l\u00e4ht\u00f6voiman, jota k\u00e4ytet\u00e4\u00e4n halutun toiminnon suorittamiseen.<\/li>\n<li>Huoltomenetelm\u00e4t: S\u00e4\u00e4nn\u00f6llinen tarkastus, puhdistus, voitelu, s\u00e4\u00e4nn\u00f6lliset tarkastukset ja korjaukset, tiivisteiden vaihto k\u00e4ytt\u00f6ohjeen mukaisesti ovat t\u00e4m\u00e4n hydraulisylinterin t\u00e4rkeimm\u00e4t huoltomenetelm\u00e4t.<\/li>\n<\/ol>\n<p><img decoding=\"async\" src=\"https:\/\/hzpt.com\/wp-content\/uploads\/2023\/11\/Inverted-Telescopic-Cylinder-22.webp\" alt=\"\" title=\"\"><\/p>\n<h2>K\u00e4\u00e4nteinen teleskooppisylinteri<\/h2>\n<p>Tehdasvalmisteinen per\u00e4vaunun hydraulisylinteri kippiautoon on er\u00e4\u00e4nlainen k\u00e4\u00e4nteinen teleskooppisylinteri, joka on erityisesti suunniteltu k\u00e4ytett\u00e4v\u00e4ksi kippiautoissa. T\u00e4t\u00e4 innovatiivista hydraulisylinteri\u00e4 k\u00e4ytet\u00e4\u00e4n laajalti rakennusteollisuudessa, ja se tarjoaa poikkeuksellisen nostovoiman ja vakauden raskaille kuormille. T\u00e4ss\u00e4 artikkelissa tutkimme t\u00e4m\u00e4n merkitt\u00e4v\u00e4n hydraulisylinterin ominaisuuksia ja toimintaperiaatteita.<\/p>\n<h3>Ominaisuudet:<\/h3>\n<p>1. Monivaiheinen suunnittelu:<\/p>\n<p>Tehtaalla r\u00e4\u00e4t\u00e4l\u00f6ity kippiauton per\u00e4vaunun hydraulisylinteri on monivaiheinen, mik\u00e4 mahdollistaa suuremman nostokapasiteetin ja iskunpituuden. T\u00e4m\u00e4 sylinteri koostuu useista teleskooppivaiheista, jotka laajenevat ja supistuvat optimaalisen nostotehon saavuttamiseksi. Jokainen vaihe on suunniteltu huolellisesti kest\u00e4m\u00e4\u00e4n raskaita kuormia ja varmistamaan sujuvan toiminnan.<\/p>\n<p>2. K\u00e4\u00e4nteinen kokoonpano:<\/p>\n<p>Toisin kuin perinteiset hydraulisylinterit, k\u00e4\u00e4nteisess\u00e4 teleskooppisylinteriss\u00e4 m\u00e4nn\u00e4nvarsi on alasp\u00e4in suuntautuva. T\u00e4m\u00e4 k\u00e4\u00e4nteinen rakenne tarjoaa useita etuja, kuten paremman vakauden, v\u00e4hentyneen huoltotarpeen ja paremman turvallisuuden. Sijoittamalla m\u00e4nn\u00e4nvarren pohjalle sylinteri kest\u00e4\u00e4 paremmin tyhjennyksen aikana aiheutuvia sivuttaiskuormia ja voimia.<\/p>\n<p>3. Tehtaan mukauttaminen:<\/p>\n<p>Tehtaalla r\u00e4\u00e4t\u00e4l\u00f6ity per\u00e4vaunun hydraulisylinteri kippiautolle on r\u00e4\u00e4t\u00e4l\u00f6ity vastaamaan kippiautosovellusten erityisvaatimuksia. Sylinterin mitat, kiinnitysvaihtoehdot ja materiaalit voidaan r\u00e4\u00e4t\u00e4l\u00f6id\u00e4 saumattoman integroinnin varmistamiseksi kuorma-auton hydraulij\u00e4rjestelm\u00e4\u00e4n. T\u00e4m\u00e4 r\u00e4\u00e4t\u00e4l\u00f6intimahdollisuus mahdollistaa sylinterin optimaalisen suorituskyvyn ja pitk\u00e4ik\u00e4isyyden kippiautojen vaativissa k\u00e4ytt\u00f6olosuhteissa.<\/p>\n<h3>Toimintaperiaatteet:<\/h3>\n<p>Kun kippiauton on purettava lastinsa, hydraulij\u00e4rjestelm\u00e4 aktivoi tehtaalla r\u00e4\u00e4t\u00e4l\u00f6idyn per\u00e4vaunun hydraulisylinterin. T\u00e4ss\u00e4 on vaiheittainen kuvaus sylinterin toimintaperiaatteista:<\/p>\n<p>1. Laajennusvaihe:<\/p>\n<p>Kun hydraulinestett\u00e4 pumpataan sylinteriin, se tulee ensin pienimm\u00e4n vaiheen kammioon. Paine kasvaa, mik\u00e4 saa m\u00e4nn\u00e4n liikkumaan ulosp\u00e4in. T\u00e4m\u00e4 pidennysvaihe mahdollistaa sylinterin pituuden asteittaisen kasvun, mik\u00e4 tarjoaa alkuvoiman.<\/p>\n<p>2. Per\u00e4kk\u00e4iset vaiheet:<\/p>\n<p>Kun pienin vaihe on t\u00e4ysin pidennetty, hydraulineste jatkaa virtausta seuraavaan suurempaan vaiheeseen. T\u00e4m\u00e4 per\u00e4kk\u00e4inen prosessi toistuu sylinterin jokaisessa vaiheessa, nesteen t\u00e4ytt\u00e4ess\u00e4 v\u00e4hitellen jokaisen kammion ja pident\u00e4ess\u00e4 m\u00e4nt\u00e4\u00e4 edelleen. K\u00e4\u00e4nteisen teleskooppisylinterin per\u00e4kk\u00e4iset vaiheet mahdollistavat merkitt\u00e4v\u00e4n nostokapasiteetin kasvun s\u00e4ilytt\u00e4en samalla kompaktin rakenteen.<\/p>\n<p>3. Vet\u00e4ytymisvaihe:<\/p>\n<p>Kun on aika vet\u00e4\u00e4 sylinteri sis\u00e4\u00e4n, hydrauliikkaj\u00e4rjestelm\u00e4 k\u00e4\u00e4nt\u00e4\u00e4 nesteen virtauksen p\u00e4invastaiseksi. Se aloittaa vet\u00e4ytymisen suurimmasta vaiheesta, tyhjent\u00e4en kammiot v\u00e4hitellen ja antaen m\u00e4nn\u00e4n vet\u00e4yty\u00e4 sis\u00e4\u00e4n. Vaiheiden per\u00e4kk\u00e4inen vet\u00e4ytyminen varmistaa kippiauton lavan hallitun ja tasaisen laskeutumisen.<\/p>\n<p>Tehdaskohtaisesti r\u00e4\u00e4t\u00e4l\u00f6ity per\u00e4vaunun hydraulisylinteri kippiautoon on t\u00e4rke\u00e4 komponentti, joka mahdollistaa tehokkaan kippitoiminnan raskaissa kuorma-autoissa. Sen innovatiivinen muotoilu yhdistettyn\u00e4 tehtaan r\u00e4\u00e4t\u00e4l\u00f6intiin varmistaa optimaalisen suorituskyvyn ja kest\u00e4vyyden. Olipa kyseess\u00e4 pieni rakennusty\u00f6maa tai laajamittainen kaivostoiminta, t\u00e4m\u00e4 hydraulisylinteri tarjoaa vaativien kuormien k\u00e4sittelyyn tarvittavan tehon ja luotettavuuden.<\/p>\n<h3>Tietoja FMP:st\u00e4<\/h3>\n<p>FMP on yritys, joka on erikoistunut hydraulisylintereiden tuotantoon ja myyntiin. P\u00e4\u00e4konttorimme sijaitsee Italiassa, ja meill\u00e4 on vuosien kokemus rakennuskoneteollisuudesta sek\u00e4 omistautunut ammattilaistiimi. Tarjoamme korkealaatuisia ja luotettavia hydraulisylintereit\u00e4 sek\u00e4 laajan valikoiman rakennuskoneiden osia ja t\u00e4ydellisi\u00e4 koneratkaisuja.<\/p>\n<p>T\u00e4ss\u00e4 on viisi syyt\u00e4, miksi sinun kannattaa valita FMP:n:<\/p>\n<ol>\n<li>Laaja tuotevalikoima: Tarjoamme erityyppisi\u00e4 hydraulisylintereit\u00e4, mukaan lukien s\u00e4\u00e4dett\u00e4v\u00e4t haarukkatyyppiset sylinterit, teleskooppisylinterit, hitsatut sylinterit ja paljon muuta. Monipuolinen tuotevalikoimamme varmistaa, ett\u00e4 pystymme t\u00e4ytt\u00e4m\u00e4\u00e4n asiakkaidemme erityistarpeet.<\/li>\n<li>Huippulaatuiset komponentit: Kaikki hydraulisylinterimme on valmistettu huippulaatuisista komponenteista kest\u00e4vyyden ja suorituskyvyn varmistamiseksi. Teemme tiivist\u00e4 yhteisty\u00f6t\u00e4 korkealaatuisten toimittajien kanssa tiukkojen laatustandardien yll\u00e4pit\u00e4miseksi.<\/li>\n<li>Asiantunteva myyntitiimi: Kokenut myyntitiimimme tuntee rakennuskoneteollisuuden hyvin ja ymm\u00e4rt\u00e4\u00e4 asiakkaidemme kehittyv\u00e4t tarpeet. He voivat tarjota ammattimaisia \u200b\u200btuotekonsultaatioita ja antaa \u00e4lykk\u00e4it\u00e4 ostoehdotuksia.<\/li>\n<li>Tehokas logistiikka: Meill\u00e4 on k\u00e4yt\u00f6ss\u00e4 tehokas logistiikka- ja jakeluj\u00e4rjestelm\u00e4, joka varmistaa tarvittavien osien oikea-aikaisen ja tarkan toimituksen asiakkaillemme. Voit luottaa meihin projektisi aikataulujen noudattamisessa.<\/li>\n<li>Sitoutuminen asiakastyytyv\u00e4isyyteen: FMP:ll\u00e4 asiakastyytyv\u00e4isyys on meille t\u00e4rkeint\u00e4. Pyrimme tarjoamaan erinomaista palvelua jokaisessa vaiheessa tuotevalinnasta myynnin j\u00e4lkeiseen tukeen. Sinun menestyksesi on meid\u00e4n menestyksemme.<\/li>\n<\/ol>\n<p><img decoding=\"async\" src=\"https:\/\/fmp-components.com\/wp-content\/uploads\/2024\/12\/Adjustable-Clevis-Type-Cylinders-6.webp\" alt=\"S\u00e4\u00e4dett\u00e4v\u00e4 haarukkatyyppinen sylinteri\" width=\"852\" title=\"\"><\/p>\n<p>Tekij\u00e4: CX<\/p>","protected":false},"excerpt":{"rendered":"<p>Introducing the Factory Customized Trailer Hydraulic Cylinder for Dump Truck: The Factory Customized Trailer Hydraulic Cylinder for Dump Truck is a high-quality and efficient hydraulic component specially designed for dump trucks. With its advanced features and robust construction, this hydraulic cylinder plays a vital role in the smooth operation of dump trucks during the unloading [&hellip;]<\/p>","protected":false},"featured_media":1702,"comment_status":"closed","ping_status":"closed","template":"","meta":{"_et_pb_use_builder":"","_et_pb_old_content":"","_et_gb_content_width":""},"product_brand":[],"product_cat":[45],"product_tag":[34,48],"class_list":{"0":"post-1701","1":"product","2":"type-product","3":"status-publish","4":"has-post-thumbnail","6":"product_cat-inverted-telescopic-cylinder","7":"product_tag-hydraulic-cylinder","8":"product_tag-inverted-telescopic-cylinder","10":"first","11":"instock","12":"product-type-simple"},"_links":{"self":[{"href":"https:\/\/fmp-components.com\/fi\/wp-json\/wp\/v2\/product\/1701","targetHints":{"allow":["GET"]}}],"collection":[{"href":"https:\/\/fmp-components.com\/fi\/wp-json\/wp\/v2\/product"}],"about":[{"href":"https:\/\/fmp-components.com\/fi\/wp-json\/wp\/v2\/types\/product"}],"replies":[{"embeddable":true,"href":"https:\/\/fmp-components.com\/fi\/wp-json\/wp\/v2\/comments?post=1701"}],"wp:featuredmedia":[{"embeddable":true,"href":"https:\/\/fmp-components.com\/fi\/wp-json\/wp\/v2\/media\/1702"}],"wp:attachment":[{"href":"https:\/\/fmp-components.com\/fi\/wp-json\/wp\/v2\/media?parent=1701"}],"wp:term":[{"taxonomy":"product_brand","embeddable":true,"href":"https:\/\/fmp-components.com\/fi\/wp-json\/wp\/v2\/product_brand?post=1701"},{"taxonomy":"product_cat","embeddable":true,"href":"https:\/\/fmp-components.com\/fi\/wp-json\/wp\/v2\/product_cat?post=1701"},{"taxonomy":"product_tag","embeddable":true,"href":"https:\/\/fmp-components.com\/fi\/wp-json\/wp\/v2\/product_tag?post=1701"}],"curies":[{"name":"wp","href":"https:\/\/api.w.org\/{rel}","templated":true}]}}