{"id":1695,"date":"2024-12-23T07:01:59","date_gmt":"2024-12-23T07:01:59","guid":{"rendered":"https:\/\/fmp-components.com\/product\/factory-direct-sale-10-ton-dump-truck-hydraulic-cylinder-double-acting-hydraulic-cylinder\/"},"modified":"2025-03-11T06:06:28","modified_gmt":"2025-03-11T06:06:28","slug":"factory-direct-sale-10-ton-dump-truck-hydraulic-cylinder-double-acting-hydraulic-cylinder","status":"publish","type":"product","link":"https:\/\/fmp-components.com\/fi\/product\/factory-direct-sale-10-ton-dump-truck-hydraulic-cylinder-double-acting-hydraulic-cylinder\/","title":{"rendered":"Tehtaan suoramyynti 10 tonnin kippiauton hydraulisylinteri kaksitoiminen hydraulisylinteri"},"content":{"rendered":"<p>Tehtaan suoramyyntiin tarkoitettu 10 tonnin kippiauton hydraulisylinteri. Kaksitoiminen hydraulisylinteri on huippuluokan hydraulisylinteri, joka on suunniteltu k\u00e4ytett\u00e4v\u00e4ksi kippiautoissa. Kaksitoimisen rakenteensa ansiosta t\u00e4t\u00e4 sylinteri\u00e4 voidaan k\u00e4ytt\u00e4\u00e4 monissa sovelluksissa, kuten raskaiden kuormien nostamisessa ja laskemisessa, ja se tarjoaa sujuvan ja tarkan ohjauksen molempiin suuntiin.<\/p>\n<p><img decoding=\"async\" src=\"https:\/\/hzpt.com\/wp-content\/uploads\/2023\/11\/Inverted-Telescopic-Cylinder-4.webp\" alt=\"\" title=\"\"><\/p>\n<p>Tarkkuudella ja huolella valmistettu hydraulisylinteri on eritt\u00e4in kest\u00e4v\u00e4 ja luja, joten se on luotettava valinta raskaisiin sovelluksiin. Sylinteriss\u00e4 on eritt\u00e4in luja ter\u00e4srakenne, ja se on suunniteltu kest\u00e4m\u00e4\u00e4n \u00e4\u00e4rimm\u00e4isi\u00e4 l\u00e4mp\u00f6tiloja ja ankaria ty\u00f6olosuhteita varmistaen optimaalisen suorituskyvyn ja pitk\u00e4n k\u00e4ytt\u00f6i\u00e4n.<\/p>\n<p>Sylinterin edistyksellinen rakenne sis\u00e4lt\u00e4\u00e4 my\u00f6s useita innovatiivisia ominaisuuksia, kuten tarkkuuskoneistetut m\u00e4nn\u00e4nvarret, korkealaatuiset tiivisteet ja edistyneet hydrauliikkaj\u00e4rjestelm\u00e4t, jotka kaikki toimivat yhdess\u00e4 poikkeuksellisen suorituskyvyn, tehokkuuden ja luotettavuuden saavuttamiseksi.<\/p>\n<table style=\"width: 100%;\" border=\"1\" width=\"100%\" cellspacing=\"0\" cellpadding=\"0\">\n<tbody>\n<tr>\n<th>Tuotteen nimi<\/th>\n<td>10 tonnin kippiauton hydraulisylinteri<\/td>\n<\/tr>\n<tr>\n<th>Kunto<\/th>\n<td>Uusi<\/td>\n<\/tr>\n<tr>\n<th>Tyyppi<\/th>\n<td>Kaksitoiminen hydraulisylinteri<\/td>\n<\/tr>\n<tr>\n<th>Rakenne<\/th>\n<td>Vakiom\u00e4nt\u00e4sylinteri<\/td>\n<\/tr>\n<tr>\n<th>Virtal\u00e4hde<\/th>\n<td>Hydraulineste<\/td>\n<\/tr>\n<tr>\n<th>Design<\/th>\n<td>K\u00e4\u00e4nteinen teleskooppinen<\/td>\n<\/tr>\n<tr>\n<th>Materiaali<\/th>\n<td>Kest\u00e4v\u00e4 ter\u00e4s<\/td>\n<\/tr>\n<tr>\n<th>Maksimi ty\u00f6nt\u00f6voima<\/th>\n<td>3000<\/td>\n<\/tr>\n<tr>\n<th>Maksimiveto<\/th>\n<td>20 tonnia<\/td>\n<\/tr>\n<tr>\n<th>Rei\u00e4n koko<\/th>\n<td>2\u20136 tuumaa<\/td>\n<\/tr>\n<tr>\n<th>Tangon koko<\/th>\n<td>1,125\u20134 tuumaa<\/td>\n<\/tr>\n<tr>\n<th>Iskun koko<\/th>\n<td>15\u2013122 cm<\/td>\n<\/tr>\n<tr>\n<th>Tapin koko<\/th>\n<td>0,5\u20132 tuumaa<\/td>\n<\/tr>\n<tr>\n<th>Sertifiointi<\/th>\n<td>ISO 9001:2000<\/td>\n<\/tr>\n<tr>\n<th>V\u00e4ri<\/th>\n<td>Tyylik\u00e4s musta<\/td>\n<\/tr>\n<tr>\n<th>Takuu<\/th>\n<td>1 vuosi<\/td>\n<\/tr>\n<tr>\n<th>Ydinkomponentit<\/th>\n<td>Laakeri, m\u00e4nn\u00e4n sylinteri<\/td>\n<\/tr>\n<\/tbody>\n<\/table>\n<h2>10 tonnin kippiauton hydraulisylinterin ominaisuudet<\/h2>\n<p>T\u00e4ss\u00e4 hydraulisylinteriss\u00e4 on useita vaikuttavia ominaisuuksia:<\/p>\n<ol>\n<li>Kaksitoiminen: T\u00e4m\u00e4 tarkoittaa, ett\u00e4 se voi suorittaa hydraulisia toimintoja kahteen suuntaan, mik\u00e4 tarjoaa enemm\u00e4n joustavuutta ja tehokkuutta.<\/li>\n<li>K\u00e4\u00e4nteinen teleskooppinen rakenne: T\u00e4m\u00e4 rakenne mahdollistaa pidemm\u00e4n iskunpituuden, mik\u00e4 lis\u00e4\u00e4 sylinterin kokonaistehokkuutta ja monipuolisuutta.<\/li>\n<li>Suuri maksimity\u00f6nt\u00f6voima ja vetovoima: Maksimaalisen ty\u00f6nt\u00f6voiman 3000 tonnia ja maksimivetovaikutuksen 20 tonnia ansiosta t\u00e4m\u00e4 sylinteri pystyy k\u00e4sittelem\u00e4\u00e4n raskaita kuormia helposti.<\/li>\n<li>Kest\u00e4v\u00e4 materiaali: Ter\u00e4ksest\u00e4 valmistettu sylinteri on kest\u00e4v\u00e4 ja kest\u00e4\u00e4 k\u00e4yt\u00f6ss\u00e4 varmistaen pitk\u00e4aikaisen luotettavuuden ja suorituskyvyn.<\/li>\n<li>Yhden vuoden takuu: T\u00e4lle tuotteelle my\u00f6nnet\u00e4\u00e4n yhden vuoden takuu, joka tarjoaa mielenrauhaa ja suojaa investoinnillesi.<\/li>\n<\/ol>\n<h2>10 tonnin kippiauton hydraulisylinterin sovellukset<\/h2>\n<p>Kest\u00e4v\u00e4n rakenteensa ja monipuolisuutensa ansiosta t\u00e4m\u00e4 hydraulisylinteri soveltuu monenlaisiin k\u00e4ytt\u00f6tarkoituksiin:<\/p>\n<ol>\n<li>Tuotantolaitokset: K\u00e4ytet\u00e4\u00e4n raskaiden koneiden k\u00e4ytt\u00f6\u00f6n ja materiaalien siirtoon.<\/li>\n<li>Konekorjaamot: Olennaisia \u200b\u200bkorjaus- ja huoltoteht\u00e4viss\u00e4, jotka vaativat raskaiden koneiden osien nostamista tai siirt\u00e4mist\u00e4.<\/li>\n<li>Maatilat: K\u00e4ytet\u00e4\u00e4n erilaisissa maatalouskoneissa teht\u00e4viin, kuten nostamiseen, ty\u00f6nt\u00e4miseen ja vet\u00e4miseen.<\/li>\n<li>Energia ja kaivostoiminta: K\u00e4ytet\u00e4\u00e4n kaivu-, poraus- ja luonnonvarojen louhintalaitteissa.<\/li>\n<li>Koneenrakennus: Olennainen osa suurten koneiden ja laitteiden kokoonpanoa ja purkamista.<\/li>\n<\/ol>\n<p><img decoding=\"async\" src=\"https:\/\/hzpt.com\/wp-content\/uploads\/2023\/11\/Inverted-Telescopic-Cylinder-Applications.webp\" alt=\"K\u00e4\u00e4nteisen teleskooppisylinterin sovellukset\" title=\"\"><\/p>\n<h2>Toimintaperiaate ja huoltomenetelm\u00e4t<\/h2>\n<p>Hydraulisylinteri toimii yksinkertaisella mutta tehokkaalla periaatteella. Hydraulineste pumpataan sylinteriin, mik\u00e4 luo paineen. T\u00e4m\u00e4 paine vaikuttaa m\u00e4nt\u00e4\u00e4n, jolloin se liikkuu ja tuottaa l\u00e4ht\u00f6voiman. Kaksitoimisen rakenteen ansiosta nestett\u00e4 voidaan pumpata molempiin suuntiin, jolloin m\u00e4nt\u00e4 voi liikkua edestakaisin.<\/p>\n<p>Huollon osalta on t\u00e4rke\u00e4\u00e4:<\/p>\n<ol>\n<li style=\"list-style-type: none;\">\n<ol>\n<li>Tarkista sylinteri s\u00e4\u00e4nn\u00f6llisesti kulumisen, vaurioiden tai vuotojen varalta.<\/li>\n<li>Puhdista sylinteri s\u00e4\u00e4nn\u00f6llisesti est\u00e4\u00e4ksesi lian ja roskien kertymisen.<\/li>\n<li>Voitele liikkuvat osat kitkan ja kulumisen v\u00e4hent\u00e4miseksi.<\/li>\n<li>Tee s\u00e4\u00e4nn\u00f6llisi\u00e4 tarkastuksia ja korjauksia ongelmien havaitsemiseksi ja korjaamiseksi varhaisessa vaiheessa.<\/li>\n<li>Vaihda tiivisteet tarvittaessa vuotojen est\u00e4miseksi ja optimaalisen suorituskyvyn yll\u00e4pit\u00e4miseksi.<\/li>\n<li>Noudata k\u00e4ytt\u00f6oppaassa olevia huolto-ohjeita ja -aikatauluja.<\/li>\n<\/ol>\n<\/li>\n<\/ol>\n<p><img decoding=\"async\" src=\"https:\/\/hzpt.com\/wp-content\/uploads\/2023\/11\/Inverted-Telescopic-Cylinder-8.webp\" alt=\"\" title=\"\"><\/p>\n<h2>K\u00e4\u00e4nteinen teleskooppisylinteri<\/h2>\n<p>K\u00e4\u00e4nteinen teleskooppisylinteri, joka tunnetaan my\u00f6s yksitoimisena teleskooppisylinterin\u00e4, on hydraulinen toimilaite, joka koostuu useista sis\u00e4kk\u00e4isist\u00e4 vaiheista, joista jokainen vaihe on vedetty sis\u00e4\u00e4n suurempaan. N\u00e4it\u00e4 sylintereit\u00e4 k\u00e4ytet\u00e4\u00e4n yleisesti erilaisissa raskaissa sovelluksissa, kuten dumppereissa, nostureissa ja kaivinkoneissa.<\/p>\n<h3>K\u00e4\u00e4nteisen teleskooppisylinterin ominaisuudet<\/h3>\n<p>Seuraavassa on joitakin k\u00e4\u00e4nteisten teleskooppisylinterien t\u00e4rkeimmist\u00e4 ominaisuuksista:<\/p>\n<ul>\n<li>Pitk\u00e4t vedot, mutta lyhyempi sis\u00e4\u00e4nvedetty pituus<\/li>\n<li>Eritt\u00e4in tehokas tilank\u00e4ytt\u00f6, mik\u00e4 tekee niist\u00e4 ihanteellisia koneille, joissa on rajoitetusti tilaa<\/li>\n<li>Korkea lujuus ja kest\u00e4vyys korkealaatuisten materiaalien, kuten kromatun ter\u00e4ksen, ansiosta<\/li>\n<li>Kest\u00e4\u00e4 suuria kuormia ja tarjoaa tasaisen suorituskyvyn my\u00f6s vaativissa olosuhteissa<\/li>\n<\/ul>\n<h3>K\u00e4\u00e4nteisen teleskooppisylinterin toimintaperiaate<\/h3>\n<p>Kun m\u00e4nn\u00e4nvarteen kohdistetaan painetta, se ty\u00f6ntyy ulos sylinterist\u00e4, jolloin my\u00f6s sis\u00e4kk\u00e4iset vaiheet ty\u00f6ntyv\u00e4t ulos. T\u00e4m\u00e4 pidentyminen jatkuu, kunnes m\u00e4nn\u00e4nvarsi saavuttaa iskunpituutensa p\u00e4\u00e4n. Sylinteri vet\u00e4ytyy sis\u00e4\u00e4n, kun paine vapautetaan, ja sis\u00e4kk\u00e4iset vaiheet vet\u00e4ytyv\u00e4t takaisin suurempaan vaiheeseen.<\/p>\n<p>K\u00e4\u00e4nteisen teleskooppisylinterin m\u00e4nn\u00e4nvarsi on tyypillisesti kiinnitetty pienimm\u00e4n vaiheen p\u00e4\u00e4h\u00e4n. M\u00e4nt\u00e4 sijaitsee suurimman vaiheen sis\u00e4ll\u00e4 ja hydraulineste sy\u00f6tet\u00e4\u00e4n tyypillisesti sylinterin pohjassa olevan aukon kautta.<\/p>\n<h3>K\u00e4\u00e4nteisen teleskooppisylinterin sovellukset<\/h3>\n<p>K\u00e4\u00e4nteisi\u00e4 teleskooppisylintereit\u00e4 k\u00e4ytet\u00e4\u00e4n yleisesti dumppereissa, jotka vaativat hydraulisylintereit\u00e4 lavan nostamiseen ja kallistamiseen purkamista varten. N\u00e4it\u00e4 sylintereit\u00e4 k\u00e4ytet\u00e4\u00e4n my\u00f6s rakennuslaitteissa, kuten kaivinkoneissa, puomin ja varren liikkeen ohjaamiseen.<\/p>\n<p>Kaksitoiminen hydraulisylinteri on toinen hydraulisylinterityyppi, jota voidaan k\u00e4ytt\u00e4\u00e4 erilaisissa raskaissa sovelluksissa. Tehtaan suoramyynti 10 tonnin kippiauton hydraulisylinteri Kaksitoiminen hydraulisylinteri on ihanteellinen ratkaisu, kun toimilaitteen on liikuttava edestakaisin, kuten hydraulipuristimen tai nostimen tapauksessa. N\u00e4m\u00e4 sylinterit koostuvat m\u00e4nn\u00e4st\u00e4, joka voi liikkua molempiin suuntiin, ja hydraulinestett\u00e4 sy\u00f6tet\u00e4\u00e4n m\u00e4nn\u00e4n molemmille puolille sen liikkeen ohjaamiseksi.<\/p>\n<p>K\u00e4\u00e4nteinen teleskooppisylinteri on olennainen osa useissa raskaissa sovelluksissa, kuten kippiautoissa ja rakennuskoneissa. N\u00e4m\u00e4 sylinterit tarjoavat luotettavan ja tehokkaan tavan ohjata raskaiden koneiden liikett\u00e4 ja tarjoavat tasaisen suorituskyvyn my\u00f6s ankarissa olosuhteissa. Ymm\u00e4rt\u00e4m\u00e4ll\u00e4, miten n\u00e4m\u00e4 sylinterit toimivat ja mitk\u00e4 ovat niiden sovellukset, valmistajat voivat tehd\u00e4 tietoon perustuvia p\u00e4\u00e4t\u00f6ksi\u00e4 siit\u00e4, mink\u00e4 tyyppist\u00e4 hydraulista toimilaitetta k\u00e4ytet\u00e4\u00e4n heid\u00e4n erityistarpeisiinsa.<\/p>\n<p><img decoding=\"async\" src=\"https:\/\/hzpt.com\/wp-content\/uploads\/2023\/11\/Inverted-Telescopic-Cylinder-Manufacturers.webp\" alt=\"HZPT Hydraulisten koneiden valmistustehdas\" title=\"\"><\/p>\n<h3>Tietoja FMP:st\u00e4<\/h3>\n<p>FMP on hydraulisylintereiden tuotantoon ja myyntiin erikoistunut yritys. Keskittymisemme korkealaatuisten rakennuskoneiden osien ja kokonaisvaltaisten koneratkaisujen toimittamiseen on tehnyt meist\u00e4 alan luotettavan kumppanin. Italiassa sijaitseva yrityksemme, jonka monivuotinen kokemus ja ammattitaitoinen tiimi takaavat asiakkaillemme huippuluokan tuotteet ja palvelut.<\/p>\n<p><strong>Tuotevalikoimamme:<\/strong><\/p>\n<ol>\n<li><strong>Maatalouskoneiden vaihteistot:<\/strong> Tarjoamme laajan valikoiman erityisesti maatalouskoneisiin suunniteltuja vaihteistoja. N\u00e4m\u00e4 vaihteistot ovat kest\u00e4vi\u00e4 ja tehokkaita, ja ne mahdollistavat sujuvan ja luotettavan toiminnan.<\/li>\n<li><strong>Hydraulisylinterit:<\/strong> Hydraulisylinterimme on valmistettu korkeimpien standardien mukaisesti erinomaisen suorituskyvyn ja kest\u00e4vyyden takaamiseksi. Ne on suunniteltu kest\u00e4m\u00e4\u00e4n raskaita kuormia ja ankaria k\u00e4ytt\u00f6olosuhteita varmistaen optimaalisen tehokkuuden ja luotettavuuden.<\/li>\n<li><strong>Planeettavaihteistot:<\/strong> Tarjoamme planeettavaihteistoja, jotka on suunniteltu tarkkuutta ja kest\u00e4vyytt\u00e4 ajatellen. N\u00e4m\u00e4 vaihteistot tarjoavat suuren v\u00e4\u00e4nt\u00f6momentin ja tasaisen toiminnan, mik\u00e4 tekee niist\u00e4 ihanteellisia erilaisiin sovelluksiin rakennuskoneteollisuudessa.<\/li>\n<li><strong>Teollisuusvaihteistot:<\/strong> Teollisuusvaihteistovalikoimamme on suunniteltu vastaamaan eri teollisuudenalojen monipuolisiin tarpeisiin. N\u00e4m\u00e4 vaihteistot tunnetaan luotettavuudestaan, tehokkuudestaan \u200b\u200bja pitk\u00e4st\u00e4 k\u00e4ytt\u00f6i\u00e4st\u00e4\u00e4n.<\/li>\n<li><strong>Maatalouskoneiden osat ja tarvikkeet:<\/strong> Vaihteistojen ja hydraulisylintereiden lis\u00e4ksi tarjoamme kattavan valikoiman maatalouskoneiden osia ja lis\u00e4varusteita. N\u00e4m\u00e4 komponentit on valittu huolellisesti yhteensopivuuden ja optimaalisen suorituskyvyn varmistamiseksi.<\/li>\n<\/ol>\n<p><strong>Yrityksemme edut:<\/strong><\/p>\n<ol>\n<li><strong>Tiukat laatustandardit:<\/strong> Olemme luoneet pitk\u00e4aikaisia \u200b\u200bja vakaita suhteita korkealaatuisiin toimittajiin sek\u00e4 kotimaassa ett\u00e4 ulkomailla. T\u00e4m\u00e4 varmistaa, ett\u00e4 kaikki toimittamamme osat t\u00e4ytt\u00e4v\u00e4t tiukat laatustandardit.<\/li>\n<li><strong>Kokenut myyntitiimi:<\/strong> Myyntitiimimme tuntee rakennuskoneteollisuuden kehityssuunnat ja asiakkaiden tarpeet eritt\u00e4in hyvin. He tarjoavat ammattimaisia \u200b\u200btuotekonsultaatioita ja \u00e4lykk\u00e4it\u00e4 ostoehdotuksia auttaakseen asiakkaita tekem\u00e4\u00e4n tietoon perustuvia p\u00e4\u00e4t\u00f6ksi\u00e4.<\/li>\n<li><strong>Tehokas logistiikka jakelu:<\/strong> Meill\u00e4 on k\u00e4yt\u00f6ss\u00e4 tehokas logistiikkaj\u00e4rjestelm\u00e4, joka varmistaa, ett\u00e4 asiakkaat saavat tarvittavat osat ajallaan ja t\u00e4sm\u00e4llisesti. T\u00e4m\u00e4 minimoi seisokkiajat ja maksimoi tuottavuuden.<\/li>\n<li><strong>Luotettava palvelu:<\/strong> Asiakastyytyv\u00e4isyys on meille etusijalla ja pyrimme tarjoamaan erinomaista palvelua aina. Omistautunut tiimimme on aina valmis vastaamaan kaikkiin tiedusteluihin ja huolenaiheisiin varmistaen asiakkaillemme sujuvan ja vaivattoman kokemuksen.<\/li>\n<li><strong>Jatkuva parantaminen:<\/strong> Olemme sitoutuneet jatkuvaan parantamiseen ja pysym\u00e4\u00e4n ajan tasalla alan uusimmista edistysaskeleista. T\u00e4m\u00e4 mahdollistaa meille innovatiivisten ratkaisujen tarjoamisen ja asemamme s\u00e4ilytt\u00e4misen luotettavana rakennuskoneiden osien ja kokonaisten koneiden toimittajana.<\/li>\n<\/ol>\n<p><img decoding=\"async\" src=\"https:\/\/fmp-components.com\/wp-content\/uploads\/2024\/12\/Adjustable-Clevis-Type-Cylinders-6.webp\" alt=\"S\u00e4\u00e4dett\u00e4v\u00e4 haarukkatyyppinen sylinteri\" width=\"849\" title=\"\"><br \/>\nTekij\u00e4: CX<\/p>","protected":false},"excerpt":{"rendered":"<p>Tehtaan suoramyyntiin tarkoitettu 10 tonnin kippiauton hydraulisylinteri. Kaksitoiminen hydraulisylinteri on huippuluokan hydraulisylinteri, joka on suunniteltu k\u00e4ytett\u00e4v\u00e4ksi kippiautoissa. Kaksitoimisen rakenteensa ansiosta t\u00e4t\u00e4 sylinteri\u00e4 voidaan k\u00e4ytt\u00e4\u00e4 useissa eri sovelluksissa, kuten raskaiden kuormien nostamisessa ja laskemisessa, ja se tarjoaa sujuvan ja tarkan ohjauksen molempiin suuntiin. Tarkkuudella valmistettu [\u2026]<\/p>","protected":false},"featured_media":1696,"comment_status":"closed","ping_status":"closed","template":"","meta":{"_et_pb_use_builder":"","_et_pb_old_content":"","_et_gb_content_width":""},"product_brand":[],"product_cat":[45],"product_tag":[34,48],"class_list":{"0":"post-1695","1":"product","2":"type-product","3":"status-publish","4":"has-post-thumbnail","6":"product_cat-inverted-telescopic-cylinder","7":"product_tag-hydraulic-cylinder","8":"product_tag-inverted-telescopic-cylinder","10":"first","11":"instock","12":"product-type-simple"},"_links":{"self":[{"href":"https:\/\/fmp-components.com\/fi\/wp-json\/wp\/v2\/product\/1695","targetHints":{"allow":["GET"]}}],"collection":[{"href":"https:\/\/fmp-components.com\/fi\/wp-json\/wp\/v2\/product"}],"about":[{"href":"https:\/\/fmp-components.com\/fi\/wp-json\/wp\/v2\/types\/product"}],"replies":[{"embeddable":true,"href":"https:\/\/fmp-components.com\/fi\/wp-json\/wp\/v2\/comments?post=1695"}],"wp:featuredmedia":[{"embeddable":true,"href":"https:\/\/fmp-components.com\/fi\/wp-json\/wp\/v2\/media\/1696"}],"wp:attachment":[{"href":"https:\/\/fmp-components.com\/fi\/wp-json\/wp\/v2\/media?parent=1695"}],"wp:term":[{"taxonomy":"product_brand","embeddable":true,"href":"https:\/\/fmp-components.com\/fi\/wp-json\/wp\/v2\/product_brand?post=1695"},{"taxonomy":"product_cat","embeddable":true,"href":"https:\/\/fmp-components.com\/fi\/wp-json\/wp\/v2\/product_cat?post=1695"},{"taxonomy":"product_tag","embeddable":true,"href":"https:\/\/fmp-components.com\/fi\/wp-json\/wp\/v2\/product_tag?post=1695"}],"curies":[{"name":"wp","href":"https:\/\/api.w.org\/{rel}","templated":true}]}}