{"id":1653,"date":"2024-12-23T07:00:44","date_gmt":"2024-12-23T07:00:44","guid":{"rendered":"https:\/\/fmp-components.com\/product\/factory-direct-supply-4-stage-hydraulic-telescopic-ram-cylinder-for-trailer\/"},"modified":"2025-03-11T06:11:06","modified_gmt":"2025-03-11T06:11:06","slug":"factory-direct-supply-4-stage-hydraulic-telescopic-ram-cylinder-for-trailer","status":"publish","type":"product","link":"https:\/\/fmp-components.com\/fi\/product\/factory-direct-supply-4-stage-hydraulic-telescopic-ram-cylinder-for-trailer\/","title":{"rendered":"Tehtaan suoratoimitus 4-vaiheinen hydraulinen teleskooppisylinteri per\u00e4vaunuun"},"content":{"rendered":"<p>Factory Direct Supply tarjoaa huippuluokan nelivaiheisen hydraulisen teleskooppisylinterin per\u00e4vaunuille, joka on luotettava ja kest\u00e4v\u00e4 ratkaisu raskaisiin sovelluksiin. T\u00e4m\u00e4 sylinteri on suunniteltu toimimaan sujuvasti ja tehokkaasti, ja se tarjoaa tasaisen suorituskyvyn my\u00f6s korkeassa paineessa.<\/p>\n<p>Korkealaatuisista materiaaleista valmistettu 4-vaiheinen hydraulinen teleskooppisylinteri per\u00e4vaunulle on suunniteltu kest\u00e4m\u00e4\u00e4n \u00e4\u00e4rimm\u00e4isi\u00e4 olosuhteita ja kovaa k\u00e4ytt\u00f6\u00e4. Sylinterin tarkka muotoilu varmistaa maksimaalisen lujuuden ja vakauden, joten se sopii erinomaisesti vaativiin teollisuusymp\u00e4rist\u00f6ihin.<\/p>\n<table style=\"width: 100%;\" border=\"1\" width=\"100%\" cellspacing=\"0\" cellpadding=\"0\">\n<tbody>\n<tr>\n<th>Tuotteen nimi<\/th>\n<td>4-vaiheinen hydraulinen teleskooppisylinteri per\u00e4vaunulle<\/td>\n<\/tr>\n<tr>\n<th>Kunto<\/th>\n<td>Uusi<\/td>\n<\/tr>\n<tr>\n<th>Takuu<\/th>\n<td>1 vuosi<\/td>\n<\/tr>\n<tr>\n<th>Paino (kg)<\/th>\n<td>45<\/td>\n<\/tr>\n<tr>\n<th>Maksimi ty\u00f6nt\u00f6voima<\/th>\n<td>3000<\/td>\n<\/tr>\n<tr>\n<th>Maksimiveto<\/th>\n<td>20 tonnia<\/td>\n<\/tr>\n<tr>\n<th>Rungon materiaali<\/th>\n<td>Ter\u00e4s<\/td>\n<\/tr>\n<tr>\n<th>Virtal\u00e4hde<\/th>\n<td>Hydraulinen<\/td>\n<\/tr>\n<tr>\n<th>Design<\/th>\n<td>4-vaiheinen vakiom\u00e4nt\u00e4sylinterirakenteella<\/td>\n<\/tr>\n<tr>\n<th>Ydinkomponentit<\/th>\n<td>Laakeri, m\u00e4nn\u00e4n sylinteri<\/td>\n<\/tr>\n<tr>\n<th>Sertifiointi<\/th>\n<td>ISO9001:2000<\/td>\n<\/tr>\n<tr>\n<th>V\u00e4ri<\/th>\n<td>Musta<\/td>\n<\/tr>\n<tr>\n<th>Sovellettavat toimialat<\/th>\n<td>Rakentaminen, Maatalous, Tuotantolaitokset, Konekorjaamot, Maatilat, Energia ja kaivostoiminta, Koneiden valmistus, Konetehtaat<\/td>\n<\/tr>\n<tr>\n<th>Suorituskyky<\/th>\n<td>Luotettava suorituskyky ja pitk\u00e4ik\u00e4inen kest\u00e4vyys<\/td>\n<\/tr>\n<\/tbody>\n<\/table>\n<h2>Hydraulisen teleskooppisylinterin ominaisuudet<\/h2>\n<p><img decoding=\"async\" src=\"https:\/\/hzpt.com\/wp-content\/uploads\/2023\/11\/Inverted-Telescopic-Cylinder-1.webp\" alt=\"\" title=\"\"><\/p>\n<p>1. <b>Vakio-ominaisuudet:<\/b> Hydraulisylinteriss\u00e4 on vakio-ominaisuuksia, kuten m\u00e4nt\u00e4sylinterirakenne, hydraulinen teho ja ter\u00e4ksest\u00e4 valmistettu runkomateriaali.<\/p>\n<p>2. <b>Suurin ty\u00f6nt\u00f6voima:<\/b> Hydraulisylinterin ty\u00f6nt\u00f6voima on enint\u00e4\u00e4n 3000.<\/p>\n<p>3. <b>Suurin vetovoima:<\/b> Hydraulisylinteri pystyy vetovoimaan jopa 20 tonnia.<\/p>\n<p>4. <b>Sertifiointi:<\/b> Tuote on ISO9001:2000-sertifioitu, mik\u00e4 takaa sen laadun ja turvallisuuden.<\/p>\n<p>5. <b>V\u00e4ri:<\/b> Tuote on saatavana tyylikk\u00e4\u00e4ss\u00e4 ja ammattimaisessa mustassa v\u00e4riss\u00e4.<\/p>\n<h2>Hydraulisen teleskooppisylinterin sovellukset<\/h2>\n<p>1. <b>Tuotantolaitokset:<\/b> Hydraulisylinteri soveltuu k\u00e4ytett\u00e4v\u00e4ksi tuotantolaitoksissa.<\/p>\n<p>2. <b>Konekorjaamot:<\/b> Sit\u00e4 voidaan k\u00e4ytt\u00e4\u00e4 my\u00f6s konepajoissa.<\/p>\n<p>3. <b>Maatilat:<\/b> Hydraulisylinteri soveltuu maatiloille.<\/p>\n<p>4. <b>Energia ja kaivostoiminta:<\/b> Sit\u00e4 voidaan k\u00e4ytt\u00e4\u00e4 energia- ja kaivostoiminnassa.<\/p>\n<p>5. <b>Koneiden valmistus:<\/b> Hydraulisylinteri soveltuu my\u00f6s koneenrakennukseen.<\/p>\n<p><img decoding=\"async\" src=\"https:\/\/hzpt.com\/wp-content\/uploads\/2023\/11\/Inverted-Telescopic-Cylinder-Applications.webp\" alt=\"\" title=\"\"><\/p>\n<h2>Hydraulisen teleskooppisylinterin toimintaperiaate ja huolto<\/h2>\n<h3>Toimintaperiaate<\/h3>\n<p>1. <b>Kokoonpano:<\/b> Hydraulisylinteri on konfiguroitu m\u00e4nt\u00e4sylinterirakenteella.<\/p>\n<p>2. <b>Hydrauli\u00f6ljyn sy\u00f6tt\u00f6:<\/b> Hydraulinen voimanl\u00e4hde ohjaa sylinterin toimintaa.<\/p>\n<p>3. <b>L\u00e4ht\u00f6voima:<\/b> Hydraulisylinterin suurin ty\u00f6nt\u00f6voima ja vetovoima ovat vastaavasti 3000 ja 20 tonnia.<\/p>\n<h3>Huoltomenetelm\u00e4t<\/h3>\n<p>1. <b>S\u00e4\u00e4nn\u00f6llinen tarkastus:<\/b> Sylinterin tehokkaan toiminnan varmistamiseksi tarvitaan s\u00e4\u00e4nn\u00f6llisi\u00e4 tarkastuksia.<\/p>\n<p>2. <b>Puhdistus:<\/b> Hydraulisylinteri on puhdistettava s\u00e4\u00e4nn\u00f6llisesti lian ja j\u00e4\u00e4mien kertymisen v\u00e4ltt\u00e4miseksi.<\/p>\n<p>3. <b>Voitelu:<\/b> S\u00e4\u00e4nn\u00f6llinen voitelu varmistaa sylinterin moitteettoman toiminnan.<\/p>\n<p>4. <b>S\u00e4\u00e4nn\u00f6lliset tarkastukset ja korjaukset:<\/b> S\u00e4\u00e4nn\u00f6lliset tarkastukset ja tarvittaessa tehdyt korjaukset takaavat tuotteen pitk\u00e4n k\u00e4ytt\u00f6i\u00e4n.<\/p>\n<p>5. <b>Tiivisteen vaihto:<\/b> Sylinterin tiiviste tulee vaihtaa k\u00e4ytt\u00f6oppaan ohjeiden mukaisesti optimaalisen suorituskyvyn varmistamiseksi.<\/p>\n<p><img decoding=\"async\" src=\"https:\/\/hzpt.com\/wp-content\/uploads\/2023\/11\/Inverted-Telescopic-Cylinder-20.webp\" alt=\"\" title=\"\"><\/p>\n<h2>K\u00e4\u00e4nteinen teleskooppisylinteri<\/h2>\n<p>Hydraulisylinteri on mekaaninen toimilaite, joka tuottaa yksisuuntaisen voiman yksisuuntaisen iskun avulla. K\u00e4\u00e4nteinen teleskooppisylinteri, joka tunnetaan my\u00f6s nimell\u00e4 k\u00e4\u00e4nteinen hydraulisylinteri, on hydraulisylinterityyppi, jossa on yl\u00f6salaisin asennettu m\u00e4nt\u00e4- ja tankokokoonpano. T\u00e4m\u00e4 tarkoittaa, ett\u00e4 tanko on kiinnitetty m\u00e4nt\u00e4\u00e4n ja ulottuu alasp\u00e4in sylinterin rungosta eik\u00e4 yl\u00f6sp\u00e4in sen sis\u00e4\u00e4n.<\/p>\n<h3>Tehtaan suoratoimitus 4-vaiheinen hydraulinen teleskooppisylinteri per\u00e4vaunuun<\/h3>\n<p>K\u00e4\u00e4nteist\u00e4 teleskooppisylinteri\u00e4 k\u00e4ytet\u00e4\u00e4n laajalti useilla eri teollisuudenaloilla, kuten rakentamisessa, maataloudessa, kaivostoiminnassa ja kuljetuksessa. Yksi t\u00e4m\u00e4n tyyppisen sylinterin suosituimmista sovelluksista on per\u00e4vaunuteollisuus. Tehtaalta suoraan toimitettava 4-vaiheinen hydraulinen teleskooppisylinteri per\u00e4vaunuille on loistava esimerkki siit\u00e4, miten t\u00e4t\u00e4 teknologiaa sovelletaan k\u00e4yt\u00e4nn\u00f6ss\u00e4. T\u00e4ss\u00e4 on joitakin t\u00e4m\u00e4n hydraulisylinterin t\u00e4rkeimmist\u00e4 ominaisuuksista ja eduista:<\/p>\n<h4>1. Nelivaiheinen rakenne maksimaalisen venym\u00e4n saavuttamiseksi<\/h4>\n<p>T\u00e4m\u00e4n hydraulisylinterin nelivaiheinen rakenne mahdollistaa maksimaalisen pidennysalueen, mik\u00e4 on olennaista monissa per\u00e4vaunusovelluksissa. T\u00e4m\u00e4 rakenne tarjoaa my\u00f6s kompaktin ja tehokkaan ratkaisun, joka sopii erinomaisesti ahtaisiin asennuksiin. Sylinterin vaiheet on suunniteltu toimimaan saumattomasti yhdess\u00e4, mik\u00e4 takaa sujuvan ja yhdenmukaisen toiminnan.<\/p>\n<h4>2. Korkealaatuiset materiaalit kest\u00e4vyyden takaamiseksi<\/h4>\n<p>Tehtaalta suoraan toimitettava 4-vaiheinen hydraulinen teleskooppisylinteri per\u00e4vaunuun on valmistettu korkealaatuisista materiaaleista, kuten ter\u00e4ksest\u00e4 ja kromatuista tangoista. T\u00e4m\u00e4 varmistaa sylinterin kest\u00e4vyyden ja pitk\u00e4ik\u00e4isyyden my\u00f6s ankarissa k\u00e4ytt\u00f6olosuhteissa. Kromatut tangot tarjoavat my\u00f6s suojaa korroosiolta ja kulumiselta, mik\u00e4 on olennaista sylinterin suorituskyvyn yll\u00e4pit\u00e4miseksi ajan kuluessa.<\/p>\n<h4>3. Tarkkuustekniikka luotettavan suorituskyvyn takaamiseksi<\/h4>\n<p>T\u00e4m\u00e4 hydraulisylinteri on tarkasti suunniteltu tarjoamaan luotettavaa ja tasaista suorituskyky\u00e4. M\u00e4nt\u00e4- ja varsikokoonpano on koneistettu tiukkoihin toleransseihin, mik\u00e4 varmistaa niiden t\u00e4ydellisen yhteensopivuuden ja sujuvan toiminnan. Tiivisteet ja laakerit on my\u00f6s suunniteltu tarjoamaan pitk\u00e4ik\u00e4ist\u00e4 suorituskyky\u00e4 jopa raskaissa kuormissa ja usein toistuvassa k\u00e4yt\u00f6ss\u00e4.<\/p>\n<h4>4. Helppo asentaa ja huoltaa<\/h4>\n<p>Tehtaalta suoraan toimitettava 4-vaiheinen hydraulinen teleskooppisylinteri per\u00e4vaunuun on suunniteltu helpoksi asentaa ja huoltaa. Sylinteri toimitetaan kaikkien tarvittavien kiinnitystarvikkeiden kanssa, ja asennusprosessi on suoraviivainen ja yksinkertainen. Sylinteri on my\u00f6s helppo huoltaa, ja s\u00e4\u00e4nn\u00f6lliset tarkastukset ja voitelu ovat t\u00e4rkeimm\u00e4t vaatimukset.<\/p>\n<p>Kaiken kaikkiaan k\u00e4\u00e4nteinen teleskooppisylinteri on eritt\u00e4in tehokas ja monipuolinen teknologia, jota k\u00e4ytet\u00e4\u00e4n monenlaisissa sovelluksissa. Tehtaalta suoraan toimitettava 4-vaiheinen hydraulinen teleskooppisylinteri per\u00e4vaunulle on loistava esimerkki siit\u00e4, miten t\u00e4t\u00e4 teknologiaa voidaan soveltaa k\u00e4yt\u00e4nn\u00f6ss\u00e4 tehokkaan ja luotettavan suorituskyvyn takaamiseksi.<\/p>\n<h3>Tietoa FMP:st\u00e4 \u2013 Hydraulisylinterien ammattimainen myynti ja huolto<\/h3>\n<p>FMP on vakiintunut italialainen yritys, joka on erikoistunut rakennuskoneiden osien ja kokonaisten koneiden myyntiin ja huoltoon. Vuosien kokemuksella alalta ja ammattitaitoisen tiimin avulla tarjoamme asiakkaillemme korkealaatuisia ja luotettavia hydraulisylintereit\u00e4 ja kokonaisia \u200b\u200bkoneratkaisuja.<\/p>\n<p>T\u00e4ss\u00e4 on viisi syyt\u00e4, miksi sinun kannattaa valita FMP hydraulisylinteritarpeisiisi:<\/p>\n<p>1. Laaja tuotevalikoima: FMP tarjoaa laajan valikoiman hydraulisylintereit\u00e4, mukaan lukien s\u00e4\u00e4dett\u00e4v\u00e4t haarukkatyyppiset sylinterit, kuten <img decoding=\"async\" src=\"https:\/\/fmp-components.com\/wp-content\/uploads\/2024\/12\/Adjustable-Clevis-Type-Cylinders-6.webp\" alt=\"S\u00e4\u00e4dett\u00e4v\u00e4 haarukkatyyppinen sylinteri\" width=\"828\" title=\"\">sek\u00e4 raidetangot ja hitsatut sylinterit. Tarjoamme my\u00f6s r\u00e4\u00e4t\u00e4l\u00f6intipalveluita asiakkaiden erityistarpeisiin.<\/p>\n<p>2. Huippulaatuiset osat: Olemme luoneet pitk\u00e4aikaisia \u200b\u200bja vakaita yhteisty\u00f6suhteita monien korkealaatuisten toimittajien kanssa sek\u00e4 kotimaassa ett\u00e4 kansainv\u00e4lisesti varmistaen, ett\u00e4 kaikki toimitetut osat t\u00e4ytt\u00e4v\u00e4t tiukat laatustandardit.<\/p>\n<p>3. Kokenut myyntitiimi: Myyntitiimimme tuntee rakennuskoneteollisuuden kehityssuunnat ja asiakastarpeet. He voivat tarjota ammattimaista tuotekonsultointia ja \u00e4lykk\u00e4it\u00e4 ostoehdotuksia auttaakseen sinua tekem\u00e4\u00e4n parhaan valinnan.<\/p>\n<p>4. Tehokas logistiikka ja jakelu: Meill\u00e4 on tehokas logistiikkaj\u00e4rjestelm\u00e4, joka varmistaa, ett\u00e4 asiakkaat saavat tarvittavat osat ajallaan ja t\u00e4sm\u00e4llisesti.<\/p>\n<p>5. Ammattimainen huoltopalvelu: FMP tarjoaa ammattimaista huoltopalvelua varmistaakseen, ett\u00e4 asiakkaillamme on huoleton kokemus tuotteidemme kanssa.<\/p>\n<p>Valitsemalla FMP:n hydraulisylinterien toimittajaksi voit olla varma laadukkaista tuotteista, ammattitaitoisesta palvelusta ja luotettavasta kumppanista menestykseesi. Ota meihin yhteytt\u00e4 jo t\u00e4n\u00e4\u00e4n ja kysy lis\u00e4\u00e4 siit\u00e4, kuinka voimme auttaa sinua t\u00e4ytt\u00e4m\u00e4\u00e4n hydraulisylinteritarpeesi.<\/p>\n<p>Tekij\u00e4: CX<\/p>","protected":false},"excerpt":{"rendered":"<p>Factory Direct Supply offers a top-of-the-line 4 Stage Hydraulic Telescopic Ram Cylinder for Trailer that is a reliable and durable solution for heavy-duty applications. This cylinder is designed to operate smoothly and efficiently, providing consistent performance even under high pressure. Constructed from high-quality materials, the 4 Stage Hydraulic Telescopic Ram Cylinder for Trailer is built [&hellip;]<\/p>","protected":false},"featured_media":1654,"comment_status":"closed","ping_status":"closed","template":"","meta":{"_et_pb_use_builder":"","_et_pb_old_content":"","_et_gb_content_width":""},"product_brand":[],"product_cat":[45],"product_tag":[34,48],"class_list":{"0":"post-1653","1":"product","2":"type-product","3":"status-publish","4":"has-post-thumbnail","6":"product_cat-inverted-telescopic-cylinder","7":"product_tag-hydraulic-cylinder","8":"product_tag-inverted-telescopic-cylinder","10":"first","11":"instock","12":"product-type-simple"},"_links":{"self":[{"href":"https:\/\/fmp-components.com\/fi\/wp-json\/wp\/v2\/product\/1653","targetHints":{"allow":["GET"]}}],"collection":[{"href":"https:\/\/fmp-components.com\/fi\/wp-json\/wp\/v2\/product"}],"about":[{"href":"https:\/\/fmp-components.com\/fi\/wp-json\/wp\/v2\/types\/product"}],"replies":[{"embeddable":true,"href":"https:\/\/fmp-components.com\/fi\/wp-json\/wp\/v2\/comments?post=1653"}],"wp:featuredmedia":[{"embeddable":true,"href":"https:\/\/fmp-components.com\/fi\/wp-json\/wp\/v2\/media\/1654"}],"wp:attachment":[{"href":"https:\/\/fmp-components.com\/fi\/wp-json\/wp\/v2\/media?parent=1653"}],"wp:term":[{"taxonomy":"product_brand","embeddable":true,"href":"https:\/\/fmp-components.com\/fi\/wp-json\/wp\/v2\/product_brand?post=1653"},{"taxonomy":"product_cat","embeddable":true,"href":"https:\/\/fmp-components.com\/fi\/wp-json\/wp\/v2\/product_cat?post=1653"},{"taxonomy":"product_tag","embeddable":true,"href":"https:\/\/fmp-components.com\/fi\/wp-json\/wp\/v2\/product_tag?post=1653"}],"curies":[{"name":"wp","href":"https:\/\/api.w.org\/{rel}","templated":true}]}}