{"id":1651,"date":"2024-12-23T07:00:44","date_gmt":"2024-12-23T07:00:44","guid":{"rendered":"https:\/\/fmp-components.com\/product\/low-price-10-ton-4-stage-hydraulic-telescopic-ram-cylinder\/"},"modified":"2025-03-11T06:10:58","modified_gmt":"2025-03-11T06:10:58","slug":"low-price-10-ton-4-stage-hydraulic-telescopic-ram-cylinder","status":"publish","type":"product","link":"https:\/\/fmp-components.com\/fi\/product\/low-price-10-ton-4-stage-hydraulic-telescopic-ram-cylinder\/","title":{"rendered":"Alhainen hinta 10 tonnin 4-vaiheinen hydraulinen teleskooppisylinteri"},"content":{"rendered":"<h2>Esittelyss\u00e4 edullinen 10 tonnin 4-vaiheinen hydraulinen teleskooppisylinteri:<\/h2>\n<p>Edullinen 10 tonnin 4-vaiheinen hydraulinen teleskooppisylinteri on eritt\u00e4in monipuolinen ja kest\u00e4v\u00e4 tuote, joka on suunniteltu vastaamaan eri teollisuudenalojen vaativiin tarpeisiin. Edistyneen hydrauliikkateknologiansa ansiosta t\u00e4m\u00e4 sylinteri tarjoaa poikkeuksellisen suorituskyvyn ja tehokkuuden.<\/p>\n<p>10 tonnin kapasiteetin ansiosta t\u00e4m\u00e4 m\u00e4nt\u00e4sylinteri pystyy k\u00e4sittelem\u00e4\u00e4n raskaita kuormia helposti. Nelivaiheinen teleskooppirakenne pident\u00e4\u00e4 kokonaisiskun pituutta, mik\u00e4 parantaa joustavuutta ja ulottuvuutta. T\u00e4m\u00e4 tarkoittaa, ett\u00e4 voit saavuttaa tarkkoja ja hallittuja liikkeit\u00e4 my\u00f6s ahtaissa tiloissa.<\/p>\n<p>Yksi t\u00e4m\u00e4n hydraulisylinterin t\u00e4rkeimmist\u00e4 eduista on sen edullinen hinta. Korkealaatuisesta rakenteestaan \u200b\u200bja luotettavasta suorituskyvyst\u00e4\u00e4n huolimatta se on saatavilla kilpailukykyiseen hintaan, mik\u00e4 tekee siit\u00e4 erinomaisen valinnan budjettitietoisille asiakkaille.<\/p>\n<p>Edullinen 10 tonnin 4-vaiheinen hydraulinen teleskooppisylinteri on rakennettu kest\u00e4m\u00e4\u00e4n kovaa k\u00e4ytt\u00f6\u00e4 ja ankaria k\u00e4ytt\u00f6olosuhteita. Se on valmistettu kest\u00e4vist\u00e4 materiaaleista, jotka takaavat pitk\u00e4n k\u00e4ytt\u00f6i\u00e4n ja kest\u00e4vyyden. T\u00e4m\u00e4 tarkoittaa, ett\u00e4 voit luottaa t\u00e4h\u00e4n sylinteriin vuosia, mik\u00e4 v\u00e4hent\u00e4\u00e4 tarvetta usein vaihdettaville osille ja huollolle.<\/p>\n<p>Lis\u00e4ksi t\u00e4m\u00e4 hydraulisylinteri on helppo asentaa ja k\u00e4ytt\u00e4\u00e4. Se toimitetaan selke\u00e4t ohjeet mukana ja se voidaan integroida saumattomasti olemassa oleviin j\u00e4rjestelmiin. Sen k\u00e4ytt\u00e4j\u00e4yst\u00e4v\u00e4llinen muotoilu mahdollistaa k\u00e4tev\u00e4n huollon ja vianetsinn\u00e4n, minimoi seisokkiajat ja maksimoi tuottavuuden.<\/p>\n<table style=\"width: 100%;\" border=\"1\" width=\"100%\" cellspacing=\"0\" cellpadding=\"0\">\n<tbody>\n<tr>\n<th>Tuotteen nimi<\/th>\n<td>Alhainen hinta 10 tonnin 4-vaiheinen hydraulinen teleskooppisylinteri<\/td>\n<\/tr>\n<tr>\n<th>Kunto<\/th>\n<td>Uusi<\/td>\n<\/tr>\n<tr>\n<th>Paino (kg)<\/th>\n<td>50<\/td>\n<\/tr>\n<tr>\n<th>Maksimi ty\u00f6nt\u00f6voima<\/th>\n<td>3000<\/td>\n<\/tr>\n<tr>\n<th>Maksimiveto<\/th>\n<td>20 tonnia<\/td>\n<\/tr>\n<tr>\n<th>Rungon materiaali<\/th>\n<td>Kest\u00e4v\u00e4 ter\u00e4s<\/td>\n<\/tr>\n<tr>\n<th>Virtal\u00e4hde<\/th>\n<td>Hydraulinen<\/td>\n<\/tr>\n<tr>\n<th>Design<\/th>\n<td>4-vaiheinen teleskooppi vakiom\u00e4nt\u00e4sylinterill\u00e4<\/td>\n<\/tr>\n<tr>\n<th>Sertifiointi<\/th>\n<td>ISO9001:2000<\/td>\n<\/tr>\n<tr>\n<th>Sovellettavat toimialat<\/th>\n<td>Tuotantolaitokset, konekorjaamot, maatilat, energia- ja kaivosteollisuus jne.<\/td>\n<\/tr>\n<tr>\n<th>Suorituskyky<\/th>\n<td>Kustannustehokas ja luotettava tarkkoihin hydraulij\u00e4rjestelmiin<\/td>\n<\/tr>\n<\/tbody>\n<\/table>\n<h2>Hydraulisen teleskooppisylinterin ominaisuudet<\/h2>\n<p>Hydraulinen teleskooppisylinteri on t\u00e4ynn\u00e4 useita huomionarvoisia ominaisuuksia:<\/p>\n<p><img decoding=\"async\" src=\"https:\/\/hzpt.com\/wp-content\/uploads\/2023\/11\/Inverted-Telescopic-Cylinder-8.webp\" alt=\"\" title=\"\"><\/p>\n<ol>\n<li>Sylinteri on vakiokokoinen, mik\u00e4 varmistaa yhteensopivuuden monenlaisten koneiden kanssa.<\/li>\n<li>Siin\u00e4 on m\u00e4nt\u00e4sylinterirakenne tehokkaan ja luotettavan suorituskyvyn takaamiseksi.<\/li>\n<li>Sen hydraulinen voimanl\u00e4hde tarjoaa vankan ja tasaisen toiminnan.<\/li>\n<li>Ter\u00e4ksinen runkomateriaali takaa kest\u00e4vyyden ja lujuuden.<\/li>\n<li>Sylinterin ty\u00f6nt\u00f6voima on enint\u00e4\u00e4n 3000 ja vetovoima 20 tonnia, joten se soveltuu raskaisiin k\u00e4ytt\u00f6tarkoituksiin.<\/li>\n<\/ol>\n<h2>Hydraulisen teleskooppisylinterin sovellukset<\/h2>\n<p>T\u00e4m\u00e4 monipuolinen hydraulinen teleskooppisylinteri soveltuu useille eri teollisuudenaloille:<\/p>\n<ol>\n<li>Tuotantolaitokset: Raskaiden koneiden kokoonpanoon ja k\u00e4ytt\u00f6\u00f6n.<\/li>\n<li>Konekorjaamot: Raskasta nostoa vaativiin huolto- ja korjausteht\u00e4viin.<\/li>\n<li>Maatilat: Maatalouskoneiden ja -laitteiden k\u00e4ytt\u00f6\u00f6n.<\/li>\n<li>Energia ja kaivosteollisuus: K\u00e4ytet\u00e4\u00e4n raskaissa kaivoslaitteissa ja energiantuotantokoneissa.<\/li>\n<li>Koneiden valmistus: Olennainen osa erilaisten koneiden tuotantoa.<\/li>\n<\/ol>\n<p><img decoding=\"async\" src=\"https:\/\/hzpt.com\/wp-content\/uploads\/2023\/11\/Inverted-Telescopic-Cylinder-Applications.webp\" alt=\"Hydraulisen teleskooppisylinterin sovellukset\" title=\"\"><\/p>\n<h2>Hydraulisen teleskooppisylinterin toimintaperiaate ja huolto<\/h2>\n<p>Hydraulinen teleskooppisylinteri toimii hydraulinesteen avulla, joka luo l\u00e4ht\u00f6voiman. Sylinterin kokoonpano yhdess\u00e4 nestedynamiikan kanssa tuottaa tarvittavan mekaanisen liikkeen. S\u00e4\u00e4nn\u00f6llinen huolto sis\u00e4lt\u00e4\u00e4 tarkastuksen, puhdistuksen, voitelun ja tiivisteiden vaihdon. K\u00e4ytt\u00f6oppaan noudattaminen on v\u00e4ltt\u00e4m\u00e4t\u00f6nt\u00e4 komponentin pitk\u00e4n k\u00e4ytt\u00f6i\u00e4n varmistamiseksi.<\/p>\n<p><img decoding=\"async\" src=\"https:\/\/hzpt.com\/wp-content\/uploads\/2023\/11\/Inverted-Telescopic-Cylinder-21.webp\" alt=\"\" title=\"\"><\/p>\n<h2>K\u00e4\u00e4nteinen teleskooppisylinteri<\/h2>\n<p>K\u00e4\u00e4nteinen teleskooppisylinteri, joka tunnetaan my\u00f6s nimell\u00e4 yksitoiminen teleskooppisylinteri, on hydraulisylinteri, joka koostuu useista sis\u00e4kk\u00e4isist\u00e4, eri halkaisijoita omaavista vaiheista. Sylinteri on suunniteltu vet\u00e4m\u00e4\u00e4n pidennyst\u00e4 ja supistumaan paineistetun hydraulinesteen voimalla. K\u00e4\u00e4nteist\u00e4 teleskooppisylinteri\u00e4 k\u00e4ytet\u00e4\u00e4n yleisesti raskaissa sovelluksissa, kuten rakennuslaitteissa, kaivoskoneissa ja teollisuuskoneissa.<\/p>\n<h3>Keskeiset ominaisuudet<\/h3>\n<ul>\n<li><b>Yksitoiminen:<\/b> K\u00e4\u00e4nteinen teleskooppisylinteri on yksitoiminen sylinteri, mik\u00e4 tarkoittaa, ett\u00e4 se voi kohdistaa voimaa vain yhteen suuntaan (joko pident\u00e4\u00e4 tai supistaa) ja palaa alkuper\u00e4iseen asentoonsa ulkoisten voimien avulla.<\/li>\n<li><b>Useita vaiheita:<\/b> Sylinteri koostuu useista sis\u00e4kk\u00e4isist\u00e4, eri halkaisijoilla varustetuista vaiheista, mik\u00e4 mahdollistaa pitk\u00e4n iskun s\u00e4ilytt\u00e4en samalla kompaktin rakenteen.<\/li>\n<li><b>K\u00e4\u00e4nteinen muotoilu:<\/b> M\u00e4nn\u00e4nvarsi on kiinnitetty sylinterin suurimpaan vaiheeseen, ja pienemm\u00e4t vaiheet ovat sen sis\u00e4ll\u00e4. T\u00e4m\u00e4 k\u00e4\u00e4nteinen rakenne mahdollistaa tehokkaamman tilank\u00e4yt\u00f6n ja vakaamman sylinterin.<\/li>\n<li><b>Hydraulinen ohjaus:<\/b> Sylinteri\u00e4 ohjataan paineistetulla hydraulinesteell\u00e4, joka tulee sylinterin pohjassa olevan aukon kautta ja luo paineen sylinterin liikuttamiseksi haluttuun suuntaan.<\/li>\n<\/ul>\n<h3>Sovellukset<\/h3>\n<p>K\u00e4\u00e4nteist\u00e4 teleskooppisylinteri\u00e4 k\u00e4ytet\u00e4\u00e4n yleisesti raskaissa sovelluksissa, joissa tarvitaan pitk\u00e4\u00e4 iskua kompaktissa rakenteessa. Joitakin yleisi\u00e4 sovelluksia ovat:<\/p>\n<ul>\n<li>Rakennuskoneet, kuten kaivinkoneet ja traktorikaivurit<\/li>\n<li>Kaivoskoneet, kuten kuormaajat ja kaivosautot<\/li>\n<li>Teollisuuskoneet, kuten hydrauliset puristimet ja ruiskuvalukoneet<\/li>\n<\/ul>\n<p>Yksi esimerkki k\u00e4\u00e4nteisest\u00e4 teleskooppisylinterist\u00e4 on edullinen 10 tonnin 4-vaiheinen hydraulinen teleskooppisylinteri. T\u00e4m\u00e4 sylinteri on suunniteltu k\u00e4ytett\u00e4v\u00e4ksi erilaisissa raskaissa sovelluksissa, ja siin\u00e4 on kompakti rakenne ja pitk\u00e4 iskunpituus. Se on valmistettu korkealaatuisista materiaaleista ja rakennettu kest\u00e4m\u00e4\u00e4n raskaan k\u00e4yt\u00f6n rasitukset.<\/p>\n<p>K\u00e4\u00e4nteinen teleskooppisylinteri on t\u00e4rke\u00e4 komponentti monissa raskaissa sovelluksissa. Sen ainutlaatuinen rakenne mahdollistaa pitk\u00e4n iskunpituuden s\u00e4ilytt\u00e4en samalla kompaktin koon, mik\u00e4 tekee siit\u00e4 ihanteellisen valinnan ahtaisiin sovelluksiin. Ty\u00f6skenteletp\u00e4 sitten rakennusalalla, kaivostoiminnassa tai teollisuuskoneissa, k\u00e4\u00e4nteinen teleskooppisylinteri on luotettava ja tehokas valinta hydraulisylinteritarpeisiisi.<\/p>\n<h3>Tietoja FMP:st\u00e4<\/h3>\n<p>FMP on yritys, joka on erikoistunut hydraulisylintereiden tuotantoon ja myyntiin. Italiassa sijaitsevalla yrityksell\u00e4mme on vuosien kokemus alalta ja ammattitaitoinen tiimi, joka on omistautunut tarjoamaan asiakkaille korkealaatuisia ja luotettavia hydraulisylinteriratkaisuja.<\/p>\n<p><img decoding=\"async\" src=\"https:\/\/fmp-components.com\/wp-content\/uploads\/2024\/12\/Adjustable-Clevis-Type-Cylinders-6.webp\" alt=\"S\u00e4\u00e4dett\u00e4v\u00e4 haarukkatyyppinen sylinteri\" width=\"827\" title=\"\"><\/p>\n<h4>Tuotteemme ja yrityksemme edut:<\/h4>\n<ol>\n<li>Laaja valikoima hydraulisylintereit\u00e4: Tarjoamme laajan valikoiman hydraulisylintereit\u00e4, mukaan lukien s\u00e4\u00e4dett\u00e4v\u00e4t haarukkatyyppiset sylinterit, teleskooppisylinterit, raidetangosylinterit ja paljon muuta. Laaja valikoimamme varmistaa, ett\u00e4 meill\u00e4 on oikea sylinteri erilaisiin k\u00e4ytt\u00f6tarkoituksiin.<\/li>\n<li>Korkealaatuinen rakenne: Hydraulisylinterimme valmistetaan huippulaatuisista materiaaleista ja edistyneill\u00e4 tuotantotekniikoilla. T\u00e4m\u00e4 varmistaa niiden kest\u00e4vyyden, luotettavuuden ja pitk\u00e4n k\u00e4ytt\u00f6i\u00e4n my\u00f6s vaativissa ty\u00f6olosuhteissa.<\/li>\n<li>Tiukka laadunvalvonta: FMP:ll\u00e4 olemme luoneet pitk\u00e4aikaisia \u200b\u200bja vakaita suhteita korkealaatuisiin toimittajiin. Tarkastamme ja testaamme perusteellisesti kaikkia toimitettuja osia varmistaaksemme, ett\u00e4 ne t\u00e4ytt\u00e4v\u00e4t tiukat laatustandardimme. T\u00e4m\u00e4 takaa, ett\u00e4 hydraulisylinterimme tarjoavat jatkuvasti erinomaista suorituskyky\u00e4.<\/li>\n<li>Asiantunteva myyntitiimi: Kokenut ja taitava myyntitiimimme tuntee rakennuskoneteollisuuden kehityssuunnat ja asiakastarpeet hyvin. He tarjoavat ammattimaisia \u200b\u200btuotekonsultaatioita ja \u00e4lykk\u00e4it\u00e4 ostoehdotuksia varmistaen, ett\u00e4 asiakkaamme tekev\u00e4t tietoon perustuvia p\u00e4\u00e4t\u00f6ksi\u00e4.<\/li>\n<li>Tehokas logistiikka-jakelu: Meill\u00e4 on k\u00e4yt\u00f6ss\u00e4 tehokas logistiikka-jakeluj\u00e4rjestelm\u00e4, joka varmistaa hydraulisylintereidemme oikea-aikaisen ja tarkan toimituksen. Asiakkaat voivat luottaa meihin nopean ja vaivattoman palvelun suhteen, jonka avulla he voivat minimoida seisokkiajat ja maksimoida tuottavuuden.<\/li>\n<\/ol>\n<p>Valitse FMP luotettavaksi kumppaniksi kaikkiin hydraulisylintereihin liittyviin tarpeisiisi. Laajan valikoimamme korkealaatuisten tuotteiden, tiukan laadunvalvonnan, osaavan myyntitiimimme ja tehokkaan logistiikan avulla olemme sitoutuneet auttamaan sinua saavuttamaan menestyst\u00e4 rakennuskoneprojekteissasi.<\/p>\n<p>Tekij\u00e4: CX<\/p>","protected":false},"excerpt":{"rendered":"<p>Introducing the Low Price 10 Ton 4 Stage Hydraulic Telescopic Ram Cylinder: The Low Price 10 Ton 4 Stage Hydraulic Telescopic Ram Cylinder is a highly versatile and durable product designed to meet the demanding needs of various industries. With its advanced hydraulic technology, this cylinder offers exceptional performance and efficiency. Featuring a 10-ton capacity, [&hellip;]<\/p>","protected":false},"featured_media":1652,"comment_status":"closed","ping_status":"closed","template":"","meta":{"_et_pb_use_builder":"","_et_pb_old_content":"","_et_gb_content_width":""},"product_brand":[],"product_cat":[45],"product_tag":[34,48],"class_list":{"0":"post-1651","1":"product","2":"type-product","3":"status-publish","4":"has-post-thumbnail","6":"product_cat-inverted-telescopic-cylinder","7":"product_tag-hydraulic-cylinder","8":"product_tag-inverted-telescopic-cylinder","10":"first","11":"instock","12":"product-type-simple"},"_links":{"self":[{"href":"https:\/\/fmp-components.com\/fi\/wp-json\/wp\/v2\/product\/1651","targetHints":{"allow":["GET"]}}],"collection":[{"href":"https:\/\/fmp-components.com\/fi\/wp-json\/wp\/v2\/product"}],"about":[{"href":"https:\/\/fmp-components.com\/fi\/wp-json\/wp\/v2\/types\/product"}],"replies":[{"embeddable":true,"href":"https:\/\/fmp-components.com\/fi\/wp-json\/wp\/v2\/comments?post=1651"}],"wp:featuredmedia":[{"embeddable":true,"href":"https:\/\/fmp-components.com\/fi\/wp-json\/wp\/v2\/media\/1652"}],"wp:attachment":[{"href":"https:\/\/fmp-components.com\/fi\/wp-json\/wp\/v2\/media?parent=1651"}],"wp:term":[{"taxonomy":"product_brand","embeddable":true,"href":"https:\/\/fmp-components.com\/fi\/wp-json\/wp\/v2\/product_brand?post=1651"},{"taxonomy":"product_cat","embeddable":true,"href":"https:\/\/fmp-components.com\/fi\/wp-json\/wp\/v2\/product_cat?post=1651"},{"taxonomy":"product_tag","embeddable":true,"href":"https:\/\/fmp-components.com\/fi\/wp-json\/wp\/v2\/product_tag?post=1651"}],"curies":[{"name":"wp","href":"https:\/\/api.w.org\/{rel}","templated":true}]}}