{"id":1647,"date":"2024-12-23T07:00:44","date_gmt":"2024-12-23T07:00:44","guid":{"rendered":"https:\/\/fmp-components.com\/product\/china-factory-supply-telescopic-truck-hydraulic-ram-cylinder\/"},"modified":"2025-03-11T06:10:26","modified_gmt":"2025-03-11T06:10:26","slug":"italy-factory-supply-telescopic-truck-hydraulic-ram-cylinder","status":"publish","type":"product","link":"https:\/\/fmp-components.com\/fi\/product\/italy-factory-supply-telescopic-truck-hydraulic-ram-cylinder\/","title":{"rendered":"Italian tehtaan toimittama teleskooppikuorma-auton hydraulinen sylinteri"},"content":{"rendered":"<p>Tehdasvalmisteinen teleskooppikuorma-auton hydraulisylinteri on korkealaatuinen hydraulisylinteri, joka on suunniteltu tarjoamaan luotettavaa ja tehokasta suorituskyky\u00e4 monenlaisissa sovelluksissa. T\u00e4m\u00e4 sylinteri on suunniteltu kest\u00e4m\u00e4\u00e4n raskaan k\u00e4yt\u00f6n rasitukset ja sopii erinomaisesti k\u00e4ytett\u00e4v\u00e4ksi erilaisissa teollisissa ja kaupallisissa ymp\u00e4rist\u00f6iss\u00e4.<\/p>\n<p>Yksi t\u00e4m\u00e4n hydraulisylinterin t\u00e4rkeimmist\u00e4 ominaisuuksista on sen teleskooppinen rakenne. T\u00e4m\u00e4 rakenne mahdollistaa suuremman liikeradan ja joustavuuden, mik\u00e4 tekee siit\u00e4 ihanteellisen k\u00e4ytett\u00e4v\u00e4ksi ahtaissa sovelluksissa. Lis\u00e4ksi sylinteri on valmistettu korkealaatuisista materiaaleista, mik\u00e4 varmistaa sen kest\u00e4vyyden ja pitk\u00e4ik\u00e4isyyden.<\/p>\n<p>T\u00e4m\u00e4n hydraulisylinterin toinen etu on sen helppok\u00e4ytt\u00f6isyys. Se on suunniteltu helpoksi asentaa ja huoltaa, joten se on ihanteellinen valinta niille, jotka etsiv\u00e4t luotettavaa ja v\u00e4h\u00e4n huoltoa vaativaa hydraulisylinteri\u00e4. Lis\u00e4ksi se on suunniteltu yhteensopivaksi monenlaisten hydraulij\u00e4rjestelmien kanssa, mik\u00e4 tekee siit\u00e4 monipuolisen valinnan moniin k\u00e4ytt\u00f6tarkoituksiin.<\/p>\n<table style=\"width: 100%;\" border=\"1\" width=\"100%\" cellspacing=\"0\" cellpadding=\"0\">\n<tbody>\n<tr>\n<th>Tuotteen nimi<\/th>\n<td>Tehtaan toimittama teleskooppikuorma-auton hydraulinen sylinteri<\/td>\n<\/tr>\n<tr>\n<th>Kunto<\/th>\n<td>Uusi<\/td>\n<\/tr>\n<tr>\n<th>Takuu<\/th>\n<td>1 vuosi<\/td>\n<\/tr>\n<tr>\n<th>Paino (kg)<\/th>\n<td>56<\/td>\n<\/tr>\n<tr>\n<th>Maksimi ty\u00f6nt\u00f6voima<\/th>\n<td>3000<\/td>\n<\/tr>\n<tr>\n<th>Maksimiveto<\/th>\n<td>20 tonnia<\/td>\n<\/tr>\n<tr>\n<th>Rungon materiaali<\/th>\n<td>Ter\u00e4s<\/td>\n<\/tr>\n<tr>\n<th>Rei\u00e4n koko<\/th>\n<td>2\u20136 tuumaa<\/td>\n<\/tr>\n<tr>\n<th>Tangon koko<\/th>\n<td>1,125\u20134 tuumaa<\/td>\n<\/tr>\n<tr>\n<th>Iskun koko<\/th>\n<td>6\u201348 tuumaa<\/td>\n<\/tr>\n<tr>\n<th>Tapin koko<\/th>\n<td>0,5\u20132 tuumaa<\/td>\n<\/tr>\n<tr>\n<th>Sovellettavat toimialat<\/th>\n<td>Tuotantolaitokset, konekorjaamot, maatilat, energia, kaivostoiminta, konetehtaat<\/td>\n<\/tr>\n<tr>\n<th>Design<\/th>\n<td>Teleskooppinen parannettua suorituskyky\u00e4 varten<\/td>\n<\/tr>\n<tr>\n<th>Suorituskyky<\/th>\n<td>Luotettava ja tehokas<\/td>\n<\/tr>\n<\/tbody>\n<\/table>\n<h2>Teleskooppikuorma-auton hydraulisylinterin ominaisuudet<\/h2>\n<p>T\u00e4ss\u00e4 hydraulisylinteriss\u00e4 on useita ominaisuuksia, jotka erottavat sen kilpailijoista:<\/p>\n<p><img decoding=\"async\" src=\"https:\/\/hzpt.com\/wp-content\/uploads\/2023\/11\/Inverted-Telescopic-Cylinder-21.webp\" alt=\"\" title=\"\"><\/p>\n<ul>\n<li><strong>Uusi kunto:<\/strong> Tuote on upouusi, mik\u00e4 takaa optimaalisen suorituskyvyn.<\/li>\n<li><strong>1 vuoden takuu:<\/strong> Takaamme tuotteidemme laadun yhden vuoden takuulla.<\/li>\n<li><strong>ISO9001:2000-sertifiointi:<\/strong> Tuote t\u00e4ytt\u00e4\u00e4 kansainv\u00e4liset laatu- ja turvallisuusstandardit.<\/li>\n<li><strong>K\u00e4\u00e4nteiset teleskooppisylinterit:<\/strong> Tuotteessa on k\u00e4\u00e4nnetyt teleskooppisylinterit, jotka parantavat toimivuutta ja luotettavuutta.<\/li>\n<li><strong>Kest\u00e4v\u00e4 ter\u00e4srunko:<\/strong> Kest\u00e4v\u00e4st\u00e4 ter\u00e4srungosta valmistettu tuote lupaa pitk\u00e4ik\u00e4ist\u00e4 suorituskyky\u00e4.<\/li>\n<\/ul>\n<h2>Teleskooppikuorma-auton hydraulisylinterin sovellukset<\/h2>\n<p>Hydraulinen m\u00e4nn\u00e4nsylinterimme on monipuolinen ja sit\u00e4 voidaan k\u00e4ytt\u00e4\u00e4 useilla eri teollisuudenaloilla ja sovelluksissa:<\/p>\n<ul>\n<li><strong>Tuotantolaitokset:<\/strong> Ihanteellinen k\u00e4ytett\u00e4v\u00e4ksi konepajatehtaissa.<\/li>\n<li><strong>Konekorjaamot:<\/strong> V\u00e4ltt\u00e4m\u00e4t\u00f6n koneiden korjauksessa ja huollossa.<\/li>\n<li><strong>Maatilat:<\/strong> Tarjoaa luotettavaa palvelua maatalousymp\u00e4rist\u00f6iss\u00e4.<\/li>\n<li><strong>Energia ja kaivostoiminta:<\/strong> Riitt\u00e4v\u00e4n kest\u00e4v\u00e4 haastaviin energia- ja kaivostoimintoihin.<\/li>\n<li><strong>Konetehtaat:<\/strong> Keskeinen komponentti konepajateollisuudessa.<\/li>\n<\/ul>\n<p><img decoding=\"async\" src=\"https:\/\/hzpt.com\/wp-content\/uploads\/2023\/11\/Inverted-Telescopic-Cylinder-Applications.webp\" alt=\"Teleskooppikuorma-auton hydraulisylinterin sovellukset\" title=\"\"><\/p>\n<h2>Teleskooppikuorma-auton hydraulisylinterin toimintaperiaate ja huolto<\/h2>\n<p>T\u00e4m\u00e4 hydraulinen m\u00e4nn\u00e4n sylinteri toimii muuttamalla hydraulinesteen paineen voimaksi, mik\u00e4 mahdollistaa raskaiden kuormien nostamisen. Huolto on avainasemassa pitk\u00e4ik\u00e4isyyden kannalta ja sis\u00e4lt\u00e4\u00e4 s\u00e4\u00e4nn\u00f6lliset tarkastukset, puhdistuksen, voitelun, tiivisteiden vaihdon ja k\u00e4ytt\u00f6ohjeen noudattamisen.<img decoding=\"async\" src=\"https:\/\/hzpt.com\/wp-content\/uploads\/2023\/11\/Inverted-Telescopic-Cylinder-3.webp\" alt=\"\" title=\"\"><\/p>\n<h2>K\u00e4\u00e4nteinen teleskooppisylinteri<\/h2>\n<p>K\u00e4\u00e4nteinen teleskooppisylinteri, joka tunnetaan my\u00f6s vastakkaisesti toimivana teleskooppisylinterin\u00e4, on hydraulisylinterityyppi, jossa on m\u00e4nt\u00e4\u00e4n kiinnitetty tanko, joka ulottuu sylinterin pohjasta. Sit\u00e4 k\u00e4ytet\u00e4\u00e4n yleisesti sovelluksissa, joissa tarvitaan suurta voimaa pieness\u00e4 tilassa, kuten rakennuskoneissa ja henkil\u00f6nostimissa. T\u00e4ss\u00e4 artikkelissa k\u00e4sittelemme k\u00e4\u00e4nteisen teleskooppisylinterin ominaisuuksia ja toimintaperiaatteita.<\/p>\n<h3>K\u00e4\u00e4nteisen teleskooppisylinterin suunnittelu ja ominaisuudet<\/h3>\n<p>Toisin kuin perinteisiss\u00e4 teleskooppisylintereiss\u00e4, k\u00e4\u00e4nteisess\u00e4 teleskooppisylinteriss\u00e4 on pienempi halkaisija alhaalta ja suurempi halkaisija ylh\u00e4\u00e4lt\u00e4. Sylinterin pohja on kiinnitetty koneeseen, kun taas m\u00e4nn\u00e4nvarsi ulottuu alasp\u00e4in sylinterin pohjasta.<\/p>\n<p>K\u00e4\u00e4nteisen teleskooppisylinterin t\u00e4rkein etu on, ett\u00e4 se voi tarjota suuremman iskun pienemm\u00e4ss\u00e4 tilassa kompaktin rakenteensa ansiosta. Se on my\u00f6s kest\u00e4v\u00e4mpi kuin perinteiset teleskooppisylinterit, koska se taipuu tai v\u00e4\u00e4ntyy v\u00e4hemm\u00e4n paineen alla.<\/p>\n<p>K\u00e4\u00e4nteinen teleskooppisylinteri koostuu useista vaiheista, joista jokainen koostuu m\u00e4nn\u00e4st\u00e4 ja sylinterist\u00e4. Vaiheet on yhdistetty kierretangoilla, mik\u00e4 mahdollistaa helpon purkamisen ja huollon.<\/p>\n<h3>K\u00e4\u00e4nteisen teleskooppisylinterin toimintaperiaatteet<\/h3>\n<p>K\u00e4\u00e4nteinen teleskooppisylinteri toimii Pascalin lain mukaan, jonka mukaan suljetun nesteen paineen muutos v\u00e4littyy tasaisesti koko nesteeseen. Kun hydraulinestett\u00e4 pumpataan sylinteriin, se kohdistaa painetta m\u00e4nt\u00e4\u00e4n, jolloin se liikkuu alasp\u00e4in. M\u00e4nn\u00e4n liikkuessa my\u00f6s siihen kiinnitetty tanko liikkuu alasp\u00e4in.<\/p>\n<p>M\u00e4nn\u00e4n liikkuessa alasp\u00e4in hydraulineste puristetaan aukkojen l\u00e4pi sylinterin seuraavaan vaiheeseen. T\u00e4m\u00e4 prosessi jatkuu, kunnes m\u00e4nt\u00e4 saavuttaa sylinterin pohjan, jolloin koko sylinteri on t\u00e4ysin ojennettuna.<\/p>\n<p>Kun sylinterin on vet\u00e4ydytt\u00e4v\u00e4 sis\u00e4\u00e4n, hydraulineste pumpataan sylinterin yl\u00e4osaan, jolloin m\u00e4nt\u00e4 liikkuu yl\u00f6sp\u00e4in. M\u00e4nn\u00e4n liikkuessa hydraulineste pakotetaan takaisin sylinterin edelliseen vaiheeseen, kunnes koko sylinteri on vet\u00e4ytynyt kokonaan sis\u00e4\u00e4n.<\/p>\n<h3>K\u00e4\u00e4nteisen teleskooppisylinterin k\u00e4ytt\u00f6<\/h3>\n<p>K\u00e4\u00e4nteist\u00e4 teleskooppisylinteri\u00e4 k\u00e4ytet\u00e4\u00e4n yleisesti rakennuskoneissa, kuten kaivinkoneissa ja traktorikaivureissa, sen kompaktin rakenteen ja kyvyn ansiosta tuottaa suuri voima pieness\u00e4 tilassa. Sit\u00e4 k\u00e4ytet\u00e4\u00e4n my\u00f6s henkil\u00f6nostimissa, kuten nostotrukeissa, saksinostimissa ja puominostimissa, samoista syist\u00e4.<\/p>\n<p>K\u00e4\u00e4nteinen teleskooppisylinteri on innovatiivinen hydraulinen sylinterirakenne, joka tarjoaa suuren voiman kompaktissa tilassa. Sen ainutlaatuinen muotoilu ja toimintaperiaate tekev\u00e4t siit\u00e4 ihanteellisen valinnan k\u00e4ytett\u00e4v\u00e4ksi rakennuskoneissa ja henkil\u00f6nostimissa. Luotettavana ja kest\u00e4v\u00e4n\u00e4 komponenttina se on arvokas investointi mihin tahansa teolliseen sovellukseen.<\/p>\n<h3>Tietoja FMP:st\u00e4<\/h3>\n<p>FMP on johtava hydraulisylintereiden tuotantoon ja myyntiin erikoistunut yritys. P\u00e4\u00e4konttorimme sijaitsee Italiassa, ja olemme omistautuneet tarjoamaan asiakkaillemme korkealaatuisia ja luotettavia hydraulisylintereit\u00e4 vuosien kokemuksellamme alalta ja ammattitaitoisella tiimill\u00e4mme.<\/p>\n<p><img decoding=\"async\" src=\"https:\/\/fmp-components.com\/wp-content\/uploads\/2024\/12\/Adjustable-Clevis-Type-Cylinders-6.webp\" alt=\"S\u00e4\u00e4dett\u00e4v\u00e4 haarukkatyyppinen sylinteri\" width=\"825\" title=\"\"><\/p>\n<p>Olemme ylpeit\u00e4 voidessamme tarjota laajan valikoiman ensiluokkaisia \u200b\u200bhydraulisylintereit\u00e4 ja niihin liittyvi\u00e4 lis\u00e4varusteita, jotka vastaavat rakennuskoneteollisuuden erilaisiin tarpeisiin. T\u00e4ss\u00e4 on tuotteidemme ja yrityksemme viisi keskeist\u00e4 etua ja ominaisuutta:<\/p>\n<ol>\n<li>Poikkeuksellinen laatu: Hydraulisylinterimme valmistetaan tarkasti k\u00e4ytt\u00e4en parhaita materiaaleja kest\u00e4vyyden ja suorituskyvyn varmistamiseksi.<\/li>\n<li>Laaja tuotevalikoima: Tarjoamme kattavan valikoiman hydraulisylintereit\u00e4, mukaan lukien s\u00e4\u00e4dett\u00e4v\u00e4t haarukkatyyppiset sylinterit, vetotankosylinterit, teleskooppisylinterit ja paljon muuta, tarjoten ratkaisuja erilaisiin k\u00e4ytt\u00f6tarkoituksiin.<\/li>\n<li>Luotettava toimittajaverkosto: Pitk\u00e4aikaisten kumppanuuksien kautta hyv\u00e4maineisten toimittajien kanssa sek\u00e4 kotimaassa ett\u00e4 kansainv\u00e4lisesti takaamme huippuluokan komponenttien hankinnan, jotka t\u00e4ytt\u00e4v\u00e4t tiukat laatustandardit.<\/li>\n<li>Asiantunteva myyntitiimi: Kokeneella myyntitiimill\u00e4mme on syv\u00e4llinen tiet\u00e4mys rakennuskoneteollisuudesta, mink\u00e4 ansiosta he voivat tarjota ammattimaisia \u200b\u200btuotekonsultaatioita ja arvokkaita ostosuosituksia, jotka on r\u00e4\u00e4t\u00e4l\u00f6ity asiakkaidemme erityistarpeisiin.<\/li>\n<li>Tehokas logistiikka: Olemme luoneet tehokkaan logistiikka-jakeluj\u00e4rjestelm\u00e4n varmistaaksemme tarvittavien hydraulisylintereiden nopean ja tarkan toimituksen suoraan asiakkaillemme, minimoiden seisokkiajat ja maksimoiden tuottavuuden.<\/li>\n<\/ol>\n<p>Valitse FMP luotettavaksi kumppaniksi kaikkiin hydraulisylintereihisi. Ota meihin yhteytt\u00e4 jo t\u00e4n\u00e4\u00e4n ja keskustele siit\u00e4, miten voimme tukea rakennuskoneprojektejasi.<\/p>\n<p>Tekij\u00e4: CX<\/p>","protected":false},"excerpt":{"rendered":"<p>Factory Supply Telescopic Truck Hydraulic Ram Cylinder is a high-quality hydraulic cylinder that is designed to provide reliable and efficient performance for a wide range of applications. This cylinder is designed to withstand the rigors of heavy use and is ideal for use in a variety of industrial and commercial settings. One of the key [&hellip;]<\/p>","protected":false},"featured_media":1648,"comment_status":"closed","ping_status":"closed","template":"","meta":{"_et_pb_use_builder":"","_et_pb_old_content":"","_et_gb_content_width":""},"product_brand":[],"product_cat":[45],"product_tag":[34,48],"class_list":{"0":"post-1647","1":"product","2":"type-product","3":"status-publish","4":"has-post-thumbnail","6":"product_cat-inverted-telescopic-cylinder","7":"product_tag-hydraulic-cylinder","8":"product_tag-inverted-telescopic-cylinder","10":"first","11":"instock","12":"product-type-simple"},"_links":{"self":[{"href":"https:\/\/fmp-components.com\/fi\/wp-json\/wp\/v2\/product\/1647","targetHints":{"allow":["GET"]}}],"collection":[{"href":"https:\/\/fmp-components.com\/fi\/wp-json\/wp\/v2\/product"}],"about":[{"href":"https:\/\/fmp-components.com\/fi\/wp-json\/wp\/v2\/types\/product"}],"replies":[{"embeddable":true,"href":"https:\/\/fmp-components.com\/fi\/wp-json\/wp\/v2\/comments?post=1647"}],"wp:featuredmedia":[{"embeddable":true,"href":"https:\/\/fmp-components.com\/fi\/wp-json\/wp\/v2\/media\/1648"}],"wp:attachment":[{"href":"https:\/\/fmp-components.com\/fi\/wp-json\/wp\/v2\/media?parent=1647"}],"wp:term":[{"taxonomy":"product_brand","embeddable":true,"href":"https:\/\/fmp-components.com\/fi\/wp-json\/wp\/v2\/product_brand?post=1647"},{"taxonomy":"product_cat","embeddable":true,"href":"https:\/\/fmp-components.com\/fi\/wp-json\/wp\/v2\/product_cat?post=1647"},{"taxonomy":"product_tag","embeddable":true,"href":"https:\/\/fmp-components.com\/fi\/wp-json\/wp\/v2\/product_tag?post=1647"}],"curies":[{"name":"wp","href":"https:\/\/api.w.org\/{rel}","templated":true}]}}