{"id":1643,"date":"2024-12-23T07:00:44","date_gmt":"2024-12-23T07:00:44","guid":{"rendered":"https:\/\/fmp-components.com\/product\/factory-direct-supply-long-stroke-trailer-hydraulic-ram-cylinder\/"},"modified":"2025-03-11T06:10:14","modified_gmt":"2025-03-11T06:10:14","slug":"factory-direct-supply-long-stroke-trailer-hydraulic-ram-cylinder","status":"publish","type":"product","link":"https:\/\/fmp-components.com\/fi\/product\/factory-direct-supply-long-stroke-trailer-hydraulic-ram-cylinder\/","title":{"rendered":"Tehtaan suoratoimitus pitk\u00e4iskuinen per\u00e4vaunun hydraulisylinteri"},"content":{"rendered":"<p>Tehtaan suoratoimitus Pitk\u00e4iskuinen per\u00e4vaunun hydraulisylinteri on korkealaatuinen hydraulisylinteri, joka on suunniteltu k\u00e4ytett\u00e4v\u00e4ksi per\u00e4vaunuissa. Sen pitk\u00e4 isku varmistaa, ett\u00e4 se pystyy k\u00e4sittelem\u00e4\u00e4n raskaita kuormia helposti ja tehokkaasti. Sylinteri on valmistettu huippulaatuisista materiaaleista, mik\u00e4 tekee siit\u00e4 kest\u00e4v\u00e4n ja kest\u00e4\u00e4 kulumista.<\/p>\n<p>Yksi t\u00e4m\u00e4n hydraulisen m\u00e4nn\u00e4n sylinterin t\u00e4rkeimmist\u00e4 ominaisuuksista on sen tarkka suunnittelu. Se on suunniteltu tarjoamaan sujuvaa ja luotettavaa toimintaa, varmistaen optimaalisen suorituskyvyn joka kerta. Sen tukeva rakenne varmistaa my\u00f6s, ett\u00e4 se kest\u00e4\u00e4 korkeapainesovelluksia taipumatta tai pett\u00e4m\u00e4tt\u00e4.<\/p>\n<p>T\u00e4m\u00e4 hydraulisylinteri on helppo asentaa ja huoltaa, joten se on ihanteellinen valinta kiireisille ammattilaisille, jotka tarvitsevat luotettavan ja tehokkaan laitteen. Se on my\u00f6s eritt\u00e4in mukautuva, joten se soveltuu k\u00e4ytett\u00e4v\u00e4ksi useilla eri teollisuudenaloilla ja ymp\u00e4rist\u00f6iss\u00e4.<\/p>\n<table style=\"width: 100%;\" border=\"1\" width=\"100%\" cellspacing=\"0\" cellpadding=\"0\">\n<tbody>\n<tr>\n<th>Tuotteen nimi<\/th>\n<td>Tehtaan suoratoimitus pitk\u00e4iskuinen per\u00e4vaunun hydraulisylinteri<\/td>\n<\/tr>\n<tr>\n<th>Kunto<\/th>\n<td>Uusi<\/td>\n<\/tr>\n<tr>\n<th>Takuu<\/th>\n<td>1 vuosi<\/td>\n<\/tr>\n<tr>\n<th>Paino (kg)<\/th>\n<td>63<\/td>\n<\/tr>\n<tr>\n<th>Maksimi ty\u00f6nt\u00f6voima<\/th>\n<td>3000<\/td>\n<\/tr>\n<tr>\n<th>Maksimiveto<\/th>\n<td>20 tonnia<\/td>\n<\/tr>\n<tr>\n<th>Rungon materiaali<\/th>\n<td>Kest\u00e4v\u00e4 ter\u00e4s<\/td>\n<\/tr>\n<tr>\n<th>Virtal\u00e4hde<\/th>\n<td>Hydraulinen<\/td>\n<\/tr>\n<tr>\n<th>Ydinkomponentit<\/th>\n<td>Laakeri, m\u00e4nn\u00e4n sylinteri<\/td>\n<\/tr>\n<tr>\n<th>Rakenne<\/th>\n<td>Vakiom\u00e4nt\u00e4sylinteri<\/td>\n<\/tr>\n<tr>\n<th>Sertifiointi<\/th>\n<td>ISO9001:2000<\/td>\n<\/tr>\n<tr>\n<th>Sovellettavat toimialat<\/th>\n<td>Tuotantolaitokset, konekorjaamot, maatilat, energia, kaivostoiminta, koneenrakennus<\/td>\n<\/tr>\n<tr>\n<th>Laadunvarmistus<\/th>\n<td>L\u00e4htev\u00e4 tarkastus- ja konetestausraportti<\/td>\n<\/tr>\n<tr>\n<th>Suorituskyky<\/th>\n<td>Tarkkuustekniikka, kest\u00e4vyys ja helppok\u00e4ytt\u00f6isyys<\/td>\n<\/tr>\n<\/tbody>\n<\/table>\n<p><img decoding=\"async\" src=\"https:\/\/hzpt.com\/wp-content\/uploads\/2023\/11\/Inverted-Telescopic-Cylinder-6.webp\" alt=\"\" title=\"\"><\/p>\n<h2>Pitk\u00e4iskuisen per\u00e4vaunun hydraulisylinterin ominaisuudet<\/h2>\n<p>Pitk\u00e4iskuisessa per\u00e4vaunun hydraulisylinteriss\u00e4 on useita ominaisuuksia:<\/p>\n<ul>\n<li><strong>Vakiorakenne:<\/strong> Sylinteriss\u00e4 on m\u00e4nt\u00e4rakenne, jota k\u00e4ytt\u00e4\u00e4 hydraulinen energia.<\/li>\n<li><strong>Kest\u00e4v\u00e4 materiaali:<\/strong> Sen runko on valmistettu tukevasta ter\u00e4ksest\u00e4, joka kest\u00e4\u00e4 kovaa k\u00e4ytt\u00f6\u00e4.<\/li>\n<li><strong>Suuri teho:<\/strong> Sen ty\u00f6nt\u00f6voima on enint\u00e4\u00e4n 3000 hv ja vetovoima jopa 20 tonnia.<\/li>\n<li><strong>Sertifioitu:<\/strong> T\u00e4m\u00e4 tuote on ISO9001:2000-sertifioitu, mik\u00e4 takaa sen laadun ja luotettavuuden.<\/li>\n<li><strong>Monipuolinen:<\/strong> Se sopii monille eri toimialoille, teollisuudesta maatalouteen.<\/li>\n<\/ul>\n<h2>Pitk\u00e4iskuisen per\u00e4vaunun hydraulisylinterin sovellukset<\/h2>\n<p>Pitk\u00e4iskuinen per\u00e4vaunun hydraulisylinteri on tarkoitettu k\u00e4ytett\u00e4v\u00e4ksi useilla eri aloilla:<\/p>\n<ul>\n<li><strong>Tuotantolaitokset:<\/strong> Se on kriittinen osa raskaissa koneissa, joita k\u00e4ytet\u00e4\u00e4n valmistusprosesseissa.<\/li>\n<li><strong>Konekorjaamot:<\/strong> Sylinteri on olennainen osa erilaisten koneiden korjauksessa ja huollossa.<\/li>\n<li><strong>Maatilat:<\/strong> Se avustaa maatalouskoneiden k\u00e4yt\u00f6ss\u00e4.<\/li>\n<li><strong>Energia ja kaivostoiminta:<\/strong> Sylinteri\u00e4 k\u00e4ytet\u00e4\u00e4n energiantuotannossa ja kaivoslaitteissa.<\/li>\n<li><strong>Koneiden valmistus:<\/strong> Se on keskeinen osa teollisuuskoneiden tuotantoa.<\/li>\n<\/ul>\n<p><img decoding=\"async\" src=\"https:\/\/hzpt.com\/wp-content\/uploads\/2023\/11\/Inverted-Telescopic-Cylinder-Applications.webp\" alt=\"K\u00e4\u00e4nteisen teleskooppisylinterin sovellukset\" title=\"\"><\/p>\n<h2>Pitk\u00e4iskuisen per\u00e4vaunun hydraulisylinterin toimintaperiaate ja huolto<\/h2>\n<p>Pitk\u00e4iskuinen per\u00e4vaunun hydraulisylinteri toimii hydraulinesteen sy\u00f6tt\u00f6- ja l\u00e4ht\u00f6voiman periaatteella. Sen teho on per\u00e4isin hydraulisesta energiasta, ja se toimii tuottamalla suuren l\u00e4ht\u00f6voiman pienest\u00e4 sy\u00f6tt\u00f6voimasta huolimatta. T\u00e4m\u00e4 korkea teho-voima-suhde tekee siit\u00e4 olennaisen osan monissa raskaissa sovelluksissa.<\/p>\n<p>Sylinteri vaatii s\u00e4\u00e4nn\u00f6llist\u00e4 huoltoa sen pitk\u00e4n k\u00e4ytt\u00f6i\u00e4n ja optimaalisen suorituskyvyn varmistamiseksi. Huoltomenetelmiin kuuluvat:<\/p>\n<ul>\n<li style=\"list-style-type: none;\">\n<ul>\n<li><strong>S\u00e4\u00e4nn\u00f6llinen tarkastus:<\/strong> S\u00e4\u00e4nn\u00f6lliset tarkastukset auttavat tunnistamaan ja korjaamaan mahdolliset ongelmat varhaisessa vaiheessa.<\/li>\n<li><strong>Puhdistus:<\/strong> Sylinterin pit\u00e4minen puhtaana est\u00e4\u00e4 p\u00f6lyn ja roskien kertymisen, jotka voisivat heikent\u00e4\u00e4 sen toimintaa.<\/li>\n<li><strong>Voitelu:<\/strong> S\u00e4\u00e4nn\u00f6llinen voitelu varmistaa sujuvan toiminnan ja v\u00e4hent\u00e4\u00e4 kulumista.<\/li>\n<li><strong>Tiivisteen vaihto:<\/strong> Vaurioituneet tiivisteet on vaihdettava viipym\u00e4tt\u00e4 vuotojen est\u00e4miseksi ja paineen yll\u00e4pit\u00e4miseksi.<\/li>\n<\/ul>\n<\/li>\n<\/ul>\n<ul>\n<li><strong>K\u00e4ytt\u00f6ohjeen mukaisesti:<\/strong> K\u00e4ytt\u00f6oppaassa annettujen ohjeiden ja m\u00e4\u00e4r\u00e4ysten noudattaminen varmistaa sylinterin turvallisen ja tehokkaan k\u00e4yt\u00f6n.<\/li>\n<\/ul>\n<p><img decoding=\"async\" src=\"https:\/\/hzpt.com\/wp-content\/uploads\/2023\/11\/Inverted-Telescopic-Cylinder-20.webp\" alt=\"\" title=\"\"><\/p>\n<h2>K\u00e4\u00e4nteinen teleskooppisylinteri<\/h2>\n<p>Teleskooppisylinteri on hydraulinen sylinterityyppi, joka koostuu useista sis\u00e4kk\u00e4isist\u00e4 vaiheista, jotka mahdollistavat pidemm\u00e4n iskun s\u00e4ilytt\u00e4en samalla kompaktin koon. Erilaisista teleskooppisylinterityypeist\u00e4 k\u00e4\u00e4nteinen teleskooppisylinteri erottuu ainutlaatuisen muotoilunsa ja toiminnallisuutensa ansiosta. T\u00e4ss\u00e4 artikkelissa perehdymme k\u00e4\u00e4nteisen teleskooppisylinterin ominaisuuksiin ja sovelluksiin ja korostamme sen etuja eri teollisuudenaloilla.<\/p>\n<h3>T\u00e4rkeimm\u00e4t ominaisuudet:<\/h3>\n<p>1. Suora toimitus tehtaalta: K\u00e4\u00e4nteinen teleskooppisylinteri valmistetaan ja toimitetaan suoraan tehtaalta, mik\u00e4 varmistaa tuotteiden korkean laadun ja kilpailukykyiset hinnat. T\u00e4m\u00e4 suora toimitusketju poistaa tarpeettomat v\u00e4lik\u00e4det, mik\u00e4 johtaa asiakkaiden kustannuss\u00e4\u00e4st\u00f6ihin.<\/p>\n<p>2. Pitk\u00e4 isku: K\u00e4\u00e4nteinen teleskooppisylinteri on erityisesti suunniteltu tarjoamaan pidempi isku perinteisiin sylintereihin verrattuna. Sis\u00e4kk\u00e4isten vaiheidensa ansiosta se voi saavuttaa huomattavasti pidemm\u00e4n iskunpituuden, mik\u00e4 mahdollistaa monipuolisemmat sovellukset eri teollisuudenaloilla.<\/p>\n<p>3. Per\u00e4vaunun hydraulinen m\u00e4nn\u00e4nsylinteri: Yksi k\u00e4\u00e4nteisen teleskooppisylinterin t\u00e4rkeimmist\u00e4 sovelluksista on per\u00e4vaunujen hydrauliikkaj\u00e4rjestelm\u00e4t. Sit\u00e4 k\u00e4ytet\u00e4\u00e4n yleisesti per\u00e4vaunujen m\u00e4nn\u00e4nsylinterin\u00e4, mik\u00e4 mahdollistaa sujuvat ja tehokkaat nosto- ja kippaustoiminnot. Sen pitk\u00e4 iskunpituus on erityisen edullinen t\u00e4ss\u00e4 yhteydess\u00e4, koska se mahdollistaa suuremman tyhjennyskulman ja suuremman kuormauskapasiteetin.<\/p>\n<h3>Sovellukset:<\/h3>\n<p>1. Kippiautot: Rakennus- ja kaivosteollisuudessa kippiautot ovat v\u00e4ltt\u00e4m\u00e4tt\u00f6mi\u00e4 materiaalien kuljetukseen ja purkamiseen. K\u00e4\u00e4nteinen teleskooppisylinteri on ratkaisevassa roolissa n\u00e4iden kuorma-autojen nosto- ja kippimekanismissa, mik\u00e4 varmistaa tehokkaan ja luotettavan toiminnan. Sen pitk\u00e4 iskukapasiteetti mahdollistaa suuremman nostokulman, mik\u00e4 mahdollistaa materiaalin perusteellisen ja hallitun purkamisen.<\/p>\n<p>2. Maatalouskoneet: K\u00e4\u00e4nteist\u00e4 teleskooppisylinteri\u00e4 k\u00e4ytet\u00e4\u00e4n erilaisissa maatalouskoneissa, kuten viljaper\u00e4vaunuissa ja lannoitteenlevittimiss\u00e4. Se helpottaa materiaalien hallittua purkamista, varmistaa tarkan jakautumisen ja minimoi j\u00e4tteen m\u00e4\u00e4r\u00e4n. Sylinterin pitk\u00e4 iskunpituus parantaa n\u00e4iden toimintojen tehokkuutta, jolloin suurempia m\u00e4\u00e4ri\u00e4 voidaan kuljettaa yhdess\u00e4 sykliss\u00e4.<\/p>\n<p>3. J\u00e4tteenk\u00e4sittelyj\u00e4rjestelm\u00e4t: J\u00e4tteenk\u00e4sittelysovelluksissa j\u00e4teautoissa k\u00e4ytet\u00e4\u00e4n k\u00e4\u00e4nteist\u00e4 teleskooppisylinteri\u00e4 tehokkaaseen j\u00e4tteenkeruuseen ja -h\u00e4vitykseen. Pidempi iskunpituus mahdollistaa suuremman tiivistyssuhteen, mik\u00e4 v\u00e4hent\u00e4\u00e4 kaatopaikkamatkoja ja optimoi j\u00e4tteenk\u00e4sittelyprosesseja.<\/p>\n<p>4. Teollisuuskoneet: K\u00e4\u00e4nteist\u00e4 teleskooppisylinteri\u00e4 k\u00e4ytet\u00e4\u00e4n my\u00f6s teollisuuskoneissa, kuten rakennuslaitteissa ja materiaalink\u00e4sittelyj\u00e4rjestelmiss\u00e4. Sen pitk\u00e4 iskunpituus ja kompakti rakenne tekev\u00e4t siit\u00e4 sopivan erilaisiin nosto- ja ty\u00f6nt\u00f6teht\u00e4viin, mik\u00e4 parantaa n\u00e4iden koneiden yleist\u00e4 suorituskyky\u00e4 ja tuottavuutta.<\/p>\n<p>Yhteenvetona voidaan todeta, ett\u00e4 k\u00e4\u00e4nteinen teleskooppisylinteri on erikoishydraulinen sylinteri, joka tarjoaa ainutlaatuisia etuja pitk\u00e4n iskunpituuden ja kompaktin rakenteen suhteen. Tehtaan suora toimitus varmistaa korkealaatuiset tuotteet kilpailukykyiseen hintaan. Sen sovellukset per\u00e4vaunujen hydrauliikkaj\u00e4rjestelmiss\u00e4, kippiautoissa, maatalouskoneissa, j\u00e4tehuollossa ja teollisuuskoneissa osoittavat sen monipuolisuuden ja tehokkuuden eri teollisuudenaloilla. Olipa kyseess\u00e4 sitten nosto, kippaus tai ty\u00f6nt\u00f6, k\u00e4\u00e4nteinen teleskooppisylinteri osoittautuu luotettavaksi ja v\u00e4ltt\u00e4m\u00e4tt\u00f6m\u00e4ksi osaksi lukuisia hydraulisia j\u00e4rjestelmi\u00e4.<\/p>\n<h3>Tietoja FMP-hydraulisylinterist\u00e4<\/h3>\n<p>FMP on johtava yritys Italiassa, joka on erikoistunut rakennuskoneiden osien ja kokonaisten koneiden myyntiin ja huoltoon. Hydraulisylinterimme on yksi myydyimmist\u00e4 tuotteistamme, ja olemme ylpeit\u00e4 sen erinomaisesta laadusta ja toimivuudesta. T\u00e4ss\u00e4 on viisi syyt\u00e4, miksi sinun kannattaa valita FMP:n hydraulisylinteri:<\/p>\n<ol>\n<li><strong>Ensiluokkainen laatu:<\/strong> FMP-hydraulisylinteri on valmistettu korkealaatuisista materiaaleista, jotka takaavat kest\u00e4vyyden ja luotettavuuden. Hankimme materiaalimme luotettavilta toimittajilta, jotka t\u00e4ytt\u00e4v\u00e4t tiukat laatustandardimme varmistaen, ett\u00e4 tuotteemme ovat korkeinta laatua.<\/li>\n<li><strong>Erilaisia \u200b\u200b\u200b\u200beritelmi\u00e4:<\/strong> Hydraulisylinterimme on saatavilla eri kokoisina ja eritelmin\u00e4 tarpeidesi mukaan. Tarjoamme laajan valikoiman tuotteita, kuten s\u00e4\u00e4dett\u00e4v\u00e4t sakkelityyppiset sylinterit, vetotangot ja hitsatut hydraulisylinterit.<\/li>\n<li><strong>Ammatillinen konsultaatio:<\/strong> Kokenut myyntitiimimme tuntee rakennuskoneteollisuuden ja voi tarjota sinulle ammattimaista tuotekonsultointia. Voimme auttaa sinua m\u00e4\u00e4ritt\u00e4m\u00e4\u00e4n projektiisi sopivan hydraulisylinterin, varmistaen, ett\u00e4 teet tietoon perustuvan p\u00e4\u00e4t\u00f6ksen.<\/li>\n<li><strong>Tehokas logistiikka:<\/strong> Ymm\u00e4rr\u00e4mme, ett\u00e4 aika on kortilla, ja siksi meill\u00e4 on k\u00e4yt\u00f6ss\u00e4 tehokas logistiikkaj\u00e4rjestelm\u00e4. Varmistamme, ett\u00e4 hydraulisylinterisi toimitetaan sinulle ajallaan ja t\u00e4sm\u00e4llisesti.<\/li>\n<li><strong>Erinomainen asiakaspalvelu:<\/strong> FMP:ll\u00e4 arvostamme asiakkaitamme ja pyrimme tarjoamaan erinomaista asiakaspalvelua. Olemme sitoutuneet t\u00e4ytt\u00e4m\u00e4\u00e4n ja ylitt\u00e4m\u00e4\u00e4n odotuksesi, ja olemme aina valmiita auttamaan sinua kaikissa kysymyksiss\u00e4si tai huolenaiheissasi.<\/li>\n<\/ol>\n<p>Me FMP:ll\u00e4 olemme ylpeit\u00e4 voidessamme tarjota asiakkaillemme korkealaatuisia ja luotettavia hydraulisylinteriratkaisuja. Tuotteidemme ja palveluidemme taustalla on vuosien kokemus alalta ja ammattitaitoinen tiimi. Valitse FMP:n hydraulisylinteri seuraavaan projektiisi ja koe ero.<\/p>\n<p><img decoding=\"async\" src=\"https:\/\/fmp-components.com\/wp-content\/uploads\/2024\/12\/Adjustable-Clevis-Type-Cylinders-6.webp\" alt=\"S\u00e4\u00e4dett\u00e4v\u00e4 haarukkatyyppinen sylinteri\" width=\"823\" title=\"\"><br \/>\nTekij\u00e4: CX<\/p>","protected":false},"excerpt":{"rendered":"<p>Factory Direct Supply Long Stroke Trailer Hydraulic Ram Cylinder is a high-quality hydraulic cylinder designed for use in trailers. It has a long stroke, which ensures that it can handle heavy loads with ease and efficiency. The cylinder is made from top-grade materials, making it durable and able to withstand wear and tear. One of [&hellip;]<\/p>","protected":false},"featured_media":1644,"comment_status":"closed","ping_status":"closed","template":"","meta":{"_et_pb_use_builder":"","_et_pb_old_content":"","_et_gb_content_width":""},"product_brand":[],"product_cat":[45],"product_tag":[34,48],"class_list":{"0":"post-1643","1":"product","2":"type-product","3":"status-publish","4":"has-post-thumbnail","6":"product_cat-inverted-telescopic-cylinder","7":"product_tag-hydraulic-cylinder","8":"product_tag-inverted-telescopic-cylinder","10":"first","11":"instock","12":"product-type-simple"},"_links":{"self":[{"href":"https:\/\/fmp-components.com\/fi\/wp-json\/wp\/v2\/product\/1643","targetHints":{"allow":["GET"]}}],"collection":[{"href":"https:\/\/fmp-components.com\/fi\/wp-json\/wp\/v2\/product"}],"about":[{"href":"https:\/\/fmp-components.com\/fi\/wp-json\/wp\/v2\/types\/product"}],"replies":[{"embeddable":true,"href":"https:\/\/fmp-components.com\/fi\/wp-json\/wp\/v2\/comments?post=1643"}],"wp:featuredmedia":[{"embeddable":true,"href":"https:\/\/fmp-components.com\/fi\/wp-json\/wp\/v2\/media\/1644"}],"wp:attachment":[{"href":"https:\/\/fmp-components.com\/fi\/wp-json\/wp\/v2\/media?parent=1643"}],"wp:term":[{"taxonomy":"product_brand","embeddable":true,"href":"https:\/\/fmp-components.com\/fi\/wp-json\/wp\/v2\/product_brand?post=1643"},{"taxonomy":"product_cat","embeddable":true,"href":"https:\/\/fmp-components.com\/fi\/wp-json\/wp\/v2\/product_cat?post=1643"},{"taxonomy":"product_tag","embeddable":true,"href":"https:\/\/fmp-components.com\/fi\/wp-json\/wp\/v2\/product_tag?post=1643"}],"curies":[{"name":"wp","href":"https:\/\/api.w.org\/{rel}","templated":true}]}}