{"id":1639,"date":"2024-12-23T07:00:44","date_gmt":"2024-12-23T07:00:44","guid":{"rendered":"https:\/\/fmp-components.com\/product\/premium-quality-customized-telescopic-hydraulic-cylinder-for-dump-truck\/"},"modified":"2025-03-11T06:10:04","modified_gmt":"2025-03-11T06:10:04","slug":"premium-quality-customized-telescopic-hydraulic-cylinder-for-dump-truck","status":"publish","type":"product","link":"https:\/\/fmp-components.com\/fi\/product\/premium-quality-customized-telescopic-hydraulic-cylinder-for-dump-truck\/","title":{"rendered":"Ensiluokkainen r\u00e4\u00e4t\u00e4l\u00f6ity teleskooppinen hydraulisylinteri kippiautoon"},"content":{"rendered":"<h2>Esittelyss\u00e4 ensiluokkainen r\u00e4\u00e4t\u00e4l\u00f6ity teleskooppinen hydraulisylinteri kippiautoon.<\/h2>\n<p>Hydraulisylinterill\u00e4 on ratkaiseva rooli kippiauton tehokkaassa toiminnassa. Ensiluokkainen r\u00e4\u00e4t\u00e4l\u00f6ity teleskooppinen hydraulisylinteri on huippuluokan tuote, joka on suunniteltu parantamaan kippiautojen suorituskyky\u00e4 ja tuottavuutta.<\/p>\n<p>Edistyksellisen teleskooppirakenteensa ansiosta t\u00e4m\u00e4 hydraulisylinteri tarjoaa poikkeuksellista tehoa ja kest\u00e4vyytt\u00e4. Se on erityisesti r\u00e4\u00e4t\u00e4l\u00f6ity vastaamaan kippiautojen ainutlaatuisia vaatimuksia, mik\u00e4 varmistaa saumattoman toiminnan vaativimmissakin olosuhteissa.<\/p>\n<p>Ensiluokkainen r\u00e4\u00e4t\u00e4l\u00f6ity teleskooppinen hydraulisylinteri on suunniteltu tarkasti ja yksityiskohtia my\u00f6ten. Se on valmistettu korkealaatuisista materiaaleista, jotka takaavat pitk\u00e4n k\u00e4ytt\u00f6i\u00e4n ja luotettavuuden. T\u00e4m\u00e4 varmistaa minimaalisen huollontarpeen ja maksimaalisen tuottavuuden kippiautojen kuljettajille.<\/p>\n<p>T\u00e4m\u00e4n hydraulisylinterin teleskooppinen ominaisuus mahdollistaa suuremman liikeradan, mik\u00e4 tekee siit\u00e4 ihanteellisen raskaita kuormia k\u00e4sitteleville kippiautoille. Se tarjoaa tasaisen ja hallitun liikkeen, mik\u00e4 mahdollistaa materiaalien tehokkaan kippauksen vaarantamatta turvallisuutta tai vakautta.<\/p>\n<p>Yksi t\u00e4m\u00e4n hydraulisylinterin t\u00e4rkeimmist\u00e4 eduista on sen kyky kest\u00e4\u00e4 \u00e4\u00e4rimm\u00e4isi\u00e4 paineita ja raskaita kuormia. Se on suunniteltu k\u00e4sittelem\u00e4\u00e4n voimakkaita hydraulisia voimia, mink\u00e4 ansiosta kippiautot voivat toimia optimaalisella tehokkuudella ja tuloksellisuudella.<\/p>\n<p>Lis\u00e4ksi t\u00e4m\u00e4 ensiluokkainen r\u00e4\u00e4t\u00e4l\u00f6ity teleskooppinen hydraulisylinteri on valmistettu alan korkeimpien standardien mukaisesti. Se k\u00e4y l\u00e4pi tiukat testit ja laadunvalvontatoimenpiteet erinomaisen suorituskyvyn ja luotettavuuden varmistamiseksi. T\u00e4m\u00e4 takaa, ett\u00e4 kippiautojen kuljettajat voivat luottaa t\u00e4m\u00e4n tuotteen sujuvaan ja ongelmattomaan toimintaan.<\/p>\n<p>Yhteenvetona voidaan todeta, ett\u00e4 korkealaatuinen r\u00e4\u00e4t\u00e4l\u00f6ity teleskooppinen hydraulisylinteri kippiautoille on huippuluokan tuote, joka tarjoaa poikkeuksellista suorituskyky\u00e4 ja kest\u00e4vyytt\u00e4. Sen r\u00e4\u00e4t\u00e4l\u00f6ity muotoilu, edistyneet ominaisuudet ja korkealaatuinen rakenne tekev\u00e4t siit\u00e4 ihanteellisen valinnan kippiautonkuljettajille, jotka haluavat parantaa tuottavuutta ja tehokkuutta.<\/p>\n<h2>Esittelyss\u00e4 huippuluokan teleskooppinen hydraulisylinterimme, joka on suunniteltu dumppereille<\/h2>\n<p>Uusi teleskooppinen hydraulisylinterimme on t\u00e4ydellinen ratkaisu kippiautoihin. Se r\u00e4\u00e4t\u00e4l\u00f6id\u00e4\u00e4n vastaamaan erityistarpeitasi ja sill\u00e4 on yhden vuoden takuu. T\u00e4m\u00e4n hydraulisylinterin enimm\u00e4isty\u00f6nt\u00f6voima on 3000 ja paino 78 kg, ja siin\u00e4 on kest\u00e4v\u00e4 ter\u00e4srunko.<\/p>\n<h3>Teleskooppisen hydraulisylinterimme ominaisuudet<\/h3>\n<p>Sylinteriss\u00e4mme on useita keskeisi\u00e4 ominaisuuksia, kuten:<\/p>\n<ul>\n<li>Vakiorakenne ja hydraulinen teho<\/li>\n<li>K\u00e4\u00e4nteinen teleskooppisylinterityyppi<\/li>\n<li>Suurin vetokyky 20 tonnia<\/li>\n<li>ISO9001:2000-sertifiointi<\/li>\n<li>Tyylik\u00e4s musta v\u00e4ri ammattimaiseen ilmeeseen<\/li>\n<\/ul>\n<h3>Teleskooppisen hydraulisylinterimme sovellukset<\/h3>\n<p>Hydraulisylinterimme sopii t\u00e4ydellisesti moniin k\u00e4ytt\u00f6tarkoituksiin, mukaan lukien:<\/p>\n<ul>\n<li>Tuotantolaitokset<\/li>\n<li>Konekorjaamot<\/li>\n<li>Maatilat<\/li>\n<li>Energia- ja kaivosteollisuus<\/li>\n<li>Konetehtaat<\/li>\n<\/ul>\n<p><img decoding=\"async\" src=\"https:\/\/hzpt.com\/wp-content\/uploads\/2023\/11\/Inverted-Telescopic-Cylinder-Applications.webp\" alt=\"K\u00e4\u00e4nteisen teleskooppisylinterin sovellukset\" title=\"\"><\/p>\n<h3>Teleskooppisen hydraulisylinterin toimintaperiaate ja huolto<\/h3>\n<p>Hydraulisylinterimme toimii hydraulinesteen sy\u00f6tt\u00f6- ja l\u00e4ht\u00f6voimalla. Se vaatii s\u00e4\u00e4nn\u00f6llist\u00e4 tarkastusta, puhdistusta ja voitelua. S\u00e4\u00e4nn\u00f6lliset tarkastukset ja korjaukset, tiivisteiden vaihto ja k\u00e4ytt\u00f6ohjeen noudattaminen ovat olennaisia \u200b\u200bsylinterin pitk\u00e4ik\u00e4isyyden ja optimaalisen suorituskyvyn kannalta.<\/p>\n<p><img decoding=\"async\" src=\"https:\/\/hzpt.com\/wp-content\/uploads\/2023\/11\/Inverted-Telescopic-Cylinder-24.webp\" alt=\"K\u00e4\u00e4nteinen teleskooppisylinteri 24\" title=\"\"><\/p>\n<h2>K\u00e4\u00e4nteinen teleskooppisylinteri<\/h2>\n<p>Teleskooppinen hydraulisylinteri, joka tunnetaan my\u00f6s monivaiheisena tai teleskooppisylinterin\u00e4, on hydraulisylinterityyppi, joka koostuu useista sis\u00e4kk\u00e4isist\u00e4 vaiheista tai osista. T\u00e4ss\u00e4 artikkelissa keskitymme yhteen tiettyyn teleskooppisylinterityyppiin \u2013 k\u00e4\u00e4nteiseen teleskooppisylinteriin.<\/p>\n<h3>Yleiskatsaus<\/h3>\n<p>K\u00e4\u00e4nteinen teleskooppisylinteri on erikoistyyppinen teleskooppisylinteri, jota k\u00e4ytet\u00e4\u00e4n yleisesti kippiautoissa. Se on suunniteltu tarjoamaan nosto- ja kippausvoima, jota tarvitaan materiaalien purkamiseen kuorma-auton lavalta. T\u00e4m\u00e4n tyyppisess\u00e4 sylinteriss\u00e4 on ainutlaatuinen kokoonpano, jossa pienemm\u00e4t vaiheet sijaitsevat suurempien vaiheiden sis\u00e4ll\u00e4, mik\u00e4 antaa sille erottuvan ulkon\u00e4\u00f6n.<\/p>\n<h3>Rakentaminen<\/h3>\n<p>K\u00e4\u00e4nteisen teleskooppisylinterin rakenne sis\u00e4lt\u00e4\u00e4 useita keskeisi\u00e4 komponentteja:<\/p>\n<ul>\n<li>Ulkosylinteri: Ulkosylinteri on sylinterin suurin vaihe ja tarjoaa rakenteellista tukea. Se on tyypillisesti valmistettu eritt\u00e4in lujasta ter\u00e4ksest\u00e4 kest\u00e4m\u00e4\u00e4n raskaita kuormia ja ankaria k\u00e4ytt\u00f6olosuhteita.<\/li>\n<li>Sis\u00e4m\u00e4nn\u00e4t: Ulkosylinterin sis\u00e4ll\u00e4 on useita pienempi\u00e4 vaiheita, joista jokainen sis\u00e4lt\u00e4\u00e4 m\u00e4nn\u00e4n. N\u00e4m\u00e4 m\u00e4nn\u00e4t on yhdistetty kuorma-auton lavaan ja liikkuvat synkronoidusti tarvittavan nostovoiman aikaansaamiseksi.<\/li>\n<li>Tiivisteet: Tiivisteit\u00e4 k\u00e4ytet\u00e4\u00e4n est\u00e4m\u00e4\u00e4n hydraulinesteen vuotaminen vaiheiden v\u00e4lill\u00e4. Ne ovat ratkaisevan t\u00e4rkeit\u00e4 sylinterin tehokkuuden ja luotettavuuden yll\u00e4pit\u00e4miseksi.<\/li>\n<li>Hydraulineste: K\u00e4\u00e4nteinen teleskooppisylinteri toimii hydraulinesteell\u00e4, jota paineistetaan sylinterin vaiheiden pident\u00e4miseksi tai supistamiseksi.<\/li>\n<\/ul>\n<h3>Toiminnallisuus<\/h3>\n<p>K\u00e4\u00e4nteisell\u00e4 teleskooppisylinterill\u00e4 on t\u00e4rke\u00e4 rooli kippiauton toiminnassa. Kun kuorma-auton on purettava lasti, hydraulij\u00e4rjestelm\u00e4 kohdistaa painetta hydraulinesteeseen, joka puolestaan \u200b\u200bpident\u00e4\u00e4 sylinterin yksitt\u00e4isi\u00e4 vaiheita. Vaiheiden pident\u00e4ess\u00e4 ne nostavat kuorma-auton lavaa, jolloin materiaalit voidaan purkaa.<\/p>\n<h3>Ensiluokkainen r\u00e4\u00e4t\u00e4l\u00f6ity teleskooppinen hydraulisylinteri kippiautoon<\/h3>\n<p>Kun valitset teleskooppisen hydraulisylinterin kippiautoosi, on t\u00e4rke\u00e4\u00e4 valita ensiluokkainen, r\u00e4\u00e4t\u00e4l\u00f6ity sylinteri. Ensiluokkainen sylinteri varmistaa kest\u00e4vyyden, luotettavuuden ja optimaalisen suorituskyvyn vaativissa sovelluksissa.<\/p>\n<p>Yrityksess\u00e4mme olemme erikoistuneet korkealaatuisten, r\u00e4\u00e4t\u00e4l\u00f6ityjen teleskooppisten hydraulisylintereiden valmistukseen, jotka on erityisesti suunniteltu kippiautoihin. Sylinterimme on suunniteltu vastaamaan jokaisen asiakkaan ainutlaatuisia vaatimuksia, mik\u00e4 varmistaa t\u00e4ydellisen istuvuuden ja maksimaalisen tehokkuuden.<\/p>\n<p>Huippumodernien tuotantolaitostemme ja kokeneen insin\u00f6\u00f6ritiimimme ansiosta pystymme toimittamaan sylintereit\u00e4, jotka ylitt\u00e4v\u00e4t alan standardit. Sitoutumisemme korkealaatuisten materiaalien, edistyneiden valmistustekniikoiden ja tiukkojen laadunvalvontaprosessien k\u00e4ytt\u00f6\u00f6n varmistaa, ett\u00e4 asiakkaamme saavat kest\u00e4m\u00e4\u00e4n rakennetun teleskooppisylinterin.<\/p>\n<p>Yhteenvetona voidaan todeta, ett\u00e4 k\u00e4\u00e4nteinen teleskooppisylinteri on ratkaiseva osa kippiautoissa, sill\u00e4 se tarjoaa materiaalien purkamiseen tarvittavan nosto- ja kaatovoiman. Sen ainutlaatuinen rakenne ja toiminnallisuus tekev\u00e4t siit\u00e4 olennaisen osan hydraulij\u00e4rjestelm\u00e4\u00e4. Kun valitset kippiautoosi teleskooppisylinteri\u00e4, ensiluokkaisen r\u00e4\u00e4t\u00e4l\u00f6idyn sylinterin valitseminen varmistaa optimaalisen suorituskyvyn ja pitk\u00e4n k\u00e4ytt\u00f6i\u00e4n. Luota yritykseemme toimittamaan korkealaatuisia teleskooppisia hydraulisylintereit\u00e4, jotka t\u00e4ytt\u00e4v\u00e4t kippiautosi erityisvaatimukset.<\/p>\n<h3>Tietoja FMP:st\u00e4<\/h3>\n<p>FMP on luotettu l\u00e4hteesi korkealaatuisille hydraulisylintereille rakennuskoneteollisuudessa. Vuosien kokemuksella alalta ja ammattitaitoisella tiimill\u00e4mme olemme omistautuneet tarjoamaan huippuluokan rakennuskoneiden osia ja t\u00e4ydellisi\u00e4 koneratkaisuja arvokkaille asiakkaillemme.<\/p>\n<p>T\u00e4ss\u00e4 on viisi syyt\u00e4, miksi sinun kannattaa valita FMP hydraulisylinteritarpeisiisi:<\/p>\n<ol>\n<li><strong>Laaja valikoima vaihtoehtoja:<\/strong> Tuotevalikoimaamme kuuluu laaja valikoima hydraulisylintereit\u00e4, jotka sopivat erityyppisille rakennuskoneille. Tarvitsetpa sitten yksi- tai kaksitoimisia sylintereit\u00e4, teleskooppi- tai vetotankosylintereit\u00e4, meill\u00e4 on oikea ratkaisu tarpeisiisi.<\/li>\n<li><strong>Erinomainen laatu:<\/strong> Olemme luoneet pitk\u00e4aikaisia \u200b\u200bja vakaita suhteita korkealaatuisiin toimittajiin sek\u00e4 kotimaassa ett\u00e4 kansainv\u00e4lisesti. T\u00e4m\u00e4 varmistaa, ett\u00e4 kaikki hydraulisylinterimme t\u00e4ytt\u00e4v\u00e4t tiukat laatustandardit, tarjoten sinulle luotettavia ja kest\u00e4vi\u00e4 komponentteja, jotka kest\u00e4v\u00e4t projektiesi vaatimukset.<\/li>\n<li><strong>Asiantunteva myyntitiimi:<\/strong> Kokenut ja osaava myyntitiimimme tuntee rakennuskoneteollisuuden uusimmat trendit ja asiakastarpeet. He ovat valmiita tarjoamaan sinulle ammattimaista tuotekonsultointia ja \u00e4lykk\u00e4it\u00e4 ostoehdotuksia, jotka auttavat sinua tekem\u00e4\u00e4n tietoon perustuvia p\u00e4\u00e4t\u00f6ksi\u00e4.<\/li>\n<li><strong>Tehokas logistiikka:<\/strong> Ymm\u00e4rr\u00e4mme oikea-aikaisen toimituksen t\u00e4rkeyden. Tehokkaan logistiikkaj\u00e4rjestelm\u00e4mme avulla varmistamme, ett\u00e4 saat tarvitsemasi hydraulisylinterit ajallaan ja t\u00e4sm\u00e4llisesti. Voit luottaa meihin, ett\u00e4 projektisi pysyv\u00e4t aikataulussa.<\/li>\n<li><strong>Poikkeuksellinen asiakaspalvelu:<\/strong> FMP:ll\u00e4 arvostamme asiakkaitamme ja pyrimme tarjoamaan poikkeuksellista palvelua. Omistautunut tiimimme on sitoutunut vastaamaan tiedusteluihisi ja huolenaiheisiisi viipym\u00e4tt\u00e4 varmistaen sujuvan ja tyydytt\u00e4v\u00e4n kokemuksen koko yhteisty\u00f6n ajan kanssamme.<\/li>\n<\/ol>\n<p>Katso tarkemmin s\u00e4\u00e4dett\u00e4v\u00e4\u00e4 haarukkatyyppist\u00e4 sylinteri\u00e4mme alta:<\/p>\n<p><img decoding=\"async\" src=\"https:\/\/fmp-components.com\/wp-content\/uploads\/2024\/12\/Adjustable-Clevis-Type-Cylinders-6.webp\" alt=\"S\u00e4\u00e4dett\u00e4v\u00e4 haarukkatyyppinen sylinteri\" width=\"821\" title=\"\"><br \/>\nTekij\u00e4: CX<\/p>","protected":false},"excerpt":{"rendered":"<p>Introducing the Premium Quality Customized Telescopic Hydraulic Cylinder for Dump Truck. A hydraulic cylinder plays a crucial role in the efficient functioning of a dump truck. The Premium Quality Customized Telescopic Hydraulic Cylinder is a state-of-the-art product designed to enhance the performance and productivity of dump trucks. With its advanced telescopic design, this hydraulic cylinder [&hellip;]<\/p>","protected":false},"featured_media":1640,"comment_status":"closed","ping_status":"closed","template":"","meta":{"_et_pb_use_builder":"","_et_pb_old_content":"","_et_gb_content_width":""},"product_brand":[],"product_cat":[45],"product_tag":[34,48],"class_list":{"0":"post-1639","1":"product","2":"type-product","3":"status-publish","4":"has-post-thumbnail","6":"product_cat-inverted-telescopic-cylinder","7":"product_tag-hydraulic-cylinder","8":"product_tag-inverted-telescopic-cylinder","10":"first","11":"instock","12":"product-type-simple"},"_links":{"self":[{"href":"https:\/\/fmp-components.com\/fi\/wp-json\/wp\/v2\/product\/1639","targetHints":{"allow":["GET"]}}],"collection":[{"href":"https:\/\/fmp-components.com\/fi\/wp-json\/wp\/v2\/product"}],"about":[{"href":"https:\/\/fmp-components.com\/fi\/wp-json\/wp\/v2\/types\/product"}],"replies":[{"embeddable":true,"href":"https:\/\/fmp-components.com\/fi\/wp-json\/wp\/v2\/comments?post=1639"}],"wp:featuredmedia":[{"embeddable":true,"href":"https:\/\/fmp-components.com\/fi\/wp-json\/wp\/v2\/media\/1640"}],"wp:attachment":[{"href":"https:\/\/fmp-components.com\/fi\/wp-json\/wp\/v2\/media?parent=1639"}],"wp:term":[{"taxonomy":"product_brand","embeddable":true,"href":"https:\/\/fmp-components.com\/fi\/wp-json\/wp\/v2\/product_brand?post=1639"},{"taxonomy":"product_cat","embeddable":true,"href":"https:\/\/fmp-components.com\/fi\/wp-json\/wp\/v2\/product_cat?post=1639"},{"taxonomy":"product_tag","embeddable":true,"href":"https:\/\/fmp-components.com\/fi\/wp-json\/wp\/v2\/product_tag?post=1639"}],"curies":[{"name":"wp","href":"https:\/\/api.w.org\/{rel}","templated":true}]}}