{"id":1635,"date":"2024-12-23T06:59:20","date_gmt":"2024-12-23T06:59:20","guid":{"rendered":"https:\/\/fmp-components.com\/product\/professional-double-acting-dump-trailer-telescopic-hydraulic-cylinder\/"},"modified":"2024-12-23T08:40:15","modified_gmt":"2024-12-23T08:40:15","slug":"professional-double-acting-dump-trailer-telescopic-hydraulic-cylinder","status":"publish","type":"product","link":"https:\/\/fmp-components.com\/fi\/product\/professional-double-acting-dump-trailer-telescopic-hydraulic-cylinder\/","title":{"rendered":"Ammattimainen kaksitoiminen kippiper\u00e4vaunun teleskooppinen hydraulisylinteri"},"content":{"rendered":"<p>Ammattimainen kaksitoiminen kippiper\u00e4vaunun teleskooppinen hydraulisylinteri on korkealaatuinen hydraulisylinteri, joka on suunniteltu erityisesti kippiper\u00e4vaunuille. Edistyksellisen suunnittelunsa ja kest\u00e4v\u00e4n rakenteensa ansiosta t\u00e4m\u00e4 hydraulisylinteri tarjoaa luotettavan ja tehokkaan toiminnan erilaisissa hydraulij\u00e4rjestelmiss\u00e4.<\/p>\n<p>Yksi t\u00e4m\u00e4n tuotteen t\u00e4rkeimmist\u00e4 ominaisuuksista on sen kaksitoiminen rakenne. T\u00e4m\u00e4 tarkoittaa, ett\u00e4 se voi tuottaa voimaa molempiin suuntiin, mik\u00e4 mahdollistaa sujuvan ja hallitun liikkeen sylinteri\u00e4 pidennett\u00e4ess\u00e4 ja vedett\u00e4ess\u00e4 sis\u00e4\u00e4n. T\u00e4m\u00e4 ominaisuus on erityisen hy\u00f6dyllinen kippiper\u00e4vaunuissa, koska se mahdollistaa raskaiden kuormien helpon nostamisen ja laskemisen.<\/p>\n<p>T\u00e4m\u00e4n hydraulisylinterin teleskooppinen rakenne parantaa entisest\u00e4\u00e4n sen toimivuutta. Useiden vaiheiden tai osien ansiosta sylinteri\u00e4 voidaan pident\u00e4\u00e4 ja lyhent\u00e4\u00e4 eri pituuksiin, mik\u00e4 tarjoaa monipuoliset nostokyvyt. T\u00e4m\u00e4 tekee siit\u00e4 sopivan monenlaisiin k\u00e4ytt\u00f6tarkoituksiin, mukaan lukien erikokoiset ja -kapasiteettiset kippiper\u00e4vaunut.<\/p>\n<p>Ammattimainen kaksitoiminen kippiper\u00e4vaunun teleskooppinen hydraulisylinteri on rakennettu kest\u00e4m\u00e4\u00e4n vaativia olosuhteita. Se on valmistettu korkealaatuisista materiaaleista ja tarjoaa erinomaisen korroosion-, kulumis- ja iskunkeston. T\u00e4m\u00e4 varmistaa sen pitk\u00e4n k\u00e4ytt\u00f6i\u00e4n ja luotettavan suorituskyvyn my\u00f6s ankarissa olosuhteissa.<\/p>\n<p>T\u00e4m\u00e4n hydraulisylinterin asennus ja huolto on my\u00f6s vaivatonta. Se toimitetaan helposti seurattavien ohjeiden avulla, jotka mahdollistavat nopean ja tehokkaan k\u00e4ytt\u00f6\u00f6noton. S\u00e4\u00e4nn\u00f6llinen huolto, kuten voitelu ja tarkastus, auttaa varmistamaan sen optimaalisen suorituskyvyn ja pident\u00e4m\u00e4\u00e4n sen k\u00e4ytt\u00f6ik\u00e4\u00e4.<\/p>\n<p>Yhteenvetona voidaan todeta, ett\u00e4 Professional Double Acting Dump Trailer Telescopic Hydraulic Cylinder on luotettava ja tehokas ratkaisu kippiper\u00e4vaunuihin. Kaksitoimisen rakenteensa, teleskooppisen toiminnallisuutensa ja kest\u00e4v\u00e4n rakenteensa ansiosta se tarjoaa sujuvat ja hallitut nosto- ja laskutoiminnot. Olipa kyseess\u00e4 sitten kaupallinen tai henkil\u00f6kohtainen k\u00e4ytt\u00f6, t\u00e4m\u00e4 hydraulisylinteri tarjoaa suorituskyky\u00e4 ja kest\u00e4vyytt\u00e4, joita tarvitaan erilaisiin hydraulij\u00e4rjestelmiin.<\/p>\n<h2>Esittelyss\u00e4 huippuluokan ammattimainen kaksitoiminen kippiper\u00e4vaunun teleskooppinen hydraulisylinteri<\/h2>\n<p>T\u00e4m\u00e4 upouusi tuote on valmistettu tarkasti ja suunniteltu laajalle joukolle teollisuudenaloja. 78 kg:n painollaan ja ydinosillaan, kuten laakerilla ja m\u00e4nt\u00e4sylinterill\u00e4, t\u00e4m\u00e4 tuote takaa poikkeuksellisen suorituskyvyn. T\u00e4m\u00e4 hydraulisylinteri on standardi k\u00e4\u00e4nteinen teleskooppisylinteri, jossa on ter\u00e4srunko ja tehokas hydraulij\u00e4rjestelm\u00e4. Sen enimm\u00e4isty\u00f6nt\u00f6voima on 3000 tonnia ja enimm\u00e4isvetovoima 20 tonnia, joten se on luotettava valinta raskaisiin sovelluksiin.<\/p>\n<h2>Teleskooppisen hydraulisylinterin ominaisuudet<\/h2>\n<ul>\n<li>1 vuoden takuu ydinosille<\/li>\n<li>ISO9001:2000-sertifiointi<\/li>\n<li>Ter\u00e4srunkomateriaali kest\u00e4vyyden takaamiseksi<\/li>\n<li>Suurin ty\u00f6nt\u00f6voima 3000 ja suurin vetovoima 20 tonnia<\/li>\n<li>Rei\u00e4n halkaisija 2\u20136 tuumaa ja tangon koko 1,125\u20134 tuumaa<\/li>\n<\/ul>\n<p><img decoding=\"async\" src=\"https:\/\/hzpt.com\/wp-content\/uploads\/2023\/11\/Inverted-Telescopic-Cylinder-7.webp\" alt=\"\" title=\"\"><\/p>\n<h2>Teleskooppisen hydraulisylinterin sovellukset<\/h2>\n<ul>\n<li>Tuotantolaitokset<\/li>\n<li>Konekorjaamot<\/li>\n<li>Maatilat<\/li>\n<li>Energia- ja kaivosyhti\u00f6t<\/li>\n<li>Koneiden valmistus ja konetehtaat<\/li>\n<\/ul>\n<p><img decoding=\"async\" src=\"https:\/\/hzpt.com\/wp-content\/uploads\/2023\/11\/Inverted-Telescopic-Cylinder-Applications.webp\" alt=\"K\u00e4\u00e4nteisen teleskooppisylinterin sovellukset\" title=\"\"><\/p>\n<h2>Hydraulisylinterin toimintaperiaate ja huolto<\/h2>\n<p>Hydraulisylinteri toimii voiman moninkertaistamisen periaatteella hydraulinesteen paineen avulla. Hydraulineste sy\u00f6tet\u00e4\u00e4n sylinteriin, mik\u00e4 johtaa l\u00e4ht\u00f6voimaan. Huolto vaatii s\u00e4\u00e4nn\u00f6llist\u00e4 tarkastusta, puhdistusta ja voitelua. S\u00e4\u00e4nn\u00f6lliset tarkastukset ja korjaukset varmistavat tuotteen pitk\u00e4ik\u00e4isyyden, kun taas tiivisteiden vaihto varmistaa j\u00e4rjestelm\u00e4n eheyden. K\u00e4ytt\u00f6ohjeen noudattaminen on ratkaisevan t\u00e4rke\u00e4\u00e4 tuotteen suorituskyvyn ja pitk\u00e4ik\u00e4isyyden yll\u00e4pit\u00e4miseksi.<\/p>\n<p><img decoding=\"async\" src=\"https:\/\/hzpt.com\/wp-content\/uploads\/2023\/11\/Inverted-Telescopic-Cylinder-24.webp\" alt=\"\" title=\"\"><\/p>\n<h2>K\u00e4\u00e4nteinen teleskooppisylinteri<\/h2>\n<p>Hydraulisylinteri on mekaaninen toimilaite, jota k\u00e4ytet\u00e4\u00e4n lineaarisen voiman tuottamiseen hydraulinesteen avulla. Yksi hydraulisylinterityyppi on k\u00e4\u00e4nteinen teleskooppisylinteri, jota k\u00e4ytet\u00e4\u00e4n yleisesti esimerkiksi kippiper\u00e4vaunuissa. T\u00e4ss\u00e4 blogikirjoituksessa tutkimme k\u00e4\u00e4nteisen teleskooppisylinterin ominaisuuksia ja toimintoja sek\u00e4 keskustelemme sen eduista ja sovelluksista yksityiskohtaisesti.<\/p>\n<p><strong>Ominaisuudet:<\/strong><\/p>\n<ul>\n<li>K\u00e4\u00e4nteinen teleskooppisylinteri, joka tunnetaan my\u00f6s kaksitoimisena kippiper\u00e4vaunun teleskooppisena hydraulisylinterin\u00e4, koostuu useista vaiheista tai osista, jotka liukuvat toisiinsa.<\/li>\n<li>Sylinterin jokaista osaa kutsutaan vaiheeksi, ja ne on tyypillisesti valmistettu korkealaatuisesta ter\u00e4ksest\u00e4 lujuuden ja kest\u00e4vyyden takaamiseksi.<\/li>\n<li>Sylinteri on suunniteltu vet\u00e4ytym\u00e4\u00e4n sis\u00e4\u00e4np\u00e4in, mik\u00e4 mahdollistaa kompaktin ja tilaa s\u00e4\u00e4st\u00e4v\u00e4n rakenteen.<\/li>\n<li>Se pystyy sek\u00e4 ty\u00f6nt\u00e4m\u00e4\u00e4n ett\u00e4 vet\u00e4m\u00e4\u00e4n kuormia, mik\u00e4 tekee siit\u00e4 monipuolisen ratkaisun erilaisiin k\u00e4ytt\u00f6tarkoituksiin.<\/li>\n<\/ul>\n<p><strong>Toiminnot:<\/strong><\/p>\n<p>K\u00e4\u00e4nteinen teleskooppisylinteri toimii hy\u00f6dynt\u00e4m\u00e4ll\u00e4 hydraulista painetta vaiheiden pident\u00e4miseen ja vet\u00e4miseen sis\u00e4\u00e4n. Kun hydraulinestett\u00e4 pumpataan sylinteriin, se luo paineen, joka ty\u00f6nt\u00e4\u00e4 m\u00e4nt\u00e4\u00e4 vasten, jolloin vaiheet laajenevat. K\u00e4\u00e4nt\u00e4en, kun neste vapautuu tai pumpataan vastakkaiseen suuntaan, vaiheet vet\u00e4ytyv\u00e4t takaisin sylinteriin. T\u00e4m\u00e4 edestakainen liike mahdollistaa sylinterin tarkan ohjauksen ja tasaisen toiminnan.<\/p>\n<p><strong>Edut:<\/strong><\/p>\n<ul>\n<li>K\u00e4\u00e4nteinen teleskooppisylinteri tarjoaa korkean teho-painosuhteen, joten se sopii erinomaisesti sovelluksiin, joissa paino ja tila ovat rajalliset.<\/li>\n<li>Se tarjoaa erinomaisen kuormankantokyvyn, mik\u00e4 mahdollistaa raskaiden kuormien tehokkaan nostamisen ja laskemisen.<\/li>\n<li>Kompaktin rakenteensa ansiosta se on helppo asentaa ja integroida erilaisiin j\u00e4rjestelmiin tai laitteisiin.<\/li>\n<li>Sylinterin kaksitoiminen ominaisuus mahdollistaa teht\u00e4vien suorittamisen molempiin suuntiin, mik\u00e4 lis\u00e4\u00e4 sen kokonaistehokkuutta ja tuottavuutta.<\/li>\n<\/ul>\n<p><strong>Sovellukset:<\/strong><\/p>\n<p>K\u00e4\u00e4nteist\u00e4 teleskooppisylinteri\u00e4 k\u00e4ytet\u00e4\u00e4n laajasti kippiper\u00e4vaunuissa, joissa se vastaa per\u00e4vaunun lavan nostamisesta ja laskemisesta materiaalien purkamiseksi. Sen kyky tuottaa suurta voimaa ja kest\u00e4\u00e4 raskaita kuormia tekee siit\u00e4 ihanteellisen valinnan t\u00e4h\u00e4n tarkoitukseen. Lis\u00e4ksi sit\u00e4 k\u00e4ytet\u00e4\u00e4n my\u00f6s useilla muilla teollisuudenaloilla, kuten rakentamisessa, maataloudessa ja j\u00e4tehuollossa, joissa vaaditaan nosto- ja asemointiteht\u00e4vi\u00e4.<\/p>\n<p>Yhteenvetona voidaan todeta, ett\u00e4 k\u00e4\u00e4nteinen teleskooppisylinteri, joka tunnetaan my\u00f6s kaksitoimisena kippiper\u00e4vaunun teleskooppihydraulisylinterin\u00e4, tarjoaa kompaktin rakenteen, erinomaisen kuormankantokyvyn ja monipuolisen toiminnallisuuden. Sen k\u00e4ytt\u00f6 kippiper\u00e4vaunuissa ja muilla teollisuudenaloilla osoittaa sen tehokkuuden ja luotettavuuden. Olipa kyse sitten raskaiden kuormien nostamisesta tai tarkan ohjauksen tarjoamisesta, t\u00e4m\u00e4 hydraulisylinteri toimii ratkaisevana osana erilaisissa hydraulij\u00e4rjestelmiss\u00e4.<\/p>\n<h3>Tietoja FMP:st\u00e4<\/h3>\n<p><img decoding=\"async\" src=\"https:\/\/fmp-components.com\/wp-content\/uploads\/2024\/12\/Adjustable-Clevis-Type-Cylinders-6.webp\" alt=\"S\u00e4\u00e4dett\u00e4v\u00e4 haarukkatyyppinen sylinteri\" width=\"819\" title=\"\"><\/p>\n<p>FMP on johtava hydraulisylintereiden tuotantoon ja myyntiin erikoistunut yritys. Laajan kokemuksemme alalta ja ammattitaitoisen tiimimme avulla olemme omistautuneet tarjoamaan asiakkaillemme korkealaatuisia ja luotettavia hydraulisylintereit\u00e4 erilaisiin rakennuskoneiden sovelluksiin.<\/p>\n<p>1. Laaja tuotevalikoima:<br \/>\nTarjoamme laajan valikoiman hydraulisylintereit\u00e4, jotka vastaavat erilaisten rakennuskoneiden tarpeisiin. Tuotevalikoimaamme kuuluu s\u00e4\u00e4dett\u00e4vi\u00e4 haarukkatyyppisi\u00e4 sylintereit\u00e4, hitsattuja sylintereit\u00e4, teleskooppisylintereit\u00e4 ja paljon muuta. T\u00e4m\u00e4 laaja valikoima varmistaa, ett\u00e4 meill\u00e4 on oikea hydraulisylinteri juuri sinun tarpeisiisi.<\/p>\n<p>2. Erinomainen laatu:<br \/>\nFMP:ll\u00e4 asetamme laadun etusijalle ja varmistamme, ett\u00e4 kaikki hydraulisylinterimme t\u00e4ytt\u00e4v\u00e4t tiukat laatustandardit. Olemme luoneet pitk\u00e4aikaisia \u200b\u200bja vakaita suhteita korkealaatuisiin toimittajiin sek\u00e4 kotimaassa ett\u00e4 kansainv\u00e4lisesti. T\u00e4m\u00e4n ansiosta voimme hankkia parhaita materiaaleja ja komponentteja, mik\u00e4 johtaa kest\u00e4viin, tehokkaisiin ja luotettaviin hydraulisylintereihin.<\/p>\n<p>3. Ammattimainen myyntitiimi:<br \/>\nKokeneella ja taitavalla myyntitiimill\u00e4mme on syv\u00e4llinen tiet\u00e4mys rakennuskoneteollisuudesta. He pysyv\u00e4t ajan tasalla alan uusimmista trendeist\u00e4 ja ymm\u00e4rt\u00e4v\u00e4t asiakkaidemme erityistarpeita. Asiantuntemuksensa avulla he tarjoavat ammattimaista tuotekonsultointia ja ohjaavat sinua l\u00f6yt\u00e4m\u00e4\u00e4n tarpeisiisi parhaiten sopivan hydraulisylinterin.<\/p>\n<p>4. \u00c4lykk\u00e4it\u00e4 ostoehdotuksia:<br \/>\nYmm\u00e4rt\u00e4m\u00e4ll\u00e4, ett\u00e4 jokaisella asiakkaalla on ainutlaatuiset tarpeet, myyntitiimimme tekee kaikkensa tarjotakseen \u00e4lykk\u00e4it\u00e4 ostoehdotuksia. He ottavat huomioon esimerkiksi sovellusvaatimukset, budjettirajoitukset ja projektin vaatimukset suositellakseen sopivinta hydraulisylinteri\u00e4. T\u00e4m\u00e4 henkil\u00f6kohtainen l\u00e4hestymistapa varmistaa, ett\u00e4 teet tietoon perustuvan p\u00e4\u00e4t\u00f6ksen ja l\u00f6yd\u00e4t oikean hydraulisylinteriratkaisun.<\/p>\n<p>5. Tehokas logistiikka ja jakelu:<br \/>\nOlemme ylpeit\u00e4 tehokkaasta logistiikka-jakeluj\u00e4rjestelm\u00e4st\u00e4mme, joka varmistaa hydraulisylinterien oikea-aikaisen ja tarkan toimituksen asiakkaillemme. Hyvin organisoidun toimitusketjumme avulla takaamme, ett\u00e4 saat tarvitsemasi hydraulisylinterit nopeasti, mik\u00e4 minimoi mahdolliset viiv\u00e4stykset tai h\u00e4iri\u00f6t rakennusprojekteissasi.<\/p>\n<p>Tee yhteisty\u00f6t\u00e4 FMP:n kanssa saadaksesi huippulaatuisia hydraulisylintereit\u00e4, joiden taustalla on alan asiantuntemus, erinomainen laatu ja tehokas palvelu. Ota meihin yhteytt\u00e4 jo t\u00e4n\u00e4\u00e4n keskustellaksesi rakennuskonetarpeistasi ja koe FMP:n tarjoama ero.<\/p>\n<p>Tekij\u00e4: CX<\/p>","protected":false},"excerpt":{"rendered":"<p>Ammattimainen kaksitoiminen kippiper\u00e4vaunun teleskooppinen hydraulisylinteri on korkealaatuinen hydraulisylinteri, joka on suunniteltu erityisesti kippiper\u00e4vaunuille. Edistyksellisen suunnittelunsa ja kest\u00e4v\u00e4n rakenteensa ansiosta t\u00e4m\u00e4 hydraulisylinteri tarjoaa luotettavan ja tehokkaan toiminnan erilaisille hydraulij\u00e4rjestelmille. Yksi t\u00e4m\u00e4n tuotteen t\u00e4rkeimmist\u00e4 ominaisuuksista on sen kaksitoiminen rakenne. T\u00e4m\u00e4 tarkoittaa, ett\u00e4 se voi [\u2026]<\/p>","protected":false},"featured_media":1636,"comment_status":"closed","ping_status":"closed","template":"","meta":{"_et_pb_use_builder":"","_et_pb_old_content":"","_et_gb_content_width":""},"product_brand":[],"product_cat":[45],"product_tag":[34,48],"class_list":{"0":"post-1635","1":"product","2":"type-product","3":"status-publish","4":"has-post-thumbnail","6":"product_cat-inverted-telescopic-cylinder","7":"product_tag-hydraulic-cylinder","8":"product_tag-inverted-telescopic-cylinder","10":"first","11":"instock","12":"product-type-simple"},"_links":{"self":[{"href":"https:\/\/fmp-components.com\/fi\/wp-json\/wp\/v2\/product\/1635","targetHints":{"allow":["GET"]}}],"collection":[{"href":"https:\/\/fmp-components.com\/fi\/wp-json\/wp\/v2\/product"}],"about":[{"href":"https:\/\/fmp-components.com\/fi\/wp-json\/wp\/v2\/types\/product"}],"replies":[{"embeddable":true,"href":"https:\/\/fmp-components.com\/fi\/wp-json\/wp\/v2\/comments?post=1635"}],"wp:featuredmedia":[{"embeddable":true,"href":"https:\/\/fmp-components.com\/fi\/wp-json\/wp\/v2\/media\/1636"}],"wp:attachment":[{"href":"https:\/\/fmp-components.com\/fi\/wp-json\/wp\/v2\/media?parent=1635"}],"wp:term":[{"taxonomy":"product_brand","embeddable":true,"href":"https:\/\/fmp-components.com\/fi\/wp-json\/wp\/v2\/product_brand?post=1635"},{"taxonomy":"product_cat","embeddable":true,"href":"https:\/\/fmp-components.com\/fi\/wp-json\/wp\/v2\/product_cat?post=1635"},{"taxonomy":"product_tag","embeddable":true,"href":"https:\/\/fmp-components.com\/fi\/wp-json\/wp\/v2\/product_tag?post=1635"}],"curies":[{"name":"wp","href":"https:\/\/api.w.org\/{rel}","templated":true}]}}