{"id":1629,"date":"2024-12-23T06:59:20","date_gmt":"2024-12-23T06:59:20","guid":{"rendered":"https:\/\/fmp-components.com\/product\/factory-provide-long-stroke-tow-truck-dump-truck-4-stage-hydraulic-cylinder\/"},"modified":"2025-05-10T12:32:36","modified_gmt":"2025-05-10T12:32:36","slug":"factory-provide-long-stroke-tow-truck-dump-truck-4-stage-hydraulic-cylinder","status":"publish","type":"product","link":"https:\/\/fmp-components.com\/fi\/product\/factory-provide-long-stroke-tow-truck-dump-truck-4-stage-hydraulic-cylinder\/","title":{"rendered":"Tehdas toimittaa pitk\u00e4iskuisen hinausauton kippiauton 4-vaiheisen hydraulisylinterin"},"content":{"rendered":"<h2>Tehdas toimittaa pitk\u00e4iskuisen hinausauton kippiauton 4-vaiheisen hydraulisylinterin<\/h2>\n<p>Tehtaan toimittama pitk\u00e4iskuinen hinausauton kippiauton 4-vaiheinen hydraulisylinteri on uusi tuote, joka on suunniteltu k\u00e4ytett\u00e4v\u00e4ksi useilla eri teollisuudenaloilla, kuten tuotantolaitoksissa, konepajoissa, maatiloilla sek\u00e4 energia- ja kaivosteollisuudessa. T\u00e4ss\u00e4 k\u00e4\u00e4nteisess\u00e4 teleskooppityyppisess\u00e4 sylinteriss\u00e4 on tukeva ter\u00e4srunko ja se painaa 56 kg. Sen suurin ty\u00f6nt\u00f6voima on 3000 ja se kest\u00e4\u00e4 enint\u00e4\u00e4n 20 tonnin vetovoiman. Ydinkomponentteihin kuuluvat laakeri ja m\u00e4nt\u00e4sylinteri.<\/p>\n<h2>4-vaiheisen hydraulisylinterin ominaisuudet<\/h2>\n<p><img decoding=\"async\" src=\"https:\/\/hzpt.com\/wp-content\/uploads\/2023\/11\/Inverted-Telescopic-Cylinder-11.webp\" alt=\"\" title=\"\"><\/p>\n<p>Sylinterill\u00e4 on seuraavat ominaisuudet:<\/p>\n<ul>\n<li>Rei\u00e4n koko vaihtelee 2\u20136 tuuman v\u00e4lill\u00e4<\/li>\n<li>Tangon koko 1,125\u20134 tuumaa<\/li>\n<li>Iskun koko vaihtelee 6 - 48 tuumaa<\/li>\n<li>Tapin koko 0,5\u20132 tuumaa<\/li>\n<li>Saatavilla vakiov\u00e4riss\u00e4 mustana<\/li>\n<\/ul>\n<h2>4-vaiheisen hydraulisylinterin sovellukset<\/h2>\n<p>4-vaiheisella hydraulisylinterill\u00e4 on laaja valikoima sovelluksia, mukaan lukien:<\/p>\n<ul>\n<li>Tuotantolaitokset: Raskaiden koneiden ja ty\u00f6kalujen k\u00e4ytt\u00f6\u00f6n.<\/li>\n<li>Konekorjaamot: K\u00e4ytet\u00e4\u00e4n erilaisten koneiden huoltoon ja korjaukseen.<\/li>\n<li>Maatilat: Hy\u00f6dyllinen raskaissa maatalouskoneissa tehokkaaseen maataloustoimintaan.<\/li>\n<li>Energia ja kaivostoiminta: Olennainen kaivoslaitteille ja energiaa tuottaville koneille.<\/li>\n<li>Konetehdas: Olennainen osa uusien koneiden tuotantoa ja kokoonpanoa.<\/li>\n<\/ul>\n<p><img decoding=\"async\" src=\"https:\/\/hzpt.com\/wp-content\/uploads\/2023\/11\/Inverted-Telescopic-Cylinder-Applications.webp\" alt=\"Hydraulisylinterin sovellukset\" title=\"\"><\/p>\n<h2>4-vaiheisen hydraulisylinterin toimintaperiaate ja huolto<\/h2>\n<p>Nelivaiheinen hydraulisylinteri toimii hydraulivoiman periaatteella, jossa hydraulinestett\u00e4 k\u00e4ytet\u00e4\u00e4n voiman tuottamiseen. S\u00e4\u00e4nn\u00f6llinen huolto on avainasemassa sylinterin tehokkaan toiminnan kannalta. T\u00e4h\u00e4n kuuluvat s\u00e4\u00e4nn\u00f6lliset tarkastukset kulumisen ja repe\u00e4misen merkkien havaitsemiseksi, puhdistus sen varmistamiseksi, ettei p\u00f6ly tai roskat h\u00e4iritse toimintaa, voitelu kitkan minimoimiseksi ja tiivisteiden vaihto tarvittaessa.<\/p>\n<p><img decoding=\"async\" src=\"https:\/\/hzpt.com\/wp-content\/uploads\/2023\/11\/Inverted-Telescopic-Cylinder-24.webp\" alt=\"\" title=\"\"><\/p>\n<h2>K\u00e4\u00e4nteinen teleskooppisylinteri<\/h2>\n<p>Hydraulisylinterit ovat olennaisia \u200b\u200bkomponentteja useissa eri sovelluksissa, kuten rakennuskoneissa, teollisuuskoneissa ja hy\u00f6tyajoneuvoissa. Yksi viime vuosina suosiota saavuttanut hydraulisylinterityyppi on k\u00e4\u00e4nteinen teleskooppisylinteri. T\u00e4m\u00e4n tyyppist\u00e4 sylinteri\u00e4 k\u00e4ytet\u00e4\u00e4n yleisesti kippiautoissa, hinausautoissa ja muissa raskaissa ajoneuvoissa.<\/p>\n<h3>Yleiskatsaus<\/h3>\n<p>K\u00e4\u00e4nteinen teleskooppisylinteri on suunniteltu siten, ett\u00e4 m\u00e4nn\u00e4nvarsi sijaitsee sylinterin pohjalla ja m\u00e4nt\u00e4 ylh\u00e4\u00e4ll\u00e4. T\u00e4m\u00e4 j\u00e4rjestely mahdollistaa pidemm\u00e4n iskun pienemm\u00e4ss\u00e4 tilassa, mik\u00e4 tekee siit\u00e4 ihanteellisen sovelluksiin, joissa tilaa on rajoitetusti. Sylinteri koostuu useista vaiheista, jotka painuvat sis\u00e4\u00e4n vedett\u00e4ess\u00e4 toisiinsa. Suurin vaihe on uloin ja pienin sisin.<\/p>\n<h3>Rakentaminen<\/h3>\n<p>K\u00e4\u00e4nteinen teleskooppisylinteri on tyypillisesti valmistettu eritt\u00e4in lujasta ter\u00e4ksest\u00e4, joka kest\u00e4\u00e4 raskaita kuormia ja \u00e4\u00e4rimm\u00e4isi\u00e4 l\u00e4mp\u00f6tiloja. Sylinteri koostuu useista vaiheista, joilla jokaisella on oma m\u00e4nt\u00e4 ja tanko. Vaiheet on yhdistetty toisiinsa kierteitettyjen kaulusten avulla, mik\u00e4 mahdollistaa helpon kokoamisen ja purkamisen.<\/p>\n<p>Sylinterin pohjassa on kiinnityslevy, jolla sylinteri kiinnitet\u00e4\u00e4n ajoneuvoon. M\u00e4nn\u00e4nvarsi on kiinnitetty p\u00e4\u00e4ss\u00e4 olevaan haarukkaan tai silmukkaan, mik\u00e4 varmistaa turvallisen kiinnityksen kuormaan tai ajoneuvoon.<\/p>\n<h3>Toiminto<\/h3>\n<p>K\u00e4\u00e4nteinen teleskooppisylinteri toimii k\u00e4ytt\u00e4m\u00e4ll\u00e4 hydraulinestett\u00e4 paineen luomiseen, joka sitten ty\u00f6nt\u00e4\u00e4 m\u00e4nt\u00e4\u00e4 yl\u00f6s ja alas. M\u00e4nn\u00e4nvarsi pitenee ja vet\u00e4ytyy sis\u00e4\u00e4n vaiheiden painuessa toisiinsa. Sylinteri voi tarjota pitk\u00e4n iskun, mik\u00e4 on olennaista sovelluksissa, joissa tarvitaan suurta liikerataa.<\/p>\n<p>K\u00e4\u00e4nteist\u00e4 teleskooppisylinteri\u00e4 k\u00e4ytet\u00e4\u00e4n yleisesti kippiautoissa ja hinausautoissa. Kippiautoissa sylinteri\u00e4 k\u00e4ytet\u00e4\u00e4n lavan nostamiseen ja kuorman tyhjent\u00e4miseen kuorma-autosta. Hinausautoissa sylinteri\u00e4 k\u00e4ytet\u00e4\u00e4n puomin pident\u00e4miseen ja hinattavan ajoneuvon nostamiseen.<\/p>\n<h3>Tehdas toimittaa pitk\u00e4iskuisen hinausauton kippiauton 4-vaiheisen hydraulisylinterin<\/h3>\n<p>Tehtaan toimittama pitk\u00e4iskuinen hinausauton ja kippiauton nelivaiheinen hydraulisylinteri on tietyntyyppinen k\u00e4\u00e4nteinen teleskooppisylinteri, joka on suunniteltu k\u00e4ytett\u00e4v\u00e4ksi hinausautoissa ja kippiautoissa. T\u00e4m\u00e4 sylinteri koostuu nelj\u00e4st\u00e4 vaiheesta ja voi tarjota pitk\u00e4n iskun, joten se sopii erinomaisesti n\u00e4ihin sovelluksiin.<\/p>\n<p>Sylinteri on valmistettu eritt\u00e4in lujasta ter\u00e4ksest\u00e4 ja siin\u00e4 on pohjassa kiinnityslevy, joka helpottaa kiinnityst\u00e4 ajoneuvoon. M\u00e4nn\u00e4nvarsi on kiinnitetty haarukkaan tai silmukkaan, jotta se voidaan kiinnitt\u00e4\u00e4 turvallisesti kuormaan tai ajoneuvoon.<\/p>\n<p>Tehtaan toimittama pitk\u00e4iskuinen hinausauton kippiauton 4-vaiheinen hydraulisylinteri on luotettava ja tehokas komponentti, joka on v\u00e4ltt\u00e4m\u00e4t\u00f6n kippiautojen ja hinausautojen moitteettomalle toiminnalle. Sen kyky tarjota pitk\u00e4 isku kompaktissa tilassa tekee siit\u00e4 ihanteellisen valinnan n\u00e4ihin sovelluksiin.<\/p>\n<h3>Tietoja FMP:st\u00e4<\/h3>\n<p>FMP on hydraulisylintereiden tuotantoon ja myyntiin erikoistunut yritys. Vuosien kokemuksella alalta ja ammattitaitoisella tiimill\u00e4mme tarjoamme asiakkaillemme korkealaatuisia ja luotettavia hydraulisylintereit\u00e4 rakennuskoneisiin.<\/p>\n<p><img decoding=\"async\" class=\"aligncenter\" src=\"https:\/\/fmp-components.com\/wp-content\/uploads\/2024\/12\/Adjustable-Clevis-Type-Cylinders-6.webp\" alt=\"S\u00e4\u00e4dett\u00e4v\u00e4 haarukkatyyppinen sylinteri\" width=\"816\" title=\"\"><\/p>\n<p>T\u00e4ss\u00e4 on viisi syyt\u00e4, miksi sinun kannattaa valita hydraulisylinterimme:<\/p>\n<ol>\n<li>Laaja valikoima vaihtoehtoja: Tarjoamme kattavan valikoiman hydraulisylintereit\u00e4, mukaan lukien s\u00e4\u00e4dett\u00e4v\u00e4t haarukkatyyppiset sylinterit, raidetangosylinterit, hitsatut sylinterit, teleskooppisylinterit ja kompaktisylinterit. Olivatpa rakennuskoneesi tarpeet mitk\u00e4 tahansa, meill\u00e4 on sinulle t\u00e4ydellinen sylinteri.<\/li>\n<li>Huippulaatu: Kaikki hydraulisylinterimme on valmistettu korkealaatuisista materiaaleista ja ne k\u00e4yv\u00e4t l\u00e4pi tiukat laadunvalvontatarkastukset. Varmistamme, ett\u00e4 jokainen sylinteri t\u00e4ytt\u00e4\u00e4 tiukat alan standardit, mik\u00e4 tarjoaa luotettavan ja kest\u00e4v\u00e4n suorituskyvyn.<\/li>\n<li>R\u00e4\u00e4t\u00e4l\u00f6inti: Ymm\u00e4rr\u00e4mme, ett\u00e4 jokaisella rakennusprojektilla on ainutlaatuiset vaatimukset. Siksi tarjoamme hydraulisylintereillemme r\u00e4\u00e4t\u00e4l\u00f6intivaihtoehtoja. Olipa kyseess\u00e4 sitten koko, kiinnitystapa tai paineluokitus, voimme r\u00e4\u00e4t\u00e4l\u00f6id\u00e4 sylinterin juuri sinun tarpeisiisi.<\/li>\n<li>Asiantunteva ohjaus: Asiantunteva myyntitiimimme tuntee rakennuskoneet hyvin. He voivat tarjota ammattimaista tuotekonsultointia ja auttaa sinua valitsemaan oikean hydraulisylinterin laitteillesi. Olemme sitoutuneet l\u00f6yt\u00e4m\u00e4\u00e4n parhaat ratkaisut asiakkaillemme.<\/li>\n<li>Tehokas jakelu: Meill\u00e4 on k\u00e4yt\u00f6ss\u00e4 tehokas logistiikkaj\u00e4rjestelm\u00e4, joka varmistaa, ett\u00e4 saat hydraulisylinterisi ajallaan ja t\u00e4sm\u00e4llisesti. Voit luottaa siihen, ett\u00e4 toimitamme tarvitsemasi osat silloin, kun niit\u00e4 tarvitset, mik\u00e4 minimoi koneesi seisokkiajat.<\/li>\n<\/ol>\n<p>Valitse FMP hydraulisylinteritarpeisiisi ja koe ero. Ota meihin yhteytt\u00e4 jo t\u00e4n\u00e4\u00e4n ja keskustele siit\u00e4, miten voimme t\u00e4ytt\u00e4\u00e4 rakennuskonevaatimuksesi.<\/p>\n<p>Tekij\u00e4: CX<\/p>","protected":false},"excerpt":{"rendered":"<p>The Factory Provide Long Stroke Tow Truck Dump Truck 4 Stage Hydraulic Cylinder The Factory Provide Long Stroke Tow Truck Dump Truck 4 Stage Hydraulic Cylinder is a newly launched product designed for use in various industries, including manufacturing plants, machinery repair shops, farms, and energy and mining sectors. This inverted telescopic type cylinder has [&hellip;]<\/p>","protected":false},"featured_media":1630,"comment_status":"closed","ping_status":"closed","template":"","meta":{"_et_pb_use_builder":"","_et_pb_old_content":"","_et_gb_content_width":""},"product_brand":[],"product_cat":[45],"product_tag":[34,48],"class_list":{"0":"post-1629","1":"product","2":"type-product","3":"status-publish","4":"has-post-thumbnail","6":"product_cat-inverted-telescopic-cylinder","7":"product_tag-hydraulic-cylinder","8":"product_tag-inverted-telescopic-cylinder","10":"first","11":"instock","12":"product-type-simple"},"_links":{"self":[{"href":"https:\/\/fmp-components.com\/fi\/wp-json\/wp\/v2\/product\/1629","targetHints":{"allow":["GET"]}}],"collection":[{"href":"https:\/\/fmp-components.com\/fi\/wp-json\/wp\/v2\/product"}],"about":[{"href":"https:\/\/fmp-components.com\/fi\/wp-json\/wp\/v2\/types\/product"}],"replies":[{"embeddable":true,"href":"https:\/\/fmp-components.com\/fi\/wp-json\/wp\/v2\/comments?post=1629"}],"wp:featuredmedia":[{"embeddable":true,"href":"https:\/\/fmp-components.com\/fi\/wp-json\/wp\/v2\/media\/1630"}],"wp:attachment":[{"href":"https:\/\/fmp-components.com\/fi\/wp-json\/wp\/v2\/media?parent=1629"}],"wp:term":[{"taxonomy":"product_brand","embeddable":true,"href":"https:\/\/fmp-components.com\/fi\/wp-json\/wp\/v2\/product_brand?post=1629"},{"taxonomy":"product_cat","embeddable":true,"href":"https:\/\/fmp-components.com\/fi\/wp-json\/wp\/v2\/product_cat?post=1629"},{"taxonomy":"product_tag","embeddable":true,"href":"https:\/\/fmp-components.com\/fi\/wp-json\/wp\/v2\/product_tag?post=1629"}],"curies":[{"name":"wp","href":"https:\/\/api.w.org\/{rel}","templated":true}]}}