{"id":1615,"date":"2024-12-23T06:59:20","date_gmt":"2024-12-23T06:59:20","guid":{"rendered":"https:\/\/fmp-components.com\/product\/factory-customized-hydraulic-cylinder-double-acting-telescopic-hydraulic-cylinder-for-sale\/"},"modified":"2024-12-23T08:41:39","modified_gmt":"2024-12-23T08:41:39","slug":"factory-customized-hydraulic-cylinder-double-acting-telescopic-hydraulic-cylinder-for-sale","status":"publish","type":"product","link":"https:\/\/fmp-components.com\/fi\/product\/factory-customized-hydraulic-cylinder-double-acting-telescopic-hydraulic-cylinder-for-sale\/","title":{"rendered":"Tehtaan r\u00e4\u00e4t\u00e4l\u00f6ity hydraulisylinteri, kaksitoiminen teleskooppinen hydraulisylinteri myyt\u00e4v\u00e4n\u00e4"},"content":{"rendered":"<h2>Tehtaan r\u00e4\u00e4t\u00e4l\u00f6ity hydraulisylinteri, kaksitoiminen teleskooppinen hydraulisylinteri myyt\u00e4v\u00e4n\u00e4<\/h2>\n<p>Tehdaskohtaisesti r\u00e4\u00e4t\u00e4l\u00f6ity hydraulisylinteri on korkealaatuinen tuote, joka on suunniteltu vastaamaan eri teollisuudenalojen erityistarpeisiin. Se on kaksitoiminen teleskooppinen hydraulisylinteri, joka tarjoaa poikkeuksellisen suorituskyvyn ja luotettavuuden.<\/p>\n<p>Edistyksellisen suunnittelunsa ja rakenteensa ansiosta t\u00e4m\u00e4 hydraulisylinteri tarjoaa tasaisen ja tarkan liikkeen sek\u00e4 ojennus- ett\u00e4 sis\u00e4\u00e4nvetovaiheessa. Se on rakennettu kest\u00e4m\u00e4\u00e4n raskaita kuormia ja ankaria k\u00e4ytt\u00f6olosuhteita, joten se sopii monenlaisiin k\u00e4ytt\u00f6tarkoituksiin.<\/p>\n<p>Tehdaskohtaisesti r\u00e4\u00e4t\u00e4l\u00f6ity hydraulisylinteri on valmistettu huippulaatuisista materiaaleista, mik\u00e4 takaa kest\u00e4vyyden ja pitk\u00e4n k\u00e4ytt\u00f6i\u00e4n. Se k\u00e4y l\u00e4pi tiukat testaus- ja laadunvalvontatoimenpiteet kansainv\u00e4listen standardien t\u00e4ytt\u00e4miseksi, mik\u00e4 takaa sen erinomaisen suorituskyvyn ja turvallisuuden.<\/p>\n<p>T\u00e4m\u00e4 hydraulisylinteri on eritt\u00e4in muokattavissa, joten asiakkaat voivat r\u00e4\u00e4t\u00e4l\u00f6id\u00e4 sen omiin tarpeisiinsa. Olipa kyseess\u00e4 sitten iskunpituus, reik\u00e4koko, kiinnitystapa tai muut ominaisuudet, tehtaalla r\u00e4\u00e4t\u00e4l\u00f6ity hydraulisylinteri voidaan r\u00e4\u00e4t\u00e4l\u00f6id\u00e4 t\u00e4ydellisesti mihin tahansa sovellukseen.<\/p>\n<p>Poikkeuksellisen suorituskykyns\u00e4 lis\u00e4ksi t\u00e4m\u00e4 hydraulisylinteri tunnetaan my\u00f6s helposta asennuksestaan \u200b\u200bja huollostaan. Se on suunniteltu vaivatonta k\u00e4ytt\u00f6\u00e4 varten, minimoimaan seisokkiajat ja maksimoimaan tuottavuuden.<\/p>\n<p>Luotettavuuden, suorituskyvyn ja r\u00e4\u00e4t\u00e4l\u00f6intimahdollisuuksien suhteen tehtaalla r\u00e4\u00e4t\u00e4l\u00f6ity hydraulisylinteri on ihanteellinen valinta. Erinomaisten ominaisuuksiensa ja etujensa ansiosta se on arvokas voimavara teollisuudenaloille, jotka vaativat tehokasta ja tarkkaa hydrauliikkaa.<\/p>\n<p>Jos haluat lis\u00e4tietoja tai tiedustella tehtaalla r\u00e4\u00e4t\u00e4l\u00f6idyst\u00e4 kaksitoimisesta teleskooppisesta hydraulisylinterist\u00e4, ota meihin yhteytt\u00e4. Asiantuntijatiimimme on valmiina auttamaan sinua ja tarjoamaan parhaan ratkaisun hydraulisille tarpeillesi.<\/p>\n<table style=\"width: 100%;\" border=\"1\" width=\"100%\" cellspacing=\"0\" cellpadding=\"0\">\n<tbody>\n<tr>\n<th>Tuotteen nimi<\/th>\n<td>Tehdasvalmisteinen kaksitoiminen teleskooppinen hydraulisylinteri<\/td>\n<\/tr>\n<tr>\n<th>Kunto<\/th>\n<td>Uusi<\/td>\n<\/tr>\n<tr>\n<th>Takuu<\/th>\n<td>1 vuosi<\/td>\n<\/tr>\n<tr>\n<th>Paino (kg)<\/th>\n<td>48<\/td>\n<\/tr>\n<tr>\n<th>Virtal\u00e4hde<\/th>\n<td>Hydraulinen<\/td>\n<\/tr>\n<tr>\n<th>Materiaali<\/th>\n<td>Ter\u00e4s<\/td>\n<\/tr>\n<tr>\n<th>Maksimi ty\u00f6nt\u00f6voima<\/th>\n<td>3000<\/td>\n<\/tr>\n<tr>\n<th>Maksimiveto<\/th>\n<td>20 tonnia<\/td>\n<\/tr>\n<tr>\n<th>Sylinterityyppi<\/th>\n<td>K\u00e4\u00e4nteinen teleskooppisylinteri<\/td>\n<\/tr>\n<tr>\n<th>Portit<\/th>\n<td>G\/SAE\/NPT\/M<\/td>\n<\/tr>\n<tr>\n<th>Rei\u00e4n koko<\/th>\n<td>2\u20136 tuumaa<\/td>\n<\/tr>\n<tr>\n<th>Tangon koko<\/th>\n<td>1,125\u20134 tuumaa<\/td>\n<\/tr>\n<tr>\n<th>Iskun koko<\/th>\n<td>6\u201348 tuumaa<\/td>\n<\/tr>\n<tr>\n<th>Tapin koko<\/th>\n<td>0,5\u20132 tuumaa<\/td>\n<\/tr>\n<tr>\n<th>V\u00e4ri<\/th>\n<td>Musta<\/td>\n<\/tr>\n<tr>\n<th>Sertifiointi<\/th>\n<td>ISO9001:2000<\/td>\n<\/tr>\n<tr>\n<th>Testaus<\/th>\n<td>Videol\u00e4hetystarkastus ja konetestausraportti sis\u00e4ltyv\u00e4t hintaan<\/td>\n<\/tr>\n<tr>\n<th>Sovellettavat toimialat<\/th>\n<td>Tuotantolaitokset, Konekorjaamot, Maatilat, Energia ja kaivostoiminta, Koneiden valmistus<\/td>\n<\/tr>\n<\/tbody>\n<\/table>\n<h2>Esittelyss\u00e4 tehtaalla r\u00e4\u00e4t\u00e4l\u00f6idyt hydraulisylinterimme<\/h2>\n<p>&nbsp;<\/p>\n<p><img decoding=\"async\" src=\"https:\/\/hzpt.com\/wp-content\/uploads\/2023\/11\/Inverted-Telescopic-Cylinder-19.webp\" alt=\"\" title=\"\"><\/p>\n<h2>Teleskooppisen hydraulisylinterin ominaisuudet<\/h2>\n<ul>\n<li>Kaksitoiminen: Se pystyy kohdistamaan voimaa molempiin suuntiin, mik\u00e4 lis\u00e4\u00e4 sen monipuolisuutta.<\/li>\n<li>Teleskooppinen: Sylinteri\u00e4 voidaan pident\u00e4\u00e4 ja lyhent\u00e4\u00e4 eri pituuksiin, mik\u00e4 tarjoaa enemm\u00e4n joustavuutta sovelluksissa.<\/li>\n<li>Suuri ty\u00f6nt\u00f6voima ja vetokyky: Suurimman 3000 tonnin ty\u00f6nt\u00f6voiman ja suurimman 20 tonnin vetovoiman ansiosta se selviytyy tehokkaasti raskaista t\u00f6ist\u00e4.<\/li>\n<li>ISO9001:2000-sertifioitu: Tuote t\u00e4ytt\u00e4\u00e4 kansainv\u00e4liset standardit, mik\u00e4 varmistaa sen laadun ja turvallisuuden.<\/li>\n<li>Kest\u00e4v\u00e4 materiaali: Sylinterin runko on valmistettu ter\u00e4ksest\u00e4, mik\u00e4 takaa sen kest\u00e4vyyden ja pitk\u00e4n k\u00e4ytt\u00f6i\u00e4n.<\/li>\n<\/ul>\n<h2>Teleskooppisen hydraulisylinterin sovellukset<\/h2>\n<p><img decoding=\"async\" src=\"https:\/\/hzpt.com\/wp-content\/uploads\/2023\/11\/Inverted-Telescopic-Cylinder-Applications.webp\" alt=\"K\u00e4\u00e4nteisen teleskooppisylinterin sovellukset\" title=\"\"><\/p>\n<h2>Toimintaperiaate ja huoltomenetelm\u00e4t<\/h2>\n<p>Teleskooppinen hydraulisylinteri toimii hydraulisen paineen periaatteella. Sylinterin sis\u00e4ll\u00e4 oleva paineistettu neste luo voiman, joka liikuttaa m\u00e4nt\u00e4\u00e4, mik\u00e4 puolestaan \u200b\u200bmuuttaa sylinterin pituutta. Sylinterin pitk\u00e4n k\u00e4ytt\u00f6i\u00e4n varmistamiseksi noudata seuraavia huoltomenetelmi\u00e4:<\/p>\n<ul>\n<li>S\u00e4\u00e4nn\u00f6llinen tarkastus: Tarkista sylinteri s\u00e4\u00e4nn\u00f6llisesti mahdollisten vaurioiden tai kulumisen varalta.<\/li>\n<li>Puhdistus: Pid\u00e4 sylinteri puhtaana, jotta roskat eiv\u00e4t h\u00e4iritse sen toimintaa.<\/li>\n<li>Voitelu: Voitele sylinteri s\u00e4\u00e4nn\u00f6llisesti varmistaaksesi sujuvan toiminnan.<\/li>\n<li>S\u00e4\u00e4nn\u00f6lliset tarkastukset ja korjaukset: Aikatauluta s\u00e4\u00e4nn\u00f6lliset tarkastukset ja v\u00e4litt\u00f6m\u00e4t korjaukset pit\u00e4\u00e4ksesi sylinterin huippukunnossa.<\/li>\n<li>Tiivisteiden vaihto: Vaihda tiivisteet k\u00e4ytt\u00f6oppaan mukaisesti vuotojen est\u00e4miseksi ja tehokkaan toiminnan yll\u00e4pit\u00e4miseksi.<\/li>\n<\/ul>\n<p><img decoding=\"async\" src=\"https:\/\/hzpt.com\/wp-content\/uploads\/2023\/11\/Inverted-Telescopic-Cylinder-16.webp\" alt=\"\" title=\"\"><\/p>\n<h2>K\u00e4\u00e4nteinen teleskooppisylinteri<\/h2>\n<p>Tehtaan r\u00e4\u00e4t\u00e4l\u00f6im\u00e4 hydraulisylinteri Kaksitoiminen teleskooppinen hydraulisylinteri myyt\u00e4v\u00e4n\u00e4: K\u00e4\u00e4nteinen teleskooppisylinteri on er\u00e4\u00e4nlainen hydraulisylinteri, jota k\u00e4ytet\u00e4\u00e4n erilaisissa teollisissa sovelluksissa. Se on sylinterityyppi, jossa on m\u00e4nn\u00e4nvarsi, joka ulottuu alasp\u00e4in perinteisen teleskooppisylinterin sijaan yl\u00f6sp\u00e4in. T\u00e4m\u00e4 ainutlaatuinen rakenne mahdollistaa suuremman joustavuuden k\u00e4yt\u00f6ss\u00e4 ja sylinterin k\u00e4yt\u00f6n monissa eri sovelluksissa.<\/p>\n<h3>Design<\/h3>\n<p>K\u00e4\u00e4nteinen teleskooppisylinteri koostuu sarjasta sis\u00e4kk\u00e4in asetettuja putkia. Sisin putki on kiinnitetty m\u00e4nn\u00e4nvarteen ja liikkuu yl\u00f6s ja alas k\u00e4yt\u00f6n aikana. Ulommat putket ovat kiinte\u00e4sti paikoillaan ja tukevat sis\u00e4putkea. Jokainen putki on hieman suurempi kuin sit\u00e4 ymp\u00e4r\u00f6iv\u00e4 putki, mink\u00e4 ansiosta ne voivat liukua sis\u00e4kk\u00e4in k\u00e4yt\u00f6n aikana.<\/p>\n<p>Sylinteri on suunniteltu kaksitoimiseksi, mik\u00e4 tarkoittaa, ett\u00e4 hydraulinestett\u00e4 k\u00e4ytet\u00e4\u00e4n m\u00e4nn\u00e4nvarren ty\u00f6nt\u00e4miseen molempiin suuntiin. T\u00e4m\u00e4 mahdollistaa sylinterin k\u00e4yt\u00f6n monissa eri sovelluksissa, kuten raskaiden kuormien nostamisessa, esineiden ty\u00f6nt\u00e4misess\u00e4 ja vet\u00e4misess\u00e4 ja muissa vastaavissa.<\/p>\n<h3>Sovellukset<\/h3>\n<p>K\u00e4\u00e4nteist\u00e4 teleskooppisylinteri\u00e4 k\u00e4ytet\u00e4\u00e4n monissa teollisissa sovelluksissa, kuten rakentamisessa, maataloudessa ja valmistuksessa. Joitakin yleisi\u00e4 k\u00e4ytt\u00f6tarkoituksia ovat:<\/p>\n<ul>\n<li>Raskaiden kuormien nostaminen ja laskeminen<\/li>\n<li>Suurten esineiden siirt\u00e4minen<\/li>\n<li>Ty\u00f6nt\u00f6- ja vetolaitteet<\/li>\n<li>Koneiden liikkeen hallinta<\/li>\n<\/ul>\n<p>Ainutlaatuisen rakenteensa ja monipuolisuutensa ansiosta k\u00e4\u00e4nteiset teleskooppisylinterit r\u00e4\u00e4t\u00e4l\u00f6id\u00e4\u00e4n usein kunkin sovelluksen erityistarpeisiin. T\u00e4m\u00e4 r\u00e4\u00e4t\u00e4l\u00f6inti voi sis\u00e4lt\u00e4\u00e4 koon, iskunpituuden ja muiden keskeisten parametrien s\u00e4\u00e4t\u00f6j\u00e4 optimaalisen suorituskyvyn varmistamiseksi kussakin tilanteessa.<\/p>\n<h3>Edut<\/h3>\n<p>Yksi k\u00e4\u00e4nteisen teleskooppisylinterin t\u00e4rkeimmist\u00e4 eduista on sen kompakti rakenne. Koska sylinteri taittuu kokoon, se vie v\u00e4hemm\u00e4n tilaa kuin perinteiset sylinterit. T\u00e4m\u00e4 tekee siit\u00e4 ihanteellisen k\u00e4ytett\u00e4v\u00e4ksi ahtaissa tiloissa tai sovelluksissa, joissa tilaa on rajoitetusti.<\/p>\n<p>K\u00e4\u00e4nteinen teleskooppisylinteri on my\u00f6s eritt\u00e4in kest\u00e4v\u00e4 ja kulumisnkest\u00e4v\u00e4. T\u00e4m\u00e4 johtuu sen ainutlaatuisesta rakenteesta, joka mahdollistaa kuorman tasaisen jakautumisen koko sylinteriin. T\u00e4m\u00e4 tarkoittaa, ett\u00e4 sylinterin vikaantumisen tai vaurioitumisen todenn\u00e4k\u00f6isyys ajan my\u00f6t\u00e4 on pienempi, jopa raskaissa sovelluksissa.<\/p>\n<h3>Johtop\u00e4\u00e4t\u00f6s<\/h3>\n<p>K\u00e4\u00e4nteinen teleskooppisylinteri on monipuolinen ja eritt\u00e4in tehokas hydraulisylinteri, jota k\u00e4ytet\u00e4\u00e4n monenlaisissa teollisissa sovelluksissa. Ainutlaatuisen rakenteensa ja r\u00e4\u00e4t\u00e4l\u00f6it\u00e4vyytens\u00e4 ansiosta se on ihanteellinen valinta niille, jotka etsiv\u00e4t luotettavaa, kest\u00e4v\u00e4\u00e4 ja kustannustehokasta hydraulisylinteriratkaisua.<\/p>\n<h3>Tietoa FMP:st\u00e4 \u2013 Rakennuskoneiden osien ja kokonaisten koneiden ammattimainen myynti ja huolto<\/h3>\n<p>FMP on johtava italialainen yritys, joka on erikoistunut rakennuskoneiden osien ja kokonaisten koneiden myyntiin ja huoltoon. Monivuotisen kokemuksemme alalta ja ammattitaitoisen tiimimme ansiosta tarjoamme asiakkaillemme korkealaatuisia ja luotettavia ratkaisuja.<\/p>\n<h3>Hydraulisylinteri \u2013 Huippulaatuinen tuotteemme<\/h3>\n<p>Yksi huippulaatuisista tuotteistamme on hydraulisylinteri. T\u00e4ss\u00e4 on joitakin syit\u00e4, miksi sinun kannattaa valita FMP hydraulisylinteritarpeisiisi:<\/p>\n<ol>\n<li><strong>Korkealaatuiset materiaalit<\/strong>Hydraulisylinterimme on valmistettu huippulaatuisista materiaaleista kest\u00e4vyyden ja luotettavuuden varmistamiseksi.<\/li>\n<li><strong>Mukautettavat vaihtoehdot<\/strong>Tarjoamme laajan valikoiman mukautettavia vaihtoehtoja juuri sinun tarpeisiisi, mukaan lukien s\u00e4\u00e4dett\u00e4v\u00e4t haarukkatyyppiset sylinterit, kuten alla oleva.<\/li>\n<li><strong>Asiantuntijakonsultaatio<\/strong>Kokenut myyntitiimimme tuntee rakennuskoneteollisuuden kehitystrendit ja asiakastarpeet. He voivat tarjota ammattimaista tuotekonsultointia ja \u00e4lykk\u00e4it\u00e4 ostoehdotuksia.<\/li>\n<li><strong>Tehokas logistiikka-jakeluj\u00e4rjestelm\u00e4<\/strong>Meill\u00e4 on tehokas logistiikkaj\u00e4rjestelm\u00e4 varmistaaksemme, ett\u00e4 asiakkaat saavat tarvittavat osat ajallaan ja t\u00e4sm\u00e4llisesti.<\/li>\n<li><strong>Tiukat laatustandardit<\/strong>Luomalla pitk\u00e4aikaisia \u200b\u200bja vakaita yhteisty\u00f6suhteita monien korkealaatuisten toimittajien kanssa kotimaassa ja ulkomailla varmistamme, ett\u00e4 kaikki toimitetut osat t\u00e4ytt\u00e4v\u00e4t tiukat laatustandardit.<\/li>\n<\/ol>\n<p>Valitse FMP hydraulisylinteritarpeisiisi ja koe ero laadussa ja palvelussa.<\/p>\n<p><img decoding=\"async\" src=\"https:\/\/fmp-components.com\/wp-content\/uploads\/2024\/12\/Adjustable-Clevis-Type-Cylinders-6.webp\" alt=\"S\u00e4\u00e4dett\u00e4v\u00e4 haarukkatyyppinen sylinteri\" width=\"809\" title=\"\"><br \/>\nTekij\u00e4: CX<\/p>","protected":false},"excerpt":{"rendered":"<p>Factory Customized Hydraulic Cylinder Double Acting Telescopic Hydraulic Cylinder For Sale The Factory Customized Hydraulic Cylinder is a high-quality product designed to meet the specific needs of various industries. It is a double-acting telescopic hydraulic cylinder that offers exceptional performance and reliability. With its advanced design and construction, this hydraulic cylinder provides smooth and precise [&hellip;]<\/p>","protected":false},"featured_media":1616,"comment_status":"closed","ping_status":"closed","template":"","meta":{"_et_pb_use_builder":"","_et_pb_old_content":"","_et_gb_content_width":""},"product_brand":[],"product_cat":[45],"product_tag":[34,48],"class_list":{"0":"post-1615","1":"product","2":"type-product","3":"status-publish","4":"has-post-thumbnail","6":"product_cat-inverted-telescopic-cylinder","7":"product_tag-hydraulic-cylinder","8":"product_tag-inverted-telescopic-cylinder","10":"first","11":"instock","12":"product-type-simple"},"_links":{"self":[{"href":"https:\/\/fmp-components.com\/fi\/wp-json\/wp\/v2\/product\/1615","targetHints":{"allow":["GET"]}}],"collection":[{"href":"https:\/\/fmp-components.com\/fi\/wp-json\/wp\/v2\/product"}],"about":[{"href":"https:\/\/fmp-components.com\/fi\/wp-json\/wp\/v2\/types\/product"}],"replies":[{"embeddable":true,"href":"https:\/\/fmp-components.com\/fi\/wp-json\/wp\/v2\/comments?post=1615"}],"wp:featuredmedia":[{"embeddable":true,"href":"https:\/\/fmp-components.com\/fi\/wp-json\/wp\/v2\/media\/1616"}],"wp:attachment":[{"href":"https:\/\/fmp-components.com\/fi\/wp-json\/wp\/v2\/media?parent=1615"}],"wp:term":[{"taxonomy":"product_brand","embeddable":true,"href":"https:\/\/fmp-components.com\/fi\/wp-json\/wp\/v2\/product_brand?post=1615"},{"taxonomy":"product_cat","embeddable":true,"href":"https:\/\/fmp-components.com\/fi\/wp-json\/wp\/v2\/product_cat?post=1615"},{"taxonomy":"product_tag","embeddable":true,"href":"https:\/\/fmp-components.com\/fi\/wp-json\/wp\/v2\/product_tag?post=1615"}],"curies":[{"name":"wp","href":"https:\/\/api.w.org\/{rel}","templated":true}]}}