{"id":1611,"date":"2024-12-23T06:59:20","date_gmt":"2024-12-23T06:59:20","guid":{"rendered":"https:\/\/fmp-components.com\/product\/factory-direct-sale-long-stroke-hydraulic-cylinder-telescopic-hydraulic-cylinder-for-dump-trailer\/"},"modified":"2024-12-23T08:31:12","modified_gmt":"2024-12-23T08:31:12","slug":"factory-direct-sale-long-stroke-hydraulic-cylinder-telescopic-hydraulic-cylinder-for-dump-trailer","status":"publish","type":"product","link":"https:\/\/fmp-components.com\/fi\/product\/factory-direct-sale-long-stroke-hydraulic-cylinder-telescopic-hydraulic-cylinder-for-dump-trailer\/","title":{"rendered":"Tehtaan suoramyynti pitk\u00e4iskuinen hydraulisylinteri teleskooppinen hydraulisylinteri kippiper\u00e4vaunuun"},"content":{"rendered":"<h2>Tehtaan suoramyynti pitk\u00e4iskuinen hydraulisylinteri teleskooppinen hydraulisylinteri kippiper\u00e4vaunuun<\/h2>\n<p>Esittelyss\u00e4 tehtaan suoramyyntiin tarkoitettu pitk\u00e4iskuinen hydraulisylinteri, teleskooppinen hydraulisylinteri kippiper\u00e4vaunuun:<\/p>\n<p>Tarvitsetko korkealaatuista hydraulisylinteri\u00e4 kippiper\u00e4vaunuusi? \u00c4l\u00e4 etsi kauempaa, vaan valitse tehtaalta suoraan myyt\u00e4v\u00e4ksi tarkoitettu pitk\u00e4iskuinen hydraulisylinteri, teleskooppinen hydraulisylinteri. Huippuluokan rakenteensa ja poikkeuksellisen suorituskykyns\u00e4 ansiosta t\u00e4m\u00e4 hydraulisylinteri on suunniteltu vastaamaan kaikkiin per\u00e4vaunusi nosto- ja kippitarpeisiin.<\/p>\n<p>Pitk\u00e4n iskunpituuden ansiosta hydraulisylinterimme tarjoaa pidemm\u00e4n ulottuvuuden ja maksimaalisen nostokapasiteetin. T\u00e4m\u00e4 tarkoittaa, ett\u00e4 voit vaivattomasti nostaa ja laskea kippiper\u00e4vaunuasi, mik\u00e4 mahdollistaa materiaalien tehokkaan lastaamisen ja purkamisen. Sen teleskooppiominaisuus varmistaa sujuvan ja tarkan toiminnan ja mahdollistaa tarkan hallinnan kippiprosessissa.<\/p>\n<p>Hydraulisylinterimme on valmistettu ensiluokkaisista materiaaleista, mik\u00e4 takaa kest\u00e4vyyden ja pitk\u00e4n k\u00e4ytt\u00f6i\u00e4n. Vankan rakenteensa ansiosta se kest\u00e4\u00e4 raskaita kuormia ja ankaria ty\u00f6olosuhteita ja tarjoaa luotettavan suorituskyvyn jopa vaativimmissakin ymp\u00e4rist\u00f6iss\u00e4. Lis\u00e4ksi se on suunniteltu kest\u00e4m\u00e4\u00e4n korroosiota ja kulumista, mik\u00e4 tekee siit\u00e4 kustannustehokkaan investoinnin pitk\u00e4ll\u00e4 aikav\u00e4lill\u00e4.<\/p>\n<p><img decoding=\"async\" src=\"https:\/\/hzpt.com\/wp-content\/uploads\/2023\/11\/Inverted-Telescopic-Cylinder-2.webp\" alt=\"\" title=\"\"><\/p>\n<p>Suoramyyntiin suunniteltu hydraulisylinterimme poistaa v\u00e4lik\u00e4sien tarpeen varmistaen kilpailukykyisen hinnoittelun laadusta tinkim\u00e4tt\u00e4. Karsimalla v\u00e4lik\u00e4det voimme tarjota sinulle parhaan vastineen rahoillesi, mik\u00e4 tekee tuotteestamme erinomaisen valinnan sek\u00e4 yksityishenkil\u00f6ille ett\u00e4 yrityksille.<\/p>\n<p>Yhteenvetona voidaan todeta, ett\u00e4 tehtaan suoramyynniss\u00e4 oleva pitk\u00e4iskuinen hydraulisylinteri, teleskooppinen hydraulisylinteri kippiper\u00e4vaunuihin, on ihanteellinen ratkaisu niille, jotka etsiv\u00e4t luotettavaa ja tehokasta hydraulisylinteri\u00e4 kippiper\u00e4vaunuihinsa. Sen pitk\u00e4 iskunpituus, teleskooppinen rakenne, kest\u00e4vyys ja kilpailukykyinen hinta tekev\u00e4t siit\u00e4 markkinoilla erottuvan tuotteen. Investoi t\u00e4h\u00e4n hydraulisylinteriin ja koe parantunut tuottavuus ja mukavuus kippiper\u00e4vaunujesi toiminnassa. Investoi tehtaan suoramyynniss\u00e4 olevaan pitk\u00e4iskuiseen hydraulisylinteriin, teleskooppiseen hydraulisylinteriin kippiper\u00e4vaunuihin, ja koe erinomainen hydraulinen suorituskyky. T\u00e4m\u00e4 monipuolinen tuote sopii erinomaisesti useille eri toimialoille, kuten tuotantolaitoksille, konekorjaamoille, maatiloille, energia- ja kaivosteollisuudelle sek\u00e4 konetehtaille. Sen ydinkomponentit, laakeri ja m\u00e4nt\u00e4sylinteri, takaavat kest\u00e4vyyden ja tehokkuuden. Tukeva ter\u00e4smateriaali ja hydraulisella voimalla toimiva m\u00e4nt\u00e4sylinterirakenne tekev\u00e4t t\u00e4st\u00e4 tuotteesta luotettavan ja pitk\u00e4ik\u00e4isen.<\/p>\n<p>K\u00e4\u00e4nteinen teleskooppisylinterimme vakuuttaa huippuluokan ominaisuuksillaan, kuten vakiorakenteella ja luotettavan toiminnan takaavalla hydraulisella teholla, kest\u00e4v\u00e4ll\u00e4 ter\u00e4srunkomateriaalilla pitk\u00e4ik\u00e4isyyden takaamiseksi sek\u00e4 3000 tonnin enimm\u00e4isty\u00f6nt\u00f6voimalla ja 20 tonnin enimm\u00e4isvetovoimalla raskaisiin teht\u00e4viin. Lis\u00e4ksi se tukee useita erityyppisi\u00e4 porttityyppej\u00e4: G\/SAE\/NPT\/M ja on ISO9001:2000-sertifioitu, mik\u00e4 takaa laadun ja turvallisuuden.<\/p>\n<p>T\u00e4m\u00e4 hydraulisylinteri on monipuolinen ja sit\u00e4 k\u00e4ytet\u00e4\u00e4n lukuisilla teollisuudenaloilla, kuten tuotantolaitoksissa, konepajoissa, maatiloilla, energia- ja kaivosteollisuudessa, konevalmistuksessa ja konetehtaissa.<\/p>\n<p>Hydraulisylinterin toimintaperiaatteen ja huoltomenetelmien ymm\u00e4rt\u00e4minen on ratkaisevan t\u00e4rke\u00e4\u00e4. Joitakin t\u00e4rkeit\u00e4 huomioitavia seikkoja ovat sylinterin s\u00e4\u00e4nn\u00f6llinen kulumisen ja repeytymisen tarkastus, sylinterin puhdistaminen kertymien est\u00e4miseksi ja sujuvan toiminnan varmistamiseksi sek\u00e4 liikkuvien osien voitelu kitkan v\u00e4hent\u00e4miseksi. Lis\u00e4ksi varmista s\u00e4\u00e4nn\u00f6lliset tarkastukset ja korjaukset mahdollisten ongelmien tunnistamiseksi, tiivisteiden vaihto tarvittaessa ja k\u00e4ytt\u00f6oppaan noudattaminen turvallisen ja tehokkaan k\u00e4yt\u00f6n varmistamiseksi.<\/p>\n<h2>K\u00e4\u00e4nteinen teleskooppisylinteri<\/h2>\n<p>Hydraulisylinteri on mekaaninen laite, joka muuntaa hydraulisen energian lineaariseksi liikkeeksi. Yksi hydraulisylinterityyppi on k\u00e4\u00e4nteinen teleskooppisylinteri, jota k\u00e4ytet\u00e4\u00e4n laajalti eri teollisuudenaloilla ainutlaatuisen rakenteensa ja toiminnallisuutensa ansiosta. T\u00e4ss\u00e4 blogikirjoituksessa tutkimme k\u00e4\u00e4nteisen teleskooppisylinterin ominaisuuksia ja sovelluksia keskittyen sen etuihin ja hy\u00f6tyihin, joita se tuo erilaisiin hydraulij\u00e4rjestelmiin.<\/p>\n<h3>Tehtaan suoramyynti<\/h3>\n<p>K\u00e4\u00e4nteinen teleskooppisylinteri on saatavilla suoraan tehtaalta myynniss\u00e4, mik\u00e4 varmistaa, ett\u00e4 asiakkaat voivat ostaa sylinterin suoraan ilman v\u00e4lik\u00e4si\u00e4. T\u00e4m\u00e4 ei ainoastaan \u200b\u200balenna kustannuksia, vaan my\u00f6s takaa tuotteen aitouden ja laadun. V\u00e4lik\u00e4sien poistamisen ansiosta asiakkaat voivat nauttia kilpailukykyisist\u00e4 hinnoista ja olla suoraan yhteydess\u00e4 valmistajaan, mik\u00e4 mahdollistaa paremman r\u00e4\u00e4t\u00e4l\u00f6innin ja j\u00e4lkimyynnin palvelun.<\/p>\n<h3>Pitk\u00e4 isku<\/h3>\n<p>K\u00e4\u00e4nteinen teleskooppisylinteri on tunnettu pitk\u00e4st\u00e4 iskukapasiteetistaan. Ainutlaatuisen rakenteensa ansiosta se voi saavuttaa pidemm\u00e4n iskunpituuden tinkim\u00e4tt\u00e4 vakaudesta tai suorituskyvyst\u00e4. T\u00e4m\u00e4 tekee siit\u00e4 ihanteellisen sovelluksiin, jotka vaativat suurta liikerataa, kuten kippiper\u00e4vaunuihin, nostureihin ja rakennuslaitteisiin. K\u00e4\u00e4nteisen teleskooppisylinterin pitk\u00e4 iskukapasiteetin ansiosta se parantaa tehokkuutta ja tuottavuutta, mik\u00e4 mahdollistaa sujuvamman ja tarkemman toiminnan.<\/p>\n<h3>Hydraulinen sylinteri kippiper\u00e4vaunulle<\/h3>\n<p>Yksi k\u00e4\u00e4nteisen teleskooppisylinterin merkitt\u00e4vimmist\u00e4 sovelluksista on kippiper\u00e4vaunut. Sylinterin kest\u00e4v\u00e4 rakenne ja eritt\u00e4in lujat materiaalit tekev\u00e4t siit\u00e4 sopivan raskaisiin nosto- ja kippiteht\u00e4viin. Sylinterin pitk\u00e4 iskunpituus ja poikkeuksellinen kuormankantokyky varmistavat per\u00e4vaunun tasaisen ja hallitun kippauksen, mik\u00e4 mahdollistaa materiaalien tehokkaan purkamisen. K\u00e4\u00e4nteisen teleskooppisylinterin luotettavuus ja kest\u00e4vyys tekev\u00e4t siit\u00e4 ensisijaisen valinnan kippiper\u00e4vaunujen valmistajille.<\/p>\n<h3>Teleskooppinen hydraulisylinteri<\/h3>\n<p>K\u00e4\u00e4nteisen sylinterin teleskooppinen rakenne mahdollistaa useita pidennysvaiheita, mik\u00e4 lis\u00e4\u00e4 joustavuutta ja monipuolisuutta. Sylinterin jokaista vaihetta voidaan ohjata erikseen, mik\u00e4 mahdollistaa tarkat s\u00e4\u00e4d\u00f6t ja optimoidun suorituskyvyn erilaisissa k\u00e4ytt\u00f6olosuhteissa. Teleskooppista hydraulisylinteri\u00e4 k\u00e4ytet\u00e4\u00e4n laajalti sovelluksissa, joissa tilaa on rajoitetusti, koska se voi saavuttaa merkitt\u00e4v\u00e4n iskunpituuden my\u00f6s ahtaissa tiloissa. Sen kompakti koko ja tehokas toiminta tekev\u00e4t siit\u00e4 sopivan monille eri teollisuudenaloille, kuten maatalous, rakentaminen ja materiaalink\u00e4sittely.<\/p>\n<p>Yhteenvetona voidaan todeta, ett\u00e4 k\u00e4\u00e4nteinen teleskooppisylinteri tarjoaa ainutlaatuisia etuja ja hy\u00f6tyj\u00e4 hydraulij\u00e4rjestelmiss\u00e4. Sen saatavuus suoraan tehtaalta varmistaa kustannustehokkuuden, kun taas sen pitk\u00e4 iskunpituus parantaa tuottavuutta. Erityisesti kippiper\u00e4vaunuihin suunniteltu sylinteri tarjoaa luotettavat nosto- ja kippitoiminnot. Sylinterin teleskooppinen rakenne parantaa entisest\u00e4\u00e4n sen joustavuutta ja sopeutumiskyky\u00e4. K\u00e4ytettiinp\u00e4 sit\u00e4 sitten rakennuskoneissa tai materiaalink\u00e4sittelykoneissa, k\u00e4\u00e4nteinen teleskooppisylinteri osoittautuu arvokkaaksi komponentiksi eri teollisuudenaloilla.<\/p>\n<h3>Tietoja FMP:st\u00e4 \u2013 Hydraulisylinteri<\/h3>\n<p>FMP on johtava yritys rakennuskoneiden osien ja kokonaisten koneiden myynniss\u00e4 ja huollossa. Meill\u00e4 on vuosien kokemus alalta ja ammattitaitoinen asiantuntijatiimi, joka tarjoaa korkealaatuisia ja luotettavia rakennuskoneiden osia ja kokonaisia \u200b\u200bkoneratkaisuja. Laaja tuotevalikoimamme sis\u00e4lt\u00e4\u00e4 maatalouskoneiden vaihteistoja, planeettavaihteistoja, teollisuusvaihteistoja, maatalouskoneiden osia ja useita niihin sopivia huipputason lis\u00e4varusteita. Olemme sitoutuneet tarjoamaan asiakkaillemme parhaita tuotteita ja palveluita. T\u00e4ss\u00e4 on joitakin syit\u00e4, miksi sinun kannattaa valita FMP hydraulisylintereiksi:<\/p>\n<ol>\n<li><strong>Korkealaatuiset ja luotettavat tuotteet:<\/strong> FMP:ll\u00e4 asetamme tuotteidemme laadun etusijalle. Luomme pitk\u00e4aikaisia \u200b\u200bja vakaita yhteisty\u00f6suhteita korkealaatuisten toimittajien kanssa ymp\u00e4ri maailmaa. Kaikki toimittamamme osat t\u00e4ytt\u00e4v\u00e4t tiukat laatustandardit.<\/li>\n<li><strong>Laaja tuotevalikoima:<\/strong> Tarjoamme laajan valikoiman hydraulisylintereit\u00e4, mukaan lukien vakio- ja r\u00e4\u00e4t\u00e4l\u00f6ityj\u00e4 sylintereit\u00e4. S\u00e4\u00e4dett\u00e4v\u00e4 haarukkatyyppinen sylinterimme on suosittu tuote, joka on eritt\u00e4in kest\u00e4v\u00e4 ja s\u00e4\u00e4dett\u00e4viss\u00e4 vastaamaan erilaisiin tarpeisiin.<\/li>\n<li><strong>Ammattimainen myyntitiimi:<\/strong> Myyntitiimimme on kokenut ja taitava rakennuskonealalla. He tuntevat uusimmat kehitystrendit ja asiakkaiden tarpeet ja voivat tarjota ammattimaista tuotekonsultointia ja \u00e4lykk\u00e4it\u00e4 ostoehdotuksia.<\/li>\n<li><strong>Tehokas logistiikka jakelussa:<\/strong> Ymm\u00e4rr\u00e4mme, ett\u00e4 oikea-aikainen toimitus on asiakkaillemme ratkaisevan t\u00e4rke\u00e4\u00e4. Siksi olemme luoneet tehokkaan logistiikka- ja jakeluj\u00e4rjestelm\u00e4n varmistaaksemme, ett\u00e4 asiakkaat saavat tarvitsemansa osat ajallaan ja t\u00e4sm\u00e4llisesti.<\/li>\n<li><strong>Kilpailukykyiset hinnat:<\/strong> FMP:ll\u00e4 tarjoamme kilpailukykyisi\u00e4 hintoja laadusta tinkim\u00e4tt\u00e4. Pyrimme tarjoamaan asiakkaillemme parhaan vastineen rahoilleen.<\/li>\n<\/ol>\n<p><img decoding=\"async\" src=\"https:\/\/fmp-components.com\/wp-content\/uploads\/2024\/12\/Adjustable-Clevis-Type-Cylinders-6.webp\" alt=\"S\u00e4\u00e4dett\u00e4v\u00e4 haarukkatyyppinen sylinteri\" width=\"807\" title=\"\"><\/p>\n<p>Olemme omistautuneet tarjoamaan asiakkaillemme korkealaatuisia tuotteita ja palveluita, ja olemme varmoja, ett\u00e4 pystymme t\u00e4ytt\u00e4m\u00e4\u00e4n hydraulisylinteritarpeesi. \u00c4l\u00e4 ep\u00e4r\u00f6i ottaa meihin yhteytt\u00e4, jos sinulla on lis\u00e4kysymyksi\u00e4 tai haluat tehd\u00e4 tilauksen.<\/p>\n<p>Tekij\u00e4: CX<\/p>","protected":false},"excerpt":{"rendered":"<p>Factory Direct Sale Long Stroke Hydraulic Cylinder Telescopic Hydraulic Cylinder For Dump Trailer Introducing the Factory Direct Sale Long Stroke Hydraulic Cylinder Telescopic Hydraulic Cylinder For Dump Trailer: Are you in need of a high-quality hydraulic cylinder for your dump trailer? Look no further than our Factory Direct Sale Long Stroke Hydraulic Cylinder Telescopic Hydraulic [&hellip;]<\/p>","protected":false},"featured_media":1612,"comment_status":"closed","ping_status":"closed","template":"","meta":{"_et_pb_use_builder":"","_et_pb_old_content":"","_et_gb_content_width":""},"product_brand":[],"product_cat":[45],"product_tag":[34,48],"class_list":{"0":"post-1611","1":"product","2":"type-product","3":"status-publish","4":"has-post-thumbnail","6":"product_cat-inverted-telescopic-cylinder","7":"product_tag-hydraulic-cylinder","8":"product_tag-inverted-telescopic-cylinder","10":"first","11":"instock","12":"product-type-simple"},"_links":{"self":[{"href":"https:\/\/fmp-components.com\/fi\/wp-json\/wp\/v2\/product\/1611","targetHints":{"allow":["GET"]}}],"collection":[{"href":"https:\/\/fmp-components.com\/fi\/wp-json\/wp\/v2\/product"}],"about":[{"href":"https:\/\/fmp-components.com\/fi\/wp-json\/wp\/v2\/types\/product"}],"replies":[{"embeddable":true,"href":"https:\/\/fmp-components.com\/fi\/wp-json\/wp\/v2\/comments?post=1611"}],"wp:featuredmedia":[{"embeddable":true,"href":"https:\/\/fmp-components.com\/fi\/wp-json\/wp\/v2\/media\/1612"}],"wp:attachment":[{"href":"https:\/\/fmp-components.com\/fi\/wp-json\/wp\/v2\/media?parent=1611"}],"wp:term":[{"taxonomy":"product_brand","embeddable":true,"href":"https:\/\/fmp-components.com\/fi\/wp-json\/wp\/v2\/product_brand?post=1611"},{"taxonomy":"product_cat","embeddable":true,"href":"https:\/\/fmp-components.com\/fi\/wp-json\/wp\/v2\/product_cat?post=1611"},{"taxonomy":"product_tag","embeddable":true,"href":"https:\/\/fmp-components.com\/fi\/wp-json\/wp\/v2\/product_tag?post=1611"}],"curies":[{"name":"wp","href":"https:\/\/api.w.org\/{rel}","templated":true}]}}