{"id":1601,"date":"2024-12-23T06:59:20","date_gmt":"2024-12-23T06:59:20","guid":{"rendered":"https:\/\/fmp-components.com\/product\/quality-manufacturing-dump-truck-hydraulic-hoist-cylinder-double-acting-telescopic-hydraulic-cylinder\/"},"modified":"2024-12-23T08:29:13","modified_gmt":"2024-12-23T08:29:13","slug":"quality-manufacturing-dump-truck-hydraulic-hoist-cylinder-double-acting-telescopic-hydraulic-cylinder","status":"publish","type":"product","link":"https:\/\/fmp-components.com\/fi\/product\/quality-manufacturing-dump-truck-hydraulic-hoist-cylinder-double-acting-telescopic-hydraulic-cylinder\/","title":{"rendered":"Laadukas valmistus dumpperin hydraulisylinteri kaksitoimiselle teleskooppiselle hydraulisylinterille"},"content":{"rendered":"<h2>Esittelyss\u00e4 laadukas dumpperien hydraulinen nostosylinteri, kaksitoiminen teleskooppinen hydraulisylinteri:<\/h2>\n<p>Quality Manufacturing Dump Truck Hydraulic Hoist Cylinder on kaksitoiminen teleskooppinen hydraulisylinteri, joka on suunniteltu erityisesti dumpperiautoille. Se on valmistettu korkeimpien laatu- ja suorituskykystandardien mukaisesti.<\/p>\n<p>T\u00e4m\u00e4 hydraulisylinteri on rakennettu kest\u00e4m\u00e4\u00e4n raskaita kuormia ja toimimaan tehokkaasti vaativissa olosuhteissa. Sen kaksitoiminen rakenne mahdollistaa sek\u00e4 sylinterin pident\u00e4misen ett\u00e4 vet\u00e4misen sis\u00e4\u00e4n, mik\u00e4 tarjoaa tarkan hallinnan ja joustavuuden nosto- ja tyhjennystoiminnoissa.<\/p>\n<p>T\u00e4m\u00e4n hydraulisylinterin teleskooppinen rakenne mahdollistaa kompaktin mutta tehokkaan ratkaisun. Useiden vaiheiden ansiosta se voi saavuttaa pidemm\u00e4n iskun ja s\u00e4ilytt\u00e4\u00e4 samalla lyhyemm\u00e4n sis\u00e4\u00e4nvedetyn pituuden, mik\u00e4 tekee siit\u00e4 ihanteellisen sovelluksiin, joissa tilaa on rajoitetusti.<\/p>\n<p>Laadukas dumpperin hydraulinen nostosylinteri on suunniteltu kest\u00e4viksi ja luotettaviksi. Se on valmistettu korkealaatuisista materiaaleista ja se k\u00e4y l\u00e4pi tiukat testit kulumisen, korroosion ja vuotojen kest\u00e4vyyden varmistamiseksi. T\u00e4m\u00e4 varmistaa pitk\u00e4n k\u00e4ytt\u00f6i\u00e4n ja minimoi huoltotarpeet.<\/p>\n<p>Edistyksellisen hydraulisen rakenteensa ansiosta t\u00e4m\u00e4 sylinteri tarjoaa sujuvat ja tasaiset nosto- ja tyhjennystoiminnot. Se tarjoaa erinomaisen nostokapasiteetin ja hallinnan, mink\u00e4 ansiosta kippiautot voivat kuljettaa ja purkaa raskaita kuormia tehokkaasti.<\/p>\n<table style=\"width: 100%;\" border=\"1\" width=\"100%\" cellspacing=\"0\" cellpadding=\"0\">\n<tbody>\n<tr>\n<th>Tuotteen nimi<\/th>\n<td>Laadukas valmistus dumpperin hydraulisylinteri kaksitoimiselle teleskooppiselle hydraulisylinterille<\/td>\n<\/tr>\n<tr>\n<th>Kunto<\/th>\n<td>Uusi<\/td>\n<\/tr>\n<tr>\n<th>Takuu<\/th>\n<td>1 vuosi<\/td>\n<\/tr>\n<tr>\n<th>Paino (kg)<\/th>\n<td>48<\/td>\n<\/tr>\n<tr>\n<th>Design<\/th>\n<td>Kaksitoiminen teleskooppinen hydraulisylinteri<\/td>\n<\/tr>\n<tr>\n<th>Ydinkomponentit<\/th>\n<td>Laakeri ja m\u00e4nt\u00e4sylinteri<\/td>\n<\/tr>\n<tr>\n<th>Rakenne<\/th>\n<td>Vakiom\u00e4nt\u00e4sylinteri hydraulisella voimalla<\/td>\n<\/tr>\n<tr>\n<th>Suorituskyky<\/th>\n<td>Kest\u00e4v\u00e4 rakenne ja tarkka ohjaus<\/td>\n<\/tr>\n<tr>\n<th>Sovellettavat toimialat<\/th>\n<td>Tuotantolaitokset, konekorjaamot, maatilat, energia- ja kaivosteollisuus, konetehtaat<\/td>\n<\/tr>\n<\/tbody>\n<\/table>\n<p><img decoding=\"async\" src=\"https:\/\/hzpt.com\/wp-content\/uploads\/2023\/11\/Inverted-Telescopic-Cylinder-4.webp\" alt=\"\" title=\"\"><\/p>\n<h2>Hydraulisen nostosylinterin ominaisuudet<\/h2>\n<p>Hydraulinen nostosylinteri erottuu edukseen ainutlaatuisten ominaisuuksiensa ansiosta. T\u00e4ss\u00e4 on viisi keskeist\u00e4 kohtaa:<\/p>\n<ol>\n<li>Se on varustettu ter\u00e4srunkomateriaalilla, joka takaa kest\u00e4vyyden ja lujuuden.<\/li>\n<li>Hydraulisylinterin ty\u00f6nt\u00f6voima on enint\u00e4\u00e4n 3000 ja se voi vet\u00e4\u00e4 jopa 20 tonnia.<\/li>\n<li>T\u00e4m\u00e4 tuote on ISO9001:2000-sertifioitu, mik\u00e4 takaa sen laadun ja luotettavuuden.<\/li>\n<li>Hydraulinen nostosylinteri on saatavana mustana vakiov\u00e4rin\u00e4, joten se sopii saumattomasti mihin tahansa teollisuuslaitteeseen.<\/li>\n<li>Siin\u00e4 on erilaiset sylinterin halkaisijan, m\u00e4nn\u00e4n, iskun ja tapin koot erilaisten teollisuuden tarpeiden tyydytt\u00e4miseksi.<\/li>\n<\/ol>\n<h2>Hydraulisen nostosylinterin sovellukset<\/h2>\n<p>Kest\u00e4v\u00e4n rakenteensa ja monipuolisten ominaisuuksiensa ansiosta hydraulista nostosylinteri\u00e4 voidaan k\u00e4ytt\u00e4\u00e4 useilla eri teollisuudenaloilla. Se on erityisen hy\u00f6dyllinen tuotantolaitoksissa, konepajoissa ja maatiloilla. Lis\u00e4ksi se on edullinen energia- ja kaivosteollisuudessa, konevalmistuksessa ja konetehtaissa.<br \/>\n<img decoding=\"async\" src=\"https:\/\/hzpt.com\/wp-content\/uploads\/2023\/11\/Inverted-Telescopic-Cylinder-Applications.webp\" alt=\"Hydraulisylinterin sovellukset\" title=\"\"><\/p>\n<h2>Toimintaperiaate ja huoltomenetelm\u00e4t<\/h2>\n<p>Hydraulinen nostosylinteri toimii p\u00e4\u00e4st\u00e4m\u00e4ll\u00e4 nesteen sylinteriin ja ty\u00f6nt\u00e4m\u00e4ll\u00e4 m\u00e4nt\u00e4\u00e4 liikkumaan haluttuun suuntaan. Kaksitoiminen rakenne varmistaa tehokkaan toiminnan p\u00e4\u00e4st\u00e4m\u00e4ll\u00e4 nesteen sis\u00e4\u00e4n m\u00e4nn\u00e4n molemmilta puolilta. Huolto sis\u00e4lt\u00e4\u00e4:<\/p>\n<ol>\n<li>S\u00e4\u00e4nn\u00f6lliset tarkastukset sen varmistamiseksi, ett\u00e4 hydraulisylinteri toimii optimaalisesti.<\/li>\n<li>Hydraulisylinterin puhdistus lian ja roskien kertymisen est\u00e4miseksi.<\/li>\n<li>Voitelu kitkan ja kulumisen v\u00e4hent\u00e4miseksi.<\/li>\n<li>Tiivisteiden vaihto tarvittaessa nestevuotojen est\u00e4miseksi.<\/li>\n<li>Noudata k\u00e4ytt\u00f6ohjetta asianmukaisen k\u00e4yt\u00f6n ja huollon varmistamiseksi.<\/li>\n<\/ol>\n<p><img decoding=\"async\" src=\"https:\/\/hzpt.com\/wp-content\/uploads\/2023\/11\/Inverted-Telescopic-Cylinder-22.webp\" alt=\"\" title=\"\"><\/p>\n<h2>K\u00e4\u00e4nteinen teleskooppisylinteri<\/h2>\n<p>K\u00e4\u00e4nteinen teleskooppisylinteri, joka tunnetaan my\u00f6s kaksitoimisena teleskooppisena hydraulisylinterin\u00e4, on olennainen osa laadukkaita kippiautojen hydraulisia nostoj\u00e4rjestelmi\u00e4. Sen ainutlaatuinen rakenne ja toiminnallisuus tekev\u00e4t siit\u00e4 olennaisen osan hydraulij\u00e4rjestelm\u00e4\u00e4, mik\u00e4 tarjoaa tehokkuutta ja luotettavuutta erilaisissa teollisissa sovelluksissa.<\/p>\n<p>K\u00e4\u00e4nteinen teleskooppisylinteri koostuu useista vaiheista tai osista, jotka vet\u00e4ytyv\u00e4t sis\u00e4\u00e4n ja ulos, mik\u00e4 mahdollistaa maksimaalisen iskunpituuden ja vie mahdollisimman v\u00e4h\u00e4n tilaa. T\u00e4m\u00e4 rakenne mahdollistaa kompaktin ja tehokkaan hydraulij\u00e4rjestelm\u00e4n, mik\u00e4 tekee siit\u00e4 sopivan dumppereille ja muille raskaille koneille.<\/p>\n<p>Yksi k\u00e4\u00e4nteisen teleskooppisylinterin keskeisist\u00e4 eduista on sen kyky tuottaa suuri m\u00e4\u00e4r\u00e4 voimaa s\u00e4ilytt\u00e4en samalla lyhyen sis\u00e4\u00e4nvedetyn pituuden. T\u00e4m\u00e4 tekee siit\u00e4 ihanteellisen ratkaisun maansiirtoautojen hydraulisiin nostoj\u00e4rjestelmiin, joissa sylinterin on mahduttava k\u00e4ytett\u00e4viss\u00e4 olevaan rajoitettuun tilaan ja kyett\u00e4v\u00e4 nostamaan raskaita kuormia.<\/p>\n<p>Laadukas kippiauton hydraulinen nostosylinteri on valmistettu korkealaatuisista materiaaleista, kuten ter\u00e4ksest\u00e4, mik\u00e4 varmistaa kest\u00e4vyyden ja kulumiskest\u00e4vyyden. Sylinteri on suunniteltu kest\u00e4m\u00e4\u00e4n korkeita paineita ja tarjoamaan sujuvan ja tarkan toiminnan my\u00f6s vaativissa olosuhteissa.<\/p>\n<p>Kaksitoimiset teleskooppiset hydraulisylinterit tarjoavat merkitt\u00e4vi\u00e4 etuja muuntyyppisiin sylintereihin verrattuna. Kaksitoimisessa rakenteessa hydraulinestett\u00e4 k\u00e4ytet\u00e4\u00e4n sylinterin pident\u00e4miseen ja vet\u00e4miseen sis\u00e4\u00e4n, mik\u00e4 tarjoaa paremman hallinnan ja joustavuuden k\u00e4yt\u00f6ss\u00e4. T\u00e4m\u00e4 mahdollistaa kuorman tarkan sijoittelun ja kippiauton hydraulisen nostoj\u00e4rjestelm\u00e4n tehokkaan toiminnan.<\/p>\n<p>Sylinterin teleskooppinen rakenne mahdollistaa pidemm\u00e4n iskunpituuden perinteisiin sylintereihin verrattuna. Sylinterin jokainen vaihe ulottuu ja vet\u00e4ytyy itsen\u00e4isesti, mik\u00e4 pident\u00e4\u00e4 kokonaisiskunpituutta. T\u00e4m\u00e4 pidennetty iskunpituus mahdollistaa kuorma-autojen nostamisen suuremmille korkeuksille, mik\u00e4 parantaa niiden tuottavuutta ja monipuolisuutta rakennusty\u00f6mailla ja muissa teollisuusymp\u00e4rist\u00f6iss\u00e4.<\/p>\n<p>Laadukkaat, tarkasti valmistetut kippiautojen hydrauliset nostosylinterit on suunniteltu luotettavan ja tasaisen suorituskyvyn varmistamiseksi. Ne k\u00e4yv\u00e4t l\u00e4pi tiukat testaus- ja laadunvalvontatoimenpiteet alan standardien ja asiakkaiden vaatimusten t\u00e4ytt\u00e4miseksi. N\u00e4m\u00e4 sylinterit on suunniteltu kest\u00e4m\u00e4\u00e4n ankaria k\u00e4ytt\u00f6olosuhteita ja tarjoamaan pitk\u00e4n k\u00e4ytt\u00f6i\u00e4n, mik\u00e4 minimoi seisokkiajat ja yll\u00e4pitokustannukset.<\/p>\n<p>Yhteenvetona voidaan todeta, ett\u00e4 k\u00e4\u00e4nteinen teleskooppisylinteri, joka tunnetaan my\u00f6s kaksitoimisena teleskooppisena hydraulisylinterin\u00e4, on olennainen osa laadukkaita kippiautojen hydraulisia nostoj\u00e4rjestelmi\u00e4. Sen kompakti rakenne, kyky tuottaa suuria voimia ja tehokas toiminta tekev\u00e4t siit\u00e4 olennaisen elementin erilaisissa teollisissa sovelluksissa. Teleskooppirakenteensa ja kaksitoimisen toiminnallisuutensa ansiosta se tarjoaa erinomaisen iskunpituuden ja hallinnan, mik\u00e4 parantaa kippiautojen suorituskyky\u00e4 ja tuottavuutta. Laadukkaan valmistuksen ja tarkkuustekniikan ansiosta n\u00e4m\u00e4 sylinterit tarjoavat luotettavan ja kest\u00e4v\u00e4n toiminnan varmistaen kippiautojen hydraulisten nostoj\u00e4rjestelmien sujuvan toiminnan.<\/p>\n<h3>Tietoja FMP-hydraulisylinterist\u00e4<\/h3>\n<p><img decoding=\"async\" src=\"https:\/\/fmp-components.com\/wp-content\/uploads\/2024\/12\/Adjustable-Clevis-Type-Cylinders-6.webp\" alt=\"S\u00e4\u00e4dett\u00e4v\u00e4 haarukkatyyppinen sylinteri\" width=\"802\" title=\"\"><\/p>\n<p>FMP:ll\u00e4 olemme erikoistuneet korkealaatuisten hydraulisylintereiden tuotantoon ja myyntiin. Laajan kokemuksemme alalta ja ammattitaitoisen tiimimme avulla olemme sitoutuneet tarjoamaan asiakkaillemme luotettavia ja tehokkaita ratkaisuja heid\u00e4n rakennuskoneisiinsa. T\u00e4ss\u00e4 on tuotteidemme ja yrityksemme viisi keskeist\u00e4 etua:<\/p>\n<p>1. Laaja valikoima hydraulisylintereit\u00e4: Tarjoamme laajan valikoiman hydraulisylintereit\u00e4 erilaisiin rakennuskoneiden tarpeisiin. Vakiomittaisista sylintereist\u00e4 r\u00e4\u00e4t\u00e4l\u00f6ityihin ratkaisuihin, meill\u00e4 on asiantuntemusta vastata erityistarpeisiisi.<\/p>\n<p>2. Erinomainen laatu: Hydraulisylinterimme valmistetaan huippuluokan materiaaleista ja edistyneest\u00e4 teknologiasta, mik\u00e4 takaa poikkeuksellisen kest\u00e4vyyden ja suorituskyvyn. Jokainen sylinteri k\u00e4y l\u00e4pi tiukat laatutarkastukset t\u00e4ytt\u00e4\u00e4kseen alan korkeimmat standardit.<\/p>\n<p>3. Asiantunteva myyntitiimi: Kokenut myyntitiimimme tuntee rakennuskoneteollisuuden uusimmat trendit ja asiakkaiden vaatimukset. He tarjoavat ammattimaista tuotekonsultointia ja arvokkaita ostoehdotuksia auttaakseen sinua tekem\u00e4\u00e4n tietoon perustuvia p\u00e4\u00e4t\u00f6ksi\u00e4.<\/p>\n<p>4. Tehokas logistiikka ja jakelu: Ymm\u00e4rr\u00e4mme oikea-aikaisen toimituksen t\u00e4rkeyden. Tehokas logistiikkaj\u00e4rjestelm\u00e4mme varmistaa, ett\u00e4 saat tarvitsemasi hydraulisylinterit nopeasti ja tarkasti, mik\u00e4 minimoi seisokkiajat ja maksimoi tuottavuuden.<\/p>\n<p>5. Vahvat toimittajakumppanuudet: Olemme luoneet pitk\u00e4aikaisia \u200b\u200bja vakaita suhteita korkealaatuisiin toimittajiin maailmanlaajuisesti. T\u00e4m\u00e4n ansiosta voimme hankkia ja toimittaa rakennuskoneiden osia, jotka t\u00e4ytt\u00e4v\u00e4t tiukat laatustandardit, mik\u00e4 varmistaa hydraulisylintereidemme luotettavuuden ja pitk\u00e4ik\u00e4isyyden.<\/p>\n<p>Valitse FMP-hydraulisylinteri, jos tarvitset poikkeuksellista laatua, luotettavaa suorituskyky\u00e4 ja erinomaista asiakaspalvelua. Ryhdy yhteisty\u00f6kumppaniksemme jo t\u00e4n\u00e4\u00e4n ja koe ero rakennuskoneidesi toiminnassa.<br \/>\nTekij\u00e4: CX<\/p>","protected":false},"excerpt":{"rendered":"<p>Introducing the Quality Manufacturing Dump Truck Hydraulic Hoist Cylinder Double Acting Telescopic Hydraulic Cylinder: The Quality Manufacturing Dump Truck Hydraulic Hoist Cylinder is a double-acting telescopic hydraulic cylinder designed specifically for dump trucks. It is manufactured to the highest standards of quality and performance. This hydraulic cylinder is built to withstand heavy loads and operate [&hellip;]<\/p>","protected":false},"featured_media":1602,"comment_status":"closed","ping_status":"closed","template":"","meta":{"_et_pb_use_builder":"","_et_pb_old_content":"","_et_gb_content_width":""},"product_brand":[],"product_cat":[45],"product_tag":[34,48],"class_list":{"0":"post-1601","1":"product","2":"type-product","3":"status-publish","4":"has-post-thumbnail","6":"product_cat-inverted-telescopic-cylinder","7":"product_tag-hydraulic-cylinder","8":"product_tag-inverted-telescopic-cylinder","10":"first","11":"instock","12":"product-type-simple"},"_links":{"self":[{"href":"https:\/\/fmp-components.com\/fi\/wp-json\/wp\/v2\/product\/1601","targetHints":{"allow":["GET"]}}],"collection":[{"href":"https:\/\/fmp-components.com\/fi\/wp-json\/wp\/v2\/product"}],"about":[{"href":"https:\/\/fmp-components.com\/fi\/wp-json\/wp\/v2\/types\/product"}],"replies":[{"embeddable":true,"href":"https:\/\/fmp-components.com\/fi\/wp-json\/wp\/v2\/comments?post=1601"}],"wp:featuredmedia":[{"embeddable":true,"href":"https:\/\/fmp-components.com\/fi\/wp-json\/wp\/v2\/media\/1602"}],"wp:attachment":[{"href":"https:\/\/fmp-components.com\/fi\/wp-json\/wp\/v2\/media?parent=1601"}],"wp:term":[{"taxonomy":"product_brand","embeddable":true,"href":"https:\/\/fmp-components.com\/fi\/wp-json\/wp\/v2\/product_brand?post=1601"},{"taxonomy":"product_cat","embeddable":true,"href":"https:\/\/fmp-components.com\/fi\/wp-json\/wp\/v2\/product_cat?post=1601"},{"taxonomy":"product_tag","embeddable":true,"href":"https:\/\/fmp-components.com\/fi\/wp-json\/wp\/v2\/product_tag?post=1601"}],"curies":[{"name":"wp","href":"https:\/\/api.w.org\/{rel}","templated":true}]}}