{"id":1599,"date":"2024-12-23T06:59:20","date_gmt":"2024-12-23T06:59:20","guid":{"rendered":"https:\/\/fmp-components.com\/product\/customized-double-acting-telescopic-hydraulic-cylinder-for-dump-trailer\/"},"modified":"2024-12-23T08:26:07","modified_gmt":"2024-12-23T08:26:07","slug":"customized-double-acting-telescopic-hydraulic-cylinder-for-dump-trailer","status":"publish","type":"product","link":"https:\/\/fmp-components.com\/fi\/product\/customized-double-acting-telescopic-hydraulic-cylinder-for-dump-trailer\/","title":{"rendered":"R\u00e4\u00e4t\u00e4l\u00f6ity kaksitoiminen teleskooppinen hydraulisylinteri kippiper\u00e4vaunulle"},"content":{"rendered":"<h2>Esittelyss\u00e4 r\u00e4\u00e4t\u00e4l\u00f6ity kaksitoiminen teleskooppinen hydraulisylinteri kippiper\u00e4vaunulle:<\/h2>\n<p>R\u00e4\u00e4t\u00e4l\u00f6ity kaksitoiminen teleskooppinen hydraulisylinteri on suunniteltu erityisesti kippiper\u00e4vaunuille, ja se tarjoaa erinomaisen suorituskyvyn ja kest\u00e4vyyden. T\u00e4m\u00e4 korkealaatuinen hydraulisylinteri on suunniteltu kest\u00e4m\u00e4\u00e4n raskaita kuormia ja ankaria ty\u00f6olosuhteita.<\/p>\n<p>T\u00e4rkeimm\u00e4t ominaisuudet:<\/p>\n<p>1. Kaksitoiminen: Sylinteri on suunniteltu toimimaan sek\u00e4 pidennys- ett\u00e4 sis\u00e4\u00e4nvetoliikkeess\u00e4, mik\u00e4 varmistaa tehokkaan ja monipuolisen k\u00e4yt\u00f6n.<\/p>\n<p>2. Teleskooppinen rakenne: Teleskooppirakenteensa ansiosta t\u00e4m\u00e4 hydraulisylinteri tarjoaa useita pidennysvaiheita, mik\u00e4 parantaa nostokyky\u00e4 ja hallintaa.<\/p>\n<p>3. Mukautettava: Sylinteri voidaan r\u00e4\u00e4t\u00e4l\u00f6id\u00e4 vastaamaan erityisvaatimuksia, mukaan lukien iskunpituus, kiinnitysvaihtoehdot ja paineluokat. T\u00e4m\u00e4 joustavuus varmistaa saumattoman integroinnin erilaisiin kippiper\u00e4vaunusovelluksiin.<\/p>\n<p>4. Ylivertainen lujuus: Ensiluokkaisista materiaaleista valmistettu sylinteri on poikkeuksellisen luja ja kest\u00e4v\u00e4, ja se tarjoaa optimaalisen suorituskyvyn my\u00f6s \u00e4\u00e4rimm\u00e4isiss\u00e4 kuormissa.<\/p>\n<p>5. Tarkkuustekniikka: Jokainen sylinteri on huolellisesti valmistettu tarkan liikkeen ja sujuvan toiminnan varmistamiseksi, mik\u00e4 takaa luotettavan ja tasaisen suorituskyvyn.<\/p>\n<p>6. Helppo asennus: Sylinteri on suunniteltu suoraviivaista asennusta varten, mik\u00e4 minimoi seisokkiajat ja maksimoi tuottavuuden.<\/p>\n<p>Sovellukset:<\/p>\n<p>R\u00e4\u00e4t\u00e4l\u00f6ity kaksitoiminen teleskooppinen hydraulisylinteri sopii monenlaisiin kippiper\u00e4vaunusovelluksiin, kuten rakennusty\u00f6maille, kaivostoimintaan, maatalouteen ja kuljetukseen. Sen kest\u00e4v\u00e4 rakenne ja luotettava suorituskyky tekev\u00e4t siit\u00e4 ihanteellisen valinnan raskaisiin ty\u00f6ymp\u00e4rist\u00f6ihin.<\/p>\n<table style=\"width: 100%;\" border=\"1\" width=\"100%\" cellspacing=\"0\" cellpadding=\"0\">\n<tbody>\n<tr>\n<th>Tuotteen nimi<\/th>\n<td>R\u00e4\u00e4t\u00e4l\u00f6ity kaksitoiminen teleskooppinen hydraulisylinteri kippiper\u00e4vaunulle<\/td>\n<\/tr>\n<tr>\n<th>Kunto<\/th>\n<td>Uusi<\/td>\n<\/tr>\n<tr>\n<th>Takuu<\/th>\n<td>1 vuosi<\/td>\n<\/tr>\n<tr>\n<th>Maksimi ty\u00f6nt\u00f6voima<\/th>\n<td>3000<\/td>\n<\/tr>\n<tr>\n<th>Maksimiveto<\/th>\n<td>20 tonnia<\/td>\n<\/tr>\n<tr>\n<th>Design<\/th>\n<td>Kaksitoiminen teleskooppisylinteri<\/td>\n<\/tr>\n<tr>\n<th>Ydinkomponentit<\/th>\n<td>Laakeri ja m\u00e4nt\u00e4sylinteri<\/td>\n<\/tr>\n<tr>\n<th>Materiaali<\/th>\n<td>Kest\u00e4v\u00e4 ter\u00e4s<\/td>\n<\/tr>\n<tr>\n<th>Virtal\u00e4hde<\/th>\n<td>Hydraulinen<\/td>\n<\/tr>\n<tr>\n<th>Sertifiointi<\/th>\n<td>ISO9001:2000<\/td>\n<\/tr>\n<tr>\n<th>Suorituskyky<\/th>\n<td>Poikkeuksellinen kest\u00e4vyys ja monipuolisuus<\/td>\n<\/tr>\n<tr>\n<th>Sovellettavat toimialat<\/th>\n<td>Tuotantolaitokset, Konekorjaamot, Maatilat, Energia ja kaivosteollisuus, Koneiden valmistus, Konetehtaat<\/td>\n<\/tr>\n<\/tbody>\n<\/table>\n<p><img decoding=\"async\" src=\"https:\/\/hzpt.com\/wp-content\/uploads\/2023\/11\/Inverted-Telescopic-Cylinder-10.webp\" alt=\"\" title=\"\"><\/p>\n<h2>Kaksitoimisen teleskooppisen hydraulisylinterin ominaisuudet<\/h2>\n<p>T\u00e4m\u00e4 innovatiivinen hydraulisylinteri on t\u00e4ynn\u00e4 huippuluokan ominaisuuksia, jotka tekev\u00e4t siit\u00e4 ainutlaatuisen tuotteen:<\/p>\n<ul>\n<li><b>Vakiorakenne:<\/b> Tuotteessa on vakiomainen m\u00e4nt\u00e4sylinterirakenne, joka varmistaa luotettavan suorituskyvyn.<\/li>\n<li><b>Maksimaalinen ty\u00f6nt\u00f6voima ja vetovoima:<\/b> Sen maksimity\u00f6nt\u00f6voima on 3000 tonnia ja maksimivetovoima 20 tonnia, mik\u00e4 takaa tehokkaan suorituskyvyn.<\/li>\n<li><b>Laadukkaat materiaalit:<\/b> Kest\u00e4v\u00e4st\u00e4 ter\u00e4ksest\u00e4 valmistettu sylinteri takaa kest\u00e4vyyden ja pitk\u00e4aikaisen k\u00e4yt\u00f6n.<\/li>\n<li><b>Mukauttaminen:<\/b> Sylinteri on musta, ja siin\u00e4 on mukautettava sylinterin halkaisija, m\u00e4nn\u00e4nvarren halkaisija, iskunpituus ja tapin koko.<\/li>\n<li><b>Sertifioitu:<\/b> Sylinterill\u00e4 on ISO9001:2000-sertifikaatti, joka takaa laadun ja alan standardien noudattamisen.<\/li>\n<\/ul>\n<h2>Hydraulisylinterin sovellukset<\/h2>\n<p>Kaksitoiminen teleskooppinen hydraulisylinteri sopii erinomaisesti useille teollisuudenaloille ja sovelluksiin. Se on erityisen hy\u00f6dyllinen tuotantolaitoksissa, konepajoissa, maatiloilla, energia- ja kaivosteollisuudessa, konevalmistuksessa ja konetehtaissa.<\/p>\n<p><img decoding=\"async\" src=\"https:\/\/hzpt.com\/wp-content\/uploads\/2023\/11\/Inverted-Telescopic-Cylinder-Applications.webp\" alt=\"K\u00e4\u00e4nteisen teleskooppisylinterin sovellukset\" title=\"\"><\/p>\n<h2>Hydraulisylinterin toimintaperiaate ja huolto<\/h2>\n<p>Kaksitoiminen teleskooppinen hydraulisylinteri toimii nestemekaniikan periaatteiden mukaisesti, joissa hydraulinen paine luo voiman, joka liikuttaa sylinterin m\u00e4nt\u00e4\u00e4. T\u00e4m\u00e4 toiminta voi tuottaa voimakkaan ty\u00f6nt\u00f6- tai vetovoiman, joka sopii erilaisiin teollisiin sovelluksiin. T\u00e4ss\u00e4 on joitakin t\u00e4rkeit\u00e4 huoltovinkkej\u00e4 sylinterin pitk\u00e4ik\u00e4isyyden varmistamiseksi:<\/p>\n<p><img decoding=\"async\" src=\"https:\/\/hzpt.com\/wp-content\/uploads\/2023\/11\/Inverted-Telescopic-Cylinder-17.webp\" alt=\"\" title=\"\"><\/p>\n<ul>\n<li><b>S\u00e4\u00e4nn\u00f6lliset tarkastukset:<\/b> Tarkista sylinteri s\u00e4\u00e4nn\u00f6llisesti kulumisen, repe\u00e4mien tai vaurioiden varalta. Varhainen havaitseminen voi est\u00e4\u00e4 lis\u00e4ongelmia.<\/li>\n<li><b>Puhdistus:<\/b> Pid\u00e4 sylinteri puhtaana, jotta v\u00e4ltyt\u00e4\u00e4n kertymilt\u00e4, \u200b\u200bjotka voivat heikent\u00e4\u00e4 sen suorituskyky\u00e4.<\/li>\n<li><b>Voitelu:<\/b> Voitele sylinteri s\u00e4\u00e4nn\u00f6llisesti varmistaaksesi tasaisen toiminnan ja v\u00e4hent\u00e4\u00e4ksesi kitkaa.<\/li>\n<li><b>Korjaus ja vaihto:<\/b> Jos vaurioita ilmenee, varmista oikea-aikaiset korjaukset tai vaihdot toiminnan keskeytysten v\u00e4ltt\u00e4miseksi.<\/li>\n<li><b>Noudata k\u00e4ytt\u00f6ohjetta:<\/b> Noudata aina k\u00e4ytt\u00f6ohjetta tarkkojen k\u00e4ytt\u00f6- ja huolto-ohjeiden saamiseksi.<\/li>\n<\/ul>\n<h2>K\u00e4\u00e4nteinen teleskooppisylinteri<\/h2>\n<p>R\u00e4\u00e4t\u00e4l\u00f6ity kaksitoiminen teleskooppinen hydraulisylinteri kippiper\u00e4vaunuille on erityinen hydraulisylinterityyppi, jota k\u00e4ytet\u00e4\u00e4n laajalti eri teollisuudenaloilla, erityisesti rakennus- ja kuljetusaloilla. T\u00e4m\u00e4 innovatiivinen sylinterirakenne tarjoaa lukuisia etuja, kuten lis\u00e4\u00e4ntyneen nostokyvyn, paremman vakauden ja paremman hallinnan raskaiden kuormien liikkeess\u00e4.<\/p>\n<p>Yksi r\u00e4\u00e4t\u00e4l\u00f6idyn kaksitoimisen teleskooppisen hydraulisylinterin keskeisist\u00e4 ominaisuuksista kippiper\u00e4vaunuille on sen k\u00e4\u00e4nteinen teleskooppirakenne. T\u00e4m\u00e4 tarkoittaa, ett\u00e4 sylinterin uloin vaihe on suurin ja jokainen seuraava vaihe pienenee asteittain. T\u00e4m\u00e4 ainutlaatuinen j\u00e4rjestely mahdollistaa kompaktin sis\u00e4\u00e4nvedetyn pituuden ja tarjoaa silti pidemm\u00e4n iskunpituuden tarvittaessa. K\u00e4\u00e4nteinen teleskooppirakenne edist\u00e4\u00e4 my\u00f6s sylinterin yleist\u00e4 vakautta ja kest\u00e4vyytt\u00e4.<\/p>\n<p>Tutkitaanpa nyt r\u00e4\u00e4t\u00e4l\u00f6idyn kaksitoimisen teleskooppisen hydraulisylinterin etuja kippiper\u00e4vaunulle:<\/p>\n<ol>\n<li><strong>Lis\u00e4\u00e4ntynyt nostokapasiteetti:<\/strong> K\u00e4\u00e4nteisen teleskooppirakenteen ansiosta sylinteri pystyy tukemaan suurempia kuormia verrattuna perinteisiin hydraulisylintereihin. T\u00e4m\u00e4 johtuu suuremman ulkovaiheen suuremmasta pinta-alasta, mik\u00e4 mahdollistaa paremman painonjakauman ja kuormankantokyvyn.<\/li>\n<li><strong>Parannettu hallinta:<\/strong> R\u00e4\u00e4t\u00e4l\u00f6ity kaksitoiminen teleskooppinen hydraulisylinteri kippiper\u00e4vaunuun tarjoaa poikkeuksellisen hyv\u00e4n hallinnan kippiper\u00e4vaunun liikkeelle. Monivaiheinen rakenne mahdollistaa tarkan asemoinnin ja sujuvan toiminnan varmistaen materiaalien turvallisen ja tehokkaan lastauksen ja purun.<\/li>\n<li><strong>Parannettu vakaus:<\/strong> K\u00e4\u00e4nteinen teleskooppirakenne parantaa vakautta noston ja laskun aikana. Suurempi ulkoalusta tarjoaa vankan tuen, mik\u00e4 minimoi kallistumis- tai kaatumisriskin raskaita kuormia k\u00e4sitelt\u00e4ess\u00e4.<\/li>\n<li><strong>Mukautusvaihtoehdot:<\/strong> R\u00e4\u00e4t\u00e4l\u00f6ity kaksitoiminen teleskooppinen hydraulisylinteri kippiper\u00e4vaunuille voidaan r\u00e4\u00e4t\u00e4l\u00f6id\u00e4 vastaamaan erityisvaatimuksia. T\u00e4m\u00e4 sis\u00e4lt\u00e4\u00e4 iskunpituuden, rei\u00e4n koon ja kiinnityskokoonpanojen mukauttamisen. N\u00e4m\u00e4 vaihtoehdot varmistavat yhteensopivuuden erilaisten kippiper\u00e4vaunumallien ja -sovellusten kanssa.<\/li>\n<\/ol>\n<p>Yhteenvetona voidaan todeta, ett\u00e4 r\u00e4\u00e4t\u00e4l\u00f6ity kaksitoiminen teleskooppinen hydraulisylinteri kippiper\u00e4vaunuille on monipuolinen ja luotettava hydraulisylinteriratkaisu. Sen k\u00e4\u00e4nteinen teleskooppinen rakenne, lis\u00e4\u00e4ntynyt nostokapasiteetti, parannettu hallinta, parannettu vakaus ja r\u00e4\u00e4t\u00e4l\u00f6intimahdollisuudet tekev\u00e4t siit\u00e4 ihanteellisen valinnan eri toimialoille. Olipa kyseess\u00e4 sitten rakennus- tai kuljetusala, t\u00e4m\u00e4 sylinteri tarjoaa erinomaisen suorituskyvyn ja tehokkuuden varmistaen optimaalisen tuottavuuden ja turvallisuuden kippiper\u00e4vaunujen toiminnassa.<\/p>\n<h3>Tietoja FMP-hydraulisylinterist\u00e4<\/h3>\n<p>FMP on johtava yritys, joka on erikoistunut korkealaatuisten rakennuskoneiden osien ja kokonaisten koneiden myyntiin ja huoltoon. Hydraulisylinterimme on yksi myydyimmist\u00e4 tuotteistamme, ja olemme ylpeit\u00e4 voidessamme esitell\u00e4 sen ominaisuuksia ja etuja asiakkaillemme:<\/p>\n<ol>\n<li><strong>Kest\u00e4v\u00e4 ja kest\u00e4v\u00e4:<\/strong> Hydraulisylinterimme on valmistettu korkealaatuisista materiaaleista, jotka takaavat sen kest\u00e4vyyden ja pitk\u00e4n k\u00e4ytt\u00f6i\u00e4n. Se on suunniteltu kest\u00e4m\u00e4\u00e4n ankaria ymp\u00e4rist\u00f6j\u00e4 ja raskasta k\u00e4ytt\u00f6\u00e4, joten se on ihanteellinen valinta rakennuskoneisiin.<\/li>\n<li><strong>Mukautettava:<\/strong> Tarjoamme laajan valikoiman hydraulisylintereit\u00e4, kuten s\u00e4\u00e4dett\u00e4vi\u00e4 haarukkatyyppisi\u00e4 sylintereit\u00e4, raidetangosylintereit\u00e4 ja hitsattuja sylintereit\u00e4. Asiantuntijatiimimme voi my\u00f6s r\u00e4\u00e4t\u00e4l\u00f6id\u00e4 sylintereit\u00e4 ainutlaatuisten vaatimustesi ja eritelmiesi mukaisesti.<\/li>\n<li><strong>Sujuva ja tehokas:<\/strong> Hydraulisylinteriss\u00e4mme on korkealaatuinen m\u00e4nn\u00e4n ja m\u00e4nn\u00e4nvarren tiiviste, joka varmistaa sujuvan ja tehokkaan toiminnan. Sen kompakti rakenne s\u00e4\u00e4st\u00e4\u00e4 asennustilaa ja v\u00e4hent\u00e4\u00e4 energiankulutusta.<\/li>\n<li><strong>Kustannustehokas:<\/strong> Hydraulisylinterimme on hinnoiteltu kilpailukykyisesti ja samalla korkealaatuinen. Sen v\u00e4h\u00e4inen huoltotarve ja pitk\u00e4 k\u00e4ytt\u00f6ik\u00e4 alentavat my\u00f6s asiakkaidemme k\u00e4ytt\u00f6kustannuksia.<\/li>\n<li><strong>Erinomainen asiakaspalvelu:<\/strong> FMP:ll\u00e4 meill\u00e4 on kokeneiden ja ammattitaitoisten myyntiedustajien tiimi, joka tarjoaa asiantuntevaa tuotekonsultointia ja \u00e4lykk\u00e4it\u00e4 ostoehdotuksia. Meill\u00e4 on my\u00f6s tehokas logistiikkaj\u00e4rjestelm\u00e4, joka varmistaa tuotteidemme oikea-aikaisen ja tarkan toimituksen asiakkaillemme.<\/li>\n<\/ol>\n<p>Yrityksen\u00e4, joka on toiminut alalla jo vuosia, olemme sitoutuneet tarjoamaan asiakkaillemme parhaita tuotteita ja palveluita. FMP-hydraulisylinterin avulla voit olla varma luotettavasta ja tehokkaasta hydraulij\u00e4rjestelm\u00e4st\u00e4 rakennuskoneidesi tarpeisiin.<\/p>\n<p><img decoding=\"async\" src=\"https:\/\/fmp-components.com\/wp-content\/uploads\/2024\/12\/Adjustable-Clevis-Type-Cylinders-6.webp\" alt=\"S\u00e4\u00e4dett\u00e4v\u00e4 haarukkatyyppinen sylinteri\" width=\"801\" title=\"\"><br \/>\nTekij\u00e4: CX<\/p>","protected":false},"excerpt":{"rendered":"<p>Introducing the Customized Double Acting Telescopic Hydraulic Cylinder For Dump Trailer: The Customized Double Acting Telescopic Hydraulic Cylinder is specifically designed for dump trailers, providing excellent performance and durability. This high-quality hydraulic cylinder is engineered to withstand heavy loads and harsh working conditions. Key Features: 1. Double Acting: The cylinder is designed to function in [&hellip;]<\/p>","protected":false},"featured_media":1600,"comment_status":"closed","ping_status":"closed","template":"","meta":{"_et_pb_use_builder":"","_et_pb_old_content":"","_et_gb_content_width":""},"product_brand":[],"product_cat":[45],"product_tag":[34,48],"class_list":{"0":"post-1599","1":"product","2":"type-product","3":"status-publish","4":"has-post-thumbnail","6":"product_cat-inverted-telescopic-cylinder","7":"product_tag-hydraulic-cylinder","8":"product_tag-inverted-telescopic-cylinder","10":"first","11":"instock","12":"product-type-simple"},"_links":{"self":[{"href":"https:\/\/fmp-components.com\/fi\/wp-json\/wp\/v2\/product\/1599","targetHints":{"allow":["GET"]}}],"collection":[{"href":"https:\/\/fmp-components.com\/fi\/wp-json\/wp\/v2\/product"}],"about":[{"href":"https:\/\/fmp-components.com\/fi\/wp-json\/wp\/v2\/types\/product"}],"replies":[{"embeddable":true,"href":"https:\/\/fmp-components.com\/fi\/wp-json\/wp\/v2\/comments?post=1599"}],"wp:featuredmedia":[{"embeddable":true,"href":"https:\/\/fmp-components.com\/fi\/wp-json\/wp\/v2\/media\/1600"}],"wp:attachment":[{"href":"https:\/\/fmp-components.com\/fi\/wp-json\/wp\/v2\/media?parent=1599"}],"wp:term":[{"taxonomy":"product_brand","embeddable":true,"href":"https:\/\/fmp-components.com\/fi\/wp-json\/wp\/v2\/product_brand?post=1599"},{"taxonomy":"product_cat","embeddable":true,"href":"https:\/\/fmp-components.com\/fi\/wp-json\/wp\/v2\/product_cat?post=1599"},{"taxonomy":"product_tag","embeddable":true,"href":"https:\/\/fmp-components.com\/fi\/wp-json\/wp\/v2\/product_tag?post=1599"}],"curies":[{"name":"wp","href":"https:\/\/api.w.org\/{rel}","templated":true}]}}