{"id":1544,"date":"2024-12-23T05:51:36","date_gmt":"2024-12-23T05:51:36","guid":{"rendered":"https:\/\/fmp-components.com\/product\/high-quality-double-acting-hydraulic-cylinder-hydraulic-ram-cylinder-snow-plow-hydraulic-cylinder\/"},"modified":"2025-03-18T02:08:49","modified_gmt":"2025-03-18T02:08:49","slug":"high-quality-double-acting-hydraulic-cylinder-hydraulic-ram-cylinder-snow-plow-hydraulic-cylinder","status":"publish","type":"product","link":"https:\/\/fmp-components.com\/fi\/product\/high-quality-double-acting-hydraulic-cylinder-hydraulic-ram-cylinder-snow-plow-hydraulic-cylinder\/","title":{"rendered":"Korkealaatuinen kaksitoiminen hydraulisylinteri, hydraulinen m\u00e4nn\u00e4n sylinteri, lumiauran hydraulisylinteri"},"content":{"rendered":"<p>Korkealaatuinen kaksitoiminen hydraulisylinteri, hydraulinen m\u00e4nn\u00e4n sylinteri, lumiauran hydraulisylinteri Tuotteen esittely: Korkealaatuinen kaksitoiminen hydraulisylinteri, hydraulinen m\u00e4nn\u00e4n sylinteri, lumiauran hydraulisylinteri<\/p>\n<p>Korkealaatuinen kaksitoiminen hydraulisylinteri, hydraulisylinteri, lumiauran hydraulisylinteri on luotettava ja kest\u00e4v\u00e4 tuote, joka on suunniteltu raskaisiin sovelluksiin. T\u00e4m\u00e4 hydraulisylinteri on valmistettu korkealaatuisista materiaaleista, mik\u00e4 varmistaa sen lujuuden ja kest\u00e4vyyden ankarissa olosuhteissa.<\/p>\n<p>Yksi t\u00e4m\u00e4n tuotteen t\u00e4rkeimmist\u00e4 ominaisuuksista on sen kaksitoiminen rakenne, joka mahdollistaa tehokkaan toiminnan molempiin suuntiin. Hydraulisylinteri on my\u00f6s varustettu hydraulisella m\u00e4nn\u00e4nsylinterill\u00e4, joka tarjoaa lis\u00e4\u00e4 voimaa ja nopeutta, joten se sopii t\u00e4ydellisesti k\u00e4ytett\u00e4v\u00e4ksi laajamittaisissa sovelluksissa, kuten lumiauroissa.<\/p>\n<p>Lis\u00e4ksi t\u00e4m\u00e4 hydraulisylinteri on suunniteltu v\u00e4h\u00e4huoltoiseksi, mik\u00e4 v\u00e4hent\u00e4\u00e4 seisokkiaikoja ja lis\u00e4\u00e4 tuottavuutta. Sen helppo asennus s\u00e4\u00e4st\u00e4\u00e4 my\u00f6s aikaa ja vaivaa kokoonpanoprosessissa, joten se on ihanteellinen valinta teollisiin ja kaupallisiin sovelluksiin.<\/p>\n<p>Kaiken kaikkiaan korkealaatuinen kaksitoiminen hydraulisylinteri, hydraulinen m\u00e4nn\u00e4n sylinteri, lumiauran hydraulisylinteri on huippuluokan tuote, joka tarjoaa luotettavaa suorituskyky\u00e4 ja kest\u00e4vyytt\u00e4, mik\u00e4 tekee siit\u00e4 v\u00e4ltt\u00e4m\u00e4tt\u00f6m\u00e4n ty\u00f6kalun raskaisiin sovelluksiin.<\/p>\n<div>\n<h2>Tuotteen ominaisuudet<\/h2>\n<ul>\n<li>Maksimi ty\u00f6nt\u00f6voima: 3000<\/li>\n<li>Maksimi vetovoima: 20 tonnia<\/li>\n<li>Rei\u00e4n koko: 2\u20136 tuumaa<\/li>\n<li>Tangon koko: 1,125\u20134 tuumaa<\/li>\n<li>Iskun pituus: 4\u2013100 tuumaa<\/li>\n<li>Tapin koko: 0,5\u20132 tuumaa<\/li>\n<li>V\u00e4ri: tyylik\u00e4s musta<\/li>\n<li>Portit: Saatavilla G\/SAE\/NPT\/M-malleja<\/li>\n<li>ISO9001:2000-sertifioitu korkean laadun ja luotettavuuden takaamiseksi<\/li>\n<\/ul>\n<h2>K\u00e4ytt\u00f6 ja huolto<\/h2>\n<p>Lumiauran hydraulisylinteri sopii erinomaisesti useille eri teollisuudenaloille, kuten konekorjaamoille, maatiloille, energia- ja kaivosteollisuudelle, konevalmistukseen ja konetehtaisiin. Se on helppo huoltaa ja sen mukana tulee kattava konetestausraportti ja videotarkastus. Sylinterin ydinkomponentteihin kuuluvat laakeri ja itse hydraulisylinteri.<\/p>\n<p><img decoding=\"async\" src=\"https:\/\/hzpt.com\/wp-content\/uploads\/2023\/11\/Snow-Plow-Hydraulic-Cylinder-4Factory.webp\" alt=\"Ever-Power-vaihteistotehdas\" title=\"\"><\/p>\n<\/div>\n<h2>S\u00e4\u00e4dett\u00e4vien haarukkatyyppisten sylinterien edut<\/h2>\n<p>S\u00e4\u00e4dett\u00e4vi\u00e4 haarukkatyyppisi\u00e4 sylintereit\u00e4, kuten korkealaatuisia kaksitoimisia hydraulisylintereit\u00e4, k\u00e4ytet\u00e4\u00e4n laajalti eri teollisuudenaloilla lukuisten etujensa ansiosta. N\u00e4m\u00e4 hydraulisylinterit tarjoavat erinomaisen suorituskyvyn ja luotettavuuden, mik\u00e4 tekee niist\u00e4 erinomaisen valinnan esimerkiksi lumiauran hydraulisylintereihin. T\u00e4ss\u00e4 artikkelissa tutkimme yksityiskohtaisesti s\u00e4\u00e4dett\u00e4vien haarukkatyyppisten sylinterien t\u00e4rkeimpi\u00e4 etuja.<\/p>\n<h3>1. Parempi joustavuus<\/h3>\n<p>Yksi s\u00e4\u00e4dett\u00e4vien haarukkatyyppisten sylinterien t\u00e4rkeimmist\u00e4 eduista on niiden kyky tarjota parannettua joustavuutta erilaisissa sovelluksissa. N\u00e4m\u00e4 sylinterit mahdollistavat haarukkakiinnityksen tarkan s\u00e4\u00e4d\u00f6n, jolloin k\u00e4ytt\u00e4j\u00e4 voi saavuttaa halutun iskunpituuden ja asennusasennon. T\u00e4m\u00e4 joustavuus varmistaa optimaalisen suorituskyvyn ja mukautuvuuden, mik\u00e4 tekee niist\u00e4 sopivia monenlaisiin hydraulij\u00e4rjestelmiin.<\/p>\n<h3>2. Parempi tehokkuus<\/h3>\n<p>S\u00e4\u00e4dett\u00e4v\u00e4t haarukkatyyppiset sylinterit on suunniteltu parantamaan tehokkuutta verrattuna muihin sylinterityyppeihin. S\u00e4\u00e4dett\u00e4v\u00e4 haarukkakiinnitys mahdollistaa sylinterin ja kuorman v\u00e4lisen oikean kohdistuksen, mik\u00e4 v\u00e4hent\u00e4\u00e4 energiah\u00e4vi\u00f6it\u00e4 ja maksimoi tehonsiirron. T\u00e4m\u00e4 tehokas toiminta johtaa pienemp\u00e4\u00e4n energiankulutukseen ja lis\u00e4\u00e4ntyneeseen tuottavuuteen, mik\u00e4 tekee niist\u00e4 eritt\u00e4in haluttuja hydraulij\u00e4rjestelmiss\u00e4.<\/p>\n<h3>3. Optimaalinen kuorman jakautuminen<\/h3>\n<p>S\u00e4\u00e4dett\u00e4vien haarukkatyyppisten sylinterien toinen merkitt\u00e4v\u00e4 etu on niiden kyky jakaa kuorma optimaalisesti. N\u00e4m\u00e4 sylinterit on suunniteltu jakamaan kuorma tasaisesti kiinnityspisteisiin, mik\u00e4 minimoi rasituksen keskittymisen ja varmistaa tasaisen voiman jakautumisen. T\u00e4m\u00e4 ominaisuus ei ainoastaan \u200b\u200bparanna sylinterin k\u00e4ytt\u00f6ik\u00e4\u00e4, vaan my\u00f6s parantaa j\u00e4rjestelm\u00e4n yleist\u00e4 suorituskyky\u00e4 ja turvallisuutta.<\/p>\n<h3>4. Helppo asennus ja huolto<\/h3>\n<p>S\u00e4\u00e4dett\u00e4v\u00e4t haarukkatyyppiset sylinterit on suunniteltu helppoa asennusta ja huoltoa varten. Haarukkakiinnitys mahdollistaa nopean ja vaivattoman kiinnityksen hydraulij\u00e4rjestelm\u00e4\u00e4n, mik\u00e4 s\u00e4\u00e4st\u00e4\u00e4 arvokasta aikaa ja vaivaa. Lis\u00e4ksi n\u00e4iss\u00e4 sylintereiss\u00e4 on usein k\u00e4ytt\u00e4j\u00e4yst\u00e4v\u00e4llisi\u00e4 ominaisuuksia, kuten helposti saavutettavat rasvanipat ja tiivisteet, jotka yksinkertaistavat rutiinihuoltoteht\u00e4vi\u00e4 ja v\u00e4hent\u00e4v\u00e4t seisokkiaikaa.<\/p>\n<h3>5. Korkea kest\u00e4vyys<\/h3>\n<p>Korkealaatuiset kaksitoimiset hydraulisylinterit, mukaan lukien s\u00e4\u00e4dett\u00e4v\u00e4t haarukkatyyppiset sylinterit, tunnetaan poikkeuksellisesta kest\u00e4vyydest\u00e4\u00e4n. N\u00e4m\u00e4 sylinterit on valmistettu huippulaatuisista materiaaleista, mik\u00e4 varmistaa niiden kyvyn kest\u00e4\u00e4 ankaria k\u00e4ytt\u00f6olosuhteita ja raskaita kuormia. Asianmukaisella huollolla n\u00e4m\u00e4 sylinterit voivat tarjota luotettavan ja pitk\u00e4ik\u00e4isen suorituskyvyn, mik\u00e4 minimoi tarpeen vaihtaa sylinteri\u00e4 ja alentaa kokonaiskustannuksia.<\/p>\n<p>Yhteenvetona voidaan todeta, ett\u00e4 s\u00e4\u00e4dett\u00e4v\u00e4t haarukkatyyppiset sylinterit, kuten korkealaatuinen kaksitoiminen hydraulisylinteri, tarjoavat lukuisia etuja joustavuuden, tehokkuuden, kuorman jakautumisen, asennuksen ja kest\u00e4vyyden suhteen. N\u00e4m\u00e4 sylinterit ovat olennaisia \u200b\u200bkomponentteja useissa hydraulij\u00e4rjestelmiss\u00e4, mukaan lukien lumiauran hydraulisylintereiss\u00e4, koska ne pystyv\u00e4t tarjoamaan optimaalisen suorituskyvyn ja luotettavuuden. Niiden sis\u00e4llytt\u00e4minen hydrauliikkaj\u00e4rjestelm\u00e4\u00e4n voi parantaa huomattavasti toimintojesi yleist\u00e4 tehokkuutta ja tuottavuutta.<\/p>\n<h3>Tietoja FMP:st\u00e4<\/h3>\n<p>FMP on hyv\u00e4maineinen yritys, joka on erikoistunut hydraulisten sylinterien tuotantoon ja myyntiin. Olemme omistautuneet tarjoamaan asiakkaillemme korkealaatuisia ja luotettavia hydraulisia sylintereit\u00e4 rakennuskoneisiin. Vuosien kokemuksella alalta ja ammattitaitoisella tiimill\u00e4mme FMP on luotettava kumppanisi kaikkiin hydraulisten sylinterien tarpeisiisi.<\/p>\n<p><img decoding=\"async\" src=\"https:\/\/fmp-components.com\/wp-content\/uploads\/2024\/12\/Adjustable-Clevis-Type-Cylinders-6.webp\" alt=\"S\u00e4\u00e4dett\u00e4v\u00e4 haarukkatyyppinen sylinteri\" width=\"850\" title=\"\"><\/p>\n<p>T\u00e4ss\u00e4 on viisi syyt\u00e4, miksi sinun kannattaa valita FMP hydraulisylinteritarpeisiisi:<\/p>\n<p>1. Laaja tuotevalikoima: FMP tarjoaa laajan valikoiman hydraulisylintereit\u00e4, jotka vastaavat erilaisten rakennuskoneiden tarpeisiin. Vakiokokoisista sylintereist\u00e4 r\u00e4\u00e4t\u00e4l\u00f6ityihin ratkaisuihin, meill\u00e4 on oikea tuote juuri sinun tarpeisiisi.<\/p>\n<p>2. Ylivertainen laatu: Asetamme laadun etusijalle kaikessa toiminnassamme. Kaikki hydraulisylinterimme on valmistettu ensiluokkaisista materiaaleista ja ne noudattavat tiukkoja laatustandardeja. T\u00e4m\u00e4 varmistaa, ett\u00e4 tuotteemme ovat kest\u00e4vi\u00e4, luotettavia ja toimivat optimaalisesti vaativissa olosuhteissa.<\/p>\n<p>3. Asiantuntemus ja kokemus: Laajan toimialaosaamisemme ja kokemuksemme ansiosta ymm\u00e4rr\u00e4mme rakennuskonealan ainutlaatuiset haasteet ja vaatimukset. Asiantuntijatiimimme on hyvin varustautunut tarjoamaan ammattimaista ohjausta ja r\u00e4\u00e4t\u00e4l\u00f6ityj\u00e4 ratkaisuja juuri sinun tarpeisiisi.<\/p>\n<p>4. Vahvat toimittajasuhteet: FMP on luonut pitk\u00e4aikaisia \u200b\u200bja vakaita kumppanuuksia hyv\u00e4maineisten toimittajien kanssa sek\u00e4 kotimaassa ett\u00e4 kansainv\u00e4lisesti. T\u00e4m\u00e4 mahdollistaa meille korkealaatuisten komponenttien ja materiaalien hankinnan, mik\u00e4 takaa hydraulisylintereidemme luotettavuuden ja suorituskyvyn.<\/p>\n<p>5. Tehokas logistiikka ja oikea-aikainen toimitus: Ymm\u00e4rr\u00e4mme oikea-aikaisen toimituksen t\u00e4rkeyden projektiesi sujuvan etenemisen kannalta. FMP:ll\u00e4 on k\u00e4yt\u00f6ss\u00e4 tehokas logistiikka- ja jakeluj\u00e4rjestelm\u00e4, joka varmistaa, ett\u00e4 saat tarvitsemasi hydraulisylinterit ajallaan ja t\u00e4sm\u00e4llisesti, mik\u00e4 minimoi seisokkiajat ja maksimoi tuottavuuden.<\/p>\n<p>Valitse FMP hydraulisylinteritarpeisiisi ja koe ero laadussa, luotettavuudessa ja asiakastyytyv\u00e4isyydess\u00e4. Ota meihin yhteytt\u00e4 jo t\u00e4n\u00e4\u00e4n saadaksesi saumattoman kokemuksen rakennuskoneista.<\/p>\n<h2>Usein kysytyt kysymykset<\/h2>\n<h3>K: Kuinka pitk\u00e4 on toimitusaikanne?<\/h3>\n<p>V: Toimitusaikamme on yleens\u00e4 25\u201335 p\u00e4iv\u00e4\u00e4.<\/p>\n<h3>K: Tarjoatteko n\u00e4ytteit\u00e4? Ovatko ne ilmaisia \u200b\u200bvai ylim\u00e4\u00e4r\u00e4isi\u00e4?<\/h3>\n<p>V: Kyll\u00e4, tarjoamme n\u00e4ytteit\u00e4, mutta ne eiv\u00e4t ole ilmaisia.<\/p>\n<h3>K: Voitteko tuottaa n\u00e4ytteiden mukaan?<\/h3>\n<p>V: Kyll\u00e4, voimme valmistaa n\u00e4ytteidenne tai teknisten piirustustenne perusteella. Voimme my\u00f6s rakentaa muotit ja kalusteet.<\/p>\n<p><img decoding=\"async\" title=\"Lumiauran hydraulisylinteri\" src=\"https:\/\/hzpt.com\/wp-content\/uploads\/2023\/11\/Snow-Plow-Hydraulic-Cylinder-3.webp\" alt=\"Lumiauran hydraulisylinteri\" \/><\/p>\n<p>Tekij\u00e4: CX<\/p>","protected":false},"excerpt":{"rendered":"<p>High Quality Double Acting Hydraulic Cylinder Hydraulic Ram Cylinder Snow Plow Hydraulic CylinderProduct Introduction: High Quality Double Acting Hydraulic Cylinder Hydraulic Ram Cylinder Snow Plow Hydraulic Cylinder High Quality Double Acting Hydraulic Cylinder Hydraulic Ram Cylinder Snow Plow Hydraulic Cylinder is a reliable and durable product designed for heavy-duty applications. This hydraulic cylinder is made [&hellip;]<\/p>","protected":false},"featured_media":1545,"comment_status":"closed","ping_status":"closed","template":"","meta":{"_et_pb_use_builder":"","_et_pb_old_content":"","_et_gb_content_width":""},"product_brand":[],"product_cat":[42],"product_tag":[34,44],"class_list":{"0":"post-1544","1":"product","2":"type-product","3":"status-publish","4":"has-post-thumbnail","6":"product_cat-snow-plow-hydraulic-cylinder","7":"product_tag-hydraulic-cylinder","8":"product_tag-snow-plow-hydraulic-cylinder","10":"first","11":"instock","12":"product-type-simple"},"_links":{"self":[{"href":"https:\/\/fmp-components.com\/fi\/wp-json\/wp\/v2\/product\/1544","targetHints":{"allow":["GET"]}}],"collection":[{"href":"https:\/\/fmp-components.com\/fi\/wp-json\/wp\/v2\/product"}],"about":[{"href":"https:\/\/fmp-components.com\/fi\/wp-json\/wp\/v2\/types\/product"}],"replies":[{"embeddable":true,"href":"https:\/\/fmp-components.com\/fi\/wp-json\/wp\/v2\/comments?post=1544"}],"wp:featuredmedia":[{"embeddable":true,"href":"https:\/\/fmp-components.com\/fi\/wp-json\/wp\/v2\/media\/1545"}],"wp:attachment":[{"href":"https:\/\/fmp-components.com\/fi\/wp-json\/wp\/v2\/media?parent=1544"}],"wp:term":[{"taxonomy":"product_brand","embeddable":true,"href":"https:\/\/fmp-components.com\/fi\/wp-json\/wp\/v2\/product_brand?post=1544"},{"taxonomy":"product_cat","embeddable":true,"href":"https:\/\/fmp-components.com\/fi\/wp-json\/wp\/v2\/product_cat?post=1544"},{"taxonomy":"product_tag","embeddable":true,"href":"https:\/\/fmp-components.com\/fi\/wp-json\/wp\/v2\/product_tag?post=1544"}],"curies":[{"name":"wp","href":"https:\/\/api.w.org\/{rel}","templated":true}]}}