{"id":1540,"date":"2024-12-23T05:51:36","date_gmt":"2024-12-23T05:51:36","guid":{"rendered":"https:\/\/fmp-components.com\/product\/premium-quality-double-acting-mini-hydraulic-cylinder-for-snow-plow\/"},"modified":"2025-05-10T13:04:30","modified_gmt":"2025-05-10T13:04:30","slug":"premium-quality-double-acting-mini-hydraulic-cylinder-for-snow-plow","status":"publish","type":"product","link":"https:\/\/fmp-components.com\/fi\/product\/premium-quality-double-acting-mini-hydraulic-cylinder-for-snow-plow\/","title":{"rendered":"Ensiluokkainen kaksitoiminen minihydraulinen sylinteri lumiauraan"},"content":{"rendered":"<p>&nbsp;<\/p>\n<p><img decoding=\"async\" class=\"aligncenter\" title=\"Lumiauran hydraulisylinteri\" src=\"https:\/\/hzpt.com\/wp-content\/uploads\/2023\/11\/Snow-Plow-Hydraulic-Cylinder-3.webp\" alt=\"Lumiauran hydraulisylinteri\" \/><\/p>\n<p>Mini-hydraulisylinteri lumiauralle on suunniteltu helppoa asennusta ja huoltoa varten. Sen k\u00e4ytt\u00e4j\u00e4yst\u00e4v\u00e4llinen muotoilu mahdollistaa nopean asennuksen ja vaivattoman k\u00e4yt\u00f6n. Asianmukaisella huollolla ja s\u00e4\u00e4nn\u00f6llisell\u00e4 huollolla t\u00e4m\u00e4 sylinteri tarjoaa erinomaisen suorituskyvyn kaudesta toiseen.<\/p>\n<p>Investointi ensiluokkaiseen kaksitoimiseen minikokoiseen hydrauliseen sylinteriin lumiauraan tarkoittaa investoimista luotettavaan ja tehokkaaseen ratkaisuun lumenauraukseen. Olitpa sitten ammattimainen lumenaurauspalveluntarjoaja tai omakotitaloasi auraava omistaja, t\u00e4m\u00e4 hydraulisylinteri varmasti t\u00e4ytt\u00e4\u00e4 tarpeesi ja ylitt\u00e4\u00e4 odotuksesi. Sano hyv\u00e4stit lumeen liittyville esteille ja tervetuloa tasaisempaan ja tehokkaampaan lumenaurauskokemukseen.<\/p>\n<h1>Ensiluokkainen kaksitoiminen minihydraulinen sylinteri lumiauraan<\/h1>\n<p>Esittelyss\u00e4 eritt\u00e4in laadukas tuote, joka on suunniteltu tehokkuutta ja kest\u00e4vyytt\u00e4 ajatellen. Ensiluokkainen kaksitoiminen minikokoinen hydraulisylinteri lumiauralle on uusi tuote, joka takaa poikkeuksellisen suorituskyvyn ja luotettavuuden. T\u00e4m\u00e4 tuote on suunniteltu ja valmistettu asiantuntevasti t\u00e4ytt\u00e4m\u00e4\u00e4n korkeimmat laatu- ja toiminnallisuusstandardit.<\/p>\n<h2>Tuotteen yleiskatsaus<\/h2>\n<p>Kaksitoiminen minihydraulisylinterimme on hydraulisella voimalla toimiva vakiom\u00e4nt\u00e4sylinteri. Se on valmistettu kest\u00e4v\u00e4st\u00e4 ter\u00e4ksest\u00e4, mik\u00e4 varmistaa, ett\u00e4 se kest\u00e4\u00e4 vaativimmatkin olosuhteet. Maksimaalisen ty\u00f6nt\u00f6voiman 3000 tonnia ja maksimivetovauhdin 20 tonnia ansiosta t\u00e4m\u00e4 sylinteri on riitt\u00e4v\u00e4n tehokas raskaisiin sovelluksiin. Sylinteri on ISO9001:2000-sertifioitu, mik\u00e4 takaa sen huippulaadun.<\/p>\n<h3>Tuotteen tekniset tiedot<\/h3>\n<ul>\n<li>Rei\u00e4n koko: 2\u20136 tuumaa<\/li>\n<li>Tangon koko: 1,125\u20134 tuumaa<\/li>\n<li>Iskun pituus: 4\u2013100 tuumaa<\/li>\n<li>Tapin koko: 0,5\u20132 tuumaa<\/li>\n<li>Liit\u00e4nn\u00e4t: G\/SAE\/NPT\/M<\/li>\n<\/ul>\n<p><img decoding=\"async\" src=\"https:\/\/hzpt.com\/wp-content\/uploads\/2023\/11\/Snow-Plow-Hydraulic-Cylinder-4Factory.webp\" alt=\"Tehtaamme\" title=\"\"><\/p>\n<h2>S\u00e4\u00e4dett\u00e4vien haarukkatyyppisten sylinterien edut<\/h2>\n<p>S\u00e4\u00e4dett\u00e4v\u00e4t haarukkatyyppiset sylinterit, kuten <em>Ensiluokkainen kaksitoiminen minihydraulinen sylinteri lumiauraan<\/em>, tarjoavat useita etuja ja niit\u00e4 k\u00e4ytet\u00e4\u00e4n laajalti eri teollisuudenaloilla. T\u00e4ss\u00e4 artikkelissa tutkimme n\u00e4iden sylinterien etuja yksityiskohtaisesti.<\/p>\n<h3>1. Parempi joustavuus ja sopeutumiskyky<\/h3>\n<p>Yksi s\u00e4\u00e4dett\u00e4vien haarukkatyyppisten sylinterien t\u00e4rkeimmist\u00e4 eduista on niiden kyky tarjota parannettua joustavuutta ja mukautuvuutta erilaisiin sovelluksiin. N\u00e4iss\u00e4 sylintereiss\u00e4 on s\u00e4\u00e4dett\u00e4v\u00e4 haarukkakiinnitys, joka mahdollistaa helpon s\u00e4\u00e4t\u00e4misen ja tarkan sijoittelun. T\u00e4m\u00e4 joustavuus varmistaa, ett\u00e4 sylinteri voidaan helposti integroida erilaisiin j\u00e4rjestelmiin, mik\u00e4 tekee siit\u00e4 monipuolisen vaihtoehdon erilaisiin hydraulisiin sovelluksiin.<\/p>\n<h3>2. Optimaalinen suorituskyky ja tehokkuus<\/h3>\n<p>Edistyksellisen suunnittelunsa ja rakenteensa ansiosta s\u00e4\u00e4dett\u00e4v\u00e4t haarukkatyyppiset sylinterit tarjoavat optimaalisen suorituskyvyn ja tehokkuuden. N\u00e4m\u00e4 sylinterit on suunniteltu tarjoamaan tasaisia \u200b\u200bja tarkkoja liikkeit\u00e4, mik\u00e4 varmistaa luotettavan toiminnan vaativissa olosuhteissa. Korkealaatuisten materiaalien ja tarkkojen valmistustekniikoiden k\u00e4ytt\u00f6 johtaa sylinteriin, joka tarjoaa tasaisen suorituskyvyn, v\u00e4hent\u00e4\u00e4 seisokkiaikoja ja maksimoi tuottavuuden.<\/p>\n<h3>3. Lis\u00e4\u00e4ntynyt kest\u00e4vyys ja pitk\u00e4ik\u00e4isyys<\/h3>\n<p>S\u00e4\u00e4dett\u00e4vien haarukkatyyppisten sylinterien toinen merkitt\u00e4v\u00e4 etu on niiden lis\u00e4\u00e4ntynyt kest\u00e4vyys ja pitk\u00e4ik\u00e4isyys. N\u00e4m\u00e4 sylinterit on rakennettu kest\u00e4m\u00e4\u00e4n raskaita kuormia, ankaria ymp\u00e4rist\u00f6j\u00e4 ja toistuvaa k\u00e4ytt\u00f6\u00e4. Niiden valmistuksessa k\u00e4ytetyt ensiluokkaiset materiaalit ja edistyneet tiivistystekniikat takaavat erinomaisen kulumisen, korroosion ja vuotojen kest\u00e4vyyden. T\u00e4m\u00e4 kest\u00e4vyys tarkoittaa pidemp\u00e4\u00e4 k\u00e4ytt\u00f6ik\u00e4\u00e4 ja pienempi\u00e4 yll\u00e4pitokustannuksia.<\/p>\n<h3>4. Parannetut turvaominaisuudet<\/h3>\n<p>S\u00e4\u00e4dett\u00e4v\u00e4t haarukkatyyppiset sylinterit on usein varustettu parannetuilla turvaominaisuuksilla, mik\u00e4 tekee niist\u00e4 luotettavan valinnan kriittisiin sovelluksiin. N\u00e4ihin turvaominaisuuksiin voivat kuulua ylipainesuojaus, kuormanpitoventtiilit ja h\u00e4t\u00e4pys\u00e4ytystoiminnot. T\u00e4llaiset suojatoimet eiv\u00e4t ainoastaan \u200b\u200bsuojaa itse sylinteri\u00e4, vaan varmistavat my\u00f6s henkil\u00f6st\u00f6n ja laitteiden turvallisuuden ymp\u00e4r\u00f6iv\u00e4ss\u00e4 ymp\u00e4rist\u00f6ss\u00e4.<\/p>\n<h3>5. Helppo asennus ja huolto<\/h3>\n<p>K\u00e4ytt\u00e4j\u00e4yst\u00e4v\u00e4llisen rakenteensa ansiosta s\u00e4\u00e4dett\u00e4v\u00e4t sakkelityyppiset sylinterit on helppo asentaa ja huoltaa. S\u00e4\u00e4dett\u00e4v\u00e4 sakkelikiinnitysj\u00e4rjestelm\u00e4 mahdollistaa nopean ja vaivattoman asennuksen, mik\u00e4 s\u00e4\u00e4st\u00e4\u00e4 aikaa ja vaivaa. Lis\u00e4ksi n\u00e4iss\u00e4 sylintereiss\u00e4 on usein k\u00e4tev\u00e4t huolto- ja tarkastuskohdat, mik\u00e4 helpottaa s\u00e4\u00e4nn\u00f6llist\u00e4 huoltoa ja minimoi seisokkiajat.<\/p>\n<p>S\u00e4\u00e4dett\u00e4v\u00e4t haarukkatyyppiset sylinterit, kuten esimerkiksi Premium Quality Double Acting Mini Hydraulic Cylinder for Snow Plow, tarjoavat lukuisia etuja joustavuuden, suorituskyvyn, kest\u00e4vyyden, turvallisuuden ja helppok\u00e4ytt\u00f6isyyden suhteen. N\u00e4m\u00e4 sylinterit ovat luotettava valinta monenlaisiin hydraulisiin sovelluksiin, ja ne tarjoavat parannetun toiminnallisuuden ja tehokkuuden.<\/p>\n<h3>Tietoja FMP:st\u00e4 \u2013 Hydraulisylinteri<\/h3>\n<p>Jos etsit luotettavia ja korkealaatuisia hydraulisylintereit\u00e4, olet tullut oikeaan paikkaan. FMP on hyv\u00e4maineinen yritys, joka on erikoistunut rakennuskoneiden osien ja kokonaisten koneiden myyntiin ja huoltoon. Meill\u00e4 on vuosien kokemus alalta ja ammattitaitoinen tiimi, joiden avulla tarjoamme asiakkaillemme huipputason hydraulisylintereit\u00e4, jotka on suunniteltu vastaamaan heid\u00e4n erityistarpeitaan.<\/p>\n<p>T\u00e4ss\u00e4 on viisi syyt\u00e4, miksi sinun kannattaa valita FMP hydraulisylinteritarpeisiisi:<\/p>\n<p>1. Laaja tuotevalikoima: FMP:ll\u00e4 tarjoamme laajan valikoiman hydraulisylintereit\u00e4, mukaan lukien s\u00e4\u00e4dett\u00e4v\u00e4t sakkelityyppiset sylinterit, hitsatut sakkelityyppiset sylinterit ja paljon muuta. Tuotteemme sopivat erityyppisiin rakennuskoneisiin, kuten maatalouskoneisiin, teollisuuskoneisiin ja muihin.<\/p>\n<p>2. Huippulaatuiset materiaalit: K\u00e4yt\u00e4mme tuotteissamme vain huippulaatuisia materiaaleja varmistaaksemme, ett\u00e4 ne t\u00e4ytt\u00e4v\u00e4t tiukat laatustandardit. Hydraulisylinterimme on valmistettu korkealaatuisesta ter\u00e4ksest\u00e4, mik\u00e4 takaa kest\u00e4vyyden ja pitk\u00e4ik\u00e4isen suorituskyvyn.<\/p>\n<p>3. Ammattimainen konsultointi: Kokenut myyntitiimimme on aina valmiina tarjoamaan ammattimaista konsultointia ja neuvontaa. Ymm\u00e4rr\u00e4mme rakennuskoneteollisuuden kehitystrendit ja asiakastarpeet, ja voimme auttaa sinua valitsemaan tarpeisiisi sopivan hydraulisylinterin.<\/p>\n<p>4. Tehokas logistiikka-jakeluj\u00e4rjestelm\u00e4: Meill\u00e4 on tehokas logistiikka-jakeluj\u00e4rjestelm\u00e4, joka varmistaa, ett\u00e4 asiakkaamme saavat tarvitsemansa osat ajallaan ja t\u00e4sm\u00e4llisesti. T\u00e4m\u00e4 tarkoittaa, ett\u00e4 voit luottaa meihin toimittaessasi hydraulisylinterisi silloin, kun sit\u00e4 tarvitset.<\/p>\n<p>5. Kilpailukykyiset hinnat: FMP:ll\u00e4 tarjoamme tuotteitamme kilpailukykyiseen hintaan laadusta tinkim\u00e4tt\u00e4. Uskomme, ett\u00e4 kaikilla tulisi olla p\u00e4\u00e4sy huippulaatuisiin hydraulisiin sylintereihin edulliseen hintaan.<\/p>\n<p>Jos siis etsit luotettavaa ja ammattitaitoista hydraulisylintereiden toimittajaa, FMP on oikea valinta. Ota yhteytt\u00e4 jo t\u00e4n\u00e4\u00e4n saadaksesi lis\u00e4tietoja tuotteistamme ja palveluistamme.<\/p>\n<p><img decoding=\"async\" class=\"aligncenter\" src=\"https:\/\/fmp-components.com\/wp-content\/uploads\/2024\/12\/Adjustable-Clevis-Type-Cylinders-6.webp\" alt=\"S\u00e4\u00e4dett\u00e4v\u00e4 haarukkatyyppinen sylinteri\" width=\"848\" title=\"\"><\/p>\n<h2>Usein kysytyt kysymykset<\/h2>\n<ol>\n<li><b>K: Mik\u00e4 on hydraulisylinterienne valmistusprosessi?<\/b><br \/>\nA: Sylinterimme valmistetaan tiukkojen ISO9001:2000-standardien mukaisesti, mik\u00e4 varmistaa niiden laadun ja luotettavuuden.<\/li>\n<li><b>K: Tarjoatteko myynnin j\u00e4lkeisi\u00e4 palveluita?<\/b><br \/>\nV: Kyll\u00e4, tarjoamme erinomaista huoltopalvelua, mukaan lukien yhden vuoden takuun keskeisille komponenteille.<\/li>\n<li><b>K: Voitko mukauttaa hydraulisylinteri\u00e4 tiettyjen vaatimusten perusteella?<\/b><br \/>\nV: Kyll\u00e4, voimme r\u00e4\u00e4t\u00e4l\u00f6id\u00e4 tuotteen n\u00e4ytteidesi tai teknisten piirustusten perusteella.<\/li>\n<\/ol>\n<p>Tekij\u00e4: CX<\/p>","protected":false},"excerpt":{"rendered":"<p>&nbsp; The Mini Hydraulic Cylinder for Snow Plow is engineered for easy installation and maintenance. Its user-friendly design allows for quick setup and hassle-free operation. With proper care and regular maintenance, this cylinder will continue to deliver excellent performance season after season. Investing in the Premium Quality Double Acting Mini Hydraulic Cylinder for Snow Plow [&hellip;]<\/p>","protected":false},"featured_media":1541,"comment_status":"closed","ping_status":"closed","template":"","meta":{"_et_pb_use_builder":"","_et_pb_old_content":"","_et_gb_content_width":""},"product_brand":[],"product_cat":[42],"product_tag":[34,44],"class_list":{"0":"post-1540","1":"product","2":"type-product","3":"status-publish","4":"has-post-thumbnail","6":"product_cat-snow-plow-hydraulic-cylinder","7":"product_tag-hydraulic-cylinder","8":"product_tag-snow-plow-hydraulic-cylinder","10":"first","11":"instock","12":"product-type-simple"},"_links":{"self":[{"href":"https:\/\/fmp-components.com\/fi\/wp-json\/wp\/v2\/product\/1540","targetHints":{"allow":["GET"]}}],"collection":[{"href":"https:\/\/fmp-components.com\/fi\/wp-json\/wp\/v2\/product"}],"about":[{"href":"https:\/\/fmp-components.com\/fi\/wp-json\/wp\/v2\/types\/product"}],"replies":[{"embeddable":true,"href":"https:\/\/fmp-components.com\/fi\/wp-json\/wp\/v2\/comments?post=1540"}],"wp:featuredmedia":[{"embeddable":true,"href":"https:\/\/fmp-components.com\/fi\/wp-json\/wp\/v2\/media\/1541"}],"wp:attachment":[{"href":"https:\/\/fmp-components.com\/fi\/wp-json\/wp\/v2\/media?parent=1540"}],"wp:term":[{"taxonomy":"product_brand","embeddable":true,"href":"https:\/\/fmp-components.com\/fi\/wp-json\/wp\/v2\/product_brand?post=1540"},{"taxonomy":"product_cat","embeddable":true,"href":"https:\/\/fmp-components.com\/fi\/wp-json\/wp\/v2\/product_cat?post=1540"},{"taxonomy":"product_tag","embeddable":true,"href":"https:\/\/fmp-components.com\/fi\/wp-json\/wp\/v2\/product_tag?post=1540"}],"curies":[{"name":"wp","href":"https:\/\/api.w.org\/{rel}","templated":true}]}}