{"id":1534,"date":"2024-12-23T05:51:36","date_gmt":"2024-12-23T05:51:36","guid":{"rendered":"https:\/\/fmp-components.com\/product\/china-supplier-two-way-hydraulic-piston-cylinder-welded-hydraulic-cylinder\/"},"modified":"2024-12-23T08:46:15","modified_gmt":"2024-12-23T08:46:15","slug":"italy-supplier-two-way-hydraulic-piston-cylinder-welded-hydraulic-cylinder","status":"publish","type":"product","link":"https:\/\/fmp-components.com\/fi\/product\/italy-supplier-two-way-hydraulic-piston-cylinder-welded-hydraulic-cylinder\/","title":{"rendered":"Italia Toimittaja Kaksisuuntainen Hydraulinen M\u00e4nt\u00e4sylinteri Hitsattu Hydraulinen Sylinteri"},"content":{"rendered":"<h2>Italia Toimittaja Kaksisuuntainen Hydraulinen M\u00e4nt\u00e4sylinteri Hitsattu Hydraulinen Sylinteri<\/h2>\n<p>Italian toimittajan kaksisuuntainen hydraulinen m\u00e4nt\u00e4sylinteri, hitsattu hydraulisylinteri, on korkealaatuinen hydraulisylinteri, joka on suunniteltu raskaisiin sovelluksiin. T\u00e4m\u00e4 hydraulisylinteri on erityisesti suunniteltu kest\u00e4m\u00e4\u00e4n korkeaa painetta, korkeita l\u00e4mp\u00f6tiloja ja ankaria ymp\u00e4rist\u00f6olosuhteita.<\/p>\n<p>M\u00e4nt\u00e4sylinteri on valmistettu korkealaatuisista materiaaleista, jotka takaavat kest\u00e4vyyden ja lujuuden. Sylinteri on hitsattu edistyneill\u00e4 tekniikoilla, jotka takaavat tarkkuuden ja luotettavuuden. Kaksisuuntaisen rakenteensa ansiosta t\u00e4m\u00e4 hydraulisylinteri tarjoaa tasaisen ja yhten\u00e4isen liikkeen molempiin suuntiin.<\/p>\n<p>T\u00e4m\u00e4 hydraulinen m\u00e4nt\u00e4sylinteri sopii erinomaisesti rakennus-, kaivos-, maatalous- ja muille raskaille teollisuudenaloille. Se on erityisesti suunniteltu kest\u00e4m\u00e4\u00e4n vaativia olosuhteita ja tehty kest\u00e4m\u00e4\u00e4n.<\/p>\n<p><img decoding=\"async\" title=\"Lumiauran hydraulisylinteri\" src=\"https:\/\/hzpt.com\/wp-content\/uploads\/2023\/11\/Snow-Plow-Hydraulic-Cylinder-2.webp\" alt=\"Lumiauran hydraulisylinteri\" \/><\/p>\n<p>Yhteenvetona voidaan todeta, ett\u00e4 Italian toimittajan kaksisuuntainen hydraulinen m\u00e4nt\u00e4sylinteri on hitsattu hydraulisylinteri, joka tarjoaa erinomaista suorituskyky\u00e4 ja luotettavuutta. Etsitp\u00e4 sitten hydraulisylinteri\u00e4 raskaisiin koneisiisi tai laitteisiisi, t\u00e4m\u00e4 tuote on erinomainen valinta.<\/p>\n<h2>Tietoja tuotteesta<\/h2>\n<p>Johtavana italialaisena toimittajana esittelemme ylpe\u00e4n\u00e4 uuden, vakiomallisen kaksisuuntaisen hydraulim\u00e4nt\u00e4sylinterimme. T\u00e4m\u00e4 korkealaatuinen hitsattu hydraulisylinteri on suunniteltu vastaamaan konepajojen, maatilojen, energia- ja kaivosyhti\u00f6iden, konevalmistuksen ja muiden tarpeisiin. 6,4 kg:n painollaan se on sek\u00e4 kevyt ett\u00e4 kest\u00e4v\u00e4, mik\u00e4 varmistaa luotettavan suorituskyvyn my\u00f6s raskaissa sovelluksissa.<\/p>\n<h3>Tuotteen ominaisuudet<\/h3>\n<ul>\n<li>\n<ul>\n<li><strong>Voimakas ty\u00f6nt\u00f6voima ja vetovoima:<\/strong> M\u00e4nt\u00e4sylinterimme tarjoaa enint\u00e4\u00e4n 3000 tonnin ty\u00f6nt\u00f6voiman ja enint\u00e4\u00e4n 20 tonnin vetovoiman, mik\u00e4 takaa poikkeuksellisen suorituskyvyn erilaisissa sovelluksissa.<\/li>\n<li><strong>Laadukas materiaali:<\/strong> Sylinterin runko on valmistettu ter\u00e4ksest\u00e4, mik\u00e4 takaa pitk\u00e4n k\u00e4ytt\u00f6i\u00e4n ja kulumiskest\u00e4vyyden.<\/li>\n<li><strong>Monipuolinen:<\/strong> Erityisesti lumiauran hydraulisylinteriksi suunniteltu, siin\u00e4 on G\/SAE\/NPT\/M-liit\u00e4nn\u00e4t, joten se sopii monenlaisiin k\u00e4ytt\u00f6tarkoituksiin.<\/li>\n<li><strong>Taattu laatu:<\/strong> Tuotteella on vuoden takuu, ja se sis\u00e4lt\u00e4\u00e4 keskeiset komponentit, kuten laakerit ja hydraulisylinterit. Lis\u00e4ksi se on ISO9001:2000-sertifioitu, mik\u00e4 takaa erinomaisen laadun.<\/li>\n<\/ul>\n<\/li>\n<\/ul>\n<p><img decoding=\"async\" src=\"https:\/\/hzpt.com\/wp-content\/uploads\/2023\/11\/Snow-Plow-Hydraulic-Cylinder-4Factory.webp\" alt=\"Tehdaskuva\" title=\"\"><\/p>\n<h2>S\u00e4\u00e4dett\u00e4vien haarukkatyyppisten sylinterien edut<\/h2>\n<p>S\u00e4\u00e4dett\u00e4v\u00e4t haarukkatyyppiset sylinterit ovat hydraulisia laitteita, joita k\u00e4ytet\u00e4\u00e4n erilaisissa teollisissa sovelluksissa. N\u00e4ill\u00e4 sylintereill\u00e4 on useita etuja muuntyyppisiin hydraulisiin sylintereihin verrattuna, mik\u00e4 tekee niist\u00e4 ensisijaisen vaihtoehdon monilla teollisuudenaloilla. T\u00e4ss\u00e4 artikkelissa k\u00e4sittelemme s\u00e4\u00e4dett\u00e4vien haarukkatyyppisten sylinterien etuja ja sit\u00e4, miksi ne ovat hy\u00f6dyllisi\u00e4 eri sovelluksissa.<\/p>\n<p>1. Parempi joustavuus:<br \/>\nS\u00e4\u00e4dett\u00e4v\u00e4t haarukkatyyppiset sylinterit tarjoavat entist\u00e4 enemm\u00e4n joustavuutta iskunpituuden s\u00e4\u00e4d\u00f6ss\u00e4. S\u00e4\u00e4dett\u00e4vien haarukkakiinnitysten ansiosta n\u00e4m\u00e4 sylinterit mahdollistavat helpon r\u00e4\u00e4t\u00e4l\u00f6innin ja sovittamisen erilaisiin asennusvaatimuksiin. T\u00e4m\u00e4 joustavuus tekee niist\u00e4 sopivia monenlaisiin sovelluksiin, kuten rakentamiseen, materiaalink\u00e4sittelyyn ja valmistusteollisuuteen.<\/p>\n<p>2. Tarkka paikannus:<br \/>\nYksi s\u00e4\u00e4dett\u00e4vien haarukkatyyppisten sylinterien keskeisist\u00e4 eduista on niiden kyky tarjota tarkka asemointi. S\u00e4\u00e4dett\u00e4v\u00e4t haarukkakiinnitykset mahdollistavat sylinterin iskunpituuden hienos\u00e4\u00e4d\u00f6n, mik\u00e4 mahdollistaa sylinterin ojennus- ja sis\u00e4\u00e4nvetoliikkeiden tarkan hallinnan. T\u00e4m\u00e4 tarkka asemointikyky on olennainen sovelluksissa, joissa tarkkuus ja hallinta ovat ratkaisevan t\u00e4rkeit\u00e4, kuten robotiikassa ja automaatioj\u00e4rjestelmiss\u00e4.<\/p>\n<p>3. Kest\u00e4vyys ja lujuus:<br \/>\nS\u00e4\u00e4dett\u00e4v\u00e4t haarukkatyyppiset sylinterit on suunniteltu kest\u00e4m\u00e4\u00e4n raskaita kuormia ja ankaria k\u00e4ytt\u00f6olosuhteita. N\u00e4m\u00e4 sylinterit on valmistettu korkealaatuisista materiaaleista ja ne k\u00e4yv\u00e4t l\u00e4pi tiukat testit kest\u00e4vyyden ja lujuuden varmistamiseksi. Kest\u00e4v\u00e4n rakenteensa ansiosta ne kest\u00e4v\u00e4t korkeapaineymp\u00e4rist\u00f6j\u00e4 ja toistuvaa k\u00e4ytt\u00f6\u00e4 suorituskykyyn vaarantamatta, mik\u00e4 tekee niist\u00e4 ihanteellisia vaativiin sovelluksiin esimerkiksi kaivos- ja maatalousteollisuudessa.<\/p>\n<p>4. Tehokas energianmuunnos:<br \/>\nS\u00e4\u00e4dett\u00e4vien haarukkatyyppisten sylinterien toinen etu on niiden tehokas energianmuunnos. N\u00e4m\u00e4 sylinterit hy\u00f6dynt\u00e4v\u00e4t hydraulipainetta mekaanisen energian muuntamiseksi lineaariseksi liikkeeksi. Hy\u00f6dynt\u00e4m\u00e4ll\u00e4 nesteiden tehoa sylinterit voivat tuottaa merkitt\u00e4v\u00e4\u00e4 voimaa suhteellisen pienell\u00e4 sy\u00f6tt\u00f6teholla. T\u00e4m\u00e4 energiatehokas toiminta v\u00e4hent\u00e4\u00e4 virrankulutusta ja edist\u00e4\u00e4 kokonaisk\u00e4ytt\u00f6kustannusten s\u00e4\u00e4st\u00f6j\u00e4.<\/p>\n<p>5. Helppo huolto:<br \/>\nS\u00e4\u00e4dett\u00e4v\u00e4t sakkelityyppiset sylinterit on suunniteltu helppoa huoltoa ja huollettavuutta silm\u00e4ll\u00e4 pit\u00e4en. Niiss\u00e4 on usein ominaisuuksia, kuten irrotettavat sakkelitapit ja tiivistesarjat, jotka tekev\u00e4t rutiinihuoltoteht\u00e4vien suorittamisesta k\u00e4tev\u00e4\u00e4. Lis\u00e4ksi n\u00e4ill\u00e4 sylintereill\u00e4 on pidempi k\u00e4ytt\u00f6ik\u00e4 verrattuna muuntyyppisiin sylintereihin, mik\u00e4 v\u00e4hent\u00e4\u00e4 vaihtotarvetta ja niihin liittyvi\u00e4 seisokkiaikoja.<\/p>\n<p>Yhteenvetona voidaan todeta, ett\u00e4 s\u00e4\u00e4dett\u00e4v\u00e4t sakkelityyppiset sylinterit tarjoavat useita etuja, jotka tekev\u00e4t niist\u00e4 luotettavan valinnan erilaisiin teollisiin sovelluksiin. Niiden parannettu joustavuus, tarkka sijoittelu, kest\u00e4vyys ja lujuus, tehokas energianmuunnos ja helppo huolto parantavat suorituskyky\u00e4 ja kustannustehokkuutta. Olipa kyseess\u00e4 sitten rakennus-, materiaalink\u00e4sittely- tai valmistusteollisuus, n\u00e4m\u00e4 sylinterit voivat tarjota tarvittavan tehon ja ohjauksen tiettyjen sovellusvaatimusten t\u00e4ytt\u00e4miseksi. Harkitse italialaisen toimittajan valitsemista s\u00e4\u00e4dett\u00e4ville sakkelityyppisille sylintereille, kuten kaksisuuntaiselle hydrauliselle m\u00e4nt\u00e4sylinterille tai hitsatulle hydraulisylinterille, varmistaaksesi korkealaatuiset tuotteet ja luotettavan suorituskyvyn.<\/p>\n<h3>Tietoja FMP:st\u00e4<\/h3>\n<p>FMP:ll\u00e4 olemme erikoistuneet rakennuskoneiden osien ja kokonaisten koneiden myyntiin ja huoltoon. Tuotevalikoimamme on laaja ja sis\u00e4lt\u00e4\u00e4 erilaisia \u200b\u200brakennuskoneita, kuten maatalouskoneiden vaihteistoja, hydraulisylintereit\u00e4, planeettavaihteistoja, teollisuusvaihteistoja, maatalouskoneiden osia sek\u00e4 laajan valikoiman niihin sopivia huippuluokan lis\u00e4varusteita. Yksi suosituimmista tuotteistamme on hydraulisylinteri.<\/p>\n<p>T\u00e4ss\u00e4 on viisi syyt\u00e4, miksi FMP:n hydraulisylinterit ovat paras valinta koneillesi:<\/p>\n<p>1. Korkealaatuiset materiaalit: Hydraulisylinterimme on valmistettu korkealaatuisista materiaaleista, mik\u00e4 varmistaa niiden kest\u00e4vyyden ja luotettavuuden.<\/p>\n<p>2. Mukautettava muotoilu: Tarjoamme s\u00e4\u00e4dett\u00e4vi\u00e4 haarukkatyyppisi\u00e4 sylintereit\u00e4, jotka voidaan helposti mukauttaa vastaamaan erityistarpeitasi ja vaatimuksiasi.<\/p>\n<p>3. Ammattitaitoinen tiimi: Kokenut ja ammattitaitoinen myyntitiimimme tuntee rakennuskoneteollisuuden ja voi tarjota ammattimaista tuotekonsultointia ja \u00e4lykk\u00e4it\u00e4 ostoehdotuksia.<\/p>\n<p>4. Tiukat laatustandardit: Luomalla pitk\u00e4aikaisia \u200b\u200bja vakaita yhteisty\u00f6suhteita monien korkealaatuisten toimittajien kanssa kotimaassa ja ulkomailla varmistamme, ett\u00e4 kaikki toimitetut osat t\u00e4ytt\u00e4v\u00e4t tiukat laatustandardit.<\/p>\n<p>5. Tehokas logistiikka-jakeluj\u00e4rjestelm\u00e4: Meill\u00e4 on tehokas logistiikka-jakeluj\u00e4rjestelm\u00e4, joka varmistaa, ett\u00e4 asiakkaat saavat tarvittavat osat oikea-aikaisesti ja t\u00e4sm\u00e4llisesti.<\/p>\n<p>Hydraulisylinterimme sopivat t\u00e4ydellisesti monenlaisiin sovelluksiin, kuten maatalouskoneisiin, rakennuskoneisiin ja teollisuuskoneisiin. FMP:n avulla voit luottaa siihen, ett\u00e4 saat parasta laatua olevia tuotteita ja palveluita, joiden takana on vuosien kokemus alalta ja ammattitaitoinen tiimi. Katso itse, miksi FMP on ensisijainen valinta rakennuskoneiden osille ja kokonaisvaltaisille koneratkaisuille.<\/p>\n<p><img decoding=\"async\" src=\"https:\/\/fmp-components.com\/wp-content\/uploads\/2024\/12\/Adjustable-Clevis-Type-Cylinders-6.webp\" alt=\"S\u00e4\u00e4dett\u00e4v\u00e4 haarukkatyyppinen sylinteri\" width=\"845\" title=\"\"><\/p>\n<h2>Usein kysytyt kysymykset<\/h2>\n<ol>\n<li><strong>K: Oletko kauppayhti\u00f6 vai valmistaja?<\/strong><br \/>\nV: Olemme valmistaja.<\/li>\n<li><strong>K: Kuinka pitk\u00e4 on toimitusaikanne?<\/strong><br \/>\nV: Yleens\u00e4 se kest\u00e4\u00e4 25\u201335 p\u00e4iv\u00e4\u00e4.<\/li>\n<li><strong>K: Toimitatteko n\u00e4ytteit\u00e4? Onko se ilmaista vai lis\u00e4maksullista?<\/strong><br \/>\nV: Kyll\u00e4, tarjoamme n\u00e4ytteit\u00e4, mutta ne eiv\u00e4t ole ilmaisia.<\/li>\n<\/ol>\n<p>Tekij\u00e4: CX<\/p>","protected":false},"excerpt":{"rendered":"<p>Italy Supplier Two Way Hydraulic Piston Cylinder Welded Hydraulic Cylinder Italy Supplier Two Way Hydraulic Piston Cylinder Welded Hydraulic Cylinder is a high-quality hydraulic cylinder designed for heavy-duty applications. This hydraulic cylinder is specifically designed to withstand high pressure, high temperature, and harsh environmental conditions. The piston cylinder is made of high-quality materials that ensure [&hellip;]<\/p>","protected":false},"featured_media":1535,"comment_status":"closed","ping_status":"closed","template":"","meta":{"_et_pb_use_builder":"","_et_pb_old_content":"","_et_gb_content_width":""},"product_brand":[],"product_cat":[42],"product_tag":[34,44],"class_list":{"0":"post-1534","1":"product","2":"type-product","3":"status-publish","4":"has-post-thumbnail","6":"product_cat-snow-plow-hydraulic-cylinder","7":"product_tag-hydraulic-cylinder","8":"product_tag-snow-plow-hydraulic-cylinder","10":"first","11":"instock","12":"product-type-simple"},"_links":{"self":[{"href":"https:\/\/fmp-components.com\/fi\/wp-json\/wp\/v2\/product\/1534","targetHints":{"allow":["GET"]}}],"collection":[{"href":"https:\/\/fmp-components.com\/fi\/wp-json\/wp\/v2\/product"}],"about":[{"href":"https:\/\/fmp-components.com\/fi\/wp-json\/wp\/v2\/types\/product"}],"replies":[{"embeddable":true,"href":"https:\/\/fmp-components.com\/fi\/wp-json\/wp\/v2\/comments?post=1534"}],"wp:featuredmedia":[{"embeddable":true,"href":"https:\/\/fmp-components.com\/fi\/wp-json\/wp\/v2\/media\/1535"}],"wp:attachment":[{"href":"https:\/\/fmp-components.com\/fi\/wp-json\/wp\/v2\/media?parent=1534"}],"wp:term":[{"taxonomy":"product_brand","embeddable":true,"href":"https:\/\/fmp-components.com\/fi\/wp-json\/wp\/v2\/product_brand?post=1534"},{"taxonomy":"product_cat","embeddable":true,"href":"https:\/\/fmp-components.com\/fi\/wp-json\/wp\/v2\/product_cat?post=1534"},{"taxonomy":"product_tag","embeddable":true,"href":"https:\/\/fmp-components.com\/fi\/wp-json\/wp\/v2\/product_tag?post=1534"}],"curies":[{"name":"wp","href":"https:\/\/api.w.org\/{rel}","templated":true}]}}