{"id":1532,"date":"2024-12-23T05:51:36","date_gmt":"2024-12-23T05:51:36","guid":{"rendered":"https:\/\/fmp-components.com\/product\/customized-two-way-double-effect-hydraulic-piston-cylinder\/"},"modified":"2024-12-23T06:02:52","modified_gmt":"2024-12-23T06:02:52","slug":"customized-two-way-double-effect-hydraulic-piston-cylinder","status":"publish","type":"product","link":"https:\/\/fmp-components.com\/fi\/product\/customized-two-way-double-effect-hydraulic-piston-cylinder\/","title":{"rendered":"R\u00e4\u00e4t\u00e4l\u00f6ity kaksisuuntainen kaksoisvaikutteinen hydraulinen m\u00e4nt\u00e4sylinteri"},"content":{"rendered":"<p>R\u00e4\u00e4t\u00e4l\u00f6ity kaksisuuntainen kaksoisvaikutteinen hydraulinen m\u00e4nt\u00e4sylinteri R\u00e4\u00e4t\u00e4l\u00f6ity kaksisuuntainen kaksoisvaikutteinen hydraulinen m\u00e4nt\u00e4sylinteri on korkealaatuinen tuote, joka on suunniteltu vastaamaan erilaisten teollisten sovellusten vaatimuksiin. Edistyneen hydrauliikkateknologiansa ansiosta t\u00e4m\u00e4 m\u00e4nt\u00e4sylinteri tarjoaa erinomaisen suorituskyvyn ja luotettavuuden.<\/p>\n<p>Kaksisuuntaisen, kaksoisvaikutteisen rakenteensa ansiosta t\u00e4m\u00e4 hydraulinen m\u00e4nt\u00e4sylinteri mahdollistaa hydraulij\u00e4rjestelmien tehokkaan ja tarkan ohjauksen. Se mahdollistaa sek\u00e4 m\u00e4nn\u00e4n ojentamisen ett\u00e4 vet\u00e4misen sis\u00e4\u00e4n, mik\u00e4 varmistaa tasaisen ja tarkan liikkeen.<\/p>\n<p>Sylinteri on valmistettu kest\u00e4vist\u00e4 materiaaleista, jotka takaavat pitk\u00e4n k\u00e4ytt\u00f6i\u00e4n ja kulumiskest\u00e4vyyden. Se on suunniteltu kest\u00e4m\u00e4\u00e4n korkeaa painetta ja raskaita kuormia, joten se sopii vaativiin teollisuusymp\u00e4rist\u00f6ihin.<\/p>\n<p><img loading=\"lazy\" decoding=\"async\" class=\"\" title=\"Lumiauran hydraulisylinteri\" src=\"https:\/\/hzpt.com\/wp-content\/uploads\/2023\/11\/Snow-Plow-Hydraulic-Cylinder-3.webp\" alt=\"Lumiauran hydraulisylinteri\" width=\"922\" height=\"922\" \/><\/p>\n<p>R\u00e4\u00e4t\u00e4l\u00f6ity kaksisuuntainen kaksoisvaikutteinen hydraulinen m\u00e4nt\u00e4sylinteri on eritt\u00e4in muokattavissa vastaamaan erityisvaatimuksia. Se voidaan r\u00e4\u00e4t\u00e4l\u00f6id\u00e4 eri iskunpituuksille, sylinterin halkaisijoille ja kiinnitysvaihtoehdoille. T\u00e4m\u00e4 monipuolisuus mahdollistaa saumattoman integroinnin olemassa oleviin hydraulij\u00e4rjestelmiin tai uusien j\u00e4rjestelmien luomisen.<\/p>\n<p>Poikkeuksellisen suorituskykyns\u00e4 lis\u00e4ksi t\u00e4m\u00e4 m\u00e4nt\u00e4sylinteri on suunniteltu turvallisuus mieless\u00e4. Siin\u00e4 on ominaisuuksia, kuten tiivisteet ja puskurit, jotka est\u00e4v\u00e4t vuodot ja minimoivat t\u00e4rin\u00e4n, mik\u00e4 varmistaa turvallisen ja vakaan toiminnan.<\/p>\n<p>Kaiken kaikkiaan r\u00e4\u00e4t\u00e4l\u00f6ity kaksisuuntainen kaksoisvaikutteinen hydraulinen m\u00e4nt\u00e4sylinteri on luotettava ja tehokas ratkaisu erilaisiin teollisiin sovelluksiin. Sen muokattavuus, erinomainen suorituskyky ja turvaominaisuudet tekev\u00e4t siit\u00e4 ihanteellisen valinnan yrityksille, jotka haluavat parantaa hydraulij\u00e4rjestelmi\u00e4\u00e4n.<\/p>\n<div>\n<p>P\u00e4ivit\u00e4 koneesi kaksisuuntaisella kaksoisvaikutteisella hydraulisella m\u00e4nt\u00e4sylinterill\u00e4 maksimaalisen mukautettavuuden ja tehokkuuden saavuttamiseksi. Tarkkuudella ja asiantuntemuksella rakennettu hydraulinen m\u00e4nt\u00e4sylinteri takaa huippuluokan suorituskyvyn ja luotettavuuden.<\/p>\n<p><img decoding=\"async\" title=\"Lumiauran hydraulisylinteri\" src=\"https:\/\/hzpt.com\/wp-content\/uploads\/2023\/11\/Snow-Plow-Hydraulic-Cylinder-2.webp\" alt=\"Lumiauran hydraulisylinteri\" \/><\/p>\n<h2>Tuotteen ominaisuudet<\/h2>\n<table style=\"width: 100%;\" border=\"1\" width=\"100%\" cellspacing=\"0\" cellpadding=\"0\">\n<tbody>\n<tr>\n<th>Tuotteen nimi<\/th>\n<td>Lumiauran hydraulisylinteri<\/td>\n<\/tr>\n<tr>\n<th>Kunto<\/th>\n<td>Uusi<\/td>\n<\/tr>\n<tr>\n<th>Takuu<\/th>\n<td>1 vuosi<\/td>\n<\/tr>\n<tr>\n<th>Sovellettavat toimialat<\/th>\n<td>Konekorjaamot, Maatilat, Energia ja kaivostoiminta, Koneiden valmistus, Konetehdas<\/td>\n<\/tr>\n<tr>\n<th>Paino (kg)<\/th>\n<td>6.4<\/td>\n<\/tr>\n<tr>\n<th>Markkinointityyppi<\/th>\n<td>Uusi tuote 2023<\/td>\n<\/tr>\n<tr>\n<th>Ydinkomponentit<\/th>\n<td>Laakeri, hydraulisylinteri<\/td>\n<\/tr>\n<tr>\n<th>Rakenne<\/th>\n<td>M\u00e4nt\u00e4sylinteri<\/td>\n<\/tr>\n<tr>\n<th>Virtal\u00e4hde<\/th>\n<td>Hydraulinen<\/td>\n<\/tr>\n<\/tbody>\n<\/table>\n<h2>Huolto ja hoito<\/h2>\n<p>Yhden vuoden takuulla ja laakereista ja hydraulisylintereist\u00e4 koostuvalla ydinosalla varustettu hydraulinen m\u00e4nt\u00e4sylinteri on suunniteltu kest\u00e4m\u00e4\u00e4n. Sen ter\u00e4srunko parantaa kest\u00e4vyytt\u00e4 ja mahdollistaa sen kest\u00e4vyyden vaikeimmissakin olosuhteissa. Maksimaalisen ty\u00f6nt\u00f6voiman 3000 tonnia ja maksimivetovahvuuden 20 tonnia ansiosta se on tehokkuuden voimanpes\u00e4.<\/p>\n<h2>Sovellukset<\/h2>\n<p>Kompaktin kokonsa ja kevyen 6,4 kg:n painonsa ansiosta t\u00e4m\u00e4 hydraulinen m\u00e4nt\u00e4sylinteri soveltuu k\u00e4ytett\u00e4v\u00e4ksi konepajoissa, maatiloilla, energia- ja kaivosteollisuudessa, konevalmistuksessa ja konetehtaissa. Sen monipuolisuus tekee siit\u00e4 ihanteellisen valinnan erilaisiin konekokoonpanoihin.<\/p>\n<p><img decoding=\"async\" src=\"https:\/\/hzpt.com\/wp-content\/uploads\/2023\/11\/Snow-Plow-Hydraulic-Cylinder-4Factory.webp\" alt=\"Tehdaskuva\" title=\"\"><\/p>\n<\/div>\n<h2>S\u00e4\u00e4dett\u00e4vien haarukkatyyppisten sylinterien edut<\/h2>\n<ul>\n<li style=\"list-style-type: none;\">\n<ul>\n<li>Lis\u00e4\u00e4ntynyt monipuolisuus<\/li>\n<\/ul>\n<\/li>\n<\/ul>\n<p>S\u00e4\u00e4dett\u00e4v\u00e4 haarukkatyyppinen sylinteri tarjoaa laajan joustavuuden sovelluksissa, koska se voidaan r\u00e4\u00e4t\u00e4l\u00f6id\u00e4 tiettyihin k\u00e4ytt\u00f6tapauksiin. T\u00e4m\u00e4 p\u00e4tee erityisesti r\u00e4\u00e4t\u00e4l\u00f6ityyn kaksisuuntaiseen kaksoisvaikutteiseen hydrauliseen m\u00e4nt\u00e4sylinteriin. Kiinnityspisteiden s\u00e4\u00e4t\u00f6mahdollisuus helpottaa asennusta ja k\u00e4ytt\u00f6\u00e4 erilaisissa sovelluksissa.<\/p>\n<ul>\n<li style=\"list-style-type: none;\">\n<ul>\n<li>Parempi tehokkuus<\/li>\n<\/ul>\n<\/li>\n<\/ul>\n<p>S\u00e4\u00e4dett\u00e4vien haarukkatyyppisten sylinterien k\u00e4ytt\u00f6 varmistaa, ett\u00e4 sylinteri on optimoitu aiottuun k\u00e4ytt\u00f6tarkoitukseen. T\u00e4m\u00e4 tarkoittaa, ett\u00e4 sylinteri\u00e4 ei k\u00e4ytet\u00e4 liikaa tai liian v\u00e4h\u00e4n, mik\u00e4 parantaa tehokkuutta. T\u00e4m\u00e4 on erityisen t\u00e4rke\u00e4\u00e4 r\u00e4\u00e4t\u00e4l\u00f6idylle kaksisuuntaiselle kaksoisvaikutteiselle hydraulisylinterille, koska se voidaan optimoida kaksisuuntaiseen k\u00e4ytt\u00f6\u00f6n, mik\u00e4 johtaa parempaan kuorman hallintaan.<\/p>\n<ul>\n<li style=\"list-style-type: none;\">\n<ul>\n<li>Parannettu turvallisuus<\/li>\n<\/ul>\n<\/li>\n<\/ul>\n<p>S\u00e4\u00e4dett\u00e4v\u00e4t haarukkatyyppiset sylinterit on suunniteltu helposti s\u00e4\u00e4dett\u00e4viksi, mik\u00e4 v\u00e4hent\u00e4\u00e4 huomattavasti onnettomuusriski\u00e4. T\u00e4m\u00e4 on erityisen t\u00e4rke\u00e4\u00e4 r\u00e4\u00e4t\u00e4l\u00f6idylle kaksisuuntaiselle kaksoisvaikutteiselle hydrauliselle m\u00e4nt\u00e4sylinterille, joka voidaan optimoida turvallisuuden takaamiseksi kaksisuuntaisissa sovelluksissa. Lis\u00e4ksi korkealaatuisten materiaalien k\u00e4ytt\u00f6 varmistaa, ett\u00e4 n\u00e4m\u00e4 sylinterit ovat luotettavia ja turvallisia k\u00e4ytt\u00e4\u00e4.<\/p>\n<ul>\n<li style=\"list-style-type: none;\">\n<ul>\n<li>Lis\u00e4\u00e4ntynyt kest\u00e4vyys<\/li>\n<\/ul>\n<\/li>\n<\/ul>\n<p>S\u00e4\u00e4dett\u00e4v\u00e4t haarukkatyyppiset sylinterit on rakennettu kest\u00e4m\u00e4\u00e4n. Ne on valmistettu korkealaatuisista materiaaleista, jotka kest\u00e4v\u00e4t raskaan k\u00e4yt\u00f6n rasitukset. T\u00e4m\u00e4 p\u00e4tee erityisesti r\u00e4\u00e4t\u00e4l\u00f6ityyn kaksisuuntaiseen kaksoisvaikutteiseen hydrauliseen m\u00e4nt\u00e4sylinteriin, joka on suunniteltu kest\u00e4m\u00e4\u00e4n kaksisuuntaisten sovellusten paineita. T\u00e4m\u00e4 varmistaa, ett\u00e4 sylinteri kest\u00e4\u00e4 pidemp\u00e4\u00e4n ja vaatii v\u00e4hemm\u00e4n vaihtoja, mik\u00e4 johtaa kustannuss\u00e4\u00e4st\u00f6ihin ajan my\u00f6t\u00e4.<\/p>\n<ul>\n<li style=\"list-style-type: none;\">\n<ul>\n<li>Parannettu suorituskyky<\/li>\n<\/ul>\n<\/li>\n<\/ul>\n<p>S\u00e4\u00e4dett\u00e4v\u00e4t haarukkatyyppiset sylinterit on suunniteltu optimoimaan suorituskyky\u00e4. Kiinnityspisteiden s\u00e4\u00e4t\u00f6mahdollisuus mahdollistaa paremman kuorman hallinnan, mik\u00e4 parantaa suorituskyky\u00e4. T\u00e4m\u00e4 on erityisen t\u00e4rke\u00e4\u00e4 r\u00e4\u00e4t\u00e4l\u00f6idylle kaksisuuntaiselle kaksoisvaikutteiselle hydraulisylinterille, joka voidaan optimoida parantamaan suorituskyky\u00e4 kaksisuuntaisissa sovelluksissa. Lis\u00e4ksi korkealaatuisten materiaalien k\u00e4ytt\u00f6 varmistaa, ett\u00e4 n\u00e4m\u00e4 sylinterit toimivat parhaalla mahdollisella tavalla pidempi\u00e4 aikoja.<\/p>\n<p>Yhteenvetona voidaan todeta, ett\u00e4 s\u00e4\u00e4dett\u00e4vien haarukkatyyppisten sylinterien, erityisesti r\u00e4\u00e4t\u00e4l\u00f6ityjen kaksisuuntaisten kaksoisvaikutteisten hydraulisten m\u00e4nt\u00e4sylinterien, k\u00e4ytt\u00f6 tarjoaa laajan valikoiman etuja. N\u00e4m\u00e4 sylinterit ovat monipuolisia, tehokkaita, turvallisia, kest\u00e4vi\u00e4 ja tarjoavat parannetun suorituskyvyn. Koska ne voidaan r\u00e4\u00e4t\u00e4l\u00f6id\u00e4 tiettyihin k\u00e4ytt\u00f6tapauksiin, n\u00e4m\u00e4 sylinterit ovat erinomainen valinta kaikkiin raskaisiin sovelluksiin.<\/p>\n<h3>Tietoa FMP:st\u00e4 \u2013 ammattitaitoisesta hydraulisylintereiden toimittajastasi<\/h3>\n<p>FMP:ll\u00e4 olemme erikoistuneet rakennuskoneiden osien ja kokonaisten koneiden myyntiin ja huoltoon, ja olemme ylpeit\u00e4 siit\u00e4, ett\u00e4 olemme johtava korkealaatuisten ja luotettavien hydraulisylintereiden toimittaja. T\u00e4ss\u00e4 on vain muutamia syit\u00e4, miksi uskomme, ett\u00e4 hydraulisylintereimme ovat markkinoiden parhaita:<\/p>\n<p>1. Tarkkuustekniikka \u2013 Hydraulisylinterimme on suunniteltu tarkkuustekniikalla, mik\u00e4 varmistaa niiden kest\u00e4vyyden ja luotettavuuden my\u00f6s vaikeimmissa olosuhteissa.<\/p>\n<p>2. Laaja k\u00e4ytt\u00f6alue \u2013 Hydraulisylintereit\u00e4mme voidaan k\u00e4ytt\u00e4\u00e4 monenlaisissa sovelluksissa, kuten maatalouskoneissa, teollisuuslaitteissa ja rakennuskoneissa.<\/p>\n<p>3. R\u00e4\u00e4t\u00e4l\u00f6ity suunnittelu \u2013 Voimme r\u00e4\u00e4t\u00e4l\u00f6id\u00e4 hydraulisylintereidemme suunnittelun asiakkaidemme erityistarpeiden mukaan varmistaen, ett\u00e4 he saavat tuotteistamme parhaan mahdollisen suorituskyvyn.<\/p>\n<p>4. Korkealaatuiset materiaalit \u2013 K\u00e4yt\u00e4mme hydraulisylintereidemme valmistuksessa vain korkealaatuisimpia materiaaleja, mik\u00e4 varmistaa, ett\u00e4 ne kest\u00e4v\u00e4t kulutusta ajan kuluessa.<\/p>\n<p>5. Erinomainen asiakastuki \u2013 FMP:ll\u00e4 olemme ylpeit\u00e4 voidessamme tarjota erinomaista asiakastukea kaikille asiakkaillemme. Tuotekonsultaatioista \u00e4lykk\u00e4isiin ostoehdotuksiin, kokenut myyntitiimimme on aina t\u00e4\u00e4ll\u00e4 auttamassa.<\/p>\n<p>Jos siis etsit luotettavaa ja kest\u00e4v\u00e4\u00e4 hydraulisylinterien toimittajaa, FMP on oikea valinta. Ota meihin yhteytt\u00e4 jo t\u00e4n\u00e4\u00e4n ja kysy lis\u00e4\u00e4 tuotteistamme ja palveluistamme sek\u00e4 siit\u00e4, miten voimme auttaa sinua t\u00e4ytt\u00e4m\u00e4\u00e4n rakennuskonetarpeesi!<\/p>\n<p><img decoding=\"async\" src=\"https:\/\/fmp-components.com\/wp-content\/uploads\/2024\/12\/Adjustable-Clevis-Type-Cylinders-6.webp\" alt=\"S\u00e4\u00e4dett\u00e4v\u00e4 haarukkatyyppinen sylinteri\" width=\"844\" title=\"\"><\/p>\n<h2>Usein kysytyt kysymykset<\/h2>\n<ol>\n<li><strong>K: Oletko kauppayhti\u00f6 vai valmistaja?<\/strong>A: Olemme tehdas.<\/li>\n<li><strong>K: Kuinka pitk\u00e4 on toimitusaikanne?<\/strong>V: Yleens\u00e4 se kest\u00e4\u00e4 25\u201335 p\u00e4iv\u00e4\u00e4.<\/li>\n<li><strong>K: Toimitatteko n\u00e4ytteit\u00e4? Onko se ilmaista vai lis\u00e4maksullista?<\/strong>V: Kyll\u00e4, voisimme tarjota n\u00e4ytteen, mutta se ei ole ilmainen.<\/li>\n<\/ol>\n<p>Tekij\u00e4: CX<\/p>","protected":false},"excerpt":{"rendered":"<p>Customized Two Way Double Effect Hydraulic Piston CylinderThe Customized Two Way Double Effect Hydraulic Piston Cylinder is a high-quality product designed to meet the demands of various industrial applications. With its advanced hydraulic technology, this piston cylinder offers superior performance and reliability. Featuring a two-way, double-effect design, this hydraulic piston cylinder allows for efficient and [&hellip;]<\/p>","protected":false},"featured_media":1533,"comment_status":"closed","ping_status":"closed","template":"","meta":{"_et_pb_use_builder":"","_et_pb_old_content":"","_et_gb_content_width":""},"product_brand":[],"product_cat":[42],"product_tag":[34,44],"class_list":{"0":"post-1532","1":"product","2":"type-product","3":"status-publish","4":"has-post-thumbnail","6":"product_cat-snow-plow-hydraulic-cylinder","7":"product_tag-hydraulic-cylinder","8":"product_tag-snow-plow-hydraulic-cylinder","10":"first","11":"instock","12":"product-type-simple"},"_links":{"self":[{"href":"https:\/\/fmp-components.com\/fi\/wp-json\/wp\/v2\/product\/1532","targetHints":{"allow":["GET"]}}],"collection":[{"href":"https:\/\/fmp-components.com\/fi\/wp-json\/wp\/v2\/product"}],"about":[{"href":"https:\/\/fmp-components.com\/fi\/wp-json\/wp\/v2\/types\/product"}],"replies":[{"embeddable":true,"href":"https:\/\/fmp-components.com\/fi\/wp-json\/wp\/v2\/comments?post=1532"}],"wp:featuredmedia":[{"embeddable":true,"href":"https:\/\/fmp-components.com\/fi\/wp-json\/wp\/v2\/media\/1533"}],"wp:attachment":[{"href":"https:\/\/fmp-components.com\/fi\/wp-json\/wp\/v2\/media?parent=1532"}],"wp:term":[{"taxonomy":"product_brand","embeddable":true,"href":"https:\/\/fmp-components.com\/fi\/wp-json\/wp\/v2\/product_brand?post=1532"},{"taxonomy":"product_cat","embeddable":true,"href":"https:\/\/fmp-components.com\/fi\/wp-json\/wp\/v2\/product_cat?post=1532"},{"taxonomy":"product_tag","embeddable":true,"href":"https:\/\/fmp-components.com\/fi\/wp-json\/wp\/v2\/product_tag?post=1532"}],"curies":[{"name":"wp","href":"https:\/\/api.w.org\/{rel}","templated":true}]}}