{"id":1524,"date":"2024-12-23T05:51:36","date_gmt":"2024-12-23T05:51:36","guid":{"rendered":"https:\/\/fmp-components.com\/product\/high-quality-double-effect-snow-plow-hydraulic-cylinder\/"},"modified":"2024-12-23T05:54:59","modified_gmt":"2024-12-23T05:54:59","slug":"high-quality-double-effect-snow-plow-hydraulic-cylinder","status":"publish","type":"product","link":"https:\/\/fmp-components.com\/fi\/product\/high-quality-double-effect-snow-plow-hydraulic-cylinder\/","title":{"rendered":"Korkealaatuinen kaksitehoinen lumiauran hydraulisylinteri"},"content":{"rendered":"<p>Korkealaatuinen kaksivaikutteinen lumiauran hydraulisylinteriKorkealaatuinen kaksivaikutteinen lumiauran hydraulisylinteri on olennainen osa mit\u00e4 tahansa lumiauraa. Kest\u00e4v\u00e4n rakenteensa ja luotettavan kaksivaikutteisen suunnittelunsa ansiosta t\u00e4m\u00e4 hydraulisylinteri on tehty kest\u00e4m\u00e4\u00e4n.<\/p>\n<p>Sylinteri on suunniteltu siirt\u00e4m\u00e4\u00e4n lunta vaivattomasti auran sivulle, mik\u00e4 tekee lumenpoistosta helppoa. Se pystyy my\u00f6s nostamaan ja laskemaan auraa mukautuakseen muuttuviin lumikerroksiin.<\/p>\n<p>Korkealaatuisista materiaaleista ja tarkalla suunnittelulla valmistettu korkealaatuinen kaksitehoinen lumiauran hydraulisylinteri on pakollinen hankinta jokaiselle lumiauran k\u00e4ytt\u00e4j\u00e4lle. Erinomaisen suorituskykyns\u00e4 ja pitk\u00e4ik\u00e4isyytens\u00e4 ansiosta t\u00e4m\u00e4 tuote ylitt\u00e4\u00e4 varmasti odotuksesi ja tekee lumenaurauksesta helpompaa kuin koskaan ennen.<\/p>\n<p><img decoding=\"async\" title=\"Lumiauran hydraulisylinteri\" src=\"https:\/\/hzpt.com\/wp-content\/uploads\/2023\/11\/Snow-Plow-Hydraulic-Cylinder-1.webp\" alt=\"Lumiauran hydraulisylinteri\" \/><\/p>\n<h3>Tekniset tiedot<\/h3>\n<ul>\n<li>Rei\u00e4n koko: 2\u20136 tuumaa<\/li>\n<li>Tangon koko: 1,125\u20134 tuumaa<\/li>\n<li>Iskun pituus: 4\u2013100 tuumaa<\/li>\n<li>Tapin koko: 0,5\u20132 tuumaa<\/li>\n<li>Liit\u00e4nn\u00e4t: G\/SAE\/NPT\/M<\/li>\n<\/ul>\n<h2>Laadunvarmistus<\/h2>\n<p>Tuotteemme on ISO9001:2000-sertifioitu, mik\u00e4 varmistaa sen t\u00e4ytt\u00e4v\u00e4n kansainv\u00e4liset laatustandardit. Tarjoamme my\u00f6s vuoden takuun keskeisille osille, kuten laakerille ja itse hydraulisylinterille. Saatavilla on videol\u00e4hetys tarkastuksesta ja koneen testausraportti varmuutesi vuoksi.<\/p>\n<p><img decoding=\"async\" title=\"Lumiauran hydraulisylinteri\" src=\"https:\/\/hzpt.com\/wp-content\/uploads\/2023\/11\/Snow-Plow-Hydraulic-Cylinder-3.webp\" alt=\"Lumiauran hydraulisylinteri\" \/><\/p>\n<h2>S\u00e4\u00e4dett\u00e4vien haarukkatyyppisten sylinterien edut<\/h2>\n<p>S\u00e4\u00e4dett\u00e4v\u00e4t haarukkatyyppiset sylinterit ovat t\u00e4rke\u00e4 osa hydraulij\u00e4rjestelmi\u00e4, joita k\u00e4ytet\u00e4\u00e4n erilaisissa teollisissa ja kaupallisissa sovelluksissa. N\u00e4ill\u00e4 sylintereill\u00e4 on useita etuja kiinteisiin haarukkatyyppisiin sylintereihin verrattuna. T\u00e4ss\u00e4 artikkelissa k\u00e4sittelemme s\u00e4\u00e4dett\u00e4vien haarukkatyyppisten sylinterien etuja yksityiskohtaisesti.<\/p>\n<p>1. <b>Suurempi joustavuus asennuksessa ja k\u00e4yt\u00f6ss\u00e4<\/b> \u2013 S\u00e4\u00e4dett\u00e4v\u00e4t haarukkatyyppiset sylinterit tarjoavat suuremman joustavuuden asennuksen ja k\u00e4yt\u00f6n suhteen. Toisin kuin kiinte\u00e4t haarukkatyyppiset sylinterit, s\u00e4\u00e4dett\u00e4v\u00e4t haarukkatyyppiset sylinterit mahdollistavat k\u00e4ytt\u00e4j\u00e4n tehd\u00e4 pieni\u00e4 s\u00e4\u00e4t\u00f6j\u00e4 sylinterin pituuteen ja kulmaan, mik\u00e4 voi auttaa saavuttamaan halutun suorituskykytason. T\u00e4m\u00e4 tekee niist\u00e4 ihanteellisia k\u00e4ytett\u00e4v\u00e4ksi sovelluksissa, joissa tarkkuus on t\u00e4rke\u00e4\u00e4, kuten korkealaatuisten kaksitehoisten lumiauran hydraulisylinterien tapauksessa.<\/p>\n<p>2. <b>Parempi suorituskyky ja tehokkuus<\/b> \u2013 Haarukkatyyppisten sylinterien s\u00e4\u00e4dett\u00e4vyys mahdollistaa hydraulij\u00e4rjestelm\u00e4n tarkemman ohjauksen. T\u00e4m\u00e4 puolestaan \u200b\u200bvoi parantaa suorituskyky\u00e4 ja tehokkuutta. Esimerkiksi jos sylinteri s\u00e4\u00e4det\u00e4\u00e4n oikeaan pituuteen ja kulmaan, se voi liikkua tasaisemmin ja sen k\u00e4ytt\u00f6 vaatii v\u00e4hemm\u00e4n energiaa, mik\u00e4 voi johtaa energians\u00e4\u00e4st\u00f6ihin ja parantaa tuottavuutta.<\/p>\n<p>3. <b>V\u00e4hemm\u00e4n huoltoa ja seisokkiaikaa<\/b> \u2013 S\u00e4\u00e4dett\u00e4v\u00e4t sakkelityyppiset sylinterit on suunniteltu kest\u00e4v\u00e4mmiksi ja vaatimaan v\u00e4hemm\u00e4n huoltoa verrattuna kiinteisiin sakkelityyppisiin sylintereihin. T\u00e4m\u00e4 johtuu siit\u00e4, ett\u00e4 ne on valmistettu korkealaatuisista materiaaleista, kuten hiiliter\u00e4ksest\u00e4 ja ruostumattomasta ter\u00e4ksest\u00e4, jotka kest\u00e4v\u00e4t kulumista ja korroosiota. Lis\u00e4ksi n\u00e4iden sylinterien s\u00e4\u00e4dett\u00e4vyys helpottaa huoltoa, mik\u00e4 v\u00e4hent\u00e4\u00e4 seisokkiaikaa ja korjauskustannuksia.<\/p>\n<p>4. <b>Parannetut turvaominaisuudet<\/b> \u2013 S\u00e4\u00e4dett\u00e4v\u00e4t haarukkatyyppiset sylinterit on varustettu parannetuilla turvaominaisuuksilla, jotka tekev\u00e4t niist\u00e4 turvallisempia k\u00e4ytt\u00e4\u00e4 teollisissa ja kaupallisissa sovelluksissa. Ne voidaan esimerkiksi varustaa ylikuormitussuojalaitteilla, jotka est\u00e4v\u00e4t niit\u00e4 ylitt\u00e4m\u00e4st\u00e4 enimm\u00e4iskuormituskapasiteettiaan, mik\u00e4 voi auttaa ehk\u00e4isem\u00e4\u00e4n onnettomuuksia ja vammoja ty\u00f6paikalla.<\/p>\n<p>Yhteenvetona voidaan todeta, ett\u00e4 s\u00e4\u00e4dett\u00e4v\u00e4t sakkelityyppiset sylinterit tarjoavat useita etuja kiinteisiin sakkelityyppisiin sylintereihin verrattuna, mukaan lukien suurempi joustavuus asennuksessa ja k\u00e4yt\u00f6ss\u00e4, parempi suorituskyky ja tehokkuus, lyhyemm\u00e4t huolto- ja seisokkiajat sek\u00e4 parannetut turvaominaisuudet. N\u00e4m\u00e4 edut tekev\u00e4t niist\u00e4 erinomaisen valinnan k\u00e4ytett\u00e4v\u00e4ksi monissa sovelluksissa, mukaan lukien korkealaatuiset kaksitehoiset lumiauran hydraulisylinterit, joissa tarkkuus, kest\u00e4vyys ja turvallisuus ovat ensiarvoisen t\u00e4rkeit\u00e4.<\/p>\n<h3>Tietoja FMP:st\u00e4<\/h3>\n<p>FMP on hydraulisylintereiden tuotantoon ja myyntiin erikoistunut yritys. Laajan alan kokemuksemme ja ammattitaitoisen tiimimme ansiosta olemme omistautuneet tarjoamaan asiakkaillemme korkealaatuisia ja luotettavia hydraulisylintereit\u00e4.<\/p>\n<p><img decoding=\"async\" src=\"https:\/\/fmp-components.com\/wp-content\/uploads\/2024\/12\/Adjustable-Clevis-Type-Cylinders-6.webp\" alt=\"S\u00e4\u00e4dett\u00e4v\u00e4 haarukkatyyppinen sylinteri\" width=\"840\" title=\"\"><\/p>\n<p>1. Korkealaatuiset tuotteet: FMP:ll\u00e4 olemme ylpeit\u00e4 voidessamme tarjota huippuluokan hydraulisylintereit\u00e4, jotka on rakennettu kest\u00e4m\u00e4\u00e4n. Tuotteemme k\u00e4yv\u00e4t l\u00e4pi tiukat laadunvalvontatoimenpiteet niiden kest\u00e4vyyden ja suorituskyvyn varmistamiseksi.<\/p>\n<p>2. Laaja valikoima vaihtoehtoja: Tarjoamme laajan valikoiman hydraulisylintereit\u00e4 asiakkaidemme erityistarpeisiin. Tarvitsetpa sitten s\u00e4\u00e4dett\u00e4vi\u00e4 haarukkatyyppisi\u00e4 sylintereit\u00e4, vetotankosylintereit\u00e4 tai hitsattuja sylintereit\u00e4, meilt\u00e4 l\u00f6yd\u00e4t etsim\u00e4si.<\/p>\n<p>3. Tiukat laatustandardit: Yll\u00e4pid\u00e4mme pitk\u00e4aikaisia \u200b\u200bja vakaita kumppanuuksia hyv\u00e4maineisten toimittajien kanssa varmistaaksemme, ett\u00e4 kaikki hydraulisylinterimme t\u00e4ytt\u00e4v\u00e4t tiukat laatustandardit. Jokainen tuote tarkastetaan perusteellisesti ennen toimitusta asiakkaillemme.<\/p>\n<p>4. Asiantunteva myyntitiimi: Kokenut ja osaava myyntitiimimme tuntee alan uusimmat trendit ja asiakasvaatimukset hyvin. He ovat aina valmiita tarjoamaan ammattimaista tuotekonsultaatiota ja \u00e4lykk\u00e4it\u00e4 ostoehdotuksia asiakastyytyv\u00e4isyyden varmistamiseksi.<\/p>\n<p>5. Tehokas logistiikkaj\u00e4rjestelm\u00e4: Ymm\u00e4rr\u00e4mme oikea-aikaisen toimituksen t\u00e4rkeyden. Tehokkaan logistiikka-jakeluj\u00e4rjestelm\u00e4mme avulla varmistamme, ett\u00e4 asiakkaamme saavat tarvitsemansa hydraulisylinterit nopeasti ja t\u00e4sm\u00e4llisesti.<\/p>\n<p>Valitse FMP hydraulisylinteritarpeisiisi ja koe laatu ja luotettavuus, jotka erottavat meid\u00e4t kilpailijoista. Ota meihin yhteytt\u00e4 jo t\u00e4n\u00e4\u00e4n aloittaaksesi hedelm\u00e4llisen kumppanuuden.<\/p>\n<p>Tekij\u00e4: CX<\/p>","protected":false},"excerpt":{"rendered":"<p>High Quality Double Effect Snow Plow Hydraulic CylinderThe High Quality Double Effect Snow Plow Hydraulic Cylinder is an essential component for any snow plow. With its durable construction and reliable double-effect design, this hydraulic cylinder is built to last. The cylinder is designed to effortlessly move snow to the side of the plow, making snow [&hellip;]<\/p>","protected":false},"featured_media":1525,"comment_status":"closed","ping_status":"closed","template":"","meta":{"_et_pb_use_builder":"","_et_pb_old_content":"","_et_gb_content_width":""},"product_brand":[],"product_cat":[42],"product_tag":[34,44],"class_list":{"0":"post-1524","1":"product","2":"type-product","3":"status-publish","4":"has-post-thumbnail","6":"product_cat-snow-plow-hydraulic-cylinder","7":"product_tag-hydraulic-cylinder","8":"product_tag-snow-plow-hydraulic-cylinder","10":"first","11":"instock","12":"product-type-simple"},"_links":{"self":[{"href":"https:\/\/fmp-components.com\/fi\/wp-json\/wp\/v2\/product\/1524","targetHints":{"allow":["GET"]}}],"collection":[{"href":"https:\/\/fmp-components.com\/fi\/wp-json\/wp\/v2\/product"}],"about":[{"href":"https:\/\/fmp-components.com\/fi\/wp-json\/wp\/v2\/types\/product"}],"replies":[{"embeddable":true,"href":"https:\/\/fmp-components.com\/fi\/wp-json\/wp\/v2\/comments?post=1524"}],"wp:featuredmedia":[{"embeddable":true,"href":"https:\/\/fmp-components.com\/fi\/wp-json\/wp\/v2\/media\/1525"}],"wp:attachment":[{"href":"https:\/\/fmp-components.com\/fi\/wp-json\/wp\/v2\/media?parent=1524"}],"wp:term":[{"taxonomy":"product_brand","embeddable":true,"href":"https:\/\/fmp-components.com\/fi\/wp-json\/wp\/v2\/product_brand?post=1524"},{"taxonomy":"product_cat","embeddable":true,"href":"https:\/\/fmp-components.com\/fi\/wp-json\/wp\/v2\/product_cat?post=1524"},{"taxonomy":"product_tag","embeddable":true,"href":"https:\/\/fmp-components.com\/fi\/wp-json\/wp\/v2\/product_tag?post=1524"}],"curies":[{"name":"wp","href":"https:\/\/api.w.org\/{rel}","templated":true}]}}