{"id":1512,"date":"2024-12-23T05:50:37","date_gmt":"2024-12-23T05:50:37","guid":{"rendered":"https:\/\/fmp-components.com\/product\/guaranteed-quality-small-hydraulic-cylinder-double-effect-hydraulic-cylinder-for-snow-plow\/"},"modified":"2024-12-23T06:24:04","modified_gmt":"2024-12-23T06:24:04","slug":"guaranteed-quality-small-hydraulic-cylinder-double-effect-hydraulic-cylinder-for-snow-plow","status":"publish","type":"product","link":"https:\/\/fmp-components.com\/fi\/product\/guaranteed-quality-small-hydraulic-cylinder-double-effect-hydraulic-cylinder-for-snow-plow\/","title":{"rendered":"Taattu laatu Pieni hydraulisylinteri Kaksivaikutteinen hydraulisylinteri lumiauraan"},"content":{"rendered":"<p>Taattu laatu Pieni hydraulisylinteri Kaksivaikutteinen hydraulisylinteri lumiauraanEsittelyss\u00e4 taattu laatu Pieni hydraulisylinteri Kaksivaikutteinen hydraulisylinteri lumiauraan!<\/p>\n<p>Tarkkuutta ja laatua ajatellen suunniteltu hydraulisylinteri on t\u00e4ydellinen lis\u00e4 mihin tahansa lumiauraan. Sen kaksoisvaikutusominaisuus tarkoittaa lis\u00e4\u00e4ntynytt\u00e4 tehokkuutta ja voimaa, mink\u00e4 ansiosta jopa rankimpien lumisateiden auraaminen on helpompaa kuin koskaan.<\/p>\n<p>T\u00e4m\u00e4 hydraulisylinteri on valmistettu vain korkealaatuisimmista materiaaleista ja rakennettu kest\u00e4m\u00e4\u00e4n vaativimmatkin olosuhteet. Sen kompakti koko mahdollistaa helpon asennuksen, joten se on ihanteellinen valinta kaikille lumiauran k\u00e4ytt\u00e4jille, jotka haluavat maksimoida lumenaurauskykyns\u00e4.<\/p>\n<p><img decoding=\"async\" title=\"Lumiauran hydraulisylinteri\" src=\"https:\/\/hzpt.com\/wp-content\/uploads\/2023\/11\/Snow-Plow-Hydraulic-Cylinder-3.webp\" alt=\"Lumiauran hydraulisylinteri\" \/><\/p>\n<p>Taatun laadun ja luotettavuuden ansiosta t\u00e4m\u00e4 pieni hydraulisylinteri on t\u00e4ydellinen sijoitus kaikille lumiaurauksen ammattilaisille. \u00c4l\u00e4 anna talvis\u00e4\u00e4n hidastaa sinua \u2013 valitse taatun laadun pieni hydraulisylinteri, kaksitehoinen hydraulisylinteri lumiauraan, ja saat ty\u00f6si tehty\u00e4 oikein joka kerta.<\/p>\n<h2>S\u00e4\u00e4dett\u00e4vien haarukkatyyppisten sylinterien edut<\/h2>\n<p>S\u00e4\u00e4dett\u00e4v\u00e4t haarukkatyyppiset sylinterit, kuten taatun laadun omaava pieni hydraulisylinteri ja lumiauran kaksitoiminen hydraulisylinteri, tarjoavat useita etuja, jotka tekev\u00e4t niist\u00e4 ensisijaisen vaihtoehdon erilaisiin k\u00e4ytt\u00f6tarkoituksiin. T\u00e4ss\u00e4 artikkelissa tutkimme n\u00e4it\u00e4 etuja yksityiskohtaisesti.<\/p>\n<p>1. Parempi joustavuus:<br \/>\nS\u00e4\u00e4dett\u00e4v\u00e4t haarukkatyyppiset sylinterit tarjoavat erinomaista joustavuutta s\u00e4\u00e4dett\u00e4vien haarukkakiinnitysten ansiosta. T\u00e4m\u00e4 ominaisuus mahdollistaa helpon asennuksen ja s\u00e4\u00e4t\u00e4misen eri asentoihin, mik\u00e4 tekee niist\u00e4 sopivia monenlaisiin k\u00e4ytt\u00f6tarkoituksiin. Olipa kyseess\u00e4 lumiaura tai mik\u00e4 tahansa muu laite, sylinterin asennon s\u00e4\u00e4t\u00f6mahdollisuus varmistaa optimaalisen suorituskyvyn.<\/p>\n<p>2. Tarkka ohjaus:<br \/>\nN\u00e4m\u00e4 sylinterit tarjoavat tarkan hallinnan erilaisten laitteiden liikkeille ja asemointiin. S\u00e4\u00e4dett\u00e4vien iskunpituuksien ja tarkkojen asemointiominaisuuksien ansiosta ne mahdollistavat toiminnan hienos\u00e4\u00e4d\u00f6n tiettyjen vaatimusten mukaisesti. T\u00e4m\u00e4 hallinnan taso on ratkaisevan t\u00e4rke\u00e4\u00e4 sovelluksissa, joissa tarkkuus on ensiarvoisen t\u00e4rke\u00e4\u00e4, kuten rakennus- tai teollisuuskoneissa.<\/p>\n<p>3. Kest\u00e4vyys ja luotettavuus:<br \/>\nLaadukkaat pienet hydraulisylinterit ja kaksitehoiset hydraulisylinterit lumiauraan on rakennettu kest\u00e4m\u00e4\u00e4n vaativia olosuhteita. Korkealaatuisista materiaaleista valmistetut ja raskaita kuormia kest\u00e4m\u00e4\u00e4n suunnitellut sylinterit tarjoavat poikkeuksellisen kest\u00e4vyyden ja luotettavuuden. T\u00e4m\u00e4 varmistaa, ett\u00e4 ne selvi\u00e4v\u00e4t vaikeimmistakin teht\u00e4vist\u00e4 suorituskyvyst\u00e4 tinkim\u00e4tt\u00e4.<\/p>\n<p>4. Tehokas voimansiirto:<br \/>\nS\u00e4\u00e4dett\u00e4vien haarukkatyyppisten sylinterien rakenne optimoi voimansiirron, mik\u00e4 johtaa tehokkaaseen toimintaan. Edistyksellisen hydrauliikkateknologian k\u00e4ytt\u00f6 mahdollistaa sujuvan ja tasaisen liikkeen, mik\u00e4 minimoi energiah\u00e4vikin. T\u00e4m\u00e4 tehokkuus ei ainoastaan \u200b\u200bparanna kokonaissuorituskyky\u00e4, vaan my\u00f6s edist\u00e4\u00e4 kustannuss\u00e4\u00e4st\u00f6j\u00e4 pitk\u00e4ll\u00e4 aikav\u00e4lill\u00e4.<\/p>\n<p>5. Monipuoliset sovellukset:<br \/>\nMonipuolisen rakenteensa ansiosta s\u00e4\u00e4dett\u00e4vi\u00e4 haarukkatyyppisi\u00e4 sylintereit\u00e4 k\u00e4ytet\u00e4\u00e4n monilla eri teollisuudenaloilla. Maataloudesta rakentamiseen, materiaalink\u00e4sittelyst\u00e4 kuljetukseen, n\u00e4m\u00e4 sylinterit voidaan integroida erilaisiin laitteisiin ja koneisiin. Niiden muunneltavuus tekee niist\u00e4 kustannustehokkaan ratkaisun erilaisiin k\u00e4ytt\u00f6tarpeisiin.<\/p>\n<p>Yhteenvetona voidaan todeta, ett\u00e4 s\u00e4\u00e4dett\u00e4v\u00e4t haarukkatyyppiset sylinterit, mukaan lukien taatun laadukkaat pienet hydraulisylinterit ja lumiauran kaksivaikutteiset hydraulisylinterit, tarjoavat lukuisia etuja. Niiden joustavuus, tarkka ohjaus, kest\u00e4vyys, tehokas voimansiirto ja monipuolisuus tekev\u00e4t niist\u00e4 erinomaisen valinnan erilaisiin k\u00e4ytt\u00f6tarkoituksiin. Yhdist\u00e4m\u00e4ll\u00e4 n\u00e4m\u00e4 sylinterit laitteisiin tai koneisiin yritykset voivat optimoida suorituskyky\u00e4, lis\u00e4t\u00e4 tuottavuutta ja saavuttaa operatiiviset tavoitteensa tehokkaasti.<\/p>\n<h3>Tietoja FMP:st\u00e4<\/h3>\n<p>FMP on johtava yritys Italiassa, joka on erikoistunut rakennuskoneiden osien ja kokonaisten koneiden myyntiin ja huoltoon. Vuosien kokemuksella alalta ja ammattilaistiimin avulla tarjoamme asiakkaillemme korkealaatuisia ja luotettavia ratkaisuja.<\/p>\n<h3>Hydraulinen sylinteri<\/h3>\n<p>Yksi p\u00e4\u00e4tuotteistamme on hydraulisylinteri. Sylinterimme on valmistettu korkealaatuisista materiaaleista ja suunniteltu kest\u00e4m\u00e4\u00e4n \u00e4\u00e4rimm\u00e4ist\u00e4 painetta ja raskaita kuormia. T\u00e4ss\u00e4 on viisi syyt\u00e4, miksi sinun kannattaa valita FMP-hydraulisylinteri:<\/p>\n<ol>\n<li><strong>Korkealaatuiset materiaalit:<\/strong> Hydraulisylinterimme on valmistettu korkealaatuisista materiaaleista, jotka takaavat kest\u00e4vyyden ja pitk\u00e4ik\u00e4isen suorituskyvyn. K\u00e4yt\u00e4mme vain parhaita materiaaleja varmistaaksemme, ett\u00e4 sylinterimme kest\u00e4v\u00e4t ankarimmissakin olosuhteissa.<\/li>\n<li><strong>Mukautettava:<\/strong> Tarjoamme laajan valikoiman hydraulisylintereit\u00e4, jotka voidaan r\u00e4\u00e4t\u00e4l\u00f6id\u00e4 vastaamaan erityistarpeitasi. Sylintereit\u00e4mme on saatavana eri kokoisina, muotoisina ja malleina, ja voimme auttaa sinua valitsemaan t\u00e4ydellisen vaihtoehdon k\u00e4ytt\u00f6tarkoitukseesi.<\/li>\n<li><strong>Luotettavuus:<\/strong> Hydraulisylinterimme on suunniteltu tarjoamaan luotettavaa suorituskyky\u00e4 jopa vaativimmissakin olosuhteissa. Ymm\u00e4rr\u00e4mme luotettavuuden t\u00e4rkeyden ja ryhdymme kaikkiin tarvittaviin toimenpiteisiin varmistaaksemme, ett\u00e4 sylinterimme ovat teht\u00e4v\u00e4ns\u00e4 tasalla.<\/li>\n<li><strong>Asiantuntijakonsultaatio:<\/strong> Myyntitiimimme koostuu rakennuskonealan asiantuntijoista. He tuntevat uusimmat trendit ja voivat antaa sinulle ammattimaisia \u200b\u200bneuvoja siit\u00e4, mik\u00e4 hydraulisylinteri sopii sinulle parhaiten.<\/li>\n<li><strong>Tehokas logistiikka:<\/strong> Meill\u00e4 on tehokas logistiikkaj\u00e4rjestelm\u00e4, joka varmistaa, ett\u00e4 saat hydraulisylinterisi ajallaan ja t\u00e4sm\u00e4llisesti. Ymm\u00e4rr\u00e4mme oikea-aikaisen toimituksen t\u00e4rkeyden ja ryhdymme kaikkiin tarvittaviin toimenpiteisiin varmistaaksemme, ett\u00e4 tilauksesi toimitetaan ajoissa.<\/li>\n<\/ol>\n<p>Jos etsit luotettavaa ja korkealaatuista hydraulisylinteri\u00e4, FMP on oikea valinta. Meill\u00e4 on kokemus ja asiantuntemus tarjotaksemme sinulle t\u00e4ydellisen ratkaisun tarpeisiisi.<\/p>\n<p><img decoding=\"async\" src=\"https:\/\/fmp-components.com\/wp-content\/uploads\/2024\/12\/Adjustable-Clevis-Type-Cylinders-6.webp\" alt=\"S\u00e4\u00e4dett\u00e4v\u00e4 haarukkatyyppinen sylinteri\" width=\"834\" title=\"\"><\/p>\n<h2>Usein kysytyt kysymykset<\/h2>\n<h3>Oletko kauppayhti\u00f6 vai valmistaja?<\/h3>\n<p>Olemme valmistaja, jolla on oma tehdas.<\/p>\n<h3>Kuinka pitk\u00e4 on toimitusaikanne?<\/h3>\n<p>Toimitusaikamme on yleens\u00e4 25-35 p\u00e4iv\u00e4\u00e4.<\/p>\n<h3>Tarjoatteko n\u00e4ytteit\u00e4? Onko se ilmaista vai lis\u00e4maksusta?<\/h3>\n<p>Vaikka tarjoammekin n\u00e4ytteit\u00e4, ne eiv\u00e4t ole ilmaisia.<\/p>\n<p><img decoding=\"async\" title=\"Lumiauran hydraulisylinteri\" src=\"https:\/\/hzpt.com\/wp-content\/uploads\/2023\/11\/Snow-Plow-Hydraulic-Cylinder-1.webp\" alt=\"Lumiauran hydraulisylinteri\" \/><\/p>\n<p>Tekij\u00e4: CX<\/p>","protected":false},"excerpt":{"rendered":"<p>Guaranteed Quality Small Hydraulic Cylinder Double Effect Hydraulic Cylinder For Snow PlowIntroducing the Guaranteed Quality Small Hydraulic Cylinder Double Effect Hydraulic Cylinder for Snow Plow! Designed with precision and quality in mind, this hydraulic cylinder is the perfect addition to any snow plow. Its double effect capability means increased efficiency and power, making it easier [&hellip;]<\/p>","protected":false},"featured_media":1513,"comment_status":"closed","ping_status":"closed","template":"","meta":{"_et_pb_use_builder":"","_et_pb_old_content":"","_et_gb_content_width":""},"product_brand":[],"product_cat":[42],"product_tag":[34,44],"class_list":{"0":"post-1512","1":"product","2":"type-product","3":"status-publish","4":"has-post-thumbnail","6":"product_cat-snow-plow-hydraulic-cylinder","7":"product_tag-hydraulic-cylinder","8":"product_tag-snow-plow-hydraulic-cylinder","10":"first","11":"instock","12":"product-type-simple"},"_links":{"self":[{"href":"https:\/\/fmp-components.com\/fi\/wp-json\/wp\/v2\/product\/1512","targetHints":{"allow":["GET"]}}],"collection":[{"href":"https:\/\/fmp-components.com\/fi\/wp-json\/wp\/v2\/product"}],"about":[{"href":"https:\/\/fmp-components.com\/fi\/wp-json\/wp\/v2\/types\/product"}],"replies":[{"embeddable":true,"href":"https:\/\/fmp-components.com\/fi\/wp-json\/wp\/v2\/comments?post=1512"}],"wp:featuredmedia":[{"embeddable":true,"href":"https:\/\/fmp-components.com\/fi\/wp-json\/wp\/v2\/media\/1513"}],"wp:attachment":[{"href":"https:\/\/fmp-components.com\/fi\/wp-json\/wp\/v2\/media?parent=1512"}],"wp:term":[{"taxonomy":"product_brand","embeddable":true,"href":"https:\/\/fmp-components.com\/fi\/wp-json\/wp\/v2\/product_brand?post=1512"},{"taxonomy":"product_cat","embeddable":true,"href":"https:\/\/fmp-components.com\/fi\/wp-json\/wp\/v2\/product_cat?post=1512"},{"taxonomy":"product_tag","embeddable":true,"href":"https:\/\/fmp-components.com\/fi\/wp-json\/wp\/v2\/product_tag?post=1512"}],"curies":[{"name":"wp","href":"https:\/\/api.w.org\/{rel}","templated":true}]}}